{"id":10136,"date":"2026-01-22T08:49:47","date_gmt":"2026-01-22T08:49:47","guid":{"rendered":"https:\/\/adcelectronique.com\/?post_type=product&#038;p=10136"},"modified":"2026-02-08T14:55:37","modified_gmt":"2026-02-08T14:55:37","slug":"oscilloscope-utd-2202-cex","status":"publish","type":"product","link":"https:\/\/adcelectronique.com\/index.php\/product\/oscilloscope-utd-2202-cex\/","title":{"rendered":"OSCILLOSCOPE UTD 2202 CEX"},"content":{"rendered":"<h1 style=\"padding-left: 320px\"><span style=\"color: #ff6600\">\u00a0 \u00a0 \u00a0 \u00a0UTD2202CEX+<\/span><\/h1>\n<h2 class=\"details-title\">D\u00e9tails<\/h2>\n<div class=\"std\">\n<p>L&rsquo;UNI-T UTD2102CEX est un oscilloscope 2 voies avec un rapport qualit\u00e9-prix exceptionnel. L&rsquo;oscilloscope dispose d&rsquo;une bande passante \u00e9lev\u00e9e de 100 MHz et d&rsquo;un taux d&rsquo;\u00e9chantillonnage important de 1 GSA\/s. Ce qui rend l&rsquo;UTD2102CEX si sp\u00e9cial, c&rsquo;est que la profondeur de m\u00e9moire est assez \u00e9lev\u00e9e par rapport \u00e0 ses concurrents (par exemple l&rsquo;Owon SDS1102). En outre, une interface USB est disponible pour le stockage des signaux et des mesures.<\/p>\n<\/div>\n<p><img decoding=\"async\" class=\"aligncenter size-full wp-image-1663\" src=\"https:\/\/tycom.wowi5.co.za\/wp-content\/uploads\/2019\/09\/logo-product-uni-t.png\" alt=\"\" width=\"342\" height=\"130\" \/><\/p>\n<ol>\n<li style=\"list-style-type: none\">\n<ol>\n<li>Channels: 2<\/li>\n<li>Bandwidth: 200 MHz<\/li>\n<li>Sample Rate: 1GS\/s<\/li>\n<li>Rise Time: 7ns<\/li>\n<li>Memory Depth: 64kpts<\/li>\n<li>Waveform Acquisition Rate: 5000 wfms\/s<\/li>\n<li>Vertical Sensitivity: 1mV ~ 20V<\/li>\n<li>Time-Based Range: 2ns\/div ~ 50s<\/li>\n<li>Storage: Setup, Wave, Bitmap<\/li>\n<li>Trigger Modes: Edge, Pulse, Alternate<\/li>\n<\/ol>\n<\/li>\n<\/ol>\n<p>&nbsp;<\/p>\n<table style=\"height: 218px\" width=\"697\" data-processed=\"true\">\n<tbody data-processed=\"true\">\n<tr data-processed=\"true\">\n<td data-processed=\"true\"><span data-processed=\"true\">200MHz<\/span><br data-processed=\"true\" \/><span data-processed=\"true\">Bandwidth<\/span><\/td>\n<td data-processed=\"true\"><span data-processed=\"true\">2Ch<\/span><br data-processed=\"true\" \/><span data-processed=\"true\">Channels<\/span><\/td>\n<\/tr>\n<tr data-processed=\"true\">\n<td data-processed=\"true\"><span data-processed=\"true\">1.0GSa\/s<\/span><br data-processed=\"true\" \/><span data-processed=\"true\">Sample Rate<\/span><\/td>\n<td data-processed=\"true\"><span data-processed=\"true\">64kpts<\/span><br data-processed=\"true\" \/><span data-processed=\"true\">Max. Memory Depth<\/span><\/td>\n<\/tr>\n<tr data-processed=\"true\">\n<td data-processed=\"true\"><span data-processed=\"true\">5,000wfms\/s<\/span><br data-processed=\"true\" \/><span data-processed=\"true\">Waveform Capture Rate<\/span><\/td>\n<td data-processed=\"true\"><span data-processed=\"true\">Not Available<\/span><br data-processed=\"true\" \/><span data-processed=\"true\">Digital Channels<\/span><\/td>\n<\/tr>\n<\/tbody>\n<\/table>\n","protected":false},"excerpt":{"rendered":"<p>L&rsquo;UNI-T UTD2102CEX est un oscilloscope 2 voies avec un rapport qualit\u00e9-prix exceptionnel. L&rsquo;oscilloscope dispose d&rsquo;une bande passante \u00e9lev\u00e9e de 100 MHz et d&rsquo;un taux d&rsquo;\u00e9chantillonnage important de 1 GSA\/s. Ce qui rend l&rsquo;UTD2102CEX si sp\u00e9cial, c&rsquo;est que la profondeur de m\u00e9moire est assez \u00e9lev\u00e9e par rapport \u00e0 ses concurrents (par exemple l&rsquo;Owon SDS1102). En outre, une interface USB est disponible pour le stockage des signaux et des mesures.<\/p>\n","protected":false},"featured_media":10137,"comment_status":"open","ping_status":"closed","template":"","meta":[],"product_brand":[123],"product_cat":[118,124],"product_tag":[],"class_list":{"0":"post-10136","1":"product","2":"type-product","3":"status-publish","4":"has-post-thumbnail","6":"product_brand-uni-t","7":"product_cat-multimetre","8":"product_cat-oscilloscope","10":"first","11":"instock","12":"shipping-taxable","13":"purchasable","14":"product-type-simple"},"yoast_head":"<!-- This site is optimized with the Yoast SEO Premium plugin v26.2 (Yoast SEO v26.2) - https:\/\/yoast.com\/wordpress\/plugins\/seo\/ -->\n<title>OSCILLOSCOPE UTD 2202 CEX - ADC Electronique<\/title>\n<meta name=\"description\" content=\"L&#039;UNI-T UTD2102CEX est un oscilloscope 2 voies avec un rapport qualit\u00e9-prix exceptionnel. L&#039;oscilloscope dispose d&#039;une bande passante \u00e9lev\u00e9e de 100 MHz et d&#039;un taux d&#039;\u00e9chantillonnage important de 1 GSA\/s. Ce qui rend l&#039;UTD2102CEX si sp\u00e9cial, c&#039;est que la profondeur de m\u00e9moire est assez \u00e9lev\u00e9e par rapport \u00e0 ses concurrents (par exemple l&#039;Owon SDS1102). En outre, une interface USB est disponible pour le stockage des signaux et des mesures.\" \/>\n<meta name=\"robots\" content=\"index, follow, max-snippet:-1, max-image-preview:large, max-video-preview:-1\" \/>\n<link rel=\"canonical\" href=\"https:\/\/adcelectronique.com\/index.php\/product\/oscilloscope-utd-2202-cex\/\" \/>\n<meta property=\"og:locale\" content=\"fr_FR\" \/>\n<meta property=\"og:type\" content=\"article\" \/>\n<meta property=\"og:title\" content=\"OSCILLOSCOPE UTD 2202 CEX\" \/>\n<meta property=\"og:description\" content=\"L&#039;UNI-T UTD2102CEX est un oscilloscope 2 voies avec un rapport qualit\u00e9-prix exceptionnel. L&#039;oscilloscope dispose d&#039;une bande passante \u00e9lev\u00e9e de 100 MHz et d&#039;un taux d&#039;\u00e9chantillonnage important de 1 GSA\/s. Ce qui rend l&#039;UTD2102CEX si sp\u00e9cial, c&#039;est que la profondeur de m\u00e9moire est assez \u00e9lev\u00e9e par rapport \u00e0 ses concurrents (par exemple l&#039;Owon SDS1102). En outre, une interface USB est disponible pour le stockage des signaux et des mesures.\" \/>\n<meta property=\"og:url\" content=\"https:\/\/adcelectronique.com\/index.php\/product\/oscilloscope-utd-2202-cex\/\" \/>\n<meta property=\"og:site_name\" content=\"ADC Electronique\" \/>\n<meta property=\"article:modified_time\" content=\"2026-02-08T14:55:37+00:00\" \/>\n<meta property=\"og:image\" content=\"https:\/\/adcelectronique.com\/wp-content\/uploads\/2026\/01\/image_2026-01-22_093811648.png\" \/>\n\t<meta property=\"og:image:width\" content=\"722\" \/>\n\t<meta property=\"og:image:height\" content=\"722\" \/>\n\t<meta property=\"og:image:type\" content=\"image\/png\" \/>\n<meta name=\"twitter:card\" content=\"summary_large_image\" \/>\n<meta name=\"twitter:label1\" content=\"Dur\u00e9e de lecture estim\u00e9e\" \/>\n\t<meta name=\"twitter:data1\" content=\"2 minutes\" \/>\n<script type=\"application\/ld+json\" class=\"yoast-schema-graph\">{\"@context\":\"https:\/\/schema.org\",\"@graph\":[{\"@type\":\"WebPage\",\"@id\":\"https:\/\/adcelectronique.com\/index.php\/product\/oscilloscope-utd-2202-cex\/\",\"url\":\"https:\/\/adcelectronique.com\/index.php\/product\/oscilloscope-utd-2202-cex\/\",\"name\":\"OSCILLOSCOPE UTD 2202 CEX - ADC Electronique\",\"isPartOf\":{\"@id\":\"https:\/\/adcelectronique.com\/#website\"},\"primaryImageOfPage\":{\"@id\":\"https:\/\/adcelectronique.com\/index.php\/product\/oscilloscope-utd-2202-cex\/#primaryimage\"},\"image\":{\"@id\":\"https:\/\/adcelectronique.com\/index.php\/product\/oscilloscope-utd-2202-cex\/#primaryimage\"},\"thumbnailUrl\":\"https:\/\/adcelectronique.com\/wp-content\/uploads\/2026\/01\/image_2026-01-22_093811648.png\",\"datePublished\":\"2026-01-22T08:49:47+00:00\",\"dateModified\":\"2026-02-08T14:55:37+00:00\",\"description\":\"L'UNI-T UTD2102CEX est un oscilloscope 2 voies avec un rapport qualit\u00e9-prix exceptionnel. L'oscilloscope dispose d'une bande passante \u00e9lev\u00e9e de 100 MHz et d'un taux d'\u00e9chantillonnage important de 1 GSA\/s. Ce qui rend l'UTD2102CEX si sp\u00e9cial, c'est que la profondeur de m\u00e9moire est assez \u00e9lev\u00e9e par rapport \u00e0 ses concurrents (par exemple l'Owon SDS1102). En outre, une interface USB est disponible pour le stockage des signaux et des mesures.\",\"breadcrumb\":{\"@id\":\"https:\/\/adcelectronique.com\/index.php\/product\/oscilloscope-utd-2202-cex\/#breadcrumb\"},\"inLanguage\":\"fr-FR\",\"potentialAction\":[{\"@type\":\"ReadAction\",\"target\":[\"https:\/\/adcelectronique.com\/index.php\/product\/oscilloscope-utd-2202-cex\/\"]}]},{\"@type\":\"ImageObject\",\"inLanguage\":\"fr-FR\",\"@id\":\"https:\/\/adcelectronique.com\/index.php\/product\/oscilloscope-utd-2202-cex\/#primaryimage\",\"url\":\"https:\/\/adcelectronique.com\/wp-content\/uploads\/2026\/01\/image_2026-01-22_093811648.png\",\"contentUrl\":\"https:\/\/adcelectronique.com\/wp-content\/uploads\/2026\/01\/image_2026-01-22_093811648.png\",\"width\":722,\"height\":722},{\"@type\":\"BreadcrumbList\",\"@id\":\"https:\/\/adcelectronique.com\/index.php\/product\/oscilloscope-utd-2202-cex\/#breadcrumb\",\"itemListElement\":[{\"@type\":\"ListItem\",\"position\":1,\"name\":\"Home\",\"item\":\"https:\/\/adcelectronique.com\/\"},{\"@type\":\"ListItem\",\"position\":2,\"name\":\"Shop\",\"item\":\"https:\/\/adcelectronique.com\/index.php\/shop\/\"},{\"@type\":\"ListItem\",\"position\":3,\"name\":\"OSCILLOSCOPE UTD 2202 CEX\"}]},{\"@type\":\"WebSite\",\"@id\":\"https:\/\/adcelectronique.com\/#website\",\"url\":\"https:\/\/adcelectronique.com\/\",\"name\":\"ADC Electronique\",\"description\":\"\",\"potentialAction\":[{\"@type\":\"SearchAction\",\"target\":{\"@type\":\"EntryPoint\",\"urlTemplate\":\"https:\/\/adcelectronique.com\/?s={search_term_string}\"},\"query-input\":{\"@type\":\"PropertyValueSpecification\",\"valueRequired\":true,\"valueName\":\"search_term_string\"}}],\"inLanguage\":\"fr-FR\"}]}<\/script>\n<!-- \/ Yoast SEO Premium plugin. -->","yoast_head_json":{"title":"OSCILLOSCOPE UTD 2202 CEX - ADC Electronique","description":"L'UNI-T UTD2102CEX est un oscilloscope 2 voies avec un rapport qualit\u00e9-prix exceptionnel. L'oscilloscope dispose d'une bande passante \u00e9lev\u00e9e de 100 MHz et d'un taux d'\u00e9chantillonnage important de 1 GSA\/s. Ce qui rend l'UTD2102CEX si sp\u00e9cial, c'est que la profondeur de m\u00e9moire est assez \u00e9lev\u00e9e par rapport \u00e0 ses concurrents (par exemple l'Owon SDS1102). En outre, une interface USB est disponible pour le stockage des signaux et des mesures.","robots":{"index":"index","follow":"follow","max-snippet":"max-snippet:-1","max-image-preview":"max-image-preview:large","max-video-preview":"max-video-preview:-1"},"canonical":"https:\/\/adcelectronique.com\/index.php\/product\/oscilloscope-utd-2202-cex\/","og_locale":"fr_FR","og_type":"article","og_title":"OSCILLOSCOPE UTD 2202 CEX","og_description":"L'UNI-T UTD2102CEX est un oscilloscope 2 voies avec un rapport qualit\u00e9-prix exceptionnel. L'oscilloscope dispose d'une bande passante \u00e9lev\u00e9e de 100 MHz et d'un taux d'\u00e9chantillonnage important de 1 GSA\/s. Ce qui rend l'UTD2102CEX si sp\u00e9cial, c'est que la profondeur de m\u00e9moire est assez \u00e9lev\u00e9e par rapport \u00e0 ses concurrents (par exemple l'Owon SDS1102). En outre, une interface USB est disponible pour le stockage des signaux et des mesures.","og_url":"https:\/\/adcelectronique.com\/index.php\/product\/oscilloscope-utd-2202-cex\/","og_site_name":"ADC Electronique","article_modified_time":"2026-02-08T14:55:37+00:00","og_image":[{"width":722,"height":722,"url":"https:\/\/adcelectronique.com\/wp-content\/uploads\/2026\/01\/image_2026-01-22_093811648.png","type":"image\/png"}],"twitter_card":"summary_large_image","twitter_misc":{"Dur\u00e9e de lecture estim\u00e9e":"2 minutes"},"schema":{"@context":"https:\/\/schema.org","@graph":[{"@type":"WebPage","@id":"https:\/\/adcelectronique.com\/index.php\/product\/oscilloscope-utd-2202-cex\/","url":"https:\/\/adcelectronique.com\/index.php\/product\/oscilloscope-utd-2202-cex\/","name":"OSCILLOSCOPE UTD 2202 CEX - ADC Electronique","isPartOf":{"@id":"https:\/\/adcelectronique.com\/#website"},"primaryImageOfPage":{"@id":"https:\/\/adcelectronique.com\/index.php\/product\/oscilloscope-utd-2202-cex\/#primaryimage"},"image":{"@id":"https:\/\/adcelectronique.com\/index.php\/product\/oscilloscope-utd-2202-cex\/#primaryimage"},"thumbnailUrl":"https:\/\/adcelectronique.com\/wp-content\/uploads\/2026\/01\/image_2026-01-22_093811648.png","datePublished":"2026-01-22T08:49:47+00:00","dateModified":"2026-02-08T14:55:37+00:00","description":"L'UNI-T UTD2102CEX est un oscilloscope 2 voies avec un rapport qualit\u00e9-prix exceptionnel. L'oscilloscope dispose d'une bande passante \u00e9lev\u00e9e de 100 MHz et d'un taux d'\u00e9chantillonnage important de 1 GSA\/s. Ce qui rend l'UTD2102CEX si sp\u00e9cial, c'est que la profondeur de m\u00e9moire est assez \u00e9lev\u00e9e par rapport \u00e0 ses concurrents (par exemple l'Owon SDS1102). En outre, une interface USB est disponible pour le stockage des signaux et des mesures.","breadcrumb":{"@id":"https:\/\/adcelectronique.com\/index.php\/product\/oscilloscope-utd-2202-cex\/#breadcrumb"},"inLanguage":"fr-FR","potentialAction":[{"@type":"ReadAction","target":["https:\/\/adcelectronique.com\/index.php\/product\/oscilloscope-utd-2202-cex\/"]}]},{"@type":"ImageObject","inLanguage":"fr-FR","@id":"https:\/\/adcelectronique.com\/index.php\/product\/oscilloscope-utd-2202-cex\/#primaryimage","url":"https:\/\/adcelectronique.com\/wp-content\/uploads\/2026\/01\/image_2026-01-22_093811648.png","contentUrl":"https:\/\/adcelectronique.com\/wp-content\/uploads\/2026\/01\/image_2026-01-22_093811648.png","width":722,"height":722},{"@type":"BreadcrumbList","@id":"https:\/\/adcelectronique.com\/index.php\/product\/oscilloscope-utd-2202-cex\/#breadcrumb","itemListElement":[{"@type":"ListItem","position":1,"name":"Home","item":"https:\/\/adcelectronique.com\/"},{"@type":"ListItem","position":2,"name":"Shop","item":"https:\/\/adcelectronique.com\/index.php\/shop\/"},{"@type":"ListItem","position":3,"name":"OSCILLOSCOPE UTD 2202 CEX"}]},{"@type":"WebSite","@id":"https:\/\/adcelectronique.com\/#website","url":"https:\/\/adcelectronique.com\/","name":"ADC Electronique","description":"","potentialAction":[{"@type":"SearchAction","target":{"@type":"EntryPoint","urlTemplate":"https:\/\/adcelectronique.com\/?s={search_term_string}"},"query-input":{"@type":"PropertyValueSpecification","valueRequired":true,"valueName":"search_term_string"}}],"inLanguage":"fr-FR"}]}},"_links":{"self":[{"href":"https:\/\/adcelectronique.com\/index.php\/wp-json\/wp\/v2\/product\/10136","targetHints":{"allow":["GET"]}}],"collection":[{"href":"https:\/\/adcelectronique.com\/index.php\/wp-json\/wp\/v2\/product"}],"about":[{"href":"https:\/\/adcelectronique.com\/index.php\/wp-json\/wp\/v2\/types\/product"}],"replies":[{"embeddable":true,"href":"https:\/\/adcelectronique.com\/index.php\/wp-json\/wp\/v2\/comments?post=10136"}],"version-history":[{"count":0,"href":"https:\/\/adcelectronique.com\/index.php\/wp-json\/wp\/v2\/product\/10136\/revisions"}],"wp:featuredmedia":[{"embeddable":true,"href":"https:\/\/adcelectronique.com\/index.php\/wp-json\/wp\/v2\/media\/10137"}],"wp:attachment":[{"href":"https:\/\/adcelectronique.com\/index.php\/wp-json\/wp\/v2\/media?parent=10136"}],"wp:term":[{"taxonomy":"product_brand","embeddable":true,"href":"https:\/\/adcelectronique.com\/index.php\/wp-json\/wp\/v2\/product_brand?post=10136"},{"taxonomy":"product_cat","embeddable":true,"href":"https:\/\/adcelectronique.com\/index.php\/wp-json\/wp\/v2\/product_cat?post=10136"},{"taxonomy":"product_tag","embeddable":true,"href":"https:\/\/adcelectronique.com\/index.php\/wp-json\/wp\/v2\/product_tag?post=10136"}],"curies":[{"name":"wp","href":"https:\/\/api.w.org\/{rel}","templated":true}]}}