{"id":10166,"date":"2026-01-22T09:59:54","date_gmt":"2026-01-22T09:59:54","guid":{"rendered":"https:\/\/adcelectronique.com\/?post_type=product&#038;p=10166"},"modified":"2026-01-22T09:59:55","modified_gmt":"2026-01-22T09:59:55","slug":"alimentation-stabilisee-eventek-kps3010-30v-10a","status":"publish","type":"product","link":"https:\/\/adcelectronique.com\/index.php\/product\/alimentation-stabilisee-eventek-kps3010-30v-10a\/","title":{"rendered":"ALIMENTATION STABILISEE Eventek KPS3010 30V 10A"},"content":{"rendered":"<h1><\/h1>\n<h1>\u00a0 \u00a0 \u00a0<span style=\"color: #ff6600\">ALIMENTATION STABILISEE Eventek KPS3010 30V 10A<\/span><\/h1>\n<h1 class=\"productDetail-tileName heading3\">Alimentation STABILISEE (0-30 V 0-10 A), OUBEL Alimentation Stabilis\u00e9e DC R\u00e9glable Num\u00e9rique \u00e0 Commutation avec Affichage LED \u00e0 4 Chiffres\/Cordon d&rsquo;alimentation EU \uff08KPS3010P<\/h1>\n<div class=\"section-title section-des\">\n<h2 id=\"s0-23-25-26-19-1-94[1]-2-3-7[0]-5[0]-3[0]-11[1]-1-5-title\" class=\"section-title__title\">D\u00e9tails du produit<\/h2>\n<\/div>\n<div class=\"panel-body\">\n<ul class=\"sectionpaenlbady\">\n<li><span class=\"a-list-item\">\u2714 \u3010Alimentation Laboratoire R\u00e9glable\u3011 0-30 volts et sortie 0-10 amp\u00e8res; Transfert automatique de la virgule d\u00e9cimale et affichage LED \u00e0 4 chiffres des affichages de fonction de tension Pr\u00e9cision d&rsquo;affichage: 0,01 V et 0,001A. Lecture plus claire et visible de la valeur de tension et de courant, extr\u00eamement durable et facilement visible m\u00eame dans des conditions de faible luminosit\u00e9.<\/span><\/li>\n<li><span class=\"a-list-item\">\u2714 \u3010Tension et Courant Constants\u3011 Conversion automatique entre les modes C.C et C.V, qui peut produire une tension ou un courant de mani\u00e8re stable; Adoptez la derni\u00e8re coque en mat\u00e9riau ignifuge, l\u00e9ger et haute performance, tout en maximisant la r\u00e9sistance aux chocs pour assurer la s\u00e9curit\u00e9.<\/span><\/li>\n<li><span class=\"a-list-item\">\u2714 \u3010Excellente Dissipation Thermique\u3011 La fonction de r\u00e9glage de la temp\u00e9rature intelligente avec capteur thermique int\u00e9gr\u00e9 peut r\u00e9duire efficacement la temp\u00e9rature pendant le fonctionnement, r\u00e9duire efficacement le bruit et am\u00e9liorer consid\u00e9rablement son efficacit\u00e9 de travail et sa dur\u00e9e de vie!<\/span><\/li>\n<li><span class=\"a-list-item\">\u2714 \u3010Cinq Fonctions de Protection\u3011 La s\u00e9curit\u00e9 est notre priorit\u00e9. alimentation de laboratoire est durable et compacte.Plusieurs protections incluent la protection contre le courant limite, la protection thermique, la protection contre les surcharges de tension, la protection contre les courts-circuits, la surcharge.<\/span><\/li>\n<li><span class=\"a-list-item\">\u2714 \u3010Large Applicabilit\u00e9\u3011 OUBEL les alimentation laboratoire sont certifi\u00e9s FCC et conviennent aux centres de r\u00e9paration, ateliers et laboratoires scolaires. Vous offre une garantie limit\u00e9e de 24 mois. Si vous avez des questions apr\u00e8s-vente, Veuillez nous contacter<\/span><\/li>\n<\/ul>\n<\/div>\n","protected":false},"excerpt":{"rendered":"<div class=\"section-title section-des\">\n<h2 id=\"s0-23-25-26-19-1-94[1]-2-3-7[0]-5[0]-3[0]-11[1]-1-5-title\" class=\"section-title__title\">D\u00e9tails du produit<\/h2>\n<\/div>\n<div class=\"panel-body\">\n<ul class=\"sectionpaenlbady\">\n<li><span class=\"a-list-item\">\u2714 \u3010Alimentation Laboratoire R\u00e9glable\u3011 0-30 volts et sortie 0-10 amp\u00e8res; Transfert automatique de la virgule d\u00e9cimale et affichage LED \u00e0 4 chiffres des affichages de fonction de tension Pr\u00e9cision d&rsquo;affichage: 0,01 V et 0,001A. Lecture plus claire et visible de la valeur de tension et de courant, extr\u00eamement durable et facilement visible m\u00eame dans des conditions de faible luminosit\u00e9.<\/span><\/li>\n<li><span class=\"a-list-item\">\u2714 \u3010Tension et Courant Constants\u3011 Conversion automatique entre les modes C.C et C.V, qui peut produire une tension ou un courant de mani\u00e8re stable; Adoptez la derni\u00e8re coque en mat\u00e9riau ignifuge, l\u00e9ger et haute performance, tout en maximisant la r\u00e9sistance aux chocs pour assurer la s\u00e9curit\u00e9.<\/span><\/li>\n<li><span class=\"a-list-item\">\u2714 \u3010Excellente Dissipation Thermique\u3011 La fonction de r\u00e9glage de la temp\u00e9rature intelligente avec capteur thermique int\u00e9gr\u00e9 peut r\u00e9duire efficacement la temp\u00e9rature pendant le fonctionnement, r\u00e9duire efficacement le bruit et am\u00e9liorer consid\u00e9rablement son efficacit\u00e9 de travail et sa dur\u00e9e de vie!<\/span><\/li>\n<li><span class=\"a-list-item\">\u2714 \u3010Cinq Fonctions de Protection\u3011 La s\u00e9curit\u00e9 est notre priorit\u00e9. alimentation de laboratoire est durable et compacte.Plusieurs protections incluent la protection contre le courant limite, la protection thermique, la protection contre les surcharges de tension, la protection contre les courts-circuits, la surcharge.<\/span><\/li>\n<li><span class=\"a-list-item\">\u2714 \u3010Large Applicabilit\u00e9\u3011 OUBEL les alimentation laboratoire sont certifi\u00e9s FCC et conviennent aux centres de r\u00e9paration, ateliers et laboratoires scolaires. Vous offre une garantie limit\u00e9e de 24 mois. Si vous avez des questions apr\u00e8s-vente, Veuillez nous contacter<\/span><\/li>\n<\/ul>\n<\/div>\n","protected":false},"featured_media":10161,"comment_status":"open","ping_status":"closed","template":"","meta":[],"product_brand":[126],"product_cat":[125],"product_tag":[],"class_list":{"0":"post-10166","1":"product","2":"type-product","3":"status-publish","4":"has-post-thumbnail","6":"product_brand-wanptek","7":"product_cat-alimentation-stabilisee","9":"first","10":"instock","11":"shipping-taxable","12":"purchasable","13":"product-type-simple"},"yoast_head":"<!-- This site is optimized with the Yoast SEO Premium plugin v26.2 (Yoast SEO v26.2) - https:\/\/yoast.com\/wordpress\/plugins\/seo\/ -->\n<title>ALIMENTATION STABILISEE Eventek KPS3010 30V 10A - ADC Electronique<\/title>\n<meta name=\"description\" content=\"D\u00e9tails du produit\u2714 \u3010Alimentation Laboratoire R\u00e9glable\u3011 0-30 volts et sortie 0-10 amp\u00e8res; Transfert automatique de la virgule d\u00e9cimale et affichage LED \u00e0 4 chiffres des affichages de fonction de tension Pr\u00e9cision d&#039;affichage: 0,01 V et 0,001A. Lecture plus claire et visible de la valeur de tension et de courant, extr\u00eamement durable et facilement visible m\u00eame dans des conditions de faible luminosit\u00e9.\u2714 \u3010Tension et Courant Constants\u3011 Conversion automatique entre les modes C.C et C.V, qui peut produire une tension ou un courant de mani\u00e8re stable; Adoptez la derni\u00e8re coque en mat\u00e9riau ignifuge, l\u00e9ger et haute performance, tout en maximisant la r\u00e9sistance aux chocs pour assurer la s\u00e9curit\u00e9.\u2714 \u3010Excellente Dissipation Thermique\u3011 La fonction de r\u00e9glage de la temp\u00e9rature intelligente avec capteur thermique int\u00e9gr\u00e9 peut r\u00e9duire efficacement la temp\u00e9rature pendant le fonctionnement, r\u00e9duire efficacement le bruit et am\u00e9liorer consid\u00e9rablement son efficacit\u00e9 de travail et sa dur\u00e9e de vie!\u2714 \u3010Cinq Fonctions de Protection\u3011 La s\u00e9curit\u00e9 est notre priorit\u00e9. alimentation de laboratoire est durable et compacte.Plusieurs protections incluent la protection contre le courant limite, la protection thermique, la protection contre les surcharges de tension, la protection contre les courts-circuits, la surcharge.\u2714 \u3010Large Applicabilit\u00e9\u3011 OUBEL les alimentation laboratoire sont certifi\u00e9s FCC et conviennent aux centres de r\u00e9paration, ateliers et laboratoires scolaires. Vous offre une garantie limit\u00e9e de 24 mois. Si vous avez des questions apr\u00e8s-vente, Veuillez nous contacter\" \/>\n<meta name=\"robots\" content=\"index, follow, max-snippet:-1, max-image-preview:large, max-video-preview:-1\" \/>\n<link rel=\"canonical\" href=\"https:\/\/adcelectronique.com\/index.php\/product\/alimentation-stabilisee-eventek-kps3010-30v-10a\/\" \/>\n<meta property=\"og:locale\" content=\"fr_FR\" \/>\n<meta property=\"og:type\" content=\"article\" \/>\n<meta property=\"og:title\" content=\"ALIMENTATION STABILISEE Eventek KPS3010 30V 10A\" \/>\n<meta property=\"og:description\" content=\"D\u00e9tails du produit\u2714 \u3010Alimentation Laboratoire R\u00e9glable\u3011 0-30 volts et sortie 0-10 amp\u00e8res; Transfert automatique de la virgule d\u00e9cimale et affichage LED \u00e0 4 chiffres des affichages de fonction de tension Pr\u00e9cision d&#039;affichage: 0,01 V et 0,001A. Lecture plus claire et visible de la valeur de tension et de courant, extr\u00eamement durable et facilement visible m\u00eame dans des conditions de faible luminosit\u00e9.\u2714 \u3010Tension et Courant Constants\u3011 Conversion automatique entre les modes C.C et C.V, qui peut produire une tension ou un courant de mani\u00e8re stable; Adoptez la derni\u00e8re coque en mat\u00e9riau ignifuge, l\u00e9ger et haute performance, tout en maximisant la r\u00e9sistance aux chocs pour assurer la s\u00e9curit\u00e9.\u2714 \u3010Excellente Dissipation Thermique\u3011 La fonction de r\u00e9glage de la temp\u00e9rature intelligente avec capteur thermique int\u00e9gr\u00e9 peut r\u00e9duire efficacement la temp\u00e9rature pendant le fonctionnement, r\u00e9duire efficacement le bruit et am\u00e9liorer consid\u00e9rablement son efficacit\u00e9 de travail et sa dur\u00e9e de vie!\u2714 \u3010Cinq Fonctions de Protection\u3011 La s\u00e9curit\u00e9 est notre priorit\u00e9. alimentation de laboratoire est durable et compacte.Plusieurs protections incluent la protection contre le courant limite, la protection thermique, la protection contre les surcharges de tension, la protection contre les courts-circuits, la surcharge.\u2714 \u3010Large Applicabilit\u00e9\u3011 OUBEL les alimentation laboratoire sont certifi\u00e9s FCC et conviennent aux centres de r\u00e9paration, ateliers et laboratoires scolaires. Vous offre une garantie limit\u00e9e de 24 mois. Si vous avez des questions apr\u00e8s-vente, Veuillez nous contacter\" \/>\n<meta property=\"og:url\" content=\"https:\/\/adcelectronique.com\/index.php\/product\/alimentation-stabilisee-eventek-kps3010-30v-10a\/\" \/>\n<meta property=\"og:site_name\" content=\"ADC Electronique\" \/>\n<meta property=\"article:modified_time\" content=\"2026-01-22T09:59:55+00:00\" \/>\n<meta property=\"og:image\" content=\"https:\/\/adcelectronique.com\/wp-content\/uploads\/2026\/01\/0-30v-0-10a-dc-reglable-alimentation-reglable-affichage-numerique-alimentation-de-laboratoire-alimentation-jauges-de-courant-0-10a-kps3010d-P-23102846-131744488_1.jpg\" \/>\n\t<meta property=\"og:image:width\" content=\"470\" \/>\n\t<meta property=\"og:image:height\" content=\"470\" \/>\n\t<meta property=\"og:image:type\" content=\"image\/jpeg\" \/>\n<meta name=\"twitter:card\" content=\"summary_large_image\" \/>\n<meta name=\"twitter:label1\" content=\"Dur\u00e9e de lecture estim\u00e9e\" \/>\n\t<meta name=\"twitter:data1\" content=\"2 minutes\" \/>\n<script type=\"application\/ld+json\" class=\"yoast-schema-graph\">{\"@context\":\"https:\/\/schema.org\",\"@graph\":[{\"@type\":\"WebPage\",\"@id\":\"https:\/\/adcelectronique.com\/index.php\/product\/alimentation-stabilisee-eventek-kps3010-30v-10a\/\",\"url\":\"https:\/\/adcelectronique.com\/index.php\/product\/alimentation-stabilisee-eventek-kps3010-30v-10a\/\",\"name\":\"ALIMENTATION STABILISEE Eventek KPS3010 30V 10A - ADC Electronique\",\"isPartOf\":{\"@id\":\"https:\/\/adcelectronique.com\/#website\"},\"primaryImageOfPage\":{\"@id\":\"https:\/\/adcelectronique.com\/index.php\/product\/alimentation-stabilisee-eventek-kps3010-30v-10a\/#primaryimage\"},\"image\":{\"@id\":\"https:\/\/adcelectronique.com\/index.php\/product\/alimentation-stabilisee-eventek-kps3010-30v-10a\/#primaryimage\"},\"thumbnailUrl\":\"https:\/\/adcelectronique.com\/wp-content\/uploads\/2026\/01\/0-30v-0-10a-dc-reglable-alimentation-reglable-affichage-numerique-alimentation-de-laboratoire-alimentation-jauges-de-courant-0-10a-kps3010d-P-23102846-131744488_1.jpg\",\"datePublished\":\"2026-01-22T09:59:54+00:00\",\"dateModified\":\"2026-01-22T09:59:55+00:00\",\"description\":\"D\u00e9tails du produit\u2714 \u3010Alimentation Laboratoire R\u00e9glable\u3011 0-30 volts et sortie 0-10 amp\u00e8res; Transfert automatique de la virgule d\u00e9cimale et affichage LED \u00e0 4 chiffres des affichages de fonction de tension Pr\u00e9cision d'affichage: 0,01 V et 0,001A. Lecture plus claire et visible de la valeur de tension et de courant, extr\u00eamement durable et facilement visible m\u00eame dans des conditions de faible luminosit\u00e9.\u2714 \u3010Tension et Courant Constants\u3011 Conversion automatique entre les modes C.C et C.V, qui peut produire une tension ou un courant de mani\u00e8re stable; Adoptez la derni\u00e8re coque en mat\u00e9riau ignifuge, l\u00e9ger et haute performance, tout en maximisant la r\u00e9sistance aux chocs pour assurer la s\u00e9curit\u00e9.\u2714 \u3010Excellente Dissipation Thermique\u3011 La fonction de r\u00e9glage de la temp\u00e9rature intelligente avec capteur thermique int\u00e9gr\u00e9 peut r\u00e9duire efficacement la temp\u00e9rature pendant le fonctionnement, r\u00e9duire efficacement le bruit et am\u00e9liorer consid\u00e9rablement son efficacit\u00e9 de travail et sa dur\u00e9e de vie!\u2714 \u3010Cinq Fonctions de Protection\u3011 La s\u00e9curit\u00e9 est notre priorit\u00e9. alimentation de laboratoire est durable et compacte.Plusieurs protections incluent la protection contre le courant limite, la protection thermique, la protection contre les surcharges de tension, la protection contre les courts-circuits, la surcharge.\u2714 \u3010Large Applicabilit\u00e9\u3011 OUBEL les alimentation laboratoire sont certifi\u00e9s FCC et conviennent aux centres de r\u00e9paration, ateliers et laboratoires scolaires. Vous offre une garantie limit\u00e9e de 24 mois. Si vous avez des questions apr\u00e8s-vente, Veuillez nous contacter\",\"breadcrumb\":{\"@id\":\"https:\/\/adcelectronique.com\/index.php\/product\/alimentation-stabilisee-eventek-kps3010-30v-10a\/#breadcrumb\"},\"inLanguage\":\"fr-FR\",\"potentialAction\":[{\"@type\":\"ReadAction\",\"target\":[\"https:\/\/adcelectronique.com\/index.php\/product\/alimentation-stabilisee-eventek-kps3010-30v-10a\/\"]}]},{\"@type\":\"ImageObject\",\"inLanguage\":\"fr-FR\",\"@id\":\"https:\/\/adcelectronique.com\/index.php\/product\/alimentation-stabilisee-eventek-kps3010-30v-10a\/#primaryimage\",\"url\":\"https:\/\/adcelectronique.com\/wp-content\/uploads\/2026\/01\/0-30v-0-10a-dc-reglable-alimentation-reglable-affichage-numerique-alimentation-de-laboratoire-alimentation-jauges-de-courant-0-10a-kps3010d-P-23102846-131744488_1.jpg\",\"contentUrl\":\"https:\/\/adcelectronique.com\/wp-content\/uploads\/2026\/01\/0-30v-0-10a-dc-reglable-alimentation-reglable-affichage-numerique-alimentation-de-laboratoire-alimentation-jauges-de-courant-0-10a-kps3010d-P-23102846-131744488_1.jpg\",\"width\":470,\"height\":470},{\"@type\":\"BreadcrumbList\",\"@id\":\"https:\/\/adcelectronique.com\/index.php\/product\/alimentation-stabilisee-eventek-kps3010-30v-10a\/#breadcrumb\",\"itemListElement\":[{\"@type\":\"ListItem\",\"position\":1,\"name\":\"Home\",\"item\":\"https:\/\/adcelectronique.com\/\"},{\"@type\":\"ListItem\",\"position\":2,\"name\":\"Shop\",\"item\":\"https:\/\/adcelectronique.com\/index.php\/shop\/\"},{\"@type\":\"ListItem\",\"position\":3,\"name\":\"ALIMENTATION STABILISEE Eventek KPS3010 30V 10A\"}]},{\"@type\":\"WebSite\",\"@id\":\"https:\/\/adcelectronique.com\/#website\",\"url\":\"https:\/\/adcelectronique.com\/\",\"name\":\"ADC Electronique\",\"description\":\"\",\"potentialAction\":[{\"@type\":\"SearchAction\",\"target\":{\"@type\":\"EntryPoint\",\"urlTemplate\":\"https:\/\/adcelectronique.com\/?s={search_term_string}\"},\"query-input\":{\"@type\":\"PropertyValueSpecification\",\"valueRequired\":true,\"valueName\":\"search_term_string\"}}],\"inLanguage\":\"fr-FR\"}]}<\/script>\n<!-- \/ Yoast SEO Premium plugin. -->","yoast_head_json":{"title":"ALIMENTATION STABILISEE Eventek KPS3010 30V 10A - ADC Electronique","description":"D\u00e9tails du produit\u2714 \u3010Alimentation Laboratoire R\u00e9glable\u3011 0-30 volts et sortie 0-10 amp\u00e8res; Transfert automatique de la virgule d\u00e9cimale et affichage LED \u00e0 4 chiffres des affichages de fonction de tension Pr\u00e9cision d'affichage: 0,01 V et 0,001A. Lecture plus claire et visible de la valeur de tension et de courant, extr\u00eamement durable et facilement visible m\u00eame dans des conditions de faible luminosit\u00e9.\u2714 \u3010Tension et Courant Constants\u3011 Conversion automatique entre les modes C.C et C.V, qui peut produire une tension ou un courant de mani\u00e8re stable; Adoptez la derni\u00e8re coque en mat\u00e9riau ignifuge, l\u00e9ger et haute performance, tout en maximisant la r\u00e9sistance aux chocs pour assurer la s\u00e9curit\u00e9.\u2714 \u3010Excellente Dissipation Thermique\u3011 La fonction de r\u00e9glage de la temp\u00e9rature intelligente avec capteur thermique int\u00e9gr\u00e9 peut r\u00e9duire efficacement la temp\u00e9rature pendant le fonctionnement, r\u00e9duire efficacement le bruit et am\u00e9liorer consid\u00e9rablement son efficacit\u00e9 de travail et sa dur\u00e9e de vie!\u2714 \u3010Cinq Fonctions de Protection\u3011 La s\u00e9curit\u00e9 est notre priorit\u00e9. alimentation de laboratoire est durable et compacte.Plusieurs protections incluent la protection contre le courant limite, la protection thermique, la protection contre les surcharges de tension, la protection contre les courts-circuits, la surcharge.\u2714 \u3010Large Applicabilit\u00e9\u3011 OUBEL les alimentation laboratoire sont certifi\u00e9s FCC et conviennent aux centres de r\u00e9paration, ateliers et laboratoires scolaires. Vous offre une garantie limit\u00e9e de 24 mois. Si vous avez des questions apr\u00e8s-vente, Veuillez nous contacter","robots":{"index":"index","follow":"follow","max-snippet":"max-snippet:-1","max-image-preview":"max-image-preview:large","max-video-preview":"max-video-preview:-1"},"canonical":"https:\/\/adcelectronique.com\/index.php\/product\/alimentation-stabilisee-eventek-kps3010-30v-10a\/","og_locale":"fr_FR","og_type":"article","og_title":"ALIMENTATION STABILISEE Eventek KPS3010 30V 10A","og_description":"D\u00e9tails du produit\u2714 \u3010Alimentation Laboratoire R\u00e9glable\u3011 0-30 volts et sortie 0-10 amp\u00e8res; Transfert automatique de la virgule d\u00e9cimale et affichage LED \u00e0 4 chiffres des affichages de fonction de tension Pr\u00e9cision d'affichage: 0,01 V et 0,001A. Lecture plus claire et visible de la valeur de tension et de courant, extr\u00eamement durable et facilement visible m\u00eame dans des conditions de faible luminosit\u00e9.\u2714 \u3010Tension et Courant Constants\u3011 Conversion automatique entre les modes C.C et C.V, qui peut produire une tension ou un courant de mani\u00e8re stable; Adoptez la derni\u00e8re coque en mat\u00e9riau ignifuge, l\u00e9ger et haute performance, tout en maximisant la r\u00e9sistance aux chocs pour assurer la s\u00e9curit\u00e9.\u2714 \u3010Excellente Dissipation Thermique\u3011 La fonction de r\u00e9glage de la temp\u00e9rature intelligente avec capteur thermique int\u00e9gr\u00e9 peut r\u00e9duire efficacement la temp\u00e9rature pendant le fonctionnement, r\u00e9duire efficacement le bruit et am\u00e9liorer consid\u00e9rablement son efficacit\u00e9 de travail et sa dur\u00e9e de vie!\u2714 \u3010Cinq Fonctions de Protection\u3011 La s\u00e9curit\u00e9 est notre priorit\u00e9. alimentation de laboratoire est durable et compacte.Plusieurs protections incluent la protection contre le courant limite, la protection thermique, la protection contre les surcharges de tension, la protection contre les courts-circuits, la surcharge.\u2714 \u3010Large Applicabilit\u00e9\u3011 OUBEL les alimentation laboratoire sont certifi\u00e9s FCC et conviennent aux centres de r\u00e9paration, ateliers et laboratoires scolaires. Vous offre une garantie limit\u00e9e de 24 mois. Si vous avez des questions apr\u00e8s-vente, Veuillez nous contacter","og_url":"https:\/\/adcelectronique.com\/index.php\/product\/alimentation-stabilisee-eventek-kps3010-30v-10a\/","og_site_name":"ADC Electronique","article_modified_time":"2026-01-22T09:59:55+00:00","og_image":[{"width":470,"height":470,"url":"https:\/\/adcelectronique.com\/wp-content\/uploads\/2026\/01\/0-30v-0-10a-dc-reglable-alimentation-reglable-affichage-numerique-alimentation-de-laboratoire-alimentation-jauges-de-courant-0-10a-kps3010d-P-23102846-131744488_1.jpg","type":"image\/jpeg"}],"twitter_card":"summary_large_image","twitter_misc":{"Dur\u00e9e de lecture estim\u00e9e":"2 minutes"},"schema":{"@context":"https:\/\/schema.org","@graph":[{"@type":"WebPage","@id":"https:\/\/adcelectronique.com\/index.php\/product\/alimentation-stabilisee-eventek-kps3010-30v-10a\/","url":"https:\/\/adcelectronique.com\/index.php\/product\/alimentation-stabilisee-eventek-kps3010-30v-10a\/","name":"ALIMENTATION STABILISEE Eventek KPS3010 30V 10A - ADC Electronique","isPartOf":{"@id":"https:\/\/adcelectronique.com\/#website"},"primaryImageOfPage":{"@id":"https:\/\/adcelectronique.com\/index.php\/product\/alimentation-stabilisee-eventek-kps3010-30v-10a\/#primaryimage"},"image":{"@id":"https:\/\/adcelectronique.com\/index.php\/product\/alimentation-stabilisee-eventek-kps3010-30v-10a\/#primaryimage"},"thumbnailUrl":"https:\/\/adcelectronique.com\/wp-content\/uploads\/2026\/01\/0-30v-0-10a-dc-reglable-alimentation-reglable-affichage-numerique-alimentation-de-laboratoire-alimentation-jauges-de-courant-0-10a-kps3010d-P-23102846-131744488_1.jpg","datePublished":"2026-01-22T09:59:54+00:00","dateModified":"2026-01-22T09:59:55+00:00","description":"D\u00e9tails du produit\u2714 \u3010Alimentation Laboratoire R\u00e9glable\u3011 0-30 volts et sortie 0-10 amp\u00e8res; Transfert automatique de la virgule d\u00e9cimale et affichage LED \u00e0 4 chiffres des affichages de fonction de tension Pr\u00e9cision d'affichage: 0,01 V et 0,001A. Lecture plus claire et visible de la valeur de tension et de courant, extr\u00eamement durable et facilement visible m\u00eame dans des conditions de faible luminosit\u00e9.\u2714 \u3010Tension et Courant Constants\u3011 Conversion automatique entre les modes C.C et C.V, qui peut produire une tension ou un courant de mani\u00e8re stable; Adoptez la derni\u00e8re coque en mat\u00e9riau ignifuge, l\u00e9ger et haute performance, tout en maximisant la r\u00e9sistance aux chocs pour assurer la s\u00e9curit\u00e9.\u2714 \u3010Excellente Dissipation Thermique\u3011 La fonction de r\u00e9glage de la temp\u00e9rature intelligente avec capteur thermique int\u00e9gr\u00e9 peut r\u00e9duire efficacement la temp\u00e9rature pendant le fonctionnement, r\u00e9duire efficacement le bruit et am\u00e9liorer consid\u00e9rablement son efficacit\u00e9 de travail et sa dur\u00e9e de vie!\u2714 \u3010Cinq Fonctions de Protection\u3011 La s\u00e9curit\u00e9 est notre priorit\u00e9. alimentation de laboratoire est durable et compacte.Plusieurs protections incluent la protection contre le courant limite, la protection thermique, la protection contre les surcharges de tension, la protection contre les courts-circuits, la surcharge.\u2714 \u3010Large Applicabilit\u00e9\u3011 OUBEL les alimentation laboratoire sont certifi\u00e9s FCC et conviennent aux centres de r\u00e9paration, ateliers et laboratoires scolaires. Vous offre une garantie limit\u00e9e de 24 mois. Si vous avez des questions apr\u00e8s-vente, Veuillez nous contacter","breadcrumb":{"@id":"https:\/\/adcelectronique.com\/index.php\/product\/alimentation-stabilisee-eventek-kps3010-30v-10a\/#breadcrumb"},"inLanguage":"fr-FR","potentialAction":[{"@type":"ReadAction","target":["https:\/\/adcelectronique.com\/index.php\/product\/alimentation-stabilisee-eventek-kps3010-30v-10a\/"]}]},{"@type":"ImageObject","inLanguage":"fr-FR","@id":"https:\/\/adcelectronique.com\/index.php\/product\/alimentation-stabilisee-eventek-kps3010-30v-10a\/#primaryimage","url":"https:\/\/adcelectronique.com\/wp-content\/uploads\/2026\/01\/0-30v-0-10a-dc-reglable-alimentation-reglable-affichage-numerique-alimentation-de-laboratoire-alimentation-jauges-de-courant-0-10a-kps3010d-P-23102846-131744488_1.jpg","contentUrl":"https:\/\/adcelectronique.com\/wp-content\/uploads\/2026\/01\/0-30v-0-10a-dc-reglable-alimentation-reglable-affichage-numerique-alimentation-de-laboratoire-alimentation-jauges-de-courant-0-10a-kps3010d-P-23102846-131744488_1.jpg","width":470,"height":470},{"@type":"BreadcrumbList","@id":"https:\/\/adcelectronique.com\/index.php\/product\/alimentation-stabilisee-eventek-kps3010-30v-10a\/#breadcrumb","itemListElement":[{"@type":"ListItem","position":1,"name":"Home","item":"https:\/\/adcelectronique.com\/"},{"@type":"ListItem","position":2,"name":"Shop","item":"https:\/\/adcelectronique.com\/index.php\/shop\/"},{"@type":"ListItem","position":3,"name":"ALIMENTATION STABILISEE Eventek KPS3010 30V 10A"}]},{"@type":"WebSite","@id":"https:\/\/adcelectronique.com\/#website","url":"https:\/\/adcelectronique.com\/","name":"ADC Electronique","description":"","potentialAction":[{"@type":"SearchAction","target":{"@type":"EntryPoint","urlTemplate":"https:\/\/adcelectronique.com\/?s={search_term_string}"},"query-input":{"@type":"PropertyValueSpecification","valueRequired":true,"valueName":"search_term_string"}}],"inLanguage":"fr-FR"}]}},"_links":{"self":[{"href":"https:\/\/adcelectronique.com\/index.php\/wp-json\/wp\/v2\/product\/10166","targetHints":{"allow":["GET"]}}],"collection":[{"href":"https:\/\/adcelectronique.com\/index.php\/wp-json\/wp\/v2\/product"}],"about":[{"href":"https:\/\/adcelectronique.com\/index.php\/wp-json\/wp\/v2\/types\/product"}],"replies":[{"embeddable":true,"href":"https:\/\/adcelectronique.com\/index.php\/wp-json\/wp\/v2\/comments?post=10166"}],"version-history":[{"count":0,"href":"https:\/\/adcelectronique.com\/index.php\/wp-json\/wp\/v2\/product\/10166\/revisions"}],"wp:featuredmedia":[{"embeddable":true,"href":"https:\/\/adcelectronique.com\/index.php\/wp-json\/wp\/v2\/media\/10161"}],"wp:attachment":[{"href":"https:\/\/adcelectronique.com\/index.php\/wp-json\/wp\/v2\/media?parent=10166"}],"wp:term":[{"taxonomy":"product_brand","embeddable":true,"href":"https:\/\/adcelectronique.com\/index.php\/wp-json\/wp\/v2\/product_brand?post=10166"},{"taxonomy":"product_cat","embeddable":true,"href":"https:\/\/adcelectronique.com\/index.php\/wp-json\/wp\/v2\/product_cat?post=10166"},{"taxonomy":"product_tag","embeddable":true,"href":"https:\/\/adcelectronique.com\/index.php\/wp-json\/wp\/v2\/product_tag?post=10166"}],"curies":[{"name":"wp","href":"https:\/\/api.w.org\/{rel}","templated":true}]}}