{"id":10180,"date":"2026-01-22T10:26:56","date_gmt":"2026-01-22T10:26:56","guid":{"rendered":"https:\/\/adcelectronique.com\/?post_type=product&#038;p=10180"},"modified":"2026-01-22T10:26:57","modified_gmt":"2026-01-22T10:26:57","slug":"laser-distence-meter-ut391","status":"publish","type":"product","link":"https:\/\/adcelectronique.com\/index.php\/product\/laser-distence-meter-ut391\/","title":{"rendered":"LASER DISTENCE METER UT391+"},"content":{"rendered":"<p>&nbsp;<\/p>\n<h2 id=\"tw-target-text\" class=\"tw-data-text tw-text-large tw-ta\" dir=\"ltr\" role=\"text\" data-placeholder=\"Traduction\" data-ved=\"2ahUKEwixzs3f9Z6SAxURSvEDHYxUKHcQ3ewLegQIDBAW\" aria-label=\"Texte traduit\u00a0: Description :\n\nLe t\u00e9l\u00e9m\u00e8tre laser UNI-T UT391+ est un instrument de mesure laser multifonctionnel de haute pr\u00e9cision. Il permet de mesurer les distances, les surfaces et les volumes, et utilise \u00e9galement le th\u00e9or\u00e8me de Pythagore pour les mesures indirectes. Portable et fiable, il rend vos mesures plus pr\u00e9cises, plus simples et plus rapides, vous permettant d'obtenir des r\u00e9sultats deux fois meilleurs avec deux fois moins d'efforts.\n\nCe t\u00e9l\u00e9m\u00e8tre laser, qui remplace avantageusement les outils de mesure traditionnels (ruban et r\u00e8gle gradu\u00e9e), est largement utilis\u00e9 dans le secteur de la construction et l'industrie, notamment pour les grandes surfaces telles que les pi\u00e8ces, les appartements, les b\u00e2timents, les propri\u00e9t\u00e9s immobili\u00e8res, les usines, les entrep\u00f4ts, etc. Il est actuellement disponible au Pakistan.\"><span class=\"Y2IQFc\" lang=\"fr\" style=\"color: #ff6600\">\u00a0 \u00a0 \u00a0 \u00a0 \u00a0 \u00a0 \u00a0 \u00a0 \u00a0 \u00a0 \u00a0 \u00a0 \u00a0 \u00a0 \u00a0 \u00a0 \u00a0 \u00a0Le t\u00e9l\u00e9m\u00e8tre laser UNI-T UT391+<\/span><\/h2>\n<p>Description :<\/p>\n<p>Le t\u00e9l\u00e9m\u00e8tre laser UNI-T UT391+ est un instrument de mesure laser multifonctionnel de haute pr\u00e9cision. Il permet de mesurer les distances, les surfaces et les volumes, et utilise \u00e9galement le th\u00e9or\u00e8me de Pythagore pour les mesures indirectes. Portable et fiable, il rend vos mesures plus pr\u00e9cises, plus simples et plus rapides, vous permettant d&rsquo;obtenir des r\u00e9sultats deux fois meilleurs avec deux fois moins d&rsquo;efforts.<\/p>\n<p>&nbsp;<\/p>\n<p>Ce t\u00e9l\u00e9m\u00e8tre laser, qui remplace avantageusement les outils de mesure traditionnels (ruban et r\u00e8gle gradu\u00e9e), est largement utilis\u00e9 dans le secteur de la construction et l&rsquo;industrie, notamment pour les grandes surfaces telles que les pi\u00e8ces, les appartements, les b\u00e2timents, les propri\u00e9t\u00e9s immobili\u00e8res, les usines, les entrep\u00f4ts, etc. Il est actuellement disponible au Pakistan.<\/p>\n<p>Caract\u00e9ristiques :<\/p>\n<p>Haute pr\u00e9cision et large plage de mesure.<\/p>\n<p>Mesure rapide de la distance, de la surface et du volume par simple pression d&rsquo;un bouton.<\/p>\n<p>Mesure indirecte par le th\u00e9or\u00e8me de Pythagore.<\/p>\n<p>Affichage des distances min\/max.<\/p>\n<p>Addition\/soustraction simplifi\u00e9e des mesures.<\/p>\n<p>D\u00e9finition d&rsquo;un rep\u00e8re avant\/arri\u00e8re.<\/p>\n<p>Conversion entre m\u00e8tres (m), pouces (in) et pieds (ft).<\/p>\n<p>Ciblage facile gr\u00e2ce au pointeur laser lumineux.<\/p>\n<p>Grand \u00e9cran LCD r\u00e9tro\u00e9clair\u00e9.<\/p>\n<p>Enregistrement de 30 donn\u00e9es et fonction de rappel.<\/p>\n<p>Niveau \u00e0 bulle int\u00e9gr\u00e9.<\/p>\n<p>Indicateur de niveau de batterie.<\/p>\n<p>Arr\u00eat automatique\/manuel.<\/p>\n<p>Conception compacte et portable, pour une utilisation pratique. Largement utilis\u00e9 dans la construction et l&rsquo;industrie, notamment pour les grandes surfaces telles que les pi\u00e8ces, les appartements, les b\u00e2timents, les biens immobiliers, les usines, les entrep\u00f4ts, etc.<\/p>\n<p>Sp\u00e9cifications\u00a0:<\/p>\n<p>Port\u00e9e de mesure\u00a0: 60\u00a0m \/ 197\u00a0pi<\/p>\n<p>Pr\u00e9cision\u00a0: 2\u00a0mm \/ 0,079\u00a0po<\/p>\n<p>Unit\u00e9 de mesure\u00a0: m \/ po \/ pi<\/p>\n<p>Classe\u00a0: Classe II<\/p>\n<p>Longueur d&rsquo;onde du laser\u00a0: 635\u00a0nm<\/p>\n<p>Puissance de sortie\u00a0: &lt;\u00a01\u00a0mW<\/p>\n<p>Auto-\u00e9talonnage\u00a0: -9\u00a0mm \u00e0 +9\u00a0mm<\/p>\n<p>Arr\u00eat automatique du laser\u00a0: 20\u00a0s<\/p>\n<p>Arr\u00eat automatique de l&rsquo;alimentation\u00a0: 150\u00a0s<\/p>\n<p>Stockage des donn\u00e9es\u00a0: 30\u00a0groupes<\/p>\n<p>Temp\u00e9rature de fonctionnement\u00a0: 0 \u00e0 40\u00a0\u00b0C \/ 32 \u00e0 104\u00a0\u00b0F<\/p>\n<p>Temp\u00e9rature de stockage\u00a0: -20 \u00e0 60\u00a0\u00b0C \/ -4 \u00e0 140\u00a0\u00b0F<\/p>\n<p>Alimentation\u00a0: 2\u00a0piles AAA de 1,5\u00a0V (non fournies)<\/p>\n<p>Dimensions\u00a0: 112\u00a0\u00d7\u00a050\u00a0\u00d7\u00a025\u00a0mm \/ 4,4\u00a0\u00d7\u00a01,97\u00a0\u00d7\u00a01,97\u00a0po 0,98 po (L x l x H)<\/p>\n<p>Poids de l&rsquo;article\u00a0: 85\u00a0g (sans pile)<\/p>\n<p>Dimensions\u00a0: 16,5 x 11 x 6\u00a0cm (L x l x H)<\/p>\n<p>Poids du colis\u00a0: 213\u00a0g<\/p>\n<p>&nbsp;<\/p>\n<p>&nbsp;<\/p>\n","protected":false},"excerpt":{"rendered":"<p>Description :<\/p>\n<p>Le t\u00e9l\u00e9m\u00e8tre laser UNI-T UT391+ est un instrument de mesure laser multifonctionnel de haute pr\u00e9cision. Il permet de mesurer les distances, les surfaces et les volumes, et utilise \u00e9galement le th\u00e9or\u00e8me de Pythagore pour les mesures indirectes. Portable et fiable, il rend vos mesures plus pr\u00e9cises, plus simples et plus rapides, vous permettant d&rsquo;obtenir des r\u00e9sultats deux fois meilleurs avec deux fois moins d&rsquo;efforts.<\/p>\n<p>&nbsp;<\/p>\n","protected":false},"featured_media":10181,"comment_status":"open","ping_status":"closed","template":"","meta":[],"product_brand":[123],"product_cat":[118],"product_tag":[],"class_list":{"0":"post-10180","1":"product","2":"type-product","3":"status-publish","4":"has-post-thumbnail","6":"product_brand-uni-t","7":"product_cat-multimetre","9":"first","10":"instock","11":"shipping-taxable","12":"purchasable","13":"product-type-simple"},"yoast_head":"<!-- This site is optimized with the Yoast SEO Premium plugin v26.2 (Yoast SEO v26.2) - https:\/\/yoast.com\/wordpress\/plugins\/seo\/ -->\n<title>LASER DISTENCE METER UT391+ - ADC Electronique<\/title>\n<meta name=\"description\" content=\"Description :Le t\u00e9l\u00e9m\u00e8tre laser UNI-T UT391+ est un instrument de mesure laser multifonctionnel de haute pr\u00e9cision. Il permet de mesurer les distances, les surfaces et les volumes, et utilise \u00e9galement le th\u00e9or\u00e8me de Pythagore pour les mesures indirectes. Portable et fiable, il rend vos mesures plus pr\u00e9cises, plus simples et plus rapides, vous permettant d&#039;obtenir des r\u00e9sultats deux fois meilleurs avec deux fois moins d&#039;efforts.\" \/>\n<meta name=\"robots\" content=\"index, follow, max-snippet:-1, max-image-preview:large, max-video-preview:-1\" \/>\n<link rel=\"canonical\" href=\"https:\/\/adcelectronique.com\/index.php\/product\/laser-distence-meter-ut391\/\" \/>\n<meta property=\"og:locale\" content=\"fr_FR\" \/>\n<meta property=\"og:type\" content=\"article\" \/>\n<meta property=\"og:title\" content=\"LASER DISTENCE METER UT391+\" \/>\n<meta property=\"og:description\" content=\"Description :Le t\u00e9l\u00e9m\u00e8tre laser UNI-T UT391+ est un instrument de mesure laser multifonctionnel de haute pr\u00e9cision. Il permet de mesurer les distances, les surfaces et les volumes, et utilise \u00e9galement le th\u00e9or\u00e8me de Pythagore pour les mesures indirectes. Portable et fiable, il rend vos mesures plus pr\u00e9cises, plus simples et plus rapides, vous permettant d&#039;obtenir des r\u00e9sultats deux fois meilleurs avec deux fois moins d&#039;efforts.\" \/>\n<meta property=\"og:url\" content=\"https:\/\/adcelectronique.com\/index.php\/product\/laser-distence-meter-ut391\/\" \/>\n<meta property=\"og:site_name\" content=\"ADC Electronique\" \/>\n<meta property=\"article:modified_time\" content=\"2026-01-22T10:26:57+00:00\" \/>\n<meta property=\"og:image\" content=\"https:\/\/adcelectronique.com\/wp-content\/uploads\/2026\/01\/images-2.jpg\" \/>\n\t<meta property=\"og:image:width\" content=\"225\" \/>\n\t<meta property=\"og:image:height\" content=\"225\" \/>\n\t<meta property=\"og:image:type\" content=\"image\/jpeg\" \/>\n<meta name=\"twitter:card\" content=\"summary_large_image\" \/>\n<meta name=\"twitter:label1\" content=\"Dur\u00e9e de lecture estim\u00e9e\" \/>\n\t<meta name=\"twitter:data1\" content=\"3 minutes\" \/>\n<script type=\"application\/ld+json\" class=\"yoast-schema-graph\">{\"@context\":\"https:\/\/schema.org\",\"@graph\":[{\"@type\":\"WebPage\",\"@id\":\"https:\/\/adcelectronique.com\/index.php\/product\/laser-distence-meter-ut391\/\",\"url\":\"https:\/\/adcelectronique.com\/index.php\/product\/laser-distence-meter-ut391\/\",\"name\":\"LASER DISTENCE METER UT391+ - ADC Electronique\",\"isPartOf\":{\"@id\":\"https:\/\/adcelectronique.com\/#website\"},\"primaryImageOfPage\":{\"@id\":\"https:\/\/adcelectronique.com\/index.php\/product\/laser-distence-meter-ut391\/#primaryimage\"},\"image\":{\"@id\":\"https:\/\/adcelectronique.com\/index.php\/product\/laser-distence-meter-ut391\/#primaryimage\"},\"thumbnailUrl\":\"https:\/\/adcelectronique.com\/wp-content\/uploads\/2026\/01\/images-2.jpg\",\"datePublished\":\"2026-01-22T10:26:56+00:00\",\"dateModified\":\"2026-01-22T10:26:57+00:00\",\"description\":\"Description :Le t\u00e9l\u00e9m\u00e8tre laser UNI-T UT391+ est un instrument de mesure laser multifonctionnel de haute pr\u00e9cision. Il permet de mesurer les distances, les surfaces et les volumes, et utilise \u00e9galement le th\u00e9or\u00e8me de Pythagore pour les mesures indirectes. Portable et fiable, il rend vos mesures plus pr\u00e9cises, plus simples et plus rapides, vous permettant d'obtenir des r\u00e9sultats deux fois meilleurs avec deux fois moins d'efforts.\",\"breadcrumb\":{\"@id\":\"https:\/\/adcelectronique.com\/index.php\/product\/laser-distence-meter-ut391\/#breadcrumb\"},\"inLanguage\":\"fr-FR\",\"potentialAction\":[{\"@type\":\"ReadAction\",\"target\":[\"https:\/\/adcelectronique.com\/index.php\/product\/laser-distence-meter-ut391\/\"]}]},{\"@type\":\"ImageObject\",\"inLanguage\":\"fr-FR\",\"@id\":\"https:\/\/adcelectronique.com\/index.php\/product\/laser-distence-meter-ut391\/#primaryimage\",\"url\":\"https:\/\/adcelectronique.com\/wp-content\/uploads\/2026\/01\/images-2.jpg\",\"contentUrl\":\"https:\/\/adcelectronique.com\/wp-content\/uploads\/2026\/01\/images-2.jpg\",\"width\":225,\"height\":225},{\"@type\":\"BreadcrumbList\",\"@id\":\"https:\/\/adcelectronique.com\/index.php\/product\/laser-distence-meter-ut391\/#breadcrumb\",\"itemListElement\":[{\"@type\":\"ListItem\",\"position\":1,\"name\":\"Home\",\"item\":\"https:\/\/adcelectronique.com\/\"},{\"@type\":\"ListItem\",\"position\":2,\"name\":\"Shop\",\"item\":\"https:\/\/adcelectronique.com\/index.php\/shop\/\"},{\"@type\":\"ListItem\",\"position\":3,\"name\":\"LASER DISTENCE METER UT391+\"}]},{\"@type\":\"WebSite\",\"@id\":\"https:\/\/adcelectronique.com\/#website\",\"url\":\"https:\/\/adcelectronique.com\/\",\"name\":\"ADC Electronique\",\"description\":\"\",\"potentialAction\":[{\"@type\":\"SearchAction\",\"target\":{\"@type\":\"EntryPoint\",\"urlTemplate\":\"https:\/\/adcelectronique.com\/?s={search_term_string}\"},\"query-input\":{\"@type\":\"PropertyValueSpecification\",\"valueRequired\":true,\"valueName\":\"search_term_string\"}}],\"inLanguage\":\"fr-FR\"}]}<\/script>\n<!-- \/ Yoast SEO Premium plugin. -->","yoast_head_json":{"title":"LASER DISTENCE METER UT391+ - ADC Electronique","description":"Description :Le t\u00e9l\u00e9m\u00e8tre laser UNI-T UT391+ est un instrument de mesure laser multifonctionnel de haute pr\u00e9cision. Il permet de mesurer les distances, les surfaces et les volumes, et utilise \u00e9galement le th\u00e9or\u00e8me de Pythagore pour les mesures indirectes. Portable et fiable, il rend vos mesures plus pr\u00e9cises, plus simples et plus rapides, vous permettant d'obtenir des r\u00e9sultats deux fois meilleurs avec deux fois moins d'efforts.","robots":{"index":"index","follow":"follow","max-snippet":"max-snippet:-1","max-image-preview":"max-image-preview:large","max-video-preview":"max-video-preview:-1"},"canonical":"https:\/\/adcelectronique.com\/index.php\/product\/laser-distence-meter-ut391\/","og_locale":"fr_FR","og_type":"article","og_title":"LASER DISTENCE METER UT391+","og_description":"Description :Le t\u00e9l\u00e9m\u00e8tre laser UNI-T UT391+ est un instrument de mesure laser multifonctionnel de haute pr\u00e9cision. Il permet de mesurer les distances, les surfaces et les volumes, et utilise \u00e9galement le th\u00e9or\u00e8me de Pythagore pour les mesures indirectes. Portable et fiable, il rend vos mesures plus pr\u00e9cises, plus simples et plus rapides, vous permettant d'obtenir des r\u00e9sultats deux fois meilleurs avec deux fois moins d'efforts.","og_url":"https:\/\/adcelectronique.com\/index.php\/product\/laser-distence-meter-ut391\/","og_site_name":"ADC Electronique","article_modified_time":"2026-01-22T10:26:57+00:00","og_image":[{"width":225,"height":225,"url":"https:\/\/adcelectronique.com\/wp-content\/uploads\/2026\/01\/images-2.jpg","type":"image\/jpeg"}],"twitter_card":"summary_large_image","twitter_misc":{"Dur\u00e9e de lecture estim\u00e9e":"3 minutes"},"schema":{"@context":"https:\/\/schema.org","@graph":[{"@type":"WebPage","@id":"https:\/\/adcelectronique.com\/index.php\/product\/laser-distence-meter-ut391\/","url":"https:\/\/adcelectronique.com\/index.php\/product\/laser-distence-meter-ut391\/","name":"LASER DISTENCE METER UT391+ - ADC Electronique","isPartOf":{"@id":"https:\/\/adcelectronique.com\/#website"},"primaryImageOfPage":{"@id":"https:\/\/adcelectronique.com\/index.php\/product\/laser-distence-meter-ut391\/#primaryimage"},"image":{"@id":"https:\/\/adcelectronique.com\/index.php\/product\/laser-distence-meter-ut391\/#primaryimage"},"thumbnailUrl":"https:\/\/adcelectronique.com\/wp-content\/uploads\/2026\/01\/images-2.jpg","datePublished":"2026-01-22T10:26:56+00:00","dateModified":"2026-01-22T10:26:57+00:00","description":"Description :Le t\u00e9l\u00e9m\u00e8tre laser UNI-T UT391+ est un instrument de mesure laser multifonctionnel de haute pr\u00e9cision. Il permet de mesurer les distances, les surfaces et les volumes, et utilise \u00e9galement le th\u00e9or\u00e8me de Pythagore pour les mesures indirectes. Portable et fiable, il rend vos mesures plus pr\u00e9cises, plus simples et plus rapides, vous permettant d'obtenir des r\u00e9sultats deux fois meilleurs avec deux fois moins d'efforts.","breadcrumb":{"@id":"https:\/\/adcelectronique.com\/index.php\/product\/laser-distence-meter-ut391\/#breadcrumb"},"inLanguage":"fr-FR","potentialAction":[{"@type":"ReadAction","target":["https:\/\/adcelectronique.com\/index.php\/product\/laser-distence-meter-ut391\/"]}]},{"@type":"ImageObject","inLanguage":"fr-FR","@id":"https:\/\/adcelectronique.com\/index.php\/product\/laser-distence-meter-ut391\/#primaryimage","url":"https:\/\/adcelectronique.com\/wp-content\/uploads\/2026\/01\/images-2.jpg","contentUrl":"https:\/\/adcelectronique.com\/wp-content\/uploads\/2026\/01\/images-2.jpg","width":225,"height":225},{"@type":"BreadcrumbList","@id":"https:\/\/adcelectronique.com\/index.php\/product\/laser-distence-meter-ut391\/#breadcrumb","itemListElement":[{"@type":"ListItem","position":1,"name":"Home","item":"https:\/\/adcelectronique.com\/"},{"@type":"ListItem","position":2,"name":"Shop","item":"https:\/\/adcelectronique.com\/index.php\/shop\/"},{"@type":"ListItem","position":3,"name":"LASER DISTENCE METER UT391+"}]},{"@type":"WebSite","@id":"https:\/\/adcelectronique.com\/#website","url":"https:\/\/adcelectronique.com\/","name":"ADC Electronique","description":"","potentialAction":[{"@type":"SearchAction","target":{"@type":"EntryPoint","urlTemplate":"https:\/\/adcelectronique.com\/?s={search_term_string}"},"query-input":{"@type":"PropertyValueSpecification","valueRequired":true,"valueName":"search_term_string"}}],"inLanguage":"fr-FR"}]}},"_links":{"self":[{"href":"https:\/\/adcelectronique.com\/index.php\/wp-json\/wp\/v2\/product\/10180","targetHints":{"allow":["GET"]}}],"collection":[{"href":"https:\/\/adcelectronique.com\/index.php\/wp-json\/wp\/v2\/product"}],"about":[{"href":"https:\/\/adcelectronique.com\/index.php\/wp-json\/wp\/v2\/types\/product"}],"replies":[{"embeddable":true,"href":"https:\/\/adcelectronique.com\/index.php\/wp-json\/wp\/v2\/comments?post=10180"}],"version-history":[{"count":0,"href":"https:\/\/adcelectronique.com\/index.php\/wp-json\/wp\/v2\/product\/10180\/revisions"}],"wp:featuredmedia":[{"embeddable":true,"href":"https:\/\/adcelectronique.com\/index.php\/wp-json\/wp\/v2\/media\/10181"}],"wp:attachment":[{"href":"https:\/\/adcelectronique.com\/index.php\/wp-json\/wp\/v2\/media?parent=10180"}],"wp:term":[{"taxonomy":"product_brand","embeddable":true,"href":"https:\/\/adcelectronique.com\/index.php\/wp-json\/wp\/v2\/product_brand?post=10180"},{"taxonomy":"product_cat","embeddable":true,"href":"https:\/\/adcelectronique.com\/index.php\/wp-json\/wp\/v2\/product_cat?post=10180"},{"taxonomy":"product_tag","embeddable":true,"href":"https:\/\/adcelectronique.com\/index.php\/wp-json\/wp\/v2\/product_tag?post=10180"}],"curies":[{"name":"wp","href":"https:\/\/api.w.org\/{rel}","templated":true}]}}