{"id":10186,"date":"2026-01-22T10:43:45","date_gmt":"2026-01-22T10:43:45","guid":{"rendered":"https:\/\/adcelectronique.com\/?post_type=product&#038;p=10186"},"modified":"2026-01-22T10:43:46","modified_gmt":"2026-01-22T10:43:46","slug":"multimetre-numerique-proskit-mt-1280-c","status":"publish","type":"product","link":"https:\/\/adcelectronique.com\/index.php\/product\/multimetre-numerique-proskit-mt-1280-c\/","title":{"rendered":"Multim\u00e8tre num\u00e9rique ProsKit MT-1280 C"},"content":{"rendered":"<h1 class=\"title\">\u00a0 \u00a0 \u00a0 \u00a0 \u00a0 \u00a0 \u00a0 \u00a0 \u00a0 \u00a0 \u00a0 \u00a0 <span style=\"color: #ff6600\">\u00a0 Multim\u00e8tre num\u00e9rique ProsKit MT-1280 C<\/span><\/h1>\n<h1 title=\"Pro'sKit MT-1280-C 3 1\/2 multim\u00e8tre num\u00e9rique tension cc ca capacit\u00e9 de courant testeur de r\u00e9sistance bip amp\u00e8rem\u00e8tre multitesteur\">Pro&rsquo;sKit MT-1280-C multim\u00e8tre num\u00e9rique tension cc ca capacit\u00e9 de courant testeur de r\u00e9sistance bip amp\u00e8rem\u00e8tre multitesteur<\/h1>\n<ul class=\"product-points\">\n<li>Multim\u00e8tre num\u00e9rique Pro&rsquo;sKit MT-1280 31\/2<\/li>\n<li>Comprend un affichage num\u00e9rique clair<\/li>\n<li>Offre une vari\u00e9t\u00e9 de fonctions de mesure<\/li>\n<li>Id\u00e9al pour une utilisation dans les tests \u00e9lectroniques et le d\u00e9pannage<\/li>\n<li>Design compact et portable pour plus de commodit\u00e9<\/li>\n<li>Des lectures tr\u00e8s pr\u00e9cises et fiables<\/li>\n<\/ul>\n<table id=\"product-attribute-specs-table\" class=\"featureTable\" style=\"height: 342px\" width=\"664\">\n<tbody>\n<tr>\n<td>Type de multim\u00e8tre<\/td>\n<td>Num\u00e9rique<\/td>\n<\/tr>\n<tr>\n<td>Volts<\/td>\n<td>200mV|200V|1000V<\/td>\n<\/tr>\n<tr>\n<td>Marque<\/td>\n<td>Pro-sKit<\/td>\n<\/tr>\n<tr>\n<td>Affichage<\/td>\n<td>Num\u00e9rique<\/td>\n<\/tr>\n<tr>\n<td>Type de puissance<\/td>\n<td>Batterie<\/td>\n<\/tr>\n<tr>\n<td>Mod\u00e8le<\/td>\n<td>MT-1280<\/td>\n<\/tr>\n<tr>\n<td>Taille d&rsquo;\u00e9cran<\/td>\n<td>2 \u00ab\u00a0(5,1 cm)<\/td>\n<\/tr>\n<tr>\n<td>Poids<\/td>\n<td>0,01 oz (0,28 gramme)<\/td>\n<\/tr>\n<tr>\n<td>Rec. utilisation<\/td>\n<td>MAL<\/td>\n<\/tr>\n<tr>\n<td>A La Garantie \u00c9crite<\/td>\n<td>Non<\/td>\n<\/tr>\n<tr>\n<td>Couleur<\/td>\n<td>Multicolore<\/td>\n<\/tr>\n<tr>\n<td>Mat\u00e9riel<\/td>\n<td>Plastique<\/td>\n<\/tr>\n<\/tbody>\n<\/table>\n","protected":false},"excerpt":{"rendered":"<h1 title=\"Pro'sKit MT-1280-C 3 1\/2 multim\u00e8tre num\u00e9rique tension cc ca capacit\u00e9 de courant testeur de r\u00e9sistance bip amp\u00e8rem\u00e8tre multitesteur\">Pro&rsquo;sKit MT-1280-C multim\u00e8tre num\u00e9rique tension cc ca capacit\u00e9 de courant testeur de r\u00e9sistance bip amp\u00e8rem\u00e8tre multitesteur<\/h1>\n<ul class=\"product-points\">\n<li>Multim\u00e8tre num\u00e9rique Pro&rsquo;sKit MT-1280C<\/li>\n<li>Comprend un affichage num\u00e9rique clair<\/li>\n<li>Offre une vari\u00e9t\u00e9 de fonctions de mesure<\/li>\n<li>Id\u00e9al pour une utilisation dans les tests \u00e9lectroniques et le d\u00e9pannage<\/li>\n<li>Design compact et portable pour plus de commodit\u00e9<\/li>\n<li>Des lectures tr\u00e8s pr\u00e9cises et fiables<\/li>\n<\/ul>\n","protected":false},"featured_media":10188,"comment_status":"open","ping_status":"closed","template":"","meta":[],"product_brand":[121],"product_cat":[118],"product_tag":[],"class_list":{"0":"post-10186","1":"product","2":"type-product","3":"status-publish","4":"has-post-thumbnail","6":"product_brand-pros-kit","7":"product_cat-multimetre","9":"first","10":"instock","11":"shipping-taxable","12":"purchasable","13":"product-type-simple"},"yoast_head":"<!-- This site is optimized with the Yoast SEO Premium plugin v26.2 (Yoast SEO v26.2) - https:\/\/yoast.com\/wordpress\/plugins\/seo\/ -->\n<title>Multim\u00e8tre num\u00e9rique ProsKit MT-1280 C - ADC Electronique<\/title>\n<meta name=\"description\" content=\"Multim\u00e8tre num\u00e9rique Pro&#039;sKit MT-1280 31\/2Comprend un affichage num\u00e9rique clairOffre une vari\u00e9t\u00e9 de fonctions de mesureId\u00e9al pour une utilisation dans les tests \u00e9lectroniques et le d\u00e9pannageDesign compact et portable pour plus de commodit\u00e9Des lectures tr\u00e8s pr\u00e9cises et fiables\" \/>\n<meta name=\"robots\" content=\"index, follow, max-snippet:-1, max-image-preview:large, max-video-preview:-1\" \/>\n<link rel=\"canonical\" href=\"https:\/\/adcelectronique.com\/index.php\/product\/multimetre-numerique-proskit-mt-1280-c\/\" \/>\n<meta property=\"og:locale\" content=\"fr_FR\" \/>\n<meta property=\"og:type\" content=\"article\" \/>\n<meta property=\"og:title\" content=\"Multim\u00e8tre num\u00e9rique ProsKit MT-1280 C\" \/>\n<meta property=\"og:description\" content=\"Multim\u00e8tre num\u00e9rique Pro&#039;sKit MT-1280 31\/2Comprend un affichage num\u00e9rique clairOffre une vari\u00e9t\u00e9 de fonctions de mesureId\u00e9al pour une utilisation dans les tests \u00e9lectroniques et le d\u00e9pannageDesign compact et portable pour plus de commodit\u00e9Des lectures tr\u00e8s pr\u00e9cises et fiables\" \/>\n<meta property=\"og:url\" content=\"https:\/\/adcelectronique.com\/index.php\/product\/multimetre-numerique-proskit-mt-1280-c\/\" \/>\n<meta property=\"og:site_name\" content=\"ADC Electronique\" \/>\n<meta property=\"article:modified_time\" content=\"2026-01-22T10:43:46+00:00\" \/>\n<meta property=\"og:image\" content=\"https:\/\/adcelectronique.com\/wp-content\/uploads\/2026\/01\/etl-mt-1280_xl.jpg\" \/>\n\t<meta property=\"og:image:width\" content=\"576\" \/>\n\t<meta property=\"og:image:height\" content=\"741\" \/>\n\t<meta property=\"og:image:type\" content=\"image\/jpeg\" \/>\n<meta name=\"twitter:card\" content=\"summary_large_image\" \/>\n<meta name=\"twitter:label1\" content=\"Dur\u00e9e de lecture estim\u00e9e\" \/>\n\t<meta name=\"twitter:data1\" content=\"1 minute\" \/>\n<script type=\"application\/ld+json\" class=\"yoast-schema-graph\">{\"@context\":\"https:\/\/schema.org\",\"@graph\":[{\"@type\":\"WebPage\",\"@id\":\"https:\/\/adcelectronique.com\/index.php\/product\/multimetre-numerique-proskit-mt-1280-c\/\",\"url\":\"https:\/\/adcelectronique.com\/index.php\/product\/multimetre-numerique-proskit-mt-1280-c\/\",\"name\":\"Multim\u00e8tre num\u00e9rique ProsKit MT-1280 C - ADC Electronique\",\"isPartOf\":{\"@id\":\"https:\/\/adcelectronique.com\/#website\"},\"primaryImageOfPage\":{\"@id\":\"https:\/\/adcelectronique.com\/index.php\/product\/multimetre-numerique-proskit-mt-1280-c\/#primaryimage\"},\"image\":{\"@id\":\"https:\/\/adcelectronique.com\/index.php\/product\/multimetre-numerique-proskit-mt-1280-c\/#primaryimage\"},\"thumbnailUrl\":\"https:\/\/adcelectronique.com\/wp-content\/uploads\/2026\/01\/etl-mt-1280_xl.jpg\",\"datePublished\":\"2026-01-22T10:43:45+00:00\",\"dateModified\":\"2026-01-22T10:43:46+00:00\",\"description\":\"Multim\u00e8tre num\u00e9rique Pro'sKit MT-1280 31\/2Comprend un affichage num\u00e9rique clairOffre une vari\u00e9t\u00e9 de fonctions de mesureId\u00e9al pour une utilisation dans les tests \u00e9lectroniques et le d\u00e9pannageDesign compact et portable pour plus de commodit\u00e9Des lectures tr\u00e8s pr\u00e9cises et fiables\",\"breadcrumb\":{\"@id\":\"https:\/\/adcelectronique.com\/index.php\/product\/multimetre-numerique-proskit-mt-1280-c\/#breadcrumb\"},\"inLanguage\":\"fr-FR\",\"potentialAction\":[{\"@type\":\"ReadAction\",\"target\":[\"https:\/\/adcelectronique.com\/index.php\/product\/multimetre-numerique-proskit-mt-1280-c\/\"]}]},{\"@type\":\"ImageObject\",\"inLanguage\":\"fr-FR\",\"@id\":\"https:\/\/adcelectronique.com\/index.php\/product\/multimetre-numerique-proskit-mt-1280-c\/#primaryimage\",\"url\":\"https:\/\/adcelectronique.com\/wp-content\/uploads\/2026\/01\/etl-mt-1280_xl.jpg\",\"contentUrl\":\"https:\/\/adcelectronique.com\/wp-content\/uploads\/2026\/01\/etl-mt-1280_xl.jpg\",\"width\":576,\"height\":741},{\"@type\":\"BreadcrumbList\",\"@id\":\"https:\/\/adcelectronique.com\/index.php\/product\/multimetre-numerique-proskit-mt-1280-c\/#breadcrumb\",\"itemListElement\":[{\"@type\":\"ListItem\",\"position\":1,\"name\":\"Home\",\"item\":\"https:\/\/adcelectronique.com\/\"},{\"@type\":\"ListItem\",\"position\":2,\"name\":\"Shop\",\"item\":\"https:\/\/adcelectronique.com\/index.php\/shop\/\"},{\"@type\":\"ListItem\",\"position\":3,\"name\":\"Multim\u00e8tre num\u00e9rique ProsKit MT-1280 C\"}]},{\"@type\":\"WebSite\",\"@id\":\"https:\/\/adcelectronique.com\/#website\",\"url\":\"https:\/\/adcelectronique.com\/\",\"name\":\"ADC Electronique\",\"description\":\"\",\"potentialAction\":[{\"@type\":\"SearchAction\",\"target\":{\"@type\":\"EntryPoint\",\"urlTemplate\":\"https:\/\/adcelectronique.com\/?s={search_term_string}\"},\"query-input\":{\"@type\":\"PropertyValueSpecification\",\"valueRequired\":true,\"valueName\":\"search_term_string\"}}],\"inLanguage\":\"fr-FR\"}]}<\/script>\n<!-- \/ Yoast SEO Premium plugin. -->","yoast_head_json":{"title":"Multim\u00e8tre num\u00e9rique ProsKit MT-1280 C - ADC Electronique","description":"Multim\u00e8tre num\u00e9rique Pro'sKit MT-1280 31\/2Comprend un affichage num\u00e9rique clairOffre une vari\u00e9t\u00e9 de fonctions de mesureId\u00e9al pour une utilisation dans les tests \u00e9lectroniques et le d\u00e9pannageDesign compact et portable pour plus de commodit\u00e9Des lectures tr\u00e8s pr\u00e9cises et fiables","robots":{"index":"index","follow":"follow","max-snippet":"max-snippet:-1","max-image-preview":"max-image-preview:large","max-video-preview":"max-video-preview:-1"},"canonical":"https:\/\/adcelectronique.com\/index.php\/product\/multimetre-numerique-proskit-mt-1280-c\/","og_locale":"fr_FR","og_type":"article","og_title":"Multim\u00e8tre num\u00e9rique ProsKit MT-1280 C","og_description":"Multim\u00e8tre num\u00e9rique Pro'sKit MT-1280 31\/2Comprend un affichage num\u00e9rique clairOffre une vari\u00e9t\u00e9 de fonctions de mesureId\u00e9al pour une utilisation dans les tests \u00e9lectroniques et le d\u00e9pannageDesign compact et portable pour plus de commodit\u00e9Des lectures tr\u00e8s pr\u00e9cises et fiables","og_url":"https:\/\/adcelectronique.com\/index.php\/product\/multimetre-numerique-proskit-mt-1280-c\/","og_site_name":"ADC Electronique","article_modified_time":"2026-01-22T10:43:46+00:00","og_image":[{"width":576,"height":741,"url":"https:\/\/adcelectronique.com\/wp-content\/uploads\/2026\/01\/etl-mt-1280_xl.jpg","type":"image\/jpeg"}],"twitter_card":"summary_large_image","twitter_misc":{"Dur\u00e9e de lecture estim\u00e9e":"1 minute"},"schema":{"@context":"https:\/\/schema.org","@graph":[{"@type":"WebPage","@id":"https:\/\/adcelectronique.com\/index.php\/product\/multimetre-numerique-proskit-mt-1280-c\/","url":"https:\/\/adcelectronique.com\/index.php\/product\/multimetre-numerique-proskit-mt-1280-c\/","name":"Multim\u00e8tre num\u00e9rique ProsKit MT-1280 C - ADC Electronique","isPartOf":{"@id":"https:\/\/adcelectronique.com\/#website"},"primaryImageOfPage":{"@id":"https:\/\/adcelectronique.com\/index.php\/product\/multimetre-numerique-proskit-mt-1280-c\/#primaryimage"},"image":{"@id":"https:\/\/adcelectronique.com\/index.php\/product\/multimetre-numerique-proskit-mt-1280-c\/#primaryimage"},"thumbnailUrl":"https:\/\/adcelectronique.com\/wp-content\/uploads\/2026\/01\/etl-mt-1280_xl.jpg","datePublished":"2026-01-22T10:43:45+00:00","dateModified":"2026-01-22T10:43:46+00:00","description":"Multim\u00e8tre num\u00e9rique Pro'sKit MT-1280 31\/2Comprend un affichage num\u00e9rique clairOffre une vari\u00e9t\u00e9 de fonctions de mesureId\u00e9al pour une utilisation dans les tests \u00e9lectroniques et le d\u00e9pannageDesign compact et portable pour plus de commodit\u00e9Des lectures tr\u00e8s pr\u00e9cises et fiables","breadcrumb":{"@id":"https:\/\/adcelectronique.com\/index.php\/product\/multimetre-numerique-proskit-mt-1280-c\/#breadcrumb"},"inLanguage":"fr-FR","potentialAction":[{"@type":"ReadAction","target":["https:\/\/adcelectronique.com\/index.php\/product\/multimetre-numerique-proskit-mt-1280-c\/"]}]},{"@type":"ImageObject","inLanguage":"fr-FR","@id":"https:\/\/adcelectronique.com\/index.php\/product\/multimetre-numerique-proskit-mt-1280-c\/#primaryimage","url":"https:\/\/adcelectronique.com\/wp-content\/uploads\/2026\/01\/etl-mt-1280_xl.jpg","contentUrl":"https:\/\/adcelectronique.com\/wp-content\/uploads\/2026\/01\/etl-mt-1280_xl.jpg","width":576,"height":741},{"@type":"BreadcrumbList","@id":"https:\/\/adcelectronique.com\/index.php\/product\/multimetre-numerique-proskit-mt-1280-c\/#breadcrumb","itemListElement":[{"@type":"ListItem","position":1,"name":"Home","item":"https:\/\/adcelectronique.com\/"},{"@type":"ListItem","position":2,"name":"Shop","item":"https:\/\/adcelectronique.com\/index.php\/shop\/"},{"@type":"ListItem","position":3,"name":"Multim\u00e8tre num\u00e9rique ProsKit MT-1280 C"}]},{"@type":"WebSite","@id":"https:\/\/adcelectronique.com\/#website","url":"https:\/\/adcelectronique.com\/","name":"ADC Electronique","description":"","potentialAction":[{"@type":"SearchAction","target":{"@type":"EntryPoint","urlTemplate":"https:\/\/adcelectronique.com\/?s={search_term_string}"},"query-input":{"@type":"PropertyValueSpecification","valueRequired":true,"valueName":"search_term_string"}}],"inLanguage":"fr-FR"}]}},"_links":{"self":[{"href":"https:\/\/adcelectronique.com\/index.php\/wp-json\/wp\/v2\/product\/10186","targetHints":{"allow":["GET"]}}],"collection":[{"href":"https:\/\/adcelectronique.com\/index.php\/wp-json\/wp\/v2\/product"}],"about":[{"href":"https:\/\/adcelectronique.com\/index.php\/wp-json\/wp\/v2\/types\/product"}],"replies":[{"embeddable":true,"href":"https:\/\/adcelectronique.com\/index.php\/wp-json\/wp\/v2\/comments?post=10186"}],"version-history":[{"count":0,"href":"https:\/\/adcelectronique.com\/index.php\/wp-json\/wp\/v2\/product\/10186\/revisions"}],"wp:featuredmedia":[{"embeddable":true,"href":"https:\/\/adcelectronique.com\/index.php\/wp-json\/wp\/v2\/media\/10188"}],"wp:attachment":[{"href":"https:\/\/adcelectronique.com\/index.php\/wp-json\/wp\/v2\/media?parent=10186"}],"wp:term":[{"taxonomy":"product_brand","embeddable":true,"href":"https:\/\/adcelectronique.com\/index.php\/wp-json\/wp\/v2\/product_brand?post=10186"},{"taxonomy":"product_cat","embeddable":true,"href":"https:\/\/adcelectronique.com\/index.php\/wp-json\/wp\/v2\/product_cat?post=10186"},{"taxonomy":"product_tag","embeddable":true,"href":"https:\/\/adcelectronique.com\/index.php\/wp-json\/wp\/v2\/product_tag?post=10186"}],"curies":[{"name":"wp","href":"https:\/\/api.w.org\/{rel}","templated":true}]}}