{"id":10219,"date":"2026-01-22T15:09:10","date_gmt":"2026-01-22T15:09:10","guid":{"rendered":"https:\/\/adcelectronique.com\/?post_type=product&#038;p=10219"},"modified":"2026-01-22T15:09:37","modified_gmt":"2026-01-22T15:09:37","slug":"amperemetrique-multimetre-numerique-ac-dc-uni-t-ut203","status":"publish","type":"product","link":"https:\/\/adcelectronique.com\/index.php\/product\/amperemetrique-multimetre-numerique-ac-dc-uni-t-ut203\/","title":{"rendered":"Amp\u00e8rem\u00e9trique, Multim\u00e8tre num\u00e9rique  AC\/DC UNI-T UT203"},"content":{"rendered":"<h1 id=\"title\" class=\"a-size-large a-spacing-none\"><span id=\"productTitle\" class=\"a-size-large product-title-word-break\">UNI-T UT203+ Pince amp\u00e8rem\u00e9trique num\u00e9rique AC\/DC Gamme automatique de courant True RMS Max\/Min Multim\u00e8tre de r\u00e9tro\u00e9clairage<\/span><\/h1>\n<h3><em>SPECIFICATIONS:<\/em><\/h3>\n<p>&#8211; Alimentation:\u00a0 Batterie 9V (6F22)<\/p>\n<p>&#8211; Changement de gamme automatique<\/p>\n<p>&#8211; Triple echantillonnage par seconde<\/p>\n<p>&#8211; Gel de Mesure<\/p>\n<p>&#8211; Auto-Extinction<\/p>\n<p>&#8211; Rapport Cyclique<\/p>\n<p>&#8211; Indications: Batterie faible &#8211; Depassement de gamme de mesure\u00a0\u00a0 &#8211; polarit\u00e9<\/p>\n<p>&#8211; Mesure Courant AC:\u00a0 400A ( pince)<\/p>\n<p>&#8211; Mesure Courant DC: 400A (pince)<\/p>\n<p>&#8211; Mesure Tension AC: 600V<\/p>\n<p>&#8211; Mesure Tension DC: 600V<\/p>\n<p>&#8211; Ohmmetre: 40 M\u03a9<\/p>\n<p>&#8211; Test DIODE avec fonction test continuit\u00e9 sonore<\/p>\n<p>&#8211; Frequencemetre:\u00a0 10Hz &#8211; 10MHz<\/p>\n<p>&#8211; Affichage: 4000 Points (35.6mm x 18mm)<\/p>\n<p>&#8211; Presentation: Rouge &amp; Noir<\/p>\n<p>&#8211; Poids Net: 260 gr<\/p>\n<p>&#8211; Dimensions: 208mm x 76mm x 30mm<\/p>\n","protected":false},"excerpt":{"rendered":"<h2>UNI-T UT203+ Pince amp\u00e8rem\u00e9trique num\u00e9rique AC\/DC Gamme automatique de courant True RMS Max\/Min Multim\u00e8tre de r\u00e9tro\u00e9clairage<\/h2>\n","protected":false},"featured_media":10220,"comment_status":"open","ping_status":"closed","template":"","meta":[],"product_brand":[123],"product_cat":[118],"product_tag":[],"class_list":{"0":"post-10219","1":"product","2":"type-product","3":"status-publish","4":"has-post-thumbnail","6":"product_brand-uni-t","7":"product_cat-multimetre","9":"first","10":"instock","11":"shipping-taxable","12":"purchasable","13":"product-type-simple"},"yoast_head":"<!-- This site is optimized with the Yoast SEO Premium plugin v26.2 (Yoast SEO v26.2) - https:\/\/yoast.com\/wordpress\/plugins\/seo\/ -->\n<title>Amp\u00e8rem\u00e9trique, Multim\u00e8tre num\u00e9rique AC\/DC UNI-T UT203 - ADC Electronique<\/title>\n<meta name=\"description\" content=\"UNI-T UT203+ Pince amp\u00e8rem\u00e9trique num\u00e9rique AC\/DC Gamme automatique de courant True RMS Max\/Min Multim\u00e8tre de r\u00e9tro\u00e9clairage\" \/>\n<meta name=\"robots\" content=\"index, follow, max-snippet:-1, max-image-preview:large, max-video-preview:-1\" \/>\n<link rel=\"canonical\" href=\"https:\/\/adcelectronique.com\/index.php\/product\/amperemetrique-multimetre-numerique-ac-dc-uni-t-ut203\/\" \/>\n<meta property=\"og:locale\" content=\"fr_FR\" \/>\n<meta property=\"og:type\" content=\"article\" \/>\n<meta property=\"og:title\" content=\"Amp\u00e8rem\u00e9trique, Multim\u00e8tre num\u00e9rique AC\/DC UNI-T UT203\" \/>\n<meta property=\"og:description\" content=\"UNI-T UT203+ Pince amp\u00e8rem\u00e9trique num\u00e9rique AC\/DC Gamme automatique de courant True RMS Max\/Min Multim\u00e8tre de r\u00e9tro\u00e9clairage\" \/>\n<meta property=\"og:url\" content=\"https:\/\/adcelectronique.com\/index.php\/product\/amperemetrique-multimetre-numerique-ac-dc-uni-t-ut203\/\" \/>\n<meta property=\"og:site_name\" content=\"ADC Electronique\" \/>\n<meta property=\"article:modified_time\" content=\"2026-01-22T15:09:37+00:00\" \/>\n<meta property=\"og:image\" content=\"https:\/\/adcelectronique.com\/wp-content\/uploads\/2026\/01\/ut203.png\" \/>\n\t<meta property=\"og:image:width\" content=\"800\" \/>\n\t<meta property=\"og:image:height\" content=\"800\" \/>\n\t<meta property=\"og:image:type\" content=\"image\/png\" \/>\n<meta name=\"twitter:card\" content=\"summary_large_image\" \/>\n<meta name=\"twitter:label1\" content=\"Dur\u00e9e de lecture estim\u00e9e\" \/>\n\t<meta name=\"twitter:data1\" content=\"1 minute\" \/>\n<script type=\"application\/ld+json\" class=\"yoast-schema-graph\">{\"@context\":\"https:\/\/schema.org\",\"@graph\":[{\"@type\":\"WebPage\",\"@id\":\"https:\/\/adcelectronique.com\/index.php\/product\/amperemetrique-multimetre-numerique-ac-dc-uni-t-ut203\/\",\"url\":\"https:\/\/adcelectronique.com\/index.php\/product\/amperemetrique-multimetre-numerique-ac-dc-uni-t-ut203\/\",\"name\":\"Amp\u00e8rem\u00e9trique, Multim\u00e8tre num\u00e9rique AC\/DC UNI-T UT203 - ADC Electronique\",\"isPartOf\":{\"@id\":\"https:\/\/adcelectronique.com\/#website\"},\"primaryImageOfPage\":{\"@id\":\"https:\/\/adcelectronique.com\/index.php\/product\/amperemetrique-multimetre-numerique-ac-dc-uni-t-ut203\/#primaryimage\"},\"image\":{\"@id\":\"https:\/\/adcelectronique.com\/index.php\/product\/amperemetrique-multimetre-numerique-ac-dc-uni-t-ut203\/#primaryimage\"},\"thumbnailUrl\":\"https:\/\/adcelectronique.com\/wp-content\/uploads\/2026\/01\/ut203.png\",\"datePublished\":\"2026-01-22T15:09:10+00:00\",\"dateModified\":\"2026-01-22T15:09:37+00:00\",\"description\":\"UNI-T UT203+ Pince amp\u00e8rem\u00e9trique num\u00e9rique AC\/DC Gamme automatique de courant True RMS Max\/Min Multim\u00e8tre de r\u00e9tro\u00e9clairage\",\"breadcrumb\":{\"@id\":\"https:\/\/adcelectronique.com\/index.php\/product\/amperemetrique-multimetre-numerique-ac-dc-uni-t-ut203\/#breadcrumb\"},\"inLanguage\":\"fr-FR\",\"potentialAction\":[{\"@type\":\"ReadAction\",\"target\":[\"https:\/\/adcelectronique.com\/index.php\/product\/amperemetrique-multimetre-numerique-ac-dc-uni-t-ut203\/\"]}]},{\"@type\":\"ImageObject\",\"inLanguage\":\"fr-FR\",\"@id\":\"https:\/\/adcelectronique.com\/index.php\/product\/amperemetrique-multimetre-numerique-ac-dc-uni-t-ut203\/#primaryimage\",\"url\":\"https:\/\/adcelectronique.com\/wp-content\/uploads\/2026\/01\/ut203.png\",\"contentUrl\":\"https:\/\/adcelectronique.com\/wp-content\/uploads\/2026\/01\/ut203.png\",\"width\":800,\"height\":800},{\"@type\":\"BreadcrumbList\",\"@id\":\"https:\/\/adcelectronique.com\/index.php\/product\/amperemetrique-multimetre-numerique-ac-dc-uni-t-ut203\/#breadcrumb\",\"itemListElement\":[{\"@type\":\"ListItem\",\"position\":1,\"name\":\"Home\",\"item\":\"https:\/\/adcelectronique.com\/\"},{\"@type\":\"ListItem\",\"position\":2,\"name\":\"Shop\",\"item\":\"https:\/\/adcelectronique.com\/index.php\/shop\/\"},{\"@type\":\"ListItem\",\"position\":3,\"name\":\"Amp\u00e8rem\u00e9trique, Multim\u00e8tre num\u00e9rique AC\/DC UNI-T UT203\"}]},{\"@type\":\"WebSite\",\"@id\":\"https:\/\/adcelectronique.com\/#website\",\"url\":\"https:\/\/adcelectronique.com\/\",\"name\":\"ADC Electronique\",\"description\":\"\",\"potentialAction\":[{\"@type\":\"SearchAction\",\"target\":{\"@type\":\"EntryPoint\",\"urlTemplate\":\"https:\/\/adcelectronique.com\/?s={search_term_string}\"},\"query-input\":{\"@type\":\"PropertyValueSpecification\",\"valueRequired\":true,\"valueName\":\"search_term_string\"}}],\"inLanguage\":\"fr-FR\"}]}<\/script>\n<!-- \/ Yoast SEO Premium plugin. -->","yoast_head_json":{"title":"Amp\u00e8rem\u00e9trique, Multim\u00e8tre num\u00e9rique AC\/DC UNI-T UT203 - ADC Electronique","description":"UNI-T UT203+ Pince amp\u00e8rem\u00e9trique num\u00e9rique AC\/DC Gamme automatique de courant True RMS Max\/Min Multim\u00e8tre de r\u00e9tro\u00e9clairage","robots":{"index":"index","follow":"follow","max-snippet":"max-snippet:-1","max-image-preview":"max-image-preview:large","max-video-preview":"max-video-preview:-1"},"canonical":"https:\/\/adcelectronique.com\/index.php\/product\/amperemetrique-multimetre-numerique-ac-dc-uni-t-ut203\/","og_locale":"fr_FR","og_type":"article","og_title":"Amp\u00e8rem\u00e9trique, Multim\u00e8tre num\u00e9rique AC\/DC UNI-T UT203","og_description":"UNI-T UT203+ Pince amp\u00e8rem\u00e9trique num\u00e9rique AC\/DC Gamme automatique de courant True RMS Max\/Min Multim\u00e8tre de r\u00e9tro\u00e9clairage","og_url":"https:\/\/adcelectronique.com\/index.php\/product\/amperemetrique-multimetre-numerique-ac-dc-uni-t-ut203\/","og_site_name":"ADC Electronique","article_modified_time":"2026-01-22T15:09:37+00:00","og_image":[{"width":800,"height":800,"url":"https:\/\/adcelectronique.com\/wp-content\/uploads\/2026\/01\/ut203.png","type":"image\/png"}],"twitter_card":"summary_large_image","twitter_misc":{"Dur\u00e9e de lecture estim\u00e9e":"1 minute"},"schema":{"@context":"https:\/\/schema.org","@graph":[{"@type":"WebPage","@id":"https:\/\/adcelectronique.com\/index.php\/product\/amperemetrique-multimetre-numerique-ac-dc-uni-t-ut203\/","url":"https:\/\/adcelectronique.com\/index.php\/product\/amperemetrique-multimetre-numerique-ac-dc-uni-t-ut203\/","name":"Amp\u00e8rem\u00e9trique, Multim\u00e8tre num\u00e9rique AC\/DC UNI-T UT203 - ADC Electronique","isPartOf":{"@id":"https:\/\/adcelectronique.com\/#website"},"primaryImageOfPage":{"@id":"https:\/\/adcelectronique.com\/index.php\/product\/amperemetrique-multimetre-numerique-ac-dc-uni-t-ut203\/#primaryimage"},"image":{"@id":"https:\/\/adcelectronique.com\/index.php\/product\/amperemetrique-multimetre-numerique-ac-dc-uni-t-ut203\/#primaryimage"},"thumbnailUrl":"https:\/\/adcelectronique.com\/wp-content\/uploads\/2026\/01\/ut203.png","datePublished":"2026-01-22T15:09:10+00:00","dateModified":"2026-01-22T15:09:37+00:00","description":"UNI-T UT203+ Pince amp\u00e8rem\u00e9trique num\u00e9rique AC\/DC Gamme automatique de courant True RMS Max\/Min Multim\u00e8tre de r\u00e9tro\u00e9clairage","breadcrumb":{"@id":"https:\/\/adcelectronique.com\/index.php\/product\/amperemetrique-multimetre-numerique-ac-dc-uni-t-ut203\/#breadcrumb"},"inLanguage":"fr-FR","potentialAction":[{"@type":"ReadAction","target":["https:\/\/adcelectronique.com\/index.php\/product\/amperemetrique-multimetre-numerique-ac-dc-uni-t-ut203\/"]}]},{"@type":"ImageObject","inLanguage":"fr-FR","@id":"https:\/\/adcelectronique.com\/index.php\/product\/amperemetrique-multimetre-numerique-ac-dc-uni-t-ut203\/#primaryimage","url":"https:\/\/adcelectronique.com\/wp-content\/uploads\/2026\/01\/ut203.png","contentUrl":"https:\/\/adcelectronique.com\/wp-content\/uploads\/2026\/01\/ut203.png","width":800,"height":800},{"@type":"BreadcrumbList","@id":"https:\/\/adcelectronique.com\/index.php\/product\/amperemetrique-multimetre-numerique-ac-dc-uni-t-ut203\/#breadcrumb","itemListElement":[{"@type":"ListItem","position":1,"name":"Home","item":"https:\/\/adcelectronique.com\/"},{"@type":"ListItem","position":2,"name":"Shop","item":"https:\/\/adcelectronique.com\/index.php\/shop\/"},{"@type":"ListItem","position":3,"name":"Amp\u00e8rem\u00e9trique, Multim\u00e8tre num\u00e9rique AC\/DC UNI-T UT203"}]},{"@type":"WebSite","@id":"https:\/\/adcelectronique.com\/#website","url":"https:\/\/adcelectronique.com\/","name":"ADC Electronique","description":"","potentialAction":[{"@type":"SearchAction","target":{"@type":"EntryPoint","urlTemplate":"https:\/\/adcelectronique.com\/?s={search_term_string}"},"query-input":{"@type":"PropertyValueSpecification","valueRequired":true,"valueName":"search_term_string"}}],"inLanguage":"fr-FR"}]}},"_links":{"self":[{"href":"https:\/\/adcelectronique.com\/index.php\/wp-json\/wp\/v2\/product\/10219","targetHints":{"allow":["GET"]}}],"collection":[{"href":"https:\/\/adcelectronique.com\/index.php\/wp-json\/wp\/v2\/product"}],"about":[{"href":"https:\/\/adcelectronique.com\/index.php\/wp-json\/wp\/v2\/types\/product"}],"replies":[{"embeddable":true,"href":"https:\/\/adcelectronique.com\/index.php\/wp-json\/wp\/v2\/comments?post=10219"}],"version-history":[{"count":0,"href":"https:\/\/adcelectronique.com\/index.php\/wp-json\/wp\/v2\/product\/10219\/revisions"}],"wp:featuredmedia":[{"embeddable":true,"href":"https:\/\/adcelectronique.com\/index.php\/wp-json\/wp\/v2\/media\/10220"}],"wp:attachment":[{"href":"https:\/\/adcelectronique.com\/index.php\/wp-json\/wp\/v2\/media?parent=10219"}],"wp:term":[{"taxonomy":"product_brand","embeddable":true,"href":"https:\/\/adcelectronique.com\/index.php\/wp-json\/wp\/v2\/product_brand?post=10219"},{"taxonomy":"product_cat","embeddable":true,"href":"https:\/\/adcelectronique.com\/index.php\/wp-json\/wp\/v2\/product_cat?post=10219"},{"taxonomy":"product_tag","embeddable":true,"href":"https:\/\/adcelectronique.com\/index.php\/wp-json\/wp\/v2\/product_tag?post=10219"}],"curies":[{"name":"wp","href":"https:\/\/api.w.org\/{rel}","templated":true}]}}