{"id":10224,"date":"2026-01-22T15:18:42","date_gmt":"2026-01-22T15:18:42","guid":{"rendered":"https:\/\/adcelectronique.com\/?post_type=product&#038;p=10224"},"modified":"2026-01-25T10:03:48","modified_gmt":"2026-01-25T10:03:48","slug":"multimetre-numerique-fluke-101","status":"publish","type":"product","link":"https:\/\/adcelectronique.com\/index.php\/product\/multimetre-numerique-fluke-101\/","title":{"rendered":"Multim\u00e8tre num\u00e9rique FLUKE 101"},"content":{"rendered":"<h2>\u00a0 \u00a0 \u00a0 \u00a0 \u00a0 \u00a0 \u00a0 \u00a0 \u00a0 \u00a0 \u00a0 \u00a0 \u00a0 \u00a0 \u00a0 Multim\u00e8tre num\u00e9rique FLUKE 101<\/h2>\n<ul>\n<li>Multim\u00e8tre num\u00e9rique de base Fluke 101 compteur portable AC DC volt outil de test B<\/li>\n<li><span class=\"ux-labels-values__labels\">DC Voltage Range<\/span><span class=\"ux-labels-values__values\">600.0V<\/span><\/li>\n<li><span class=\"ux-labels-values__labels\">Test\/Measurement Functions<\/span><span class=\"ux-labels-values__values\">AC Voltage, DC Voltage<\/span><\/li>\n<li><span class=\"ux-labels-values__labels\">AC Voltage Range<\/span><span class=\"ux-labels-values__values\">600.0V<\/span><\/li>\n<li><span class=\"ux-labels-values__labels\">MPN<\/span><span class=\"ux-labels-values__values\">Fluke 101<\/span><\/li>\n<li><span class=\"ux-labels-values__labels\">CAT rating<\/span><span class=\"ux-labels-values__values\">CAT III 600V<\/span><\/li>\n<li><span class=\"ux-labels-values__labels\">UPC<\/span><span class=\"ux-labels-values__values\">Does not apply<\/span><\/li>\n<\/ul>\n","protected":false},"excerpt":{"rendered":"<ul>\n<li>Multim\u00e8tre num\u00e9rique de base Fluke 101 compteur portable AC DC volt outil de test B<\/li>\n<li><span class=\"ux-labels-values__labels\">DC Voltage Range<\/span><span class=\"ux-labels-values__values\">600.0V<\/span><\/li>\n<li><span class=\"ux-labels-values__labels\">Test\/Measurement Functions<\/span><span class=\"ux-labels-values__values\">AC Voltage, DC Voltage<\/span><\/li>\n<li><span class=\"ux-labels-values__labels\">AC Voltage Range<\/span><span class=\"ux-labels-values__values\">600.0V<\/span><\/li>\n<li><span class=\"ux-labels-values__labels\">MPN<\/span><span class=\"ux-labels-values__values\">Fluke 101<\/span><\/li>\n<li><span class=\"ux-labels-values__labels\">CAT rating<\/span><span class=\"ux-labels-values__values\">CAT III 600V<\/span><\/li>\n<\/ul>\n<ul class=\"ux-layout-section-evo__item\">\n<li class=\"ux-layout-section-evo__row ux-labels-values--upc\"><span class=\"ux-labels-values__labels\">UPC<\/span><span class=\"ux-labels-values__values\">Does not apply<\/span><\/li>\n<\/ul>\n","protected":false},"featured_media":10225,"comment_status":"open","ping_status":"closed","template":"","meta":[],"product_brand":[119],"product_cat":[118],"product_tag":[],"class_list":{"0":"post-10224","1":"product","2":"type-product","3":"status-publish","4":"has-post-thumbnail","6":"product_brand-fluck","7":"product_cat-multimetre","9":"first","10":"instock","11":"shipping-taxable","12":"purchasable","13":"product-type-simple"},"yoast_head":"<!-- This site is optimized with the Yoast SEO Premium plugin v26.2 (Yoast SEO v26.2) - https:\/\/yoast.com\/wordpress\/plugins\/seo\/ -->\n<title>Multim\u00e8tre num\u00e9rique FLUKE 101 - ADC Electronique<\/title>\n<meta name=\"description\" content=\"Multim\u00e8tre num\u00e9rique de base Fluke 101 compteur portable AC DC volt outil de test BDC Voltage Range600.0VTest\/Measurement FunctionsAC Voltage, DC VoltageAC Voltage Range600.0VMPNFluke 101CAT ratingCAT III 600VUPCDoes not apply\" \/>\n<meta name=\"robots\" content=\"index, follow, max-snippet:-1, max-image-preview:large, max-video-preview:-1\" \/>\n<link rel=\"canonical\" href=\"https:\/\/adcelectronique.com\/index.php\/product\/multimetre-numerique-fluke-101\/\" \/>\n<meta property=\"og:locale\" content=\"fr_FR\" \/>\n<meta property=\"og:type\" content=\"article\" \/>\n<meta property=\"og:title\" content=\"Multim\u00e8tre num\u00e9rique FLUKE 101\" \/>\n<meta property=\"og:description\" content=\"Multim\u00e8tre num\u00e9rique de base Fluke 101 compteur portable AC DC volt outil de test BDC Voltage Range600.0VTest\/Measurement FunctionsAC Voltage, DC VoltageAC Voltage Range600.0VMPNFluke 101CAT ratingCAT III 600VUPCDoes not apply\" \/>\n<meta property=\"og:url\" content=\"https:\/\/adcelectronique.com\/index.php\/product\/multimetre-numerique-fluke-101\/\" \/>\n<meta property=\"og:site_name\" content=\"ADC Electronique\" \/>\n<meta property=\"article:modified_time\" content=\"2026-01-25T10:03:48+00:00\" \/>\n<meta property=\"og:image\" content=\"https:\/\/adcelectronique.com\/wp-content\/uploads\/2026\/01\/31miHQse7VL.jpg\" \/>\n\t<meta property=\"og:image:width\" content=\"500\" \/>\n\t<meta property=\"og:image:height\" content=\"375\" \/>\n\t<meta property=\"og:image:type\" content=\"image\/jpeg\" \/>\n<meta name=\"twitter:card\" content=\"summary_large_image\" \/>\n<meta name=\"twitter:label1\" content=\"Dur\u00e9e de lecture estim\u00e9e\" \/>\n\t<meta name=\"twitter:data1\" content=\"1 minute\" \/>\n<script type=\"application\/ld+json\" class=\"yoast-schema-graph\">{\"@context\":\"https:\/\/schema.org\",\"@graph\":[{\"@type\":\"WebPage\",\"@id\":\"https:\/\/adcelectronique.com\/index.php\/product\/multimetre-numerique-fluke-101\/\",\"url\":\"https:\/\/adcelectronique.com\/index.php\/product\/multimetre-numerique-fluke-101\/\",\"name\":\"Multim\u00e8tre num\u00e9rique FLUKE 101 - ADC Electronique\",\"isPartOf\":{\"@id\":\"https:\/\/adcelectronique.com\/#website\"},\"primaryImageOfPage\":{\"@id\":\"https:\/\/adcelectronique.com\/index.php\/product\/multimetre-numerique-fluke-101\/#primaryimage\"},\"image\":{\"@id\":\"https:\/\/adcelectronique.com\/index.php\/product\/multimetre-numerique-fluke-101\/#primaryimage\"},\"thumbnailUrl\":\"https:\/\/adcelectronique.com\/wp-content\/uploads\/2026\/01\/31miHQse7VL.jpg\",\"datePublished\":\"2026-01-22T15:18:42+00:00\",\"dateModified\":\"2026-01-25T10:03:48+00:00\",\"description\":\"Multim\u00e8tre num\u00e9rique de base Fluke 101 compteur portable AC DC volt outil de test BDC Voltage Range600.0VTest\/Measurement FunctionsAC Voltage, DC VoltageAC Voltage Range600.0VMPNFluke 101CAT ratingCAT III 600VUPCDoes not apply\",\"breadcrumb\":{\"@id\":\"https:\/\/adcelectronique.com\/index.php\/product\/multimetre-numerique-fluke-101\/#breadcrumb\"},\"inLanguage\":\"fr-FR\",\"potentialAction\":[{\"@type\":\"ReadAction\",\"target\":[\"https:\/\/adcelectronique.com\/index.php\/product\/multimetre-numerique-fluke-101\/\"]}]},{\"@type\":\"ImageObject\",\"inLanguage\":\"fr-FR\",\"@id\":\"https:\/\/adcelectronique.com\/index.php\/product\/multimetre-numerique-fluke-101\/#primaryimage\",\"url\":\"https:\/\/adcelectronique.com\/wp-content\/uploads\/2026\/01\/31miHQse7VL.jpg\",\"contentUrl\":\"https:\/\/adcelectronique.com\/wp-content\/uploads\/2026\/01\/31miHQse7VL.jpg\",\"width\":500,\"height\":375},{\"@type\":\"BreadcrumbList\",\"@id\":\"https:\/\/adcelectronique.com\/index.php\/product\/multimetre-numerique-fluke-101\/#breadcrumb\",\"itemListElement\":[{\"@type\":\"ListItem\",\"position\":1,\"name\":\"Home\",\"item\":\"https:\/\/adcelectronique.com\/\"},{\"@type\":\"ListItem\",\"position\":2,\"name\":\"Shop\",\"item\":\"https:\/\/adcelectronique.com\/index.php\/shop\/\"},{\"@type\":\"ListItem\",\"position\":3,\"name\":\"Multim\u00e8tre num\u00e9rique FLUKE 101\"}]},{\"@type\":\"WebSite\",\"@id\":\"https:\/\/adcelectronique.com\/#website\",\"url\":\"https:\/\/adcelectronique.com\/\",\"name\":\"ADC Electronique\",\"description\":\"\",\"potentialAction\":[{\"@type\":\"SearchAction\",\"target\":{\"@type\":\"EntryPoint\",\"urlTemplate\":\"https:\/\/adcelectronique.com\/?s={search_term_string}\"},\"query-input\":{\"@type\":\"PropertyValueSpecification\",\"valueRequired\":true,\"valueName\":\"search_term_string\"}}],\"inLanguage\":\"fr-FR\"}]}<\/script>\n<!-- \/ Yoast SEO Premium plugin. -->","yoast_head_json":{"title":"Multim\u00e8tre num\u00e9rique FLUKE 101 - ADC Electronique","description":"Multim\u00e8tre num\u00e9rique de base Fluke 101 compteur portable AC DC volt outil de test BDC Voltage Range600.0VTest\/Measurement FunctionsAC Voltage, DC VoltageAC Voltage Range600.0VMPNFluke 101CAT ratingCAT III 600VUPCDoes not apply","robots":{"index":"index","follow":"follow","max-snippet":"max-snippet:-1","max-image-preview":"max-image-preview:large","max-video-preview":"max-video-preview:-1"},"canonical":"https:\/\/adcelectronique.com\/index.php\/product\/multimetre-numerique-fluke-101\/","og_locale":"fr_FR","og_type":"article","og_title":"Multim\u00e8tre num\u00e9rique FLUKE 101","og_description":"Multim\u00e8tre num\u00e9rique de base Fluke 101 compteur portable AC DC volt outil de test BDC Voltage Range600.0VTest\/Measurement FunctionsAC Voltage, DC VoltageAC Voltage Range600.0VMPNFluke 101CAT ratingCAT III 600VUPCDoes not apply","og_url":"https:\/\/adcelectronique.com\/index.php\/product\/multimetre-numerique-fluke-101\/","og_site_name":"ADC Electronique","article_modified_time":"2026-01-25T10:03:48+00:00","og_image":[{"width":500,"height":375,"url":"https:\/\/adcelectronique.com\/wp-content\/uploads\/2026\/01\/31miHQse7VL.jpg","type":"image\/jpeg"}],"twitter_card":"summary_large_image","twitter_misc":{"Dur\u00e9e de lecture estim\u00e9e":"1 minute"},"schema":{"@context":"https:\/\/schema.org","@graph":[{"@type":"WebPage","@id":"https:\/\/adcelectronique.com\/index.php\/product\/multimetre-numerique-fluke-101\/","url":"https:\/\/adcelectronique.com\/index.php\/product\/multimetre-numerique-fluke-101\/","name":"Multim\u00e8tre num\u00e9rique FLUKE 101 - ADC Electronique","isPartOf":{"@id":"https:\/\/adcelectronique.com\/#website"},"primaryImageOfPage":{"@id":"https:\/\/adcelectronique.com\/index.php\/product\/multimetre-numerique-fluke-101\/#primaryimage"},"image":{"@id":"https:\/\/adcelectronique.com\/index.php\/product\/multimetre-numerique-fluke-101\/#primaryimage"},"thumbnailUrl":"https:\/\/adcelectronique.com\/wp-content\/uploads\/2026\/01\/31miHQse7VL.jpg","datePublished":"2026-01-22T15:18:42+00:00","dateModified":"2026-01-25T10:03:48+00:00","description":"Multim\u00e8tre num\u00e9rique de base Fluke 101 compteur portable AC DC volt outil de test BDC Voltage Range600.0VTest\/Measurement FunctionsAC Voltage, DC VoltageAC Voltage Range600.0VMPNFluke 101CAT ratingCAT III 600VUPCDoes not apply","breadcrumb":{"@id":"https:\/\/adcelectronique.com\/index.php\/product\/multimetre-numerique-fluke-101\/#breadcrumb"},"inLanguage":"fr-FR","potentialAction":[{"@type":"ReadAction","target":["https:\/\/adcelectronique.com\/index.php\/product\/multimetre-numerique-fluke-101\/"]}]},{"@type":"ImageObject","inLanguage":"fr-FR","@id":"https:\/\/adcelectronique.com\/index.php\/product\/multimetre-numerique-fluke-101\/#primaryimage","url":"https:\/\/adcelectronique.com\/wp-content\/uploads\/2026\/01\/31miHQse7VL.jpg","contentUrl":"https:\/\/adcelectronique.com\/wp-content\/uploads\/2026\/01\/31miHQse7VL.jpg","width":500,"height":375},{"@type":"BreadcrumbList","@id":"https:\/\/adcelectronique.com\/index.php\/product\/multimetre-numerique-fluke-101\/#breadcrumb","itemListElement":[{"@type":"ListItem","position":1,"name":"Home","item":"https:\/\/adcelectronique.com\/"},{"@type":"ListItem","position":2,"name":"Shop","item":"https:\/\/adcelectronique.com\/index.php\/shop\/"},{"@type":"ListItem","position":3,"name":"Multim\u00e8tre num\u00e9rique FLUKE 101"}]},{"@type":"WebSite","@id":"https:\/\/adcelectronique.com\/#website","url":"https:\/\/adcelectronique.com\/","name":"ADC Electronique","description":"","potentialAction":[{"@type":"SearchAction","target":{"@type":"EntryPoint","urlTemplate":"https:\/\/adcelectronique.com\/?s={search_term_string}"},"query-input":{"@type":"PropertyValueSpecification","valueRequired":true,"valueName":"search_term_string"}}],"inLanguage":"fr-FR"}]}},"_links":{"self":[{"href":"https:\/\/adcelectronique.com\/index.php\/wp-json\/wp\/v2\/product\/10224","targetHints":{"allow":["GET"]}}],"collection":[{"href":"https:\/\/adcelectronique.com\/index.php\/wp-json\/wp\/v2\/product"}],"about":[{"href":"https:\/\/adcelectronique.com\/index.php\/wp-json\/wp\/v2\/types\/product"}],"replies":[{"embeddable":true,"href":"https:\/\/adcelectronique.com\/index.php\/wp-json\/wp\/v2\/comments?post=10224"}],"version-history":[{"count":0,"href":"https:\/\/adcelectronique.com\/index.php\/wp-json\/wp\/v2\/product\/10224\/revisions"}],"wp:featuredmedia":[{"embeddable":true,"href":"https:\/\/adcelectronique.com\/index.php\/wp-json\/wp\/v2\/media\/10225"}],"wp:attachment":[{"href":"https:\/\/adcelectronique.com\/index.php\/wp-json\/wp\/v2\/media?parent=10224"}],"wp:term":[{"taxonomy":"product_brand","embeddable":true,"href":"https:\/\/adcelectronique.com\/index.php\/wp-json\/wp\/v2\/product_brand?post=10224"},{"taxonomy":"product_cat","embeddable":true,"href":"https:\/\/adcelectronique.com\/index.php\/wp-json\/wp\/v2\/product_cat?post=10224"},{"taxonomy":"product_tag","embeddable":true,"href":"https:\/\/adcelectronique.com\/index.php\/wp-json\/wp\/v2\/product_tag?post=10224"}],"curies":[{"name":"wp","href":"https:\/\/api.w.org\/{rel}","templated":true}]}}