{"id":10230,"date":"2026-01-22T15:30:39","date_gmt":"2026-01-22T15:30:39","guid":{"rendered":"https:\/\/adcelectronique.com\/?post_type=product&#038;p=10230"},"modified":"2026-01-22T15:30:41","modified_gmt":"2026-01-22T15:30:41","slug":"amperemetrique-multimetre-numerique-fluke-303","status":"publish","type":"product","link":"https:\/\/adcelectronique.com\/index.php\/product\/amperemetrique-multimetre-numerique-fluke-303\/","title":{"rendered":"Amp\u00e8rem\u00e9trique, Multim\u00e8tre Num\u00e9rique FLUKE 303"},"content":{"rendered":"<p>&nbsp;<\/p>\n<p>Description:<\/p>\n<p>Le compteur de pince ca compact Fluke 303 est facile \u00e0 utiliser et r\u00e9pond aux besoins de maintenance \u00e9lectrique de base. Il pr\u00e9sente les caract\u00e9ristiques suivantes: courant alternatif 600A,(Fluke303), qui peut r\u00e9pondre aux besoins de diff\u00e9rentes applications; la nouvelle conception du corps permet un compteur de pince Fluke 303 ca, il est plus compact et beau, et r\u00e9pond aux exigences du march\u00e9 en mati\u00e8re de taille, d&rsquo;apparence et de sensation du produit.<\/p>\n<p>&nbsp;<\/p>\n<p><strong>\u00a0 \u00a0 \u00a0 \u00a0 \u00a0&#8211; Caract\u00e9ristiques<\/strong><\/p>\n<ul>\n<li>Mesure de courant 600 A ca<\/li>\n<li>Cat IV 300V \/ CAT III 600V homologu\u00e9 pour la s\u00e9curit\u00e9<\/li>\n<li>Taille de la m\u00e2choire de 30 mm pour de nombreuses applications<\/li>\n<li>Gamme de r\u00e9sistance de 40 k<\/li>\n<li>La conception mince et ergonomique est facile \u00e0 transporter et simple \u00e0 utiliser<\/li>\n<li>Affichage r\u00e9tro\u00e9clair\u00e9 facile \u00e0 lire<\/li>\n<li><strong>Caract\u00e9ristiques<\/strong>\n<ul>\n<li>Mesure de courant 600 A ca<\/li>\n<li>Cat IV 300V \/ CAT III 600V homologu\u00e9 pour la s\u00e9curit\u00e9<\/li>\n<li>Taille de la m\u00e2choire de 30 mm pour de nombreuses applications<\/li>\n<li>Gamme de r\u00e9sistance de 40 k<\/li>\n<li>La conception mince et ergonomique est facile \u00e0 transporter et simple \u00e0 utiliser<\/li>\n<li>Affichage r\u00e9tro\u00e9clair\u00e9 facile \u00e0 lire<\/li>\n<\/ul>\n<\/li>\n<\/ul>\n","protected":false},"excerpt":{"rendered":"<p>Description:<\/p>\n<p>Le compteur de pince ca compact Fluke 303 est facile \u00e0 utiliser et r\u00e9pond aux besoins de maintenance \u00e9lectrique de base. Il pr\u00e9sente les caract\u00e9ristiques suivantes: courant alternatif 600A,(Fluke303), qui peut r\u00e9pondre aux besoins de diff\u00e9rentes applications; la nouvelle conception du corps permet un compteur de pince Fluke 303 ca, il est plus compact et beau, et r\u00e9pond aux exigences du march\u00e9 en mati\u00e8re de taille, d&rsquo;apparence et de sensation du produit.<\/p>\n","protected":false},"featured_media":10234,"comment_status":"open","ping_status":"closed","template":"","meta":[],"product_brand":[119],"product_cat":[118],"product_tag":[],"class_list":{"0":"post-10230","1":"product","2":"type-product","3":"status-publish","4":"has-post-thumbnail","6":"product_brand-fluck","7":"product_cat-multimetre","9":"first","10":"instock","11":"shipping-taxable","12":"purchasable","13":"product-type-simple"},"yoast_head":"<!-- This site is optimized with the Yoast SEO Premium plugin v26.2 (Yoast SEO v26.2) - https:\/\/yoast.com\/wordpress\/plugins\/seo\/ -->\n<title>Amp\u00e8rem\u00e9trique, Multim\u00e8tre Num\u00e9rique FLUKE 303 - ADC Electronique<\/title>\n<meta name=\"description\" content=\"Description:Le compteur de pince ca compact Fluke 303 est facile \u00e0 utiliser et r\u00e9pond aux besoins de maintenance \u00e9lectrique de base. Il pr\u00e9sente les caract\u00e9ristiques suivantes: courant alternatif 600A,(Fluke303), qui peut r\u00e9pondre aux besoins de diff\u00e9rentes applications; la nouvelle conception du corps permet un compteur de pince Fluke 303 ca, il est plus compact et beau, et r\u00e9pond aux exigences du march\u00e9 en mati\u00e8re de taille, d&#039;apparence et de sensation du produit.\" \/>\n<meta name=\"robots\" content=\"index, follow, max-snippet:-1, max-image-preview:large, max-video-preview:-1\" \/>\n<link rel=\"canonical\" href=\"https:\/\/adcelectronique.com\/index.php\/product\/amperemetrique-multimetre-numerique-fluke-303\/\" \/>\n<meta property=\"og:locale\" content=\"fr_FR\" \/>\n<meta property=\"og:type\" content=\"article\" \/>\n<meta property=\"og:title\" content=\"Amp\u00e8rem\u00e9trique, Multim\u00e8tre Num\u00e9rique FLUKE 303\" \/>\n<meta property=\"og:description\" content=\"Description:Le compteur de pince ca compact Fluke 303 est facile \u00e0 utiliser et r\u00e9pond aux besoins de maintenance \u00e9lectrique de base. Il pr\u00e9sente les caract\u00e9ristiques suivantes: courant alternatif 600A,(Fluke303), qui peut r\u00e9pondre aux besoins de diff\u00e9rentes applications; la nouvelle conception du corps permet un compteur de pince Fluke 303 ca, il est plus compact et beau, et r\u00e9pond aux exigences du march\u00e9 en mati\u00e8re de taille, d&#039;apparence et de sensation du produit.\" \/>\n<meta property=\"og:url\" content=\"https:\/\/adcelectronique.com\/index.php\/product\/amperemetrique-multimetre-numerique-fluke-303\/\" \/>\n<meta property=\"og:site_name\" content=\"ADC Electronique\" \/>\n<meta property=\"article:modified_time\" content=\"2026-01-22T15:30:41+00:00\" \/>\n<meta property=\"og:image\" content=\"https:\/\/adcelectronique.com\/wp-content\/uploads\/2026\/01\/pince-ampermetrique-fluke-3031-550x550-1.png\" \/>\n\t<meta property=\"og:image:width\" content=\"550\" \/>\n\t<meta property=\"og:image:height\" content=\"550\" \/>\n\t<meta property=\"og:image:type\" content=\"image\/png\" \/>\n<meta name=\"twitter:card\" content=\"summary_large_image\" \/>\n<meta name=\"twitter:label1\" content=\"Dur\u00e9e de lecture estim\u00e9e\" \/>\n\t<meta name=\"twitter:data1\" content=\"2 minutes\" \/>\n<script type=\"application\/ld+json\" class=\"yoast-schema-graph\">{\"@context\":\"https:\/\/schema.org\",\"@graph\":[{\"@type\":\"WebPage\",\"@id\":\"https:\/\/adcelectronique.com\/index.php\/product\/amperemetrique-multimetre-numerique-fluke-303\/\",\"url\":\"https:\/\/adcelectronique.com\/index.php\/product\/amperemetrique-multimetre-numerique-fluke-303\/\",\"name\":\"Amp\u00e8rem\u00e9trique, Multim\u00e8tre Num\u00e9rique FLUKE 303 - ADC Electronique\",\"isPartOf\":{\"@id\":\"https:\/\/adcelectronique.com\/#website\"},\"primaryImageOfPage\":{\"@id\":\"https:\/\/adcelectronique.com\/index.php\/product\/amperemetrique-multimetre-numerique-fluke-303\/#primaryimage\"},\"image\":{\"@id\":\"https:\/\/adcelectronique.com\/index.php\/product\/amperemetrique-multimetre-numerique-fluke-303\/#primaryimage\"},\"thumbnailUrl\":\"https:\/\/adcelectronique.com\/wp-content\/uploads\/2026\/01\/pince-ampermetrique-fluke-3031-550x550-1.png\",\"datePublished\":\"2026-01-22T15:30:39+00:00\",\"dateModified\":\"2026-01-22T15:30:41+00:00\",\"description\":\"Description:Le compteur de pince ca compact Fluke 303 est facile \u00e0 utiliser et r\u00e9pond aux besoins de maintenance \u00e9lectrique de base. Il pr\u00e9sente les caract\u00e9ristiques suivantes: courant alternatif 600A,(Fluke303), qui peut r\u00e9pondre aux besoins de diff\u00e9rentes applications; la nouvelle conception du corps permet un compteur de pince Fluke 303 ca, il est plus compact et beau, et r\u00e9pond aux exigences du march\u00e9 en mati\u00e8re de taille, d'apparence et de sensation du produit.\",\"breadcrumb\":{\"@id\":\"https:\/\/adcelectronique.com\/index.php\/product\/amperemetrique-multimetre-numerique-fluke-303\/#breadcrumb\"},\"inLanguage\":\"fr-FR\",\"potentialAction\":[{\"@type\":\"ReadAction\",\"target\":[\"https:\/\/adcelectronique.com\/index.php\/product\/amperemetrique-multimetre-numerique-fluke-303\/\"]}]},{\"@type\":\"ImageObject\",\"inLanguage\":\"fr-FR\",\"@id\":\"https:\/\/adcelectronique.com\/index.php\/product\/amperemetrique-multimetre-numerique-fluke-303\/#primaryimage\",\"url\":\"https:\/\/adcelectronique.com\/wp-content\/uploads\/2026\/01\/pince-ampermetrique-fluke-3031-550x550-1.png\",\"contentUrl\":\"https:\/\/adcelectronique.com\/wp-content\/uploads\/2026\/01\/pince-ampermetrique-fluke-3031-550x550-1.png\",\"width\":550,\"height\":550},{\"@type\":\"BreadcrumbList\",\"@id\":\"https:\/\/adcelectronique.com\/index.php\/product\/amperemetrique-multimetre-numerique-fluke-303\/#breadcrumb\",\"itemListElement\":[{\"@type\":\"ListItem\",\"position\":1,\"name\":\"Home\",\"item\":\"https:\/\/adcelectronique.com\/\"},{\"@type\":\"ListItem\",\"position\":2,\"name\":\"Shop\",\"item\":\"https:\/\/adcelectronique.com\/index.php\/shop\/\"},{\"@type\":\"ListItem\",\"position\":3,\"name\":\"Amp\u00e8rem\u00e9trique, Multim\u00e8tre Num\u00e9rique FLUKE 303\"}]},{\"@type\":\"WebSite\",\"@id\":\"https:\/\/adcelectronique.com\/#website\",\"url\":\"https:\/\/adcelectronique.com\/\",\"name\":\"ADC Electronique\",\"description\":\"\",\"potentialAction\":[{\"@type\":\"SearchAction\",\"target\":{\"@type\":\"EntryPoint\",\"urlTemplate\":\"https:\/\/adcelectronique.com\/?s={search_term_string}\"},\"query-input\":{\"@type\":\"PropertyValueSpecification\",\"valueRequired\":true,\"valueName\":\"search_term_string\"}}],\"inLanguage\":\"fr-FR\"}]}<\/script>\n<!-- \/ Yoast SEO Premium plugin. -->","yoast_head_json":{"title":"Amp\u00e8rem\u00e9trique, Multim\u00e8tre Num\u00e9rique FLUKE 303 - ADC Electronique","description":"Description:Le compteur de pince ca compact Fluke 303 est facile \u00e0 utiliser et r\u00e9pond aux besoins de maintenance \u00e9lectrique de base. Il pr\u00e9sente les caract\u00e9ristiques suivantes: courant alternatif 600A,(Fluke303), qui peut r\u00e9pondre aux besoins de diff\u00e9rentes applications; la nouvelle conception du corps permet un compteur de pince Fluke 303 ca, il est plus compact et beau, et r\u00e9pond aux exigences du march\u00e9 en mati\u00e8re de taille, d'apparence et de sensation du produit.","robots":{"index":"index","follow":"follow","max-snippet":"max-snippet:-1","max-image-preview":"max-image-preview:large","max-video-preview":"max-video-preview:-1"},"canonical":"https:\/\/adcelectronique.com\/index.php\/product\/amperemetrique-multimetre-numerique-fluke-303\/","og_locale":"fr_FR","og_type":"article","og_title":"Amp\u00e8rem\u00e9trique, Multim\u00e8tre Num\u00e9rique FLUKE 303","og_description":"Description:Le compteur de pince ca compact Fluke 303 est facile \u00e0 utiliser et r\u00e9pond aux besoins de maintenance \u00e9lectrique de base. Il pr\u00e9sente les caract\u00e9ristiques suivantes: courant alternatif 600A,(Fluke303), qui peut r\u00e9pondre aux besoins de diff\u00e9rentes applications; la nouvelle conception du corps permet un compteur de pince Fluke 303 ca, il est plus compact et beau, et r\u00e9pond aux exigences du march\u00e9 en mati\u00e8re de taille, d'apparence et de sensation du produit.","og_url":"https:\/\/adcelectronique.com\/index.php\/product\/amperemetrique-multimetre-numerique-fluke-303\/","og_site_name":"ADC Electronique","article_modified_time":"2026-01-22T15:30:41+00:00","og_image":[{"width":550,"height":550,"url":"https:\/\/adcelectronique.com\/wp-content\/uploads\/2026\/01\/pince-ampermetrique-fluke-3031-550x550-1.png","type":"image\/png"}],"twitter_card":"summary_large_image","twitter_misc":{"Dur\u00e9e de lecture estim\u00e9e":"2 minutes"},"schema":{"@context":"https:\/\/schema.org","@graph":[{"@type":"WebPage","@id":"https:\/\/adcelectronique.com\/index.php\/product\/amperemetrique-multimetre-numerique-fluke-303\/","url":"https:\/\/adcelectronique.com\/index.php\/product\/amperemetrique-multimetre-numerique-fluke-303\/","name":"Amp\u00e8rem\u00e9trique, Multim\u00e8tre Num\u00e9rique FLUKE 303 - ADC Electronique","isPartOf":{"@id":"https:\/\/adcelectronique.com\/#website"},"primaryImageOfPage":{"@id":"https:\/\/adcelectronique.com\/index.php\/product\/amperemetrique-multimetre-numerique-fluke-303\/#primaryimage"},"image":{"@id":"https:\/\/adcelectronique.com\/index.php\/product\/amperemetrique-multimetre-numerique-fluke-303\/#primaryimage"},"thumbnailUrl":"https:\/\/adcelectronique.com\/wp-content\/uploads\/2026\/01\/pince-ampermetrique-fluke-3031-550x550-1.png","datePublished":"2026-01-22T15:30:39+00:00","dateModified":"2026-01-22T15:30:41+00:00","description":"Description:Le compteur de pince ca compact Fluke 303 est facile \u00e0 utiliser et r\u00e9pond aux besoins de maintenance \u00e9lectrique de base. Il pr\u00e9sente les caract\u00e9ristiques suivantes: courant alternatif 600A,(Fluke303), qui peut r\u00e9pondre aux besoins de diff\u00e9rentes applications; la nouvelle conception du corps permet un compteur de pince Fluke 303 ca, il est plus compact et beau, et r\u00e9pond aux exigences du march\u00e9 en mati\u00e8re de taille, d'apparence et de sensation du produit.","breadcrumb":{"@id":"https:\/\/adcelectronique.com\/index.php\/product\/amperemetrique-multimetre-numerique-fluke-303\/#breadcrumb"},"inLanguage":"fr-FR","potentialAction":[{"@type":"ReadAction","target":["https:\/\/adcelectronique.com\/index.php\/product\/amperemetrique-multimetre-numerique-fluke-303\/"]}]},{"@type":"ImageObject","inLanguage":"fr-FR","@id":"https:\/\/adcelectronique.com\/index.php\/product\/amperemetrique-multimetre-numerique-fluke-303\/#primaryimage","url":"https:\/\/adcelectronique.com\/wp-content\/uploads\/2026\/01\/pince-ampermetrique-fluke-3031-550x550-1.png","contentUrl":"https:\/\/adcelectronique.com\/wp-content\/uploads\/2026\/01\/pince-ampermetrique-fluke-3031-550x550-1.png","width":550,"height":550},{"@type":"BreadcrumbList","@id":"https:\/\/adcelectronique.com\/index.php\/product\/amperemetrique-multimetre-numerique-fluke-303\/#breadcrumb","itemListElement":[{"@type":"ListItem","position":1,"name":"Home","item":"https:\/\/adcelectronique.com\/"},{"@type":"ListItem","position":2,"name":"Shop","item":"https:\/\/adcelectronique.com\/index.php\/shop\/"},{"@type":"ListItem","position":3,"name":"Amp\u00e8rem\u00e9trique, Multim\u00e8tre Num\u00e9rique FLUKE 303"}]},{"@type":"WebSite","@id":"https:\/\/adcelectronique.com\/#website","url":"https:\/\/adcelectronique.com\/","name":"ADC Electronique","description":"","potentialAction":[{"@type":"SearchAction","target":{"@type":"EntryPoint","urlTemplate":"https:\/\/adcelectronique.com\/?s={search_term_string}"},"query-input":{"@type":"PropertyValueSpecification","valueRequired":true,"valueName":"search_term_string"}}],"inLanguage":"fr-FR"}]}},"_links":{"self":[{"href":"https:\/\/adcelectronique.com\/index.php\/wp-json\/wp\/v2\/product\/10230","targetHints":{"allow":["GET"]}}],"collection":[{"href":"https:\/\/adcelectronique.com\/index.php\/wp-json\/wp\/v2\/product"}],"about":[{"href":"https:\/\/adcelectronique.com\/index.php\/wp-json\/wp\/v2\/types\/product"}],"replies":[{"embeddable":true,"href":"https:\/\/adcelectronique.com\/index.php\/wp-json\/wp\/v2\/comments?post=10230"}],"version-history":[{"count":0,"href":"https:\/\/adcelectronique.com\/index.php\/wp-json\/wp\/v2\/product\/10230\/revisions"}],"wp:featuredmedia":[{"embeddable":true,"href":"https:\/\/adcelectronique.com\/index.php\/wp-json\/wp\/v2\/media\/10234"}],"wp:attachment":[{"href":"https:\/\/adcelectronique.com\/index.php\/wp-json\/wp\/v2\/media?parent=10230"}],"wp:term":[{"taxonomy":"product_brand","embeddable":true,"href":"https:\/\/adcelectronique.com\/index.php\/wp-json\/wp\/v2\/product_brand?post=10230"},{"taxonomy":"product_cat","embeddable":true,"href":"https:\/\/adcelectronique.com\/index.php\/wp-json\/wp\/v2\/product_cat?post=10230"},{"taxonomy":"product_tag","embeddable":true,"href":"https:\/\/adcelectronique.com\/index.php\/wp-json\/wp\/v2\/product_tag?post=10230"}],"curies":[{"name":"wp","href":"https:\/\/api.w.org\/{rel}","templated":true}]}}