{"id":10244,"date":"2026-01-25T09:13:37","date_gmt":"2026-01-25T09:13:37","guid":{"rendered":"https:\/\/adcelectronique.com\/?post_type=product&#038;p=10244"},"modified":"2026-02-08T14:52:55","modified_gmt":"2026-02-08T14:52:55","slug":"mesureur-de-resistance-disolation-uni-t-ut512","status":"publish","type":"product","link":"https:\/\/adcelectronique.com\/index.php\/product\/mesureur-de-resistance-disolation-uni-t-ut512\/","title":{"rendered":"MESUREUR DE R\u00c9SISTANCE D&rsquo;ISOLATION UNI-T- UT512"},"content":{"rendered":"<h2>\u00a0 \u00a0 \u00a0 \u00a0 \u00a0 \u00a0MESUREUR DE R\u00c9SISTANCE D&rsquo;ISOLATION UNI-T- UT512<\/h2>\n<div class=\"std\">\n<p>L&rsquo;UT512 est un testeur de r\u00e9sistance d&rsquo;isolation. L\u2019appareil de mesure est construit \u00e0 partir d&rsquo;un microprocesseur et \u00e9quip\u00e9 d&rsquo;un bon logiciel de mesure et de traitement des donn\u00e9es. Ces appareils de mesure sont essentiels pour d\u00e9terminer si les \u00e9quipements et les c\u00e2bles sont suffisamment isol\u00e9s pour supporter certaines tensions.<\/p>\n<p>L&rsquo;appareil de mesure peut mesurer jusqu&rsquo;\u00e0 600 V et peut effectuer des mesures en courant alternatif et continu.<\/p>\n<\/div>\n<h2>Accessoires<\/h2>\n<p>L&rsquo;UNI-T UT512 est livr\u00e9 avec :<\/p>\n<ul>\n<li>x1 cordon de mesure simple avec pinces crocodiles<\/li>\n<li>x1 c\u00e2ble USB<\/li>\n<li>x1 adaptateur d&rsquo;alimentation<\/li>\n<li>x8 piles (LR14)<\/li>\n<li>x1 bo\u00eete \u00e0 outils<\/li>\n<\/ul>\n<p>&nbsp;<\/p>\n<p>&nbsp;<\/p>\n<p>&nbsp;<\/p>\n<table style=\"font-weight: 400\" width=\"684\">\n<tbody>\n<tr>\n<td width=\"128\">Sp\u00e9cifications<\/td>\n<td width=\"128\"><\/td>\n<td width=\"128\">Gamme<\/td>\n<td width=\"128\">UT512<\/td>\n<\/tr>\n<tr>\n<td rowspan=\"5\" width=\"128\">R\u00e9sistance d&rsquo;isolation (\u03a9)<\/td>\n<td width=\"128\">Tensions de Test<\/td>\n<td width=\"128\">500V ~ 2500V<\/td>\n<td width=\"128\">0% ~ 20%<\/td>\n<\/tr>\n<tr>\n<td width=\"128\">500V<\/td>\n<td width=\"128\">0.5M\u03a9 ~ 5G\u03a9<\/td>\n<td width=\"128\">\u00b1(3% + 5)<\/td>\n<\/tr>\n<tr>\n<td width=\"128\">1000V<\/td>\n<td width=\"128\">2M\u03a9 ~ 10G\u03a9<\/td>\n<td width=\"128\">\u00b1(3% + 5)<\/td>\n<\/tr>\n<tr>\n<td width=\"128\">1500V<\/td>\n<td width=\"128\">5M\u03a9 ~ 20G\u03a9<\/td>\n<td width=\"128\">\u00b1(3% + 5)<\/td>\n<\/tr>\n<tr>\n<td width=\"128\"><\/td>\n<td width=\"128\">10M\u03a9 ~ 100G\u03a9<\/td>\n<td width=\"128\">\u00b1(3% + 5)<\/td>\n<\/tr>\n<tr>\n<td width=\"128\">Tension cc (V)<\/td>\n<td colspan=\"2\" width=\"256\">600V<\/td>\n<td width=\"128\">\u00b1(2% + 5)<\/td>\n<\/tr>\n<tr>\n<td width=\"128\">Tension ca (V)<\/td>\n<td colspan=\"2\" width=\"256\">600V<\/td>\n<td width=\"128\">\u00b1(2% + 5)<\/td>\n<\/tr>\n<tr>\n<td width=\"128\">Courant de court-circuit<\/td>\n<td colspan=\"2\" width=\"256\"><\/td>\n<td width=\"128\">&lt;1.8mA<\/td>\n<\/tr>\n<tr>\n<td colspan=\"4\" width=\"512\">Caract\u00e9ristiques<\/td>\n<\/tr>\n<tr>\n<td width=\"128\">Port\u00e9e automatique\/mise hors tension automatique<\/td>\n<td colspan=\"2\" width=\"256\"><\/td>\n<td width=\"128\">\u221a<\/td>\n<\/tr>\n<tr>\n<td width=\"128\">Indication de batterie faible<\/td>\n<td colspan=\"2\" width=\"256\"><\/td>\n<td width=\"128\">\u221a<\/td>\n<\/tr>\n<tr>\n<td width=\"128\">Stockage de donn\u00e9es<\/td>\n<td colspan=\"2\" width=\"256\"><\/td>\n<td width=\"128\">18<\/td>\n<\/tr>\n<tr>\n<td width=\"128\">Mesure comparative<\/td>\n<td colspan=\"2\" width=\"256\"><\/td>\n<td width=\"128\">\u221a<\/td>\n<\/tr>\n<tr>\n<td width=\"128\">Indice de polarisation (PI)<\/td>\n<td colspan=\"2\" width=\"256\"><\/td>\n<td width=\"128\">\u221a<\/td>\n<\/tr>\n<tr>\n<td width=\"128\">Rapport d&rsquo;absorption di\u00e9lectrique (DAR)<\/td>\n<td colspan=\"2\" width=\"256\"><\/td>\n<td width=\"128\">\u221a<\/td>\n<\/tr>\n<tr>\n<td width=\"128\">Interface USB<\/td>\n<td colspan=\"2\" width=\"256\"><\/td>\n<td width=\"128\">\u221a<\/td>\n<\/tr>\n<tr>\n<td width=\"128\">Graphique \u00e0 barres analogique<\/td>\n<td colspan=\"2\" width=\"256\"><\/td>\n<td width=\"128\">30<\/td>\n<\/tr>\n<tr>\n<td width=\"128\">R\u00e9tro\u00e9clairage LCD<\/td>\n<td colspan=\"2\" width=\"256\"><\/td>\n<td width=\"128\">\u221a<\/td>\n<\/tr>\n<tr>\n<td width=\"128\">De d\u00e9passement de gamme d&rsquo;avertissement<\/td>\n<td colspan=\"2\" width=\"256\"><\/td>\n<td width=\"128\">\u221a<\/td>\n<\/tr>\n<tr>\n<td width=\"128\">Haute tension indication<\/td>\n<td colspan=\"2\" width=\"256\"><\/td>\n<td width=\"128\">\u221a<\/td>\n<\/tr>\n<tr>\n<td width=\"128\">Mesure du temps<\/td>\n<td colspan=\"2\" width=\"256\">Environ 15 minutes<\/td>\n<td width=\"128\">\u221a<\/td>\n<\/tr>\n<tr>\n<td colspan=\"4\" width=\"512\">G\u00e9n\u00e9rales Caract\u00e9ristiques<\/td>\n<\/tr>\n<tr>\n<td width=\"128\">Puissance<\/td>\n<td colspan=\"3\" width=\"384\">Batterie 1.5V (LR14) x 8<\/td>\n<\/tr>\n<tr>\n<td width=\"128\">Affichage<\/td>\n<td colspan=\"3\" width=\"384\">123mm x 58mm<\/td>\n<\/tr>\n<tr>\n<td width=\"128\">Couleur du produit<\/td>\n<td colspan=\"3\" width=\"384\">Rouge et gris<\/td>\n<\/tr>\n<tr>\n<td width=\"128\">Poids net du produit<\/td>\n<td colspan=\"3\" width=\"384\">1.8kg<\/td>\n<\/tr>\n<tr>\n<td width=\"128\">Taille du produit<\/td>\n<td colspan=\"3\" width=\"384\">202mm x 155mm x 94mm<\/td>\n<\/tr>\n<tr>\n<td width=\"128\">Accessoires Standard<\/td>\n<td colspan=\"3\" width=\"384\">2 pi\u00e8ces d&rsquo;une prise de test pour un clip crocodile (noir et vert), 1 pi\u00e8ce de deux prises de test pour un clip crocodile (rouge), batteries, c\u00e2ble USB, CD de logiciel PC, adaptateur d&rsquo;alimentation<\/td>\n<\/tr>\n<tr>\n<td width=\"128\">Standard emballage individuel<\/td>\n<td colspan=\"3\" width=\"384\">Bo\u00eete-cadeau, bo\u00eete \u00e0 outils, manuel en anglais<\/td>\n<\/tr>\n<tr>\n<td width=\"128\">Norme quantit\u00e9 par carton<\/td>\n<td colspan=\"3\" width=\"384\">4pcs<\/td>\n<\/tr>\n<tr>\n<td width=\"128\">Carton Standard de mesure<\/td>\n<td colspan=\"3\" width=\"384\">505mm x 345mm x 345mm<\/td>\n<\/tr>\n<\/tbody>\n<\/table>\n<p>&nbsp;<\/p>\n<p>&nbsp;<\/p>\n","protected":false},"excerpt":{"rendered":"<div class=\"std\">\n<p>L&rsquo;UT512 est un testeur de r\u00e9sistance d&rsquo;isolation. L\u2019appareil de mesure est construit \u00e0 partir d&rsquo;un microprocesseur et \u00e9quip\u00e9 d&rsquo;un bon logiciel de mesure et de traitement des donn\u00e9es. Ces appareils de mesure sont essentiels pour d\u00e9terminer si les \u00e9quipements et les c\u00e2bles sont suffisamment isol\u00e9s pour supporter certaines tensions.<\/p>\n<p>L&rsquo;appareil de mesure peut mesurer jusqu&rsquo;\u00e0 600 V et peut effectuer des mesures en courant alternatif et continu.<\/p>\n<\/div>\n<h2>Accessoires<\/h2>\n<p>L&rsquo;UNI-T UT512 est livr\u00e9 avec :<\/p>\n<ul>\n<li>x1 cordon de mesure simple avec pinces crocodiles<\/li>\n<li>x1 c\u00e2ble USB<\/li>\n<li>x1 adaptateur d&rsquo;alimentation<\/li>\n<li>x8 piles (LR14)<\/li>\n<li>x1 bo\u00eete \u00e0 outils<\/li>\n<\/ul>\n","protected":false},"featured_media":10245,"comment_status":"open","ping_status":"closed","template":"","meta":[],"product_brand":[123],"product_cat":[118,127],"product_tag":[],"class_list":{"0":"post-10244","1":"product","2":"type-product","3":"status-publish","4":"has-post-thumbnail","6":"product_brand-uni-t","7":"product_cat-multimetre","8":"product_cat-testeur","10":"first","11":"instock","12":"shipping-taxable","13":"purchasable","14":"product-type-simple"},"yoast_head":"<!-- This site is optimized with the Yoast SEO Premium plugin v26.2 (Yoast SEO v26.2) - https:\/\/yoast.com\/wordpress\/plugins\/seo\/ -->\n<title>MESUREUR DE R\u00c9SISTANCE D&#039;ISOLATION UNI-T- UT512 - ADC Electronique<\/title>\n<meta name=\"description\" content=\"L&#039;UT512 est un testeur de r\u00e9sistance d&#039;isolation. L\u2019appareil de mesure est construit \u00e0 partir d&#039;un microprocesseur et \u00e9quip\u00e9 d&#039;un bon logiciel de mesure et de traitement des donn\u00e9es. Ces appareils de mesure sont essentiels pour d\u00e9terminer si les \u00e9quipements et les c\u00e2bles sont suffisamment isol\u00e9s pour supporter certaines tensions.L&#039;appareil de mesure peut mesurer jusqu&#039;\u00e0 600 V et peut effectuer des mesures en courant alternatif et continu.AccessoiresL&#039;UNI-T UT512 est livr\u00e9 avec :x1 cordon de mesure simple avec pinces crocodilesx1 c\u00e2ble USBx1 adaptateur d&#039;alimentationx8 piles (LR14)x1 bo\u00eete \u00e0 outils\" \/>\n<meta name=\"robots\" content=\"index, follow, max-snippet:-1, max-image-preview:large, max-video-preview:-1\" \/>\n<link rel=\"canonical\" href=\"https:\/\/adcelectronique.com\/index.php\/product\/mesureur-de-resistance-disolation-uni-t-ut512\/\" \/>\n<meta property=\"og:locale\" content=\"fr_FR\" \/>\n<meta property=\"og:type\" content=\"article\" \/>\n<meta property=\"og:title\" content=\"MESUREUR DE R\u00c9SISTANCE D&#039;ISOLATION UNI-T- UT512\" \/>\n<meta property=\"og:description\" content=\"L&#039;UT512 est un testeur de r\u00e9sistance d&#039;isolation. L\u2019appareil de mesure est construit \u00e0 partir d&#039;un microprocesseur et \u00e9quip\u00e9 d&#039;un bon logiciel de mesure et de traitement des donn\u00e9es. Ces appareils de mesure sont essentiels pour d\u00e9terminer si les \u00e9quipements et les c\u00e2bles sont suffisamment isol\u00e9s pour supporter certaines tensions.L&#039;appareil de mesure peut mesurer jusqu&#039;\u00e0 600 V et peut effectuer des mesures en courant alternatif et continu.AccessoiresL&#039;UNI-T UT512 est livr\u00e9 avec :x1 cordon de mesure simple avec pinces crocodilesx1 c\u00e2ble USBx1 adaptateur d&#039;alimentationx8 piles (LR14)x1 bo\u00eete \u00e0 outils\" \/>\n<meta property=\"og:url\" content=\"https:\/\/adcelectronique.com\/index.php\/product\/mesureur-de-resistance-disolation-uni-t-ut512\/\" \/>\n<meta property=\"og:site_name\" content=\"ADC Electronique\" \/>\n<meta property=\"article:modified_time\" content=\"2026-02-08T14:52:55+00:00\" \/>\n<meta property=\"og:image\" content=\"https:\/\/adcelectronique.com\/wp-content\/uploads\/2026\/01\/38e77f14570cdce88fc4567edcc3c68f-1-1200x1521-1.jpg\" \/>\n\t<meta property=\"og:image:width\" content=\"1200\" \/>\n\t<meta property=\"og:image:height\" content=\"1521\" \/>\n\t<meta property=\"og:image:type\" content=\"image\/jpeg\" \/>\n<meta name=\"twitter:card\" content=\"summary_large_image\" \/>\n<meta name=\"twitter:label1\" content=\"Dur\u00e9e de lecture estim\u00e9e\" \/>\n\t<meta name=\"twitter:data1\" content=\"2 minutes\" \/>\n<script type=\"application\/ld+json\" class=\"yoast-schema-graph\">{\"@context\":\"https:\/\/schema.org\",\"@graph\":[{\"@type\":\"WebPage\",\"@id\":\"https:\/\/adcelectronique.com\/index.php\/product\/mesureur-de-resistance-disolation-uni-t-ut512\/\",\"url\":\"https:\/\/adcelectronique.com\/index.php\/product\/mesureur-de-resistance-disolation-uni-t-ut512\/\",\"name\":\"MESUREUR DE R\u00c9SISTANCE D'ISOLATION UNI-T- UT512 - ADC Electronique\",\"isPartOf\":{\"@id\":\"https:\/\/adcelectronique.com\/#website\"},\"primaryImageOfPage\":{\"@id\":\"https:\/\/adcelectronique.com\/index.php\/product\/mesureur-de-resistance-disolation-uni-t-ut512\/#primaryimage\"},\"image\":{\"@id\":\"https:\/\/adcelectronique.com\/index.php\/product\/mesureur-de-resistance-disolation-uni-t-ut512\/#primaryimage\"},\"thumbnailUrl\":\"https:\/\/adcelectronique.com\/wp-content\/uploads\/2026\/01\/38e77f14570cdce88fc4567edcc3c68f-1-1200x1521-1.jpg\",\"datePublished\":\"2026-01-25T09:13:37+00:00\",\"dateModified\":\"2026-02-08T14:52:55+00:00\",\"description\":\"L'UT512 est un testeur de r\u00e9sistance d'isolation. L\u2019appareil de mesure est construit \u00e0 partir d'un microprocesseur et \u00e9quip\u00e9 d'un bon logiciel de mesure et de traitement des donn\u00e9es. Ces appareils de mesure sont essentiels pour d\u00e9terminer si les \u00e9quipements et les c\u00e2bles sont suffisamment isol\u00e9s pour supporter certaines tensions.L'appareil de mesure peut mesurer jusqu'\u00e0 600 V et peut effectuer des mesures en courant alternatif et continu.AccessoiresL'UNI-T UT512 est livr\u00e9 avec :x1 cordon de mesure simple avec pinces crocodilesx1 c\u00e2ble USBx1 adaptateur d'alimentationx8 piles (LR14)x1 bo\u00eete \u00e0 outils\",\"breadcrumb\":{\"@id\":\"https:\/\/adcelectronique.com\/index.php\/product\/mesureur-de-resistance-disolation-uni-t-ut512\/#breadcrumb\"},\"inLanguage\":\"fr-FR\",\"potentialAction\":[{\"@type\":\"ReadAction\",\"target\":[\"https:\/\/adcelectronique.com\/index.php\/product\/mesureur-de-resistance-disolation-uni-t-ut512\/\"]}]},{\"@type\":\"ImageObject\",\"inLanguage\":\"fr-FR\",\"@id\":\"https:\/\/adcelectronique.com\/index.php\/product\/mesureur-de-resistance-disolation-uni-t-ut512\/#primaryimage\",\"url\":\"https:\/\/adcelectronique.com\/wp-content\/uploads\/2026\/01\/38e77f14570cdce88fc4567edcc3c68f-1-1200x1521-1.jpg\",\"contentUrl\":\"https:\/\/adcelectronique.com\/wp-content\/uploads\/2026\/01\/38e77f14570cdce88fc4567edcc3c68f-1-1200x1521-1.jpg\",\"width\":1200,\"height\":1521},{\"@type\":\"BreadcrumbList\",\"@id\":\"https:\/\/adcelectronique.com\/index.php\/product\/mesureur-de-resistance-disolation-uni-t-ut512\/#breadcrumb\",\"itemListElement\":[{\"@type\":\"ListItem\",\"position\":1,\"name\":\"Home\",\"item\":\"https:\/\/adcelectronique.com\/\"},{\"@type\":\"ListItem\",\"position\":2,\"name\":\"Shop\",\"item\":\"https:\/\/adcelectronique.com\/index.php\/shop\/\"},{\"@type\":\"ListItem\",\"position\":3,\"name\":\"MESUREUR DE R\u00c9SISTANCE D&rsquo;ISOLATION UNI-T- UT512\"}]},{\"@type\":\"WebSite\",\"@id\":\"https:\/\/adcelectronique.com\/#website\",\"url\":\"https:\/\/adcelectronique.com\/\",\"name\":\"ADC Electronique\",\"description\":\"\",\"potentialAction\":[{\"@type\":\"SearchAction\",\"target\":{\"@type\":\"EntryPoint\",\"urlTemplate\":\"https:\/\/adcelectronique.com\/?s={search_term_string}\"},\"query-input\":{\"@type\":\"PropertyValueSpecification\",\"valueRequired\":true,\"valueName\":\"search_term_string\"}}],\"inLanguage\":\"fr-FR\"}]}<\/script>\n<!-- \/ Yoast SEO Premium plugin. -->","yoast_head_json":{"title":"MESUREUR DE R\u00c9SISTANCE D'ISOLATION UNI-T- UT512 - ADC Electronique","description":"L'UT512 est un testeur de r\u00e9sistance d'isolation. L\u2019appareil de mesure est construit \u00e0 partir d'un microprocesseur et \u00e9quip\u00e9 d'un bon logiciel de mesure et de traitement des donn\u00e9es. Ces appareils de mesure sont essentiels pour d\u00e9terminer si les \u00e9quipements et les c\u00e2bles sont suffisamment isol\u00e9s pour supporter certaines tensions.L'appareil de mesure peut mesurer jusqu'\u00e0 600 V et peut effectuer des mesures en courant alternatif et continu.AccessoiresL'UNI-T UT512 est livr\u00e9 avec :x1 cordon de mesure simple avec pinces crocodilesx1 c\u00e2ble USBx1 adaptateur d'alimentationx8 piles (LR14)x1 bo\u00eete \u00e0 outils","robots":{"index":"index","follow":"follow","max-snippet":"max-snippet:-1","max-image-preview":"max-image-preview:large","max-video-preview":"max-video-preview:-1"},"canonical":"https:\/\/adcelectronique.com\/index.php\/product\/mesureur-de-resistance-disolation-uni-t-ut512\/","og_locale":"fr_FR","og_type":"article","og_title":"MESUREUR DE R\u00c9SISTANCE D'ISOLATION UNI-T- UT512","og_description":"L'UT512 est un testeur de r\u00e9sistance d'isolation. L\u2019appareil de mesure est construit \u00e0 partir d'un microprocesseur et \u00e9quip\u00e9 d'un bon logiciel de mesure et de traitement des donn\u00e9es. Ces appareils de mesure sont essentiels pour d\u00e9terminer si les \u00e9quipements et les c\u00e2bles sont suffisamment isol\u00e9s pour supporter certaines tensions.L'appareil de mesure peut mesurer jusqu'\u00e0 600 V et peut effectuer des mesures en courant alternatif et continu.AccessoiresL'UNI-T UT512 est livr\u00e9 avec :x1 cordon de mesure simple avec pinces crocodilesx1 c\u00e2ble USBx1 adaptateur d'alimentationx8 piles (LR14)x1 bo\u00eete \u00e0 outils","og_url":"https:\/\/adcelectronique.com\/index.php\/product\/mesureur-de-resistance-disolation-uni-t-ut512\/","og_site_name":"ADC Electronique","article_modified_time":"2026-02-08T14:52:55+00:00","og_image":[{"width":1200,"height":1521,"url":"https:\/\/adcelectronique.com\/wp-content\/uploads\/2026\/01\/38e77f14570cdce88fc4567edcc3c68f-1-1200x1521-1.jpg","type":"image\/jpeg"}],"twitter_card":"summary_large_image","twitter_misc":{"Dur\u00e9e de lecture estim\u00e9e":"2 minutes"},"schema":{"@context":"https:\/\/schema.org","@graph":[{"@type":"WebPage","@id":"https:\/\/adcelectronique.com\/index.php\/product\/mesureur-de-resistance-disolation-uni-t-ut512\/","url":"https:\/\/adcelectronique.com\/index.php\/product\/mesureur-de-resistance-disolation-uni-t-ut512\/","name":"MESUREUR DE R\u00c9SISTANCE D'ISOLATION UNI-T- UT512 - ADC Electronique","isPartOf":{"@id":"https:\/\/adcelectronique.com\/#website"},"primaryImageOfPage":{"@id":"https:\/\/adcelectronique.com\/index.php\/product\/mesureur-de-resistance-disolation-uni-t-ut512\/#primaryimage"},"image":{"@id":"https:\/\/adcelectronique.com\/index.php\/product\/mesureur-de-resistance-disolation-uni-t-ut512\/#primaryimage"},"thumbnailUrl":"https:\/\/adcelectronique.com\/wp-content\/uploads\/2026\/01\/38e77f14570cdce88fc4567edcc3c68f-1-1200x1521-1.jpg","datePublished":"2026-01-25T09:13:37+00:00","dateModified":"2026-02-08T14:52:55+00:00","description":"L'UT512 est un testeur de r\u00e9sistance d'isolation. L\u2019appareil de mesure est construit \u00e0 partir d'un microprocesseur et \u00e9quip\u00e9 d'un bon logiciel de mesure et de traitement des donn\u00e9es. Ces appareils de mesure sont essentiels pour d\u00e9terminer si les \u00e9quipements et les c\u00e2bles sont suffisamment isol\u00e9s pour supporter certaines tensions.L'appareil de mesure peut mesurer jusqu'\u00e0 600 V et peut effectuer des mesures en courant alternatif et continu.AccessoiresL'UNI-T UT512 est livr\u00e9 avec :x1 cordon de mesure simple avec pinces crocodilesx1 c\u00e2ble USBx1 adaptateur d'alimentationx8 piles (LR14)x1 bo\u00eete \u00e0 outils","breadcrumb":{"@id":"https:\/\/adcelectronique.com\/index.php\/product\/mesureur-de-resistance-disolation-uni-t-ut512\/#breadcrumb"},"inLanguage":"fr-FR","potentialAction":[{"@type":"ReadAction","target":["https:\/\/adcelectronique.com\/index.php\/product\/mesureur-de-resistance-disolation-uni-t-ut512\/"]}]},{"@type":"ImageObject","inLanguage":"fr-FR","@id":"https:\/\/adcelectronique.com\/index.php\/product\/mesureur-de-resistance-disolation-uni-t-ut512\/#primaryimage","url":"https:\/\/adcelectronique.com\/wp-content\/uploads\/2026\/01\/38e77f14570cdce88fc4567edcc3c68f-1-1200x1521-1.jpg","contentUrl":"https:\/\/adcelectronique.com\/wp-content\/uploads\/2026\/01\/38e77f14570cdce88fc4567edcc3c68f-1-1200x1521-1.jpg","width":1200,"height":1521},{"@type":"BreadcrumbList","@id":"https:\/\/adcelectronique.com\/index.php\/product\/mesureur-de-resistance-disolation-uni-t-ut512\/#breadcrumb","itemListElement":[{"@type":"ListItem","position":1,"name":"Home","item":"https:\/\/adcelectronique.com\/"},{"@type":"ListItem","position":2,"name":"Shop","item":"https:\/\/adcelectronique.com\/index.php\/shop\/"},{"@type":"ListItem","position":3,"name":"MESUREUR DE R\u00c9SISTANCE D&rsquo;ISOLATION UNI-T- UT512"}]},{"@type":"WebSite","@id":"https:\/\/adcelectronique.com\/#website","url":"https:\/\/adcelectronique.com\/","name":"ADC Electronique","description":"","potentialAction":[{"@type":"SearchAction","target":{"@type":"EntryPoint","urlTemplate":"https:\/\/adcelectronique.com\/?s={search_term_string}"},"query-input":{"@type":"PropertyValueSpecification","valueRequired":true,"valueName":"search_term_string"}}],"inLanguage":"fr-FR"}]}},"_links":{"self":[{"href":"https:\/\/adcelectronique.com\/index.php\/wp-json\/wp\/v2\/product\/10244","targetHints":{"allow":["GET"]}}],"collection":[{"href":"https:\/\/adcelectronique.com\/index.php\/wp-json\/wp\/v2\/product"}],"about":[{"href":"https:\/\/adcelectronique.com\/index.php\/wp-json\/wp\/v2\/types\/product"}],"replies":[{"embeddable":true,"href":"https:\/\/adcelectronique.com\/index.php\/wp-json\/wp\/v2\/comments?post=10244"}],"version-history":[{"count":0,"href":"https:\/\/adcelectronique.com\/index.php\/wp-json\/wp\/v2\/product\/10244\/revisions"}],"wp:featuredmedia":[{"embeddable":true,"href":"https:\/\/adcelectronique.com\/index.php\/wp-json\/wp\/v2\/media\/10245"}],"wp:attachment":[{"href":"https:\/\/adcelectronique.com\/index.php\/wp-json\/wp\/v2\/media?parent=10244"}],"wp:term":[{"taxonomy":"product_brand","embeddable":true,"href":"https:\/\/adcelectronique.com\/index.php\/wp-json\/wp\/v2\/product_brand?post=10244"},{"taxonomy":"product_cat","embeddable":true,"href":"https:\/\/adcelectronique.com\/index.php\/wp-json\/wp\/v2\/product_cat?post=10244"},{"taxonomy":"product_tag","embeddable":true,"href":"https:\/\/adcelectronique.com\/index.php\/wp-json\/wp\/v2\/product_tag?post=10244"}],"curies":[{"name":"wp","href":"https:\/\/api.w.org\/{rel}","templated":true}]}}