{"id":10253,"date":"2026-01-25T09:22:53","date_gmt":"2026-01-25T09:22:53","guid":{"rendered":"https:\/\/adcelectronique.com\/?post_type=product&#038;p=10253"},"modified":"2026-02-08T14:47:49","modified_gmt":"2026-02-08T14:47:49","slug":"mesureur-de-resistance-de-mise-a-la-terre-uni-t-ut522","status":"publish","type":"product","link":"https:\/\/adcelectronique.com\/index.php\/product\/mesureur-de-resistance-de-mise-a-la-terre-uni-t-ut522\/","title":{"rendered":"MESUREUR DE RESISTANCE DE MISE A LA TERRE UNI-T -UT522"},"content":{"rendered":"<p>&nbsp;<\/p>\n<h4>\u00a0 \u00a0 \u00a0 \u00a0 \u00a0 \u00a0 \u00a0 \u00a0 \u00a0 \u00a0 \u00a0 \u00a0 \u00a0 \u00a0 \u00a0 \u00a0 \u00a0 \u00a0 \u00a0 \u00a0 \u00a0 \u00a0MESUREUR DE RESISTANCE DE MISE A LA TERRE UNI-T -UT522<\/h4>\n<p>L&rsquo;UT522 est un testeur de r\u00e9sistance de terre avec une gamme plus large et un comptage plus \u00e9lev\u00e9 que les autres appareils de la s\u00e9rie UT520 tels que l&rsquo;\u00a0<a href=\"https:\/\/eleshop.fr\/test-mesure\/autres-metres\/compteurs-resistance-terre\/uni-t-ut521-earth-resistance-tester.html\">UT521<\/a>. Les r\u00e9sistances de terre sont destin\u00e9es \u00e0 mesurer la mise \u00e0 la terre des syst\u00e8mes \u00e9lectriques. Diverses applications n\u00e9cessitent une bonne connexion \u00e0 la terre, par exemple pour dissiper les surtensions ou les coups de foudre. Les testeurs de terre fonctionnent avec des broches qui doivent \u00eatre ins\u00e9r\u00e9es dans un sol humide. En outre, un fil de connexion pour l&rsquo;objet \u00e0 mesurer est inclus pour la comparaison avec la terre.<\/p>\n<p>Les broches fournies sont destin\u00e9es \u00e0 mesurer la r\u00e9sistance du sol afin de d\u00e9terminer si celui-ci se pr\u00eate \u00e0 l&rsquo;insertion d&rsquo;une broche de mise \u00e0 la terre.<\/p>\n<h2>Accessoires<\/h2>\n<p>Le UT522 est livr\u00e9 avec :<\/p>\n<ul>\n<li>Cordons de mesure (vert (5 m), jaune (10 m), rouge (20 m))<\/li>\n<li>Cordons de mesure avec pinces crocodiles<\/li>\n<li>2 broches de terre<\/li>\n<li>Piles<\/li>\n<li>Mallette de transport<\/li>\n<\/ul>\n<h2><\/h2>\n<h2><\/h2>\n<h2><\/h2>\n<h2>Sp\u00e9cifications<\/h2>\n<table class=\"table table-striped\">\n<tbody>\n<tr>\n<td><strong>\u00c9cran de comptage<\/strong><\/td>\n<td>4 000<\/td>\n<\/tr>\n<tr>\n<td colspan=\"2\"><strong>Champs et pr\u00e9cision<\/strong><\/td>\n<\/tr>\n<tr>\n<td colspan=\"2\">\n<table align=\"right\">\n<tbody>\n<tr>\n<td rowspan=\"3\"><strong>R\u00e9sistance \u00e0 la terre<\/strong><\/td>\n<td>0 &#8211; 40 \u2126<\/td>\n<td>\u00b1(2 % + 20)<\/td>\n<\/tr>\n<tr>\n<td>0 &#8211; 400 \u2126<\/td>\n<td>\u00b1(2 % + 3)<\/td>\n<\/tr>\n<tr>\n<td>0 &#8211; 4000 \u2126<\/td>\n<td>\u00b1(2 % + 3)<\/td>\n<\/tr>\n<tr>\n<td><strong>Tension de terre CA (V) (50\/60 Hz)<\/strong><\/td>\n<td>0 &#8211; 400 V<\/td>\n<td>\u00b1(1 % + 6)<\/td>\n<\/tr>\n<\/tbody>\n<\/table>\n<\/td>\n<\/tr>\n<tr>\n<td><strong>Autres fonctions<\/strong><\/td>\n<td>R\u00e9tro-\u00e9clairage LCD, r\u00e9tention des donn\u00e9es (20 emplacements), double protection d&rsquo;isolation, avertissement de mauvais contact, indication de surcharge<\/td>\n<\/tr>\n<tr>\n<td><strong>\u00c9cran<\/strong><\/td>\n<td>70,6 x 34 mm<\/td>\n<\/tr>\n<tr>\n<td><strong>Puissance<\/strong><\/td>\n<td>6 piles de 1,5 V (inclus)<\/td>\n<\/tr>\n<tr>\n<td><strong>Dimensions<\/strong><\/td>\n<td>160 x 100 x 70,5 mm<\/td>\n<\/tr>\n<tr>\n<td><strong>Poids<\/strong><\/td>\n<td>560 grammes<\/td>\n<\/tr>\n<\/tbody>\n<\/table>\n","protected":false},"excerpt":{"rendered":"<h4>\u00a0 \u00a0 \u00a0 \u00a0 \u00a0 \u00a0 \u00a0MESUREUR DE RESISTANCE DE MISE A LA TERRE UNI-T -UT522<\/h4>\n<p>L&rsquo;UT522 est un testeur de r\u00e9sistance de terre avec une gamme plus large et un comptage plus \u00e9lev\u00e9 que les autres appareils de la s\u00e9rie UT520 tels que l&rsquo;\u00a0<a href=\"https:\/\/eleshop.fr\/test-mesure\/autres-metres\/compteurs-resistance-terre\/uni-t-ut521-earth-resistance-tester.html\">UT521<\/a>. Les r\u00e9sistances de terre sont destin\u00e9es \u00e0 mesurer la mise \u00e0 la terre des syst\u00e8mes \u00e9lectriques. Diverses applications n\u00e9cessitent une bonne connexion \u00e0 la terre, par exemple pour dissiper les surtensions ou les coups de foudre. Les testeurs de terre fonctionnent avec des broches qui doivent \u00eatre ins\u00e9r\u00e9es dans un sol humide. En outre, un fil de connexion pour l&rsquo;objet \u00e0 mesurer est inclus pour la comparaison avec la terre.<\/p>\n<p>Les broches fournies sont destin\u00e9es \u00e0 mesurer la r\u00e9sistance du sol afin de d\u00e9terminer si celui-ci se pr\u00eate \u00e0 l&rsquo;insertion d&rsquo;une broche de mise \u00e0 la terre.<\/p>\n<h2>Accessoires<\/h2>\n<p>Le UT522 est livr\u00e9 avec :<\/p>\n<ul>\n<li>Cordons de mesure (vert (5 m), jaune (10 m), rouge (20 m))<\/li>\n<li>Cordons de mesure avec pinces crocodiles<\/li>\n<li>2 broches de terre<\/li>\n<li>Piles<\/li>\n<li>Mallette de transport<\/li>\n<\/ul>\n","protected":false},"featured_media":10254,"comment_status":"open","ping_status":"closed","template":"","meta":[],"product_brand":[123],"product_cat":[118,127],"product_tag":[],"class_list":{"0":"post-10253","1":"product","2":"type-product","3":"status-publish","4":"has-post-thumbnail","6":"product_brand-uni-t","7":"product_cat-multimetre","8":"product_cat-testeur","10":"first","11":"instock","12":"shipping-taxable","13":"purchasable","14":"product-type-simple"},"yoast_head":"<!-- This site is optimized with the Yoast SEO Premium plugin v26.2 (Yoast SEO v26.2) - https:\/\/yoast.com\/wordpress\/plugins\/seo\/ -->\n<title>MESUREUR DE RESISTANCE DE MISE A LA TERRE UNI-T -UT522 - ADC Electronique<\/title>\n<meta name=\"description\" content=\"\u00a0 \u00a0 \u00a0 \u00a0 \u00a0 \u00a0 \u00a0MESUREUR DE RESISTANCE DE MISE A LA TERRE UNI-T -UT522L&#039;UT522 est un testeur de r\u00e9sistance de terre avec une gamme plus large et un comptage plus \u00e9lev\u00e9 que les autres appareils de la s\u00e9rie UT520 tels que l&#039;\u00a0UT521. Les r\u00e9sistances de terre sont destin\u00e9es \u00e0 mesurer la mise \u00e0 la terre des syst\u00e8mes \u00e9lectriques. Diverses applications n\u00e9cessitent une bonne connexion \u00e0 la terre, par exemple pour dissiper les surtensions ou les coups de foudre. Les testeurs de terre fonctionnent avec des broches qui doivent \u00eatre ins\u00e9r\u00e9es dans un sol humide. En outre, un fil de connexion pour l&#039;objet \u00e0 mesurer est inclus pour la comparaison avec la terre.Les broches fournies sont destin\u00e9es \u00e0 mesurer la r\u00e9sistance du sol afin de d\u00e9terminer si celui-ci se pr\u00eate \u00e0 l&#039;insertion d&#039;une broche de mise \u00e0 la terre.AccessoiresLe UT522 est livr\u00e9 avec :Cordons de mesure (vert (5 m), jaune (10 m), rouge (20 m))Cordons de mesure avec pinces crocodiles2 broches de terrePilesMallette de transport\" \/>\n<meta name=\"robots\" content=\"index, follow, max-snippet:-1, max-image-preview:large, max-video-preview:-1\" \/>\n<link rel=\"canonical\" href=\"https:\/\/adcelectronique.com\/index.php\/product\/mesureur-de-resistance-de-mise-a-la-terre-uni-t-ut522\/\" \/>\n<meta property=\"og:locale\" content=\"fr_FR\" \/>\n<meta property=\"og:type\" content=\"article\" \/>\n<meta property=\"og:title\" content=\"MESUREUR DE RESISTANCE DE MISE A LA TERRE UNI-T -UT522\" \/>\n<meta property=\"og:description\" content=\"\u00a0 \u00a0 \u00a0 \u00a0 \u00a0 \u00a0 \u00a0MESUREUR DE RESISTANCE DE MISE A LA TERRE UNI-T -UT522L&#039;UT522 est un testeur de r\u00e9sistance de terre avec une gamme plus large et un comptage plus \u00e9lev\u00e9 que les autres appareils de la s\u00e9rie UT520 tels que l&#039;\u00a0UT521. Les r\u00e9sistances de terre sont destin\u00e9es \u00e0 mesurer la mise \u00e0 la terre des syst\u00e8mes \u00e9lectriques. Diverses applications n\u00e9cessitent une bonne connexion \u00e0 la terre, par exemple pour dissiper les surtensions ou les coups de foudre. Les testeurs de terre fonctionnent avec des broches qui doivent \u00eatre ins\u00e9r\u00e9es dans un sol humide. En outre, un fil de connexion pour l&#039;objet \u00e0 mesurer est inclus pour la comparaison avec la terre.Les broches fournies sont destin\u00e9es \u00e0 mesurer la r\u00e9sistance du sol afin de d\u00e9terminer si celui-ci se pr\u00eate \u00e0 l&#039;insertion d&#039;une broche de mise \u00e0 la terre.AccessoiresLe UT522 est livr\u00e9 avec :Cordons de mesure (vert (5 m), jaune (10 m), rouge (20 m))Cordons de mesure avec pinces crocodiles2 broches de terrePilesMallette de transport\" \/>\n<meta property=\"og:url\" content=\"https:\/\/adcelectronique.com\/index.php\/product\/mesureur-de-resistance-de-mise-a-la-terre-uni-t-ut522\/\" \/>\n<meta property=\"og:site_name\" content=\"ADC Electronique\" \/>\n<meta property=\"article:modified_time\" content=\"2026-02-08T14:47:49+00:00\" \/>\n<meta property=\"og:image\" content=\"https:\/\/adcelectronique.com\/wp-content\/uploads\/2026\/01\/41VxovmIaL._AC_UF10001000_QL80_.jpg\" \/>\n\t<meta property=\"og:image:width\" content=\"1000\" \/>\n\t<meta property=\"og:image:height\" content=\"686\" \/>\n\t<meta property=\"og:image:type\" content=\"image\/jpeg\" \/>\n<meta name=\"twitter:card\" content=\"summary_large_image\" \/>\n<meta name=\"twitter:label1\" content=\"Dur\u00e9e de lecture estim\u00e9e\" \/>\n\t<meta name=\"twitter:data1\" content=\"2 minutes\" \/>\n<script type=\"application\/ld+json\" class=\"yoast-schema-graph\">{\"@context\":\"https:\/\/schema.org\",\"@graph\":[{\"@type\":\"WebPage\",\"@id\":\"https:\/\/adcelectronique.com\/index.php\/product\/mesureur-de-resistance-de-mise-a-la-terre-uni-t-ut522\/\",\"url\":\"https:\/\/adcelectronique.com\/index.php\/product\/mesureur-de-resistance-de-mise-a-la-terre-uni-t-ut522\/\",\"name\":\"MESUREUR DE RESISTANCE DE MISE A LA TERRE UNI-T -UT522 - ADC Electronique\",\"isPartOf\":{\"@id\":\"https:\/\/adcelectronique.com\/#website\"},\"primaryImageOfPage\":{\"@id\":\"https:\/\/adcelectronique.com\/index.php\/product\/mesureur-de-resistance-de-mise-a-la-terre-uni-t-ut522\/#primaryimage\"},\"image\":{\"@id\":\"https:\/\/adcelectronique.com\/index.php\/product\/mesureur-de-resistance-de-mise-a-la-terre-uni-t-ut522\/#primaryimage\"},\"thumbnailUrl\":\"https:\/\/adcelectronique.com\/wp-content\/uploads\/2026\/01\/41VxovmIaL._AC_UF10001000_QL80_.jpg\",\"datePublished\":\"2026-01-25T09:22:53+00:00\",\"dateModified\":\"2026-02-08T14:47:49+00:00\",\"description\":\"\u00a0 \u00a0 \u00a0 \u00a0 \u00a0 \u00a0 \u00a0MESUREUR DE RESISTANCE DE MISE A LA TERRE UNI-T -UT522L'UT522 est un testeur de r\u00e9sistance de terre avec une gamme plus large et un comptage plus \u00e9lev\u00e9 que les autres appareils de la s\u00e9rie UT520 tels que l'\u00a0UT521. Les r\u00e9sistances de terre sont destin\u00e9es \u00e0 mesurer la mise \u00e0 la terre des syst\u00e8mes \u00e9lectriques. Diverses applications n\u00e9cessitent une bonne connexion \u00e0 la terre, par exemple pour dissiper les surtensions ou les coups de foudre. Les testeurs de terre fonctionnent avec des broches qui doivent \u00eatre ins\u00e9r\u00e9es dans un sol humide. En outre, un fil de connexion pour l'objet \u00e0 mesurer est inclus pour la comparaison avec la terre.Les broches fournies sont destin\u00e9es \u00e0 mesurer la r\u00e9sistance du sol afin de d\u00e9terminer si celui-ci se pr\u00eate \u00e0 l'insertion d'une broche de mise \u00e0 la terre.AccessoiresLe UT522 est livr\u00e9 avec :Cordons de mesure (vert (5 m), jaune (10 m), rouge (20 m))Cordons de mesure avec pinces crocodiles2 broches de terrePilesMallette de transport\",\"breadcrumb\":{\"@id\":\"https:\/\/adcelectronique.com\/index.php\/product\/mesureur-de-resistance-de-mise-a-la-terre-uni-t-ut522\/#breadcrumb\"},\"inLanguage\":\"fr-FR\",\"potentialAction\":[{\"@type\":\"ReadAction\",\"target\":[\"https:\/\/adcelectronique.com\/index.php\/product\/mesureur-de-resistance-de-mise-a-la-terre-uni-t-ut522\/\"]}]},{\"@type\":\"ImageObject\",\"inLanguage\":\"fr-FR\",\"@id\":\"https:\/\/adcelectronique.com\/index.php\/product\/mesureur-de-resistance-de-mise-a-la-terre-uni-t-ut522\/#primaryimage\",\"url\":\"https:\/\/adcelectronique.com\/wp-content\/uploads\/2026\/01\/41VxovmIaL._AC_UF10001000_QL80_.jpg\",\"contentUrl\":\"https:\/\/adcelectronique.com\/wp-content\/uploads\/2026\/01\/41VxovmIaL._AC_UF10001000_QL80_.jpg\",\"width\":1000,\"height\":686},{\"@type\":\"BreadcrumbList\",\"@id\":\"https:\/\/adcelectronique.com\/index.php\/product\/mesureur-de-resistance-de-mise-a-la-terre-uni-t-ut522\/#breadcrumb\",\"itemListElement\":[{\"@type\":\"ListItem\",\"position\":1,\"name\":\"Home\",\"item\":\"https:\/\/adcelectronique.com\/\"},{\"@type\":\"ListItem\",\"position\":2,\"name\":\"Shop\",\"item\":\"https:\/\/adcelectronique.com\/index.php\/shop\/\"},{\"@type\":\"ListItem\",\"position\":3,\"name\":\"MESUREUR DE RESISTANCE DE MISE A LA TERRE UNI-T -UT522\"}]},{\"@type\":\"WebSite\",\"@id\":\"https:\/\/adcelectronique.com\/#website\",\"url\":\"https:\/\/adcelectronique.com\/\",\"name\":\"ADC Electronique\",\"description\":\"\",\"potentialAction\":[{\"@type\":\"SearchAction\",\"target\":{\"@type\":\"EntryPoint\",\"urlTemplate\":\"https:\/\/adcelectronique.com\/?s={search_term_string}\"},\"query-input\":{\"@type\":\"PropertyValueSpecification\",\"valueRequired\":true,\"valueName\":\"search_term_string\"}}],\"inLanguage\":\"fr-FR\"}]}<\/script>\n<!-- \/ Yoast SEO Premium plugin. -->","yoast_head_json":{"title":"MESUREUR DE RESISTANCE DE MISE A LA TERRE UNI-T -UT522 - ADC Electronique","description":"\u00a0 \u00a0 \u00a0 \u00a0 \u00a0 \u00a0 \u00a0MESUREUR DE RESISTANCE DE MISE A LA TERRE UNI-T -UT522L'UT522 est un testeur de r\u00e9sistance de terre avec une gamme plus large et un comptage plus \u00e9lev\u00e9 que les autres appareils de la s\u00e9rie UT520 tels que l'\u00a0UT521. Les r\u00e9sistances de terre sont destin\u00e9es \u00e0 mesurer la mise \u00e0 la terre des syst\u00e8mes \u00e9lectriques. Diverses applications n\u00e9cessitent une bonne connexion \u00e0 la terre, par exemple pour dissiper les surtensions ou les coups de foudre. Les testeurs de terre fonctionnent avec des broches qui doivent \u00eatre ins\u00e9r\u00e9es dans un sol humide. En outre, un fil de connexion pour l'objet \u00e0 mesurer est inclus pour la comparaison avec la terre.Les broches fournies sont destin\u00e9es \u00e0 mesurer la r\u00e9sistance du sol afin de d\u00e9terminer si celui-ci se pr\u00eate \u00e0 l'insertion d'une broche de mise \u00e0 la terre.AccessoiresLe UT522 est livr\u00e9 avec :Cordons de mesure (vert (5 m), jaune (10 m), rouge (20 m))Cordons de mesure avec pinces crocodiles2 broches de terrePilesMallette de transport","robots":{"index":"index","follow":"follow","max-snippet":"max-snippet:-1","max-image-preview":"max-image-preview:large","max-video-preview":"max-video-preview:-1"},"canonical":"https:\/\/adcelectronique.com\/index.php\/product\/mesureur-de-resistance-de-mise-a-la-terre-uni-t-ut522\/","og_locale":"fr_FR","og_type":"article","og_title":"MESUREUR DE RESISTANCE DE MISE A LA TERRE UNI-T -UT522","og_description":"\u00a0 \u00a0 \u00a0 \u00a0 \u00a0 \u00a0 \u00a0MESUREUR DE RESISTANCE DE MISE A LA TERRE UNI-T -UT522L'UT522 est un testeur de r\u00e9sistance de terre avec une gamme plus large et un comptage plus \u00e9lev\u00e9 que les autres appareils de la s\u00e9rie UT520 tels que l'\u00a0UT521. Les r\u00e9sistances de terre sont destin\u00e9es \u00e0 mesurer la mise \u00e0 la terre des syst\u00e8mes \u00e9lectriques. Diverses applications n\u00e9cessitent une bonne connexion \u00e0 la terre, par exemple pour dissiper les surtensions ou les coups de foudre. Les testeurs de terre fonctionnent avec des broches qui doivent \u00eatre ins\u00e9r\u00e9es dans un sol humide. En outre, un fil de connexion pour l'objet \u00e0 mesurer est inclus pour la comparaison avec la terre.Les broches fournies sont destin\u00e9es \u00e0 mesurer la r\u00e9sistance du sol afin de d\u00e9terminer si celui-ci se pr\u00eate \u00e0 l'insertion d'une broche de mise \u00e0 la terre.AccessoiresLe UT522 est livr\u00e9 avec :Cordons de mesure (vert (5 m), jaune (10 m), rouge (20 m))Cordons de mesure avec pinces crocodiles2 broches de terrePilesMallette de transport","og_url":"https:\/\/adcelectronique.com\/index.php\/product\/mesureur-de-resistance-de-mise-a-la-terre-uni-t-ut522\/","og_site_name":"ADC Electronique","article_modified_time":"2026-02-08T14:47:49+00:00","og_image":[{"width":1000,"height":686,"url":"https:\/\/adcelectronique.com\/wp-content\/uploads\/2026\/01\/41VxovmIaL._AC_UF10001000_QL80_.jpg","type":"image\/jpeg"}],"twitter_card":"summary_large_image","twitter_misc":{"Dur\u00e9e de lecture estim\u00e9e":"2 minutes"},"schema":{"@context":"https:\/\/schema.org","@graph":[{"@type":"WebPage","@id":"https:\/\/adcelectronique.com\/index.php\/product\/mesureur-de-resistance-de-mise-a-la-terre-uni-t-ut522\/","url":"https:\/\/adcelectronique.com\/index.php\/product\/mesureur-de-resistance-de-mise-a-la-terre-uni-t-ut522\/","name":"MESUREUR DE RESISTANCE DE MISE A LA TERRE UNI-T -UT522 - ADC Electronique","isPartOf":{"@id":"https:\/\/adcelectronique.com\/#website"},"primaryImageOfPage":{"@id":"https:\/\/adcelectronique.com\/index.php\/product\/mesureur-de-resistance-de-mise-a-la-terre-uni-t-ut522\/#primaryimage"},"image":{"@id":"https:\/\/adcelectronique.com\/index.php\/product\/mesureur-de-resistance-de-mise-a-la-terre-uni-t-ut522\/#primaryimage"},"thumbnailUrl":"https:\/\/adcelectronique.com\/wp-content\/uploads\/2026\/01\/41VxovmIaL._AC_UF10001000_QL80_.jpg","datePublished":"2026-01-25T09:22:53+00:00","dateModified":"2026-02-08T14:47:49+00:00","description":"\u00a0 \u00a0 \u00a0 \u00a0 \u00a0 \u00a0 \u00a0MESUREUR DE RESISTANCE DE MISE A LA TERRE UNI-T -UT522L'UT522 est un testeur de r\u00e9sistance de terre avec une gamme plus large et un comptage plus \u00e9lev\u00e9 que les autres appareils de la s\u00e9rie UT520 tels que l'\u00a0UT521. Les r\u00e9sistances de terre sont destin\u00e9es \u00e0 mesurer la mise \u00e0 la terre des syst\u00e8mes \u00e9lectriques. Diverses applications n\u00e9cessitent une bonne connexion \u00e0 la terre, par exemple pour dissiper les surtensions ou les coups de foudre. Les testeurs de terre fonctionnent avec des broches qui doivent \u00eatre ins\u00e9r\u00e9es dans un sol humide. En outre, un fil de connexion pour l'objet \u00e0 mesurer est inclus pour la comparaison avec la terre.Les broches fournies sont destin\u00e9es \u00e0 mesurer la r\u00e9sistance du sol afin de d\u00e9terminer si celui-ci se pr\u00eate \u00e0 l'insertion d'une broche de mise \u00e0 la terre.AccessoiresLe UT522 est livr\u00e9 avec :Cordons de mesure (vert (5 m), jaune (10 m), rouge (20 m))Cordons de mesure avec pinces crocodiles2 broches de terrePilesMallette de transport","breadcrumb":{"@id":"https:\/\/adcelectronique.com\/index.php\/product\/mesureur-de-resistance-de-mise-a-la-terre-uni-t-ut522\/#breadcrumb"},"inLanguage":"fr-FR","potentialAction":[{"@type":"ReadAction","target":["https:\/\/adcelectronique.com\/index.php\/product\/mesureur-de-resistance-de-mise-a-la-terre-uni-t-ut522\/"]}]},{"@type":"ImageObject","inLanguage":"fr-FR","@id":"https:\/\/adcelectronique.com\/index.php\/product\/mesureur-de-resistance-de-mise-a-la-terre-uni-t-ut522\/#primaryimage","url":"https:\/\/adcelectronique.com\/wp-content\/uploads\/2026\/01\/41VxovmIaL._AC_UF10001000_QL80_.jpg","contentUrl":"https:\/\/adcelectronique.com\/wp-content\/uploads\/2026\/01\/41VxovmIaL._AC_UF10001000_QL80_.jpg","width":1000,"height":686},{"@type":"BreadcrumbList","@id":"https:\/\/adcelectronique.com\/index.php\/product\/mesureur-de-resistance-de-mise-a-la-terre-uni-t-ut522\/#breadcrumb","itemListElement":[{"@type":"ListItem","position":1,"name":"Home","item":"https:\/\/adcelectronique.com\/"},{"@type":"ListItem","position":2,"name":"Shop","item":"https:\/\/adcelectronique.com\/index.php\/shop\/"},{"@type":"ListItem","position":3,"name":"MESUREUR DE RESISTANCE DE MISE A LA TERRE UNI-T -UT522"}]},{"@type":"WebSite","@id":"https:\/\/adcelectronique.com\/#website","url":"https:\/\/adcelectronique.com\/","name":"ADC Electronique","description":"","potentialAction":[{"@type":"SearchAction","target":{"@type":"EntryPoint","urlTemplate":"https:\/\/adcelectronique.com\/?s={search_term_string}"},"query-input":{"@type":"PropertyValueSpecification","valueRequired":true,"valueName":"search_term_string"}}],"inLanguage":"fr-FR"}]}},"_links":{"self":[{"href":"https:\/\/adcelectronique.com\/index.php\/wp-json\/wp\/v2\/product\/10253","targetHints":{"allow":["GET"]}}],"collection":[{"href":"https:\/\/adcelectronique.com\/index.php\/wp-json\/wp\/v2\/product"}],"about":[{"href":"https:\/\/adcelectronique.com\/index.php\/wp-json\/wp\/v2\/types\/product"}],"replies":[{"embeddable":true,"href":"https:\/\/adcelectronique.com\/index.php\/wp-json\/wp\/v2\/comments?post=10253"}],"version-history":[{"count":0,"href":"https:\/\/adcelectronique.com\/index.php\/wp-json\/wp\/v2\/product\/10253\/revisions"}],"wp:featuredmedia":[{"embeddable":true,"href":"https:\/\/adcelectronique.com\/index.php\/wp-json\/wp\/v2\/media\/10254"}],"wp:attachment":[{"href":"https:\/\/adcelectronique.com\/index.php\/wp-json\/wp\/v2\/media?parent=10253"}],"wp:term":[{"taxonomy":"product_brand","embeddable":true,"href":"https:\/\/adcelectronique.com\/index.php\/wp-json\/wp\/v2\/product_brand?post=10253"},{"taxonomy":"product_cat","embeddable":true,"href":"https:\/\/adcelectronique.com\/index.php\/wp-json\/wp\/v2\/product_cat?post=10253"},{"taxonomy":"product_tag","embeddable":true,"href":"https:\/\/adcelectronique.com\/index.php\/wp-json\/wp\/v2\/product_tag?post=10253"}],"curies":[{"name":"wp","href":"https:\/\/api.w.org\/{rel}","templated":true}]}}