{"id":10261,"date":"2026-01-25T09:53:44","date_gmt":"2026-01-25T09:53:44","guid":{"rendered":"https:\/\/adcelectronique.com\/?post_type=product&#038;p=10261"},"modified":"2026-01-25T09:57:00","modified_gmt":"2026-01-25T09:57:00","slug":"multimetre-numerique-ecran-lcd-uni-t-ut33d","status":"publish","type":"product","link":"https:\/\/adcelectronique.com\/index.php\/product\/multimetre-numerique-ecran-lcd-uni-t-ut33d\/","title":{"rendered":"Multim\u00e8tre num\u00e9rique \u00c9cran LCD  UNI-T -UT33D+"},"content":{"rendered":"<div class=\"a-row\">\n<div class=\"a-column a-span6\">\n<h1>\u00a0 \u00a0 \u00a0 \u00a0 \u00a0 \u00a0 \u00a0 \u00a0 \u00a0Multim\u00e8tre num\u00e9rique \u00c9cran LCD UNI-T -UT33D+<\/h1>\n<ul>\n<li>\n<h6><strong>\ud83d\udd27<\/strong><strong>Multim\u00e8tre num\u00e9rique compact (UT33+)<\/strong><strong>, <\/strong>l\u00e9ger et facile \u00e0 transporter<\/h6>\n<\/li>\n<li>\n<h6><strong>\ud83d\udd0b<\/strong><strong>Fonctionne avec 2 piles AAA<\/strong><strong>, <\/strong>fournies avec l\u2019appareil<strong>.<\/strong><\/h6>\n<\/li>\n<li>\n<h6><strong>\u26a1<\/strong><strong>Mesure la tension, le courant et la r\u00e9sistance<\/strong><strong>\u00a0<\/strong>avec une haute pr\u00e9cision, certifi\u00e9<strong>\u00a0<\/strong><strong>CE<\/strong><strong>.<\/strong><\/h6>\n<\/li>\n<li>\n<h6><span class=\"a-list-item\">Mesure de tension CA\/CC, courant DC, r\u00e9sistance, test de diode test de continuit\u00e9 du circuit<\/span><\/h6>\n<\/li>\n<li>\n<h6><span class=\"a-list-item\">Tension CC constante : 200 mV-600 V \u00b1 (0,5 % + 2) ; tension alternative AC : 200 V-600 V \u00b1 (1,2 % + 3) ; courant continu : 2000 \u00b5A-10A \u00b1 (1 % + 2) ; r\u00e9sistance 200 Ohm-200 MOhm \u00b1 (0,5 % + 2). 8 %. +2); R\u00e9sistance 200Ohm-200MOhm \u00b1 (0,8%+2) Temp\u00e9rature: -40. ~ 1000 degr\u00e9s C \u00b1 (1 % 4)<\/span><\/h6>\n<\/li>\n<li>\n<h6><span class=\"a-list-item\">Changement manuel de la plage de mesure, fonction de d\u00e9tection de champ \u00e9lectrique, enregistrement de la derni\u00e8re valeur de mesure, indicateur de batterie faible, lecture maximale : 2003<\/span><\/h6>\n<\/li>\n<li>\n<h6><span class=\"a-list-item\">Conception facile \u00e0 utiliser, facile \u00e0 utiliser ; \u00e9cran r\u00e9tro\u00e9clair\u00e9 LDC<\/span><\/h6>\n<\/li>\n<li>\n<h6><span class=\"a-list-item\">Contenu de l&#8217;emballage : batteries, c\u00e2bles de mesure,<\/span><\/h6>\n<\/li>\n<\/ul>\n<h1>\u00a0 \u00a0 \u00a0 \u00a0 Descriptif technique<\/h1>\n<\/div>\n<\/div>\n<div class=\"a-expander-content a-expander-extend-content\" data-expanded=\"true\">\n<div class=\"a-row a-expander-container a-expander-inline-container\">\n<div class=\"a-expander-content a-expander-section-content a-section-expander-inner\" data-expanded=\"true\">\n<table id=\"productDetails_techSpec_section_1\" class=\"a-keyvalue prodDetTable\">\n<tbody>\n<tr>\n<th class=\"a-color-secondary a-size-base prodDetSectionEntry\">Fabricant<\/th>\n<td class=\"a-size-base prodDetAttrValue\">\u200eUni-T<\/td>\n<\/tr>\n<tr>\n<th class=\"a-color-secondary a-size-base prodDetSectionEntry\">Dimensions du produit (L x l x h)<\/th>\n<td class=\"a-size-base prodDetAttrValue\">\u200e15 x 12 x 7 cm; 473 grammes<\/td>\n<\/tr>\n<tr>\n<th class=\"a-color-secondary a-size-base prodDetSectionEntry\">Pile(s) \/ Batterie(s) :<\/th>\n<td class=\"a-size-base prodDetAttrValue\">\u200e2 AAA &#8211; incluse(s)<\/td>\n<\/tr>\n<tr>\n<th class=\"a-color-secondary a-size-base prodDetSectionEntry\">R\u00e9f\u00e9rence<\/th>\n<td class=\"a-size-base prodDetAttrValue\">\u200eUT33D+<\/td>\n<\/tr>\n<tr>\n<th class=\"a-color-secondary a-size-base prodDetSectionEntry\">Taille<\/th>\n<td class=\"a-size-base prodDetAttrValue\">\u200e1 Unit\u00e9 (Lot de 1)<\/td>\n<\/tr>\n<tr>\n<th class=\"a-color-secondary a-size-base prodDetSectionEntry\">Couleur<\/th>\n<td class=\"a-size-base prodDetAttrValue\">\u200eRed &amp;X Grey<\/td>\n<\/tr>\n<tr>\n<th class=\"a-color-secondary a-size-base prodDetSectionEntry\">Style<\/th>\n<td class=\"a-size-base prodDetAttrValue\">\u200eTesteur de tension<\/td>\n<\/tr>\n<tr>\n<th class=\"a-color-secondary a-size-base prodDetSectionEntry\">Type d&rsquo;alimentation<\/th>\n<td class=\"a-size-base prodDetAttrValue\">\u200eAliment\u00e9 par batterie<\/td>\n<\/tr>\n<tr>\n<th class=\"a-color-secondary a-size-base prodDetSectionEntry\">Quantit\u00e9 d&rsquo;articles<\/th>\n<td class=\"a-size-base prodDetAttrValue\">\u200e1<\/td>\n<\/tr>\n<tr>\n<th class=\"a-color-secondary a-size-base prodDetSectionEntry\">Piles incluses ?<\/th>\n<td class=\"a-size-base prodDetAttrValue\">\u200eOui<\/td>\n<\/tr>\n<tr>\n<th class=\"a-color-secondary a-size-base prodDetSectionEntry\">Batterie(s) \/ Pile(s) requise(s)<\/th>\n<td class=\"a-size-base prodDetAttrValue\">\u200eOui<\/td>\n<\/tr>\n<tr>\n<th class=\"a-color-secondary a-size-base prodDetSectionEntry\">Poids<\/th>\n<td class=\"a-size-base prodDetAttrValue\">\u200e473 Grammes<\/td>\n<\/tr>\n<tr>\n<th class=\"a-color-secondary a-size-base prodDetSectionEntry\">Disponibilit\u00e9 des pi\u00e8ces d\u00e9tach\u00e9es<\/th>\n<td class=\"a-size-base prodDetAttrValue\">\u200eInformation indisponible sur les pi\u00e8ces d\u00e9tach\u00e9es<\/td>\n<\/tr>\n<\/tbody>\n<\/table>\n<\/div>\n<\/div>\n<\/div>\n","protected":false},"excerpt":{"rendered":"<div class=\"a-row\">\n<div class=\"a-column a-span6\">\n<h1><\/h1>\n<\/div>\n<\/div>\n<ul>\n<li>\n<h6><strong>\ud83d\udd27<\/strong><strong>Multim\u00e8tre num\u00e9rique compact (UT33+)<\/strong><strong>, <\/strong>l\u00e9ger et facile \u00e0 transporter<\/h6>\n<\/li>\n<li>\n<h6><strong>\ud83d\udd0b<\/strong><strong>Fonctionne avec 2 piles AAA<\/strong><strong>, <\/strong>fournies avec l\u2019appareil<strong>.<\/strong><\/h6>\n<\/li>\n<li>\n<h6><strong>\u26a1<\/strong><strong>Mesure la tension, le courant et la r\u00e9sistance<\/strong><strong>\u00a0<\/strong>avec une haute pr\u00e9cision, certifi\u00e9<strong>\u00a0<\/strong><strong>CE<\/strong><strong>.<\/strong><\/h6>\n<\/li>\n<li>\n<h6><span class=\"a-list-item\">Mesure de tension CA\/CC, courant DC, r\u00e9sistance, test de diode test de continuit\u00e9 du circuit<\/span><\/h6>\n<\/li>\n<li>\n<h6><span class=\"a-list-item\">Tension CC constante : 200 mV-600 V \u00b1 (0,5 % + 2) ; tension alternative AC : 200 V-600 V \u00b1 (1,2 % + 3) ; courant continu : 2000 \u00b5A-10A \u00b1 (1 % + 2) ; r\u00e9sistance 200 Ohm-200 MOhm \u00b1 (0,5 % + 2). 8 %. +2); R\u00e9sistance 200Ohm-200MOhm \u00b1 (0,8%+2) Temp\u00e9rature: -40. ~ 1000 degr\u00e9s C \u00b1 (1 % 4)<\/span><\/h6>\n<\/li>\n<li>\n<h6><span class=\"a-list-item\">Changement manuel de la plage de mesure, fonction de d\u00e9tection de champ \u00e9lectrique, enregistrement de la derni\u00e8re valeur de mesure, indicateur de batterie faible, lecture maximale : 2003<\/span><\/h6>\n<\/li>\n<li>\n<h6><span class=\"a-list-item\">Conception facile \u00e0 utiliser, facile \u00e0 utiliser ; \u00e9cran r\u00e9tro\u00e9clair\u00e9 LDC<\/span><\/h6>\n<\/li>\n<li>\n<h6><span class=\"a-list-item\">Contenu de l&#8217;emballage : batteries, c\u00e2bles de mesure,<\/span><\/h6>\n<\/li>\n<\/ul>\n","protected":false},"featured_media":10262,"comment_status":"open","ping_status":"closed","template":"","meta":[],"product_brand":[123],"product_cat":[118],"product_tag":[],"class_list":{"0":"post-10261","1":"product","2":"type-product","3":"status-publish","4":"has-post-thumbnail","6":"product_brand-uni-t","7":"product_cat-multimetre","9":"first","10":"instock","11":"shipping-taxable","12":"purchasable","13":"product-type-simple"},"yoast_head":"<!-- This site is optimized with the Yoast SEO Premium plugin v26.2 (Yoast SEO v26.2) - https:\/\/yoast.com\/wordpress\/plugins\/seo\/ -->\n<title>Multim\u00e8tre num\u00e9rique \u00c9cran LCD UNI-T -UT33D+ - ADC Electronique<\/title>\n<meta name=\"description\" content=\"Mesure de tension CA\/CC, courant DC, r\u00e9sistance, test de diode test de continuit\u00e9 du circuitTension CC constante : 200 mV-600 V \u00b1 (0,5 % + 2) ; tension alternative AC : 200 V-600 V \u00b1 (1,2 % + 3) ; courant continu : 2000 \u00b5A-10A \u00b1 (1 % + 2) ; r\u00e9sistance 200 Ohm-200 MOhm \u00b1 (0,5 % + 2). 8 %. +2); R\u00e9sistance 200Ohm-200MOhm \u00b1 (0,8%+2) Temp\u00e9rature: -40. ~ 1000 degr\u00e9s C \u00b1 (1 % 4)\" \/>\n<meta name=\"robots\" content=\"index, follow, max-snippet:-1, max-image-preview:large, max-video-preview:-1\" \/>\n<link rel=\"canonical\" href=\"https:\/\/adcelectronique.com\/index.php\/product\/multimetre-numerique-ecran-lcd-uni-t-ut33d\/\" \/>\n<meta property=\"og:locale\" content=\"fr_FR\" \/>\n<meta property=\"og:type\" content=\"article\" \/>\n<meta property=\"og:title\" content=\"Multim\u00e8tre num\u00e9rique \u00c9cran LCD UNI-T -UT33D+\" \/>\n<meta property=\"og:description\" content=\"Mesure de tension CA\/CC, courant DC, r\u00e9sistance, test de diode test de continuit\u00e9 du circuitTension CC constante : 200 mV-600 V \u00b1 (0,5 % + 2) ; tension alternative AC : 200 V-600 V \u00b1 (1,2 % + 3) ; courant continu : 2000 \u00b5A-10A \u00b1 (1 % + 2) ; r\u00e9sistance 200 Ohm-200 MOhm \u00b1 (0,5 % + 2). 8 %. +2); R\u00e9sistance 200Ohm-200MOhm \u00b1 (0,8%+2) Temp\u00e9rature: -40. ~ 1000 degr\u00e9s C \u00b1 (1 % 4)\" \/>\n<meta property=\"og:url\" content=\"https:\/\/adcelectronique.com\/index.php\/product\/multimetre-numerique-ecran-lcd-uni-t-ut33d\/\" \/>\n<meta property=\"og:site_name\" content=\"ADC Electronique\" \/>\n<meta property=\"article:modified_time\" content=\"2026-01-25T09:57:00+00:00\" \/>\n<meta property=\"og:image\" content=\"https:\/\/adcelectronique.com\/wp-content\/uploads\/2026\/01\/41T5bwc7-IL._AC_UF10001000_QL80_.jpg\" \/>\n\t<meta property=\"og:image:width\" content=\"821\" \/>\n\t<meta property=\"og:image:height\" content=\"1000\" \/>\n\t<meta property=\"og:image:type\" content=\"image\/jpeg\" \/>\n<meta name=\"twitter:card\" content=\"summary_large_image\" \/>\n<meta name=\"twitter:label1\" content=\"Dur\u00e9e de lecture estim\u00e9e\" \/>\n\t<meta name=\"twitter:data1\" content=\"2 minutes\" \/>\n<script type=\"application\/ld+json\" class=\"yoast-schema-graph\">{\"@context\":\"https:\/\/schema.org\",\"@graph\":[{\"@type\":\"WebPage\",\"@id\":\"https:\/\/adcelectronique.com\/index.php\/product\/multimetre-numerique-ecran-lcd-uni-t-ut33d\/\",\"url\":\"https:\/\/adcelectronique.com\/index.php\/product\/multimetre-numerique-ecran-lcd-uni-t-ut33d\/\",\"name\":\"Multim\u00e8tre num\u00e9rique \u00c9cran LCD UNI-T -UT33D+ - ADC Electronique\",\"isPartOf\":{\"@id\":\"https:\/\/adcelectronique.com\/#website\"},\"primaryImageOfPage\":{\"@id\":\"https:\/\/adcelectronique.com\/index.php\/product\/multimetre-numerique-ecran-lcd-uni-t-ut33d\/#primaryimage\"},\"image\":{\"@id\":\"https:\/\/adcelectronique.com\/index.php\/product\/multimetre-numerique-ecran-lcd-uni-t-ut33d\/#primaryimage\"},\"thumbnailUrl\":\"https:\/\/adcelectronique.com\/wp-content\/uploads\/2026\/01\/41T5bwc7-IL._AC_UF10001000_QL80_.jpg\",\"datePublished\":\"2026-01-25T09:53:44+00:00\",\"dateModified\":\"2026-01-25T09:57:00+00:00\",\"description\":\"Mesure de tension CA\/CC, courant DC, r\u00e9sistance, test de diode test de continuit\u00e9 du circuitTension CC constante : 200 mV-600 V \u00b1 (0,5 % + 2) ; tension alternative AC : 200 V-600 V \u00b1 (1,2 % + 3) ; courant continu : 2000 \u00b5A-10A \u00b1 (1 % + 2) ; r\u00e9sistance 200 Ohm-200 MOhm \u00b1 (0,5 % + 2). 8 %. +2); R\u00e9sistance 200Ohm-200MOhm \u00b1 (0,8%+2) Temp\u00e9rature: -40. ~ 1000 degr\u00e9s C \u00b1 (1 % 4)\",\"breadcrumb\":{\"@id\":\"https:\/\/adcelectronique.com\/index.php\/product\/multimetre-numerique-ecran-lcd-uni-t-ut33d\/#breadcrumb\"},\"inLanguage\":\"fr-FR\",\"potentialAction\":[{\"@type\":\"ReadAction\",\"target\":[\"https:\/\/adcelectronique.com\/index.php\/product\/multimetre-numerique-ecran-lcd-uni-t-ut33d\/\"]}]},{\"@type\":\"ImageObject\",\"inLanguage\":\"fr-FR\",\"@id\":\"https:\/\/adcelectronique.com\/index.php\/product\/multimetre-numerique-ecran-lcd-uni-t-ut33d\/#primaryimage\",\"url\":\"https:\/\/adcelectronique.com\/wp-content\/uploads\/2026\/01\/41T5bwc7-IL._AC_UF10001000_QL80_.jpg\",\"contentUrl\":\"https:\/\/adcelectronique.com\/wp-content\/uploads\/2026\/01\/41T5bwc7-IL._AC_UF10001000_QL80_.jpg\",\"width\":821,\"height\":1000},{\"@type\":\"BreadcrumbList\",\"@id\":\"https:\/\/adcelectronique.com\/index.php\/product\/multimetre-numerique-ecran-lcd-uni-t-ut33d\/#breadcrumb\",\"itemListElement\":[{\"@type\":\"ListItem\",\"position\":1,\"name\":\"Home\",\"item\":\"https:\/\/adcelectronique.com\/\"},{\"@type\":\"ListItem\",\"position\":2,\"name\":\"Shop\",\"item\":\"https:\/\/adcelectronique.com\/index.php\/shop\/\"},{\"@type\":\"ListItem\",\"position\":3,\"name\":\"Multim\u00e8tre num\u00e9rique \u00c9cran LCD UNI-T -UT33D+\"}]},{\"@type\":\"WebSite\",\"@id\":\"https:\/\/adcelectronique.com\/#website\",\"url\":\"https:\/\/adcelectronique.com\/\",\"name\":\"ADC Electronique\",\"description\":\"\",\"potentialAction\":[{\"@type\":\"SearchAction\",\"target\":{\"@type\":\"EntryPoint\",\"urlTemplate\":\"https:\/\/adcelectronique.com\/?s={search_term_string}\"},\"query-input\":{\"@type\":\"PropertyValueSpecification\",\"valueRequired\":true,\"valueName\":\"search_term_string\"}}],\"inLanguage\":\"fr-FR\"}]}<\/script>\n<!-- \/ Yoast SEO Premium plugin. -->","yoast_head_json":{"title":"Multim\u00e8tre num\u00e9rique \u00c9cran LCD UNI-T -UT33D+ - ADC Electronique","description":"Mesure de tension CA\/CC, courant DC, r\u00e9sistance, test de diode test de continuit\u00e9 du circuitTension CC constante : 200 mV-600 V \u00b1 (0,5 % + 2) ; tension alternative AC : 200 V-600 V \u00b1 (1,2 % + 3) ; courant continu : 2000 \u00b5A-10A \u00b1 (1 % + 2) ; r\u00e9sistance 200 Ohm-200 MOhm \u00b1 (0,5 % + 2). 8 %. +2); R\u00e9sistance 200Ohm-200MOhm \u00b1 (0,8%+2) Temp\u00e9rature: -40. ~ 1000 degr\u00e9s C \u00b1 (1 % 4)","robots":{"index":"index","follow":"follow","max-snippet":"max-snippet:-1","max-image-preview":"max-image-preview:large","max-video-preview":"max-video-preview:-1"},"canonical":"https:\/\/adcelectronique.com\/index.php\/product\/multimetre-numerique-ecran-lcd-uni-t-ut33d\/","og_locale":"fr_FR","og_type":"article","og_title":"Multim\u00e8tre num\u00e9rique \u00c9cran LCD UNI-T -UT33D+","og_description":"Mesure de tension CA\/CC, courant DC, r\u00e9sistance, test de diode test de continuit\u00e9 du circuitTension CC constante : 200 mV-600 V \u00b1 (0,5 % + 2) ; tension alternative AC : 200 V-600 V \u00b1 (1,2 % + 3) ; courant continu : 2000 \u00b5A-10A \u00b1 (1 % + 2) ; r\u00e9sistance 200 Ohm-200 MOhm \u00b1 (0,5 % + 2). 8 %. +2); R\u00e9sistance 200Ohm-200MOhm \u00b1 (0,8%+2) Temp\u00e9rature: -40. ~ 1000 degr\u00e9s C \u00b1 (1 % 4)","og_url":"https:\/\/adcelectronique.com\/index.php\/product\/multimetre-numerique-ecran-lcd-uni-t-ut33d\/","og_site_name":"ADC Electronique","article_modified_time":"2026-01-25T09:57:00+00:00","og_image":[{"width":821,"height":1000,"url":"https:\/\/adcelectronique.com\/wp-content\/uploads\/2026\/01\/41T5bwc7-IL._AC_UF10001000_QL80_.jpg","type":"image\/jpeg"}],"twitter_card":"summary_large_image","twitter_misc":{"Dur\u00e9e de lecture estim\u00e9e":"2 minutes"},"schema":{"@context":"https:\/\/schema.org","@graph":[{"@type":"WebPage","@id":"https:\/\/adcelectronique.com\/index.php\/product\/multimetre-numerique-ecran-lcd-uni-t-ut33d\/","url":"https:\/\/adcelectronique.com\/index.php\/product\/multimetre-numerique-ecran-lcd-uni-t-ut33d\/","name":"Multim\u00e8tre num\u00e9rique \u00c9cran LCD UNI-T -UT33D+ - ADC Electronique","isPartOf":{"@id":"https:\/\/adcelectronique.com\/#website"},"primaryImageOfPage":{"@id":"https:\/\/adcelectronique.com\/index.php\/product\/multimetre-numerique-ecran-lcd-uni-t-ut33d\/#primaryimage"},"image":{"@id":"https:\/\/adcelectronique.com\/index.php\/product\/multimetre-numerique-ecran-lcd-uni-t-ut33d\/#primaryimage"},"thumbnailUrl":"https:\/\/adcelectronique.com\/wp-content\/uploads\/2026\/01\/41T5bwc7-IL._AC_UF10001000_QL80_.jpg","datePublished":"2026-01-25T09:53:44+00:00","dateModified":"2026-01-25T09:57:00+00:00","description":"Mesure de tension CA\/CC, courant DC, r\u00e9sistance, test de diode test de continuit\u00e9 du circuitTension CC constante : 200 mV-600 V \u00b1 (0,5 % + 2) ; tension alternative AC : 200 V-600 V \u00b1 (1,2 % + 3) ; courant continu : 2000 \u00b5A-10A \u00b1 (1 % + 2) ; r\u00e9sistance 200 Ohm-200 MOhm \u00b1 (0,5 % + 2). 8 %. +2); R\u00e9sistance 200Ohm-200MOhm \u00b1 (0,8%+2) Temp\u00e9rature: -40. ~ 1000 degr\u00e9s C \u00b1 (1 % 4)","breadcrumb":{"@id":"https:\/\/adcelectronique.com\/index.php\/product\/multimetre-numerique-ecran-lcd-uni-t-ut33d\/#breadcrumb"},"inLanguage":"fr-FR","potentialAction":[{"@type":"ReadAction","target":["https:\/\/adcelectronique.com\/index.php\/product\/multimetre-numerique-ecran-lcd-uni-t-ut33d\/"]}]},{"@type":"ImageObject","inLanguage":"fr-FR","@id":"https:\/\/adcelectronique.com\/index.php\/product\/multimetre-numerique-ecran-lcd-uni-t-ut33d\/#primaryimage","url":"https:\/\/adcelectronique.com\/wp-content\/uploads\/2026\/01\/41T5bwc7-IL._AC_UF10001000_QL80_.jpg","contentUrl":"https:\/\/adcelectronique.com\/wp-content\/uploads\/2026\/01\/41T5bwc7-IL._AC_UF10001000_QL80_.jpg","width":821,"height":1000},{"@type":"BreadcrumbList","@id":"https:\/\/adcelectronique.com\/index.php\/product\/multimetre-numerique-ecran-lcd-uni-t-ut33d\/#breadcrumb","itemListElement":[{"@type":"ListItem","position":1,"name":"Home","item":"https:\/\/adcelectronique.com\/"},{"@type":"ListItem","position":2,"name":"Shop","item":"https:\/\/adcelectronique.com\/index.php\/shop\/"},{"@type":"ListItem","position":3,"name":"Multim\u00e8tre num\u00e9rique \u00c9cran LCD UNI-T -UT33D+"}]},{"@type":"WebSite","@id":"https:\/\/adcelectronique.com\/#website","url":"https:\/\/adcelectronique.com\/","name":"ADC Electronique","description":"","potentialAction":[{"@type":"SearchAction","target":{"@type":"EntryPoint","urlTemplate":"https:\/\/adcelectronique.com\/?s={search_term_string}"},"query-input":{"@type":"PropertyValueSpecification","valueRequired":true,"valueName":"search_term_string"}}],"inLanguage":"fr-FR"}]}},"_links":{"self":[{"href":"https:\/\/adcelectronique.com\/index.php\/wp-json\/wp\/v2\/product\/10261","targetHints":{"allow":["GET"]}}],"collection":[{"href":"https:\/\/adcelectronique.com\/index.php\/wp-json\/wp\/v2\/product"}],"about":[{"href":"https:\/\/adcelectronique.com\/index.php\/wp-json\/wp\/v2\/types\/product"}],"replies":[{"embeddable":true,"href":"https:\/\/adcelectronique.com\/index.php\/wp-json\/wp\/v2\/comments?post=10261"}],"version-history":[{"count":0,"href":"https:\/\/adcelectronique.com\/index.php\/wp-json\/wp\/v2\/product\/10261\/revisions"}],"wp:featuredmedia":[{"embeddable":true,"href":"https:\/\/adcelectronique.com\/index.php\/wp-json\/wp\/v2\/media\/10262"}],"wp:attachment":[{"href":"https:\/\/adcelectronique.com\/index.php\/wp-json\/wp\/v2\/media?parent=10261"}],"wp:term":[{"taxonomy":"product_brand","embeddable":true,"href":"https:\/\/adcelectronique.com\/index.php\/wp-json\/wp\/v2\/product_brand?post=10261"},{"taxonomy":"product_cat","embeddable":true,"href":"https:\/\/adcelectronique.com\/index.php\/wp-json\/wp\/v2\/product_cat?post=10261"},{"taxonomy":"product_tag","embeddable":true,"href":"https:\/\/adcelectronique.com\/index.php\/wp-json\/wp\/v2\/product_tag?post=10261"}],"curies":[{"name":"wp","href":"https:\/\/api.w.org\/{rel}","templated":true}]}}