{"id":10276,"date":"2026-01-25T10:29:37","date_gmt":"2026-01-25T10:29:37","guid":{"rendered":"https:\/\/adcelectronique.com\/?post_type=product&#038;p=10276"},"modified":"2026-01-25T10:37:06","modified_gmt":"2026-01-25T10:37:06","slug":"thermometre-et-hygrometre-numerique-uni-t-ut332","status":"publish","type":"product","link":"https:\/\/adcelectronique.com\/index.php\/product\/thermometre-et-hygrometre-numerique-uni-t-ut332\/","title":{"rendered":"Thermom\u00e8tre et hygrom\u00e8tre num\u00e9rique UNI-T, UT332"},"content":{"rendered":"<h3>\u00a0 \u00a0 \u00a0 \u00a0 \u00a0 \u00a0 \u00a0 \u00a0 \u00a0 \u00a0 \u00a0Thermom\u00e8tre et hygrom\u00e8tre num\u00e9rique UNI-T, UT332<\/h3>\n<p>*Thermom\u00e8tre et hygrom\u00e8tre num\u00e9rique\u00a0 UT332 hygrom\u00e8tre de temp\u00e9rature et humidit\u00e9 pour usines-20 \u00b0C ~ 70 \u00b0C<\/p>\n<p>*UNI-TUT332\u00a0 Num\u00e9rique Therye.com Hygrom\u00e8tre Temp\u00e9rature Humidit\u00e9 Instruments De Mesure Pour Les citrouille De Haute Pr\u00e9cision<\/p>\n<h5>Caract\u00e9ristiques des m\u00e8tres d&rsquo;humidit\u00e9 de la temp\u00e9rature de s\u00e9rie d&rsquo;UT332<\/h5>\n<p>Certificats: CE, UKCA<\/p>\n<ul>\n<li>S\u00e9lection \u2103\/\u2109<\/li>\n<li>Temps de r\u00e9ponse: environ 1 seconde<\/li>\n<li>R\u00e9glages de d\u00e9calage d&rsquo;humidit\u00e9<\/li>\n<li>R\u00e9glages de d\u00e9calage de temp\u00e9rature<\/li>\n<li>Param\u00e8tres de d\u00e9calage du point de ros\u00e9e<\/li>\n<li>R\u00e9glages de d\u00e9calage de temp\u00e9rature du bulbe humide<\/li>\n<li>Mise hors tension automatique<\/li>\n<li>MAX\/MIN<\/li>\n<li>Configuration automatique du temps d&rsquo;enregistrement<\/li>\n<li>R\u00e9tro\u00e9clairage LCD<\/li>\n<li>Interface USB pour les donn\u00e9es et l&rsquo;alimentation<\/li>\n<\/ul>\n<p>&nbsp;<\/p>\n<p>&nbsp;<\/p>\n<table style=\"height: 2254px\" border=\"0\" width=\"829\">\n<tbody>\n<tr class=\"STYLE_CONTENT_HOLDER\">\n<td>\n<table class=\"STYLE_CONTEXT_NORMAL\" border=\"1\" width=\"600\" cellspacing=\"0\" align=\"center\">\n<tbody>\n<tr>\n<td><strong>Specifications<\/strong><\/td>\n<td colspan=\"2\"><strong>Range<\/strong><\/td>\n<td colspan=\"1\"><strong>Best Accuracy<\/strong><\/td>\n<\/tr>\n<tr>\n<td><strong>Model<\/strong><\/td>\n<td colspan=\"2\"><strong>\u3000<\/strong><\/td>\n<td><strong>UT332<\/strong><\/td>\n<\/tr>\n<tr>\n<td rowspan=\"5\">Temperature<\/td>\n<td>Range<\/td>\n<td>-20\u00b0C \uff5e60\u00b0C\uff08-4\u00b0F\uff5e140\u00b0F\uff09<\/td>\n<td>\u221a<\/td>\n<\/tr>\n<tr>\n<td rowspan=\"3\">Accuracy<\/td>\n<td>0\u00b0C \uff5e40\u00b0C<\/td>\n<td>\u00b10.5\u00b0C<\/td>\n<\/tr>\n<tr>\n<td>-20\u00b0C \uff5e0\u00b0C<\/td>\n<td>\u00b11\u00b0C<\/td>\n<\/tr>\n<tr>\n<td>40\u00b0C \uff5e60\u00b0C<\/td>\n<td>\u00b11\u00b0C<\/td>\n<\/tr>\n<tr>\n<td>Resolution<\/td>\n<td>0.1\u00b0C\/0.1\u00b0F<\/td>\n<td>\u221a<\/td>\n<\/tr>\n<tr>\n<td rowspan=\"4\">Humidity<\/td>\n<td>Range<\/td>\n<td>0%RH\uff5e100%RH<\/td>\n<td>\u221a<\/td>\n<\/tr>\n<tr>\n<td rowspan=\"2\">Accuracy<\/td>\n<td>10%RH\uff5e90%RH<\/td>\n<td>\u00b12.5%RH<\/td>\n<\/tr>\n<tr>\n<td>&lt;10%RH or &gt;90%RH<\/td>\n<td>\u00b15%RH<\/td>\n<\/tr>\n<tr>\n<td>Resolution<\/td>\n<td>0.1%RH<\/td>\n<td>\u221a<\/td>\n<\/tr>\n<tr>\n<td colspan=\"4\"><strong>Features<\/strong><\/td>\n<\/tr>\n<tr>\n<td>\u00b0C\/\u00b0F Selection<\/td>\n<td colspan=\"2\"><\/td>\n<td>\u221a<\/td>\n<\/tr>\n<tr>\n<td>Response Time<\/td>\n<td colspan=\"2\">Around 10 Seconds<\/td>\n<td>\u221a<\/td>\n<\/tr>\n<tr>\n<td>Humidity Offset Settings<\/td>\n<td colspan=\"2\"><\/td>\n<td>\u221a<\/td>\n<\/tr>\n<tr>\n<td>Temperature Offset Settings<\/td>\n<td colspan=\"2\"><\/td>\n<td>\u221a<\/td>\n<\/tr>\n<tr>\n<td>Dew Point Offset Settings<\/td>\n<td colspan=\"2\"><\/td>\n<td>\u221a<\/td>\n<\/tr>\n<tr>\n<td>Auto Power Off<\/td>\n<td colspan=\"2\"><\/td>\n<td>\u221a<\/td>\n<\/tr>\n<tr>\n<td>Power Saving Mode<\/td>\n<td colspan=\"2\"><\/td>\n<td>\u221a<\/td>\n<\/tr>\n<tr>\n<td>Data Hold<\/td>\n<td colspan=\"2\"><\/td>\n<td>\u221a<\/td>\n<\/tr>\n<tr>\n<td>MAX\/MIN<\/td>\n<td colspan=\"2\"><\/td>\n<td>\u221a<\/td>\n<\/tr>\n<tr>\n<td>Data Logging<\/td>\n<td colspan=\"2\"><\/td>\n<td>100<\/td>\n<\/tr>\n<tr>\n<td>Data Recall<\/td>\n<td colspan=\"2\"><\/td>\n<td>\u221a<\/td>\n<\/tr>\n<tr>\n<td>USB Interface<\/td>\n<td colspan=\"2\"><\/td>\n<td>\u221a<\/td>\n<\/tr>\n<tr>\n<td>Auto Record Time Setup<\/td>\n<td colspan=\"2\"><\/td>\n<td>\u221a<\/td>\n<\/tr>\n<tr>\n<td>LCD Backlight<\/td>\n<td colspan=\"2\"><\/td>\n<td>\u221a<\/td>\n<\/tr>\n<tr>\n<td colspan=\"4\"><strong>General Characteristic\u00a0<\/strong><\/td>\n<\/tr>\n<tr>\n<td>Power<\/td>\n<td colspan=\"3\">1.5V Alkaline Batteries (LR03) X 4<\/td>\n<\/tr>\n<tr>\n<td>LCD Size<\/td>\n<td colspan=\"3\">26.5mm X 35.5 mm<\/td>\n<\/tr>\n<tr>\n<td>Product Color<\/td>\n<td colspan=\"3\">Red and Grey<\/td>\n<\/tr>\n<tr>\n<td>Product Net Weight<\/td>\n<td colspan=\"3\">130g<\/td>\n<\/tr>\n<tr>\n<td>Product Size<\/td>\n<td colspan=\"3\">185mm X 54.8mm X 33.8mm<\/td>\n<\/tr>\n<tr>\n<td>Standard Accessories<\/td>\n<td colspan=\"3\">Batteries,USB Interface Cable,PC Software CD<\/td>\n<\/tr>\n<tr>\n<td>Standard Individual Packing<\/td>\n<td colspan=\"3\">Gift Box, English Manual<\/td>\n<\/tr>\n<tr>\n<td>Standard Quantity Per Carton<\/td>\n<td colspan=\"3\">40 PCs<\/td>\n<\/tr>\n<tr>\n<td>Standard Carton Measurement<\/td>\n<td colspan=\"3\">555mm X 430mm X 288 mm<\/td>\n<\/tr>\n<tr>\n<td>Standard Carton Gross Weight<\/td>\n<td colspan=\"3\">15.9Kg<\/td>\n<\/tr>\n<\/tbody>\n<\/table>\n<\/td>\n<\/tr>\n<tr class=\"STYLE_CONTENT_HOLDER\">\n<td>\n<table class=\"STYLE_CONTEXT_NORMAL\" border=\"1\" width=\"600\" cellspacing=\"0\" align=\"center\">\n<tbody>\n<tr>\n<td><strong>Specifications<\/strong><\/td>\n<td colspan=\"2\"><strong>Range<\/strong><\/td>\n<td colspan=\"2\"><strong>Best Accuracy<\/strong><\/td>\n<\/tr>\n<tr>\n<td><strong>Model<\/strong><\/td>\n<td colspan=\"2\"><strong>\u3000<\/strong><\/td>\n<td><strong>UT331<\/strong><\/td>\n<td><strong>UT332<\/strong><\/td>\n<\/tr>\n<tr>\n<td rowspan=\"5\">Temperature<\/td>\n<td>Range<\/td>\n<td>-20\u00b0C \uff5e60\u00b0C\uff08-4\u00b0F\uff5e140\u00b0F\uff09<\/td>\n<td>\u221a<\/td>\n<td>\u221a<\/td>\n<\/tr>\n<tr>\n<td rowspan=\"3\">Accuracy<\/td>\n<td>0\u00b0C \uff5e40\u00b0C<\/td>\n<td>\u00b10.5\u00b0C<\/td>\n<td>\u00b10.5\u00b0C<\/td>\n<\/tr>\n<tr>\n<td>-20\u00b0C \uff5e0\u00b0C<\/td>\n<td>\u00b11\u00b0C<\/td>\n<td>\u00b11\u00b0C<\/td>\n<\/tr>\n<tr>\n<td>40\u00b0C \uff5e60\u00b0C<\/td>\n<td>\u00b11\u00b0C<\/td>\n<td>\u00b11\u00b0C<\/td>\n<\/tr>\n<tr>\n<td>Resolution<\/td>\n<td>0.1\u00b0C\/0.1\u00b0F<\/td>\n<td>\u221a<\/td>\n<td>\u221a<\/td>\n<\/tr>\n<tr>\n<td rowspan=\"4\">Humidity<\/td>\n<td>Range<\/td>\n<td>0%RH\uff5e100%RH<\/td>\n<td>\u221a<\/td>\n<td>\u221a<\/td>\n<\/tr>\n<tr>\n<td rowspan=\"2\">Accuracy<\/td>\n<td>10%RH\uff5e90%RH<\/td>\n<td>\u00b13.5%RH<\/td>\n<td>\u00b12.5%RH<\/td>\n<\/tr>\n<tr>\n<td>&lt;10%RH or &gt;90%RH<\/td>\n<td>\u00b15%RH<\/td>\n<td>\u00b15%RH<\/td>\n<\/tr>\n<tr>\n<td>Resolution<\/td>\n<td>0.1%RH<\/td>\n<td>\u221a<\/td>\n<td>\u221a<\/td>\n<\/tr>\n<tr>\n<td colspan=\"5\"><strong>Features<\/strong><\/td>\n<\/tr>\n<tr>\n<td>\u00b0C\/\u00b0F Selection<\/td>\n<td colspan=\"2\"><\/td>\n<td>\u221a<\/td>\n<td>\u221a<\/td>\n<\/tr>\n<tr>\n<td>Response Time<\/td>\n<td colspan=\"2\">Around 10 Seconds<\/td>\n<td>\u221a<\/td>\n<td>\u221a<\/td>\n<\/tr>\n<tr>\n<td>Humidity Offset Settings<\/td>\n<td colspan=\"2\"><\/td>\n<td>\u221a<\/td>\n<td>\u221a<\/td>\n<\/tr>\n<tr>\n<td>Temperature Offset Settings<\/td>\n<td colspan=\"2\"><\/td>\n<td>\u221a<\/td>\n<td>\u221a<\/td>\n<\/tr>\n<tr>\n<td>Dew Point Offset Settings<\/td>\n<td colspan=\"2\"><\/td>\n<td>\u221a<\/td>\n<td>\u221a<\/td>\n<\/tr>\n<tr>\n<td>Auto Power Off<\/td>\n<td colspan=\"2\"><\/td>\n<td>\u221a<\/td>\n<td>\u221a<\/td>\n<\/tr>\n<tr>\n<td>Power Saving Mode<\/td>\n<td colspan=\"2\"><\/td>\n<td><\/td>\n<td>\u221a<\/td>\n<\/tr>\n<tr>\n<td>Data Hold<\/td>\n<td colspan=\"2\"><\/td>\n<td>\u221a<\/td>\n<td>\u221a<\/td>\n<\/tr>\n<tr>\n<td>MAX\/MIN<\/td>\n<td colspan=\"2\"><\/td>\n<td>\u221a<\/td>\n<td>\u221a<\/td>\n<\/tr>\n<tr>\n<td>Data Logging<\/td>\n<td colspan=\"2\"><\/td>\n<td>100<\/td>\n<td>100<\/td>\n<\/tr>\n<tr>\n<td>Data Recall<\/td>\n<td colspan=\"2\"><\/td>\n<td>\u221a<\/td>\n<td>\u221a<\/td>\n<\/tr>\n<tr>\n<td>USB Interface<\/td>\n<td colspan=\"2\"><\/td>\n<td>\u221a<\/td>\n<td>\u221a<\/td>\n<\/tr>\n<tr>\n<td>Auto Record Time Setup<\/td>\n<td colspan=\"2\"><\/td>\n<td>\u221a<\/td>\n<td>\u221a<\/td>\n<\/tr>\n<tr>\n<td>LCD Backlight<\/td>\n<td colspan=\"2\"><\/td>\n<td>\u221a<\/td>\n<td>\u221a<\/td>\n<\/tr>\n<tr>\n<td colspan=\"5\"><strong>General Characteristic\u00a0<\/strong><\/td>\n<\/tr>\n<tr>\n<td>Power<\/td>\n<td colspan=\"4\">1.5V Alkaline Batteries (LR03) X 4<\/td>\n<\/tr>\n<tr>\n<td>LCD Size<\/td>\n<td colspan=\"4\">26.5mm X 35.5 mm<\/td>\n<\/tr>\n<tr>\n<td>Product Color<\/td>\n<td colspan=\"4\">Red and Grey<\/td>\n<\/tr>\n<tr>\n<td>Product Net Weight<\/td>\n<td colspan=\"4\">130g<\/td>\n<\/tr>\n<tr>\n<td>Product Size<\/td>\n<td colspan=\"4\">185mm X 54.8mm X 33.8mm<\/td>\n<\/tr>\n<tr>\n<td>Standard Accessories<\/td>\n<td colspan=\"4\">Batteries,USB Interface Cable,PC Software CD<\/td>\n<\/tr>\n<tr>\n<td>Standard Individual Packing<\/td>\n<td colspan=\"4\">Gift Box, English Manual<\/td>\n<\/tr>\n<tr>\n<td>Standard Quantity Per Carton<\/td>\n<td colspan=\"4\">40 PCs<\/td>\n<\/tr>\n<tr>\n<td>Standard Carton Measurement<\/td>\n<td colspan=\"4\">555mm X 430mm X 288 mm<\/td>\n<\/tr>\n<\/tbody>\n<\/table>\n<\/td>\n<\/tr>\n<\/tbody>\n<\/table>\n","protected":false},"excerpt":{"rendered":"<p>*Thermom\u00e8tre et hygrom\u00e8tre num\u00e9rique\u00a0 UT332 hygrom\u00e8tre de temp\u00e9rature et humidit\u00e9 pour usines-20 \u00b0C ~ 70 \u00b0C<\/p>\n<p>*UNI-TUT332\u00a0 Num\u00e9rique Therye.com Hygrom\u00e8tre Temp\u00e9rature Humidit\u00e9 Instruments De Mesure Pour Les citrouille De Haute Pr\u00e9cision<\/p>\n<h5>Caract\u00e9ristiques des m\u00e8tres d&rsquo;humidit\u00e9 de la temp\u00e9rature de s\u00e9rie d&rsquo;UT332<\/h5>\n<p>Certificats: CE, UKCA<\/p>\n<ul>\n<li>S\u00e9lection \u2103\/\u2109<\/li>\n<li>Temps de r\u00e9ponse: environ 1 seconde<\/li>\n<li>R\u00e9glages de d\u00e9calage d&rsquo;humidit\u00e9<\/li>\n<li>R\u00e9glages de d\u00e9calage de temp\u00e9rature<\/li>\n<li>Param\u00e8tres de d\u00e9calage du point de ros\u00e9e<\/li>\n<li>R\u00e9glages de d\u00e9calage de temp\u00e9rature du bulbe humide<\/li>\n<li>Mise hors tension automatique<\/li>\n<li>MAX\/MIN<\/li>\n<li>Configuration automatique du temps d&rsquo;enregistrement<\/li>\n<li>R\u00e9tro\u00e9clairage LCD<\/li>\n<li>Interface USB pour les donn\u00e9es et l&rsquo;alimentation<\/li>\n<\/ul>\n<p>&nbsp;<\/p>\n","protected":false},"featured_media":10277,"comment_status":"open","ping_status":"closed","template":"","meta":[],"product_brand":[123],"product_cat":[118,127],"product_tag":[],"class_list":{"0":"post-10276","1":"product","2":"type-product","3":"status-publish","4":"has-post-thumbnail","6":"product_brand-uni-t","7":"product_cat-multimetre","8":"product_cat-testeur","10":"first","11":"instock","12":"shipping-taxable","13":"purchasable","14":"product-type-simple"},"yoast_head":"<!-- This site is optimized with the Yoast SEO Premium plugin v26.2 (Yoast SEO v26.2) - https:\/\/yoast.com\/wordpress\/plugins\/seo\/ -->\n<title>Thermom\u00e8tre et hygrom\u00e8tre num\u00e9rique UNI-T, UT332 - ADC Electronique<\/title>\n<meta name=\"description\" content=\"*Thermom\u00e8tre et hygrom\u00e8tre num\u00e9rique\u00a0 UT332 hygrom\u00e8tre de temp\u00e9rature et humidit\u00e9 pour usines-20 \u00b0C ~ 70 \u00b0C*UNI-TUT332\u00a0 Num\u00e9rique Therye.com Hygrom\u00e8tre Temp\u00e9rature Humidit\u00e9 Instruments De Mesure Pour Les citrouille De Haute Pr\u00e9cisionCaract\u00e9ristiques des m\u00e8tres d&#039;humidit\u00e9 de la temp\u00e9rature de s\u00e9rie d&#039;UT332\u00a0 \u00a0 \u00a0 \u00a0Certificats: CE, UKCAS\u00e9lection \u2103\/\u2109Temps de r\u00e9ponse: environ 1 secondeR\u00e9glages de d\u00e9calage d&#039;humidit\u00e9R\u00e9glages de d\u00e9calage de temp\u00e9ratureParam\u00e8tres de d\u00e9calage du point de ros\u00e9eR\u00e9glages de d\u00e9calage de temp\u00e9rature du bulbe humideMise hors tension automatiqueMAX\/MINConfiguration automatique du temps d&#039;enregistrementR\u00e9tro\u00e9clairage LCDInterface USB pour les donn\u00e9es et l&#039;alimentation\" \/>\n<meta name=\"robots\" content=\"index, follow, max-snippet:-1, max-image-preview:large, max-video-preview:-1\" \/>\n<link rel=\"canonical\" href=\"https:\/\/adcelectronique.com\/index.php\/product\/thermometre-et-hygrometre-numerique-uni-t-ut332\/\" \/>\n<meta property=\"og:locale\" content=\"fr_FR\" \/>\n<meta property=\"og:type\" content=\"article\" \/>\n<meta property=\"og:title\" content=\"Thermom\u00e8tre et hygrom\u00e8tre num\u00e9rique UNI-T, UT332\" \/>\n<meta property=\"og:description\" content=\"*Thermom\u00e8tre et hygrom\u00e8tre num\u00e9rique\u00a0 UT332 hygrom\u00e8tre de temp\u00e9rature et humidit\u00e9 pour usines-20 \u00b0C ~ 70 \u00b0C*UNI-TUT332\u00a0 Num\u00e9rique Therye.com Hygrom\u00e8tre Temp\u00e9rature Humidit\u00e9 Instruments De Mesure Pour Les citrouille De Haute Pr\u00e9cisionCaract\u00e9ristiques des m\u00e8tres d&#039;humidit\u00e9 de la temp\u00e9rature de s\u00e9rie d&#039;UT332\u00a0 \u00a0 \u00a0 \u00a0Certificats: CE, UKCAS\u00e9lection \u2103\/\u2109Temps de r\u00e9ponse: environ 1 secondeR\u00e9glages de d\u00e9calage d&#039;humidit\u00e9R\u00e9glages de d\u00e9calage de temp\u00e9ratureParam\u00e8tres de d\u00e9calage du point de ros\u00e9eR\u00e9glages de d\u00e9calage de temp\u00e9rature du bulbe humideMise hors tension automatiqueMAX\/MINConfiguration automatique du temps d&#039;enregistrementR\u00e9tro\u00e9clairage LCDInterface USB pour les donn\u00e9es et l&#039;alimentation\" \/>\n<meta property=\"og:url\" content=\"https:\/\/adcelectronique.com\/index.php\/product\/thermometre-et-hygrometre-numerique-uni-t-ut332\/\" \/>\n<meta property=\"og:site_name\" content=\"ADC Electronique\" \/>\n<meta property=\"article:modified_time\" content=\"2026-01-25T10:37:06+00:00\" \/>\n<meta property=\"og:image\" content=\"https:\/\/adcelectronique.com\/wp-content\/uploads\/2026\/01\/s-l400.jpg\" \/>\n\t<meta property=\"og:image:width\" content=\"321\" \/>\n\t<meta property=\"og:image:height\" content=\"400\" \/>\n\t<meta property=\"og:image:type\" content=\"image\/jpeg\" \/>\n<meta name=\"twitter:card\" content=\"summary_large_image\" \/>\n<meta name=\"twitter:label1\" content=\"Dur\u00e9e de lecture estim\u00e9e\" \/>\n\t<meta name=\"twitter:data1\" content=\"3 minutes\" \/>\n<script type=\"application\/ld+json\" class=\"yoast-schema-graph\">{\"@context\":\"https:\/\/schema.org\",\"@graph\":[{\"@type\":\"WebPage\",\"@id\":\"https:\/\/adcelectronique.com\/index.php\/product\/thermometre-et-hygrometre-numerique-uni-t-ut332\/\",\"url\":\"https:\/\/adcelectronique.com\/index.php\/product\/thermometre-et-hygrometre-numerique-uni-t-ut332\/\",\"name\":\"Thermom\u00e8tre et hygrom\u00e8tre num\u00e9rique UNI-T, UT332 - ADC Electronique\",\"isPartOf\":{\"@id\":\"https:\/\/adcelectronique.com\/#website\"},\"primaryImageOfPage\":{\"@id\":\"https:\/\/adcelectronique.com\/index.php\/product\/thermometre-et-hygrometre-numerique-uni-t-ut332\/#primaryimage\"},\"image\":{\"@id\":\"https:\/\/adcelectronique.com\/index.php\/product\/thermometre-et-hygrometre-numerique-uni-t-ut332\/#primaryimage\"},\"thumbnailUrl\":\"https:\/\/adcelectronique.com\/wp-content\/uploads\/2026\/01\/s-l400.jpg\",\"datePublished\":\"2026-01-25T10:29:37+00:00\",\"dateModified\":\"2026-01-25T10:37:06+00:00\",\"description\":\"*Thermom\u00e8tre et hygrom\u00e8tre num\u00e9rique\u00a0 UT332 hygrom\u00e8tre de temp\u00e9rature et humidit\u00e9 pour usines-20 \u00b0C ~ 70 \u00b0C*UNI-TUT332\u00a0 Num\u00e9rique Therye.com Hygrom\u00e8tre Temp\u00e9rature Humidit\u00e9 Instruments De Mesure Pour Les citrouille De Haute Pr\u00e9cisionCaract\u00e9ristiques des m\u00e8tres d'humidit\u00e9 de la temp\u00e9rature de s\u00e9rie d'UT332\u00a0 \u00a0 \u00a0 \u00a0Certificats: CE, UKCAS\u00e9lection \u2103\/\u2109Temps de r\u00e9ponse: environ 1 secondeR\u00e9glages de d\u00e9calage d'humidit\u00e9R\u00e9glages de d\u00e9calage de temp\u00e9ratureParam\u00e8tres de d\u00e9calage du point de ros\u00e9eR\u00e9glages de d\u00e9calage de temp\u00e9rature du bulbe humideMise hors tension automatiqueMAX\/MINConfiguration automatique du temps d'enregistrementR\u00e9tro\u00e9clairage LCDInterface USB pour les donn\u00e9es et l'alimentation\",\"breadcrumb\":{\"@id\":\"https:\/\/adcelectronique.com\/index.php\/product\/thermometre-et-hygrometre-numerique-uni-t-ut332\/#breadcrumb\"},\"inLanguage\":\"fr-FR\",\"potentialAction\":[{\"@type\":\"ReadAction\",\"target\":[\"https:\/\/adcelectronique.com\/index.php\/product\/thermometre-et-hygrometre-numerique-uni-t-ut332\/\"]}]},{\"@type\":\"ImageObject\",\"inLanguage\":\"fr-FR\",\"@id\":\"https:\/\/adcelectronique.com\/index.php\/product\/thermometre-et-hygrometre-numerique-uni-t-ut332\/#primaryimage\",\"url\":\"https:\/\/adcelectronique.com\/wp-content\/uploads\/2026\/01\/s-l400.jpg\",\"contentUrl\":\"https:\/\/adcelectronique.com\/wp-content\/uploads\/2026\/01\/s-l400.jpg\",\"width\":321,\"height\":400},{\"@type\":\"BreadcrumbList\",\"@id\":\"https:\/\/adcelectronique.com\/index.php\/product\/thermometre-et-hygrometre-numerique-uni-t-ut332\/#breadcrumb\",\"itemListElement\":[{\"@type\":\"ListItem\",\"position\":1,\"name\":\"Home\",\"item\":\"https:\/\/adcelectronique.com\/\"},{\"@type\":\"ListItem\",\"position\":2,\"name\":\"Shop\",\"item\":\"https:\/\/adcelectronique.com\/index.php\/shop\/\"},{\"@type\":\"ListItem\",\"position\":3,\"name\":\"Thermom\u00e8tre et hygrom\u00e8tre num\u00e9rique UNI-T, UT332\"}]},{\"@type\":\"WebSite\",\"@id\":\"https:\/\/adcelectronique.com\/#website\",\"url\":\"https:\/\/adcelectronique.com\/\",\"name\":\"ADC Electronique\",\"description\":\"\",\"potentialAction\":[{\"@type\":\"SearchAction\",\"target\":{\"@type\":\"EntryPoint\",\"urlTemplate\":\"https:\/\/adcelectronique.com\/?s={search_term_string}\"},\"query-input\":{\"@type\":\"PropertyValueSpecification\",\"valueRequired\":true,\"valueName\":\"search_term_string\"}}],\"inLanguage\":\"fr-FR\"}]}<\/script>\n<!-- \/ Yoast SEO Premium plugin. -->","yoast_head_json":{"title":"Thermom\u00e8tre et hygrom\u00e8tre num\u00e9rique UNI-T, UT332 - ADC Electronique","description":"*Thermom\u00e8tre et hygrom\u00e8tre num\u00e9rique\u00a0 UT332 hygrom\u00e8tre de temp\u00e9rature et humidit\u00e9 pour usines-20 \u00b0C ~ 70 \u00b0C*UNI-TUT332\u00a0 Num\u00e9rique Therye.com Hygrom\u00e8tre Temp\u00e9rature Humidit\u00e9 Instruments De Mesure Pour Les citrouille De Haute Pr\u00e9cisionCaract\u00e9ristiques des m\u00e8tres d'humidit\u00e9 de la temp\u00e9rature de s\u00e9rie d'UT332\u00a0 \u00a0 \u00a0 \u00a0Certificats: CE, UKCAS\u00e9lection \u2103\/\u2109Temps de r\u00e9ponse: environ 1 secondeR\u00e9glages de d\u00e9calage d'humidit\u00e9R\u00e9glages de d\u00e9calage de temp\u00e9ratureParam\u00e8tres de d\u00e9calage du point de ros\u00e9eR\u00e9glages de d\u00e9calage de temp\u00e9rature du bulbe humideMise hors tension automatiqueMAX\/MINConfiguration automatique du temps d'enregistrementR\u00e9tro\u00e9clairage LCDInterface USB pour les donn\u00e9es et l'alimentation","robots":{"index":"index","follow":"follow","max-snippet":"max-snippet:-1","max-image-preview":"max-image-preview:large","max-video-preview":"max-video-preview:-1"},"canonical":"https:\/\/adcelectronique.com\/index.php\/product\/thermometre-et-hygrometre-numerique-uni-t-ut332\/","og_locale":"fr_FR","og_type":"article","og_title":"Thermom\u00e8tre et hygrom\u00e8tre num\u00e9rique UNI-T, UT332","og_description":"*Thermom\u00e8tre et hygrom\u00e8tre num\u00e9rique\u00a0 UT332 hygrom\u00e8tre de temp\u00e9rature et humidit\u00e9 pour usines-20 \u00b0C ~ 70 \u00b0C*UNI-TUT332\u00a0 Num\u00e9rique Therye.com Hygrom\u00e8tre Temp\u00e9rature Humidit\u00e9 Instruments De Mesure Pour Les citrouille De Haute Pr\u00e9cisionCaract\u00e9ristiques des m\u00e8tres d'humidit\u00e9 de la temp\u00e9rature de s\u00e9rie d'UT332\u00a0 \u00a0 \u00a0 \u00a0Certificats: CE, UKCAS\u00e9lection \u2103\/\u2109Temps de r\u00e9ponse: environ 1 secondeR\u00e9glages de d\u00e9calage d'humidit\u00e9R\u00e9glages de d\u00e9calage de temp\u00e9ratureParam\u00e8tres de d\u00e9calage du point de ros\u00e9eR\u00e9glages de d\u00e9calage de temp\u00e9rature du bulbe humideMise hors tension automatiqueMAX\/MINConfiguration automatique du temps d'enregistrementR\u00e9tro\u00e9clairage LCDInterface USB pour les donn\u00e9es et l'alimentation","og_url":"https:\/\/adcelectronique.com\/index.php\/product\/thermometre-et-hygrometre-numerique-uni-t-ut332\/","og_site_name":"ADC Electronique","article_modified_time":"2026-01-25T10:37:06+00:00","og_image":[{"width":321,"height":400,"url":"https:\/\/adcelectronique.com\/wp-content\/uploads\/2026\/01\/s-l400.jpg","type":"image\/jpeg"}],"twitter_card":"summary_large_image","twitter_misc":{"Dur\u00e9e de lecture estim\u00e9e":"3 minutes"},"schema":{"@context":"https:\/\/schema.org","@graph":[{"@type":"WebPage","@id":"https:\/\/adcelectronique.com\/index.php\/product\/thermometre-et-hygrometre-numerique-uni-t-ut332\/","url":"https:\/\/adcelectronique.com\/index.php\/product\/thermometre-et-hygrometre-numerique-uni-t-ut332\/","name":"Thermom\u00e8tre et hygrom\u00e8tre num\u00e9rique UNI-T, UT332 - ADC Electronique","isPartOf":{"@id":"https:\/\/adcelectronique.com\/#website"},"primaryImageOfPage":{"@id":"https:\/\/adcelectronique.com\/index.php\/product\/thermometre-et-hygrometre-numerique-uni-t-ut332\/#primaryimage"},"image":{"@id":"https:\/\/adcelectronique.com\/index.php\/product\/thermometre-et-hygrometre-numerique-uni-t-ut332\/#primaryimage"},"thumbnailUrl":"https:\/\/adcelectronique.com\/wp-content\/uploads\/2026\/01\/s-l400.jpg","datePublished":"2026-01-25T10:29:37+00:00","dateModified":"2026-01-25T10:37:06+00:00","description":"*Thermom\u00e8tre et hygrom\u00e8tre num\u00e9rique\u00a0 UT332 hygrom\u00e8tre de temp\u00e9rature et humidit\u00e9 pour usines-20 \u00b0C ~ 70 \u00b0C*UNI-TUT332\u00a0 Num\u00e9rique Therye.com Hygrom\u00e8tre Temp\u00e9rature Humidit\u00e9 Instruments De Mesure Pour Les citrouille De Haute Pr\u00e9cisionCaract\u00e9ristiques des m\u00e8tres d'humidit\u00e9 de la temp\u00e9rature de s\u00e9rie d'UT332\u00a0 \u00a0 \u00a0 \u00a0Certificats: CE, UKCAS\u00e9lection \u2103\/\u2109Temps de r\u00e9ponse: environ 1 secondeR\u00e9glages de d\u00e9calage d'humidit\u00e9R\u00e9glages de d\u00e9calage de temp\u00e9ratureParam\u00e8tres de d\u00e9calage du point de ros\u00e9eR\u00e9glages de d\u00e9calage de temp\u00e9rature du bulbe humideMise hors tension automatiqueMAX\/MINConfiguration automatique du temps d'enregistrementR\u00e9tro\u00e9clairage LCDInterface USB pour les donn\u00e9es et l'alimentation","breadcrumb":{"@id":"https:\/\/adcelectronique.com\/index.php\/product\/thermometre-et-hygrometre-numerique-uni-t-ut332\/#breadcrumb"},"inLanguage":"fr-FR","potentialAction":[{"@type":"ReadAction","target":["https:\/\/adcelectronique.com\/index.php\/product\/thermometre-et-hygrometre-numerique-uni-t-ut332\/"]}]},{"@type":"ImageObject","inLanguage":"fr-FR","@id":"https:\/\/adcelectronique.com\/index.php\/product\/thermometre-et-hygrometre-numerique-uni-t-ut332\/#primaryimage","url":"https:\/\/adcelectronique.com\/wp-content\/uploads\/2026\/01\/s-l400.jpg","contentUrl":"https:\/\/adcelectronique.com\/wp-content\/uploads\/2026\/01\/s-l400.jpg","width":321,"height":400},{"@type":"BreadcrumbList","@id":"https:\/\/adcelectronique.com\/index.php\/product\/thermometre-et-hygrometre-numerique-uni-t-ut332\/#breadcrumb","itemListElement":[{"@type":"ListItem","position":1,"name":"Home","item":"https:\/\/adcelectronique.com\/"},{"@type":"ListItem","position":2,"name":"Shop","item":"https:\/\/adcelectronique.com\/index.php\/shop\/"},{"@type":"ListItem","position":3,"name":"Thermom\u00e8tre et hygrom\u00e8tre num\u00e9rique UNI-T, UT332"}]},{"@type":"WebSite","@id":"https:\/\/adcelectronique.com\/#website","url":"https:\/\/adcelectronique.com\/","name":"ADC Electronique","description":"","potentialAction":[{"@type":"SearchAction","target":{"@type":"EntryPoint","urlTemplate":"https:\/\/adcelectronique.com\/?s={search_term_string}"},"query-input":{"@type":"PropertyValueSpecification","valueRequired":true,"valueName":"search_term_string"}}],"inLanguage":"fr-FR"}]}},"_links":{"self":[{"href":"https:\/\/adcelectronique.com\/index.php\/wp-json\/wp\/v2\/product\/10276","targetHints":{"allow":["GET"]}}],"collection":[{"href":"https:\/\/adcelectronique.com\/index.php\/wp-json\/wp\/v2\/product"}],"about":[{"href":"https:\/\/adcelectronique.com\/index.php\/wp-json\/wp\/v2\/types\/product"}],"replies":[{"embeddable":true,"href":"https:\/\/adcelectronique.com\/index.php\/wp-json\/wp\/v2\/comments?post=10276"}],"version-history":[{"count":0,"href":"https:\/\/adcelectronique.com\/index.php\/wp-json\/wp\/v2\/product\/10276\/revisions"}],"wp:featuredmedia":[{"embeddable":true,"href":"https:\/\/adcelectronique.com\/index.php\/wp-json\/wp\/v2\/media\/10277"}],"wp:attachment":[{"href":"https:\/\/adcelectronique.com\/index.php\/wp-json\/wp\/v2\/media?parent=10276"}],"wp:term":[{"taxonomy":"product_brand","embeddable":true,"href":"https:\/\/adcelectronique.com\/index.php\/wp-json\/wp\/v2\/product_brand?post=10276"},{"taxonomy":"product_cat","embeddable":true,"href":"https:\/\/adcelectronique.com\/index.php\/wp-json\/wp\/v2\/product_cat?post=10276"},{"taxonomy":"product_tag","embeddable":true,"href":"https:\/\/adcelectronique.com\/index.php\/wp-json\/wp\/v2\/product_tag?post=10276"}],"curies":[{"name":"wp","href":"https:\/\/api.w.org\/{rel}","templated":true}]}}