{"id":10301,"date":"2026-01-25T11:06:39","date_gmt":"2026-01-25T11:06:39","guid":{"rendered":"https:\/\/adcelectronique.com\/?post_type=product&#038;p=10301"},"modified":"2026-01-25T11:06:40","modified_gmt":"2026-01-25T11:06:40","slug":"luxmetre-numerique-mastech-ms6612","status":"publish","type":"product","link":"https:\/\/adcelectronique.com\/index.php\/product\/luxmetre-numerique-mastech-ms6612\/","title":{"rendered":"Luxm\u00e8tre num\u00e9rique Mastech MS6612"},"content":{"rendered":"<h3>\u00a0 \u00a0 \u00a0 \u00a0 \u00a0 \u00a0 \u00a0 \u00a0 \u00a0 \u00a0 \u00a0 \u00a0 \u00a0 \u00a0 \u00a0 \u00a0Luxm\u00e8tre num\u00e9rique Mastech MS6612<\/h3>\n<p>Mastech MS6612 Luxm\u00e8tre num\u00e9rique Photom\u00e8tre Auto Gamme Peak 200000 Lux<\/p>\n<p><span style=\"color: #000000\"><a style=\"color: #000000\" href=\"https:\/\/graigar.aliexpress.com\/store\/1100458978?spm=a2700.details-description.0.0.6038QrtPQrtPNj\" target=\"_blank\" rel=\"noopener\" data-spm-anchor-id=\"a2700.details-description.0.0\">Multim\u00e8tre \u00e0 affichage num\u00e9rique MasTech MS6612 Luxm\u00e8tre num\u00e9rique Compteur de lumi\u00e8re multifonctionnel Plage de mesure 0.00-200000 Lux<\/a><\/span><\/p>\n<h5><span id=\"tl_1\" data-spm-anchor-id=\"a2700.details-description.0.i0.6038QrtPQrtPNj\">Caract\u00e9ristiques<\/span><\/h5>\n<p><span id=\"tl_2\">\u2022 Affichage: 3 \u00bdChiffres, max lecture 1999<\/span><\/p>\n<p align=\"left\"><span id=\"tl_3\">\u2022 Affichage de la barre analogique<\/span><\/p>\n<p align=\"left\"><span id=\"tl_4\">\u2022 Gamme automatique et manuelle<\/span><\/p>\n<p><span id=\"tl_5\">\u2022 Retenue des donn\u00e9es<\/span><\/p>\n<p><span id=\"tl_6\">\u2022 Maintien de pointe<\/span><\/p>\n<p><span id=\"tl_7\">\u2022 Fonction MAX, MIN<\/span><\/p>\n<p><span id=\"tl_8\">\u2022 Mesure relative<\/span><\/p>\n<p><span id=\"tl_9\">\u2022 Fonction de nettoyage z\u00e9ro<\/span><\/p>\n<p><span id=\"tl_10\">\u2022 Indication de faible puissance<\/span><\/p>\n<p><span id=\"tl_11\">\u2022 Conversion d&rsquo;unit\u00e9: Fc \/ Lux<\/span><\/p>\n<p><span id=\"tl_12\">\u2022 Indication des touches vocales<\/span><\/p>\n<p><span id=\"tl_13\">\u2022 Mise hors tension automatique<\/span><\/p>\n<p align=\"left\">\n<h5 align=\"left\"><span id=\"tl_14\">Sp\u00e9cifications fonctionnelles du luxm\u00e8tre l\u00e9ger MS6612<\/span><\/h5>\n<p>&nbsp;<\/p>\n<table class=\"aliDataTable\" border=\"1\" cellspacing=\"0\" cellpadding=\"0\">\n<tbody>\n<tr align=\"left\">\n<td rowspan=\"3\" align=\"center\"><span id=\"tl_15\">Mesure\/Source mV<\/span><\/td>\n<td valign=\"top\"><span id=\"tl_16\">Gamme:<\/span><\/td>\n<td valign=\"top\"><span id=\"tl_17\">0 \u00e0 100 mV<\/span><\/td>\n<\/tr>\n<tr align=\"left\">\n<td valign=\"top\"><span id=\"tl_18\">R\u00e9solution:<\/span><\/td>\n<td valign=\"top\"><span id=\"tl_19\">0.01 mV<\/span><\/td>\n<\/tr>\n<tr align=\"left\">\n<td valign=\"top\"><span id=\"tl_20\">Pr\u00e9cision:<\/span><\/td>\n<td valign=\"top\"><span id=\"tl_21\">0.02% + 2 comptes<\/span><\/td>\n<\/tr>\n<tr align=\"left\">\n<td rowspan=\"3\" align=\"center\"><span id=\"tl_22\">Mesure\/Source V<\/span><\/td>\n<td valign=\"top\"><span id=\"tl_23\">Gamme:<\/span><\/td>\n<td valign=\"top\"><span id=\"tl_24\">0 \u00e0 10 V<\/span><\/td>\n<\/tr>\n<tr align=\"left\">\n<td valign=\"top\"><span id=\"tl_25\">R\u00e9solution:<\/span><\/td>\n<td valign=\"top\"><span id=\"tl_26\">0.001 V<\/span><\/td>\n<\/tr>\n<tr align=\"left\">\n<td valign=\"top\"><span id=\"tl_27\">Pr\u00e9cision:<\/span><\/td>\n<td valign=\"top\"><span id=\"tl_28\">0.02% + 2 comptes<\/span><\/td>\n<\/tr>\n<tr align=\"left\">\n<td rowspan=\"4\" align=\"center\"><span id=\"tl_29\">Mesurer\/Source\/Simuler mA (% de l&rsquo;envergure)<\/span><\/td>\n<td valign=\"top\"><span id=\"tl_30\">Gamme:<\/span><\/td>\n<td valign=\"top\"><span id=\"tl_31\">0 \u00e0 24 mA (-25% \u00e0 125%)<\/span><\/td>\n<\/tr>\n<tr align=\"left\">\n<td valign=\"top\"><span id=\"tl_32\">R\u00e9solution:<\/span><\/td>\n<td valign=\"top\"><span id=\"tl_33\">0.001 mA<\/span><\/td>\n<\/tr>\n<tr align=\"left\">\n<td valign=\"top\"><span id=\"tl_34\">Pr\u00e9cision:<\/span><\/td>\n<td valign=\"top\"><span id=\"tl_35\">0.015% + 4 comptes<\/span><\/td>\n<\/tr>\n<tr align=\"left\">\n<td colspan=\"2\" valign=\"top\"><span id=\"tl_36\">Remarque: \u00c9vier (\u00e9metteur de simulation) Affichage mA ou % de la port\u00e9e<\/span><\/td>\n<\/tr>\n<\/tbody>\n<\/table>\n<p>&nbsp;<\/p>\n<p>&nbsp;<\/p>\n<h5><span id=\"tl_37\">Sp\u00e9cification:<\/span><\/h5>\n<table class=\"aliDataTable\" border=\"1\" cellspacing=\"0\" cellpadding=\"0\">\n<tbody>\n<tr align=\"left\">\n<td rowspan=\"3\"><span id=\"tl_38\">Boucle<\/span><span id=\"tl_39\">Puissance<\/span><\/td>\n<td valign=\"top\"><span id=\"tl_40\">Gamme:<\/span><\/td>\n<td valign=\"top\"><span id=\"tl_41\">24 V dc<\/span><\/td>\n<\/tr>\n<tr align=\"left\">\n<td valign=\"top\"><span id=\"tl_42\">Pr\u00e9cision:<\/span><\/td>\n<td valign=\"top\">+\/- 10%<\/td>\n<\/tr>\n<tr align=\"left\">\n<td colspan=\"2\" valign=\"top\"><span id=\"tl_43\">Remarque: Entra\u00eenement; 20 mA en 1000 \u03a9 pour batterie&gt; 6.8 V; 700 \u03a9 pour batterie 5.8 \u00e0 6.8 V<\/span><\/td>\n<\/tr>\n<tr align=\"left\">\n<td valign=\"top\"><span id=\"tl_44\">Affichage<\/span><\/td>\n<td colspan=\"2\" valign=\"top\"><span id=\"tl_45\">LCD clair \u00e0 5 chiffres<\/span><\/td>\n<\/tr>\n<\/tbody>\n<\/table>\n<p>&nbsp;<\/p>\n<p>&nbsp;<\/p>\n<table class=\"aliDataTable\" border=\"1\" cellspacing=\"0\" cellpadding=\"0\">\n<tbody>\n<tr align=\"left\">\n<td colspan=\"2\" valign=\"top\"><span id=\"tl_46\">Sp\u00e9cifications environnementales<\/span><\/td>\n<\/tr>\n<tr align=\"left\">\n<td valign=\"top\"><span id=\"tl_47\">Temp\u00e9rature de fonctionnement<\/span><\/td>\n<td valign=\"top\"><span id=\"tl_48\">0 \u00b0C \u00e0 40 \u00b0C<\/span><\/td>\n<\/tr>\n<tr align=\"left\">\n<td valign=\"top\"><span id=\"tl_49\">Temp\u00e9rature de stockage<\/span><\/td>\n<td valign=\"top\"><span id=\"tl_50\">-10 \u00b0C \u00e0 60 \u00b0C<\/span><\/td>\n<\/tr>\n<\/tbody>\n<\/table>\n<table class=\"aliDataTable\" border=\"1\" cellspacing=\"0\" cellpadding=\"0\">\n<tbody>\n<tr align=\"left\">\n<td valign=\"top\"><span id=\"tl_51\">Cote de s\u00e9curit\u00e9<\/span><\/td>\n<td valign=\"top\"><span id=\"tl_52\">IEC 1010-2-032, 600V CAT III<\/span><\/td>\n<\/tr>\n<\/tbody>\n<\/table>\n<p>&nbsp;<\/p>\n<table class=\"aliDataTable\" border=\"1\" cellspacing=\"0\" cellpadding=\"0\">\n<tbody>\n<tr align=\"left\">\n<td colspan=\"2\" valign=\"top\"><span id=\"tl_53\">Sp\u00e9cifications m\u00e9caniques et g\u00e9n\u00e9rales<\/span><\/td>\n<\/tr>\n<tr align=\"left\">\n<td valign=\"top\"><span id=\"tl_54\">Taille<\/span><\/td>\n<td valign=\"top\"><span id=\"tl_55\">190*89*42mm<\/span><\/td>\n<\/tr>\n<tr align=\"left\">\n<td valign=\"top\"><span id=\"tl_56\">Alimentation \u00e9lectrique<\/span><\/td>\n<td valign=\"top\"><span id=\"tl_57\" data-spm-anchor-id=\"a2700.details-description.0.i1.6038QrtPQrtPNj\">1&#215;1.9V, IEC6LR61<\/span><\/td>\n<\/tr>\n<tr align=\"left\">\n<td valign=\"top\"><span id=\"tl_58\">Poids<\/span><\/td>\n<td valign=\"top\"><span id=\"tl_59\">350g avec batterie (l&#8217;emballage n&rsquo;a pas de batterie)<\/span><\/td>\n<\/tr>\n<\/tbody>\n<\/table>\n","protected":false},"excerpt":{"rendered":"<p>Mastech MS6612 Luxm\u00e8tre num\u00e9rique Photom\u00e8tre Auto Gamme Peak 200000 Lux<\/p>\n<p><span style=\"color: #000000\"><a style=\"color: #000000\" href=\"https:\/\/graigar.aliexpress.com\/store\/1100458978?spm=a2700.details-description.0.0.6038QrtPQrtPNj\" target=\"_blank\" rel=\"noopener\" data-spm-anchor-id=\"a2700.details-description.0.0\">Multim\u00e8tre \u00e0 affichage num\u00e9rique MasTech MS6612 Luxm\u00e8tre num\u00e9rique Compteur de lumi\u00e8re multifonctionnel Plage de mesure 0.00-200000 Lux<\/a><\/span><\/p>\n<h5><span id=\"tl_1\" data-spm-anchor-id=\"a2700.details-description.0.i0.6038QrtPQrtPNj\">Caract\u00e9ristiques<\/span><\/h5>\n<p><span id=\"tl_2\">\u2022 Affichage: 3 \u00bdChiffres, max lecture 1999<\/span><\/p>\n<p align=\"left\"><span id=\"tl_3\">\u2022 Affichage de la barre analogique<\/span><\/p>\n<p align=\"left\"><span id=\"tl_4\">\u2022 Gamme automatique et manuelle<\/span><\/p>\n<p><span id=\"tl_5\">\u2022 Retenue des donn\u00e9es<\/span><\/p>\n<p><span id=\"tl_6\">\u2022 Maintien de pointe<\/span><\/p>\n<p><span id=\"tl_7\">\u2022 Fonction MAX, MIN<\/span><\/p>\n<p><span id=\"tl_8\">\u2022 Mesure relative<\/span><\/p>\n<p><span id=\"tl_9\">\u2022 Fonction de nettoyage z\u00e9ro<\/span><\/p>\n<p><span id=\"tl_10\">\u2022 Indication de faible puissance<\/span><\/p>\n<p><span id=\"tl_11\">\u2022 Conversion d&rsquo;unit\u00e9: Fc \/ Lux<\/span><\/p>\n<p><span id=\"tl_12\">\u2022 Indication des touches vocales<\/span><\/p>\n<p><span id=\"tl_13\">\u2022 Mise hors tension automatique<\/span><\/p>\n<p align=\"left\">\n","protected":false},"featured_media":10307,"comment_status":"open","ping_status":"closed","template":"","meta":[],"product_brand":[128],"product_cat":[118,127],"product_tag":[],"class_list":{"0":"post-10301","1":"product","2":"type-product","3":"status-publish","4":"has-post-thumbnail","6":"product_brand-mastech","7":"product_cat-multimetre","8":"product_cat-testeur","10":"first","11":"instock","12":"shipping-taxable","13":"purchasable","14":"product-type-simple"},"yoast_head":"<!-- This site is optimized with the Yoast SEO Premium plugin v26.2 (Yoast SEO v26.2) - https:\/\/yoast.com\/wordpress\/plugins\/seo\/ -->\n<title>Luxm\u00e8tre num\u00e9rique Mastech MS6612 - ADC Electronique<\/title>\n<meta name=\"robots\" content=\"index, follow, max-snippet:-1, max-image-preview:large, max-video-preview:-1\" \/>\n<link rel=\"canonical\" href=\"https:\/\/adcelectronique.com\/index.php\/product\/luxmetre-numerique-mastech-ms6612\/\" \/>\n<meta property=\"og:locale\" content=\"fr_FR\" \/>\n<meta property=\"og:type\" content=\"article\" \/>\n<meta property=\"og:title\" content=\"Luxm\u00e8tre num\u00e9rique Mastech MS6612\" \/>\n<meta property=\"og:description\" content=\"Mastech MS6612 Luxm\u00e8tre num\u00e9rique Photom\u00e8tre Auto Gamme Peak 200000 Lux  Multim\u00e8tre \u00e0 affichage num\u00e9rique MasTech MS6612 Luxm\u00e8tre num\u00e9rique Compteur de lumi\u00e8re multifonctionnel Plage de mesure 0.00-200000 Lux Caract\u00e9ristiques \u2022 Affichage: 3 \u00bdChiffres, max lecture 1999 \u2022 Affichage de la barre analogique \u2022 Gamme automatique et manuelle \u2022 Retenue des donn\u00e9es  \u2022 Maintien de pointe  \u2022 Fonction MAX, MIN  \u2022 Mesure relative  \u2022 Fonction de nettoyage z\u00e9ro  \u2022 Indication de faible puissance  \u2022 Conversion d&#039;unit\u00e9: Fc \/ Lux  \u2022 Indication des touches vocales  \u2022 Mise hors tension automatique\" \/>\n<meta property=\"og:url\" content=\"https:\/\/adcelectronique.com\/index.php\/product\/luxmetre-numerique-mastech-ms6612\/\" \/>\n<meta property=\"og:site_name\" content=\"ADC Electronique\" \/>\n<meta property=\"article:modified_time\" content=\"2026-01-25T11:06:40+00:00\" \/>\n<meta property=\"og:image\" content=\"https:\/\/adcelectronique.com\/wp-content\/uploads\/2026\/01\/MS66.png\" \/>\n\t<meta property=\"og:image:width\" content=\"1068\" \/>\n\t<meta property=\"og:image:height\" content=\"668\" \/>\n\t<meta property=\"og:image:type\" content=\"image\/png\" \/>\n<meta name=\"twitter:card\" content=\"summary_large_image\" \/>\n<meta name=\"twitter:label1\" content=\"Dur\u00e9e de lecture estim\u00e9e\" \/>\n\t<meta name=\"twitter:data1\" content=\"2 minutes\" \/>\n<script type=\"application\/ld+json\" class=\"yoast-schema-graph\">{\"@context\":\"https:\/\/schema.org\",\"@graph\":[{\"@type\":\"WebPage\",\"@id\":\"https:\/\/adcelectronique.com\/index.php\/product\/luxmetre-numerique-mastech-ms6612\/\",\"url\":\"https:\/\/adcelectronique.com\/index.php\/product\/luxmetre-numerique-mastech-ms6612\/\",\"name\":\"Luxm\u00e8tre num\u00e9rique Mastech MS6612 - ADC Electronique\",\"isPartOf\":{\"@id\":\"https:\/\/adcelectronique.com\/#website\"},\"primaryImageOfPage\":{\"@id\":\"https:\/\/adcelectronique.com\/index.php\/product\/luxmetre-numerique-mastech-ms6612\/#primaryimage\"},\"image\":{\"@id\":\"https:\/\/adcelectronique.com\/index.php\/product\/luxmetre-numerique-mastech-ms6612\/#primaryimage\"},\"thumbnailUrl\":\"https:\/\/adcelectronique.com\/wp-content\/uploads\/2026\/01\/MS66.png\",\"datePublished\":\"2026-01-25T11:06:39+00:00\",\"dateModified\":\"2026-01-25T11:06:40+00:00\",\"breadcrumb\":{\"@id\":\"https:\/\/adcelectronique.com\/index.php\/product\/luxmetre-numerique-mastech-ms6612\/#breadcrumb\"},\"inLanguage\":\"fr-FR\",\"potentialAction\":[{\"@type\":\"ReadAction\",\"target\":[\"https:\/\/adcelectronique.com\/index.php\/product\/luxmetre-numerique-mastech-ms6612\/\"]}]},{\"@type\":\"ImageObject\",\"inLanguage\":\"fr-FR\",\"@id\":\"https:\/\/adcelectronique.com\/index.php\/product\/luxmetre-numerique-mastech-ms6612\/#primaryimage\",\"url\":\"https:\/\/adcelectronique.com\/wp-content\/uploads\/2026\/01\/MS66.png\",\"contentUrl\":\"https:\/\/adcelectronique.com\/wp-content\/uploads\/2026\/01\/MS66.png\",\"width\":1068,\"height\":668},{\"@type\":\"BreadcrumbList\",\"@id\":\"https:\/\/adcelectronique.com\/index.php\/product\/luxmetre-numerique-mastech-ms6612\/#breadcrumb\",\"itemListElement\":[{\"@type\":\"ListItem\",\"position\":1,\"name\":\"Home\",\"item\":\"https:\/\/adcelectronique.com\/\"},{\"@type\":\"ListItem\",\"position\":2,\"name\":\"Shop\",\"item\":\"https:\/\/adcelectronique.com\/index.php\/shop\/\"},{\"@type\":\"ListItem\",\"position\":3,\"name\":\"Luxm\u00e8tre num\u00e9rique Mastech MS6612\"}]},{\"@type\":\"WebSite\",\"@id\":\"https:\/\/adcelectronique.com\/#website\",\"url\":\"https:\/\/adcelectronique.com\/\",\"name\":\"ADC Electronique\",\"description\":\"\",\"potentialAction\":[{\"@type\":\"SearchAction\",\"target\":{\"@type\":\"EntryPoint\",\"urlTemplate\":\"https:\/\/adcelectronique.com\/?s={search_term_string}\"},\"query-input\":{\"@type\":\"PropertyValueSpecification\",\"valueRequired\":true,\"valueName\":\"search_term_string\"}}],\"inLanguage\":\"fr-FR\"}]}<\/script>\n<!-- \/ Yoast SEO Premium plugin. -->","yoast_head_json":{"title":"Luxm\u00e8tre num\u00e9rique Mastech MS6612 - ADC Electronique","robots":{"index":"index","follow":"follow","max-snippet":"max-snippet:-1","max-image-preview":"max-image-preview:large","max-video-preview":"max-video-preview:-1"},"canonical":"https:\/\/adcelectronique.com\/index.php\/product\/luxmetre-numerique-mastech-ms6612\/","og_locale":"fr_FR","og_type":"article","og_title":"Luxm\u00e8tre num\u00e9rique Mastech MS6612","og_description":"Mastech MS6612 Luxm\u00e8tre num\u00e9rique Photom\u00e8tre Auto Gamme Peak 200000 Lux  Multim\u00e8tre \u00e0 affichage num\u00e9rique MasTech MS6612 Luxm\u00e8tre num\u00e9rique Compteur de lumi\u00e8re multifonctionnel Plage de mesure 0.00-200000 Lux Caract\u00e9ristiques \u2022 Affichage: 3 \u00bdChiffres, max lecture 1999 \u2022 Affichage de la barre analogique \u2022 Gamme automatique et manuelle \u2022 Retenue des donn\u00e9es  \u2022 Maintien de pointe  \u2022 Fonction MAX, MIN  \u2022 Mesure relative  \u2022 Fonction de nettoyage z\u00e9ro  \u2022 Indication de faible puissance  \u2022 Conversion d'unit\u00e9: Fc \/ Lux  \u2022 Indication des touches vocales  \u2022 Mise hors tension automatique","og_url":"https:\/\/adcelectronique.com\/index.php\/product\/luxmetre-numerique-mastech-ms6612\/","og_site_name":"ADC Electronique","article_modified_time":"2026-01-25T11:06:40+00:00","og_image":[{"width":1068,"height":668,"url":"https:\/\/adcelectronique.com\/wp-content\/uploads\/2026\/01\/MS66.png","type":"image\/png"}],"twitter_card":"summary_large_image","twitter_misc":{"Dur\u00e9e de lecture estim\u00e9e":"2 minutes"},"schema":{"@context":"https:\/\/schema.org","@graph":[{"@type":"WebPage","@id":"https:\/\/adcelectronique.com\/index.php\/product\/luxmetre-numerique-mastech-ms6612\/","url":"https:\/\/adcelectronique.com\/index.php\/product\/luxmetre-numerique-mastech-ms6612\/","name":"Luxm\u00e8tre num\u00e9rique Mastech MS6612 - ADC Electronique","isPartOf":{"@id":"https:\/\/adcelectronique.com\/#website"},"primaryImageOfPage":{"@id":"https:\/\/adcelectronique.com\/index.php\/product\/luxmetre-numerique-mastech-ms6612\/#primaryimage"},"image":{"@id":"https:\/\/adcelectronique.com\/index.php\/product\/luxmetre-numerique-mastech-ms6612\/#primaryimage"},"thumbnailUrl":"https:\/\/adcelectronique.com\/wp-content\/uploads\/2026\/01\/MS66.png","datePublished":"2026-01-25T11:06:39+00:00","dateModified":"2026-01-25T11:06:40+00:00","breadcrumb":{"@id":"https:\/\/adcelectronique.com\/index.php\/product\/luxmetre-numerique-mastech-ms6612\/#breadcrumb"},"inLanguage":"fr-FR","potentialAction":[{"@type":"ReadAction","target":["https:\/\/adcelectronique.com\/index.php\/product\/luxmetre-numerique-mastech-ms6612\/"]}]},{"@type":"ImageObject","inLanguage":"fr-FR","@id":"https:\/\/adcelectronique.com\/index.php\/product\/luxmetre-numerique-mastech-ms6612\/#primaryimage","url":"https:\/\/adcelectronique.com\/wp-content\/uploads\/2026\/01\/MS66.png","contentUrl":"https:\/\/adcelectronique.com\/wp-content\/uploads\/2026\/01\/MS66.png","width":1068,"height":668},{"@type":"BreadcrumbList","@id":"https:\/\/adcelectronique.com\/index.php\/product\/luxmetre-numerique-mastech-ms6612\/#breadcrumb","itemListElement":[{"@type":"ListItem","position":1,"name":"Home","item":"https:\/\/adcelectronique.com\/"},{"@type":"ListItem","position":2,"name":"Shop","item":"https:\/\/adcelectronique.com\/index.php\/shop\/"},{"@type":"ListItem","position":3,"name":"Luxm\u00e8tre num\u00e9rique Mastech MS6612"}]},{"@type":"WebSite","@id":"https:\/\/adcelectronique.com\/#website","url":"https:\/\/adcelectronique.com\/","name":"ADC Electronique","description":"","potentialAction":[{"@type":"SearchAction","target":{"@type":"EntryPoint","urlTemplate":"https:\/\/adcelectronique.com\/?s={search_term_string}"},"query-input":{"@type":"PropertyValueSpecification","valueRequired":true,"valueName":"search_term_string"}}],"inLanguage":"fr-FR"}]}},"_links":{"self":[{"href":"https:\/\/adcelectronique.com\/index.php\/wp-json\/wp\/v2\/product\/10301","targetHints":{"allow":["GET"]}}],"collection":[{"href":"https:\/\/adcelectronique.com\/index.php\/wp-json\/wp\/v2\/product"}],"about":[{"href":"https:\/\/adcelectronique.com\/index.php\/wp-json\/wp\/v2\/types\/product"}],"replies":[{"embeddable":true,"href":"https:\/\/adcelectronique.com\/index.php\/wp-json\/wp\/v2\/comments?post=10301"}],"version-history":[{"count":0,"href":"https:\/\/adcelectronique.com\/index.php\/wp-json\/wp\/v2\/product\/10301\/revisions"}],"wp:featuredmedia":[{"embeddable":true,"href":"https:\/\/adcelectronique.com\/index.php\/wp-json\/wp\/v2\/media\/10307"}],"wp:attachment":[{"href":"https:\/\/adcelectronique.com\/index.php\/wp-json\/wp\/v2\/media?parent=10301"}],"wp:term":[{"taxonomy":"product_brand","embeddable":true,"href":"https:\/\/adcelectronique.com\/index.php\/wp-json\/wp\/v2\/product_brand?post=10301"},{"taxonomy":"product_cat","embeddable":true,"href":"https:\/\/adcelectronique.com\/index.php\/wp-json\/wp\/v2\/product_cat?post=10301"},{"taxonomy":"product_tag","embeddable":true,"href":"https:\/\/adcelectronique.com\/index.php\/wp-json\/wp\/v2\/product_tag?post=10301"}],"curies":[{"name":"wp","href":"https:\/\/api.w.org\/{rel}","templated":true}]}}