{"id":10309,"date":"2026-01-25T12:28:42","date_gmt":"2026-01-25T12:28:42","guid":{"rendered":"https:\/\/adcelectronique.com\/?post_type=product&#038;p=10309"},"modified":"2026-01-25T12:45:18","modified_gmt":"2026-01-25T12:45:18","slug":"multimetre-numerique-fluke-15b","status":"publish","type":"product","link":"https:\/\/adcelectronique.com\/index.php\/product\/multimetre-numerique-fluke-15b\/","title":{"rendered":"Multim\u00e8tre num\u00e9rique FLUKE 15B +"},"content":{"rendered":"<p><img decoding=\"async\" class=\"alignnone size-medium wp-image-10310\" src=\"https:\/\/adcelectronique.com\/wp-content\/uploads\/2026\/01\/616N3ZKW0AL._AC_UF10001000_QL80_-213x300.jpg\" alt=\"\" width=\"213\" height=\"300\" srcset=\"https:\/\/adcelectronique.com\/wp-content\/uploads\/2026\/01\/616N3ZKW0AL._AC_UF10001000_QL80_-213x300.jpg 213w, https:\/\/adcelectronique.com\/wp-content\/uploads\/2026\/01\/616N3ZKW0AL._AC_UF10001000_QL80_-9x12.jpg 9w, https:\/\/adcelectronique.com\/wp-content\/uploads\/2026\/01\/616N3ZKW0AL._AC_UF10001000_QL80_-148x208.jpg 148w, https:\/\/adcelectronique.com\/wp-content\/uploads\/2026\/01\/616N3ZKW0AL._AC_UF10001000_QL80_.jpg 710w\" sizes=\"(max-width: 213px) 100vw, 213px\" \/><\/p>\n<h2>\u00a0 \u00a0 \u00a0 \u00a0 \u00a0 \u00a0 \u00a0 \u00a0 \u00a0 \u00a0 \u00a0 \u00a0 \u00a0 \u00a0 \u00a0 \u00a0 \u00a0 \u00a0 \u00a0 Multim\u00e8tre num\u00e9rique FLUKE 15B +<\/h2>\n<p>Fluke\u00a015B+ int\u00e8gre toutes les fonctionnalit\u00e9s essentielles dont vous avez besoin dans un multim\u00e8tre num\u00e9rique dans un outil portable et robuste, facile \u00e0 utiliser d\u2019une seule main, m\u00eame avec des gants. Des mesures de tension et de courant AC\/DC jusqu\u2019\u00e0 1 000\u00a0V et 10\u00a0A aux capacit\u00e9s compl\u00e8tes, y compris les contr\u00f4les de r\u00e9sistance, de capacit\u00e9 et de fr\u00e9quence, le 15\u00a0B+ est votre solution de r\u00e9f\u00e9rence pour le d\u00e9pannage d\u2019un grand nombre de probl\u00e8mes \u00e9lectriques.<\/p>\n<p>La classification de s\u00e9curit\u00e9 CAT\u00a0III 600\u00a0V offre une tranquillit\u00e9 d\u2019esprit pour tout, des contr\u00f4les de routine sur les \u00e9quipements et appareils \u00e9lectriques \u00e0 la v\u00e9rification des niveaux de tension aux prises de courant ou aux commutateurs, en passant par le diagnostic des probl\u00e8mes avec les circuits. Id\u00e9al pour les amateurs de bricolage et les \u00e9lectriciens en d\u00e9but de carri\u00e8re qui cherchent \u00e0 rationaliser leur bo\u00eete \u00e0 outils, le Fluke\u00a015B+ est un compl\u00e9ment fiable et polyvalent \u00e0 votre bo\u00eete \u00e0 outils.<\/p>\n<ul>\n<li>\n<h2>Accessoires<\/h2>\n<\/li>\n<li>Multim\u00e8tre num\u00e9rique Fluke\u00a015B+<\/li>\n<li>Cordons de mesure Fluke\u00a0TL75<\/li>\n<li>2 piles AA<\/li>\n<li>Mode d\u2019emploi<\/li>\n<\/ul>\n<p>&nbsp;<\/p>\n<p><strong>*<\/strong><strong> Fonctions multiples avec plages automatiques\/manuelles.<\/strong><\/p>\n<p><strong>* Grand \u00e9cran LCD, 4,000 points mis \u00e0 jour 3\/sec<\/strong><\/p>\n<p><strong>* Mesures principales: tension\/courant ca\/cc, capacit\u00e9, Diode et continuit\u00e9<\/strong><\/p>\n<p><strong>* Capacit\u00e9: 40.00nF\/400.0nF\/4.00uF\/40.00uF\/400.0uF\/1000uF<\/strong><\/p>\n<p><strong>* Volts ca (40Hz-500Hz) : 4.000V\/40.00V\/400.0V\/1000V<\/strong><\/p>\n<p><strong>Ca mV:400.0mV<\/strong><\/p>\n<p><strong>* Tension cc: 4.000V\/40.00V\/400.0V\/1000V<\/strong><\/p>\n<p><strong>Cc mV:400.0mV<\/strong><\/p>\n<p><strong>* Courant ca uA(40Hz-400Hz): 400.0uA\/4000uA<\/strong><\/p>\n<p><strong>Courant ca mA(40Hz-400Hz):40.00mA\/4. 0ma<\/strong><\/p>\n<p><strong>Courant ca A(40Hz-400Hz):4.000A\/10.00A<\/strong><\/p>\n<p><strong>* Courant cc uA : 400.0uA\/4000uA<\/strong><\/p>\n<p><strong>Courant cc mA: 40,00ma\/400,0ma<\/strong><\/p>\n<p><strong>Courant continu A:4.000A\/10.00A<\/strong><\/p>\n<p><strong>* R\u00e9sistance: 400.0\/4.000K\/40.00K\/400.0K\/4.000M\/40.00M ohm<\/strong><\/p>\n<p><strong>* Fonction de maintien des donn\u00e9es<\/strong><\/p>\n<p><strong>* Test de continuit\u00e9 avec alerte<\/strong><\/p>\n<p><strong>* Test de Diode<\/strong><\/p>\n<p><strong>* La port\u00e9e automatique et la port\u00e9e manuelle sont toutes deux s\u00e9lectionnables<\/strong><\/p>\n<p><strong>* Protection contre les surcharges pour toutes les plages<\/strong><\/p>\n<p><strong>* Indication de la polarit\u00e9: indique la polarit\u00e9 n\u00e9gative<\/strong><\/p>\n<p><strong data-spm-anchor-id=\"a2g0o.detail.1000023.i1.4eac61dbOWoe9L\">* Mode veille\/arr\u00eat automatique\/Indication de batterie faible<\/strong><\/p>\n<p><strong>* Test de continuit\u00e9 avec alerte<\/strong><\/p>\n<p><strong>* Alimentation: 2 piles AA 1.5V<\/strong><\/p>\n<p><strong>* Dimension : 183x91x49.5mm<\/strong><\/p>\n","protected":false},"excerpt":{"rendered":"<p>Fluke\u00a015B+ int\u00e8gre toutes les fonctionnalit\u00e9s essentielles dont vous avez besoin dans un multim\u00e8tre num\u00e9rique dans un outil portable et robuste, facile \u00e0 utiliser d\u2019une seule main, m\u00eame avec des gants. Des mesures de tension et de courant AC\/DC jusqu\u2019\u00e0 1 000\u00a0V et 10\u00a0A aux capacit\u00e9s compl\u00e8tes, y compris les contr\u00f4les de r\u00e9sistance, de capacit\u00e9 et de fr\u00e9quence, le 15\u00a0B+ est votre solution de r\u00e9f\u00e9rence pour le d\u00e9pannage d\u2019un grand nombre de probl\u00e8mes \u00e9lectriques.<\/p>\n<p>La classification de s\u00e9curit\u00e9 CAT\u00a0III 600\u00a0V offre une tranquillit\u00e9 d\u2019esprit pour tout, des contr\u00f4les de routine sur les \u00e9quipements et appareils \u00e9lectriques \u00e0 la v\u00e9rification des niveaux de tension aux prises de courant ou aux commutateurs, en passant par le diagnostic des probl\u00e8mes avec les circuits. Id\u00e9al pour les amateurs de bricolage et les \u00e9lectriciens en d\u00e9but de carri\u00e8re qui cherchent \u00e0 rationaliser leur bo\u00eete \u00e0 outils, le Fluke\u00a015B+ est un compl\u00e9ment fiable et polyvalent \u00e0 votre bo\u00eete \u00e0 outils.<\/p>\n<ul>\n<li>\n<h2>Accessoires<\/h2>\n<\/li>\n<li>Multim\u00e8tre num\u00e9rique Fluke\u00a015B+<\/li>\n<li>Cordons de mesure Fluke\u00a0TL75<\/li>\n<li>2 piles AA<\/li>\n<li>Mode d\u2019emploi<\/li>\n<\/ul>\n","protected":false},"featured_media":10310,"comment_status":"open","ping_status":"closed","template":"","meta":[],"product_brand":[119],"product_cat":[118],"product_tag":[],"class_list":{"0":"post-10309","1":"product","2":"type-product","3":"status-publish","4":"has-post-thumbnail","6":"product_brand-fluck","7":"product_cat-multimetre","9":"first","10":"onbackorder","11":"shipping-taxable","12":"purchasable","13":"product-type-simple"},"yoast_head":"<!-- This site is optimized with the Yoast SEO Premium plugin v26.2 (Yoast SEO v26.2) - https:\/\/yoast.com\/wordpress\/plugins\/seo\/ -->\n<title>Multim\u00e8tre num\u00e9rique FLUKE 15B + - ADC Electronique<\/title>\n<meta name=\"description\" content=\"Fluke\u00a015B+ int\u00e8gre toutes les fonctionnalit\u00e9s essentielles dont vous avez besoin dans un multim\u00e8tre num\u00e9rique dans un outil portable et robuste, facile \u00e0 utiliser d\u2019une seule main, m\u00eame avec des gants. Des mesures de tension et de courant AC\/DC jusqu\u2019\u00e0 1 000\u00a0V et 10\u00a0A aux capacit\u00e9s compl\u00e8tes, y compris les contr\u00f4les de r\u00e9sistance, de capacit\u00e9 et de fr\u00e9quence, le 15\u00a0B+ est votre solution de r\u00e9f\u00e9rence pour le d\u00e9pannage d\u2019un grand nombre de probl\u00e8mes \u00e9lectriques.La classification de s\u00e9curit\u00e9 CAT\u00a0III 600\u00a0V offre une tranquillit\u00e9 d\u2019esprit pour tout, des contr\u00f4les de routine sur les \u00e9quipements et appareils \u00e9lectriques \u00e0 la v\u00e9rification des niveaux de tension aux prises de courant ou aux commutateurs, en passant par le diagnostic des probl\u00e8mes avec les circuits. Id\u00e9al pour les amateurs de bricolage et les \u00e9lectriciens en d\u00e9but de carri\u00e8re qui cherchent \u00e0 rationaliser leur bo\u00eete \u00e0 outils, le Fluke\u00a015B+ est un compl\u00e9ment fiable et polyvalent \u00e0 votre bo\u00eete \u00e0 outils.AccessoiresMultim\u00e8tre num\u00e9rique Fluke\u00a015B+Cordons de mesure Fluke\u00a0TL752 piles AAMode d\u2019emploi\" \/>\n<meta name=\"robots\" content=\"index, follow, max-snippet:-1, max-image-preview:large, max-video-preview:-1\" \/>\n<link rel=\"canonical\" href=\"https:\/\/adcelectronique.com\/index.php\/product\/multimetre-numerique-fluke-15b\/\" \/>\n<meta property=\"og:locale\" content=\"fr_FR\" \/>\n<meta property=\"og:type\" content=\"article\" \/>\n<meta property=\"og:title\" content=\"Multim\u00e8tre num\u00e9rique FLUKE 15B +\" \/>\n<meta property=\"og:description\" content=\"Fluke\u00a015B+ int\u00e8gre toutes les fonctionnalit\u00e9s essentielles dont vous avez besoin dans un multim\u00e8tre num\u00e9rique dans un outil portable et robuste, facile \u00e0 utiliser d\u2019une seule main, m\u00eame avec des gants. Des mesures de tension et de courant AC\/DC jusqu\u2019\u00e0 1 000\u00a0V et 10\u00a0A aux capacit\u00e9s compl\u00e8tes, y compris les contr\u00f4les de r\u00e9sistance, de capacit\u00e9 et de fr\u00e9quence, le 15\u00a0B+ est votre solution de r\u00e9f\u00e9rence pour le d\u00e9pannage d\u2019un grand nombre de probl\u00e8mes \u00e9lectriques.La classification de s\u00e9curit\u00e9 CAT\u00a0III 600\u00a0V offre une tranquillit\u00e9 d\u2019esprit pour tout, des contr\u00f4les de routine sur les \u00e9quipements et appareils \u00e9lectriques \u00e0 la v\u00e9rification des niveaux de tension aux prises de courant ou aux commutateurs, en passant par le diagnostic des probl\u00e8mes avec les circuits. Id\u00e9al pour les amateurs de bricolage et les \u00e9lectriciens en d\u00e9but de carri\u00e8re qui cherchent \u00e0 rationaliser leur bo\u00eete \u00e0 outils, le Fluke\u00a015B+ est un compl\u00e9ment fiable et polyvalent \u00e0 votre bo\u00eete \u00e0 outils.AccessoiresMultim\u00e8tre num\u00e9rique Fluke\u00a015B+Cordons de mesure Fluke\u00a0TL752 piles AAMode d\u2019emploi\" \/>\n<meta property=\"og:url\" content=\"https:\/\/adcelectronique.com\/index.php\/product\/multimetre-numerique-fluke-15b\/\" \/>\n<meta property=\"og:site_name\" content=\"ADC Electronique\" \/>\n<meta property=\"article:modified_time\" content=\"2026-01-25T12:45:18+00:00\" \/>\n<meta property=\"og:image\" content=\"https:\/\/adcelectronique.com\/wp-content\/uploads\/2026\/01\/616N3ZKW0AL._AC_UF10001000_QL80_.jpg\" \/>\n\t<meta property=\"og:image:width\" content=\"710\" \/>\n\t<meta property=\"og:image:height\" content=\"1000\" \/>\n\t<meta property=\"og:image:type\" content=\"image\/jpeg\" \/>\n<meta name=\"twitter:card\" content=\"summary_large_image\" \/>\n<meta name=\"twitter:label1\" content=\"Dur\u00e9e de lecture estim\u00e9e\" \/>\n\t<meta name=\"twitter:data1\" content=\"3 minutes\" \/>\n<script type=\"application\/ld+json\" class=\"yoast-schema-graph\">{\"@context\":\"https:\/\/schema.org\",\"@graph\":[{\"@type\":\"WebPage\",\"@id\":\"https:\/\/adcelectronique.com\/index.php\/product\/multimetre-numerique-fluke-15b\/\",\"url\":\"https:\/\/adcelectronique.com\/index.php\/product\/multimetre-numerique-fluke-15b\/\",\"name\":\"Multim\u00e8tre num\u00e9rique FLUKE 15B + - ADC Electronique\",\"isPartOf\":{\"@id\":\"https:\/\/adcelectronique.com\/#website\"},\"primaryImageOfPage\":{\"@id\":\"https:\/\/adcelectronique.com\/index.php\/product\/multimetre-numerique-fluke-15b\/#primaryimage\"},\"image\":{\"@id\":\"https:\/\/adcelectronique.com\/index.php\/product\/multimetre-numerique-fluke-15b\/#primaryimage\"},\"thumbnailUrl\":\"https:\/\/adcelectronique.com\/wp-content\/uploads\/2026\/01\/616N3ZKW0AL._AC_UF10001000_QL80_.jpg\",\"datePublished\":\"2026-01-25T12:28:42+00:00\",\"dateModified\":\"2026-01-25T12:45:18+00:00\",\"description\":\"Fluke\u00a015B+ int\u00e8gre toutes les fonctionnalit\u00e9s essentielles dont vous avez besoin dans un multim\u00e8tre num\u00e9rique dans un outil portable et robuste, facile \u00e0 utiliser d\u2019une seule main, m\u00eame avec des gants. Des mesures de tension et de courant AC\/DC jusqu\u2019\u00e0 1 000\u00a0V et 10\u00a0A aux capacit\u00e9s compl\u00e8tes, y compris les contr\u00f4les de r\u00e9sistance, de capacit\u00e9 et de fr\u00e9quence, le 15\u00a0B+ est votre solution de r\u00e9f\u00e9rence pour le d\u00e9pannage d\u2019un grand nombre de probl\u00e8mes \u00e9lectriques.La classification de s\u00e9curit\u00e9 CAT\u00a0III 600\u00a0V offre une tranquillit\u00e9 d\u2019esprit pour tout, des contr\u00f4les de routine sur les \u00e9quipements et appareils \u00e9lectriques \u00e0 la v\u00e9rification des niveaux de tension aux prises de courant ou aux commutateurs, en passant par le diagnostic des probl\u00e8mes avec les circuits. Id\u00e9al pour les amateurs de bricolage et les \u00e9lectriciens en d\u00e9but de carri\u00e8re qui cherchent \u00e0 rationaliser leur bo\u00eete \u00e0 outils, le Fluke\u00a015B+ est un compl\u00e9ment fiable et polyvalent \u00e0 votre bo\u00eete \u00e0 outils.AccessoiresMultim\u00e8tre num\u00e9rique Fluke\u00a015B+Cordons de mesure Fluke\u00a0TL752 piles AAMode d\u2019emploi\",\"breadcrumb\":{\"@id\":\"https:\/\/adcelectronique.com\/index.php\/product\/multimetre-numerique-fluke-15b\/#breadcrumb\"},\"inLanguage\":\"fr-FR\",\"potentialAction\":[{\"@type\":\"ReadAction\",\"target\":[\"https:\/\/adcelectronique.com\/index.php\/product\/multimetre-numerique-fluke-15b\/\"]}]},{\"@type\":\"ImageObject\",\"inLanguage\":\"fr-FR\",\"@id\":\"https:\/\/adcelectronique.com\/index.php\/product\/multimetre-numerique-fluke-15b\/#primaryimage\",\"url\":\"https:\/\/adcelectronique.com\/wp-content\/uploads\/2026\/01\/616N3ZKW0AL._AC_UF10001000_QL80_.jpg\",\"contentUrl\":\"https:\/\/adcelectronique.com\/wp-content\/uploads\/2026\/01\/616N3ZKW0AL._AC_UF10001000_QL80_.jpg\",\"width\":710,\"height\":1000},{\"@type\":\"BreadcrumbList\",\"@id\":\"https:\/\/adcelectronique.com\/index.php\/product\/multimetre-numerique-fluke-15b\/#breadcrumb\",\"itemListElement\":[{\"@type\":\"ListItem\",\"position\":1,\"name\":\"Home\",\"item\":\"https:\/\/adcelectronique.com\/\"},{\"@type\":\"ListItem\",\"position\":2,\"name\":\"Shop\",\"item\":\"https:\/\/adcelectronique.com\/index.php\/shop\/\"},{\"@type\":\"ListItem\",\"position\":3,\"name\":\"Multim\u00e8tre num\u00e9rique FLUKE 15B +\"}]},{\"@type\":\"WebSite\",\"@id\":\"https:\/\/adcelectronique.com\/#website\",\"url\":\"https:\/\/adcelectronique.com\/\",\"name\":\"ADC Electronique\",\"description\":\"\",\"potentialAction\":[{\"@type\":\"SearchAction\",\"target\":{\"@type\":\"EntryPoint\",\"urlTemplate\":\"https:\/\/adcelectronique.com\/?s={search_term_string}\"},\"query-input\":{\"@type\":\"PropertyValueSpecification\",\"valueRequired\":true,\"valueName\":\"search_term_string\"}}],\"inLanguage\":\"fr-FR\"}]}<\/script>\n<!-- \/ Yoast SEO Premium plugin. -->","yoast_head_json":{"title":"Multim\u00e8tre num\u00e9rique FLUKE 15B + - ADC Electronique","description":"Fluke\u00a015B+ int\u00e8gre toutes les fonctionnalit\u00e9s essentielles dont vous avez besoin dans un multim\u00e8tre num\u00e9rique dans un outil portable et robuste, facile \u00e0 utiliser d\u2019une seule main, m\u00eame avec des gants. Des mesures de tension et de courant AC\/DC jusqu\u2019\u00e0 1 000\u00a0V et 10\u00a0A aux capacit\u00e9s compl\u00e8tes, y compris les contr\u00f4les de r\u00e9sistance, de capacit\u00e9 et de fr\u00e9quence, le 15\u00a0B+ est votre solution de r\u00e9f\u00e9rence pour le d\u00e9pannage d\u2019un grand nombre de probl\u00e8mes \u00e9lectriques.La classification de s\u00e9curit\u00e9 CAT\u00a0III 600\u00a0V offre une tranquillit\u00e9 d\u2019esprit pour tout, des contr\u00f4les de routine sur les \u00e9quipements et appareils \u00e9lectriques \u00e0 la v\u00e9rification des niveaux de tension aux prises de courant ou aux commutateurs, en passant par le diagnostic des probl\u00e8mes avec les circuits. Id\u00e9al pour les amateurs de bricolage et les \u00e9lectriciens en d\u00e9but de carri\u00e8re qui cherchent \u00e0 rationaliser leur bo\u00eete \u00e0 outils, le Fluke\u00a015B+ est un compl\u00e9ment fiable et polyvalent \u00e0 votre bo\u00eete \u00e0 outils.AccessoiresMultim\u00e8tre num\u00e9rique Fluke\u00a015B+Cordons de mesure Fluke\u00a0TL752 piles AAMode d\u2019emploi","robots":{"index":"index","follow":"follow","max-snippet":"max-snippet:-1","max-image-preview":"max-image-preview:large","max-video-preview":"max-video-preview:-1"},"canonical":"https:\/\/adcelectronique.com\/index.php\/product\/multimetre-numerique-fluke-15b\/","og_locale":"fr_FR","og_type":"article","og_title":"Multim\u00e8tre num\u00e9rique FLUKE 15B +","og_description":"Fluke\u00a015B+ int\u00e8gre toutes les fonctionnalit\u00e9s essentielles dont vous avez besoin dans un multim\u00e8tre num\u00e9rique dans un outil portable et robuste, facile \u00e0 utiliser d\u2019une seule main, m\u00eame avec des gants. Des mesures de tension et de courant AC\/DC jusqu\u2019\u00e0 1 000\u00a0V et 10\u00a0A aux capacit\u00e9s compl\u00e8tes, y compris les contr\u00f4les de r\u00e9sistance, de capacit\u00e9 et de fr\u00e9quence, le 15\u00a0B+ est votre solution de r\u00e9f\u00e9rence pour le d\u00e9pannage d\u2019un grand nombre de probl\u00e8mes \u00e9lectriques.La classification de s\u00e9curit\u00e9 CAT\u00a0III 600\u00a0V offre une tranquillit\u00e9 d\u2019esprit pour tout, des contr\u00f4les de routine sur les \u00e9quipements et appareils \u00e9lectriques \u00e0 la v\u00e9rification des niveaux de tension aux prises de courant ou aux commutateurs, en passant par le diagnostic des probl\u00e8mes avec les circuits. Id\u00e9al pour les amateurs de bricolage et les \u00e9lectriciens en d\u00e9but de carri\u00e8re qui cherchent \u00e0 rationaliser leur bo\u00eete \u00e0 outils, le Fluke\u00a015B+ est un compl\u00e9ment fiable et polyvalent \u00e0 votre bo\u00eete \u00e0 outils.AccessoiresMultim\u00e8tre num\u00e9rique Fluke\u00a015B+Cordons de mesure Fluke\u00a0TL752 piles AAMode d\u2019emploi","og_url":"https:\/\/adcelectronique.com\/index.php\/product\/multimetre-numerique-fluke-15b\/","og_site_name":"ADC Electronique","article_modified_time":"2026-01-25T12:45:18+00:00","og_image":[{"width":710,"height":1000,"url":"https:\/\/adcelectronique.com\/wp-content\/uploads\/2026\/01\/616N3ZKW0AL._AC_UF10001000_QL80_.jpg","type":"image\/jpeg"}],"twitter_card":"summary_large_image","twitter_misc":{"Dur\u00e9e de lecture estim\u00e9e":"3 minutes"},"schema":{"@context":"https:\/\/schema.org","@graph":[{"@type":"WebPage","@id":"https:\/\/adcelectronique.com\/index.php\/product\/multimetre-numerique-fluke-15b\/","url":"https:\/\/adcelectronique.com\/index.php\/product\/multimetre-numerique-fluke-15b\/","name":"Multim\u00e8tre num\u00e9rique FLUKE 15B + - ADC Electronique","isPartOf":{"@id":"https:\/\/adcelectronique.com\/#website"},"primaryImageOfPage":{"@id":"https:\/\/adcelectronique.com\/index.php\/product\/multimetre-numerique-fluke-15b\/#primaryimage"},"image":{"@id":"https:\/\/adcelectronique.com\/index.php\/product\/multimetre-numerique-fluke-15b\/#primaryimage"},"thumbnailUrl":"https:\/\/adcelectronique.com\/wp-content\/uploads\/2026\/01\/616N3ZKW0AL._AC_UF10001000_QL80_.jpg","datePublished":"2026-01-25T12:28:42+00:00","dateModified":"2026-01-25T12:45:18+00:00","description":"Fluke\u00a015B+ int\u00e8gre toutes les fonctionnalit\u00e9s essentielles dont vous avez besoin dans un multim\u00e8tre num\u00e9rique dans un outil portable et robuste, facile \u00e0 utiliser d\u2019une seule main, m\u00eame avec des gants. Des mesures de tension et de courant AC\/DC jusqu\u2019\u00e0 1 000\u00a0V et 10\u00a0A aux capacit\u00e9s compl\u00e8tes, y compris les contr\u00f4les de r\u00e9sistance, de capacit\u00e9 et de fr\u00e9quence, le 15\u00a0B+ est votre solution de r\u00e9f\u00e9rence pour le d\u00e9pannage d\u2019un grand nombre de probl\u00e8mes \u00e9lectriques.La classification de s\u00e9curit\u00e9 CAT\u00a0III 600\u00a0V offre une tranquillit\u00e9 d\u2019esprit pour tout, des contr\u00f4les de routine sur les \u00e9quipements et appareils \u00e9lectriques \u00e0 la v\u00e9rification des niveaux de tension aux prises de courant ou aux commutateurs, en passant par le diagnostic des probl\u00e8mes avec les circuits. Id\u00e9al pour les amateurs de bricolage et les \u00e9lectriciens en d\u00e9but de carri\u00e8re qui cherchent \u00e0 rationaliser leur bo\u00eete \u00e0 outils, le Fluke\u00a015B+ est un compl\u00e9ment fiable et polyvalent \u00e0 votre bo\u00eete \u00e0 outils.AccessoiresMultim\u00e8tre num\u00e9rique Fluke\u00a015B+Cordons de mesure Fluke\u00a0TL752 piles AAMode d\u2019emploi","breadcrumb":{"@id":"https:\/\/adcelectronique.com\/index.php\/product\/multimetre-numerique-fluke-15b\/#breadcrumb"},"inLanguage":"fr-FR","potentialAction":[{"@type":"ReadAction","target":["https:\/\/adcelectronique.com\/index.php\/product\/multimetre-numerique-fluke-15b\/"]}]},{"@type":"ImageObject","inLanguage":"fr-FR","@id":"https:\/\/adcelectronique.com\/index.php\/product\/multimetre-numerique-fluke-15b\/#primaryimage","url":"https:\/\/adcelectronique.com\/wp-content\/uploads\/2026\/01\/616N3ZKW0AL._AC_UF10001000_QL80_.jpg","contentUrl":"https:\/\/adcelectronique.com\/wp-content\/uploads\/2026\/01\/616N3ZKW0AL._AC_UF10001000_QL80_.jpg","width":710,"height":1000},{"@type":"BreadcrumbList","@id":"https:\/\/adcelectronique.com\/index.php\/product\/multimetre-numerique-fluke-15b\/#breadcrumb","itemListElement":[{"@type":"ListItem","position":1,"name":"Home","item":"https:\/\/adcelectronique.com\/"},{"@type":"ListItem","position":2,"name":"Shop","item":"https:\/\/adcelectronique.com\/index.php\/shop\/"},{"@type":"ListItem","position":3,"name":"Multim\u00e8tre num\u00e9rique FLUKE 15B +"}]},{"@type":"WebSite","@id":"https:\/\/adcelectronique.com\/#website","url":"https:\/\/adcelectronique.com\/","name":"ADC Electronique","description":"","potentialAction":[{"@type":"SearchAction","target":{"@type":"EntryPoint","urlTemplate":"https:\/\/adcelectronique.com\/?s={search_term_string}"},"query-input":{"@type":"PropertyValueSpecification","valueRequired":true,"valueName":"search_term_string"}}],"inLanguage":"fr-FR"}]}},"_links":{"self":[{"href":"https:\/\/adcelectronique.com\/index.php\/wp-json\/wp\/v2\/product\/10309","targetHints":{"allow":["GET"]}}],"collection":[{"href":"https:\/\/adcelectronique.com\/index.php\/wp-json\/wp\/v2\/product"}],"about":[{"href":"https:\/\/adcelectronique.com\/index.php\/wp-json\/wp\/v2\/types\/product"}],"replies":[{"embeddable":true,"href":"https:\/\/adcelectronique.com\/index.php\/wp-json\/wp\/v2\/comments?post=10309"}],"version-history":[{"count":0,"href":"https:\/\/adcelectronique.com\/index.php\/wp-json\/wp\/v2\/product\/10309\/revisions"}],"wp:featuredmedia":[{"embeddable":true,"href":"https:\/\/adcelectronique.com\/index.php\/wp-json\/wp\/v2\/media\/10310"}],"wp:attachment":[{"href":"https:\/\/adcelectronique.com\/index.php\/wp-json\/wp\/v2\/media?parent=10309"}],"wp:term":[{"taxonomy":"product_brand","embeddable":true,"href":"https:\/\/adcelectronique.com\/index.php\/wp-json\/wp\/v2\/product_brand?post=10309"},{"taxonomy":"product_cat","embeddable":true,"href":"https:\/\/adcelectronique.com\/index.php\/wp-json\/wp\/v2\/product_cat?post=10309"},{"taxonomy":"product_tag","embeddable":true,"href":"https:\/\/adcelectronique.com\/index.php\/wp-json\/wp\/v2\/product_tag?post=10309"}],"curies":[{"name":"wp","href":"https:\/\/api.w.org\/{rel}","templated":true}]}}