{"id":10317,"date":"2026-01-25T12:44:13","date_gmt":"2026-01-25T12:44:13","guid":{"rendered":"https:\/\/adcelectronique.com\/?post_type=product&#038;p=10317"},"modified":"2026-01-25T12:44:14","modified_gmt":"2026-01-25T12:44:14","slug":"multimetre-numerique-fluke-15b-max","status":"publish","type":"product","link":"https:\/\/adcelectronique.com\/index.php\/product\/multimetre-numerique-fluke-15b-max\/","title":{"rendered":"Multim\u00e8tre num\u00e9rique FLUKE 15B MAX"},"content":{"rendered":"<p>&nbsp;<\/p>\n<h3>\u00a0 \u00a0 \u00a0 \u00a0 \u00a0 \u00a0 \u00a0 \u00a0 \u00a0 \u00a0 \u00a0 \u00a0 \u00a0 \u00a0 \u00a0 \u00a0 \u00a0 \u00a0 \u00a0Multim\u00e8tre num\u00e9rique FLUKE 15B MAX<\/h3>\n<p>Le Fluke 15B MAX h\u00e9rite et poursuit le design classique du 15B+ et am\u00e9liore encore la fonctionnalit\u00e9\u00a0: alertes d\u2019alarme d\u2019entr\u00e9e, une interface simple pour sortir le multim\u00e8tre du mode veille en activant n\u2019importe quel bouton, des cordons de test avec des sondes fines pour aider les \u00e9lectriciens et les d\u00e9veloppeurs \u00e9lectroniques \u00e0 effectuer des mesures pr\u00e9cises.<\/p>\n<table>\n<thead>\n<tr>\n<th rowspan=\"2\">Fonction<\/th>\n<th rowspan=\"2\">Range<\/th>\n<th rowspan=\"2\">Resolution<\/th>\n<th colspan=\"2\">Accuracy<\/th>\n<\/tr>\n<tr>\n<th>15B MAX<\/th>\n<th>17B MAX<\/th>\n<\/tr>\n<\/thead>\n<tbody>\n<tr>\n<td>AC Volts (40 Hz to 500 Hz)<sup>1<\/sup><\/td>\n<td>6.000 V<br \/>\n60.00 V<br \/>\n600.0 V<br \/>\n1000 V<\/td>\n<td>0.001 V<br \/>\n0.01 V<br \/>\n0.1 V<br \/>\n1 V<\/td>\n<td>1.0 % + 3<\/td>\n<td>1.0 % + 3<\/td>\n<\/tr>\n<tr>\n<td>AC Millivolts<\/td>\n<td>600.0 mV<\/td>\n<td>0.1 mV<\/td>\n<td>3.0 % + 3<\/td>\n<td>3.0 % + 3<\/td>\n<\/tr>\n<tr>\n<td>DC Volts<\/td>\n<td>6.000 V<br \/>\n60.00 V<br \/>\n600.0 V<br \/>\n1000 V<\/td>\n<td>0.001 V<br \/>\n0.01 V<br \/>\n0.1 V<br \/>\n1 V<\/td>\n<td>0.5 % + 3<\/td>\n<td>0.5 % + 3<\/td>\n<\/tr>\n<tr>\n<td>DC Millivolts<\/td>\n<td>600.0 mV<\/td>\n<td>0.1 mV<\/td>\n<td>1.0 % + 10<\/td>\n<td>1.0 % + 10<\/td>\n<\/tr>\n<tr>\n<td>AC Courant \u03bcA (40 Hz to 400 Hz)<sup>2<\/sup><\/td>\n<td>400.0 \u03bcA<br \/>\n4000 \u03bcA<\/td>\n<td>0.1 \u03bcA<br \/>\n1 \u03bcA<\/td>\n<td>1.5 % + 3<\/td>\n<td>1.5 % + 3<\/td>\n<\/tr>\n<tr>\n<td>AC Courant mA (40 Hz to 400 Hz)<sup>2<\/sup><\/td>\n<td>40.00 mA<br \/>\n400.0 mA<\/td>\n<td>0.01 mA<br \/>\n0.1 mA<\/td>\n<td>1.5 % + 3<\/td>\n<td>1.5 % + 3<\/td>\n<\/tr>\n<tr>\n<td>AC Courant A (40 Hz to 400 Hz)<sup>2<\/sup><\/td>\n<td>4.000 A<br \/>\n10.00 A<\/td>\n<td>0.001 A<br \/>\n0.01 A<\/td>\n<td>1.5 % + 3<\/td>\n<td>1.5 % + 3<\/td>\n<\/tr>\n<tr>\n<td>DC Courant \u03bcA<sup>2<\/sup><\/td>\n<td>400.0 \u03bcA<br \/>\n4000 \u03bcA<\/td>\n<td>0.1 \u03bcA<br \/>\n1 \u03bcA<\/td>\n<td>1.5 % + 3<\/td>\n<td>1.5 % + 3<\/td>\n<\/tr>\n<tr>\n<td>DC Courant mA<sup>2<\/sup><\/td>\n<td>40.00 mA<br \/>\n400.0 mA<\/td>\n<td>0.01 mA<br \/>\n0.1 mA<\/td>\n<td>1.5 % + 3<\/td>\n<td>1.5 % + 3<\/td>\n<\/tr>\n<tr>\n<td>DC Courant A<sup>2<\/sup><\/td>\n<td>4.000 A<br \/>\n10.00 A<\/td>\n<td>0.001 A<br \/>\n0.01 A<\/td>\n<td>1.5 % + 3<\/td>\n<td>1.5 % + 3<\/td>\n<\/tr>\n<tr>\n<td>Diode Test<sup>3<\/sup><\/td>\n<td>2.000 V<\/td>\n<td>0.001 V<\/td>\n<td>10%<\/td>\n<td>10%<\/td>\n<\/tr>\n<tr>\n<td>Temperature 4<\/td>\n<td>50.0 \u00b0C to 400.0 \u00b0C<br \/>\n0 \u00b0C to 50.0 \u00b0C<br \/>\n-55.0 \u00b0C to 0 \u00b0C<\/td>\n<td>0.1 \u00b0C<\/td>\n<td>NA<\/td>\n<td>2 %+1 \u00b0C<br \/>\n2 \u00b0C<br \/>\n9 %+2 \u00b0C<\/td>\n<\/tr>\n<tr>\n<td>Resistance (Ohms)<sup>5<\/sup><\/td>\n<td>400.0 \u03a9<br \/>\n4.000 k\u03a9<br \/>\n40.00 k\u03a9<br \/>\n400.0 k\u03a9<br \/>\n4.000 M\u03a9<br \/>\n40.00 M\u03a9<\/td>\n<td>0.1 \u03a9<br \/>\n0.001 k\u03a9<br \/>\n0.01 k\u03a9<br \/>\n0.1 k\u03a9<br \/>\n0.001 M\u03a9<br \/>\n0.01 M\u03a9<\/td>\n<td>0.5 % + 3<br \/>\n0.5 % + 2<br \/>\n0.5 % + 2<br \/>\n0.5 % + 2<br \/>\n0.5 % + 2<br \/>\n1.5 % + 3<\/td>\n<td>0.5 % + 3<br \/>\n0.5 % + 2<br \/>\n0.5 % + 2<br \/>\n0.5 % + 2<br \/>\n0.5 % + 2<br \/>\n1.5 % + 3<\/td>\n<\/tr>\n<tr>\n<td>Capacitance<sup>6<\/sup><\/td>\n<td>40.00 nF<br \/>\n400.0 nF<br \/>\n4.000 \u03bcF<br \/>\n40.00 \u03bcF<br \/>\n400.0 \u03bcF<br \/>\n2000 \u03bcF<\/td>\n<td>0.01 nF<br \/>\n0.1 nF<br \/>\n0.001 \u03bcF<br \/>\n0.01 \u03bcF<br \/>\n0.1 \u03bcF<br \/>\n1 \u03bcF<\/td>\n<td>2 % + 5<br \/>\n2 % + 5<br \/>\n5 % + 5<br \/>\n5 % + 5<br \/>\n5 % + 5<br \/>\n5 % + 5<\/td>\n<td>2 % + 5<br \/>\n2 % + 5<br \/>\n5 % + 5<br \/>\n5 % + 5<br \/>\n5 % + 5<br \/>\n5 % + 5<\/td>\n<\/tr>\n<tr>\n<td>Frequence<sup>1<\/sup>\u00a0(10 Hz to 100 kHz)<\/td>\n<td>50.00 Hz<br \/>\n500.0 Hz<br \/>\n5.000 kHz<br \/>\n50.00 kHz<br \/>\n100.0 kHz<\/td>\n<td>0.01 Hz<br \/>\n0.1 Hz<br \/>\n0.001 kHz<br \/>\n0.01 kHz<br \/>\n0.1 kHz<\/td>\n<td>NA<\/td>\n<td>0.1 % + 3<\/td>\n<\/tr>\n<tr>\n<td>Cycle de service<sup>1<\/sup><\/td>\n<td>1% to 99%<\/td>\n<td>0.10%<\/td>\n<td>NA<\/td>\n<td>1 % typical<sup>7<\/sup><\/td>\n<\/tr>\n<\/tbody>\n<\/table>\n","protected":false},"excerpt":{"rendered":"<p>Le Fluke 15B MAX h\u00e9rite et poursuit le design classique du 15B+ et am\u00e9liore encore la fonctionnalit\u00e9\u00a0: alertes d\u2019alarme d\u2019entr\u00e9e, une interface simple pour sortir le multim\u00e8tre du mode veille en activant n\u2019importe quel bouton, des cordons de test avec des sondes fines pour aider les \u00e9lectriciens et les d\u00e9veloppeurs \u00e9lectroniques \u00e0 effectuer des mesures pr\u00e9cises.<\/p>\n","protected":false},"featured_media":10324,"comment_status":"open","ping_status":"closed","template":"","meta":[],"product_brand":[119],"product_cat":[118],"product_tag":[],"class_list":{"0":"post-10317","1":"product","2":"type-product","3":"status-publish","4":"has-post-thumbnail","6":"product_brand-fluck","7":"product_cat-multimetre","9":"first","10":"instock","11":"shipping-taxable","12":"purchasable","13":"product-type-simple"},"yoast_head":"<!-- This site is optimized with the Yoast SEO Premium plugin v26.2 (Yoast SEO v26.2) - https:\/\/yoast.com\/wordpress\/plugins\/seo\/ -->\n<title>Multim\u00e8tre num\u00e9rique FLUKE 15B MAX - ADC Electronique<\/title>\n<meta name=\"description\" content=\"The Fluke 15B MAX inherits and continues the classic design of the 15B+ and further improves the functionality: input alarm alerts, a simple interface to wake the meter from sleep mode by activating any button, test leads with thin probes to help electricians and electronics developers for precise measurements.\" \/>\n<meta name=\"robots\" content=\"index, follow, max-snippet:-1, max-image-preview:large, max-video-preview:-1\" \/>\n<link rel=\"canonical\" href=\"https:\/\/adcelectronique.com\/index.php\/product\/multimetre-numerique-fluke-15b-max\/\" \/>\n<meta property=\"og:locale\" content=\"fr_FR\" \/>\n<meta property=\"og:type\" content=\"article\" \/>\n<meta property=\"og:title\" content=\"Multim\u00e8tre num\u00e9rique FLUKE 15B MAX\" \/>\n<meta property=\"og:description\" content=\"The Fluke 15B MAX inherits and continues the classic design of the 15B+ and further improves the functionality: input alarm alerts, a simple interface to wake the meter from sleep mode by activating any button, test leads with thin probes to help electricians and electronics developers for precise measurements.\" \/>\n<meta property=\"og:url\" content=\"https:\/\/adcelectronique.com\/index.php\/product\/multimetre-numerique-fluke-15b-max\/\" \/>\n<meta property=\"og:site_name\" content=\"ADC Electronique\" \/>\n<meta property=\"article:modified_time\" content=\"2026-01-25T12:44:14+00:00\" \/>\n<meta property=\"og:image\" content=\"https:\/\/adcelectronique.com\/wp-content\/uploads\/2026\/01\/FLUCK-15B-MAX.png\" \/>\n\t<meta property=\"og:image:width\" content=\"1500\" \/>\n\t<meta property=\"og:image:height\" content=\"1000\" \/>\n\t<meta property=\"og:image:type\" content=\"image\/png\" \/>\n<meta name=\"twitter:card\" content=\"summary_large_image\" \/>\n<meta name=\"twitter:label1\" content=\"Dur\u00e9e de lecture estim\u00e9e\" \/>\n\t<meta name=\"twitter:data1\" content=\"3 minutes\" \/>\n<script type=\"application\/ld+json\" class=\"yoast-schema-graph\">{\"@context\":\"https:\/\/schema.org\",\"@graph\":[{\"@type\":\"WebPage\",\"@id\":\"https:\/\/adcelectronique.com\/index.php\/product\/multimetre-numerique-fluke-15b-max\/\",\"url\":\"https:\/\/adcelectronique.com\/index.php\/product\/multimetre-numerique-fluke-15b-max\/\",\"name\":\"Multim\u00e8tre num\u00e9rique FLUKE 15B MAX - ADC Electronique\",\"isPartOf\":{\"@id\":\"https:\/\/adcelectronique.com\/#website\"},\"primaryImageOfPage\":{\"@id\":\"https:\/\/adcelectronique.com\/index.php\/product\/multimetre-numerique-fluke-15b-max\/#primaryimage\"},\"image\":{\"@id\":\"https:\/\/adcelectronique.com\/index.php\/product\/multimetre-numerique-fluke-15b-max\/#primaryimage\"},\"thumbnailUrl\":\"https:\/\/adcelectronique.com\/wp-content\/uploads\/2026\/01\/FLUCK-15B-MAX.png\",\"datePublished\":\"2026-01-25T12:44:13+00:00\",\"dateModified\":\"2026-01-25T12:44:14+00:00\",\"description\":\"The Fluke 15B MAX inherits and continues the classic design of the 15B+ and further improves the functionality: input alarm alerts, a simple interface to wake the meter from sleep mode by activating any button, test leads with thin probes to help electricians and electronics developers for precise measurements.\",\"breadcrumb\":{\"@id\":\"https:\/\/adcelectronique.com\/index.php\/product\/multimetre-numerique-fluke-15b-max\/#breadcrumb\"},\"inLanguage\":\"fr-FR\",\"potentialAction\":[{\"@type\":\"ReadAction\",\"target\":[\"https:\/\/adcelectronique.com\/index.php\/product\/multimetre-numerique-fluke-15b-max\/\"]}]},{\"@type\":\"ImageObject\",\"inLanguage\":\"fr-FR\",\"@id\":\"https:\/\/adcelectronique.com\/index.php\/product\/multimetre-numerique-fluke-15b-max\/#primaryimage\",\"url\":\"https:\/\/adcelectronique.com\/wp-content\/uploads\/2026\/01\/FLUCK-15B-MAX.png\",\"contentUrl\":\"https:\/\/adcelectronique.com\/wp-content\/uploads\/2026\/01\/FLUCK-15B-MAX.png\",\"width\":1500,\"height\":1000},{\"@type\":\"BreadcrumbList\",\"@id\":\"https:\/\/adcelectronique.com\/index.php\/product\/multimetre-numerique-fluke-15b-max\/#breadcrumb\",\"itemListElement\":[{\"@type\":\"ListItem\",\"position\":1,\"name\":\"Home\",\"item\":\"https:\/\/adcelectronique.com\/\"},{\"@type\":\"ListItem\",\"position\":2,\"name\":\"Shop\",\"item\":\"https:\/\/adcelectronique.com\/index.php\/shop\/\"},{\"@type\":\"ListItem\",\"position\":3,\"name\":\"Multim\u00e8tre num\u00e9rique FLUKE 15B MAX\"}]},{\"@type\":\"WebSite\",\"@id\":\"https:\/\/adcelectronique.com\/#website\",\"url\":\"https:\/\/adcelectronique.com\/\",\"name\":\"ADC Electronique\",\"description\":\"\",\"potentialAction\":[{\"@type\":\"SearchAction\",\"target\":{\"@type\":\"EntryPoint\",\"urlTemplate\":\"https:\/\/adcelectronique.com\/?s={search_term_string}\"},\"query-input\":{\"@type\":\"PropertyValueSpecification\",\"valueRequired\":true,\"valueName\":\"search_term_string\"}}],\"inLanguage\":\"fr-FR\"}]}<\/script>\n<!-- \/ Yoast SEO Premium plugin. -->","yoast_head_json":{"title":"Multim\u00e8tre num\u00e9rique FLUKE 15B MAX - ADC Electronique","description":"The Fluke 15B MAX inherits and continues the classic design of the 15B+ and further improves the functionality: input alarm alerts, a simple interface to wake the meter from sleep mode by activating any button, test leads with thin probes to help electricians and electronics developers for precise measurements.","robots":{"index":"index","follow":"follow","max-snippet":"max-snippet:-1","max-image-preview":"max-image-preview:large","max-video-preview":"max-video-preview:-1"},"canonical":"https:\/\/adcelectronique.com\/index.php\/product\/multimetre-numerique-fluke-15b-max\/","og_locale":"fr_FR","og_type":"article","og_title":"Multim\u00e8tre num\u00e9rique FLUKE 15B MAX","og_description":"The Fluke 15B MAX inherits and continues the classic design of the 15B+ and further improves the functionality: input alarm alerts, a simple interface to wake the meter from sleep mode by activating any button, test leads with thin probes to help electricians and electronics developers for precise measurements.","og_url":"https:\/\/adcelectronique.com\/index.php\/product\/multimetre-numerique-fluke-15b-max\/","og_site_name":"ADC Electronique","article_modified_time":"2026-01-25T12:44:14+00:00","og_image":[{"width":1500,"height":1000,"url":"https:\/\/adcelectronique.com\/wp-content\/uploads\/2026\/01\/FLUCK-15B-MAX.png","type":"image\/png"}],"twitter_card":"summary_large_image","twitter_misc":{"Dur\u00e9e de lecture estim\u00e9e":"3 minutes"},"schema":{"@context":"https:\/\/schema.org","@graph":[{"@type":"WebPage","@id":"https:\/\/adcelectronique.com\/index.php\/product\/multimetre-numerique-fluke-15b-max\/","url":"https:\/\/adcelectronique.com\/index.php\/product\/multimetre-numerique-fluke-15b-max\/","name":"Multim\u00e8tre num\u00e9rique FLUKE 15B MAX - ADC Electronique","isPartOf":{"@id":"https:\/\/adcelectronique.com\/#website"},"primaryImageOfPage":{"@id":"https:\/\/adcelectronique.com\/index.php\/product\/multimetre-numerique-fluke-15b-max\/#primaryimage"},"image":{"@id":"https:\/\/adcelectronique.com\/index.php\/product\/multimetre-numerique-fluke-15b-max\/#primaryimage"},"thumbnailUrl":"https:\/\/adcelectronique.com\/wp-content\/uploads\/2026\/01\/FLUCK-15B-MAX.png","datePublished":"2026-01-25T12:44:13+00:00","dateModified":"2026-01-25T12:44:14+00:00","description":"The Fluke 15B MAX inherits and continues the classic design of the 15B+ and further improves the functionality: input alarm alerts, a simple interface to wake the meter from sleep mode by activating any button, test leads with thin probes to help electricians and electronics developers for precise measurements.","breadcrumb":{"@id":"https:\/\/adcelectronique.com\/index.php\/product\/multimetre-numerique-fluke-15b-max\/#breadcrumb"},"inLanguage":"fr-FR","potentialAction":[{"@type":"ReadAction","target":["https:\/\/adcelectronique.com\/index.php\/product\/multimetre-numerique-fluke-15b-max\/"]}]},{"@type":"ImageObject","inLanguage":"fr-FR","@id":"https:\/\/adcelectronique.com\/index.php\/product\/multimetre-numerique-fluke-15b-max\/#primaryimage","url":"https:\/\/adcelectronique.com\/wp-content\/uploads\/2026\/01\/FLUCK-15B-MAX.png","contentUrl":"https:\/\/adcelectronique.com\/wp-content\/uploads\/2026\/01\/FLUCK-15B-MAX.png","width":1500,"height":1000},{"@type":"BreadcrumbList","@id":"https:\/\/adcelectronique.com\/index.php\/product\/multimetre-numerique-fluke-15b-max\/#breadcrumb","itemListElement":[{"@type":"ListItem","position":1,"name":"Home","item":"https:\/\/adcelectronique.com\/"},{"@type":"ListItem","position":2,"name":"Shop","item":"https:\/\/adcelectronique.com\/index.php\/shop\/"},{"@type":"ListItem","position":3,"name":"Multim\u00e8tre num\u00e9rique FLUKE 15B MAX"}]},{"@type":"WebSite","@id":"https:\/\/adcelectronique.com\/#website","url":"https:\/\/adcelectronique.com\/","name":"ADC Electronique","description":"","potentialAction":[{"@type":"SearchAction","target":{"@type":"EntryPoint","urlTemplate":"https:\/\/adcelectronique.com\/?s={search_term_string}"},"query-input":{"@type":"PropertyValueSpecification","valueRequired":true,"valueName":"search_term_string"}}],"inLanguage":"fr-FR"}]}},"_links":{"self":[{"href":"https:\/\/adcelectronique.com\/index.php\/wp-json\/wp\/v2\/product\/10317","targetHints":{"allow":["GET"]}}],"collection":[{"href":"https:\/\/adcelectronique.com\/index.php\/wp-json\/wp\/v2\/product"}],"about":[{"href":"https:\/\/adcelectronique.com\/index.php\/wp-json\/wp\/v2\/types\/product"}],"replies":[{"embeddable":true,"href":"https:\/\/adcelectronique.com\/index.php\/wp-json\/wp\/v2\/comments?post=10317"}],"version-history":[{"count":0,"href":"https:\/\/adcelectronique.com\/index.php\/wp-json\/wp\/v2\/product\/10317\/revisions"}],"wp:featuredmedia":[{"embeddable":true,"href":"https:\/\/adcelectronique.com\/index.php\/wp-json\/wp\/v2\/media\/10324"}],"wp:attachment":[{"href":"https:\/\/adcelectronique.com\/index.php\/wp-json\/wp\/v2\/media?parent=10317"}],"wp:term":[{"taxonomy":"product_brand","embeddable":true,"href":"https:\/\/adcelectronique.com\/index.php\/wp-json\/wp\/v2\/product_brand?post=10317"},{"taxonomy":"product_cat","embeddable":true,"href":"https:\/\/adcelectronique.com\/index.php\/wp-json\/wp\/v2\/product_cat?post=10317"},{"taxonomy":"product_tag","embeddable":true,"href":"https:\/\/adcelectronique.com\/index.php\/wp-json\/wp\/v2\/product_tag?post=10317"}],"curies":[{"name":"wp","href":"https:\/\/api.w.org\/{rel}","templated":true}]}}