{"id":10329,"date":"2026-01-25T13:07:52","date_gmt":"2026-01-25T13:07:52","guid":{"rendered":"https:\/\/adcelectronique.com\/?post_type=product&#038;p=10329"},"modified":"2026-01-25T13:07:53","modified_gmt":"2026-01-25T13:07:53","slug":"multimetre-numerique-fluke-115c","status":"publish","type":"product","link":"https:\/\/adcelectronique.com\/index.php\/product\/multimetre-numerique-fluke-115c\/","title":{"rendered":"Multim\u00e8tre num\u00e9rique Fluke 115C"},"content":{"rendered":"<h1>\u00a0 \u00a0 \u00a0 \u00a0 \u00a0 \u00a0 \u00a0 \u00a0 \u00a0 \u00a0 \u00a0 \u00a0 \u00a0 \u00a0 \u00a0 \u00a0 \u00a0 \u00a0 \u00a0 \u00a0Multim\u00e8tre num\u00e9rique Fluke 115C<\/h1>\n<p>le multim\u00e8tre num\u00e9rique TRMS Fluke 115C r\u00e9pond parfaitement aux exigences des tests \u00e9lectriques et \u00e9lectroniques courants. Le Fluke 115C affiche des mesures de continuit\u00e9 et de capacit\u00e9, ainsi que de tension et de courant TRMS avec une r\u00e9solution de 600 points : il est donc parfaitement adapt\u00e9 aux v\u00e9rifications rapides et \u00e0 une utilisation sur le terrain.<\/p>\n<p>Les multim\u00e8tres num\u00e9riques Fluke 115 C sont test\u00e9s par un laboratoire ind\u00e9pendant pour une utilisation en toute s\u00e9curit\u00e9 dans les environnements CAT III 600V..<\/p>\n<h2 class=\"features-title\">Principales fonctions<\/h2>\n<div id=\"keyfeature_content\" data-readmore=\"\" aria-expanded=\"true\">\n<ul>\n<li>Grand r\u00e9tro-\u00e9clairage blanc permettant de travailler dans les zones mal \u00e9clair\u00e9es<\/li>\n<li>R\u00e9sistance et continuit\u00e9<\/li>\n<li>Fr\u00e9quence et capacit\u00e9<\/li>\n<li>Tension maximum AC\/DC 600\u00a0V<\/li>\n<li>Mesure de courant AC\/DC 10\u00a0A (20\u00a0A de surcharge pendant 30\u00a0s max.)<\/li>\n<li>Caract\u00e9ristiques MIN\/MAX\/MOY permettant d&rsquo;enregistrer les fluctuations du signal<\/li>\n<li>Certifi\u00e9 CAT\u00a0III 600\u00a0V<\/li>\n<\/ul>\n<p><strong>Conformit\u00e9 aux normes de s\u00e9curit\u00e9<\/strong><\/p>\n<p>Toutes les entr\u00e9es sont prot\u00e9g\u00e9es selon CE IEN61010-1 CAT III 600 V. Certification UL, CSA, T\u00dcV et VDE.<\/p>\n<\/div>\n<table>\n<tbody>\n<tr class=\"head\">\n<td colspan=\"3\">Sp\u00e9cifications<\/td>\n<\/tr>\n<tr>\n<td>Tension maximum entre toute borne et la prise de terre<\/td>\n<td colspan=\"2\">600 V<\/td>\n<\/tr>\n<tr>\n<td>Protection contre les surtensions<\/td>\n<td colspan=\"2\">6\u00a0kV selon IEC\u00a061010-1\u00a0600\u00a0VCAT\u00a0III, degr\u00e9 de pollution 2<\/td>\n<\/tr>\n<tr>\n<td>Affichage<\/td>\n<td colspan=\"3 \">Num\u00e9rique\u00a0: 6\u00a0000\u00a0enregistrements, mise \u00e0 jour 4 fois par seconde<\/td>\n<\/tr>\n<tr>\n<td>Graphique \u00e0 barres<\/td>\n<td colspan=\"2\">33\u00a0segments, mise \u00e0 jour 32 fois par seconde<\/td>\n<\/tr>\n<tr>\n<td>Temp\u00e9rature de fonctionnement<\/td>\n<td colspan=\"2\">-10\u00a0\u00b0C \u00e0 +50\u00a0\u00b0C<\/td>\n<\/tr>\n<tr>\n<td>Temp\u00e9rature de stockage<\/td>\n<td colspan=\"2\">-40 \u00b0C \u00e0 + 60 \u00b0C<\/td>\n<\/tr>\n<tr>\n<td>Type de piles<\/td>\n<td colspan=\"2\">Pile alcaline 9\u00a0volts, NEDA\u00a01604A\/\u00a0IEC 6LR61<\/td>\n<\/tr>\n<tr>\n<td>Dur\u00e9e de vie des piles<\/td>\n<td colspan=\"2\">400 heures en g\u00e9n\u00e9ral, sans r\u00e9tro \u00e9clairage<\/td>\n<\/tr>\n<tr class=\"head\">\n<td colspan=\"3\">Sp\u00e9cifications en mati\u00e8re de pr\u00e9cision<\/td>\n<\/tr>\n<tr>\n<td rowspan=\"2\">Millivolts DC<\/td>\n<td><b>Gamme\/R\u00e9solution<\/b><\/td>\n<td>600,0 mV \/ 0,1 mV<\/td>\n<\/tr>\n<tr>\n<td>Pr\u00e9cision<\/td>\n<td>\u00b1 ([% de la mesure] + [points])\u00a0: 0,5\u00a0%\u00a0+\u00a02<\/td>\n<\/tr>\n<tr>\n<td rowspan=\"2\">Tension DC<\/td>\n<td><b>Gamme\/R\u00e9solution<\/b><\/td>\n<td>6,000 V \/ 0,001 V<br \/>\n60,00 V \/ 0,01 V<br \/>\n600,0 V \/ 0,1 V<\/td>\n<\/tr>\n<tr>\n<td>Pr\u00e9cision<\/td>\n<td>\u00b1 ([% de la mesure] + [points])\u00a0: 0,5\u00a0%\u00a0+\u00a02<\/td>\n<\/tr>\n<tr>\n<td rowspan=\"2\">millivolts AC\u00b9 TRMS<\/td>\n<td><b>Gamme\/R\u00e9solution<\/b><\/td>\n<td>600,0 mV \/ 0,1 mV<\/td>\n<\/tr>\n<tr>\n<td>Pr\u00e9cision<\/td>\n<td>1,0% + 3 (DC, 45\u00a0Hz \u00e0 500\u00a0Hz)<br \/>\n2,0% + 3 (500 Hz \u00e0 1 kHz)<\/td>\n<\/tr>\n<tr>\n<td rowspan=\"2\">volts AC\u00b9 TRMS<\/td>\n<td><b>Gamme\/R\u00e9solution<\/b><\/td>\n<td>6,000 V \/ 0,001 V<br \/>\n60,00 V \/ 0,01 V<br \/>\n600,0 V \/ 0,1 V<\/td>\n<\/tr>\n<tr>\n<td>Pr\u00e9cision<\/td>\n<td>1,0% + 3 (DC, 45\u00a0Hz \u00e0 500\u00a0Hz)<br \/>\n2,0% + 3 (500 Hz \u00e0 1 kHz)<\/td>\n<\/tr>\n<tr>\n<td rowspan=\"2\">Continuit\u00e9<\/td>\n<td><b>Gamme\/R\u00e9solution<\/b><\/td>\n<td>600 \u03a9 \/ 1 \u03a9<\/td>\n<\/tr>\n<tr>\n<td>Pr\u00e9cision<\/td>\n<td>Bip sous tension &lt;\u00a020\u00a0\u2126, hors tension &gt;\u00a0250\u00a0\u2126\u00a0; d\u00e9tecte les interruptions ou les courts-circuits de<br \/>\n500\u00a0\u03bcs ou plus.<\/td>\n<\/tr>\n<tr>\n<td rowspan=\"4\">Ohms<\/td>\n<td><b>Gamme\/R\u00e9solution<\/b><\/td>\n<td>600,0 \u03a9 \/ 0,1 \u03a9<br \/>\n6,000 k\u03a9 \/ 0,001 k\u03a9<br \/>\n60,00 k\u03a9 \/ 0,01 k\u03a9<br \/>\n600,0 k\u03a9 \/ 0,1 k\u03a9<br \/>\n6,000\u00a0M\u03a9\u00a0\/ 0,001\u00a0M\u03a9<\/td>\n<\/tr>\n<tr>\n<td>Pr\u00e9cision<\/td>\n<td>0,9% + 1<\/td>\n<\/tr>\n<tr>\n<td>Gamme\/r\u00e9solution<\/td>\n<td>40,00\u00a0M\u03a9\u00a0\/ 0,01\u00a0M\u03a9<\/td>\n<\/tr>\n<tr>\n<td>Pr\u00e9cision<\/td>\n<td>5% + 2<\/td>\n<\/tr>\n<tr>\n<td rowspan=\"2\">Test de diodes<\/td>\n<td><b>Gamme\/R\u00e9solution<\/b><\/td>\n<td>2,00 V \/ 0,001 V<\/td>\n<\/tr>\n<tr>\n<td>Pr\u00e9cision<\/td>\n<td>0,9% + 2<\/td>\n<\/tr>\n<tr>\n<td rowspan=\"4\">Capacit\u00e9<\/td>\n<td><b>Gamme\/R\u00e9solution<\/b><\/td>\n<td>1 000\u00a0nF \/ 1\u00a0nF<br \/>\n10,00\u00a0\u03bcF \/ 0,01\u00a0\u03bcF<br \/>\n100,0\u00a0\u03bcF \/ 0,1\u00a0\u03bcF<br \/>\n9 999\u00a0\u03bcF \/ 1\u00a0\u03bcF<br \/>\n100\u00a0\u03bcF \u00e0 1\u00a0000\u00a0\u03bcF<\/td>\n<\/tr>\n<tr>\n<td>Pr\u00e9cision<\/td>\n<td>1,9% + 2<\/td>\n<\/tr>\n<tr>\n<td>Gamme\/r\u00e9solution<\/td>\n<td>&gt; 1\u00a0000\u00a0\u03bcF<\/td>\n<\/tr>\n<tr>\n<td>Pr\u00e9cision<\/td>\n<td>5% + 20%<\/td>\n<\/tr>\n<tr>\n<td rowspan=\"2\">Capacit\u00e9 Lo-Z<\/td>\n<td><b>Gamme<\/b><\/td>\n<td>1\u00a0nF \u00e0 500\u00a0\u03bcF<\/td>\n<\/tr>\n<tr>\n<td>Pr\u00e9cision<\/td>\n<td>10\u00a0% + 2<\/td>\n<\/tr>\n<tr>\n<td rowspan=\"2\">Amps AC TRMS<br \/>\n45 Hz \u00e0 500Hz<\/td>\n<td><b>Gamme\/R\u00e9solution<\/b><\/td>\n<td>6,000 A \/ 0,001 A<br \/>\n10,00\u00a0A \/ 0,01\u00a0A<\/td>\n<\/tr>\n<tr>\n<td>Pr\u00e9cision<\/td>\n<td>1,5% + 3<br \/>\nSurcharge de 20\u00a0A pendant 30\u00a0secondes max.<\/td>\n<\/tr>\n<tr>\n<td rowspan=\"2\">Mesures de courant DC<\/td>\n<td><b>Gamme\/R\u00e9solution<\/b><\/td>\n<td>6,000 A \/ 0,001 A<br \/>\n10,00\u00a0A \/ 0,01\u00a0A<\/td>\n<\/tr>\n<tr>\n<td>Pr\u00e9cision<\/td>\n<td>1,0\u00a0% + 3<br \/>\nSurcharge de 20\u00a0A pendant 30\u00a0secondes max.<\/td>\n<\/tr>\n<tr>\n<td rowspan=\"2\">Hz (entr\u00e9e A ou V)\u00b2<\/td>\n<td><b>Gamme\/R\u00e9solution<\/b><\/td>\n<td>99,99 Hz \/ 0,01 Hz<br \/>\n999,9 Hz \/ 0,01 Hz<br \/>\n9,999 kHz\/0,001 kHz<br \/>\n50,00 kHz\/0,01 kHz<\/td>\n<\/tr>\n<tr>\n<td>Pr\u00e9cision<\/td>\n<td>0,1% + 2<\/td>\n<\/tr>\n<\/tbody>\n<\/table>\n","protected":false},"excerpt":{"rendered":"<p>le multim\u00e8tre num\u00e9rique TRMS Fluke 115C r\u00e9pond parfaitement aux exigences des tests \u00e9lectriques et \u00e9lectroniques courants. Le Fluke 115C affiche des mesures de continuit\u00e9 et de capacit\u00e9, ainsi que de tension et de courant TRMS avec une r\u00e9solution de 600 points : il est donc parfaitement adapt\u00e9 aux v\u00e9rifications rapides et \u00e0 une utilisation sur le terrain.<\/p>\n<p>Les multim\u00e8tres num\u00e9riques Fluke 115 C sont test\u00e9s par un laboratoire ind\u00e9pendant pour une utilisation en toute s\u00e9curit\u00e9 dans les environnements CAT III 600V..<\/p>\n<h2 class=\"features-title\">Principales fonctions<\/h2>\n<div id=\"keyfeature_content\" data-readmore=\"\" aria-expanded=\"true\">\n<ul>\n<li>Grand r\u00e9tro-\u00e9clairage blanc permettant de travailler dans les zones mal \u00e9clair\u00e9es<\/li>\n<li>R\u00e9sistance et continuit\u00e9<\/li>\n<li>Fr\u00e9quence et capacit\u00e9<\/li>\n<li>Tension maximum AC\/DC 600\u00a0V<\/li>\n<li>Mesure de courant AC\/DC 10\u00a0A (20\u00a0A de surcharge pendant 30\u00a0s max.)<\/li>\n<li>Caract\u00e9ristiques MIN\/MAX\/MOY permettant d&rsquo;enregistrer les fluctuations du signal<\/li>\n<li>Certifi\u00e9 CAT\u00a0III 600\u00a0V<\/li>\n<\/ul>\n<p><strong>Conformit\u00e9 aux normes de s\u00e9curit\u00e9<\/strong><\/p>\n<p>Toutes les entr\u00e9es sont prot\u00e9g\u00e9es selon CE IEN61010-1 CAT III 600 V. Certification UL, CSA, T\u00dcV et VDE.<\/p>\n<\/div>\n","protected":false},"featured_media":10332,"comment_status":"open","ping_status":"closed","template":"","meta":[],"product_brand":[119],"product_cat":[118],"product_tag":[],"class_list":{"0":"post-10329","1":"product","2":"type-product","3":"status-publish","4":"has-post-thumbnail","6":"product_brand-fluck","7":"product_cat-multimetre","9":"first","10":"instock","11":"shipping-taxable","12":"purchasable","13":"product-type-simple"},"yoast_head":"<!-- This site is optimized with the Yoast SEO Premium plugin v26.2 (Yoast SEO v26.2) - https:\/\/yoast.com\/wordpress\/plugins\/seo\/ -->\n<title>Multim\u00e8tre num\u00e9rique Fluke 115C - ADC Electronique<\/title>\n<meta name=\"description\" content=\"le multim\u00e8tre num\u00e9rique TRMS Fluke 115C r\u00e9pond parfaitement aux exigences des tests \u00e9lectriques et \u00e9lectroniques courants. Le Fluke 115C affiche des mesures de continuit\u00e9 et de capacit\u00e9, ainsi que de tension et de courant TRMS avec une r\u00e9solution de 600 points : il est donc parfaitement adapt\u00e9 aux v\u00e9rifications rapides et \u00e0 une utilisation sur le terrain.Les multim\u00e8tres num\u00e9riques Fluke 115 C sont test\u00e9s par un laboratoire ind\u00e9pendant pour une utilisation en toute s\u00e9curit\u00e9 dans les environnements CAT III 600V..Principales fonctionsGrand r\u00e9tro-\u00e9clairage blanc permettant de travailler dans les zones mal \u00e9clair\u00e9esR\u00e9sistance et continuit\u00e9Fr\u00e9quence et capacit\u00e9Tension maximum AC\/DC 600\u00a0VMesure de courant AC\/DC 10\u00a0A (20\u00a0A de surcharge pendant 30\u00a0s max.)Caract\u00e9ristiques MIN\/MAX\/MOY permettant d&#039;enregistrer les fluctuations du signalCertifi\u00e9 CAT\u00a0III 600\u00a0VConformit\u00e9 aux normes de s\u00e9curit\u00e9Toutes les entr\u00e9es sont prot\u00e9g\u00e9es selon CE IEN61010-1 CAT III 600 V. Certification UL, CSA, T\u00dcV et VDE.\" \/>\n<meta name=\"robots\" content=\"index, follow, max-snippet:-1, max-image-preview:large, max-video-preview:-1\" \/>\n<link rel=\"canonical\" href=\"https:\/\/adcelectronique.com\/index.php\/product\/multimetre-numerique-fluke-115c\/\" \/>\n<meta property=\"og:locale\" content=\"fr_FR\" \/>\n<meta property=\"og:type\" content=\"article\" \/>\n<meta property=\"og:title\" content=\"Multim\u00e8tre num\u00e9rique Fluke 115C\" \/>\n<meta property=\"og:description\" content=\"le multim\u00e8tre num\u00e9rique TRMS Fluke 115C r\u00e9pond parfaitement aux exigences des tests \u00e9lectriques et \u00e9lectroniques courants. Le Fluke 115C affiche des mesures de continuit\u00e9 et de capacit\u00e9, ainsi que de tension et de courant TRMS avec une r\u00e9solution de 600 points : il est donc parfaitement adapt\u00e9 aux v\u00e9rifications rapides et \u00e0 une utilisation sur le terrain.Les multim\u00e8tres num\u00e9riques Fluke 115 C sont test\u00e9s par un laboratoire ind\u00e9pendant pour une utilisation en toute s\u00e9curit\u00e9 dans les environnements CAT III 600V..Principales fonctionsGrand r\u00e9tro-\u00e9clairage blanc permettant de travailler dans les zones mal \u00e9clair\u00e9esR\u00e9sistance et continuit\u00e9Fr\u00e9quence et capacit\u00e9Tension maximum AC\/DC 600\u00a0VMesure de courant AC\/DC 10\u00a0A (20\u00a0A de surcharge pendant 30\u00a0s max.)Caract\u00e9ristiques MIN\/MAX\/MOY permettant d&#039;enregistrer les fluctuations du signalCertifi\u00e9 CAT\u00a0III 600\u00a0VConformit\u00e9 aux normes de s\u00e9curit\u00e9Toutes les entr\u00e9es sont prot\u00e9g\u00e9es selon CE IEN61010-1 CAT III 600 V. Certification UL, CSA, T\u00dcV et VDE.\" \/>\n<meta property=\"og:url\" content=\"https:\/\/adcelectronique.com\/index.php\/product\/multimetre-numerique-fluke-115c\/\" \/>\n<meta property=\"og:site_name\" content=\"ADC Electronique\" \/>\n<meta property=\"article:modified_time\" content=\"2026-01-25T13:07:53+00:00\" \/>\n<meta property=\"og:image\" content=\"https:\/\/adcelectronique.com\/wp-content\/uploads\/2026\/01\/115CC.png\" \/>\n\t<meta property=\"og:image:width\" content=\"800\" \/>\n\t<meta property=\"og:image:height\" content=\"600\" \/>\n\t<meta property=\"og:image:type\" content=\"image\/png\" \/>\n<meta name=\"twitter:card\" content=\"summary_large_image\" \/>\n<meta name=\"twitter:label1\" content=\"Dur\u00e9e de lecture estim\u00e9e\" \/>\n\t<meta name=\"twitter:data1\" content=\"4 minutes\" \/>\n<script type=\"application\/ld+json\" class=\"yoast-schema-graph\">{\"@context\":\"https:\/\/schema.org\",\"@graph\":[{\"@type\":\"WebPage\",\"@id\":\"https:\/\/adcelectronique.com\/index.php\/product\/multimetre-numerique-fluke-115c\/\",\"url\":\"https:\/\/adcelectronique.com\/index.php\/product\/multimetre-numerique-fluke-115c\/\",\"name\":\"Multim\u00e8tre num\u00e9rique Fluke 115C - ADC Electronique\",\"isPartOf\":{\"@id\":\"https:\/\/adcelectronique.com\/#website\"},\"primaryImageOfPage\":{\"@id\":\"https:\/\/adcelectronique.com\/index.php\/product\/multimetre-numerique-fluke-115c\/#primaryimage\"},\"image\":{\"@id\":\"https:\/\/adcelectronique.com\/index.php\/product\/multimetre-numerique-fluke-115c\/#primaryimage\"},\"thumbnailUrl\":\"https:\/\/adcelectronique.com\/wp-content\/uploads\/2026\/01\/115CC.png\",\"datePublished\":\"2026-01-25T13:07:52+00:00\",\"dateModified\":\"2026-01-25T13:07:53+00:00\",\"description\":\"le multim\u00e8tre num\u00e9rique TRMS Fluke 115C r\u00e9pond parfaitement aux exigences des tests \u00e9lectriques et \u00e9lectroniques courants. Le Fluke 115C affiche des mesures de continuit\u00e9 et de capacit\u00e9, ainsi que de tension et de courant TRMS avec une r\u00e9solution de 600 points : il est donc parfaitement adapt\u00e9 aux v\u00e9rifications rapides et \u00e0 une utilisation sur le terrain.Les multim\u00e8tres num\u00e9riques Fluke 115 C sont test\u00e9s par un laboratoire ind\u00e9pendant pour une utilisation en toute s\u00e9curit\u00e9 dans les environnements CAT III 600V..Principales fonctionsGrand r\u00e9tro-\u00e9clairage blanc permettant de travailler dans les zones mal \u00e9clair\u00e9esR\u00e9sistance et continuit\u00e9Fr\u00e9quence et capacit\u00e9Tension maximum AC\/DC 600\u00a0VMesure de courant AC\/DC 10\u00a0A (20\u00a0A de surcharge pendant 30\u00a0s max.)Caract\u00e9ristiques MIN\/MAX\/MOY permettant d'enregistrer les fluctuations du signalCertifi\u00e9 CAT\u00a0III 600\u00a0VConformit\u00e9 aux normes de s\u00e9curit\u00e9Toutes les entr\u00e9es sont prot\u00e9g\u00e9es selon CE IEN61010-1 CAT III 600 V. Certification UL, CSA, T\u00dcV et VDE.\",\"breadcrumb\":{\"@id\":\"https:\/\/adcelectronique.com\/index.php\/product\/multimetre-numerique-fluke-115c\/#breadcrumb\"},\"inLanguage\":\"fr-FR\",\"potentialAction\":[{\"@type\":\"ReadAction\",\"target\":[\"https:\/\/adcelectronique.com\/index.php\/product\/multimetre-numerique-fluke-115c\/\"]}]},{\"@type\":\"ImageObject\",\"inLanguage\":\"fr-FR\",\"@id\":\"https:\/\/adcelectronique.com\/index.php\/product\/multimetre-numerique-fluke-115c\/#primaryimage\",\"url\":\"https:\/\/adcelectronique.com\/wp-content\/uploads\/2026\/01\/115CC.png\",\"contentUrl\":\"https:\/\/adcelectronique.com\/wp-content\/uploads\/2026\/01\/115CC.png\",\"width\":800,\"height\":600},{\"@type\":\"BreadcrumbList\",\"@id\":\"https:\/\/adcelectronique.com\/index.php\/product\/multimetre-numerique-fluke-115c\/#breadcrumb\",\"itemListElement\":[{\"@type\":\"ListItem\",\"position\":1,\"name\":\"Home\",\"item\":\"https:\/\/adcelectronique.com\/\"},{\"@type\":\"ListItem\",\"position\":2,\"name\":\"Shop\",\"item\":\"https:\/\/adcelectronique.com\/index.php\/shop\/\"},{\"@type\":\"ListItem\",\"position\":3,\"name\":\"Multim\u00e8tre num\u00e9rique Fluke 115C\"}]},{\"@type\":\"WebSite\",\"@id\":\"https:\/\/adcelectronique.com\/#website\",\"url\":\"https:\/\/adcelectronique.com\/\",\"name\":\"ADC Electronique\",\"description\":\"\",\"potentialAction\":[{\"@type\":\"SearchAction\",\"target\":{\"@type\":\"EntryPoint\",\"urlTemplate\":\"https:\/\/adcelectronique.com\/?s={search_term_string}\"},\"query-input\":{\"@type\":\"PropertyValueSpecification\",\"valueRequired\":true,\"valueName\":\"search_term_string\"}}],\"inLanguage\":\"fr-FR\"}]}<\/script>\n<!-- \/ Yoast SEO Premium plugin. -->","yoast_head_json":{"title":"Multim\u00e8tre num\u00e9rique Fluke 115C - ADC Electronique","description":"le multim\u00e8tre num\u00e9rique TRMS Fluke 115C r\u00e9pond parfaitement aux exigences des tests \u00e9lectriques et \u00e9lectroniques courants. Le Fluke 115C affiche des mesures de continuit\u00e9 et de capacit\u00e9, ainsi que de tension et de courant TRMS avec une r\u00e9solution de 600 points : il est donc parfaitement adapt\u00e9 aux v\u00e9rifications rapides et \u00e0 une utilisation sur le terrain.Les multim\u00e8tres num\u00e9riques Fluke 115 C sont test\u00e9s par un laboratoire ind\u00e9pendant pour une utilisation en toute s\u00e9curit\u00e9 dans les environnements CAT III 600V..Principales fonctionsGrand r\u00e9tro-\u00e9clairage blanc permettant de travailler dans les zones mal \u00e9clair\u00e9esR\u00e9sistance et continuit\u00e9Fr\u00e9quence et capacit\u00e9Tension maximum AC\/DC 600\u00a0VMesure de courant AC\/DC 10\u00a0A (20\u00a0A de surcharge pendant 30\u00a0s max.)Caract\u00e9ristiques MIN\/MAX\/MOY permettant d'enregistrer les fluctuations du signalCertifi\u00e9 CAT\u00a0III 600\u00a0VConformit\u00e9 aux normes de s\u00e9curit\u00e9Toutes les entr\u00e9es sont prot\u00e9g\u00e9es selon CE IEN61010-1 CAT III 600 V. Certification UL, CSA, T\u00dcV et VDE.","robots":{"index":"index","follow":"follow","max-snippet":"max-snippet:-1","max-image-preview":"max-image-preview:large","max-video-preview":"max-video-preview:-1"},"canonical":"https:\/\/adcelectronique.com\/index.php\/product\/multimetre-numerique-fluke-115c\/","og_locale":"fr_FR","og_type":"article","og_title":"Multim\u00e8tre num\u00e9rique Fluke 115C","og_description":"le multim\u00e8tre num\u00e9rique TRMS Fluke 115C r\u00e9pond parfaitement aux exigences des tests \u00e9lectriques et \u00e9lectroniques courants. Le Fluke 115C affiche des mesures de continuit\u00e9 et de capacit\u00e9, ainsi que de tension et de courant TRMS avec une r\u00e9solution de 600 points : il est donc parfaitement adapt\u00e9 aux v\u00e9rifications rapides et \u00e0 une utilisation sur le terrain.Les multim\u00e8tres num\u00e9riques Fluke 115 C sont test\u00e9s par un laboratoire ind\u00e9pendant pour une utilisation en toute s\u00e9curit\u00e9 dans les environnements CAT III 600V..Principales fonctionsGrand r\u00e9tro-\u00e9clairage blanc permettant de travailler dans les zones mal \u00e9clair\u00e9esR\u00e9sistance et continuit\u00e9Fr\u00e9quence et capacit\u00e9Tension maximum AC\/DC 600\u00a0VMesure de courant AC\/DC 10\u00a0A (20\u00a0A de surcharge pendant 30\u00a0s max.)Caract\u00e9ristiques MIN\/MAX\/MOY permettant d'enregistrer les fluctuations du signalCertifi\u00e9 CAT\u00a0III 600\u00a0VConformit\u00e9 aux normes de s\u00e9curit\u00e9Toutes les entr\u00e9es sont prot\u00e9g\u00e9es selon CE IEN61010-1 CAT III 600 V. Certification UL, CSA, T\u00dcV et VDE.","og_url":"https:\/\/adcelectronique.com\/index.php\/product\/multimetre-numerique-fluke-115c\/","og_site_name":"ADC Electronique","article_modified_time":"2026-01-25T13:07:53+00:00","og_image":[{"width":800,"height":600,"url":"https:\/\/adcelectronique.com\/wp-content\/uploads\/2026\/01\/115CC.png","type":"image\/png"}],"twitter_card":"summary_large_image","twitter_misc":{"Dur\u00e9e de lecture estim\u00e9e":"4 minutes"},"schema":{"@context":"https:\/\/schema.org","@graph":[{"@type":"WebPage","@id":"https:\/\/adcelectronique.com\/index.php\/product\/multimetre-numerique-fluke-115c\/","url":"https:\/\/adcelectronique.com\/index.php\/product\/multimetre-numerique-fluke-115c\/","name":"Multim\u00e8tre num\u00e9rique Fluke 115C - ADC Electronique","isPartOf":{"@id":"https:\/\/adcelectronique.com\/#website"},"primaryImageOfPage":{"@id":"https:\/\/adcelectronique.com\/index.php\/product\/multimetre-numerique-fluke-115c\/#primaryimage"},"image":{"@id":"https:\/\/adcelectronique.com\/index.php\/product\/multimetre-numerique-fluke-115c\/#primaryimage"},"thumbnailUrl":"https:\/\/adcelectronique.com\/wp-content\/uploads\/2026\/01\/115CC.png","datePublished":"2026-01-25T13:07:52+00:00","dateModified":"2026-01-25T13:07:53+00:00","description":"le multim\u00e8tre num\u00e9rique TRMS Fluke 115C r\u00e9pond parfaitement aux exigences des tests \u00e9lectriques et \u00e9lectroniques courants. Le Fluke 115C affiche des mesures de continuit\u00e9 et de capacit\u00e9, ainsi que de tension et de courant TRMS avec une r\u00e9solution de 600 points : il est donc parfaitement adapt\u00e9 aux v\u00e9rifications rapides et \u00e0 une utilisation sur le terrain.Les multim\u00e8tres num\u00e9riques Fluke 115 C sont test\u00e9s par un laboratoire ind\u00e9pendant pour une utilisation en toute s\u00e9curit\u00e9 dans les environnements CAT III 600V..Principales fonctionsGrand r\u00e9tro-\u00e9clairage blanc permettant de travailler dans les zones mal \u00e9clair\u00e9esR\u00e9sistance et continuit\u00e9Fr\u00e9quence et capacit\u00e9Tension maximum AC\/DC 600\u00a0VMesure de courant AC\/DC 10\u00a0A (20\u00a0A de surcharge pendant 30\u00a0s max.)Caract\u00e9ristiques MIN\/MAX\/MOY permettant d'enregistrer les fluctuations du signalCertifi\u00e9 CAT\u00a0III 600\u00a0VConformit\u00e9 aux normes de s\u00e9curit\u00e9Toutes les entr\u00e9es sont prot\u00e9g\u00e9es selon CE IEN61010-1 CAT III 600 V. Certification UL, CSA, T\u00dcV et VDE.","breadcrumb":{"@id":"https:\/\/adcelectronique.com\/index.php\/product\/multimetre-numerique-fluke-115c\/#breadcrumb"},"inLanguage":"fr-FR","potentialAction":[{"@type":"ReadAction","target":["https:\/\/adcelectronique.com\/index.php\/product\/multimetre-numerique-fluke-115c\/"]}]},{"@type":"ImageObject","inLanguage":"fr-FR","@id":"https:\/\/adcelectronique.com\/index.php\/product\/multimetre-numerique-fluke-115c\/#primaryimage","url":"https:\/\/adcelectronique.com\/wp-content\/uploads\/2026\/01\/115CC.png","contentUrl":"https:\/\/adcelectronique.com\/wp-content\/uploads\/2026\/01\/115CC.png","width":800,"height":600},{"@type":"BreadcrumbList","@id":"https:\/\/adcelectronique.com\/index.php\/product\/multimetre-numerique-fluke-115c\/#breadcrumb","itemListElement":[{"@type":"ListItem","position":1,"name":"Home","item":"https:\/\/adcelectronique.com\/"},{"@type":"ListItem","position":2,"name":"Shop","item":"https:\/\/adcelectronique.com\/index.php\/shop\/"},{"@type":"ListItem","position":3,"name":"Multim\u00e8tre num\u00e9rique Fluke 115C"}]},{"@type":"WebSite","@id":"https:\/\/adcelectronique.com\/#website","url":"https:\/\/adcelectronique.com\/","name":"ADC Electronique","description":"","potentialAction":[{"@type":"SearchAction","target":{"@type":"EntryPoint","urlTemplate":"https:\/\/adcelectronique.com\/?s={search_term_string}"},"query-input":{"@type":"PropertyValueSpecification","valueRequired":true,"valueName":"search_term_string"}}],"inLanguage":"fr-FR"}]}},"_links":{"self":[{"href":"https:\/\/adcelectronique.com\/index.php\/wp-json\/wp\/v2\/product\/10329","targetHints":{"allow":["GET"]}}],"collection":[{"href":"https:\/\/adcelectronique.com\/index.php\/wp-json\/wp\/v2\/product"}],"about":[{"href":"https:\/\/adcelectronique.com\/index.php\/wp-json\/wp\/v2\/types\/product"}],"replies":[{"embeddable":true,"href":"https:\/\/adcelectronique.com\/index.php\/wp-json\/wp\/v2\/comments?post=10329"}],"version-history":[{"count":0,"href":"https:\/\/adcelectronique.com\/index.php\/wp-json\/wp\/v2\/product\/10329\/revisions"}],"wp:featuredmedia":[{"embeddable":true,"href":"https:\/\/adcelectronique.com\/index.php\/wp-json\/wp\/v2\/media\/10332"}],"wp:attachment":[{"href":"https:\/\/adcelectronique.com\/index.php\/wp-json\/wp\/v2\/media?parent=10329"}],"wp:term":[{"taxonomy":"product_brand","embeddable":true,"href":"https:\/\/adcelectronique.com\/index.php\/wp-json\/wp\/v2\/product_brand?post=10329"},{"taxonomy":"product_cat","embeddable":true,"href":"https:\/\/adcelectronique.com\/index.php\/wp-json\/wp\/v2\/product_cat?post=10329"},{"taxonomy":"product_tag","embeddable":true,"href":"https:\/\/adcelectronique.com\/index.php\/wp-json\/wp\/v2\/product_tag?post=10329"}],"curies":[{"name":"wp","href":"https:\/\/api.w.org\/{rel}","templated":true}]}}