{"id":10337,"date":"2026-01-25T13:13:57","date_gmt":"2026-01-25T13:13:57","guid":{"rendered":"https:\/\/adcelectronique.com\/?post_type=product&#038;p=10337"},"modified":"2026-01-25T13:13:58","modified_gmt":"2026-01-25T13:13:58","slug":"multimetre-numerique-fluke-117c","status":"publish","type":"product","link":"https:\/\/adcelectronique.com\/index.php\/product\/multimetre-numerique-fluke-117c\/","title":{"rendered":"Multim\u00e8tre num\u00e9rique  Fluke 117C"},"content":{"rendered":"<h1>\u00a0 \u00a0 \u00a0 \u00a0 \u00a0 \u00a0 \u00a0 \u00a0 \u00a0 \u00a0 \u00a0 \u00a0 \u00a0 \u00a0 \u00a0 \u00a0Multim\u00e8tre num\u00e9rique Fluke 117C<\/h1>\n<p>le multim\u00e8tre d&rsquo;\u00e9lectricien Fluke\u00a0117 est le multim\u00e8tre id\u00e9al pour les \u00e9lectriciens. En fait, des utilisateurs du monde entier ont d\u00e9clar\u00e9 que leur\u00a0117 est un investissement dans la pr\u00e9cision. Le Fluke\u00a0117 fournit des relev\u00e9s Min\/Max\/Moyenne et des mesures de fr\u00e9quence et de capacit\u00e9. Sa facilit\u00e9 d&rsquo;utilisation vous permet de gagner du temps et de passer ais\u00e9ment d&rsquo;une t\u00e2che \u00e0 une autre.<\/p>\n<p><strong>Con\u00e7u et test\u00e9 pour votre s\u00e9curit\u00e9 sur votre lieu de travail<\/strong><\/p>\n<p>Nous testons nos multim\u00e8tres Fluke\u00a0117 pour une utilisation en toute s\u00e9curit\u00e9 dans les environnements CAT\u00a0III 600\u00a0V. Il s&rsquo;agit du multim\u00e8tre id\u00e9al pour vos travaux \u00e9lectriques, pour les raisons suivantes\u00a0:<\/p>\n<ul>\n<li>Le grand \u00e9cran \u00e0 r\u00e9tro-\u00e9clairage par LED blanches vous permet de travailler dans des zones mal \u00e9clair\u00e9es.<\/li>\n<li>La technologie VoltAlertTM, avec la d\u00e9tection de tension sans contact, vous permet de prendre des d\u00e9cisions go\/no-go bas\u00e9es sur des faits.<\/li>\n<li>Les modes AutoVolt et Faible imp\u00e9dance d&rsquo;entr\u00e9e permettent des mesures plus rapides et plus pr\u00e9cises.<\/li>\n<\/ul>\n<h2 class=\"features-title\">Principales fonctions<\/h2>\n<div id=\"keyfeature_content\" data-readmore=\"\" aria-expanded=\"true\">\n<ul>\n<li>Technologie VoltAlert\u2122 pour la d\u00e9tection de tension sans contact<\/li>\n<li>S\u00e9lection automatique de tension AC\/DC AutoVolt<\/li>\n<li>Faible imp\u00e9dance d&rsquo;entr\u00e9e\u00a0: permet d&rsquo;\u00e9viter les mesures erron\u00e9es caus\u00e9es par une tension \u00ab\u00a0fant\u00f4me.<\/li>\n<li>Grand r\u00e9tro-\u00e9clairage LED blanc permettant de travailler dans les zones mal \u00e9clair\u00e9es<\/li>\n<li>Mesures TRMS pour des mesures pr\u00e9cises sur les charges non lin\u00e9aires<\/li>\n<li>Mesure 10\u00a0A (surcharge de 20\u00a0A pendant 30\u00a0secondes)<\/li>\n<li>R\u00e9sistance, continuit\u00e9, fr\u00e9quence et capacitance<\/li>\n<li>Fournit Min \/ Max \/ Average pour enregistrer les fluctuations du signal<\/li>\n<li>Conception ergonomique pour une manipulation \u00e0 une seule main<\/li>\n<li>Compatible avec le syst\u00e8me de suspension \u00e0 aimant en option (ToolPak\u2122) pour un fonctionnement mains libres.<\/li>\n<li>Certifi\u00e9 CAT\u00a0III 600\u00a0V<br \/>\n<table>\n<tbody>\n<tr class=\"head\">\n<td colspan=\"3\">Sp\u00e9cifications<\/td>\n<\/tr>\n<tr>\n<td>Tension maximum entre toute borne et la prise de terre<\/td>\n<td colspan=\"2\">600 V<\/td>\n<\/tr>\n<tr>\n<td>Protection contre les surtensions<\/td>\n<td colspan=\"2\">6\u00a0kV de cr\u00eate selon IEC\u00a061010-1\u00a0600\u00a0VCAT\u00a0III, degr\u00e9 de pollution 2<\/td>\n<\/tr>\n<tr>\n<td>Fusible pour entr\u00e9e A<\/td>\n<td colspan=\"2\">Fusible RAPIDE de 11\u00a0A, 1\u00a0000\u00a0V (Fluke\u00a0PN\u00a0803293)<\/td>\n<\/tr>\n<tr>\n<td>Affichage<\/td>\n<td colspan=\"2\">Num\u00e9rique\u00a0: 6\u00a0000\u00a0enregistrements, mise \u00e0 jour 4 fois par seconde<\/td>\n<\/tr>\n<tr>\n<td>Graphique \u00e0 barres<\/td>\n<td colspan=\"2\">33\u00a0segments, mise \u00e0 jour 32 fois par seconde<\/td>\n<\/tr>\n<tr>\n<td>Temp\u00e9rature de fonctionnement<\/td>\n<td colspan=\"2\">-10 \u00b0C \u00e0 +50 \u00b0C<\/td>\n<\/tr>\n<tr>\n<td>Temp\u00e9rature de stockage<\/td>\n<td colspan=\"2\">-40 \u00b0C \u00e0 +60 \u00b0C<\/td>\n<\/tr>\n<tr>\n<td>Type de piles<\/td>\n<td colspan=\"2\">Pile alcaline 9\u00a0volts, NEDA\u00a01604A\u00a0\/ IEC\u00a06LR61<\/td>\n<\/tr>\n<tr>\n<td>Dur\u00e9e de vie de pile<\/td>\n<td colspan=\"2\">400 heures en g\u00e9n\u00e9ral, sans r\u00e9tro \u00e9clairage<\/td>\n<\/tr>\n<tr class=\"head\">\n<td colspan=\"3\">Sp\u00e9cifications en mati\u00e8re de pr\u00e9cision<\/td>\n<\/tr>\n<tr>\n<td rowspan=\"2\">Millivolts DC<\/td>\n<td><b>Gamme\/R\u00e9solution<\/b><\/td>\n<td>600,0 mV \/ 0,1 mV<\/td>\n<\/tr>\n<tr>\n<td>Pr\u00e9cision<\/td>\n<td>\u00b1 ([% de la mesure] + [points])\u00a0: 0,5\u00a0%\u00a0+\u00a02<\/td>\n<\/tr>\n<tr>\n<td rowspan=\"2\">Tension DC<\/td>\n<td><b>Gamme\/R\u00e9solution<\/b><\/td>\n<td>6,000 V \/ 0,001 V<br \/>\n60,00 V \/ 0,01 V<br \/>\n600,0 V \/ 0,1 V<\/td>\n<\/tr>\n<tr>\n<td>Pr\u00e9cision<\/td>\n<td>\u00b1 ([% de la mesure] + [points])\u00a0: 0,5\u00a0%\u00a0+\u00a02<\/td>\n<\/tr>\n<tr>\n<td rowspan=\"2\">Auto volts<\/td>\n<td><b>Gamme\/R\u00e9solution<\/b><\/td>\n<td>600,0 V \/ 0,1 V<\/td>\n<\/tr>\n<tr>\n<td>Pr\u00e9cision<\/td>\n<td>2,0% + 3 (DC, 45\u00a0Hz \u00e0 500\u00a0Hz)<br \/>\n4,0% + 3 (500 Hz \u00e0 1 kHz)<\/td>\n<\/tr>\n<tr>\n<td rowspan=\"2\">millivolts AC\u00b9 TRMS<\/td>\n<td><b>Gamme\/R\u00e9solution<\/b><\/td>\n<td>600,0 mV \/ 0,1 mV<\/td>\n<\/tr>\n<tr>\n<td>Pr\u00e9cision<\/td>\n<td>1,0% + 3 (DC, 45\u00a0Hz \u00e0 500\u00a0Hz)<br \/>\n2,0% + 3 (500 Hz \u00e0 1 kHz)<\/td>\n<\/tr>\n<tr>\n<td rowspan=\"2\">volts AC\u00b9 TRMS<\/td>\n<td><b>Gamme\/R\u00e9solution<\/b><\/td>\n<td>6,000 V \/ 0,001 V<br \/>\n60,00 V \/ 0,01 V<br \/>\n600,0 V \/ 0,1 V<\/td>\n<\/tr>\n<tr>\n<td>Pr\u00e9cision<\/td>\n<td>1,0% + 3 (DC, 45\u00a0Hz \u00e0 500\u00a0Hz)<br \/>\n2,0% + 3 (500 Hz \u00e0 1 kHz)<\/td>\n<\/tr>\n<tr>\n<td rowspan=\"2\">Continuit\u00e9<\/td>\n<td><b>Gamme\/R\u00e9solution<\/b><\/td>\n<td>600 \u03a9 \/ 1 \u03a9<\/td>\n<\/tr>\n<tr>\n<td>Pr\u00e9cision<\/td>\n<td>Bip sous tension &lt;\u00a020\u00a0\u2126, hors tension &gt;\u00a0250\u00a0\u2126\u00a0; d\u00e9tecte les interruptions ou les courts-circuits de<br \/>\n500\u00a0\u03bcs ou plus.<\/td>\n<\/tr>\n<tr>\n<td rowspan=\"4\">Ohms<\/td>\n<td><b>Gamme\/R\u00e9solution<\/b><\/td>\n<td>600,0 \u03a9 \/ 0,1 \u03a9<br \/>\n6,000 k\u03a9 \/ 0,001 k\u03a9<br \/>\n60,00 k\u03a9 \/ 0,01 k\u03a9<br \/>\n600,0 k\u03a9 \/ 0,1 k\u03a9<br \/>\n6,000\u00a0M\u03a9\u00a0\/ 0,001\u00a0M\u03a9<\/td>\n<\/tr>\n<tr>\n<td>Pr\u00e9cision<\/td>\n<td>0,9% + 1<\/td>\n<\/tr>\n<tr>\n<td>Gamme\/r\u00e9solution<\/td>\n<td>40,00\u00a0M\u03a9\u00a0\/ 0,01\u00a0M\u03a9<\/td>\n<\/tr>\n<tr>\n<td>Pr\u00e9cision<\/td>\n<td>5% + 2<\/td>\n<\/tr>\n<tr>\n<td rowspan=\"2\">Test de diodes<\/td>\n<td><b>Gamme\/R\u00e9solution<\/b><\/td>\n<td>2,00 V \/ 0,001 V<\/td>\n<\/tr>\n<tr>\n<td>Pr\u00e9cision<\/td>\n<td>0,9% + 2<\/td>\n<\/tr>\n<tr>\n<td rowspan=\"4\">Capacit\u00e9<\/td>\n<td><b>Gamme\/R\u00e9solution<\/b><\/td>\n<td>1 000\u00a0nF \/ 1\u00a0nF<br \/>\n10,00\u00a0\u03bcF \/ 0,01\u00a0\u03bcF<br \/>\n100,0\u00a0\u03bcF \/ 0,1\u00a0\u03bcF<br \/>\n9 999\u00a0\u03bcF \/ 1\u00a0\u03bcF<br \/>\n100\u00a0\u03bcF \u00e0 1\u00a0000\u00a0\u03bcF<\/td>\n<\/tr>\n<tr>\n<td>Pr\u00e9cision<\/td>\n<td>1,9% + 2<\/td>\n<\/tr>\n<tr>\n<td>Gamme\/r\u00e9solution<\/td>\n<td>&gt; 1\u00a0000\u00a0\u03bcF<\/td>\n<\/tr>\n<tr>\n<td>Pr\u00e9cision<\/td>\n<td>5% + 20%<\/td>\n<\/tr>\n<tr>\n<td rowspan=\"2\">Capacit\u00e9 Lo-Z<\/td>\n<td><b>Gamme<\/b><\/td>\n<td>1\u00a0nF \u00e0 500\u00a0\u03bcF<\/td>\n<\/tr>\n<tr>\n<td>Pr\u00e9cision<\/td>\n<td>10\u00a0% + 2 typique<\/td>\n<\/tr>\n<tr>\n<td rowspan=\"2\">A AC TRMS (45\u00a0Hz \u00e0 500\u00a0Hz)<\/td>\n<td><b>Gamme\/R\u00e9solution<\/b><\/td>\n<td>6,000 A \/ 0,001 A<br \/>\n10,00\u00a0A \/ 0,01\u00a0A<\/td>\n<\/tr>\n<tr>\n<td>Pr\u00e9cision<\/td>\n<td>1,5% + 3<br \/>\nSurcharge en continu de 20\u00a0A pendant 30 secondes max.<\/td>\n<\/tr>\n<tr>\n<td rowspan=\"2\">Mesures de courant DC<\/td>\n<td><b>Gamme\/R\u00e9solution<\/b><\/td>\n<td>6,000\u00a0A\u00a0\/ 0,001\u00a0A 10,00\u00a0A\u00a0\/ 0,01\u00a0A<\/td>\n<\/tr>\n<tr>\n<td>Pr\u00e9cision<\/td>\n<td>1,0\u00a0% + 3<br \/>\nSurcharge en continu de 20\u00a0A pendant 30 secondes max.<\/td>\n<\/tr>\n<tr>\n<td rowspan=\"2\">Hz (entr\u00e9e A ou V)\u00b2<\/td>\n<td><b>Gamme\/R\u00e9solution<\/b><\/td>\n<td>99,99 Hz \/ 0,01 Hz<br \/>\n999,9 Hz \/ 0,1 Hz<br \/>\n9,999 kHz \/ 0,001 Hz<br \/>\n50,00 kHz \/ 0,01 Hz<\/td>\n<\/tr>\n<tr>\n<td>Pr\u00e9cision<\/td>\n<td>0,1% + 2<\/td>\n<\/tr>\n<\/tbody>\n<\/table>\n<\/li>\n<\/ul>\n<\/div>\n","protected":false},"excerpt":{"rendered":"<p>le multim\u00e8tre d&rsquo;\u00e9lectricien Fluke\u00a0117 est le multim\u00e8tre id\u00e9al pour les \u00e9lectriciens. En fait, des utilisateurs du monde entier ont d\u00e9clar\u00e9 que leur\u00a0117 est un investissement dans la pr\u00e9cision. Le Fluke\u00a0117 fournit des relev\u00e9s Min\/Max\/Moyenne et des mesures de fr\u00e9quence et de capacit\u00e9. Sa facilit\u00e9 d&rsquo;utilisation vous permet de gagner du temps et de passer ais\u00e9ment d&rsquo;une t\u00e2che \u00e0 une autre.<\/p>\n<p><strong>Con\u00e7u et test\u00e9 pour votre s\u00e9curit\u00e9 sur votre lieu de travail<\/strong><\/p>\n<p>Nous testons nos multim\u00e8tres Fluke\u00a0117 pour une utilisation en toute s\u00e9curit\u00e9 dans les environnements CAT\u00a0III 600\u00a0V. Il s&rsquo;agit du multim\u00e8tre id\u00e9al pour vos travaux \u00e9lectriques, pour les raisons suivantes\u00a0:<\/p>\n<ul>\n<li>Le grand \u00e9cran \u00e0 r\u00e9tro-\u00e9clairage par LED blanches vous permet de travailler dans des zones mal \u00e9clair\u00e9es.<\/li>\n<li>La technologie VoltAlertTM, avec la d\u00e9tection de tension sans contact, vous permet de prendre des d\u00e9cisions go\/no-go bas\u00e9es sur des faits.<\/li>\n<li>Les modes AutoVolt et Faible imp\u00e9dance d&rsquo;entr\u00e9e permettent des mesures plus rapides et plus pr\u00e9cises.<\/li>\n<\/ul>\n<h2 class=\"features-title\">Principales fonctions<\/h2>\n<div id=\"keyfeature_content\" data-readmore=\"\" aria-expanded=\"true\">\n<ul>\n<li>Technologie VoltAlert\u2122 pour la d\u00e9tection de tension sans contact<\/li>\n<li>S\u00e9lection automatique de tension AC\/DC AutoVolt<\/li>\n<li>Faible imp\u00e9dance d&rsquo;entr\u00e9e\u00a0: permet d&rsquo;\u00e9viter les mesures erron\u00e9es caus\u00e9es par une tension \u00ab\u00a0fant\u00f4me.<\/li>\n<li>Grand r\u00e9tro-\u00e9clairage LED blanc permettant de travailler dans les zones mal \u00e9clair\u00e9es<\/li>\n<li>Mesures TRMS pour des mesures pr\u00e9cises sur les charges non lin\u00e9aires<\/li>\n<li>Mesure 10\u00a0A (surcharge de 20\u00a0A pendant 30\u00a0secondes)<\/li>\n<li>R\u00e9sistance, continuit\u00e9, fr\u00e9quence et capacitance<\/li>\n<li>Fournit Min \/ Max \/ Average pour enregistrer les fluctuations du signal<\/li>\n<li>Conception ergonomique pour une manipulation \u00e0 une seule main<\/li>\n<li>Compatible avec le syst\u00e8me de suspension \u00e0 aimant en option (ToolPak\u2122) pour un fonctionnement mains libres.<\/li>\n<li><\/li>\n<\/ul>\n<\/div>\n","protected":false},"featured_media":10338,"comment_status":"open","ping_status":"closed","template":"elementor_header_footer","meta":[],"product_brand":[119],"product_cat":[118],"product_tag":[],"class_list":{"0":"post-10337","1":"product","2":"type-product","3":"status-publish","4":"has-post-thumbnail","6":"product_brand-fluck","7":"product_cat-multimetre","9":"first","10":"instock","11":"shipping-taxable","12":"purchasable","13":"product-type-simple"},"yoast_head":"<!-- This site is optimized with the Yoast SEO Premium plugin v26.2 (Yoast SEO v26.2) - https:\/\/yoast.com\/wordpress\/plugins\/seo\/ -->\n<title>Multim\u00e8tre num\u00e9rique Fluke 117C - ADC Electronique<\/title>\n<meta name=\"robots\" content=\"index, follow, max-snippet:-1, max-image-preview:large, max-video-preview:-1\" \/>\n<link rel=\"canonical\" href=\"https:\/\/adcelectronique.com\/index.php\/product\/multimetre-numerique-fluke-117c\/\" \/>\n<meta property=\"og:locale\" content=\"fr_FR\" \/>\n<meta property=\"og:type\" content=\"article\" \/>\n<meta property=\"og:title\" content=\"Multim\u00e8tre num\u00e9rique Fluke 117C\" \/>\n<meta property=\"og:description\" content=\"le multim\u00e8tre d&#039;\u00e9lectricien Fluke\u00a0117 est le multim\u00e8tre id\u00e9al pour les \u00e9lectriciens. En fait, des utilisateurs du monde entier ont d\u00e9clar\u00e9 que leur\u00a0117 est un investissement dans la pr\u00e9cision. Le Fluke\u00a0117 fournit des relev\u00e9s Min\/Max\/Moyenne et des mesures de fr\u00e9quence et de capacit\u00e9. Sa facilit\u00e9 d&#039;utilisation vous permet de gagner du temps et de passer ais\u00e9ment d&#039;une t\u00e2che \u00e0 une autre.  Con\u00e7u et test\u00e9 pour votre s\u00e9curit\u00e9 sur votre lieu de travail  Nous testons nos multim\u00e8tres Fluke\u00a0117 pour une utilisation en toute s\u00e9curit\u00e9 dans les environnements CAT\u00a0III 600\u00a0V. Il s&#039;agit du multim\u00e8tre id\u00e9al pour vos travaux \u00e9lectriques, pour les raisons suivantes\u00a0:   Le grand \u00e9cran \u00e0 r\u00e9tro-\u00e9clairage par LED blanches vous permet de travailler dans des zones mal \u00e9clair\u00e9es.  La technologie VoltAlertTM, avec la d\u00e9tection de tension sans contact, vous permet de prendre des d\u00e9cisions go\/no-go bas\u00e9es sur des faits.  Les modes AutoVolt et Faible imp\u00e9dance d&#039;entr\u00e9e permettent des mesures plus rapides et plus pr\u00e9cises.  Principales fonctions    Technologie VoltAlert\u2122 pour la d\u00e9tection de tension sans contact  S\u00e9lection automatique de tension AC\/DC AutoVolt  Faible imp\u00e9dance d&#039;entr\u00e9e\u00a0: permet d&#039;\u00e9viter les mesures erron\u00e9es caus\u00e9es par une tension \u00ab\u00a0fant\u00f4me.  Grand r\u00e9tro-\u00e9clairage LED blanc permettant de travailler dans les zones mal \u00e9clair\u00e9es  Mesures TRMS pour des mesures pr\u00e9cises sur les charges non lin\u00e9aires  Mesure 10\u00a0A (surcharge de 20\u00a0A pendant 30\u00a0secondes)  R\u00e9sistance, continuit\u00e9, fr\u00e9quence et capacitance  Fournit Min \/ Max \/ Average pour enregistrer les fluctuations du signal  Conception ergonomique pour une manipulation \u00e0 une seule main  Compatible avec le syst\u00e8me de suspension \u00e0 aimant en option (ToolPak\u2122) pour un fonctionnement mains libres.\" \/>\n<meta property=\"og:url\" content=\"https:\/\/adcelectronique.com\/index.php\/product\/multimetre-numerique-fluke-117c\/\" \/>\n<meta property=\"og:site_name\" content=\"ADC Electronique\" \/>\n<meta property=\"article:modified_time\" content=\"2026-01-25T13:13:58+00:00\" \/>\n<meta property=\"og:image\" content=\"https:\/\/adcelectronique.com\/wp-content\/uploads\/2026\/01\/image_2026-01-25_141228880.png\" \/>\n\t<meta property=\"og:image:width\" content=\"850\" \/>\n\t<meta property=\"og:image:height\" content=\"850\" \/>\n\t<meta property=\"og:image:type\" content=\"image\/png\" \/>\n<meta name=\"twitter:card\" content=\"summary_large_image\" \/>\n<meta name=\"twitter:label1\" content=\"Dur\u00e9e de lecture estim\u00e9e\" \/>\n\t<meta name=\"twitter:data1\" content=\"4 minutes\" \/>\n<script type=\"application\/ld+json\" class=\"yoast-schema-graph\">{\"@context\":\"https:\/\/schema.org\",\"@graph\":[{\"@type\":\"WebPage\",\"@id\":\"https:\/\/adcelectronique.com\/index.php\/product\/multimetre-numerique-fluke-117c\/\",\"url\":\"https:\/\/adcelectronique.com\/index.php\/product\/multimetre-numerique-fluke-117c\/\",\"name\":\"Multim\u00e8tre num\u00e9rique Fluke 117C - ADC Electronique\",\"isPartOf\":{\"@id\":\"https:\/\/adcelectronique.com\/#website\"},\"primaryImageOfPage\":{\"@id\":\"https:\/\/adcelectronique.com\/index.php\/product\/multimetre-numerique-fluke-117c\/#primaryimage\"},\"image\":{\"@id\":\"https:\/\/adcelectronique.com\/index.php\/product\/multimetre-numerique-fluke-117c\/#primaryimage\"},\"thumbnailUrl\":\"https:\/\/adcelectronique.com\/wp-content\/uploads\/2026\/01\/image_2026-01-25_141228880.png\",\"datePublished\":\"2026-01-25T13:13:57+00:00\",\"dateModified\":\"2026-01-25T13:13:58+00:00\",\"breadcrumb\":{\"@id\":\"https:\/\/adcelectronique.com\/index.php\/product\/multimetre-numerique-fluke-117c\/#breadcrumb\"},\"inLanguage\":\"fr-FR\",\"potentialAction\":[{\"@type\":\"ReadAction\",\"target\":[\"https:\/\/adcelectronique.com\/index.php\/product\/multimetre-numerique-fluke-117c\/\"]}]},{\"@type\":\"ImageObject\",\"inLanguage\":\"fr-FR\",\"@id\":\"https:\/\/adcelectronique.com\/index.php\/product\/multimetre-numerique-fluke-117c\/#primaryimage\",\"url\":\"https:\/\/adcelectronique.com\/wp-content\/uploads\/2026\/01\/image_2026-01-25_141228880.png\",\"contentUrl\":\"https:\/\/adcelectronique.com\/wp-content\/uploads\/2026\/01\/image_2026-01-25_141228880.png\",\"width\":850,\"height\":850},{\"@type\":\"BreadcrumbList\",\"@id\":\"https:\/\/adcelectronique.com\/index.php\/product\/multimetre-numerique-fluke-117c\/#breadcrumb\",\"itemListElement\":[{\"@type\":\"ListItem\",\"position\":1,\"name\":\"Home\",\"item\":\"https:\/\/adcelectronique.com\/\"},{\"@type\":\"ListItem\",\"position\":2,\"name\":\"Shop\",\"item\":\"https:\/\/adcelectronique.com\/index.php\/shop\/\"},{\"@type\":\"ListItem\",\"position\":3,\"name\":\"Multim\u00e8tre num\u00e9rique Fluke 117C\"}]},{\"@type\":\"WebSite\",\"@id\":\"https:\/\/adcelectronique.com\/#website\",\"url\":\"https:\/\/adcelectronique.com\/\",\"name\":\"ADC Electronique\",\"description\":\"\",\"potentialAction\":[{\"@type\":\"SearchAction\",\"target\":{\"@type\":\"EntryPoint\",\"urlTemplate\":\"https:\/\/adcelectronique.com\/?s={search_term_string}\"},\"query-input\":{\"@type\":\"PropertyValueSpecification\",\"valueRequired\":true,\"valueName\":\"search_term_string\"}}],\"inLanguage\":\"fr-FR\"}]}<\/script>\n<!-- \/ Yoast SEO Premium plugin. -->","yoast_head_json":{"title":"Multim\u00e8tre num\u00e9rique Fluke 117C - ADC Electronique","robots":{"index":"index","follow":"follow","max-snippet":"max-snippet:-1","max-image-preview":"max-image-preview:large","max-video-preview":"max-video-preview:-1"},"canonical":"https:\/\/adcelectronique.com\/index.php\/product\/multimetre-numerique-fluke-117c\/","og_locale":"fr_FR","og_type":"article","og_title":"Multim\u00e8tre num\u00e9rique Fluke 117C","og_description":"le multim\u00e8tre d'\u00e9lectricien Fluke\u00a0117 est le multim\u00e8tre id\u00e9al pour les \u00e9lectriciens. En fait, des utilisateurs du monde entier ont d\u00e9clar\u00e9 que leur\u00a0117 est un investissement dans la pr\u00e9cision. Le Fluke\u00a0117 fournit des relev\u00e9s Min\/Max\/Moyenne et des mesures de fr\u00e9quence et de capacit\u00e9. Sa facilit\u00e9 d'utilisation vous permet de gagner du temps et de passer ais\u00e9ment d'une t\u00e2che \u00e0 une autre.  Con\u00e7u et test\u00e9 pour votre s\u00e9curit\u00e9 sur votre lieu de travail  Nous testons nos multim\u00e8tres Fluke\u00a0117 pour une utilisation en toute s\u00e9curit\u00e9 dans les environnements CAT\u00a0III 600\u00a0V. Il s'agit du multim\u00e8tre id\u00e9al pour vos travaux \u00e9lectriques, pour les raisons suivantes\u00a0:   Le grand \u00e9cran \u00e0 r\u00e9tro-\u00e9clairage par LED blanches vous permet de travailler dans des zones mal \u00e9clair\u00e9es.  La technologie VoltAlertTM, avec la d\u00e9tection de tension sans contact, vous permet de prendre des d\u00e9cisions go\/no-go bas\u00e9es sur des faits.  Les modes AutoVolt et Faible imp\u00e9dance d'entr\u00e9e permettent des mesures plus rapides et plus pr\u00e9cises.  Principales fonctions    Technologie VoltAlert\u2122 pour la d\u00e9tection de tension sans contact  S\u00e9lection automatique de tension AC\/DC AutoVolt  Faible imp\u00e9dance d'entr\u00e9e\u00a0: permet d'\u00e9viter les mesures erron\u00e9es caus\u00e9es par une tension \u00ab\u00a0fant\u00f4me.  Grand r\u00e9tro-\u00e9clairage LED blanc permettant de travailler dans les zones mal \u00e9clair\u00e9es  Mesures TRMS pour des mesures pr\u00e9cises sur les charges non lin\u00e9aires  Mesure 10\u00a0A (surcharge de 20\u00a0A pendant 30\u00a0secondes)  R\u00e9sistance, continuit\u00e9, fr\u00e9quence et capacitance  Fournit Min \/ Max \/ Average pour enregistrer les fluctuations du signal  Conception ergonomique pour une manipulation \u00e0 une seule main  Compatible avec le syst\u00e8me de suspension \u00e0 aimant en option (ToolPak\u2122) pour un fonctionnement mains libres.","og_url":"https:\/\/adcelectronique.com\/index.php\/product\/multimetre-numerique-fluke-117c\/","og_site_name":"ADC Electronique","article_modified_time":"2026-01-25T13:13:58+00:00","og_image":[{"width":850,"height":850,"url":"https:\/\/adcelectronique.com\/wp-content\/uploads\/2026\/01\/image_2026-01-25_141228880.png","type":"image\/png"}],"twitter_card":"summary_large_image","twitter_misc":{"Dur\u00e9e de lecture estim\u00e9e":"4 minutes"},"schema":{"@context":"https:\/\/schema.org","@graph":[{"@type":"WebPage","@id":"https:\/\/adcelectronique.com\/index.php\/product\/multimetre-numerique-fluke-117c\/","url":"https:\/\/adcelectronique.com\/index.php\/product\/multimetre-numerique-fluke-117c\/","name":"Multim\u00e8tre num\u00e9rique Fluke 117C - ADC Electronique","isPartOf":{"@id":"https:\/\/adcelectronique.com\/#website"},"primaryImageOfPage":{"@id":"https:\/\/adcelectronique.com\/index.php\/product\/multimetre-numerique-fluke-117c\/#primaryimage"},"image":{"@id":"https:\/\/adcelectronique.com\/index.php\/product\/multimetre-numerique-fluke-117c\/#primaryimage"},"thumbnailUrl":"https:\/\/adcelectronique.com\/wp-content\/uploads\/2026\/01\/image_2026-01-25_141228880.png","datePublished":"2026-01-25T13:13:57+00:00","dateModified":"2026-01-25T13:13:58+00:00","breadcrumb":{"@id":"https:\/\/adcelectronique.com\/index.php\/product\/multimetre-numerique-fluke-117c\/#breadcrumb"},"inLanguage":"fr-FR","potentialAction":[{"@type":"ReadAction","target":["https:\/\/adcelectronique.com\/index.php\/product\/multimetre-numerique-fluke-117c\/"]}]},{"@type":"ImageObject","inLanguage":"fr-FR","@id":"https:\/\/adcelectronique.com\/index.php\/product\/multimetre-numerique-fluke-117c\/#primaryimage","url":"https:\/\/adcelectronique.com\/wp-content\/uploads\/2026\/01\/image_2026-01-25_141228880.png","contentUrl":"https:\/\/adcelectronique.com\/wp-content\/uploads\/2026\/01\/image_2026-01-25_141228880.png","width":850,"height":850},{"@type":"BreadcrumbList","@id":"https:\/\/adcelectronique.com\/index.php\/product\/multimetre-numerique-fluke-117c\/#breadcrumb","itemListElement":[{"@type":"ListItem","position":1,"name":"Home","item":"https:\/\/adcelectronique.com\/"},{"@type":"ListItem","position":2,"name":"Shop","item":"https:\/\/adcelectronique.com\/index.php\/shop\/"},{"@type":"ListItem","position":3,"name":"Multim\u00e8tre num\u00e9rique Fluke 117C"}]},{"@type":"WebSite","@id":"https:\/\/adcelectronique.com\/#website","url":"https:\/\/adcelectronique.com\/","name":"ADC Electronique","description":"","potentialAction":[{"@type":"SearchAction","target":{"@type":"EntryPoint","urlTemplate":"https:\/\/adcelectronique.com\/?s={search_term_string}"},"query-input":{"@type":"PropertyValueSpecification","valueRequired":true,"valueName":"search_term_string"}}],"inLanguage":"fr-FR"}]}},"_links":{"self":[{"href":"https:\/\/adcelectronique.com\/index.php\/wp-json\/wp\/v2\/product\/10337","targetHints":{"allow":["GET"]}}],"collection":[{"href":"https:\/\/adcelectronique.com\/index.php\/wp-json\/wp\/v2\/product"}],"about":[{"href":"https:\/\/adcelectronique.com\/index.php\/wp-json\/wp\/v2\/types\/product"}],"replies":[{"embeddable":true,"href":"https:\/\/adcelectronique.com\/index.php\/wp-json\/wp\/v2\/comments?post=10337"}],"version-history":[{"count":0,"href":"https:\/\/adcelectronique.com\/index.php\/wp-json\/wp\/v2\/product\/10337\/revisions"}],"wp:featuredmedia":[{"embeddable":true,"href":"https:\/\/adcelectronique.com\/index.php\/wp-json\/wp\/v2\/media\/10338"}],"wp:attachment":[{"href":"https:\/\/adcelectronique.com\/index.php\/wp-json\/wp\/v2\/media?parent=10337"}],"wp:term":[{"taxonomy":"product_brand","embeddable":true,"href":"https:\/\/adcelectronique.com\/index.php\/wp-json\/wp\/v2\/product_brand?post=10337"},{"taxonomy":"product_cat","embeddable":true,"href":"https:\/\/adcelectronique.com\/index.php\/wp-json\/wp\/v2\/product_cat?post=10337"},{"taxonomy":"product_tag","embeddable":true,"href":"https:\/\/adcelectronique.com\/index.php\/wp-json\/wp\/v2\/product_tag?post=10337"}],"curies":[{"name":"wp","href":"https:\/\/api.w.org\/{rel}","templated":true}]}}