{"id":10353,"date":"2026-01-25T15:03:18","date_gmt":"2026-01-25T15:03:18","guid":{"rendered":"https:\/\/adcelectronique.com\/?post_type=product&#038;p=10353"},"modified":"2026-01-25T15:03:19","modified_gmt":"2026-01-25T15:03:19","slug":"microscope-numerique-2mp-usb","status":"publish","type":"product","link":"https:\/\/adcelectronique.com\/index.php\/product\/microscope-numerique-2mp-usb\/","title":{"rendered":"Microscope Num\u00e9rique 2MP USB"},"content":{"rendered":"<h2>\u00a0 \u00a0 \u00a0 \u00a0 \u00a0 \u00a0 \u00a0 \u00a0 \u00a0 \u00a0 \u00a0 \u00a0 \u00a0 \u00a0 Microscope Num\u00e9rique 2MP USB<\/h2>\n<ul class=\"wd-nav wd-nav-tabs wd-icon-pos-left tabs wc-tabs wd-style-underline-reverse\" role=\"tablist\">\n<li id=\"tab-title-description\" class=\"description_tab active\" role=\"presentation\" aria-controls=\"tab-description\"><span style=\"color: #000000\"><a class=\"wd-nav-link\" style=\"color: #000000\" role=\"tab\" href=\"https:\/\/adcelectronique.com\/index.php\/product\/amperemetrique-multimetre-numerique-ac-dc-uni-t-ut203\/#tab-description\"><span class=\"nav-link-text wd-tabs-title\">DESCRIPTION<\/span><\/a><\/span><\/li>\n<\/ul>\n<p>Microscope num\u00e9rique 500x A1 Loupe 2MP Cam\u00e9ra endoscopique \u00e9lectronique USB<\/p>\n<p><strong><u>Sp\u00e9cifications techniques\u00a0:<\/u><\/strong><\/p>\n<p>&#8211; DSP\u00a0: Processeur d&rsquo;image num\u00e9rique haute puissance Monarch.<\/p>\n<p>&#8211; Capteur\u00a0: Capteur CMOS haute qualit\u00e9, 2\u00a0Mpx (mat\u00e9riel, sans interpolation).<\/p>\n<p>&#8211; R\u00e9solution\u00a0: 640\u00a0\u00d7\u00a0480, 1600\u00a0\u00d7\u00a01200 (r\u00e9glage de la r\u00e9solution\u00a0: menu\u00a0&gt;\u00a0Options\u00a0&gt;\u00a0Pin d&rsquo;acquisition vid\u00e9o\u2026).<\/p>\n<p>&#8211; Interface\u00a0: USB\u00a01.1\/USB\u00a02.0.<\/p>\n<p>&#8211; Fr\u00e9quence d&rsquo;images\u00a0: 30\u00a0images\/s (\u00e0 une r\u00e9solution de 640\u00a0\u00d7\u00a0480), 5\u00a0images\/s (\u00e0 1600\u00a0\u00d7\u00a01200).<\/p>\n<p>&#8211; Distance focale\u00a0: 5\u00a0mm \u00e0 30\u00a0mm (\u00e0 l&rsquo;infini, le microscope fonctionne comme une webcam et ne permet pas le grossissement). &#8211; Grossissement\u00a0: Veuillez vous r\u00e9f\u00e9rer aux photos et \u00e0 la vid\u00e9o d&rsquo;exemple.<\/p>\n<p>&#8211; Diam\u00e8tre\u00a0: 12\u00a0mm<\/p>\n<p>&#8211; Longueur du c\u00e2ble USB\u00a0: environ 165\u00a0cm. Couleur du c\u00e2ble USB\u00a0: noir ou transparent (al\u00e9atoire).<\/p>\n<p>&#8211; \u00c9clairage\u00a0: 8\u00a0LED autour de l&rsquo;objectif.<\/p>\n<p><strong><u>Contenu de l&#8217;emballage\u00a0:<\/u><\/strong><\/p>\n<p>&#8211; 1\u00a0cam\u00e9ra microscope num\u00e9rique<\/p>\n<p>&#8211; 1\u00a0CD du logiciel (manuel d&rsquo;utilisation inclus)<\/p>\n<p>&#8211; 1\u00a0support m\u00e9tallique<\/p>\n","protected":false},"excerpt":{"rendered":"<ul class=\"wd-nav wd-nav-tabs wd-icon-pos-left tabs wc-tabs wd-style-underline-reverse\" role=\"tablist\">\n<li id=\"tab-title-description\" class=\"description_tab active\" role=\"presentation\" aria-controls=\"tab-description\"><span style=\"color: #000000\"><a class=\"wd-nav-link\" style=\"color: #000000\" role=\"tab\" href=\"https:\/\/adcelectronique.com\/index.php\/product\/amperemetrique-multimetre-numerique-ac-dc-uni-t-ut203\/#tab-description\"><span class=\"nav-link-text wd-tabs-title\">DESCRIPTION<\/span><\/a><\/span><\/li>\n<\/ul>\n<p>Microscope num\u00e9rique 500x A1 Loupe 2MP Cam\u00e9ra endoscopique \u00e9lectronique USB<\/p>\n<p><strong><u>Sp\u00e9cifications techniques\u00a0:<\/u><\/strong><\/p>\n<p>&#8211; DSP\u00a0: Processeur d&rsquo;image num\u00e9rique haute puissance Monarch.<\/p>\n<p>&#8211; Capteur\u00a0: Capteur CMOS haute qualit\u00e9, 2\u00a0Mpx (mat\u00e9riel, sans interpolation).<\/p>\n<p>&#8211; R\u00e9solution\u00a0: 640\u00a0\u00d7\u00a0480, 1600\u00a0\u00d7\u00a01200 (r\u00e9glage de la r\u00e9solution\u00a0: menu\u00a0&gt;\u00a0Options\u00a0&gt;\u00a0Pin d&rsquo;acquisition vid\u00e9o\u2026).<\/p>\n<p>&#8211; Interface\u00a0: USB\u00a01.1\/USB\u00a02.0.<\/p>\n<p>&#8211; Fr\u00e9quence d&rsquo;images\u00a0: 30\u00a0images\/s (\u00e0 une r\u00e9solution de 640\u00a0\u00d7\u00a0480), 5\u00a0images\/s (\u00e0 1600\u00a0\u00d7\u00a01200).<\/p>\n<p>&#8211; Distance focale\u00a0: 5\u00a0mm \u00e0 30\u00a0mm (\u00e0 l&rsquo;infini, le microscope fonctionne comme une webcam et ne permet pas le grossissement). &#8211; Grossissement\u00a0: Veuillez vous r\u00e9f\u00e9rer aux photos et \u00e0 la vid\u00e9o d&rsquo;exemple.<\/p>\n<p>&#8211; Diam\u00e8tre\u00a0: 12\u00a0mm<\/p>\n<p>&#8211; Longueur du c\u00e2ble USB\u00a0: environ 165\u00a0cm. Couleur du c\u00e2ble USB\u00a0: noir ou transparent (al\u00e9atoire).<\/p>\n<p>&#8211; \u00c9clairage\u00a0: 8\u00a0LED autour de l&rsquo;objectif.<\/p>\n<p><strong><u>Contenu de l&#8217;emballage\u00a0:<\/u><\/strong><\/p>\n<p>&#8211; 1\u00a0cam\u00e9ra microscope num\u00e9rique<\/p>\n<p>&#8211; 1\u00a0CD du logiciel (manuel d&rsquo;utilisation inclus)<\/p>\n<p>&#8211; 1\u00a0support m\u00e9tallique<\/p>\n","protected":false},"featured_media":10357,"comment_status":"open","ping_status":"closed","template":"","meta":[],"product_brand":[129],"product_cat":[130],"product_tag":[],"class_list":{"0":"post-10353","1":"product","2":"type-product","3":"status-publish","4":"has-post-thumbnail","6":"product_brand-inskam","7":"product_cat-microscope","9":"first","10":"instock","11":"shipping-taxable","12":"purchasable","13":"product-type-simple"},"yoast_head":"<!-- This site is optimized with the Yoast SEO Premium plugin v26.2 (Yoast SEO v26.2) - https:\/\/yoast.com\/wordpress\/plugins\/seo\/ -->\n<title>Microscope Num\u00e9rique 2MP USB - ADC Electronique<\/title>\n<meta name=\"robots\" content=\"index, follow, max-snippet:-1, max-image-preview:large, max-video-preview:-1\" \/>\n<link rel=\"canonical\" href=\"https:\/\/adcelectronique.com\/index.php\/product\/microscope-numerique-2mp-usb\/\" \/>\n<meta property=\"og:locale\" content=\"fr_FR\" \/>\n<meta property=\"og:type\" content=\"article\" \/>\n<meta property=\"og:title\" content=\"Microscope Num\u00e9rique 2MP USB\" \/>\n<meta property=\"og:description\" content=\"DESCRIPTION  Microscope num\u00e9rique 500x A1 Loupe 2MP Cam\u00e9ra endoscopique \u00e9lectronique USB  Sp\u00e9cifications techniques\u00a0:  - DSP\u00a0: Processeur d&#039;image num\u00e9rique haute puissance Monarch.  - Capteur\u00a0: Capteur CMOS haute qualit\u00e9, 2\u00a0Mpx (mat\u00e9riel, sans interpolation).  - R\u00e9solution\u00a0: 640\u00a0\u00d7\u00a0480, 1600\u00a0\u00d7\u00a01200 (r\u00e9glage de la r\u00e9solution\u00a0: menu\u00a0&gt;\u00a0Options\u00a0&gt;\u00a0Pin d&#039;acquisition vid\u00e9o\u2026).  - Interface\u00a0: USB\u00a01.1\/USB\u00a02.0.  - Fr\u00e9quence d&#039;images\u00a0: 30\u00a0images\/s (\u00e0 une r\u00e9solution de 640\u00a0\u00d7\u00a0480), 5\u00a0images\/s (\u00e0 1600\u00a0\u00d7\u00a01200).  - Distance focale\u00a0: 5\u00a0mm \u00e0 30\u00a0mm (\u00e0 l&#039;infini, le microscope fonctionne comme une webcam et ne permet pas le grossissement). - Grossissement\u00a0: Veuillez vous r\u00e9f\u00e9rer aux photos et \u00e0 la vid\u00e9o d&#039;exemple.  - Diam\u00e8tre\u00a0: 12\u00a0mm  - Longueur du c\u00e2ble USB\u00a0: environ 165\u00a0cm. Couleur du c\u00e2ble USB\u00a0: noir ou transparent (al\u00e9atoire).  - \u00c9clairage\u00a0: 8\u00a0LED autour de l&#039;objectif.  Contenu de l&#039;emballage\u00a0:  - 1\u00a0cam\u00e9ra microscope num\u00e9rique  - 1\u00a0CD du logiciel (manuel d&#039;utilisation inclus)  - 1\u00a0support m\u00e9tallique\" \/>\n<meta property=\"og:url\" content=\"https:\/\/adcelectronique.com\/index.php\/product\/microscope-numerique-2mp-usb\/\" \/>\n<meta property=\"og:site_name\" content=\"ADC Electronique\" \/>\n<meta property=\"article:modified_time\" content=\"2026-01-25T15:03:19+00:00\" \/>\n<meta property=\"og:image\" content=\"https:\/\/adcelectronique.com\/wp-content\/uploads\/2026\/01\/andonstar-a1-digitales-usb-mikroskop.jpg\" \/>\n\t<meta property=\"og:image:width\" content=\"320\" \/>\n\t<meta property=\"og:image:height\" content=\"320\" \/>\n\t<meta property=\"og:image:type\" content=\"image\/jpeg\" \/>\n<meta name=\"twitter:card\" content=\"summary_large_image\" \/>\n<meta name=\"twitter:label1\" content=\"Dur\u00e9e de lecture estim\u00e9e\" \/>\n\t<meta name=\"twitter:data1\" content=\"1 minute\" \/>\n<script type=\"application\/ld+json\" class=\"yoast-schema-graph\">{\"@context\":\"https:\/\/schema.org\",\"@graph\":[{\"@type\":\"WebPage\",\"@id\":\"https:\/\/adcelectronique.com\/index.php\/product\/microscope-numerique-2mp-usb\/\",\"url\":\"https:\/\/adcelectronique.com\/index.php\/product\/microscope-numerique-2mp-usb\/\",\"name\":\"Microscope Num\u00e9rique 2MP USB - ADC Electronique\",\"isPartOf\":{\"@id\":\"https:\/\/adcelectronique.com\/#website\"},\"primaryImageOfPage\":{\"@id\":\"https:\/\/adcelectronique.com\/index.php\/product\/microscope-numerique-2mp-usb\/#primaryimage\"},\"image\":{\"@id\":\"https:\/\/adcelectronique.com\/index.php\/product\/microscope-numerique-2mp-usb\/#primaryimage\"},\"thumbnailUrl\":\"https:\/\/adcelectronique.com\/wp-content\/uploads\/2026\/01\/andonstar-a1-digitales-usb-mikroskop.jpg\",\"datePublished\":\"2026-01-25T15:03:18+00:00\",\"dateModified\":\"2026-01-25T15:03:19+00:00\",\"breadcrumb\":{\"@id\":\"https:\/\/adcelectronique.com\/index.php\/product\/microscope-numerique-2mp-usb\/#breadcrumb\"},\"inLanguage\":\"fr-FR\",\"potentialAction\":[{\"@type\":\"ReadAction\",\"target\":[\"https:\/\/adcelectronique.com\/index.php\/product\/microscope-numerique-2mp-usb\/\"]}]},{\"@type\":\"ImageObject\",\"inLanguage\":\"fr-FR\",\"@id\":\"https:\/\/adcelectronique.com\/index.php\/product\/microscope-numerique-2mp-usb\/#primaryimage\",\"url\":\"https:\/\/adcelectronique.com\/wp-content\/uploads\/2026\/01\/andonstar-a1-digitales-usb-mikroskop.jpg\",\"contentUrl\":\"https:\/\/adcelectronique.com\/wp-content\/uploads\/2026\/01\/andonstar-a1-digitales-usb-mikroskop.jpg\",\"width\":320,\"height\":320},{\"@type\":\"BreadcrumbList\",\"@id\":\"https:\/\/adcelectronique.com\/index.php\/product\/microscope-numerique-2mp-usb\/#breadcrumb\",\"itemListElement\":[{\"@type\":\"ListItem\",\"position\":1,\"name\":\"Home\",\"item\":\"https:\/\/adcelectronique.com\/\"},{\"@type\":\"ListItem\",\"position\":2,\"name\":\"Shop\",\"item\":\"https:\/\/adcelectronique.com\/index.php\/shop\/\"},{\"@type\":\"ListItem\",\"position\":3,\"name\":\"Microscope Num\u00e9rique 2MP USB\"}]},{\"@type\":\"WebSite\",\"@id\":\"https:\/\/adcelectronique.com\/#website\",\"url\":\"https:\/\/adcelectronique.com\/\",\"name\":\"ADC Electronique\",\"description\":\"\",\"potentialAction\":[{\"@type\":\"SearchAction\",\"target\":{\"@type\":\"EntryPoint\",\"urlTemplate\":\"https:\/\/adcelectronique.com\/?s={search_term_string}\"},\"query-input\":{\"@type\":\"PropertyValueSpecification\",\"valueRequired\":true,\"valueName\":\"search_term_string\"}}],\"inLanguage\":\"fr-FR\"}]}<\/script>\n<!-- \/ Yoast SEO Premium plugin. -->","yoast_head_json":{"title":"Microscope Num\u00e9rique 2MP USB - ADC Electronique","robots":{"index":"index","follow":"follow","max-snippet":"max-snippet:-1","max-image-preview":"max-image-preview:large","max-video-preview":"max-video-preview:-1"},"canonical":"https:\/\/adcelectronique.com\/index.php\/product\/microscope-numerique-2mp-usb\/","og_locale":"fr_FR","og_type":"article","og_title":"Microscope Num\u00e9rique 2MP USB","og_description":"DESCRIPTION  Microscope num\u00e9rique 500x A1 Loupe 2MP Cam\u00e9ra endoscopique \u00e9lectronique USB  Sp\u00e9cifications techniques\u00a0:  - DSP\u00a0: Processeur d'image num\u00e9rique haute puissance Monarch.  - Capteur\u00a0: Capteur CMOS haute qualit\u00e9, 2\u00a0Mpx (mat\u00e9riel, sans interpolation).  - R\u00e9solution\u00a0: 640\u00a0\u00d7\u00a0480, 1600\u00a0\u00d7\u00a01200 (r\u00e9glage de la r\u00e9solution\u00a0: menu\u00a0&gt;\u00a0Options\u00a0&gt;\u00a0Pin d'acquisition vid\u00e9o\u2026).  - Interface\u00a0: USB\u00a01.1\/USB\u00a02.0.  - Fr\u00e9quence d'images\u00a0: 30\u00a0images\/s (\u00e0 une r\u00e9solution de 640\u00a0\u00d7\u00a0480), 5\u00a0images\/s (\u00e0 1600\u00a0\u00d7\u00a01200).  - Distance focale\u00a0: 5\u00a0mm \u00e0 30\u00a0mm (\u00e0 l'infini, le microscope fonctionne comme une webcam et ne permet pas le grossissement). - Grossissement\u00a0: Veuillez vous r\u00e9f\u00e9rer aux photos et \u00e0 la vid\u00e9o d'exemple.  - Diam\u00e8tre\u00a0: 12\u00a0mm  - Longueur du c\u00e2ble USB\u00a0: environ 165\u00a0cm. Couleur du c\u00e2ble USB\u00a0: noir ou transparent (al\u00e9atoire).  - \u00c9clairage\u00a0: 8\u00a0LED autour de l'objectif.  Contenu de l'emballage\u00a0:  - 1\u00a0cam\u00e9ra microscope num\u00e9rique  - 1\u00a0CD du logiciel (manuel d'utilisation inclus)  - 1\u00a0support m\u00e9tallique","og_url":"https:\/\/adcelectronique.com\/index.php\/product\/microscope-numerique-2mp-usb\/","og_site_name":"ADC Electronique","article_modified_time":"2026-01-25T15:03:19+00:00","og_image":[{"width":320,"height":320,"url":"https:\/\/adcelectronique.com\/wp-content\/uploads\/2026\/01\/andonstar-a1-digitales-usb-mikroskop.jpg","type":"image\/jpeg"}],"twitter_card":"summary_large_image","twitter_misc":{"Dur\u00e9e de lecture estim\u00e9e":"1 minute"},"schema":{"@context":"https:\/\/schema.org","@graph":[{"@type":"WebPage","@id":"https:\/\/adcelectronique.com\/index.php\/product\/microscope-numerique-2mp-usb\/","url":"https:\/\/adcelectronique.com\/index.php\/product\/microscope-numerique-2mp-usb\/","name":"Microscope Num\u00e9rique 2MP USB - ADC Electronique","isPartOf":{"@id":"https:\/\/adcelectronique.com\/#website"},"primaryImageOfPage":{"@id":"https:\/\/adcelectronique.com\/index.php\/product\/microscope-numerique-2mp-usb\/#primaryimage"},"image":{"@id":"https:\/\/adcelectronique.com\/index.php\/product\/microscope-numerique-2mp-usb\/#primaryimage"},"thumbnailUrl":"https:\/\/adcelectronique.com\/wp-content\/uploads\/2026\/01\/andonstar-a1-digitales-usb-mikroskop.jpg","datePublished":"2026-01-25T15:03:18+00:00","dateModified":"2026-01-25T15:03:19+00:00","breadcrumb":{"@id":"https:\/\/adcelectronique.com\/index.php\/product\/microscope-numerique-2mp-usb\/#breadcrumb"},"inLanguage":"fr-FR","potentialAction":[{"@type":"ReadAction","target":["https:\/\/adcelectronique.com\/index.php\/product\/microscope-numerique-2mp-usb\/"]}]},{"@type":"ImageObject","inLanguage":"fr-FR","@id":"https:\/\/adcelectronique.com\/index.php\/product\/microscope-numerique-2mp-usb\/#primaryimage","url":"https:\/\/adcelectronique.com\/wp-content\/uploads\/2026\/01\/andonstar-a1-digitales-usb-mikroskop.jpg","contentUrl":"https:\/\/adcelectronique.com\/wp-content\/uploads\/2026\/01\/andonstar-a1-digitales-usb-mikroskop.jpg","width":320,"height":320},{"@type":"BreadcrumbList","@id":"https:\/\/adcelectronique.com\/index.php\/product\/microscope-numerique-2mp-usb\/#breadcrumb","itemListElement":[{"@type":"ListItem","position":1,"name":"Home","item":"https:\/\/adcelectronique.com\/"},{"@type":"ListItem","position":2,"name":"Shop","item":"https:\/\/adcelectronique.com\/index.php\/shop\/"},{"@type":"ListItem","position":3,"name":"Microscope Num\u00e9rique 2MP USB"}]},{"@type":"WebSite","@id":"https:\/\/adcelectronique.com\/#website","url":"https:\/\/adcelectronique.com\/","name":"ADC Electronique","description":"","potentialAction":[{"@type":"SearchAction","target":{"@type":"EntryPoint","urlTemplate":"https:\/\/adcelectronique.com\/?s={search_term_string}"},"query-input":{"@type":"PropertyValueSpecification","valueRequired":true,"valueName":"search_term_string"}}],"inLanguage":"fr-FR"}]}},"_links":{"self":[{"href":"https:\/\/adcelectronique.com\/index.php\/wp-json\/wp\/v2\/product\/10353","targetHints":{"allow":["GET"]}}],"collection":[{"href":"https:\/\/adcelectronique.com\/index.php\/wp-json\/wp\/v2\/product"}],"about":[{"href":"https:\/\/adcelectronique.com\/index.php\/wp-json\/wp\/v2\/types\/product"}],"replies":[{"embeddable":true,"href":"https:\/\/adcelectronique.com\/index.php\/wp-json\/wp\/v2\/comments?post=10353"}],"version-history":[{"count":0,"href":"https:\/\/adcelectronique.com\/index.php\/wp-json\/wp\/v2\/product\/10353\/revisions"}],"wp:featuredmedia":[{"embeddable":true,"href":"https:\/\/adcelectronique.com\/index.php\/wp-json\/wp\/v2\/media\/10357"}],"wp:attachment":[{"href":"https:\/\/adcelectronique.com\/index.php\/wp-json\/wp\/v2\/media?parent=10353"}],"wp:term":[{"taxonomy":"product_brand","embeddable":true,"href":"https:\/\/adcelectronique.com\/index.php\/wp-json\/wp\/v2\/product_brand?post=10353"},{"taxonomy":"product_cat","embeddable":true,"href":"https:\/\/adcelectronique.com\/index.php\/wp-json\/wp\/v2\/product_cat?post=10353"},{"taxonomy":"product_tag","embeddable":true,"href":"https:\/\/adcelectronique.com\/index.php\/wp-json\/wp\/v2\/product_tag?post=10353"}],"curies":[{"name":"wp","href":"https:\/\/api.w.org\/{rel}","templated":true}]}}