{"id":10378,"date":"2026-01-26T08:17:05","date_gmt":"2026-01-26T08:17:05","guid":{"rendered":"https:\/\/adcelectronique.com\/?post_type=product&#038;p=10378"},"modified":"2026-02-08T15:13:53","modified_gmt":"2026-02-08T15:13:53","slug":"station-de-soudurea-air-chaud-proskit-ss-989","status":"publish","type":"product","link":"https:\/\/adcelectronique.com\/index.php\/product\/station-de-soudurea-air-chaud-proskit-ss-989\/","title":{"rendered":"STATION DE SOUDURE\u00c0 AIR CHAUD PROSKIT SS-989"},"content":{"rendered":"<p>&nbsp;<\/p>\n<h3>\u00a0 \u00a0 \u00a0 \u00a0 \u00a0 \u00a0 \u00a0 \u00a0 \u00a0 \u00a0 \u00a0 \u00a0 \u00a0STATION DE SOUDURE\u00c0 AIR CHAUD PROSKIT SS-989<\/h3>\n<p>Pro&rsquo;sKit SS-989 2 en 1 Station de Soudure 700W Station de Rechargement SMD Sans Plomb Pistolet \u00e0 Air Chaud avec Fer \u00e0 Souder Refroidissement existent Outil De R\u00e9paration.<\/p>\n<h4>Sp\u00e9cifications :<\/h4>\n<p>* Consommation \u00e9lectrique : 700 W<\/p>\n<p>* Puissance de soudage : 60 W<\/p>\n<p>*Plage de temp\u00e9rature du fer \u00e0 souder : 200 \u00b0C \u00e0 480 \u00b0C (392 \u00b0F \u00e0 896 \u00b0F)<\/p>\n<p>* Plage de temp\u00e9rature de l&rsquo;air chaud : Temp\u00e9rature ambiante \u00e0 480 \u00b0C (896 \u00b0F)<\/p>\n<p>*\u00c9l\u00e9ment chauffant du fer \u00e0 souder : C\u00e9ramique d&rsquo;alumine<\/p>\n<p>*\u00c9l\u00e9ment chauffant de l&rsquo;air chaud : Noyau chauffant m\u00e9tallique<\/p>\n<p>*Type de pompe\/moteur : Pompe \u00e0 membrane<\/p>\n<p>*D\u00e9bit d&rsquo;air : 24 L\/min (max.)<\/p>\n<p>*Niveau sonore : 45 dB<\/p>\n<p>*Affichage de la temp\u00e9rature : LED<\/p>\n<p>*Alimentation : 110-120 V ~ 60 Hz \/ 220-240 V ~ 50 Hz<\/p>\n<p>*Dimensions : 255 (L) x 190 (l) x 140 (H) mm<\/p>\n<p>*Poids Poids : 4200 g (avec pistolet \u00e0 air chaud)<\/p>\n<h4>Accessoires :<\/h4>\n<p>-Pistolet \u00e0 air chaud 9SS-900NE-HG<\/p>\n<p>-pistolet \u00e0 air chaud 9SS-900NB-HG<\/p>\n<p>-pistolet \u00e0 air chaud 9SS-900NB-HG<\/p>\n<p>-pistolet \u00e0 air chaud 9SS-900NC-HG<\/p>\n<p>-fer \u00e0 souder (24 V CA\/60 W) 9SS-900N-SI x 1<\/p>\n<p>-support de soudage x 1,<\/p>\n<p>&#8211; buse 9SS-900-A1 (\u00d8 2,2 mm) x 1<\/p>\n<p>-buse 9SS-900-A2 (\u00d8 6,6 mm) x 1<\/p>\n<p>-buse 9SS-900-A3 (\u00d8 8,5 mm) x 1<\/p>\n","protected":false},"excerpt":{"rendered":"<h3><\/h3>\n<p>Pro&rsquo;sKit SS-989 2 en 1 Station de Soudure 700W Station de Rechargement SMD Sans Plomb Pistolet \u00e0 Air Chaud avec Fer \u00e0 Souder Refroidissement existent Outil De R\u00e9paration.<\/p>\n<h4>Accessoires :<\/h4>\n<p>-Pistolet \u00e0 air chaud 9SS-900NE-HG<\/p>\n<p>-pistolet \u00e0 air chaud 9SS-900NB-HG<\/p>\n<p>-pistolet \u00e0 air chaud 9SS-900NB-HG<\/p>\n<p>-pistolet \u00e0 air chaud 9SS-900NC-HG<\/p>\n<p>-fer \u00e0 souder (24 V CA\/60 W) 9SS-900N-SI x 1<\/p>\n<p>-support de soudage x 1,<\/p>\n<p>&#8211; buse 9SS-900-A1 (\u00d8 2,2 mm) x 1<\/p>\n<p>-buse 9SS-900-A2 (\u00d8 6,6 mm) x 1<\/p>\n<p>-buse 9SS-900-A3 (\u00d8 8,5 mm) x 1<\/p>\n","protected":false},"featured_media":10385,"comment_status":"open","ping_status":"closed","template":"","meta":[],"product_brand":[121],"product_cat":[132],"product_tag":[],"class_list":{"0":"post-10378","1":"product","2":"type-product","3":"status-publish","4":"has-post-thumbnail","6":"product_brand-pros-kit","7":"product_cat-station-de-soudure","9":"first","10":"instock","11":"shipping-taxable","12":"purchasable","13":"product-type-simple"},"yoast_head":"<!-- This site is optimized with the Yoast SEO Premium plugin v26.2 (Yoast SEO v26.2) - https:\/\/yoast.com\/wordpress\/plugins\/seo\/ -->\n<title>STATION DE SOUDURE\u00c0 AIR CHAUD PROSKIT SS-989 - ADC Electronique<\/title>\n<meta name=\"description\" content=\"\u00a0STATION DE SOUDURE\u00c0 AIR CHAUD PROSKIT SS-989Pro&#039;sKit SS-989 2 en 1 Station de Soudure 700W Station de Rechargement SMD Sans Plomb Pistolet \u00e0 Air Chaud avec Fer \u00e0 Souder Refroidissement existent Outil De R\u00e9paration.\" \/>\n<meta name=\"robots\" content=\"index, follow, max-snippet:-1, max-image-preview:large, max-video-preview:-1\" \/>\n<link rel=\"canonical\" href=\"https:\/\/adcelectronique.com\/index.php\/product\/station-de-soudurea-air-chaud-proskit-ss-989\/\" \/>\n<meta property=\"og:locale\" content=\"fr_FR\" \/>\n<meta property=\"og:type\" content=\"article\" \/>\n<meta property=\"og:title\" content=\"STATION DE SOUDURE\u00c0 AIR CHAUD PROSKIT SS-989\" \/>\n<meta property=\"og:description\" content=\"\u00a0STATION DE SOUDURE\u00c0 AIR CHAUD PROSKIT SS-989Pro&#039;sKit SS-989 2 en 1 Station de Soudure 700W Station de Rechargement SMD Sans Plomb Pistolet \u00e0 Air Chaud avec Fer \u00e0 Souder Refroidissement existent Outil De R\u00e9paration.\" \/>\n<meta property=\"og:url\" content=\"https:\/\/adcelectronique.com\/index.php\/product\/station-de-soudurea-air-chaud-proskit-ss-989\/\" \/>\n<meta property=\"og:site_name\" content=\"ADC Electronique\" \/>\n<meta property=\"article:modified_time\" content=\"2026-02-08T15:13:53+00:00\" \/>\n<meta property=\"og:image\" content=\"https:\/\/adcelectronique.com\/wp-content\/uploads\/2026\/01\/SS989B-pix3-2-600x600-1.jpg\" \/>\n\t<meta property=\"og:image:width\" content=\"600\" \/>\n\t<meta property=\"og:image:height\" content=\"600\" \/>\n\t<meta property=\"og:image:type\" content=\"image\/jpeg\" \/>\n<meta name=\"twitter:card\" content=\"summary_large_image\" \/>\n<meta name=\"twitter:label1\" content=\"Dur\u00e9e de lecture estim\u00e9e\" \/>\n\t<meta name=\"twitter:data1\" content=\"2 minutes\" \/>\n<script type=\"application\/ld+json\" class=\"yoast-schema-graph\">{\"@context\":\"https:\/\/schema.org\",\"@graph\":[{\"@type\":\"WebPage\",\"@id\":\"https:\/\/adcelectronique.com\/index.php\/product\/station-de-soudurea-air-chaud-proskit-ss-989\/\",\"url\":\"https:\/\/adcelectronique.com\/index.php\/product\/station-de-soudurea-air-chaud-proskit-ss-989\/\",\"name\":\"STATION DE SOUDURE\u00c0 AIR CHAUD PROSKIT SS-989 - ADC Electronique\",\"isPartOf\":{\"@id\":\"https:\/\/adcelectronique.com\/#website\"},\"primaryImageOfPage\":{\"@id\":\"https:\/\/adcelectronique.com\/index.php\/product\/station-de-soudurea-air-chaud-proskit-ss-989\/#primaryimage\"},\"image\":{\"@id\":\"https:\/\/adcelectronique.com\/index.php\/product\/station-de-soudurea-air-chaud-proskit-ss-989\/#primaryimage\"},\"thumbnailUrl\":\"https:\/\/adcelectronique.com\/wp-content\/uploads\/2026\/01\/SS989B-pix3-2-600x600-1.jpg\",\"datePublished\":\"2026-01-26T08:17:05+00:00\",\"dateModified\":\"2026-02-08T15:13:53+00:00\",\"description\":\"\u00a0STATION DE SOUDURE\u00c0 AIR CHAUD PROSKIT SS-989Pro'sKit SS-989 2 en 1 Station de Soudure 700W Station de Rechargement SMD Sans Plomb Pistolet \u00e0 Air Chaud avec Fer \u00e0 Souder Refroidissement existent Outil De R\u00e9paration.\",\"breadcrumb\":{\"@id\":\"https:\/\/adcelectronique.com\/index.php\/product\/station-de-soudurea-air-chaud-proskit-ss-989\/#breadcrumb\"},\"inLanguage\":\"fr-FR\",\"potentialAction\":[{\"@type\":\"ReadAction\",\"target\":[\"https:\/\/adcelectronique.com\/index.php\/product\/station-de-soudurea-air-chaud-proskit-ss-989\/\"]}]},{\"@type\":\"ImageObject\",\"inLanguage\":\"fr-FR\",\"@id\":\"https:\/\/adcelectronique.com\/index.php\/product\/station-de-soudurea-air-chaud-proskit-ss-989\/#primaryimage\",\"url\":\"https:\/\/adcelectronique.com\/wp-content\/uploads\/2026\/01\/SS989B-pix3-2-600x600-1.jpg\",\"contentUrl\":\"https:\/\/adcelectronique.com\/wp-content\/uploads\/2026\/01\/SS989B-pix3-2-600x600-1.jpg\",\"width\":600,\"height\":600},{\"@type\":\"BreadcrumbList\",\"@id\":\"https:\/\/adcelectronique.com\/index.php\/product\/station-de-soudurea-air-chaud-proskit-ss-989\/#breadcrumb\",\"itemListElement\":[{\"@type\":\"ListItem\",\"position\":1,\"name\":\"Home\",\"item\":\"https:\/\/adcelectronique.com\/\"},{\"@type\":\"ListItem\",\"position\":2,\"name\":\"Shop\",\"item\":\"https:\/\/adcelectronique.com\/index.php\/shop\/\"},{\"@type\":\"ListItem\",\"position\":3,\"name\":\"STATION DE SOUDURE\u00c0 AIR CHAUD PROSKIT SS-989\"}]},{\"@type\":\"WebSite\",\"@id\":\"https:\/\/adcelectronique.com\/#website\",\"url\":\"https:\/\/adcelectronique.com\/\",\"name\":\"ADC Electronique\",\"description\":\"\",\"potentialAction\":[{\"@type\":\"SearchAction\",\"target\":{\"@type\":\"EntryPoint\",\"urlTemplate\":\"https:\/\/adcelectronique.com\/?s={search_term_string}\"},\"query-input\":{\"@type\":\"PropertyValueSpecification\",\"valueRequired\":true,\"valueName\":\"search_term_string\"}}],\"inLanguage\":\"fr-FR\"}]}<\/script>\n<!-- \/ Yoast SEO Premium plugin. -->","yoast_head_json":{"title":"STATION DE SOUDURE\u00c0 AIR CHAUD PROSKIT SS-989 - ADC Electronique","description":"\u00a0STATION DE SOUDURE\u00c0 AIR CHAUD PROSKIT SS-989Pro'sKit SS-989 2 en 1 Station de Soudure 700W Station de Rechargement SMD Sans Plomb Pistolet \u00e0 Air Chaud avec Fer \u00e0 Souder Refroidissement existent Outil De R\u00e9paration.","robots":{"index":"index","follow":"follow","max-snippet":"max-snippet:-1","max-image-preview":"max-image-preview:large","max-video-preview":"max-video-preview:-1"},"canonical":"https:\/\/adcelectronique.com\/index.php\/product\/station-de-soudurea-air-chaud-proskit-ss-989\/","og_locale":"fr_FR","og_type":"article","og_title":"STATION DE SOUDURE\u00c0 AIR CHAUD PROSKIT SS-989","og_description":"\u00a0STATION DE SOUDURE\u00c0 AIR CHAUD PROSKIT SS-989Pro'sKit SS-989 2 en 1 Station de Soudure 700W Station de Rechargement SMD Sans Plomb Pistolet \u00e0 Air Chaud avec Fer \u00e0 Souder Refroidissement existent Outil De R\u00e9paration.","og_url":"https:\/\/adcelectronique.com\/index.php\/product\/station-de-soudurea-air-chaud-proskit-ss-989\/","og_site_name":"ADC Electronique","article_modified_time":"2026-02-08T15:13:53+00:00","og_image":[{"width":600,"height":600,"url":"https:\/\/adcelectronique.com\/wp-content\/uploads\/2026\/01\/SS989B-pix3-2-600x600-1.jpg","type":"image\/jpeg"}],"twitter_card":"summary_large_image","twitter_misc":{"Dur\u00e9e de lecture estim\u00e9e":"2 minutes"},"schema":{"@context":"https:\/\/schema.org","@graph":[{"@type":"WebPage","@id":"https:\/\/adcelectronique.com\/index.php\/product\/station-de-soudurea-air-chaud-proskit-ss-989\/","url":"https:\/\/adcelectronique.com\/index.php\/product\/station-de-soudurea-air-chaud-proskit-ss-989\/","name":"STATION DE SOUDURE\u00c0 AIR CHAUD PROSKIT SS-989 - ADC Electronique","isPartOf":{"@id":"https:\/\/adcelectronique.com\/#website"},"primaryImageOfPage":{"@id":"https:\/\/adcelectronique.com\/index.php\/product\/station-de-soudurea-air-chaud-proskit-ss-989\/#primaryimage"},"image":{"@id":"https:\/\/adcelectronique.com\/index.php\/product\/station-de-soudurea-air-chaud-proskit-ss-989\/#primaryimage"},"thumbnailUrl":"https:\/\/adcelectronique.com\/wp-content\/uploads\/2026\/01\/SS989B-pix3-2-600x600-1.jpg","datePublished":"2026-01-26T08:17:05+00:00","dateModified":"2026-02-08T15:13:53+00:00","description":"\u00a0STATION DE SOUDURE\u00c0 AIR CHAUD PROSKIT SS-989Pro'sKit SS-989 2 en 1 Station de Soudure 700W Station de Rechargement SMD Sans Plomb Pistolet \u00e0 Air Chaud avec Fer \u00e0 Souder Refroidissement existent Outil De R\u00e9paration.","breadcrumb":{"@id":"https:\/\/adcelectronique.com\/index.php\/product\/station-de-soudurea-air-chaud-proskit-ss-989\/#breadcrumb"},"inLanguage":"fr-FR","potentialAction":[{"@type":"ReadAction","target":["https:\/\/adcelectronique.com\/index.php\/product\/station-de-soudurea-air-chaud-proskit-ss-989\/"]}]},{"@type":"ImageObject","inLanguage":"fr-FR","@id":"https:\/\/adcelectronique.com\/index.php\/product\/station-de-soudurea-air-chaud-proskit-ss-989\/#primaryimage","url":"https:\/\/adcelectronique.com\/wp-content\/uploads\/2026\/01\/SS989B-pix3-2-600x600-1.jpg","contentUrl":"https:\/\/adcelectronique.com\/wp-content\/uploads\/2026\/01\/SS989B-pix3-2-600x600-1.jpg","width":600,"height":600},{"@type":"BreadcrumbList","@id":"https:\/\/adcelectronique.com\/index.php\/product\/station-de-soudurea-air-chaud-proskit-ss-989\/#breadcrumb","itemListElement":[{"@type":"ListItem","position":1,"name":"Home","item":"https:\/\/adcelectronique.com\/"},{"@type":"ListItem","position":2,"name":"Shop","item":"https:\/\/adcelectronique.com\/index.php\/shop\/"},{"@type":"ListItem","position":3,"name":"STATION DE SOUDURE\u00c0 AIR CHAUD PROSKIT SS-989"}]},{"@type":"WebSite","@id":"https:\/\/adcelectronique.com\/#website","url":"https:\/\/adcelectronique.com\/","name":"ADC Electronique","description":"","potentialAction":[{"@type":"SearchAction","target":{"@type":"EntryPoint","urlTemplate":"https:\/\/adcelectronique.com\/?s={search_term_string}"},"query-input":{"@type":"PropertyValueSpecification","valueRequired":true,"valueName":"search_term_string"}}],"inLanguage":"fr-FR"}]}},"_links":{"self":[{"href":"https:\/\/adcelectronique.com\/index.php\/wp-json\/wp\/v2\/product\/10378","targetHints":{"allow":["GET"]}}],"collection":[{"href":"https:\/\/adcelectronique.com\/index.php\/wp-json\/wp\/v2\/product"}],"about":[{"href":"https:\/\/adcelectronique.com\/index.php\/wp-json\/wp\/v2\/types\/product"}],"replies":[{"embeddable":true,"href":"https:\/\/adcelectronique.com\/index.php\/wp-json\/wp\/v2\/comments?post=10378"}],"version-history":[{"count":0,"href":"https:\/\/adcelectronique.com\/index.php\/wp-json\/wp\/v2\/product\/10378\/revisions"}],"wp:featuredmedia":[{"embeddable":true,"href":"https:\/\/adcelectronique.com\/index.php\/wp-json\/wp\/v2\/media\/10385"}],"wp:attachment":[{"href":"https:\/\/adcelectronique.com\/index.php\/wp-json\/wp\/v2\/media?parent=10378"}],"wp:term":[{"taxonomy":"product_brand","embeddable":true,"href":"https:\/\/adcelectronique.com\/index.php\/wp-json\/wp\/v2\/product_brand?post=10378"},{"taxonomy":"product_cat","embeddable":true,"href":"https:\/\/adcelectronique.com\/index.php\/wp-json\/wp\/v2\/product_cat?post=10378"},{"taxonomy":"product_tag","embeddable":true,"href":"https:\/\/adcelectronique.com\/index.php\/wp-json\/wp\/v2\/product_tag?post=10378"}],"curies":[{"name":"wp","href":"https:\/\/api.w.org\/{rel}","templated":true}]}}