{"id":10387,"date":"2026-01-26T08:30:13","date_gmt":"2026-01-26T08:30:13","guid":{"rendered":"https:\/\/adcelectronique.com\/?post_type=product&#038;p=10387"},"modified":"2026-01-26T08:30:14","modified_gmt":"2026-01-26T08:30:14","slug":"fer-a-souder-proskit-220v-40w","status":"publish","type":"product","link":"https:\/\/adcelectronique.com\/index.php\/product\/fer-a-souder-proskit-220v-40w\/","title":{"rendered":"Fer \u00e0 Souder Pro&rsquo;sKit 220V\/40W"},"content":{"rendered":"<h1>\u00a0 \u00a0 \u00a0 \u00a0 \u00a0 \u00a0 \u00a0 \u00a0 \u00a0 \u00a0 \u00a0 \u00a0 \u00a0 \u00a0Fer \u00e0 souder Pro&rsquo;sKit 220V\/40W<\/h1>\n<p>Ce fer \u00e0 souder \u00e9lectrique Pro&rsquo;sKit, mod\u00e8le 220V\/40W, est un outil indispensable pour les travaux \u00e9lectroniques de pr\u00e9cision. Id\u00e9al pour les amateurs et les professionnels, il offre une performance fiable et efficace pour diverses applications de soudure.<\/p>\n<h2>Caract\u00e9ristiques principales:<\/h2>\n<ul>\n<li>Puissance: 40W<\/li>\n<li>Tension: 220V<\/li>\n<li>Type de fiche: Prise Europ\u00e9enne 2 broches rondes<\/li>\n<li>Marque: Pro&rsquo;sKit<\/li>\n<\/ul>\n<h2>Fonctionnement et utilisations:<\/h2>\n<p>Ce fer \u00e0 souder est con\u00e7u pour une utilisation simple et intuitive. Sa puissance de 40W permet une chauffe rapide et une temp\u00e9rature de travail stable, id\u00e9ale pour la soudure de composants \u00e9lectroniques d\u00e9licats. Il est parfait pour une vari\u00e9t\u00e9 de t\u00e2ches, incluant la r\u00e9paration de circuits imprim\u00e9s, le montage de composants et autres travaux de soudure.<\/p>\n<p>&nbsp;<\/p>\n<p>&nbsp;<\/p>\n<p>&nbsp;<\/p>\n","protected":false},"excerpt":{"rendered":"<p>Ce fer \u00e0 souder \u00e9lectrique Pro&rsquo;sKit, mod\u00e8le 220V\/40W, est un outil indispensable pour les travaux \u00e9lectroniques de pr\u00e9cision. Id\u00e9al pour les amateurs et les professionnels, il offre une performance fiable et efficace pour diverses applications de soudure.<\/p>\n<h2>Caract\u00e9ristiques principales:<\/h2>\n<ul>\n<li>Puissance: 40W<\/li>\n<li>Tension: 220V<\/li>\n<li>Type de fiche: Prise Europ\u00e9enne 2 broches rondes<\/li>\n<li>Marque: Pro&rsquo;sKit<\/li>\n<\/ul>\n<h2>Fonctionnement et utilisations:<\/h2>\n<p>Ce fer \u00e0 souder est con\u00e7u pour une utilisation simple et intuitive. Sa puissance de 40W permet une chauffe rapide et une temp\u00e9rature de travail stable, id\u00e9ale pour la soudure de composants \u00e9lectroniques d\u00e9licats. Il est parfait pour une vari\u00e9t\u00e9 de t\u00e2ches, incluant la r\u00e9paration de circuits imprim\u00e9s, le montage de composants et autres travaux de soudure.<\/p>\n","protected":false},"featured_media":10388,"comment_status":"open","ping_status":"closed","template":"","meta":[],"product_brand":[121],"product_cat":[63,132],"product_tag":[],"class_list":{"0":"post-10387","1":"product","2":"type-product","3":"status-publish","4":"has-post-thumbnail","6":"product_brand-pros-kit","7":"product_cat-accessories","8":"product_cat-station-de-soudure","10":"first","11":"instock","12":"shipping-taxable","13":"purchasable","14":"product-type-simple"},"yoast_head":"<!-- This site is optimized with the Yoast SEO Premium plugin v26.2 (Yoast SEO v26.2) - https:\/\/yoast.com\/wordpress\/plugins\/seo\/ -->\n<title>Fer \u00e0 Souder Pro&#039;sKit 220V\/40W - ADC Electronique<\/title>\n<meta name=\"description\" content=\"Ce fer \u00e0 souder \u00e9lectrique Pro&#039;sKit, mod\u00e8le 220V\/40W, est un outil indispensable pour les travaux \u00e9lectroniques de pr\u00e9cision. Id\u00e9al pour les amateurs et les professionnels, il offre une performance fiable et efficace pour diverses applications de soudure.Caract\u00e9ristiques principales:Puissance: 40WTension: 220VType de fiche: Prise Europ\u00e9enne 2 broches rondesMarque: Pro&#039;sKitFonctionnement et utilisations:Ce fer \u00e0 souder est con\u00e7u pour une utilisation simple et intuitive. Sa puissance de 40W permet une chauffe rapide et une temp\u00e9rature de travail stable, id\u00e9ale pour la soudure de composants \u00e9lectroniques d\u00e9licats. Il est parfait pour une vari\u00e9t\u00e9 de t\u00e2ches, incluant la r\u00e9paration de circuits imprim\u00e9s, le montage de composants et autres travaux de soudure.\" \/>\n<meta name=\"robots\" content=\"index, follow, max-snippet:-1, max-image-preview:large, max-video-preview:-1\" \/>\n<link rel=\"canonical\" href=\"https:\/\/adcelectronique.com\/index.php\/product\/fer-a-souder-proskit-220v-40w\/\" \/>\n<meta property=\"og:locale\" content=\"fr_FR\" \/>\n<meta property=\"og:type\" content=\"article\" \/>\n<meta property=\"og:title\" content=\"Fer \u00e0 Souder Pro&#039;sKit 220V\/40W\" \/>\n<meta property=\"og:description\" content=\"Ce fer \u00e0 souder \u00e9lectrique Pro&#039;sKit, mod\u00e8le 220V\/40W, est un outil indispensable pour les travaux \u00e9lectroniques de pr\u00e9cision. Id\u00e9al pour les amateurs et les professionnels, il offre une performance fiable et efficace pour diverses applications de soudure.Caract\u00e9ristiques principales:Puissance: 40WTension: 220VType de fiche: Prise Europ\u00e9enne 2 broches rondesMarque: Pro&#039;sKitFonctionnement et utilisations:Ce fer \u00e0 souder est con\u00e7u pour une utilisation simple et intuitive. Sa puissance de 40W permet une chauffe rapide et une temp\u00e9rature de travail stable, id\u00e9ale pour la soudure de composants \u00e9lectroniques d\u00e9licats. Il est parfait pour une vari\u00e9t\u00e9 de t\u00e2ches, incluant la r\u00e9paration de circuits imprim\u00e9s, le montage de composants et autres travaux de soudure.\" \/>\n<meta property=\"og:url\" content=\"https:\/\/adcelectronique.com\/index.php\/product\/fer-a-souder-proskit-220v-40w\/\" \/>\n<meta property=\"og:site_name\" content=\"ADC Electronique\" \/>\n<meta property=\"article:modified_time\" content=\"2026-01-26T08:30:14+00:00\" \/>\n<meta property=\"og:image\" content=\"https:\/\/adcelectronique.com\/wp-content\/uploads\/2026\/01\/40w.png\" \/>\n\t<meta property=\"og:image:width\" content=\"1200\" \/>\n\t<meta property=\"og:image:height\" content=\"1600\" \/>\n\t<meta property=\"og:image:type\" content=\"image\/png\" \/>\n<meta name=\"twitter:card\" content=\"summary_large_image\" \/>\n<meta name=\"twitter:label1\" content=\"Dur\u00e9e de lecture estim\u00e9e\" \/>\n\t<meta name=\"twitter:data1\" content=\"1 minute\" \/>\n<script type=\"application\/ld+json\" class=\"yoast-schema-graph\">{\"@context\":\"https:\/\/schema.org\",\"@graph\":[{\"@type\":\"WebPage\",\"@id\":\"https:\/\/adcelectronique.com\/index.php\/product\/fer-a-souder-proskit-220v-40w\/\",\"url\":\"https:\/\/adcelectronique.com\/index.php\/product\/fer-a-souder-proskit-220v-40w\/\",\"name\":\"Fer \u00e0 Souder Pro'sKit 220V\/40W - ADC Electronique\",\"isPartOf\":{\"@id\":\"https:\/\/adcelectronique.com\/#website\"},\"primaryImageOfPage\":{\"@id\":\"https:\/\/adcelectronique.com\/index.php\/product\/fer-a-souder-proskit-220v-40w\/#primaryimage\"},\"image\":{\"@id\":\"https:\/\/adcelectronique.com\/index.php\/product\/fer-a-souder-proskit-220v-40w\/#primaryimage\"},\"thumbnailUrl\":\"https:\/\/adcelectronique.com\/wp-content\/uploads\/2026\/01\/40w.png\",\"datePublished\":\"2026-01-26T08:30:13+00:00\",\"dateModified\":\"2026-01-26T08:30:14+00:00\",\"description\":\"Ce fer \u00e0 souder \u00e9lectrique Pro'sKit, mod\u00e8le 220V\/40W, est un outil indispensable pour les travaux \u00e9lectroniques de pr\u00e9cision. Id\u00e9al pour les amateurs et les professionnels, il offre une performance fiable et efficace pour diverses applications de soudure.Caract\u00e9ristiques principales:Puissance: 40WTension: 220VType de fiche: Prise Europ\u00e9enne 2 broches rondesMarque: Pro'sKitFonctionnement et utilisations:Ce fer \u00e0 souder est con\u00e7u pour une utilisation simple et intuitive. Sa puissance de 40W permet une chauffe rapide et une temp\u00e9rature de travail stable, id\u00e9ale pour la soudure de composants \u00e9lectroniques d\u00e9licats. Il est parfait pour une vari\u00e9t\u00e9 de t\u00e2ches, incluant la r\u00e9paration de circuits imprim\u00e9s, le montage de composants et autres travaux de soudure.\",\"breadcrumb\":{\"@id\":\"https:\/\/adcelectronique.com\/index.php\/product\/fer-a-souder-proskit-220v-40w\/#breadcrumb\"},\"inLanguage\":\"fr-FR\",\"potentialAction\":[{\"@type\":\"ReadAction\",\"target\":[\"https:\/\/adcelectronique.com\/index.php\/product\/fer-a-souder-proskit-220v-40w\/\"]}]},{\"@type\":\"ImageObject\",\"inLanguage\":\"fr-FR\",\"@id\":\"https:\/\/adcelectronique.com\/index.php\/product\/fer-a-souder-proskit-220v-40w\/#primaryimage\",\"url\":\"https:\/\/adcelectronique.com\/wp-content\/uploads\/2026\/01\/40w.png\",\"contentUrl\":\"https:\/\/adcelectronique.com\/wp-content\/uploads\/2026\/01\/40w.png\",\"width\":1200,\"height\":1600},{\"@type\":\"BreadcrumbList\",\"@id\":\"https:\/\/adcelectronique.com\/index.php\/product\/fer-a-souder-proskit-220v-40w\/#breadcrumb\",\"itemListElement\":[{\"@type\":\"ListItem\",\"position\":1,\"name\":\"Home\",\"item\":\"https:\/\/adcelectronique.com\/\"},{\"@type\":\"ListItem\",\"position\":2,\"name\":\"Shop\",\"item\":\"https:\/\/adcelectronique.com\/index.php\/shop\/\"},{\"@type\":\"ListItem\",\"position\":3,\"name\":\"Fer \u00e0 Souder Pro&rsquo;sKit 220V\/40W\"}]},{\"@type\":\"WebSite\",\"@id\":\"https:\/\/adcelectronique.com\/#website\",\"url\":\"https:\/\/adcelectronique.com\/\",\"name\":\"ADC Electronique\",\"description\":\"\",\"potentialAction\":[{\"@type\":\"SearchAction\",\"target\":{\"@type\":\"EntryPoint\",\"urlTemplate\":\"https:\/\/adcelectronique.com\/?s={search_term_string}\"},\"query-input\":{\"@type\":\"PropertyValueSpecification\",\"valueRequired\":true,\"valueName\":\"search_term_string\"}}],\"inLanguage\":\"fr-FR\"}]}<\/script>\n<!-- \/ Yoast SEO Premium plugin. -->","yoast_head_json":{"title":"Fer \u00e0 Souder Pro'sKit 220V\/40W - ADC Electronique","description":"Ce fer \u00e0 souder \u00e9lectrique Pro'sKit, mod\u00e8le 220V\/40W, est un outil indispensable pour les travaux \u00e9lectroniques de pr\u00e9cision. Id\u00e9al pour les amateurs et les professionnels, il offre une performance fiable et efficace pour diverses applications de soudure.Caract\u00e9ristiques principales:Puissance: 40WTension: 220VType de fiche: Prise Europ\u00e9enne 2 broches rondesMarque: Pro'sKitFonctionnement et utilisations:Ce fer \u00e0 souder est con\u00e7u pour une utilisation simple et intuitive. Sa puissance de 40W permet une chauffe rapide et une temp\u00e9rature de travail stable, id\u00e9ale pour la soudure de composants \u00e9lectroniques d\u00e9licats. Il est parfait pour une vari\u00e9t\u00e9 de t\u00e2ches, incluant la r\u00e9paration de circuits imprim\u00e9s, le montage de composants et autres travaux de soudure.","robots":{"index":"index","follow":"follow","max-snippet":"max-snippet:-1","max-image-preview":"max-image-preview:large","max-video-preview":"max-video-preview:-1"},"canonical":"https:\/\/adcelectronique.com\/index.php\/product\/fer-a-souder-proskit-220v-40w\/","og_locale":"fr_FR","og_type":"article","og_title":"Fer \u00e0 Souder Pro'sKit 220V\/40W","og_description":"Ce fer \u00e0 souder \u00e9lectrique Pro'sKit, mod\u00e8le 220V\/40W, est un outil indispensable pour les travaux \u00e9lectroniques de pr\u00e9cision. Id\u00e9al pour les amateurs et les professionnels, il offre une performance fiable et efficace pour diverses applications de soudure.Caract\u00e9ristiques principales:Puissance: 40WTension: 220VType de fiche: Prise Europ\u00e9enne 2 broches rondesMarque: Pro'sKitFonctionnement et utilisations:Ce fer \u00e0 souder est con\u00e7u pour une utilisation simple et intuitive. Sa puissance de 40W permet une chauffe rapide et une temp\u00e9rature de travail stable, id\u00e9ale pour la soudure de composants \u00e9lectroniques d\u00e9licats. Il est parfait pour une vari\u00e9t\u00e9 de t\u00e2ches, incluant la r\u00e9paration de circuits imprim\u00e9s, le montage de composants et autres travaux de soudure.","og_url":"https:\/\/adcelectronique.com\/index.php\/product\/fer-a-souder-proskit-220v-40w\/","og_site_name":"ADC Electronique","article_modified_time":"2026-01-26T08:30:14+00:00","og_image":[{"width":1200,"height":1600,"url":"https:\/\/adcelectronique.com\/wp-content\/uploads\/2026\/01\/40w.png","type":"image\/png"}],"twitter_card":"summary_large_image","twitter_misc":{"Dur\u00e9e de lecture estim\u00e9e":"1 minute"},"schema":{"@context":"https:\/\/schema.org","@graph":[{"@type":"WebPage","@id":"https:\/\/adcelectronique.com\/index.php\/product\/fer-a-souder-proskit-220v-40w\/","url":"https:\/\/adcelectronique.com\/index.php\/product\/fer-a-souder-proskit-220v-40w\/","name":"Fer \u00e0 Souder Pro'sKit 220V\/40W - ADC Electronique","isPartOf":{"@id":"https:\/\/adcelectronique.com\/#website"},"primaryImageOfPage":{"@id":"https:\/\/adcelectronique.com\/index.php\/product\/fer-a-souder-proskit-220v-40w\/#primaryimage"},"image":{"@id":"https:\/\/adcelectronique.com\/index.php\/product\/fer-a-souder-proskit-220v-40w\/#primaryimage"},"thumbnailUrl":"https:\/\/adcelectronique.com\/wp-content\/uploads\/2026\/01\/40w.png","datePublished":"2026-01-26T08:30:13+00:00","dateModified":"2026-01-26T08:30:14+00:00","description":"Ce fer \u00e0 souder \u00e9lectrique Pro'sKit, mod\u00e8le 220V\/40W, est un outil indispensable pour les travaux \u00e9lectroniques de pr\u00e9cision. Id\u00e9al pour les amateurs et les professionnels, il offre une performance fiable et efficace pour diverses applications de soudure.Caract\u00e9ristiques principales:Puissance: 40WTension: 220VType de fiche: Prise Europ\u00e9enne 2 broches rondesMarque: Pro'sKitFonctionnement et utilisations:Ce fer \u00e0 souder est con\u00e7u pour une utilisation simple et intuitive. Sa puissance de 40W permet une chauffe rapide et une temp\u00e9rature de travail stable, id\u00e9ale pour la soudure de composants \u00e9lectroniques d\u00e9licats. Il est parfait pour une vari\u00e9t\u00e9 de t\u00e2ches, incluant la r\u00e9paration de circuits imprim\u00e9s, le montage de composants et autres travaux de soudure.","breadcrumb":{"@id":"https:\/\/adcelectronique.com\/index.php\/product\/fer-a-souder-proskit-220v-40w\/#breadcrumb"},"inLanguage":"fr-FR","potentialAction":[{"@type":"ReadAction","target":["https:\/\/adcelectronique.com\/index.php\/product\/fer-a-souder-proskit-220v-40w\/"]}]},{"@type":"ImageObject","inLanguage":"fr-FR","@id":"https:\/\/adcelectronique.com\/index.php\/product\/fer-a-souder-proskit-220v-40w\/#primaryimage","url":"https:\/\/adcelectronique.com\/wp-content\/uploads\/2026\/01\/40w.png","contentUrl":"https:\/\/adcelectronique.com\/wp-content\/uploads\/2026\/01\/40w.png","width":1200,"height":1600},{"@type":"BreadcrumbList","@id":"https:\/\/adcelectronique.com\/index.php\/product\/fer-a-souder-proskit-220v-40w\/#breadcrumb","itemListElement":[{"@type":"ListItem","position":1,"name":"Home","item":"https:\/\/adcelectronique.com\/"},{"@type":"ListItem","position":2,"name":"Shop","item":"https:\/\/adcelectronique.com\/index.php\/shop\/"},{"@type":"ListItem","position":3,"name":"Fer \u00e0 Souder Pro&rsquo;sKit 220V\/40W"}]},{"@type":"WebSite","@id":"https:\/\/adcelectronique.com\/#website","url":"https:\/\/adcelectronique.com\/","name":"ADC Electronique","description":"","potentialAction":[{"@type":"SearchAction","target":{"@type":"EntryPoint","urlTemplate":"https:\/\/adcelectronique.com\/?s={search_term_string}"},"query-input":{"@type":"PropertyValueSpecification","valueRequired":true,"valueName":"search_term_string"}}],"inLanguage":"fr-FR"}]}},"_links":{"self":[{"href":"https:\/\/adcelectronique.com\/index.php\/wp-json\/wp\/v2\/product\/10387","targetHints":{"allow":["GET"]}}],"collection":[{"href":"https:\/\/adcelectronique.com\/index.php\/wp-json\/wp\/v2\/product"}],"about":[{"href":"https:\/\/adcelectronique.com\/index.php\/wp-json\/wp\/v2\/types\/product"}],"replies":[{"embeddable":true,"href":"https:\/\/adcelectronique.com\/index.php\/wp-json\/wp\/v2\/comments?post=10387"}],"version-history":[{"count":0,"href":"https:\/\/adcelectronique.com\/index.php\/wp-json\/wp\/v2\/product\/10387\/revisions"}],"wp:featuredmedia":[{"embeddable":true,"href":"https:\/\/adcelectronique.com\/index.php\/wp-json\/wp\/v2\/media\/10388"}],"wp:attachment":[{"href":"https:\/\/adcelectronique.com\/index.php\/wp-json\/wp\/v2\/media?parent=10387"}],"wp:term":[{"taxonomy":"product_brand","embeddable":true,"href":"https:\/\/adcelectronique.com\/index.php\/wp-json\/wp\/v2\/product_brand?post=10387"},{"taxonomy":"product_cat","embeddable":true,"href":"https:\/\/adcelectronique.com\/index.php\/wp-json\/wp\/v2\/product_cat?post=10387"},{"taxonomy":"product_tag","embeddable":true,"href":"https:\/\/adcelectronique.com\/index.php\/wp-json\/wp\/v2\/product_tag?post=10387"}],"curies":[{"name":"wp","href":"https:\/\/api.w.org\/{rel}","templated":true}]}}