{"id":10394,"date":"2026-01-26T08:36:47","date_gmt":"2026-01-26T08:36:47","guid":{"rendered":"https:\/\/adcelectronique.com\/?post_type=product&#038;p=10394"},"modified":"2026-01-26T08:36:48","modified_gmt":"2026-01-26T08:36:48","slug":"fer-a-souder-proskit-220v-30w","status":"publish","type":"product","link":"https:\/\/adcelectronique.com\/index.php\/product\/fer-a-souder-proskit-220v-30w\/","title":{"rendered":"Fer \u00e0 Souder Pro&rsquo;sKit 220V\/30W"},"content":{"rendered":"<h2>\u00a0 \u00a0 \u00a0 \u00a0 \u00a0 \u00a0 \u00a0 \u00a0 \u00a0 \u00a0 \u00a0 \u00a0 \u00a0 \u00a0 \u00a0 \u00a0 \u00a0 \u00a0 \u00a0 \u00a0 \u00a0Fer \u00e0 Souder Pro&rsquo;sKit 220V\/30W<\/h2>\n<h2 class=\"default\">Description du produit<\/h2>\n<div id=\"productDescription\" class=\"a-section a-spacing-small\">\n<p>Fer \u00e0 souder type crayon 220 V\/30 W HRV120 Proskit. Fer \u00e0 souder autonome, pointes 0,5 mm (2 incluses). R\u00e9sistance m\u00e9tallique 30 W, taille 240 mm, Temp. Maximum 440 \u00b0C +\/- 10 %<\/p>\n<\/div>\n<div class=\"a-row\">\n<div class=\"a-column a-span6\">\n<h1 class=\"a-size-medium a-spacing-small\">Descriptif technique<\/h1>\n<\/div>\n<\/div>\n<div class=\"a-expander-content a-expander-extend-content\" data-expanded=\"true\">\n<div class=\"a-row a-expander-container a-expander-inline-container\">\n<div class=\"a-expander-content a-expander-section-content a-section-expander-inner\" data-expanded=\"true\">\n<table id=\"productDetails_techSpec_section_1\" class=\"a-keyvalue prodDetTable\">\n<tbody>\n<tr>\n<th class=\"a-color-secondary a-size-base prodDetSectionEntry\">Fabricant<\/th>\n<td class=\"a-size-base prodDetAttrValue\">\u200eProskit<\/td>\n<\/tr>\n<tr>\n<th class=\"a-color-secondary a-size-base prodDetSectionEntry\">Dimensions du produit (L x l x h)<\/th>\n<td class=\"a-size-base prodDetAttrValue\">\u200e1 x 1 x 1 cm; 230 grammes<\/td>\n<\/tr>\n<tr>\n<th class=\"a-color-secondary a-size-base prodDetSectionEntry\">R\u00e9f\u00e9rence<\/th>\n<td class=\"a-size-base prodDetAttrValue\">\u200e02122<\/td>\n<\/tr>\n<tr>\n<th class=\"a-color-secondary a-size-base prodDetSectionEntry\">Style<\/th>\n<td class=\"a-size-base prodDetAttrValue\">\u200eFer \u00e0 repasser<\/td>\n<\/tr>\n<tr>\n<th class=\"a-color-secondary a-size-base prodDetSectionEntry\">Type d&rsquo;alimentation<\/th>\n<td class=\"a-size-base prodDetAttrValue\">\u200eC\u00e2ble \u00e9lectrique<\/td>\n<\/tr>\n<tr>\n<th class=\"a-color-secondary a-size-base prodDetSectionEntry\">Watt<\/th>\n<td class=\"a-size-base prodDetAttrValue\">\u200e30 Watts<\/td>\n<\/tr>\n<tr>\n<th class=\"a-color-secondary a-size-base prodDetSectionEntry\">Quantit\u00e9 d&rsquo;articles<\/th>\n<td class=\"a-size-base prodDetAttrValue\">\u200e1<\/td>\n<\/tr>\n<tr>\n<th class=\"a-color-secondary a-size-base prodDetSectionEntry\">Type de t\u00eate<\/th>\n<td class=\"a-size-base prodDetAttrValue\">\u200eCrayon<\/td>\n<\/tr>\n<tr>\n<th class=\"a-color-secondary a-size-base prodDetSectionEntry\">Fonctions sp\u00e9ciales<\/th>\n<td class=\"a-size-base prodDetAttrValue\">\u200eAutonome avec embouts interchangeables<\/td>\n<\/tr>\n<tr>\n<th class=\"a-color-secondary a-size-base prodDetSectionEntry\">Composants inclus<\/th>\n<td class=\"a-size-base prodDetAttrValue\">\u200eFer \u00e0 souder type crayon 220 V\/30 W HRV120 PROSKIT<\/td>\n<\/tr>\n<tr>\n<th class=\"a-color-secondary a-size-base prodDetSectionEntry\">Batterie(s) \/ Pile(s) requise(s)<\/th>\n<td class=\"a-size-base prodDetAttrValue\">\u200eNon<\/td>\n<\/tr>\n<tr>\n<th class=\"a-color-secondary a-size-base prodDetSectionEntry\">Disponibilit\u00e9 des pi\u00e8ces d\u00e9tach\u00e9es<\/th>\n<td class=\"a-size-base prodDetAttrValue\">\u200eInformation indisponible sur les pi\u00e8ces d\u00e9tach\u00e9es<\/td>\n<\/tr>\n<\/tbody>\n<\/table>\n<\/div>\n<\/div>\n<\/div>\n","protected":false},"excerpt":{"rendered":"<h2 class=\"default\">Description du produit<\/h2>\n<div id=\"productDescription\" class=\"a-section a-spacing-small\">\n<p>Fer \u00e0 souder type crayon 220 V\/30 W HRV120 Proskit. Fer \u00e0 souder autonome, pointes 0,5 mm (2 incluses). R\u00e9sistance m\u00e9tallique 30 W, taille 240 mm, Temp. Maximum 440 \u00b0C +\/- 10 %<\/p>\n<\/div>\n","protected":false},"featured_media":10396,"comment_status":"open","ping_status":"closed","template":"","meta":[],"product_brand":[121],"product_cat":[63,132],"product_tag":[],"class_list":{"0":"post-10394","1":"product","2":"type-product","3":"status-publish","4":"has-post-thumbnail","6":"product_brand-pros-kit","7":"product_cat-accessories","8":"product_cat-station-de-soudure","10":"first","11":"instock","12":"shipping-taxable","13":"purchasable","14":"product-type-simple"},"yoast_head":"<!-- This site is optimized with the Yoast SEO Premium plugin v26.2 (Yoast SEO v26.2) - https:\/\/yoast.com\/wordpress\/plugins\/seo\/ -->\n<title>Fer \u00e0 Souder Pro&#039;sKit 220V\/30W - ADC Electronique<\/title>\n<meta name=\"description\" content=\"Description du produitFer \u00e0 souder type crayon 220 V\/30 W HRV120 Proskit. Fer \u00e0 souder autonome, pointes 0,5 mm (2 incluses). R\u00e9sistance m\u00e9tallique 30 W, taille 240 mm, Temp. Maximum 440 \u00b0C +\/- 10 %\" \/>\n<meta name=\"robots\" content=\"index, follow, max-snippet:-1, max-image-preview:large, max-video-preview:-1\" \/>\n<link rel=\"canonical\" href=\"https:\/\/adcelectronique.com\/index.php\/product\/fer-a-souder-proskit-220v-30w\/\" \/>\n<meta property=\"og:locale\" content=\"fr_FR\" \/>\n<meta property=\"og:type\" content=\"article\" \/>\n<meta property=\"og:title\" content=\"Fer \u00e0 Souder Pro&#039;sKit 220V\/30W\" \/>\n<meta property=\"og:description\" content=\"Description du produitFer \u00e0 souder type crayon 220 V\/30 W HRV120 Proskit. Fer \u00e0 souder autonome, pointes 0,5 mm (2 incluses). R\u00e9sistance m\u00e9tallique 30 W, taille 240 mm, Temp. Maximum 440 \u00b0C +\/- 10 %\" \/>\n<meta property=\"og:url\" content=\"https:\/\/adcelectronique.com\/index.php\/product\/fer-a-souder-proskit-220v-30w\/\" \/>\n<meta property=\"og:site_name\" content=\"ADC Electronique\" \/>\n<meta property=\"article:modified_time\" content=\"2026-01-26T08:36:48+00:00\" \/>\n<meta property=\"og:image\" content=\"https:\/\/adcelectronique.com\/wp-content\/uploads\/2026\/01\/30w-p.jpg\" \/>\n\t<meta property=\"og:image:width\" content=\"1000\" \/>\n\t<meta property=\"og:image:height\" content=\"1000\" \/>\n\t<meta property=\"og:image:type\" content=\"image\/jpeg\" \/>\n<meta name=\"twitter:card\" content=\"summary_large_image\" \/>\n<meta name=\"twitter:label1\" content=\"Dur\u00e9e de lecture estim\u00e9e\" \/>\n\t<meta name=\"twitter:data1\" content=\"1 minute\" \/>\n<script type=\"application\/ld+json\" class=\"yoast-schema-graph\">{\"@context\":\"https:\/\/schema.org\",\"@graph\":[{\"@type\":\"WebPage\",\"@id\":\"https:\/\/adcelectronique.com\/index.php\/product\/fer-a-souder-proskit-220v-30w\/\",\"url\":\"https:\/\/adcelectronique.com\/index.php\/product\/fer-a-souder-proskit-220v-30w\/\",\"name\":\"Fer \u00e0 Souder Pro'sKit 220V\/30W - ADC Electronique\",\"isPartOf\":{\"@id\":\"https:\/\/adcelectronique.com\/#website\"},\"primaryImageOfPage\":{\"@id\":\"https:\/\/adcelectronique.com\/index.php\/product\/fer-a-souder-proskit-220v-30w\/#primaryimage\"},\"image\":{\"@id\":\"https:\/\/adcelectronique.com\/index.php\/product\/fer-a-souder-proskit-220v-30w\/#primaryimage\"},\"thumbnailUrl\":\"https:\/\/adcelectronique.com\/wp-content\/uploads\/2026\/01\/30w-p.jpg\",\"datePublished\":\"2026-01-26T08:36:47+00:00\",\"dateModified\":\"2026-01-26T08:36:48+00:00\",\"description\":\"Description du produitFer \u00e0 souder type crayon 220 V\/30 W HRV120 Proskit. Fer \u00e0 souder autonome, pointes 0,5 mm (2 incluses). R\u00e9sistance m\u00e9tallique 30 W, taille 240 mm, Temp. Maximum 440 \u00b0C +\/- 10 %\",\"breadcrumb\":{\"@id\":\"https:\/\/adcelectronique.com\/index.php\/product\/fer-a-souder-proskit-220v-30w\/#breadcrumb\"},\"inLanguage\":\"fr-FR\",\"potentialAction\":[{\"@type\":\"ReadAction\",\"target\":[\"https:\/\/adcelectronique.com\/index.php\/product\/fer-a-souder-proskit-220v-30w\/\"]}]},{\"@type\":\"ImageObject\",\"inLanguage\":\"fr-FR\",\"@id\":\"https:\/\/adcelectronique.com\/index.php\/product\/fer-a-souder-proskit-220v-30w\/#primaryimage\",\"url\":\"https:\/\/adcelectronique.com\/wp-content\/uploads\/2026\/01\/30w-p.jpg\",\"contentUrl\":\"https:\/\/adcelectronique.com\/wp-content\/uploads\/2026\/01\/30w-p.jpg\",\"width\":1000,\"height\":1000},{\"@type\":\"BreadcrumbList\",\"@id\":\"https:\/\/adcelectronique.com\/index.php\/product\/fer-a-souder-proskit-220v-30w\/#breadcrumb\",\"itemListElement\":[{\"@type\":\"ListItem\",\"position\":1,\"name\":\"Home\",\"item\":\"https:\/\/adcelectronique.com\/\"},{\"@type\":\"ListItem\",\"position\":2,\"name\":\"Shop\",\"item\":\"https:\/\/adcelectronique.com\/index.php\/shop\/\"},{\"@type\":\"ListItem\",\"position\":3,\"name\":\"Fer \u00e0 Souder Pro&rsquo;sKit 220V\/30W\"}]},{\"@type\":\"WebSite\",\"@id\":\"https:\/\/adcelectronique.com\/#website\",\"url\":\"https:\/\/adcelectronique.com\/\",\"name\":\"ADC Electronique\",\"description\":\"\",\"potentialAction\":[{\"@type\":\"SearchAction\",\"target\":{\"@type\":\"EntryPoint\",\"urlTemplate\":\"https:\/\/adcelectronique.com\/?s={search_term_string}\"},\"query-input\":{\"@type\":\"PropertyValueSpecification\",\"valueRequired\":true,\"valueName\":\"search_term_string\"}}],\"inLanguage\":\"fr-FR\"}]}<\/script>\n<!-- \/ Yoast SEO Premium plugin. -->","yoast_head_json":{"title":"Fer \u00e0 Souder Pro'sKit 220V\/30W - ADC Electronique","description":"Description du produitFer \u00e0 souder type crayon 220 V\/30 W HRV120 Proskit. Fer \u00e0 souder autonome, pointes 0,5 mm (2 incluses). R\u00e9sistance m\u00e9tallique 30 W, taille 240 mm, Temp. Maximum 440 \u00b0C +\/- 10 %","robots":{"index":"index","follow":"follow","max-snippet":"max-snippet:-1","max-image-preview":"max-image-preview:large","max-video-preview":"max-video-preview:-1"},"canonical":"https:\/\/adcelectronique.com\/index.php\/product\/fer-a-souder-proskit-220v-30w\/","og_locale":"fr_FR","og_type":"article","og_title":"Fer \u00e0 Souder Pro'sKit 220V\/30W","og_description":"Description du produitFer \u00e0 souder type crayon 220 V\/30 W HRV120 Proskit. Fer \u00e0 souder autonome, pointes 0,5 mm (2 incluses). R\u00e9sistance m\u00e9tallique 30 W, taille 240 mm, Temp. Maximum 440 \u00b0C +\/- 10 %","og_url":"https:\/\/adcelectronique.com\/index.php\/product\/fer-a-souder-proskit-220v-30w\/","og_site_name":"ADC Electronique","article_modified_time":"2026-01-26T08:36:48+00:00","og_image":[{"width":1000,"height":1000,"url":"https:\/\/adcelectronique.com\/wp-content\/uploads\/2026\/01\/30w-p.jpg","type":"image\/jpeg"}],"twitter_card":"summary_large_image","twitter_misc":{"Dur\u00e9e de lecture estim\u00e9e":"1 minute"},"schema":{"@context":"https:\/\/schema.org","@graph":[{"@type":"WebPage","@id":"https:\/\/adcelectronique.com\/index.php\/product\/fer-a-souder-proskit-220v-30w\/","url":"https:\/\/adcelectronique.com\/index.php\/product\/fer-a-souder-proskit-220v-30w\/","name":"Fer \u00e0 Souder Pro'sKit 220V\/30W - ADC Electronique","isPartOf":{"@id":"https:\/\/adcelectronique.com\/#website"},"primaryImageOfPage":{"@id":"https:\/\/adcelectronique.com\/index.php\/product\/fer-a-souder-proskit-220v-30w\/#primaryimage"},"image":{"@id":"https:\/\/adcelectronique.com\/index.php\/product\/fer-a-souder-proskit-220v-30w\/#primaryimage"},"thumbnailUrl":"https:\/\/adcelectronique.com\/wp-content\/uploads\/2026\/01\/30w-p.jpg","datePublished":"2026-01-26T08:36:47+00:00","dateModified":"2026-01-26T08:36:48+00:00","description":"Description du produitFer \u00e0 souder type crayon 220 V\/30 W HRV120 Proskit. Fer \u00e0 souder autonome, pointes 0,5 mm (2 incluses). R\u00e9sistance m\u00e9tallique 30 W, taille 240 mm, Temp. Maximum 440 \u00b0C +\/- 10 %","breadcrumb":{"@id":"https:\/\/adcelectronique.com\/index.php\/product\/fer-a-souder-proskit-220v-30w\/#breadcrumb"},"inLanguage":"fr-FR","potentialAction":[{"@type":"ReadAction","target":["https:\/\/adcelectronique.com\/index.php\/product\/fer-a-souder-proskit-220v-30w\/"]}]},{"@type":"ImageObject","inLanguage":"fr-FR","@id":"https:\/\/adcelectronique.com\/index.php\/product\/fer-a-souder-proskit-220v-30w\/#primaryimage","url":"https:\/\/adcelectronique.com\/wp-content\/uploads\/2026\/01\/30w-p.jpg","contentUrl":"https:\/\/adcelectronique.com\/wp-content\/uploads\/2026\/01\/30w-p.jpg","width":1000,"height":1000},{"@type":"BreadcrumbList","@id":"https:\/\/adcelectronique.com\/index.php\/product\/fer-a-souder-proskit-220v-30w\/#breadcrumb","itemListElement":[{"@type":"ListItem","position":1,"name":"Home","item":"https:\/\/adcelectronique.com\/"},{"@type":"ListItem","position":2,"name":"Shop","item":"https:\/\/adcelectronique.com\/index.php\/shop\/"},{"@type":"ListItem","position":3,"name":"Fer \u00e0 Souder Pro&rsquo;sKit 220V\/30W"}]},{"@type":"WebSite","@id":"https:\/\/adcelectronique.com\/#website","url":"https:\/\/adcelectronique.com\/","name":"ADC Electronique","description":"","potentialAction":[{"@type":"SearchAction","target":{"@type":"EntryPoint","urlTemplate":"https:\/\/adcelectronique.com\/?s={search_term_string}"},"query-input":{"@type":"PropertyValueSpecification","valueRequired":true,"valueName":"search_term_string"}}],"inLanguage":"fr-FR"}]}},"_links":{"self":[{"href":"https:\/\/adcelectronique.com\/index.php\/wp-json\/wp\/v2\/product\/10394","targetHints":{"allow":["GET"]}}],"collection":[{"href":"https:\/\/adcelectronique.com\/index.php\/wp-json\/wp\/v2\/product"}],"about":[{"href":"https:\/\/adcelectronique.com\/index.php\/wp-json\/wp\/v2\/types\/product"}],"replies":[{"embeddable":true,"href":"https:\/\/adcelectronique.com\/index.php\/wp-json\/wp\/v2\/comments?post=10394"}],"version-history":[{"count":0,"href":"https:\/\/adcelectronique.com\/index.php\/wp-json\/wp\/v2\/product\/10394\/revisions"}],"wp:featuredmedia":[{"embeddable":true,"href":"https:\/\/adcelectronique.com\/index.php\/wp-json\/wp\/v2\/media\/10396"}],"wp:attachment":[{"href":"https:\/\/adcelectronique.com\/index.php\/wp-json\/wp\/v2\/media?parent=10394"}],"wp:term":[{"taxonomy":"product_brand","embeddable":true,"href":"https:\/\/adcelectronique.com\/index.php\/wp-json\/wp\/v2\/product_brand?post=10394"},{"taxonomy":"product_cat","embeddable":true,"href":"https:\/\/adcelectronique.com\/index.php\/wp-json\/wp\/v2\/product_cat?post=10394"},{"taxonomy":"product_tag","embeddable":true,"href":"https:\/\/adcelectronique.com\/index.php\/wp-json\/wp\/v2\/product_tag?post=10394"}],"curies":[{"name":"wp","href":"https:\/\/api.w.org\/{rel}","templated":true}]}}