{"id":10409,"date":"2026-01-26T13:32:34","date_gmt":"2026-01-26T13:32:34","guid":{"rendered":"https:\/\/adcelectronique.com\/?post_type=product&#038;p=10409"},"modified":"2026-01-26T13:32:35","modified_gmt":"2026-01-26T13:32:35","slug":"pompe-a-dessouder-8pk-366na","status":"publish","type":"product","link":"https:\/\/adcelectronique.com\/index.php\/product\/pompe-a-dessouder-8pk-366na\/","title":{"rendered":"Pompe \u00e0 Dessouder 8PK-366NA"},"content":{"rendered":"<h2>\u00a0 \u00a0 \u00a0 \u00a0 \u00a0 \u00a0 \u00a0 \u00a0 \u00a0 \u00a0 \u00a0 \u00a0 \u00a0 \u00a0 \u00a0 \u00a0 \u00a0 \u00a0 \u00a0 \u00a0 \u00a0 \u00a0 \u00a0Pompe \u00e0 Dessouder 8PK-366NA<\/h2>\n<div class=\"a-row\">\n<div class=\"a-column a-span6\">\n<p>La pompe \u00e0 dessouder Pro&rsquo;sKit vient avec force sous vide \u00e9lev\u00e9. Il est surtout utilis\u00e9 pour les cartes de circuits imprim\u00e9s en emplois de retravailler et de r\u00e9paration de champ.<br \/>\nPro&rsquo;sKit Piston de la pompe \u00e0 dessouder 8PK-366N avec Double joints rapide et facile \u00e0 souder Sucker r\u00e9sidu 205mm<br \/>\n<strong><u><span style=\"font-weight: var(--__SARCET4AB,700) !important\">Sp\u00e9cifications :<\/span><\/u><\/strong><br \/>\nCouleur : Noir + vert<br \/>\nMat\u00e9riel de corps: ABS<br \/>\nCapacit\u00e9 d&rsquo;aspiration : 30cm-Hg<br \/>\nLongueur : 205mm\/8,07 en<br \/>\nPoids : 58g\/2,07 onces<br \/>\nTaille du paquet : 25,8 * 8 * 2.8 cm \/ 10.16 * 3.15 * 1,1 dans<br \/>\nPoids du colis : 81g\/2,86 onces<\/p>\n<h1 class=\"a-size-medium a-spacing-small\">Descriptif technique<\/h1>\n<\/div>\n<\/div>\n<div class=\"a-expander-content a-expander-extend-content\" data-expanded=\"true\">\n<div class=\"a-row a-expander-container a-expander-inline-container\">\n<div class=\"a-expander-content a-expander-section-content a-section-expander-inner\" data-expanded=\"true\">\n<table id=\"productDetails_techSpec_section_1\" class=\"a-keyvalue prodDetTable\">\n<tbody>\n<tr>\n<th class=\"a-color-secondary a-size-base prodDetSectionEntry\">Fabricant<\/th>\n<td class=\"a-size-base prodDetAttrValue\">\u200ePro&rsquo;sKit<\/td>\n<\/tr>\n<tr>\n<th class=\"a-color-secondary a-size-base prodDetSectionEntry\">R\u00e9f\u00e9rence constructeur<\/th>\n<td class=\"a-size-base prodDetAttrValue\">\u200eFLU1646216644648VT<\/td>\n<\/tr>\n<tr>\n<th class=\"a-color-secondary a-size-base prodDetSectionEntry\">Dimensions du colis<\/th>\n<td class=\"a-size-base prodDetAttrValue\">\u200e25,8 x 8 x 2,8 cm; 94 grammes<\/td>\n<\/tr>\n<tr>\n<th class=\"a-color-secondary a-size-base prodDetSectionEntry\">ASIN<\/th>\n<td class=\"a-size-base prodDetAttrValue\">\u200eB011DOIJAY<\/td>\n<\/tr>\n<\/tbody>\n<\/table>\n<\/div>\n<\/div>\n<\/div>\n","protected":false},"excerpt":{"rendered":"<p>La pompe \u00e0 dessouder Pro&rsquo;sKit vient avec force sous vide \u00e9lev\u00e9. Il est surtout utilis\u00e9 pour les cartes de circuits imprim\u00e9s en emplois de retravailler et de r\u00e9paration de champ.<br \/>\nPro&rsquo;sKit Piston de la pompe \u00e0 dessouder 8PK-366N avec Double joints rapide et facile \u00e0 souder Sucker r\u00e9sidu 205mm<br \/>\n<strong><u><span style=\"font-weight: var(--__SARCET4AB,700) !important\">Sp\u00e9cifications :<\/span><\/u><\/strong><br \/>\nCouleur : Noir + vert<br \/>\nMat\u00e9riel de corps: ABS<br \/>\nCapacit\u00e9 d&rsquo;aspiration : 30cm-Hg<br \/>\nLongueur : 205mm\/8,07 en<br \/>\nPoids : 58g\/2,07 onces<br \/>\nTaille du paquet : 25,8 * 8 * 2.8 cm \/ 10.16 * 3.15 * 1,1 dans<br \/>\nPoids du colis : 81g\/2,86 onces<\/p>\n","protected":false},"featured_media":10410,"comment_status":"open","ping_status":"closed","template":"","meta":[],"product_brand":[121],"product_cat":[63,132],"product_tag":[],"class_list":{"0":"post-10409","1":"product","2":"type-product","3":"status-publish","4":"has-post-thumbnail","6":"product_brand-pros-kit","7":"product_cat-accessories","8":"product_cat-station-de-soudure","10":"first","11":"instock","12":"shipping-taxable","13":"purchasable","14":"product-type-simple"},"yoast_head":"<!-- This site is optimized with the Yoast SEO Premium plugin v26.2 (Yoast SEO v26.2) - https:\/\/yoast.com\/wordpress\/plugins\/seo\/ -->\n<title>Pompe \u00e0 Dessouder 8PK-366NA - ADC Electronique<\/title>\n<meta name=\"robots\" content=\"index, follow, max-snippet:-1, max-image-preview:large, max-video-preview:-1\" \/>\n<link rel=\"canonical\" href=\"https:\/\/adcelectronique.com\/index.php\/product\/pompe-a-dessouder-8pk-366na\/\" \/>\n<meta property=\"og:locale\" content=\"fr_FR\" \/>\n<meta property=\"og:type\" content=\"article\" \/>\n<meta property=\"og:title\" content=\"Pompe \u00e0 Dessouder 8PK-366NA\" \/>\n<meta property=\"og:description\" content=\"La pompe \u00e0 dessouder Pro&#039;sKit vient avec force sous vide \u00e9lev\u00e9. Il est surtout utilis\u00e9 pour les cartes de circuits imprim\u00e9s en emplois de retravailler et de r\u00e9paration de champ. Pro&#039;sKit Piston de la pompe \u00e0 dessouder 8PK-366N avec Double joints rapide et facile \u00e0 souder Sucker r\u00e9sidu 205mm Sp\u00e9cifications : Couleur : Noir + vert Mat\u00e9riel de corps: ABS Capacit\u00e9 d&#039;aspiration : 30cm-Hg Longueur : 205mm\/8,07 en Poids : 58g\/2,07 onces Taille du paquet : 25,8 * 8 * 2.8 cm \/ 10.16 * 3.15 * 1,1 dans Poids du colis : 81g\/2,86 onces\" \/>\n<meta property=\"og:url\" content=\"https:\/\/adcelectronique.com\/index.php\/product\/pompe-a-dessouder-8pk-366na\/\" \/>\n<meta property=\"og:site_name\" content=\"ADC Electronique\" \/>\n<meta property=\"article:modified_time\" content=\"2026-01-26T13:32:35+00:00\" \/>\n<meta property=\"og:image\" content=\"https:\/\/adcelectronique.com\/wp-content\/uploads\/2026\/01\/8PK-366NA.jpg\" \/>\n\t<meta property=\"og:image:width\" content=\"600\" \/>\n\t<meta property=\"og:image:height\" content=\"309\" \/>\n\t<meta property=\"og:image:type\" content=\"image\/jpeg\" \/>\n<meta name=\"twitter:card\" content=\"summary_large_image\" \/>\n<meta name=\"twitter:label1\" content=\"Dur\u00e9e de lecture estim\u00e9e\" \/>\n\t<meta name=\"twitter:data1\" content=\"1 minute\" \/>\n<script type=\"application\/ld+json\" class=\"yoast-schema-graph\">{\"@context\":\"https:\/\/schema.org\",\"@graph\":[{\"@type\":\"WebPage\",\"@id\":\"https:\/\/adcelectronique.com\/index.php\/product\/pompe-a-dessouder-8pk-366na\/\",\"url\":\"https:\/\/adcelectronique.com\/index.php\/product\/pompe-a-dessouder-8pk-366na\/\",\"name\":\"Pompe \u00e0 Dessouder 8PK-366NA - ADC Electronique\",\"isPartOf\":{\"@id\":\"https:\/\/adcelectronique.com\/#website\"},\"primaryImageOfPage\":{\"@id\":\"https:\/\/adcelectronique.com\/index.php\/product\/pompe-a-dessouder-8pk-366na\/#primaryimage\"},\"image\":{\"@id\":\"https:\/\/adcelectronique.com\/index.php\/product\/pompe-a-dessouder-8pk-366na\/#primaryimage\"},\"thumbnailUrl\":\"https:\/\/adcelectronique.com\/wp-content\/uploads\/2026\/01\/8PK-366NA.jpg\",\"datePublished\":\"2026-01-26T13:32:34+00:00\",\"dateModified\":\"2026-01-26T13:32:35+00:00\",\"breadcrumb\":{\"@id\":\"https:\/\/adcelectronique.com\/index.php\/product\/pompe-a-dessouder-8pk-366na\/#breadcrumb\"},\"inLanguage\":\"fr-FR\",\"potentialAction\":[{\"@type\":\"ReadAction\",\"target\":[\"https:\/\/adcelectronique.com\/index.php\/product\/pompe-a-dessouder-8pk-366na\/\"]}]},{\"@type\":\"ImageObject\",\"inLanguage\":\"fr-FR\",\"@id\":\"https:\/\/adcelectronique.com\/index.php\/product\/pompe-a-dessouder-8pk-366na\/#primaryimage\",\"url\":\"https:\/\/adcelectronique.com\/wp-content\/uploads\/2026\/01\/8PK-366NA.jpg\",\"contentUrl\":\"https:\/\/adcelectronique.com\/wp-content\/uploads\/2026\/01\/8PK-366NA.jpg\",\"width\":600,\"height\":309},{\"@type\":\"BreadcrumbList\",\"@id\":\"https:\/\/adcelectronique.com\/index.php\/product\/pompe-a-dessouder-8pk-366na\/#breadcrumb\",\"itemListElement\":[{\"@type\":\"ListItem\",\"position\":1,\"name\":\"Home\",\"item\":\"https:\/\/adcelectronique.com\/\"},{\"@type\":\"ListItem\",\"position\":2,\"name\":\"Shop\",\"item\":\"https:\/\/adcelectronique.com\/index.php\/shop\/\"},{\"@type\":\"ListItem\",\"position\":3,\"name\":\"Pompe \u00e0 Dessouder 8PK-366NA\"}]},{\"@type\":\"WebSite\",\"@id\":\"https:\/\/adcelectronique.com\/#website\",\"url\":\"https:\/\/adcelectronique.com\/\",\"name\":\"ADC Electronique\",\"description\":\"\",\"potentialAction\":[{\"@type\":\"SearchAction\",\"target\":{\"@type\":\"EntryPoint\",\"urlTemplate\":\"https:\/\/adcelectronique.com\/?s={search_term_string}\"},\"query-input\":{\"@type\":\"PropertyValueSpecification\",\"valueRequired\":true,\"valueName\":\"search_term_string\"}}],\"inLanguage\":\"fr-FR\"}]}<\/script>\n<!-- \/ Yoast SEO Premium plugin. -->","yoast_head_json":{"title":"Pompe \u00e0 Dessouder 8PK-366NA - ADC Electronique","robots":{"index":"index","follow":"follow","max-snippet":"max-snippet:-1","max-image-preview":"max-image-preview:large","max-video-preview":"max-video-preview:-1"},"canonical":"https:\/\/adcelectronique.com\/index.php\/product\/pompe-a-dessouder-8pk-366na\/","og_locale":"fr_FR","og_type":"article","og_title":"Pompe \u00e0 Dessouder 8PK-366NA","og_description":"La pompe \u00e0 dessouder Pro'sKit vient avec force sous vide \u00e9lev\u00e9. Il est surtout utilis\u00e9 pour les cartes de circuits imprim\u00e9s en emplois de retravailler et de r\u00e9paration de champ. Pro'sKit Piston de la pompe \u00e0 dessouder 8PK-366N avec Double joints rapide et facile \u00e0 souder Sucker r\u00e9sidu 205mm Sp\u00e9cifications : Couleur : Noir + vert Mat\u00e9riel de corps: ABS Capacit\u00e9 d'aspiration : 30cm-Hg Longueur : 205mm\/8,07 en Poids : 58g\/2,07 onces Taille du paquet : 25,8 * 8 * 2.8 cm \/ 10.16 * 3.15 * 1,1 dans Poids du colis : 81g\/2,86 onces","og_url":"https:\/\/adcelectronique.com\/index.php\/product\/pompe-a-dessouder-8pk-366na\/","og_site_name":"ADC Electronique","article_modified_time":"2026-01-26T13:32:35+00:00","og_image":[{"width":600,"height":309,"url":"https:\/\/adcelectronique.com\/wp-content\/uploads\/2026\/01\/8PK-366NA.jpg","type":"image\/jpeg"}],"twitter_card":"summary_large_image","twitter_misc":{"Dur\u00e9e de lecture estim\u00e9e":"1 minute"},"schema":{"@context":"https:\/\/schema.org","@graph":[{"@type":"WebPage","@id":"https:\/\/adcelectronique.com\/index.php\/product\/pompe-a-dessouder-8pk-366na\/","url":"https:\/\/adcelectronique.com\/index.php\/product\/pompe-a-dessouder-8pk-366na\/","name":"Pompe \u00e0 Dessouder 8PK-366NA - ADC Electronique","isPartOf":{"@id":"https:\/\/adcelectronique.com\/#website"},"primaryImageOfPage":{"@id":"https:\/\/adcelectronique.com\/index.php\/product\/pompe-a-dessouder-8pk-366na\/#primaryimage"},"image":{"@id":"https:\/\/adcelectronique.com\/index.php\/product\/pompe-a-dessouder-8pk-366na\/#primaryimage"},"thumbnailUrl":"https:\/\/adcelectronique.com\/wp-content\/uploads\/2026\/01\/8PK-366NA.jpg","datePublished":"2026-01-26T13:32:34+00:00","dateModified":"2026-01-26T13:32:35+00:00","breadcrumb":{"@id":"https:\/\/adcelectronique.com\/index.php\/product\/pompe-a-dessouder-8pk-366na\/#breadcrumb"},"inLanguage":"fr-FR","potentialAction":[{"@type":"ReadAction","target":["https:\/\/adcelectronique.com\/index.php\/product\/pompe-a-dessouder-8pk-366na\/"]}]},{"@type":"ImageObject","inLanguage":"fr-FR","@id":"https:\/\/adcelectronique.com\/index.php\/product\/pompe-a-dessouder-8pk-366na\/#primaryimage","url":"https:\/\/adcelectronique.com\/wp-content\/uploads\/2026\/01\/8PK-366NA.jpg","contentUrl":"https:\/\/adcelectronique.com\/wp-content\/uploads\/2026\/01\/8PK-366NA.jpg","width":600,"height":309},{"@type":"BreadcrumbList","@id":"https:\/\/adcelectronique.com\/index.php\/product\/pompe-a-dessouder-8pk-366na\/#breadcrumb","itemListElement":[{"@type":"ListItem","position":1,"name":"Home","item":"https:\/\/adcelectronique.com\/"},{"@type":"ListItem","position":2,"name":"Shop","item":"https:\/\/adcelectronique.com\/index.php\/shop\/"},{"@type":"ListItem","position":3,"name":"Pompe \u00e0 Dessouder 8PK-366NA"}]},{"@type":"WebSite","@id":"https:\/\/adcelectronique.com\/#website","url":"https:\/\/adcelectronique.com\/","name":"ADC Electronique","description":"","potentialAction":[{"@type":"SearchAction","target":{"@type":"EntryPoint","urlTemplate":"https:\/\/adcelectronique.com\/?s={search_term_string}"},"query-input":{"@type":"PropertyValueSpecification","valueRequired":true,"valueName":"search_term_string"}}],"inLanguage":"fr-FR"}]}},"_links":{"self":[{"href":"https:\/\/adcelectronique.com\/index.php\/wp-json\/wp\/v2\/product\/10409","targetHints":{"allow":["GET"]}}],"collection":[{"href":"https:\/\/adcelectronique.com\/index.php\/wp-json\/wp\/v2\/product"}],"about":[{"href":"https:\/\/adcelectronique.com\/index.php\/wp-json\/wp\/v2\/types\/product"}],"replies":[{"embeddable":true,"href":"https:\/\/adcelectronique.com\/index.php\/wp-json\/wp\/v2\/comments?post=10409"}],"version-history":[{"count":0,"href":"https:\/\/adcelectronique.com\/index.php\/wp-json\/wp\/v2\/product\/10409\/revisions"}],"wp:featuredmedia":[{"embeddable":true,"href":"https:\/\/adcelectronique.com\/index.php\/wp-json\/wp\/v2\/media\/10410"}],"wp:attachment":[{"href":"https:\/\/adcelectronique.com\/index.php\/wp-json\/wp\/v2\/media?parent=10409"}],"wp:term":[{"taxonomy":"product_brand","embeddable":true,"href":"https:\/\/adcelectronique.com\/index.php\/wp-json\/wp\/v2\/product_brand?post=10409"},{"taxonomy":"product_cat","embeddable":true,"href":"https:\/\/adcelectronique.com\/index.php\/wp-json\/wp\/v2\/product_cat?post=10409"},{"taxonomy":"product_tag","embeddable":true,"href":"https:\/\/adcelectronique.com\/index.php\/wp-json\/wp\/v2\/product_tag?post=10409"}],"curies":[{"name":"wp","href":"https:\/\/api.w.org\/{rel}","templated":true}]}}