{"id":10417,"date":"2026-01-26T13:49:21","date_gmt":"2026-01-26T13:49:21","guid":{"rendered":"https:\/\/adcelectronique.com\/?post_type=product&#038;p=10417"},"modified":"2026-01-26T13:49:22","modified_gmt":"2026-01-26T13:49:22","slug":"etain-de-soudure-s1","status":"publish","type":"product","link":"https:\/\/adcelectronique.com\/index.php\/product\/etain-de-soudure-s1\/","title":{"rendered":"ETAIN DE SOUDURE S1"},"content":{"rendered":"<p>&nbsp;<\/p>\n<h3>\u00a0 \u00a0 \u00a0 \u00a0 \u00a0 \u00a0 \u00a0 \u00a0 \u00a0 \u00a0 \u00a0 \u00a0 \u00a0 \u00a0 \u00a0 \u00a0 \u00a0 \u00a0 \u00a0 \u00a0 \u00a0 \u00a0 \u00a0 \u00a0 \u00a0 \u00a0 \u00a0 \u00a0 \u00a0 \u00a0 \u00a0ETAIN DE SOUDURE S1<\/h3>\n<p>Soudure tubulaire pour montage radio avec flux \u00e0 base de colophane faiblement activ\u00e9.<\/p>\n<p>Teneur en flux de 2 % dans le fil de soudure.<\/p>\n<p><strong><u>Sp\u00e9cifications\u00a0:<\/u><\/strong><\/p>\n<p>Composition de l\u2019alliage\u00a0: Sn (\u00e9tain) \u2013 63\u00a0%, Pb (plomb) \u2013 37\u00a0%<\/p>\n<p>Point de fusion\u00a0: 183\u00a0\u00b0C<\/p>\n<p>Diam\u00e8tre\u00a0: 1\u00a0mm<\/p>\n<p>&nbsp;<\/p>\n","protected":false},"excerpt":{"rendered":"<p>Soudure tubulaire pour montage radio avec flux \u00e0 base de colophane faiblement activ\u00e9.<\/p>\n<p>Teneur en flux de 2 % dans le fil de soudure.<\/p>\n<p><strong><u>Sp\u00e9cifications\u00a0:<\/u><\/strong><\/p>\n<p>Composition de l\u2019alliage\u00a0: Sn (\u00e9tain) \u2013 63\u00a0%, Pb (plomb) \u2013 37\u00a0%<\/p>\n<p>Point de fusion\u00a0: 183\u00a0\u00b0C<\/p>\n<p>Diam\u00e8tre\u00a0: 1\u00a0mm<\/p>\n","protected":false},"featured_media":10418,"comment_status":"open","ping_status":"closed","template":"","meta":[],"product_brand":[134],"product_cat":[132],"product_tag":[],"class_list":{"0":"post-10417","1":"product","2":"type-product","3":"status-publish","4":"has-post-thumbnail","6":"product_brand-songtian","7":"product_cat-station-de-soudure","9":"first","10":"instock","11":"shipping-taxable","12":"purchasable","13":"product-type-simple"},"yoast_head":"<!-- This site is optimized with the Yoast SEO Premium plugin v26.2 (Yoast SEO v26.2) - https:\/\/yoast.com\/wordpress\/plugins\/seo\/ -->\n<title>ETAIN DE SOUDURE S1 - ADC Electronique<\/title>\n<meta name=\"description\" content=\"Soudure tubulaire pour montage radio avec flux \u00e0 base de colophane faiblement activ\u00e9.Teneur en flux de 2 % dans le fil de soudure.Sp\u00e9cifications\u00a0:Composition de l\u2019alliage\u00a0: Sn (\u00e9tain) \u2013 63\u00a0%, Pb (plomb) \u2013 37\u00a0%Point de fusion\u00a0: 183\u00a0\u00b0CDiam\u00e8tre\u00a0: 1\u00a0mm\" \/>\n<meta name=\"robots\" content=\"index, follow, max-snippet:-1, max-image-preview:large, max-video-preview:-1\" \/>\n<link rel=\"canonical\" href=\"https:\/\/adcelectronique.com\/index.php\/product\/etain-de-soudure-s1\/\" \/>\n<meta property=\"og:locale\" content=\"fr_FR\" \/>\n<meta property=\"og:type\" content=\"article\" \/>\n<meta property=\"og:title\" content=\"ETAIN DE SOUDURE S1\" \/>\n<meta property=\"og:description\" content=\"Soudure tubulaire pour montage radio avec flux \u00e0 base de colophane faiblement activ\u00e9.Teneur en flux de 2 % dans le fil de soudure.Sp\u00e9cifications\u00a0:Composition de l\u2019alliage\u00a0: Sn (\u00e9tain) \u2013 63\u00a0%, Pb (plomb) \u2013 37\u00a0%Point de fusion\u00a0: 183\u00a0\u00b0CDiam\u00e8tre\u00a0: 1\u00a0mm\" \/>\n<meta property=\"og:url\" content=\"https:\/\/adcelectronique.com\/index.php\/product\/etain-de-soudure-s1\/\" \/>\n<meta property=\"og:site_name\" content=\"ADC Electronique\" \/>\n<meta property=\"article:modified_time\" content=\"2026-01-26T13:49:22+00:00\" \/>\n<meta property=\"og:image\" content=\"https:\/\/adcelectronique.com\/wp-content\/uploads\/2026\/01\/030072-1-b.jpg\" \/>\n\t<meta property=\"og:image:width\" content=\"700\" \/>\n\t<meta property=\"og:image:height\" content=\"708\" \/>\n\t<meta property=\"og:image:type\" content=\"image\/jpeg\" \/>\n<meta name=\"twitter:card\" content=\"summary_large_image\" \/>\n<meta name=\"twitter:label1\" content=\"Dur\u00e9e de lecture estim\u00e9e\" \/>\n\t<meta name=\"twitter:data1\" content=\"1 minute\" \/>\n<script type=\"application\/ld+json\" class=\"yoast-schema-graph\">{\"@context\":\"https:\/\/schema.org\",\"@graph\":[{\"@type\":\"WebPage\",\"@id\":\"https:\/\/adcelectronique.com\/index.php\/product\/etain-de-soudure-s1\/\",\"url\":\"https:\/\/adcelectronique.com\/index.php\/product\/etain-de-soudure-s1\/\",\"name\":\"ETAIN DE SOUDURE S1 - ADC Electronique\",\"isPartOf\":{\"@id\":\"https:\/\/adcelectronique.com\/#website\"},\"primaryImageOfPage\":{\"@id\":\"https:\/\/adcelectronique.com\/index.php\/product\/etain-de-soudure-s1\/#primaryimage\"},\"image\":{\"@id\":\"https:\/\/adcelectronique.com\/index.php\/product\/etain-de-soudure-s1\/#primaryimage\"},\"thumbnailUrl\":\"https:\/\/adcelectronique.com\/wp-content\/uploads\/2026\/01\/030072-1-b.jpg\",\"datePublished\":\"2026-01-26T13:49:21+00:00\",\"dateModified\":\"2026-01-26T13:49:22+00:00\",\"description\":\"Soudure tubulaire pour montage radio avec flux \u00e0 base de colophane faiblement activ\u00e9.Teneur en flux de 2 % dans le fil de soudure.Sp\u00e9cifications\u00a0:Composition de l\u2019alliage\u00a0: Sn (\u00e9tain) \u2013 63\u00a0%, Pb (plomb) \u2013 37\u00a0%Point de fusion\u00a0: 183\u00a0\u00b0CDiam\u00e8tre\u00a0: 1\u00a0mm\",\"breadcrumb\":{\"@id\":\"https:\/\/adcelectronique.com\/index.php\/product\/etain-de-soudure-s1\/#breadcrumb\"},\"inLanguage\":\"fr-FR\",\"potentialAction\":[{\"@type\":\"ReadAction\",\"target\":[\"https:\/\/adcelectronique.com\/index.php\/product\/etain-de-soudure-s1\/\"]}]},{\"@type\":\"ImageObject\",\"inLanguage\":\"fr-FR\",\"@id\":\"https:\/\/adcelectronique.com\/index.php\/product\/etain-de-soudure-s1\/#primaryimage\",\"url\":\"https:\/\/adcelectronique.com\/wp-content\/uploads\/2026\/01\/030072-1-b.jpg\",\"contentUrl\":\"https:\/\/adcelectronique.com\/wp-content\/uploads\/2026\/01\/030072-1-b.jpg\",\"width\":700,\"height\":708},{\"@type\":\"BreadcrumbList\",\"@id\":\"https:\/\/adcelectronique.com\/index.php\/product\/etain-de-soudure-s1\/#breadcrumb\",\"itemListElement\":[{\"@type\":\"ListItem\",\"position\":1,\"name\":\"Home\",\"item\":\"https:\/\/adcelectronique.com\/\"},{\"@type\":\"ListItem\",\"position\":2,\"name\":\"Shop\",\"item\":\"https:\/\/adcelectronique.com\/index.php\/shop\/\"},{\"@type\":\"ListItem\",\"position\":3,\"name\":\"ETAIN DE SOUDURE S1\"}]},{\"@type\":\"WebSite\",\"@id\":\"https:\/\/adcelectronique.com\/#website\",\"url\":\"https:\/\/adcelectronique.com\/\",\"name\":\"ADC Electronique\",\"description\":\"\",\"potentialAction\":[{\"@type\":\"SearchAction\",\"target\":{\"@type\":\"EntryPoint\",\"urlTemplate\":\"https:\/\/adcelectronique.com\/?s={search_term_string}\"},\"query-input\":{\"@type\":\"PropertyValueSpecification\",\"valueRequired\":true,\"valueName\":\"search_term_string\"}}],\"inLanguage\":\"fr-FR\"}]}<\/script>\n<!-- \/ Yoast SEO Premium plugin. -->","yoast_head_json":{"title":"ETAIN DE SOUDURE S1 - ADC Electronique","description":"Soudure tubulaire pour montage radio avec flux \u00e0 base de colophane faiblement activ\u00e9.Teneur en flux de 2 % dans le fil de soudure.Sp\u00e9cifications\u00a0:Composition de l\u2019alliage\u00a0: Sn (\u00e9tain) \u2013 63\u00a0%, Pb (plomb) \u2013 37\u00a0%Point de fusion\u00a0: 183\u00a0\u00b0CDiam\u00e8tre\u00a0: 1\u00a0mm","robots":{"index":"index","follow":"follow","max-snippet":"max-snippet:-1","max-image-preview":"max-image-preview:large","max-video-preview":"max-video-preview:-1"},"canonical":"https:\/\/adcelectronique.com\/index.php\/product\/etain-de-soudure-s1\/","og_locale":"fr_FR","og_type":"article","og_title":"ETAIN DE SOUDURE S1","og_description":"Soudure tubulaire pour montage radio avec flux \u00e0 base de colophane faiblement activ\u00e9.Teneur en flux de 2 % dans le fil de soudure.Sp\u00e9cifications\u00a0:Composition de l\u2019alliage\u00a0: Sn (\u00e9tain) \u2013 63\u00a0%, Pb (plomb) \u2013 37\u00a0%Point de fusion\u00a0: 183\u00a0\u00b0CDiam\u00e8tre\u00a0: 1\u00a0mm","og_url":"https:\/\/adcelectronique.com\/index.php\/product\/etain-de-soudure-s1\/","og_site_name":"ADC Electronique","article_modified_time":"2026-01-26T13:49:22+00:00","og_image":[{"width":700,"height":708,"url":"https:\/\/adcelectronique.com\/wp-content\/uploads\/2026\/01\/030072-1-b.jpg","type":"image\/jpeg"}],"twitter_card":"summary_large_image","twitter_misc":{"Dur\u00e9e de lecture estim\u00e9e":"1 minute"},"schema":{"@context":"https:\/\/schema.org","@graph":[{"@type":"WebPage","@id":"https:\/\/adcelectronique.com\/index.php\/product\/etain-de-soudure-s1\/","url":"https:\/\/adcelectronique.com\/index.php\/product\/etain-de-soudure-s1\/","name":"ETAIN DE SOUDURE S1 - ADC Electronique","isPartOf":{"@id":"https:\/\/adcelectronique.com\/#website"},"primaryImageOfPage":{"@id":"https:\/\/adcelectronique.com\/index.php\/product\/etain-de-soudure-s1\/#primaryimage"},"image":{"@id":"https:\/\/adcelectronique.com\/index.php\/product\/etain-de-soudure-s1\/#primaryimage"},"thumbnailUrl":"https:\/\/adcelectronique.com\/wp-content\/uploads\/2026\/01\/030072-1-b.jpg","datePublished":"2026-01-26T13:49:21+00:00","dateModified":"2026-01-26T13:49:22+00:00","description":"Soudure tubulaire pour montage radio avec flux \u00e0 base de colophane faiblement activ\u00e9.Teneur en flux de 2 % dans le fil de soudure.Sp\u00e9cifications\u00a0:Composition de l\u2019alliage\u00a0: Sn (\u00e9tain) \u2013 63\u00a0%, Pb (plomb) \u2013 37\u00a0%Point de fusion\u00a0: 183\u00a0\u00b0CDiam\u00e8tre\u00a0: 1\u00a0mm","breadcrumb":{"@id":"https:\/\/adcelectronique.com\/index.php\/product\/etain-de-soudure-s1\/#breadcrumb"},"inLanguage":"fr-FR","potentialAction":[{"@type":"ReadAction","target":["https:\/\/adcelectronique.com\/index.php\/product\/etain-de-soudure-s1\/"]}]},{"@type":"ImageObject","inLanguage":"fr-FR","@id":"https:\/\/adcelectronique.com\/index.php\/product\/etain-de-soudure-s1\/#primaryimage","url":"https:\/\/adcelectronique.com\/wp-content\/uploads\/2026\/01\/030072-1-b.jpg","contentUrl":"https:\/\/adcelectronique.com\/wp-content\/uploads\/2026\/01\/030072-1-b.jpg","width":700,"height":708},{"@type":"BreadcrumbList","@id":"https:\/\/adcelectronique.com\/index.php\/product\/etain-de-soudure-s1\/#breadcrumb","itemListElement":[{"@type":"ListItem","position":1,"name":"Home","item":"https:\/\/adcelectronique.com\/"},{"@type":"ListItem","position":2,"name":"Shop","item":"https:\/\/adcelectronique.com\/index.php\/shop\/"},{"@type":"ListItem","position":3,"name":"ETAIN DE SOUDURE S1"}]},{"@type":"WebSite","@id":"https:\/\/adcelectronique.com\/#website","url":"https:\/\/adcelectronique.com\/","name":"ADC Electronique","description":"","potentialAction":[{"@type":"SearchAction","target":{"@type":"EntryPoint","urlTemplate":"https:\/\/adcelectronique.com\/?s={search_term_string}"},"query-input":{"@type":"PropertyValueSpecification","valueRequired":true,"valueName":"search_term_string"}}],"inLanguage":"fr-FR"}]}},"_links":{"self":[{"href":"https:\/\/adcelectronique.com\/index.php\/wp-json\/wp\/v2\/product\/10417","targetHints":{"allow":["GET"]}}],"collection":[{"href":"https:\/\/adcelectronique.com\/index.php\/wp-json\/wp\/v2\/product"}],"about":[{"href":"https:\/\/adcelectronique.com\/index.php\/wp-json\/wp\/v2\/types\/product"}],"replies":[{"embeddable":true,"href":"https:\/\/adcelectronique.com\/index.php\/wp-json\/wp\/v2\/comments?post=10417"}],"version-history":[{"count":0,"href":"https:\/\/adcelectronique.com\/index.php\/wp-json\/wp\/v2\/product\/10417\/revisions"}],"wp:featuredmedia":[{"embeddable":true,"href":"https:\/\/adcelectronique.com\/index.php\/wp-json\/wp\/v2\/media\/10418"}],"wp:attachment":[{"href":"https:\/\/adcelectronique.com\/index.php\/wp-json\/wp\/v2\/media?parent=10417"}],"wp:term":[{"taxonomy":"product_brand","embeddable":true,"href":"https:\/\/adcelectronique.com\/index.php\/wp-json\/wp\/v2\/product_brand?post=10417"},{"taxonomy":"product_cat","embeddable":true,"href":"https:\/\/adcelectronique.com\/index.php\/wp-json\/wp\/v2\/product_cat?post=10417"},{"taxonomy":"product_tag","embeddable":true,"href":"https:\/\/adcelectronique.com\/index.php\/wp-json\/wp\/v2\/product_tag?post=10417"}],"curies":[{"name":"wp","href":"https:\/\/api.w.org\/{rel}","templated":true}]}}