{"id":10424,"date":"2026-01-26T14:01:37","date_gmt":"2026-01-26T14:01:37","guid":{"rendered":"https:\/\/adcelectronique.com\/?post_type=product&#038;p=10424"},"modified":"2026-01-26T14:01:38","modified_gmt":"2026-01-26T14:01:38","slug":"pompe-a-dessouder-8pk-366d","status":"publish","type":"product","link":"https:\/\/adcelectronique.com\/index.php\/product\/pompe-a-dessouder-8pk-366d\/","title":{"rendered":"Pompe \u00e0 Dessouder 8PK-366D"},"content":{"rendered":"<h2>\u00a0 \u00a0 \u00a0 \u00a0 \u00a0 \u00a0 \u00a0 \u00a0 \u00a0 \u00a0 \u00a0 \u00a0 \u00a0 \u00a0 \u00a0 \u00a0 \u00a0 \u00a0 \u00a0 \u00a0Pompe \u00e0 Dessouder 8PK-366D<\/h2>\n<p>Pros&rsquo;Kit-Pistolet \u00e0 dessouder 8PK-366D, stylo \u00e0 fer \u00e0 souder, aspiration antistatique, 18 ventouses \u00e0 souder, outils \u00e0 main, pompe \u00e0 dessouder<\/p>\n<p><strong>D\u00e9tails<\/strong><\/p>\n<ul>\n<li>Produit chimique \u00e0 haute pr\u00e9occupation\u00a0: Aucun<\/li>\n<li>Num\u00e9ro de Mod\u00e8le :8PK-366D<\/li>\n<li>Origine\u00a0:CN (Origine)<\/li>\n<li>Certification\u00a0:Aucun<\/li>\n<li>Features1\u00a0:Suction 30cm-hg<\/li>\n<li>Material\u00a0:Aluminum alloy<\/li>\n<li>Features2\u00a0:Anti-static<\/li>\n<li>Features3\u00a0:Large suction<\/li>\n<li>Features4\u00a0:Heat-resistant suction nozzle<\/li>\n<\/ul>\n<p>&nbsp;<\/p>\n<p>&nbsp;<\/p>\n<p>&nbsp;<\/p>\n<p>&nbsp;<\/p>\n","protected":false},"excerpt":{"rendered":"<p>Pros&rsquo;Kit-Pistolet \u00e0 dessouder 8PK-366D, stylo \u00e0 fer \u00e0 souder, aspiration antistatique, 18 ventouses \u00e0 souder, outils \u00e0 main, pompe \u00e0 dessouder<\/p>\n<p><strong>D\u00e9tails<\/strong><\/p>\n<ul>\n<li>Produit chimique \u00e0 haute pr\u00e9occupation\u00a0: Aucun<\/li>\n<li>Num\u00e9ro de Mod\u00e8le :8PK-366D<\/li>\n<li>Origine\u00a0:CN (Origine)<\/li>\n<li>Certification\u00a0:Aucun<\/li>\n<li>Features1\u00a0:Suction 30cm-hg<\/li>\n<li>Material\u00a0:Aluminum alloy<\/li>\n<li>Features2\u00a0:Anti-static<\/li>\n<li>Features3\u00a0:Large suction<\/li>\n<li>Features4\u00a0:Heat-resistant suction nozzle<\/li>\n<\/ul>\n<p>&nbsp;<\/p>\n","protected":false},"featured_media":10425,"comment_status":"open","ping_status":"closed","template":"","meta":[],"product_brand":[121],"product_cat":[63,132],"product_tag":[],"class_list":{"0":"post-10424","1":"product","2":"type-product","3":"status-publish","4":"has-post-thumbnail","6":"product_brand-pros-kit","7":"product_cat-accessories","8":"product_cat-station-de-soudure","10":"first","11":"instock","12":"shipping-taxable","13":"purchasable","14":"product-type-simple"},"yoast_head":"<!-- This site is optimized with the Yoast SEO Premium plugin v26.2 (Yoast SEO v26.2) - https:\/\/yoast.com\/wordpress\/plugins\/seo\/ -->\n<title>Pompe \u00e0 Dessouder 8PK-366D - ADC Electronique<\/title>\n<meta name=\"description\" content=\"Pros&#039;Kit-Pistolet \u00e0 dessouder 8PK-366D, stylo \u00e0 fer \u00e0 souder, aspiration antistatique, 18 ventouses \u00e0 souder, outils \u00e0 main, pompe \u00e0 dessouderD\u00e9tailsProduit chimique \u00e0 haute pr\u00e9occupation\u00a0: AucunNum\u00e9ro de Mod\u00e8le :8PK-366DOrigine\u00a0:CN (Origine)Certification\u00a0:AucunFeatures1\u00a0:Suction 30cm-hgMaterial\u00a0:Aluminum alloyFeatures2\u00a0:Anti-staticFeatures3\u00a0:Large suctionFeatures4\u00a0:Heat-resistant suction nozzle\" \/>\n<meta name=\"robots\" content=\"index, follow, max-snippet:-1, max-image-preview:large, max-video-preview:-1\" \/>\n<link rel=\"canonical\" href=\"https:\/\/adcelectronique.com\/index.php\/product\/pompe-a-dessouder-8pk-366d\/\" \/>\n<meta property=\"og:locale\" content=\"fr_FR\" \/>\n<meta property=\"og:type\" content=\"article\" \/>\n<meta property=\"og:title\" content=\"Pompe \u00e0 Dessouder 8PK-366D\" \/>\n<meta property=\"og:description\" content=\"Pros&#039;Kit-Pistolet \u00e0 dessouder 8PK-366D, stylo \u00e0 fer \u00e0 souder, aspiration antistatique, 18 ventouses \u00e0 souder, outils \u00e0 main, pompe \u00e0 dessouderD\u00e9tailsProduit chimique \u00e0 haute pr\u00e9occupation\u00a0: AucunNum\u00e9ro de Mod\u00e8le :8PK-366DOrigine\u00a0:CN (Origine)Certification\u00a0:AucunFeatures1\u00a0:Suction 30cm-hgMaterial\u00a0:Aluminum alloyFeatures2\u00a0:Anti-staticFeatures3\u00a0:Large suctionFeatures4\u00a0:Heat-resistant suction nozzle\" \/>\n<meta property=\"og:url\" content=\"https:\/\/adcelectronique.com\/index.php\/product\/pompe-a-dessouder-8pk-366d\/\" \/>\n<meta property=\"og:site_name\" content=\"ADC Electronique\" \/>\n<meta property=\"article:modified_time\" content=\"2026-01-26T14:01:38+00:00\" \/>\n<meta property=\"og:image\" content=\"https:\/\/adcelectronique.com\/wp-content\/uploads\/2026\/01\/41xYzFm-byL.jpg\" \/>\n\t<meta property=\"og:image:width\" content=\"500\" \/>\n\t<meta property=\"og:image:height\" content=\"500\" \/>\n\t<meta property=\"og:image:type\" content=\"image\/jpeg\" \/>\n<meta name=\"twitter:card\" content=\"summary_large_image\" \/>\n<meta name=\"twitter:label1\" content=\"Dur\u00e9e de lecture estim\u00e9e\" \/>\n\t<meta name=\"twitter:data1\" content=\"1 minute\" \/>\n<script type=\"application\/ld+json\" class=\"yoast-schema-graph\">{\"@context\":\"https:\/\/schema.org\",\"@graph\":[{\"@type\":\"WebPage\",\"@id\":\"https:\/\/adcelectronique.com\/index.php\/product\/pompe-a-dessouder-8pk-366d\/\",\"url\":\"https:\/\/adcelectronique.com\/index.php\/product\/pompe-a-dessouder-8pk-366d\/\",\"name\":\"Pompe \u00e0 Dessouder 8PK-366D - ADC Electronique\",\"isPartOf\":{\"@id\":\"https:\/\/adcelectronique.com\/#website\"},\"primaryImageOfPage\":{\"@id\":\"https:\/\/adcelectronique.com\/index.php\/product\/pompe-a-dessouder-8pk-366d\/#primaryimage\"},\"image\":{\"@id\":\"https:\/\/adcelectronique.com\/index.php\/product\/pompe-a-dessouder-8pk-366d\/#primaryimage\"},\"thumbnailUrl\":\"https:\/\/adcelectronique.com\/wp-content\/uploads\/2026\/01\/41xYzFm-byL.jpg\",\"datePublished\":\"2026-01-26T14:01:37+00:00\",\"dateModified\":\"2026-01-26T14:01:38+00:00\",\"description\":\"Pros'Kit-Pistolet \u00e0 dessouder 8PK-366D, stylo \u00e0 fer \u00e0 souder, aspiration antistatique, 18 ventouses \u00e0 souder, outils \u00e0 main, pompe \u00e0 dessouderD\u00e9tailsProduit chimique \u00e0 haute pr\u00e9occupation\u00a0: AucunNum\u00e9ro de Mod\u00e8le :8PK-366DOrigine\u00a0:CN (Origine)Certification\u00a0:AucunFeatures1\u00a0:Suction 30cm-hgMaterial\u00a0:Aluminum alloyFeatures2\u00a0:Anti-staticFeatures3\u00a0:Large suctionFeatures4\u00a0:Heat-resistant suction nozzle\",\"breadcrumb\":{\"@id\":\"https:\/\/adcelectronique.com\/index.php\/product\/pompe-a-dessouder-8pk-366d\/#breadcrumb\"},\"inLanguage\":\"fr-FR\",\"potentialAction\":[{\"@type\":\"ReadAction\",\"target\":[\"https:\/\/adcelectronique.com\/index.php\/product\/pompe-a-dessouder-8pk-366d\/\"]}]},{\"@type\":\"ImageObject\",\"inLanguage\":\"fr-FR\",\"@id\":\"https:\/\/adcelectronique.com\/index.php\/product\/pompe-a-dessouder-8pk-366d\/#primaryimage\",\"url\":\"https:\/\/adcelectronique.com\/wp-content\/uploads\/2026\/01\/41xYzFm-byL.jpg\",\"contentUrl\":\"https:\/\/adcelectronique.com\/wp-content\/uploads\/2026\/01\/41xYzFm-byL.jpg\",\"width\":500,\"height\":500},{\"@type\":\"BreadcrumbList\",\"@id\":\"https:\/\/adcelectronique.com\/index.php\/product\/pompe-a-dessouder-8pk-366d\/#breadcrumb\",\"itemListElement\":[{\"@type\":\"ListItem\",\"position\":1,\"name\":\"Home\",\"item\":\"https:\/\/adcelectronique.com\/\"},{\"@type\":\"ListItem\",\"position\":2,\"name\":\"Shop\",\"item\":\"https:\/\/adcelectronique.com\/index.php\/shop\/\"},{\"@type\":\"ListItem\",\"position\":3,\"name\":\"Pompe \u00e0 Dessouder 8PK-366D\"}]},{\"@type\":\"WebSite\",\"@id\":\"https:\/\/adcelectronique.com\/#website\",\"url\":\"https:\/\/adcelectronique.com\/\",\"name\":\"ADC Electronique\",\"description\":\"\",\"potentialAction\":[{\"@type\":\"SearchAction\",\"target\":{\"@type\":\"EntryPoint\",\"urlTemplate\":\"https:\/\/adcelectronique.com\/?s={search_term_string}\"},\"query-input\":{\"@type\":\"PropertyValueSpecification\",\"valueRequired\":true,\"valueName\":\"search_term_string\"}}],\"inLanguage\":\"fr-FR\"}]}<\/script>\n<!-- \/ Yoast SEO Premium plugin. -->","yoast_head_json":{"title":"Pompe \u00e0 Dessouder 8PK-366D - ADC Electronique","description":"Pros'Kit-Pistolet \u00e0 dessouder 8PK-366D, stylo \u00e0 fer \u00e0 souder, aspiration antistatique, 18 ventouses \u00e0 souder, outils \u00e0 main, pompe \u00e0 dessouderD\u00e9tailsProduit chimique \u00e0 haute pr\u00e9occupation\u00a0: AucunNum\u00e9ro de Mod\u00e8le :8PK-366DOrigine\u00a0:CN (Origine)Certification\u00a0:AucunFeatures1\u00a0:Suction 30cm-hgMaterial\u00a0:Aluminum alloyFeatures2\u00a0:Anti-staticFeatures3\u00a0:Large suctionFeatures4\u00a0:Heat-resistant suction nozzle","robots":{"index":"index","follow":"follow","max-snippet":"max-snippet:-1","max-image-preview":"max-image-preview:large","max-video-preview":"max-video-preview:-1"},"canonical":"https:\/\/adcelectronique.com\/index.php\/product\/pompe-a-dessouder-8pk-366d\/","og_locale":"fr_FR","og_type":"article","og_title":"Pompe \u00e0 Dessouder 8PK-366D","og_description":"Pros'Kit-Pistolet \u00e0 dessouder 8PK-366D, stylo \u00e0 fer \u00e0 souder, aspiration antistatique, 18 ventouses \u00e0 souder, outils \u00e0 main, pompe \u00e0 dessouderD\u00e9tailsProduit chimique \u00e0 haute pr\u00e9occupation\u00a0: AucunNum\u00e9ro de Mod\u00e8le :8PK-366DOrigine\u00a0:CN (Origine)Certification\u00a0:AucunFeatures1\u00a0:Suction 30cm-hgMaterial\u00a0:Aluminum alloyFeatures2\u00a0:Anti-staticFeatures3\u00a0:Large suctionFeatures4\u00a0:Heat-resistant suction nozzle","og_url":"https:\/\/adcelectronique.com\/index.php\/product\/pompe-a-dessouder-8pk-366d\/","og_site_name":"ADC Electronique","article_modified_time":"2026-01-26T14:01:38+00:00","og_image":[{"width":500,"height":500,"url":"https:\/\/adcelectronique.com\/wp-content\/uploads\/2026\/01\/41xYzFm-byL.jpg","type":"image\/jpeg"}],"twitter_card":"summary_large_image","twitter_misc":{"Dur\u00e9e de lecture estim\u00e9e":"1 minute"},"schema":{"@context":"https:\/\/schema.org","@graph":[{"@type":"WebPage","@id":"https:\/\/adcelectronique.com\/index.php\/product\/pompe-a-dessouder-8pk-366d\/","url":"https:\/\/adcelectronique.com\/index.php\/product\/pompe-a-dessouder-8pk-366d\/","name":"Pompe \u00e0 Dessouder 8PK-366D - ADC Electronique","isPartOf":{"@id":"https:\/\/adcelectronique.com\/#website"},"primaryImageOfPage":{"@id":"https:\/\/adcelectronique.com\/index.php\/product\/pompe-a-dessouder-8pk-366d\/#primaryimage"},"image":{"@id":"https:\/\/adcelectronique.com\/index.php\/product\/pompe-a-dessouder-8pk-366d\/#primaryimage"},"thumbnailUrl":"https:\/\/adcelectronique.com\/wp-content\/uploads\/2026\/01\/41xYzFm-byL.jpg","datePublished":"2026-01-26T14:01:37+00:00","dateModified":"2026-01-26T14:01:38+00:00","description":"Pros'Kit-Pistolet \u00e0 dessouder 8PK-366D, stylo \u00e0 fer \u00e0 souder, aspiration antistatique, 18 ventouses \u00e0 souder, outils \u00e0 main, pompe \u00e0 dessouderD\u00e9tailsProduit chimique \u00e0 haute pr\u00e9occupation\u00a0: AucunNum\u00e9ro de Mod\u00e8le :8PK-366DOrigine\u00a0:CN (Origine)Certification\u00a0:AucunFeatures1\u00a0:Suction 30cm-hgMaterial\u00a0:Aluminum alloyFeatures2\u00a0:Anti-staticFeatures3\u00a0:Large suctionFeatures4\u00a0:Heat-resistant suction nozzle","breadcrumb":{"@id":"https:\/\/adcelectronique.com\/index.php\/product\/pompe-a-dessouder-8pk-366d\/#breadcrumb"},"inLanguage":"fr-FR","potentialAction":[{"@type":"ReadAction","target":["https:\/\/adcelectronique.com\/index.php\/product\/pompe-a-dessouder-8pk-366d\/"]}]},{"@type":"ImageObject","inLanguage":"fr-FR","@id":"https:\/\/adcelectronique.com\/index.php\/product\/pompe-a-dessouder-8pk-366d\/#primaryimage","url":"https:\/\/adcelectronique.com\/wp-content\/uploads\/2026\/01\/41xYzFm-byL.jpg","contentUrl":"https:\/\/adcelectronique.com\/wp-content\/uploads\/2026\/01\/41xYzFm-byL.jpg","width":500,"height":500},{"@type":"BreadcrumbList","@id":"https:\/\/adcelectronique.com\/index.php\/product\/pompe-a-dessouder-8pk-366d\/#breadcrumb","itemListElement":[{"@type":"ListItem","position":1,"name":"Home","item":"https:\/\/adcelectronique.com\/"},{"@type":"ListItem","position":2,"name":"Shop","item":"https:\/\/adcelectronique.com\/index.php\/shop\/"},{"@type":"ListItem","position":3,"name":"Pompe \u00e0 Dessouder 8PK-366D"}]},{"@type":"WebSite","@id":"https:\/\/adcelectronique.com\/#website","url":"https:\/\/adcelectronique.com\/","name":"ADC Electronique","description":"","potentialAction":[{"@type":"SearchAction","target":{"@type":"EntryPoint","urlTemplate":"https:\/\/adcelectronique.com\/?s={search_term_string}"},"query-input":{"@type":"PropertyValueSpecification","valueRequired":true,"valueName":"search_term_string"}}],"inLanguage":"fr-FR"}]}},"_links":{"self":[{"href":"https:\/\/adcelectronique.com\/index.php\/wp-json\/wp\/v2\/product\/10424","targetHints":{"allow":["GET"]}}],"collection":[{"href":"https:\/\/adcelectronique.com\/index.php\/wp-json\/wp\/v2\/product"}],"about":[{"href":"https:\/\/adcelectronique.com\/index.php\/wp-json\/wp\/v2\/types\/product"}],"replies":[{"embeddable":true,"href":"https:\/\/adcelectronique.com\/index.php\/wp-json\/wp\/v2\/comments?post=10424"}],"version-history":[{"count":0,"href":"https:\/\/adcelectronique.com\/index.php\/wp-json\/wp\/v2\/product\/10424\/revisions"}],"wp:featuredmedia":[{"embeddable":true,"href":"https:\/\/adcelectronique.com\/index.php\/wp-json\/wp\/v2\/media\/10425"}],"wp:attachment":[{"href":"https:\/\/adcelectronique.com\/index.php\/wp-json\/wp\/v2\/media?parent=10424"}],"wp:term":[{"taxonomy":"product_brand","embeddable":true,"href":"https:\/\/adcelectronique.com\/index.php\/wp-json\/wp\/v2\/product_brand?post=10424"},{"taxonomy":"product_cat","embeddable":true,"href":"https:\/\/adcelectronique.com\/index.php\/wp-json\/wp\/v2\/product_cat?post=10424"},{"taxonomy":"product_tag","embeddable":true,"href":"https:\/\/adcelectronique.com\/index.php\/wp-json\/wp\/v2\/product_tag?post=10424"}],"curies":[{"name":"wp","href":"https:\/\/api.w.org\/{rel}","templated":true}]}}