{"id":10441,"date":"2026-01-26T14:57:38","date_gmt":"2026-01-26T14:57:38","guid":{"rendered":"https:\/\/adcelectronique.com\/?post_type=product&#038;p=10441"},"modified":"2026-01-26T15:00:55","modified_gmt":"2026-01-26T15:00:55","slug":"pince-demi-rond-proskit-1pk-396b","status":"publish","type":"product","link":"https:\/\/adcelectronique.com\/index.php\/product\/pince-demi-rond-proskit-1pk-396b\/","title":{"rendered":"PINCE DEMI ROND PROSKIT 1PK-396B"},"content":{"rendered":"<h3>\u00a0 \u00a0 \u00a0 \u00a0 \u00a0 \u00a0 \u00a0 \u00a0 \u00a0 \u00a0 \u00a0 \u00a0 \u00a0 \u00a0 \u00a0 \u00a0 \u00a0 \u00a0 \u00a0 \u00a0 \u00a0 PINCE DEMI ROND PROSKIT 1PK-396B<\/h3>\n<div id=\"section2\" align=\"start\">\n<div>\n<div>\n<ul>\n<li>\n<p id=\"tl_1\">Pince coupante \u00e0 couteau pointu rouge en acier inoxydable, pince coupante pour fils et c\u00e2bles, pince diagonale, outil<\/p>\n<p id=\"tl_2\">fonctionnalit\u00e9 100% qualit\u00e9 .<\/p>\n<p id=\"tl_4\">Le corps principal est en acier inoxydable AISI420J2.<\/p>\n<p id=\"tl_5\">M\u00e2choires en acier inoxydable, poign\u00e9e en caoutchouc antid\u00e9rapante<\/p>\n<p id=\"tl_6\">L\u00e9ger, profil fin et facile \u00e0 utiliser, la poign\u00e9e isol\u00e9e rend le fonctionnement confortable<\/p>\n<p id=\"tl_7\">Sentez-vous confortable et facile \u00e0 utiliser<\/p>\n<p id=\"tl_8\">Particuli\u00e8rement adapt\u00e9 pour couper des fils, des pieds \u00e9lectroniques, couper des produits en plastique, couper de petits fils m\u00e9talliques, etc.<\/p>\n<\/li>\n<li>\n<p id=\"tl_8\">Taille compl\u00e8te, utilis\u00e9e dans la r\u00e9paration de l&rsquo;industrie \u00e9lectronique, le traitement de la bijouterie, la fabrication de mod\u00e8les et la p\u00eache, etc.<\/p>\n<\/li>\n<li>\n<p id=\"tl_10\">Fabriqu\u00e9 en acier inoxydable de haute qualit\u00e9<\/p>\n<\/li>\n<li>\n<p id=\"tl_11\">Gamme de couteaux et de pinces de haute qualit\u00e9 con\u00e7us pour un service fiable dans la production.<\/p>\n<\/li>\n<\/ul>\n<\/div>\n<\/div>\n<\/div>\n<div id=\"section3\" align=\"start\"><\/div>\n","protected":false},"excerpt":{"rendered":"<div id=\"section2\" align=\"start\">\n<div>\n<div>\n<ul>\n<li>\n<p id=\"tl_1\">Pince coupante \u00e0 couteau pointu rouge en acier inoxydable, pince coupante pour fils et c\u00e2bles, pince diagonale, outil<\/p>\n<p id=\"tl_2\">fonctionnalit\u00e9 100% qualit\u00e9 .<\/p>\n<p id=\"tl_4\">Le corps principal est en acier inoxydable AISI420J2.<\/p>\n<p id=\"tl_5\">M\u00e2choires en acier inoxydable, poign\u00e9e en caoutchouc antid\u00e9rapante<\/p>\n<p id=\"tl_6\">L\u00e9ger, profil fin et facile \u00e0 utiliser, la poign\u00e9e isol\u00e9e rend le fonctionnement confortable<\/p>\n<p id=\"tl_7\">Sentez-vous confortable et facile \u00e0 utiliser<\/p>\n<p id=\"tl_8\">Particuli\u00e8rement adapt\u00e9 pour couper des fils, des pieds \u00e9lectroniques, couper des produits en plastique, couper de petits fils m\u00e9talliques, etc.<\/p>\n<\/li>\n<li>\n<p id=\"tl_8\">Taille compl\u00e8te, utilis\u00e9e dans la r\u00e9paration de l&rsquo;industrie \u00e9lectronique, le traitement de la bijouterie, la fabrication de mod\u00e8les et la p\u00eache, etc.<\/p>\n<\/li>\n<li>\n<p id=\"tl_10\">Fabriqu\u00e9 en acier inoxydable de haute qualit\u00e9<\/p>\n<\/li>\n<li>\n<p id=\"tl_11\">Gamme de couteaux et de pinces de haute qualit\u00e9 con\u00e7us pour un service fiable dans la production.<\/p>\n<\/li>\n<\/ul>\n<\/div>\n<\/div>\n<\/div>\n<div id=\"section3\" align=\"start\"><\/div>\n","protected":false},"featured_media":10442,"comment_status":"open","ping_status":"closed","template":"","meta":[],"product_brand":[121],"product_cat":[135],"product_tag":[],"class_list":{"0":"post-10441","1":"product","2":"type-product","3":"status-publish","4":"has-post-thumbnail","6":"product_brand-pros-kit","7":"product_cat-pince-coupante","9":"first","10":"instock","11":"shipping-taxable","12":"purchasable","13":"product-type-simple"},"yoast_head":"<!-- This site is optimized with the Yoast SEO Premium plugin v26.2 (Yoast SEO v26.2) - https:\/\/yoast.com\/wordpress\/plugins\/seo\/ -->\n<title>PINCE DEMI ROND PROSKIT 1PK-396B - ADC Electronique<\/title>\n<meta name=\"robots\" content=\"index, follow, max-snippet:-1, max-image-preview:large, max-video-preview:-1\" \/>\n<link rel=\"canonical\" href=\"https:\/\/adcelectronique.com\/index.php\/product\/pince-demi-rond-proskit-1pk-396b\/\" \/>\n<meta property=\"og:locale\" content=\"fr_FR\" \/>\n<meta property=\"og:type\" content=\"article\" \/>\n<meta property=\"og:title\" content=\"PINCE DEMI ROND PROSKIT 1PK-396B\" \/>\n<meta property=\"og:description\" content=\"Pince coupante \u00e0 couteau pointu rouge en acier inoxydable, pince coupante pour fils et c\u00e2bles, pince diagonale, outil fonctionnalit\u00e9 100% qualit\u00e9 . Le corps principal est en acier inoxydable AISI420J2. M\u00e2choires en acier inoxydable, poign\u00e9e en caoutchouc antid\u00e9rapante L\u00e9ger, profil fin et facile \u00e0 utiliser, la poign\u00e9e isol\u00e9e rend le fonctionnement confortable Sentez-vous confortable et facile \u00e0 utiliser Particuli\u00e8rement adapt\u00e9 pour couper des fils, des pieds \u00e9lectroniques, couper des produits en plastique, couper de petits fils m\u00e9talliques, etc.    Taille compl\u00e8te, utilis\u00e9e dans la r\u00e9paration de l&#039;industrie \u00e9lectronique, le traitement de la bijouterie, la fabrication de mod\u00e8les et la p\u00eache, etc.    Fabriqu\u00e9 en acier inoxydable de haute qualit\u00e9    Gamme de couteaux et de pinces de haute qualit\u00e9 con\u00e7us pour un service fiable dans la production.\" \/>\n<meta property=\"og:url\" content=\"https:\/\/adcelectronique.com\/index.php\/product\/pince-demi-rond-proskit-1pk-396b\/\" \/>\n<meta property=\"og:site_name\" content=\"ADC Electronique\" \/>\n<meta property=\"article:modified_time\" content=\"2026-01-26T15:00:55+00:00\" \/>\n<meta property=\"og:image\" content=\"https:\/\/adcelectronique.com\/wp-content\/uploads\/2026\/01\/Sans-titre-2.png\" \/>\n\t<meta property=\"og:image:width\" content=\"800\" \/>\n\t<meta property=\"og:image:height\" content=\"600\" \/>\n\t<meta property=\"og:image:type\" content=\"image\/png\" \/>\n<meta name=\"twitter:card\" content=\"summary_large_image\" \/>\n<meta name=\"twitter:label1\" content=\"Dur\u00e9e de lecture estim\u00e9e\" \/>\n\t<meta name=\"twitter:data1\" content=\"1 minute\" \/>\n<script type=\"application\/ld+json\" class=\"yoast-schema-graph\">{\"@context\":\"https:\/\/schema.org\",\"@graph\":[{\"@type\":\"WebPage\",\"@id\":\"https:\/\/adcelectronique.com\/index.php\/product\/pince-demi-rond-proskit-1pk-396b\/\",\"url\":\"https:\/\/adcelectronique.com\/index.php\/product\/pince-demi-rond-proskit-1pk-396b\/\",\"name\":\"PINCE DEMI ROND PROSKIT 1PK-396B - ADC Electronique\",\"isPartOf\":{\"@id\":\"https:\/\/adcelectronique.com\/#website\"},\"primaryImageOfPage\":{\"@id\":\"https:\/\/adcelectronique.com\/index.php\/product\/pince-demi-rond-proskit-1pk-396b\/#primaryimage\"},\"image\":{\"@id\":\"https:\/\/adcelectronique.com\/index.php\/product\/pince-demi-rond-proskit-1pk-396b\/#primaryimage\"},\"thumbnailUrl\":\"https:\/\/adcelectronique.com\/wp-content\/uploads\/2026\/01\/Sans-titre-2.png\",\"datePublished\":\"2026-01-26T14:57:38+00:00\",\"dateModified\":\"2026-01-26T15:00:55+00:00\",\"breadcrumb\":{\"@id\":\"https:\/\/adcelectronique.com\/index.php\/product\/pince-demi-rond-proskit-1pk-396b\/#breadcrumb\"},\"inLanguage\":\"fr-FR\",\"potentialAction\":[{\"@type\":\"ReadAction\",\"target\":[\"https:\/\/adcelectronique.com\/index.php\/product\/pince-demi-rond-proskit-1pk-396b\/\"]}]},{\"@type\":\"ImageObject\",\"inLanguage\":\"fr-FR\",\"@id\":\"https:\/\/adcelectronique.com\/index.php\/product\/pince-demi-rond-proskit-1pk-396b\/#primaryimage\",\"url\":\"https:\/\/adcelectronique.com\/wp-content\/uploads\/2026\/01\/Sans-titre-2.png\",\"contentUrl\":\"https:\/\/adcelectronique.com\/wp-content\/uploads\/2026\/01\/Sans-titre-2.png\",\"width\":800,\"height\":600},{\"@type\":\"BreadcrumbList\",\"@id\":\"https:\/\/adcelectronique.com\/index.php\/product\/pince-demi-rond-proskit-1pk-396b\/#breadcrumb\",\"itemListElement\":[{\"@type\":\"ListItem\",\"position\":1,\"name\":\"Home\",\"item\":\"https:\/\/adcelectronique.com\/\"},{\"@type\":\"ListItem\",\"position\":2,\"name\":\"Shop\",\"item\":\"https:\/\/adcelectronique.com\/index.php\/shop\/\"},{\"@type\":\"ListItem\",\"position\":3,\"name\":\"PINCE DEMI ROND PROSKIT 1PK-396B\"}]},{\"@type\":\"WebSite\",\"@id\":\"https:\/\/adcelectronique.com\/#website\",\"url\":\"https:\/\/adcelectronique.com\/\",\"name\":\"ADC Electronique\",\"description\":\"\",\"potentialAction\":[{\"@type\":\"SearchAction\",\"target\":{\"@type\":\"EntryPoint\",\"urlTemplate\":\"https:\/\/adcelectronique.com\/?s={search_term_string}\"},\"query-input\":{\"@type\":\"PropertyValueSpecification\",\"valueRequired\":true,\"valueName\":\"search_term_string\"}}],\"inLanguage\":\"fr-FR\"}]}<\/script>\n<!-- \/ Yoast SEO Premium plugin. -->","yoast_head_json":{"title":"PINCE DEMI ROND PROSKIT 1PK-396B - ADC Electronique","robots":{"index":"index","follow":"follow","max-snippet":"max-snippet:-1","max-image-preview":"max-image-preview:large","max-video-preview":"max-video-preview:-1"},"canonical":"https:\/\/adcelectronique.com\/index.php\/product\/pince-demi-rond-proskit-1pk-396b\/","og_locale":"fr_FR","og_type":"article","og_title":"PINCE DEMI ROND PROSKIT 1PK-396B","og_description":"Pince coupante \u00e0 couteau pointu rouge en acier inoxydable, pince coupante pour fils et c\u00e2bles, pince diagonale, outil fonctionnalit\u00e9 100% qualit\u00e9 . Le corps principal est en acier inoxydable AISI420J2. M\u00e2choires en acier inoxydable, poign\u00e9e en caoutchouc antid\u00e9rapante L\u00e9ger, profil fin et facile \u00e0 utiliser, la poign\u00e9e isol\u00e9e rend le fonctionnement confortable Sentez-vous confortable et facile \u00e0 utiliser Particuli\u00e8rement adapt\u00e9 pour couper des fils, des pieds \u00e9lectroniques, couper des produits en plastique, couper de petits fils m\u00e9talliques, etc.    Taille compl\u00e8te, utilis\u00e9e dans la r\u00e9paration de l'industrie \u00e9lectronique, le traitement de la bijouterie, la fabrication de mod\u00e8les et la p\u00eache, etc.    Fabriqu\u00e9 en acier inoxydable de haute qualit\u00e9    Gamme de couteaux et de pinces de haute qualit\u00e9 con\u00e7us pour un service fiable dans la production.","og_url":"https:\/\/adcelectronique.com\/index.php\/product\/pince-demi-rond-proskit-1pk-396b\/","og_site_name":"ADC Electronique","article_modified_time":"2026-01-26T15:00:55+00:00","og_image":[{"width":800,"height":600,"url":"https:\/\/adcelectronique.com\/wp-content\/uploads\/2026\/01\/Sans-titre-2.png","type":"image\/png"}],"twitter_card":"summary_large_image","twitter_misc":{"Dur\u00e9e de lecture estim\u00e9e":"1 minute"},"schema":{"@context":"https:\/\/schema.org","@graph":[{"@type":"WebPage","@id":"https:\/\/adcelectronique.com\/index.php\/product\/pince-demi-rond-proskit-1pk-396b\/","url":"https:\/\/adcelectronique.com\/index.php\/product\/pince-demi-rond-proskit-1pk-396b\/","name":"PINCE DEMI ROND PROSKIT 1PK-396B - ADC Electronique","isPartOf":{"@id":"https:\/\/adcelectronique.com\/#website"},"primaryImageOfPage":{"@id":"https:\/\/adcelectronique.com\/index.php\/product\/pince-demi-rond-proskit-1pk-396b\/#primaryimage"},"image":{"@id":"https:\/\/adcelectronique.com\/index.php\/product\/pince-demi-rond-proskit-1pk-396b\/#primaryimage"},"thumbnailUrl":"https:\/\/adcelectronique.com\/wp-content\/uploads\/2026\/01\/Sans-titre-2.png","datePublished":"2026-01-26T14:57:38+00:00","dateModified":"2026-01-26T15:00:55+00:00","breadcrumb":{"@id":"https:\/\/adcelectronique.com\/index.php\/product\/pince-demi-rond-proskit-1pk-396b\/#breadcrumb"},"inLanguage":"fr-FR","potentialAction":[{"@type":"ReadAction","target":["https:\/\/adcelectronique.com\/index.php\/product\/pince-demi-rond-proskit-1pk-396b\/"]}]},{"@type":"ImageObject","inLanguage":"fr-FR","@id":"https:\/\/adcelectronique.com\/index.php\/product\/pince-demi-rond-proskit-1pk-396b\/#primaryimage","url":"https:\/\/adcelectronique.com\/wp-content\/uploads\/2026\/01\/Sans-titre-2.png","contentUrl":"https:\/\/adcelectronique.com\/wp-content\/uploads\/2026\/01\/Sans-titre-2.png","width":800,"height":600},{"@type":"BreadcrumbList","@id":"https:\/\/adcelectronique.com\/index.php\/product\/pince-demi-rond-proskit-1pk-396b\/#breadcrumb","itemListElement":[{"@type":"ListItem","position":1,"name":"Home","item":"https:\/\/adcelectronique.com\/"},{"@type":"ListItem","position":2,"name":"Shop","item":"https:\/\/adcelectronique.com\/index.php\/shop\/"},{"@type":"ListItem","position":3,"name":"PINCE DEMI ROND PROSKIT 1PK-396B"}]},{"@type":"WebSite","@id":"https:\/\/adcelectronique.com\/#website","url":"https:\/\/adcelectronique.com\/","name":"ADC Electronique","description":"","potentialAction":[{"@type":"SearchAction","target":{"@type":"EntryPoint","urlTemplate":"https:\/\/adcelectronique.com\/?s={search_term_string}"},"query-input":{"@type":"PropertyValueSpecification","valueRequired":true,"valueName":"search_term_string"}}],"inLanguage":"fr-FR"}]}},"_links":{"self":[{"href":"https:\/\/adcelectronique.com\/index.php\/wp-json\/wp\/v2\/product\/10441","targetHints":{"allow":["GET"]}}],"collection":[{"href":"https:\/\/adcelectronique.com\/index.php\/wp-json\/wp\/v2\/product"}],"about":[{"href":"https:\/\/adcelectronique.com\/index.php\/wp-json\/wp\/v2\/types\/product"}],"replies":[{"embeddable":true,"href":"https:\/\/adcelectronique.com\/index.php\/wp-json\/wp\/v2\/comments?post=10441"}],"version-history":[{"count":0,"href":"https:\/\/adcelectronique.com\/index.php\/wp-json\/wp\/v2\/product\/10441\/revisions"}],"wp:featuredmedia":[{"embeddable":true,"href":"https:\/\/adcelectronique.com\/index.php\/wp-json\/wp\/v2\/media\/10442"}],"wp:attachment":[{"href":"https:\/\/adcelectronique.com\/index.php\/wp-json\/wp\/v2\/media?parent=10441"}],"wp:term":[{"taxonomy":"product_brand","embeddable":true,"href":"https:\/\/adcelectronique.com\/index.php\/wp-json\/wp\/v2\/product_brand?post=10441"},{"taxonomy":"product_cat","embeddable":true,"href":"https:\/\/adcelectronique.com\/index.php\/wp-json\/wp\/v2\/product_cat?post=10441"},{"taxonomy":"product_tag","embeddable":true,"href":"https:\/\/adcelectronique.com\/index.php\/wp-json\/wp\/v2\/product_tag?post=10441"}],"curies":[{"name":"wp","href":"https:\/\/api.w.org\/{rel}","templated":true}]}}