{"id":10447,"date":"2026-01-26T15:10:57","date_gmt":"2026-01-26T15:10:57","guid":{"rendered":"https:\/\/adcelectronique.com\/?post_type=product&#038;p=10447"},"modified":"2026-01-26T15:10:58","modified_gmt":"2026-01-26T15:10:58","slug":"pince-coupante-1pk396a","status":"publish","type":"product","link":"https:\/\/adcelectronique.com\/index.php\/product\/pince-coupante-1pk396a\/","title":{"rendered":"PINCE COUPANTE 1PK396A"},"content":{"rendered":"<p>&nbsp;<\/p>\n<h2>\u00a0 \u00a0 \u00a0 \u00a0 \u00a0 \u00a0 \u00a0 \u00a0 \u00a0 \u00a0 \u00a0 \u00a0 \u00a0 \u00a0 \u00a0 \u00a0 \u00a0 \u00a0 \u00a0 \u00a0 \u00a0 \u00a0 \u00a0 \u00a0 PINCE COUPANTE 1PK396A<\/h2>\n<p>Pro&rsquo;sKit \u2013 pince coupante diagonale en acier inoxydable 1PK-396A, pince \u00e0 nez \u00e0 aiguille \u00e0 poign\u00e9e rouge, pince \u00e0 cisailler de pr\u00e9cision, coupe-c\u00e2ble<\/p>\n<p><strong>D\u00e9tails<\/strong><\/p>\n<ul>\n<li>Style de poign\u00e9e\u00a0:Courb\u00e9<\/li>\n<li>Caract\u00e9ristiques\u00a0:Multifonctionnel<\/li>\n<li>Application\u00a0:Couper<\/li>\n<li>Num\u00e9ro de Mod\u00e8le\u00a0:1PK-396A<\/li>\n<li>Type\u00a0:Pince diagonale<\/li>\n<li>Origine\u00a0:CN (Origine)<\/li>\n<li>Style de pince\u00a0:Chinois<\/li>\n<li>Nom de marque\u00a0:Pro\u2019skit<\/li>\n<li>Mat\u00e9riau\u00a0:Acier au carbone<\/li>\n<li>Fournitures de bricolage\u00a0:\u00e9lectrique<\/li>\n<\/ul>\n<p><strong><u>Sp\u00e9cifications:<\/u><\/strong><\/p>\n<p>Mat\u00e9riel: AISI420J2<\/p>\n<p>Duret\u00e9: Corps: 48 +- 3<\/p>\n<p>Capacit\u00e9 de coupe: fil de cuivre: 1.3mm<\/p>\n<p>Poids: 72g<\/p>\n<p>Pleine longueur: 110mm<\/p>\n<p>&nbsp;<\/p>\n","protected":false},"excerpt":{"rendered":"<p>Pro&rsquo;sKit \u2013 pince coupante diagonale en acier inoxydable 1PK-396A, pince \u00e0 nez \u00e0 aiguille \u00e0 poign\u00e9e rouge, pince \u00e0 cisailler de pr\u00e9cision, coupe-c\u00e2ble<\/p>\n<p><strong>D\u00e9tails<\/strong><\/p>\n<ul>\n<li>Style de poign\u00e9e\u00a0:Courb\u00e9<\/li>\n<li>Caract\u00e9ristiques\u00a0:Multifonctionnel<\/li>\n<li>Application\u00a0:Couper<\/li>\n<li>Num\u00e9ro de Mod\u00e8le\u00a0:1PK-396A<\/li>\n<li>Type\u00a0:Pince diagonale<\/li>\n<li>Origine\u00a0:CN (Origine)<\/li>\n<li>Style de pince\u00a0:Chinois<\/li>\n<li>Nom de marque\u00a0:Pro\u2019skit<\/li>\n<li>Mat\u00e9riau\u00a0:Acier au carbone<\/li>\n<li>Fournitures de bricolage\u00a0:\u00e9lectrique<\/li>\n<\/ul>\n","protected":false},"featured_media":10448,"comment_status":"open","ping_status":"closed","template":"","meta":[],"product_brand":[121],"product_cat":[135],"product_tag":[],"class_list":{"0":"post-10447","1":"product","2":"type-product","3":"status-publish","4":"has-post-thumbnail","6":"product_brand-pros-kit","7":"product_cat-pince-coupante","9":"first","10":"instock","11":"shipping-taxable","12":"purchasable","13":"product-type-simple"},"yoast_head":"<!-- This site is optimized with the Yoast SEO Premium plugin v26.2 (Yoast SEO v26.2) - https:\/\/yoast.com\/wordpress\/plugins\/seo\/ -->\n<title>PINCE COUPANTE 1PK396A - ADC Electronique<\/title>\n<meta name=\"description\" content=\"Pro&#039;sKit \u2013 pince coupante diagonale en acier inoxydable 1PK-396A, pince \u00e0 nez \u00e0 aiguille \u00e0 poign\u00e9e rouge, pince \u00e0 cisailler de pr\u00e9cision, coupe-c\u00e2bleD\u00e9tailsStyle de poign\u00e9e\u00a0:Courb\u00e9Caract\u00e9ristiques\u00a0:MultifonctionnelApplication\u00a0:CouperNum\u00e9ro de Mod\u00e8le\u00a0:1PK-396AType\u00a0:Pince diagonaleOrigine\u00a0:CN (Origine)Style de pince\u00a0:ChinoisNom de marque\u00a0:Pro\u2019skitMat\u00e9riau\u00a0:Acier au carboneFournitures de bricolage\u00a0:\u00e9lectrique\" \/>\n<meta name=\"robots\" content=\"index, follow, max-snippet:-1, max-image-preview:large, max-video-preview:-1\" \/>\n<link rel=\"canonical\" href=\"https:\/\/adcelectronique.com\/index.php\/product\/pince-coupante-1pk396a\/\" \/>\n<meta property=\"og:locale\" content=\"fr_FR\" \/>\n<meta property=\"og:type\" content=\"article\" \/>\n<meta property=\"og:title\" content=\"PINCE COUPANTE 1PK396A\" \/>\n<meta property=\"og:description\" content=\"Pro&#039;sKit \u2013 pince coupante diagonale en acier inoxydable 1PK-396A, pince \u00e0 nez \u00e0 aiguille \u00e0 poign\u00e9e rouge, pince \u00e0 cisailler de pr\u00e9cision, coupe-c\u00e2bleD\u00e9tailsStyle de poign\u00e9e\u00a0:Courb\u00e9Caract\u00e9ristiques\u00a0:MultifonctionnelApplication\u00a0:CouperNum\u00e9ro de Mod\u00e8le\u00a0:1PK-396AType\u00a0:Pince diagonaleOrigine\u00a0:CN (Origine)Style de pince\u00a0:ChinoisNom de marque\u00a0:Pro\u2019skitMat\u00e9riau\u00a0:Acier au carboneFournitures de bricolage\u00a0:\u00e9lectrique\" \/>\n<meta property=\"og:url\" content=\"https:\/\/adcelectronique.com\/index.php\/product\/pince-coupante-1pk396a\/\" \/>\n<meta property=\"og:site_name\" content=\"ADC Electronique\" \/>\n<meta property=\"article:modified_time\" content=\"2026-01-26T15:10:58+00:00\" \/>\n<meta property=\"og:image\" content=\"https:\/\/adcelectronique.com\/wp-content\/uploads\/2026\/01\/396aaa.png\" \/>\n\t<meta property=\"og:image:width\" content=\"1000\" \/>\n\t<meta property=\"og:image:height\" content=\"1000\" \/>\n\t<meta property=\"og:image:type\" content=\"image\/png\" \/>\n<meta name=\"twitter:card\" content=\"summary_large_image\" \/>\n<meta name=\"twitter:label1\" content=\"Dur\u00e9e de lecture estim\u00e9e\" \/>\n\t<meta name=\"twitter:data1\" content=\"1 minute\" \/>\n<script type=\"application\/ld+json\" class=\"yoast-schema-graph\">{\"@context\":\"https:\/\/schema.org\",\"@graph\":[{\"@type\":\"WebPage\",\"@id\":\"https:\/\/adcelectronique.com\/index.php\/product\/pince-coupante-1pk396a\/\",\"url\":\"https:\/\/adcelectronique.com\/index.php\/product\/pince-coupante-1pk396a\/\",\"name\":\"PINCE COUPANTE 1PK396A - ADC Electronique\",\"isPartOf\":{\"@id\":\"https:\/\/adcelectronique.com\/#website\"},\"primaryImageOfPage\":{\"@id\":\"https:\/\/adcelectronique.com\/index.php\/product\/pince-coupante-1pk396a\/#primaryimage\"},\"image\":{\"@id\":\"https:\/\/adcelectronique.com\/index.php\/product\/pince-coupante-1pk396a\/#primaryimage\"},\"thumbnailUrl\":\"https:\/\/adcelectronique.com\/wp-content\/uploads\/2026\/01\/396aaa.png\",\"datePublished\":\"2026-01-26T15:10:57+00:00\",\"dateModified\":\"2026-01-26T15:10:58+00:00\",\"description\":\"Pro'sKit \u2013 pince coupante diagonale en acier inoxydable 1PK-396A, pince \u00e0 nez \u00e0 aiguille \u00e0 poign\u00e9e rouge, pince \u00e0 cisailler de pr\u00e9cision, coupe-c\u00e2bleD\u00e9tailsStyle de poign\u00e9e\u00a0:Courb\u00e9Caract\u00e9ristiques\u00a0:MultifonctionnelApplication\u00a0:CouperNum\u00e9ro de Mod\u00e8le\u00a0:1PK-396AType\u00a0:Pince diagonaleOrigine\u00a0:CN (Origine)Style de pince\u00a0:ChinoisNom de marque\u00a0:Pro\u2019skitMat\u00e9riau\u00a0:Acier au carboneFournitures de bricolage\u00a0:\u00e9lectrique\",\"breadcrumb\":{\"@id\":\"https:\/\/adcelectronique.com\/index.php\/product\/pince-coupante-1pk396a\/#breadcrumb\"},\"inLanguage\":\"fr-FR\",\"potentialAction\":[{\"@type\":\"ReadAction\",\"target\":[\"https:\/\/adcelectronique.com\/index.php\/product\/pince-coupante-1pk396a\/\"]}]},{\"@type\":\"ImageObject\",\"inLanguage\":\"fr-FR\",\"@id\":\"https:\/\/adcelectronique.com\/index.php\/product\/pince-coupante-1pk396a\/#primaryimage\",\"url\":\"https:\/\/adcelectronique.com\/wp-content\/uploads\/2026\/01\/396aaa.png\",\"contentUrl\":\"https:\/\/adcelectronique.com\/wp-content\/uploads\/2026\/01\/396aaa.png\",\"width\":1000,\"height\":1000},{\"@type\":\"BreadcrumbList\",\"@id\":\"https:\/\/adcelectronique.com\/index.php\/product\/pince-coupante-1pk396a\/#breadcrumb\",\"itemListElement\":[{\"@type\":\"ListItem\",\"position\":1,\"name\":\"Home\",\"item\":\"https:\/\/adcelectronique.com\/\"},{\"@type\":\"ListItem\",\"position\":2,\"name\":\"Shop\",\"item\":\"https:\/\/adcelectronique.com\/index.php\/shop\/\"},{\"@type\":\"ListItem\",\"position\":3,\"name\":\"PINCE COUPANTE 1PK396A\"}]},{\"@type\":\"WebSite\",\"@id\":\"https:\/\/adcelectronique.com\/#website\",\"url\":\"https:\/\/adcelectronique.com\/\",\"name\":\"ADC Electronique\",\"description\":\"\",\"potentialAction\":[{\"@type\":\"SearchAction\",\"target\":{\"@type\":\"EntryPoint\",\"urlTemplate\":\"https:\/\/adcelectronique.com\/?s={search_term_string}\"},\"query-input\":{\"@type\":\"PropertyValueSpecification\",\"valueRequired\":true,\"valueName\":\"search_term_string\"}}],\"inLanguage\":\"fr-FR\"}]}<\/script>\n<!-- \/ Yoast SEO Premium plugin. -->","yoast_head_json":{"title":"PINCE COUPANTE 1PK396A - ADC Electronique","description":"Pro'sKit \u2013 pince coupante diagonale en acier inoxydable 1PK-396A, pince \u00e0 nez \u00e0 aiguille \u00e0 poign\u00e9e rouge, pince \u00e0 cisailler de pr\u00e9cision, coupe-c\u00e2bleD\u00e9tailsStyle de poign\u00e9e\u00a0:Courb\u00e9Caract\u00e9ristiques\u00a0:MultifonctionnelApplication\u00a0:CouperNum\u00e9ro de Mod\u00e8le\u00a0:1PK-396AType\u00a0:Pince diagonaleOrigine\u00a0:CN (Origine)Style de pince\u00a0:ChinoisNom de marque\u00a0:Pro\u2019skitMat\u00e9riau\u00a0:Acier au carboneFournitures de bricolage\u00a0:\u00e9lectrique","robots":{"index":"index","follow":"follow","max-snippet":"max-snippet:-1","max-image-preview":"max-image-preview:large","max-video-preview":"max-video-preview:-1"},"canonical":"https:\/\/adcelectronique.com\/index.php\/product\/pince-coupante-1pk396a\/","og_locale":"fr_FR","og_type":"article","og_title":"PINCE COUPANTE 1PK396A","og_description":"Pro'sKit \u2013 pince coupante diagonale en acier inoxydable 1PK-396A, pince \u00e0 nez \u00e0 aiguille \u00e0 poign\u00e9e rouge, pince \u00e0 cisailler de pr\u00e9cision, coupe-c\u00e2bleD\u00e9tailsStyle de poign\u00e9e\u00a0:Courb\u00e9Caract\u00e9ristiques\u00a0:MultifonctionnelApplication\u00a0:CouperNum\u00e9ro de Mod\u00e8le\u00a0:1PK-396AType\u00a0:Pince diagonaleOrigine\u00a0:CN (Origine)Style de pince\u00a0:ChinoisNom de marque\u00a0:Pro\u2019skitMat\u00e9riau\u00a0:Acier au carboneFournitures de bricolage\u00a0:\u00e9lectrique","og_url":"https:\/\/adcelectronique.com\/index.php\/product\/pince-coupante-1pk396a\/","og_site_name":"ADC Electronique","article_modified_time":"2026-01-26T15:10:58+00:00","og_image":[{"width":1000,"height":1000,"url":"https:\/\/adcelectronique.com\/wp-content\/uploads\/2026\/01\/396aaa.png","type":"image\/png"}],"twitter_card":"summary_large_image","twitter_misc":{"Dur\u00e9e de lecture estim\u00e9e":"1 minute"},"schema":{"@context":"https:\/\/schema.org","@graph":[{"@type":"WebPage","@id":"https:\/\/adcelectronique.com\/index.php\/product\/pince-coupante-1pk396a\/","url":"https:\/\/adcelectronique.com\/index.php\/product\/pince-coupante-1pk396a\/","name":"PINCE COUPANTE 1PK396A - ADC Electronique","isPartOf":{"@id":"https:\/\/adcelectronique.com\/#website"},"primaryImageOfPage":{"@id":"https:\/\/adcelectronique.com\/index.php\/product\/pince-coupante-1pk396a\/#primaryimage"},"image":{"@id":"https:\/\/adcelectronique.com\/index.php\/product\/pince-coupante-1pk396a\/#primaryimage"},"thumbnailUrl":"https:\/\/adcelectronique.com\/wp-content\/uploads\/2026\/01\/396aaa.png","datePublished":"2026-01-26T15:10:57+00:00","dateModified":"2026-01-26T15:10:58+00:00","description":"Pro'sKit \u2013 pince coupante diagonale en acier inoxydable 1PK-396A, pince \u00e0 nez \u00e0 aiguille \u00e0 poign\u00e9e rouge, pince \u00e0 cisailler de pr\u00e9cision, coupe-c\u00e2bleD\u00e9tailsStyle de poign\u00e9e\u00a0:Courb\u00e9Caract\u00e9ristiques\u00a0:MultifonctionnelApplication\u00a0:CouperNum\u00e9ro de Mod\u00e8le\u00a0:1PK-396AType\u00a0:Pince diagonaleOrigine\u00a0:CN (Origine)Style de pince\u00a0:ChinoisNom de marque\u00a0:Pro\u2019skitMat\u00e9riau\u00a0:Acier au carboneFournitures de bricolage\u00a0:\u00e9lectrique","breadcrumb":{"@id":"https:\/\/adcelectronique.com\/index.php\/product\/pince-coupante-1pk396a\/#breadcrumb"},"inLanguage":"fr-FR","potentialAction":[{"@type":"ReadAction","target":["https:\/\/adcelectronique.com\/index.php\/product\/pince-coupante-1pk396a\/"]}]},{"@type":"ImageObject","inLanguage":"fr-FR","@id":"https:\/\/adcelectronique.com\/index.php\/product\/pince-coupante-1pk396a\/#primaryimage","url":"https:\/\/adcelectronique.com\/wp-content\/uploads\/2026\/01\/396aaa.png","contentUrl":"https:\/\/adcelectronique.com\/wp-content\/uploads\/2026\/01\/396aaa.png","width":1000,"height":1000},{"@type":"BreadcrumbList","@id":"https:\/\/adcelectronique.com\/index.php\/product\/pince-coupante-1pk396a\/#breadcrumb","itemListElement":[{"@type":"ListItem","position":1,"name":"Home","item":"https:\/\/adcelectronique.com\/"},{"@type":"ListItem","position":2,"name":"Shop","item":"https:\/\/adcelectronique.com\/index.php\/shop\/"},{"@type":"ListItem","position":3,"name":"PINCE COUPANTE 1PK396A"}]},{"@type":"WebSite","@id":"https:\/\/adcelectronique.com\/#website","url":"https:\/\/adcelectronique.com\/","name":"ADC Electronique","description":"","potentialAction":[{"@type":"SearchAction","target":{"@type":"EntryPoint","urlTemplate":"https:\/\/adcelectronique.com\/?s={search_term_string}"},"query-input":{"@type":"PropertyValueSpecification","valueRequired":true,"valueName":"search_term_string"}}],"inLanguage":"fr-FR"}]}},"_links":{"self":[{"href":"https:\/\/adcelectronique.com\/index.php\/wp-json\/wp\/v2\/product\/10447","targetHints":{"allow":["GET"]}}],"collection":[{"href":"https:\/\/adcelectronique.com\/index.php\/wp-json\/wp\/v2\/product"}],"about":[{"href":"https:\/\/adcelectronique.com\/index.php\/wp-json\/wp\/v2\/types\/product"}],"replies":[{"embeddable":true,"href":"https:\/\/adcelectronique.com\/index.php\/wp-json\/wp\/v2\/comments?post=10447"}],"version-history":[{"count":0,"href":"https:\/\/adcelectronique.com\/index.php\/wp-json\/wp\/v2\/product\/10447\/revisions"}],"wp:featuredmedia":[{"embeddable":true,"href":"https:\/\/adcelectronique.com\/index.php\/wp-json\/wp\/v2\/media\/10448"}],"wp:attachment":[{"href":"https:\/\/adcelectronique.com\/index.php\/wp-json\/wp\/v2\/media?parent=10447"}],"wp:term":[{"taxonomy":"product_brand","embeddable":true,"href":"https:\/\/adcelectronique.com\/index.php\/wp-json\/wp\/v2\/product_brand?post=10447"},{"taxonomy":"product_cat","embeddable":true,"href":"https:\/\/adcelectronique.com\/index.php\/wp-json\/wp\/v2\/product_cat?post=10447"},{"taxonomy":"product_tag","embeddable":true,"href":"https:\/\/adcelectronique.com\/index.php\/wp-json\/wp\/v2\/product_tag?post=10447"}],"curies":[{"name":"wp","href":"https:\/\/api.w.org\/{rel}","templated":true}]}}