{"id":10453,"date":"2026-01-26T15:28:52","date_gmt":"2026-01-26T15:28:52","guid":{"rendered":"https:\/\/adcelectronique.com\/?post_type=product&#038;p=10453"},"modified":"2026-01-27T09:20:16","modified_gmt":"2026-01-27T09:20:16","slug":"pince-coupante-proskit-8pk-30d","status":"publish","type":"product","link":"https:\/\/adcelectronique.com\/index.php\/product\/pince-coupante-proskit-8pk-30d\/","title":{"rendered":"PINCE COUPANTE PROS&rsquo;KIT 8PK-30D"},"content":{"rendered":"<h2>\u00a0 \u00a0 \u00a0 \u00a0 \u00a0 \u00a0 \u00a0 \u00a0 \u00a0 \u00a0 \u00a0 \u00a0 \u00a0 PINCE COUPANTE PROS&rsquo;KIT 8PK-30D<\/h2>\n<p>Pince coupante micro Pro&rsquo;skit 8PK-30D (125 mm) pour le domaine \u00e9lectronique et de pr\u00e9cision, coupe uniquement le fil de cuivre.<\/p>\n<p><strong>Caract\u00e9ristiques du produit<\/strong><\/p>\n<p>Application\u00a0:Pince \u00e0 d\u00e9couper micro Pro&rsquo;skit 8PK-30D (125 mm)<\/p>\n<p>Mat\u00e9riel de poign\u00e9e\u00a0:en plastique Moul\u00e9<\/p>\n<p>Mat\u00e9riel\u00a0:acier inoxydable de haute qualit\u00e9<\/p>\n<p>Point d&rsquo;origine\u00a0:Guangdong, China<\/p>\n<p>Num\u00e9ro de Type\u00a0:8pk-30D<\/p>\n<p>Marque nom\u00a0:pro&rsquo;skit<\/p>\n<p>Couleur\u00a0:VERT<\/p>\n<p>Cat\u00e9gorie\u00a0:Bricolage, Industriel<\/p>\n<p>Nom du produit\u00a0:Pince \u00e0 d\u00e9couper micro 8PK-30D (125 mm\/130 mm)<\/p>\n<p><strong><u>Caract\u00e9ristique<\/u><\/strong><\/p>\n<p>con\u00e7u pour un service fiable en production<\/p>\n<p><strong>Utilisation<\/strong><\/p>\n<p>Couper uniquement le fil de cuivre<\/p>\n<p>Mat\u00e9riel<\/p>\n<p>acier inoxydable de haute qualit\u00e9<\/p>\n<p>&nbsp;<\/p>\n<p>&nbsp;<\/p>\n","protected":false},"excerpt":{"rendered":"<p>Pince coupante micro Pro&rsquo;skit 8PK-30D (125 mm) pour le domaine \u00e9lectronique et de pr\u00e9cision, coupe uniquement le fil de cuivre.<\/p>\n<p><strong>Caract\u00e9ristiques du produit<\/strong><\/p>\n<p>Application\u00a0:Pince \u00e0 d\u00e9couper micro Pro&rsquo;skit 8PK-30D (125 mm)<\/p>\n<p>Mat\u00e9riel de poign\u00e9e\u00a0:en plastique Moul\u00e9<\/p>\n<p>Mat\u00e9riel\u00a0:acier inoxydable de haute qualit\u00e9<\/p>\n<p>Point d&rsquo;origine\u00a0:Guangdong, China<\/p>\n<p>Num\u00e9ro de Type\u00a0:8pk-30D<\/p>\n<p>Marque nom\u00a0:pro&rsquo;skit<\/p>\n<p>Couleur\u00a0:VERT<\/p>\n<p>Cat\u00e9gorie\u00a0:Bricolage, Industriel<\/p>\n<p>Nom du produit\u00a0:Pince \u00e0 d\u00e9couper micro 8PK-30D (125 mm\/130 mm)<\/p>\n<p><strong><u>Caract\u00e9ristique<\/u><\/strong><\/p>\n<p>con\u00e7u pour un service fiable en production<\/p>\n<p><strong>Utilisation<\/strong><\/p>\n<p>Couper uniquement le fil de cuivre<\/p>\n<p>Mat\u00e9riel<\/p>\n<p>acier inoxydable de haute qualit\u00e9<\/p>\n<p>&nbsp;<\/p>\n","protected":false},"featured_media":10456,"comment_status":"open","ping_status":"closed","template":"","meta":[],"product_brand":[121],"product_cat":[135],"product_tag":[],"class_list":{"0":"post-10453","1":"product","2":"type-product","3":"status-publish","4":"has-post-thumbnail","6":"product_brand-pros-kit","7":"product_cat-pince-coupante","9":"first","10":"instock","11":"shipping-taxable","12":"purchasable","13":"product-type-simple"},"yoast_head":"<!-- This site is optimized with the Yoast SEO Premium plugin v26.2 (Yoast SEO v26.2) - https:\/\/yoast.com\/wordpress\/plugins\/seo\/ -->\n<title>PINCE COUPANTE PROS&#039;KIT 8PK-30D - ADC Electronique<\/title>\n<meta name=\"description\" content=\"Pince coupante micro Pro&#039;skit 8PK-30D (125 mm) pour le domaine \u00e9lectronique et de pr\u00e9cision, coupe uniquement le fil de cuivre.Caract\u00e9ristiques du produitApplication\u00a0:Pince \u00e0 d\u00e9couper micro Pro&#039;skit 8PK-30D (125 mm)Mat\u00e9riel de poign\u00e9e\u00a0:en plastique Moul\u00e9Mat\u00e9riel\u00a0:acier inoxydable de haute qualit\u00e9Point d&#039;origine\u00a0:Guangdong, ChinaNum\u00e9ro de Type\u00a0:8pk-30DMarque nom\u00a0:pro&#039;skitCouleur\u00a0:VERTCat\u00e9gorie\u00a0:Bricolage, IndustrielNom du produit\u00a0:Pince \u00e0 d\u00e9couper micro 8PK-30D (125 mm\/130 mm)Caract\u00e9ristiquecon\u00e7u pour un service fiable en productionUtilisationCouper uniquement le fil de cuivreMat\u00e9rielacier inoxydable de haute qualit\u00e9\" \/>\n<meta name=\"robots\" content=\"index, follow, max-snippet:-1, max-image-preview:large, max-video-preview:-1\" \/>\n<link rel=\"canonical\" href=\"https:\/\/adcelectronique.com\/index.php\/product\/pince-coupante-proskit-8pk-30d\/\" \/>\n<meta property=\"og:locale\" content=\"fr_FR\" \/>\n<meta property=\"og:type\" content=\"article\" \/>\n<meta property=\"og:title\" content=\"PINCE COUPANTE PROS&#039;KIT 8PK-30D\" \/>\n<meta property=\"og:description\" content=\"Pince coupante micro Pro&#039;skit 8PK-30D (125 mm) pour le domaine \u00e9lectronique et de pr\u00e9cision, coupe uniquement le fil de cuivre.Caract\u00e9ristiques du produitApplication\u00a0:Pince \u00e0 d\u00e9couper micro Pro&#039;skit 8PK-30D (125 mm)Mat\u00e9riel de poign\u00e9e\u00a0:en plastique Moul\u00e9Mat\u00e9riel\u00a0:acier inoxydable de haute qualit\u00e9Point d&#039;origine\u00a0:Guangdong, ChinaNum\u00e9ro de Type\u00a0:8pk-30DMarque nom\u00a0:pro&#039;skitCouleur\u00a0:VERTCat\u00e9gorie\u00a0:Bricolage, IndustrielNom du produit\u00a0:Pince \u00e0 d\u00e9couper micro 8PK-30D (125 mm\/130 mm)Caract\u00e9ristiquecon\u00e7u pour un service fiable en productionUtilisationCouper uniquement le fil de cuivreMat\u00e9rielacier inoxydable de haute qualit\u00e9\" \/>\n<meta property=\"og:url\" content=\"https:\/\/adcelectronique.com\/index.php\/product\/pince-coupante-proskit-8pk-30d\/\" \/>\n<meta property=\"og:site_name\" content=\"ADC Electronique\" \/>\n<meta property=\"article:modified_time\" content=\"2026-01-27T09:20:16+00:00\" \/>\n<meta property=\"og:image\" content=\"https:\/\/adcelectronique.com\/wp-content\/uploads\/2026\/01\/images-5-2.jpg\" \/>\n\t<meta property=\"og:image:width\" content=\"225\" \/>\n\t<meta property=\"og:image:height\" content=\"224\" \/>\n\t<meta property=\"og:image:type\" content=\"image\/jpeg\" \/>\n<meta name=\"twitter:card\" content=\"summary_large_image\" \/>\n<meta name=\"twitter:label1\" content=\"Dur\u00e9e de lecture estim\u00e9e\" \/>\n\t<meta name=\"twitter:data1\" content=\"1 minute\" \/>\n<script type=\"application\/ld+json\" class=\"yoast-schema-graph\">{\"@context\":\"https:\/\/schema.org\",\"@graph\":[{\"@type\":\"WebPage\",\"@id\":\"https:\/\/adcelectronique.com\/index.php\/product\/pince-coupante-proskit-8pk-30d\/\",\"url\":\"https:\/\/adcelectronique.com\/index.php\/product\/pince-coupante-proskit-8pk-30d\/\",\"name\":\"PINCE COUPANTE PROS'KIT 8PK-30D - ADC Electronique\",\"isPartOf\":{\"@id\":\"https:\/\/adcelectronique.com\/#website\"},\"primaryImageOfPage\":{\"@id\":\"https:\/\/adcelectronique.com\/index.php\/product\/pince-coupante-proskit-8pk-30d\/#primaryimage\"},\"image\":{\"@id\":\"https:\/\/adcelectronique.com\/index.php\/product\/pince-coupante-proskit-8pk-30d\/#primaryimage\"},\"thumbnailUrl\":\"https:\/\/adcelectronique.com\/wp-content\/uploads\/2026\/01\/images-5-2.jpg\",\"datePublished\":\"2026-01-26T15:28:52+00:00\",\"dateModified\":\"2026-01-27T09:20:16+00:00\",\"description\":\"Pince coupante micro Pro'skit 8PK-30D (125 mm) pour le domaine \u00e9lectronique et de pr\u00e9cision, coupe uniquement le fil de cuivre.Caract\u00e9ristiques du produitApplication\u00a0:Pince \u00e0 d\u00e9couper micro Pro'skit 8PK-30D (125 mm)Mat\u00e9riel de poign\u00e9e\u00a0:en plastique Moul\u00e9Mat\u00e9riel\u00a0:acier inoxydable de haute qualit\u00e9Point d'origine\u00a0:Guangdong, ChinaNum\u00e9ro de Type\u00a0:8pk-30DMarque nom\u00a0:pro'skitCouleur\u00a0:VERTCat\u00e9gorie\u00a0:Bricolage, IndustrielNom du produit\u00a0:Pince \u00e0 d\u00e9couper micro 8PK-30D (125 mm\/130 mm)Caract\u00e9ristiquecon\u00e7u pour un service fiable en productionUtilisationCouper uniquement le fil de cuivreMat\u00e9rielacier inoxydable de haute qualit\u00e9\",\"breadcrumb\":{\"@id\":\"https:\/\/adcelectronique.com\/index.php\/product\/pince-coupante-proskit-8pk-30d\/#breadcrumb\"},\"inLanguage\":\"fr-FR\",\"potentialAction\":[{\"@type\":\"ReadAction\",\"target\":[\"https:\/\/adcelectronique.com\/index.php\/product\/pince-coupante-proskit-8pk-30d\/\"]}]},{\"@type\":\"ImageObject\",\"inLanguage\":\"fr-FR\",\"@id\":\"https:\/\/adcelectronique.com\/index.php\/product\/pince-coupante-proskit-8pk-30d\/#primaryimage\",\"url\":\"https:\/\/adcelectronique.com\/wp-content\/uploads\/2026\/01\/images-5-2.jpg\",\"contentUrl\":\"https:\/\/adcelectronique.com\/wp-content\/uploads\/2026\/01\/images-5-2.jpg\",\"width\":225,\"height\":224},{\"@type\":\"BreadcrumbList\",\"@id\":\"https:\/\/adcelectronique.com\/index.php\/product\/pince-coupante-proskit-8pk-30d\/#breadcrumb\",\"itemListElement\":[{\"@type\":\"ListItem\",\"position\":1,\"name\":\"Home\",\"item\":\"https:\/\/adcelectronique.com\/\"},{\"@type\":\"ListItem\",\"position\":2,\"name\":\"Shop\",\"item\":\"https:\/\/adcelectronique.com\/index.php\/shop\/\"},{\"@type\":\"ListItem\",\"position\":3,\"name\":\"PINCE COUPANTE PROS&rsquo;KIT 8PK-30D\"}]},{\"@type\":\"WebSite\",\"@id\":\"https:\/\/adcelectronique.com\/#website\",\"url\":\"https:\/\/adcelectronique.com\/\",\"name\":\"ADC Electronique\",\"description\":\"\",\"potentialAction\":[{\"@type\":\"SearchAction\",\"target\":{\"@type\":\"EntryPoint\",\"urlTemplate\":\"https:\/\/adcelectronique.com\/?s={search_term_string}\"},\"query-input\":{\"@type\":\"PropertyValueSpecification\",\"valueRequired\":true,\"valueName\":\"search_term_string\"}}],\"inLanguage\":\"fr-FR\"}]}<\/script>\n<!-- \/ Yoast SEO Premium plugin. -->","yoast_head_json":{"title":"PINCE COUPANTE PROS'KIT 8PK-30D - ADC Electronique","description":"Pince coupante micro Pro'skit 8PK-30D (125 mm) pour le domaine \u00e9lectronique et de pr\u00e9cision, coupe uniquement le fil de cuivre.Caract\u00e9ristiques du produitApplication\u00a0:Pince \u00e0 d\u00e9couper micro Pro'skit 8PK-30D (125 mm)Mat\u00e9riel de poign\u00e9e\u00a0:en plastique Moul\u00e9Mat\u00e9riel\u00a0:acier inoxydable de haute qualit\u00e9Point d'origine\u00a0:Guangdong, ChinaNum\u00e9ro de Type\u00a0:8pk-30DMarque nom\u00a0:pro'skitCouleur\u00a0:VERTCat\u00e9gorie\u00a0:Bricolage, IndustrielNom du produit\u00a0:Pince \u00e0 d\u00e9couper micro 8PK-30D (125 mm\/130 mm)Caract\u00e9ristiquecon\u00e7u pour un service fiable en productionUtilisationCouper uniquement le fil de cuivreMat\u00e9rielacier inoxydable de haute qualit\u00e9","robots":{"index":"index","follow":"follow","max-snippet":"max-snippet:-1","max-image-preview":"max-image-preview:large","max-video-preview":"max-video-preview:-1"},"canonical":"https:\/\/adcelectronique.com\/index.php\/product\/pince-coupante-proskit-8pk-30d\/","og_locale":"fr_FR","og_type":"article","og_title":"PINCE COUPANTE PROS'KIT 8PK-30D","og_description":"Pince coupante micro Pro'skit 8PK-30D (125 mm) pour le domaine \u00e9lectronique et de pr\u00e9cision, coupe uniquement le fil de cuivre.Caract\u00e9ristiques du produitApplication\u00a0:Pince \u00e0 d\u00e9couper micro Pro'skit 8PK-30D (125 mm)Mat\u00e9riel de poign\u00e9e\u00a0:en plastique Moul\u00e9Mat\u00e9riel\u00a0:acier inoxydable de haute qualit\u00e9Point d'origine\u00a0:Guangdong, ChinaNum\u00e9ro de Type\u00a0:8pk-30DMarque nom\u00a0:pro'skitCouleur\u00a0:VERTCat\u00e9gorie\u00a0:Bricolage, IndustrielNom du produit\u00a0:Pince \u00e0 d\u00e9couper micro 8PK-30D (125 mm\/130 mm)Caract\u00e9ristiquecon\u00e7u pour un service fiable en productionUtilisationCouper uniquement le fil de cuivreMat\u00e9rielacier inoxydable de haute qualit\u00e9","og_url":"https:\/\/adcelectronique.com\/index.php\/product\/pince-coupante-proskit-8pk-30d\/","og_site_name":"ADC Electronique","article_modified_time":"2026-01-27T09:20:16+00:00","og_image":[{"width":225,"height":224,"url":"https:\/\/adcelectronique.com\/wp-content\/uploads\/2026\/01\/images-5-2.jpg","type":"image\/jpeg"}],"twitter_card":"summary_large_image","twitter_misc":{"Dur\u00e9e de lecture estim\u00e9e":"1 minute"},"schema":{"@context":"https:\/\/schema.org","@graph":[{"@type":"WebPage","@id":"https:\/\/adcelectronique.com\/index.php\/product\/pince-coupante-proskit-8pk-30d\/","url":"https:\/\/adcelectronique.com\/index.php\/product\/pince-coupante-proskit-8pk-30d\/","name":"PINCE COUPANTE PROS'KIT 8PK-30D - ADC Electronique","isPartOf":{"@id":"https:\/\/adcelectronique.com\/#website"},"primaryImageOfPage":{"@id":"https:\/\/adcelectronique.com\/index.php\/product\/pince-coupante-proskit-8pk-30d\/#primaryimage"},"image":{"@id":"https:\/\/adcelectronique.com\/index.php\/product\/pince-coupante-proskit-8pk-30d\/#primaryimage"},"thumbnailUrl":"https:\/\/adcelectronique.com\/wp-content\/uploads\/2026\/01\/images-5-2.jpg","datePublished":"2026-01-26T15:28:52+00:00","dateModified":"2026-01-27T09:20:16+00:00","description":"Pince coupante micro Pro'skit 8PK-30D (125 mm) pour le domaine \u00e9lectronique et de pr\u00e9cision, coupe uniquement le fil de cuivre.Caract\u00e9ristiques du produitApplication\u00a0:Pince \u00e0 d\u00e9couper micro Pro'skit 8PK-30D (125 mm)Mat\u00e9riel de poign\u00e9e\u00a0:en plastique Moul\u00e9Mat\u00e9riel\u00a0:acier inoxydable de haute qualit\u00e9Point d'origine\u00a0:Guangdong, ChinaNum\u00e9ro de Type\u00a0:8pk-30DMarque nom\u00a0:pro'skitCouleur\u00a0:VERTCat\u00e9gorie\u00a0:Bricolage, IndustrielNom du produit\u00a0:Pince \u00e0 d\u00e9couper micro 8PK-30D (125 mm\/130 mm)Caract\u00e9ristiquecon\u00e7u pour un service fiable en productionUtilisationCouper uniquement le fil de cuivreMat\u00e9rielacier inoxydable de haute qualit\u00e9","breadcrumb":{"@id":"https:\/\/adcelectronique.com\/index.php\/product\/pince-coupante-proskit-8pk-30d\/#breadcrumb"},"inLanguage":"fr-FR","potentialAction":[{"@type":"ReadAction","target":["https:\/\/adcelectronique.com\/index.php\/product\/pince-coupante-proskit-8pk-30d\/"]}]},{"@type":"ImageObject","inLanguage":"fr-FR","@id":"https:\/\/adcelectronique.com\/index.php\/product\/pince-coupante-proskit-8pk-30d\/#primaryimage","url":"https:\/\/adcelectronique.com\/wp-content\/uploads\/2026\/01\/images-5-2.jpg","contentUrl":"https:\/\/adcelectronique.com\/wp-content\/uploads\/2026\/01\/images-5-2.jpg","width":225,"height":224},{"@type":"BreadcrumbList","@id":"https:\/\/adcelectronique.com\/index.php\/product\/pince-coupante-proskit-8pk-30d\/#breadcrumb","itemListElement":[{"@type":"ListItem","position":1,"name":"Home","item":"https:\/\/adcelectronique.com\/"},{"@type":"ListItem","position":2,"name":"Shop","item":"https:\/\/adcelectronique.com\/index.php\/shop\/"},{"@type":"ListItem","position":3,"name":"PINCE COUPANTE PROS&rsquo;KIT 8PK-30D"}]},{"@type":"WebSite","@id":"https:\/\/adcelectronique.com\/#website","url":"https:\/\/adcelectronique.com\/","name":"ADC Electronique","description":"","potentialAction":[{"@type":"SearchAction","target":{"@type":"EntryPoint","urlTemplate":"https:\/\/adcelectronique.com\/?s={search_term_string}"},"query-input":{"@type":"PropertyValueSpecification","valueRequired":true,"valueName":"search_term_string"}}],"inLanguage":"fr-FR"}]}},"_links":{"self":[{"href":"https:\/\/adcelectronique.com\/index.php\/wp-json\/wp\/v2\/product\/10453","targetHints":{"allow":["GET"]}}],"collection":[{"href":"https:\/\/adcelectronique.com\/index.php\/wp-json\/wp\/v2\/product"}],"about":[{"href":"https:\/\/adcelectronique.com\/index.php\/wp-json\/wp\/v2\/types\/product"}],"replies":[{"embeddable":true,"href":"https:\/\/adcelectronique.com\/index.php\/wp-json\/wp\/v2\/comments?post=10453"}],"version-history":[{"count":0,"href":"https:\/\/adcelectronique.com\/index.php\/wp-json\/wp\/v2\/product\/10453\/revisions"}],"wp:featuredmedia":[{"embeddable":true,"href":"https:\/\/adcelectronique.com\/index.php\/wp-json\/wp\/v2\/media\/10456"}],"wp:attachment":[{"href":"https:\/\/adcelectronique.com\/index.php\/wp-json\/wp\/v2\/media?parent=10453"}],"wp:term":[{"taxonomy":"product_brand","embeddable":true,"href":"https:\/\/adcelectronique.com\/index.php\/wp-json\/wp\/v2\/product_brand?post=10453"},{"taxonomy":"product_cat","embeddable":true,"href":"https:\/\/adcelectronique.com\/index.php\/wp-json\/wp\/v2\/product_cat?post=10453"},{"taxonomy":"product_tag","embeddable":true,"href":"https:\/\/adcelectronique.com\/index.php\/wp-json\/wp\/v2\/product_tag?post=10453"}],"curies":[{"name":"wp","href":"https:\/\/api.w.org\/{rel}","templated":true}]}}