{"id":10460,"date":"2026-01-27T09:49:35","date_gmt":"2026-01-27T09:49:35","guid":{"rendered":"https:\/\/adcelectronique.com\/?post_type=product&#038;p=10460"},"modified":"2026-01-27T09:49:36","modified_gmt":"2026-01-27T09:49:36","slug":"pince-a-bec-proskit-8pk104d","status":"publish","type":"product","link":"https:\/\/adcelectronique.com\/index.php\/product\/pince-a-bec-proskit-8pk104d\/","title":{"rendered":"PINCE A BEC PRO&rsquo;SKIT 8PK104D"},"content":{"rendered":"<h2>\u00a0 \u00a0 \u00a0 \u00a0 \u00a0 \u00a0 \u00a0 \u00a0 \u00a0 \u00a0 \u00a0 \u00a0 \u00a0 \u00a0PINCE A BEC PRO&rsquo;SKIT 8PK104D<\/h2>\n<h5>DESCRIPTION<\/h5>\n<p>Pince \u00e0 bec plat Pros&rsquo;Kit 8PK-104D 145 mm;Coupe nette et pr\u00e9cise. L\u00e9g\u00e8re et facile \u00e0 utiliser. Sp\u00e9cialement con\u00e7ue pour les applications \u00e9lectroniques et de pr\u00e9cision. Coupe uniquement le fil de cuivre.<\/p>\n<div class=\"mat-mdc-tab-label-container\">\n<div class=\"mat-mdc-tab-list\" role=\"tablist\">\n<div class=\"mat-mdc-tab-labels\">\n<h4 id=\"mat-tab-group-0-label-0\" class=\"mdc-tab mat-mdc-tab mat-focus-indicator mdc-tab--active mdc-tab-indicator--active cdk-focused cdk-mouse-focused\" role=\"tab\" aria-controls=\"mat-tab-group-0-content-0\"><span class=\"mdc-tab__content\"><span class=\"mdc-tab__text-label\">SPECIFICATIONS:<\/span><\/span><\/h4>\n<\/div>\n<\/div>\n<\/div>\n<div class=\"mat-mdc-tab-body-wrapper\">\n<div class=\"mat-mdc-tab-body-content mat-tab-body-content-can-animate\">\n<div class=\"md:p-[15px] p-[5px]\">\n<table class=\"min-w-full bg-white shadow-md rounded-md text-[14px]\" style=\"height: 191px\" width=\"355\">\n<thead><\/thead>\n<tbody class=\"text-blue-gray-900\">\n<tr class=\"border-b border-blue-gray-200 bg-[#F0F0F0]\">\n<td class=\"md:py-3 md:px-4 p-[5px] md:leading-[21px] leading-[16px] md:text-[14px] text-[13px]\">\n<h6 class=\"font-normal text-[13px] m-[0px]\">Type of Product<\/h6>\n<\/td>\n<td class=\"md:py-3 md:px-4 p-[5px] md:leading-[21px] leading-[16px] md:text-[14px] text-[13px]\">\n<h6 class=\"font-normal text-[13px] m-[0px]\">Flat Nose Plier<\/h6>\n<\/td>\n<\/tr>\n<tr class=\"border-b border-blue-gray-200\">\n<td class=\"md:py-3 md:px-4 p-[5px] md:leading-[21px] leading-[16px] md:text-[14px] text-[13px]\">\n<h6 class=\"font-normal text-[13px] m-[0px]\">Length<\/h6>\n<\/td>\n<td class=\"md:py-3 md:px-4 p-[5px] md:leading-[21px] leading-[16px] md:text-[14px] text-[13px]\">\n<h6 class=\"font-normal text-[13px] m-[0px]\">145 mm<\/h6>\n<\/td>\n<\/tr>\n<tr class=\"border-b border-blue-gray-200 bg-[#F0F0F0]\">\n<td class=\"md:py-3 md:px-4 p-[5px] md:leading-[21px] leading-[16px] md:text-[14px] text-[13px]\">\n<h6 class=\"font-normal text-[13px] m-[0px]\">Model No<\/h6>\n<\/td>\n<td class=\"md:py-3 md:px-4 p-[5px] md:leading-[21px] leading-[16px] md:text-[14px] text-[13px]\">\n<h6 class=\"font-normal text-[13px] m-[0px]\">8PK-104D<\/h6>\n<\/td>\n<\/tr>\n<\/tbody>\n<\/table>\n<\/div>\n<\/div>\n<\/div>\n","protected":false},"excerpt":{"rendered":"<h5>DESCRIPTION<\/h5>\n<p>Pince \u00e0 bec plat Pros&rsquo;Kit 8PK-104D 145 mm;Coupe nette et pr\u00e9cise. L\u00e9g\u00e8re et facile \u00e0 utiliser. Sp\u00e9cialement con\u00e7ue pour les applications \u00e9lectroniques et de pr\u00e9cision. Coupe uniquement le fil de cuivre.<\/p>\n<div class=\"mat-mdc-tab-label-container\">\n<div class=\"mat-mdc-tab-list\" role=\"tablist\">\n<div class=\"mat-mdc-tab-labels\">\n<h4 id=\"mat-tab-group-0-label-0\" class=\"mdc-tab mat-mdc-tab mat-focus-indicator mdc-tab--active mdc-tab-indicator--active cdk-focused cdk-mouse-focused\" role=\"tab\" aria-controls=\"mat-tab-group-0-content-0\"><span class=\"mdc-tab__content\"><span class=\"mdc-tab__text-label\">SPECIFICATIONS:<\/span><\/span><\/h4>\n<\/div>\n<\/div>\n<\/div>\n<div class=\"mat-mdc-tab-body-wrapper\">\n<div class=\"mat-mdc-tab-body-content mat-tab-body-content-can-animate\">\n<div class=\"md:p-[15px] p-[5px]\">\n<table class=\"min-w-full bg-white shadow-md rounded-md text-[14px]\" style=\"height: 191px\" width=\"355\">\n<thead><\/thead>\n<tbody class=\"text-blue-gray-900\">\n<tr class=\"border-b border-blue-gray-200 bg-[#F0F0F0]\">\n<td class=\"md:py-3 md:px-4 p-[5px] md:leading-[21px] leading-[16px] md:text-[14px] text-[13px]\">\n<h6 class=\"font-normal text-[13px] m-[0px]\">Type of Product<\/h6>\n<\/td>\n<td class=\"md:py-3 md:px-4 p-[5px] md:leading-[21px] leading-[16px] md:text-[14px] text-[13px]\">\n<h6 class=\"font-normal text-[13px] m-[0px]\">Flat Nose Plier<\/h6>\n<\/td>\n<\/tr>\n<tr class=\"border-b border-blue-gray-200\">\n<td class=\"md:py-3 md:px-4 p-[5px] md:leading-[21px] leading-[16px] md:text-[14px] text-[13px]\">\n<h6 class=\"font-normal text-[13px] m-[0px]\">Length<\/h6>\n<\/td>\n<td class=\"md:py-3 md:px-4 p-[5px] md:leading-[21px] leading-[16px] md:text-[14px] text-[13px]\">\n<h6 class=\"font-normal text-[13px] m-[0px]\">145 mm<\/h6>\n<\/td>\n<\/tr>\n<tr class=\"border-b border-blue-gray-200 bg-[#F0F0F0]\">\n<td class=\"md:py-3 md:px-4 p-[5px] md:leading-[21px] leading-[16px] md:text-[14px] text-[13px]\">\n<h6 class=\"font-normal text-[13px] m-[0px]\">Model No<\/h6>\n<\/td>\n<td class=\"md:py-3 md:px-4 p-[5px] md:leading-[21px] leading-[16px] md:text-[14px] text-[13px]\">\n<h6 class=\"font-normal text-[13px] m-[0px]\">8PK-104D<\/h6>\n<\/td>\n<\/tr>\n<\/tbody>\n<\/table>\n<\/div>\n<\/div>\n<\/div>\n","protected":false},"featured_media":10461,"comment_status":"open","ping_status":"closed","template":"","meta":[],"product_brand":[121],"product_cat":[135],"product_tag":[],"class_list":{"0":"post-10460","1":"product","2":"type-product","3":"status-publish","4":"has-post-thumbnail","6":"product_brand-pros-kit","7":"product_cat-pince-coupante","9":"first","10":"instock","11":"shipping-taxable","12":"purchasable","13":"product-type-simple"},"yoast_head":"<!-- This site is optimized with the Yoast SEO Premium plugin v26.2 (Yoast SEO v26.2) - https:\/\/yoast.com\/wordpress\/plugins\/seo\/ -->\n<title>PINCE A BEC PRO&#039;SKIT 8PK104D - ADC Electronique<\/title>\n<meta name=\"description\" content=\"DESCRIPTIONPince \u00e0 bec plat Pros&#039;Kit 8PK-104D 145 mm;Coupe nette et pr\u00e9cise. L\u00e9g\u00e8re et facile \u00e0 utiliser. Sp\u00e9cialement con\u00e7ue pour les applications \u00e9lectroniques et de pr\u00e9cision. Coupe uniquement le fil de cuivre.SPECIFICATIONS:Type of Product Flat Nose PlierLength 145 mmModel No 8PK-104D\" \/>\n<meta name=\"robots\" content=\"index, follow, max-snippet:-1, max-image-preview:large, max-video-preview:-1\" \/>\n<link rel=\"canonical\" href=\"https:\/\/adcelectronique.com\/index.php\/product\/pince-a-bec-proskit-8pk104d\/\" \/>\n<meta property=\"og:locale\" content=\"fr_FR\" \/>\n<meta property=\"og:type\" content=\"article\" \/>\n<meta property=\"og:title\" content=\"PINCE A BEC PRO&#039;SKIT 8PK104D\" \/>\n<meta property=\"og:description\" content=\"DESCRIPTIONPince \u00e0 bec plat Pros&#039;Kit 8PK-104D 145 mm;Coupe nette et pr\u00e9cise. L\u00e9g\u00e8re et facile \u00e0 utiliser. Sp\u00e9cialement con\u00e7ue pour les applications \u00e9lectroniques et de pr\u00e9cision. Coupe uniquement le fil de cuivre.SPECIFICATIONS:Type of Product Flat Nose PlierLength 145 mmModel No 8PK-104D\" \/>\n<meta property=\"og:url\" content=\"https:\/\/adcelectronique.com\/index.php\/product\/pince-a-bec-proskit-8pk104d\/\" \/>\n<meta property=\"og:site_name\" content=\"ADC Electronique\" \/>\n<meta property=\"article:modified_time\" content=\"2026-01-27T09:49:36+00:00\" \/>\n<meta property=\"og:image\" content=\"https:\/\/adcelectronique.com\/wp-content\/uploads\/2026\/01\/4710810389498-removebg-preview.png\" \/>\n\t<meta property=\"og:image:width\" content=\"500\" \/>\n\t<meta property=\"og:image:height\" content=\"500\" \/>\n\t<meta property=\"og:image:type\" content=\"image\/png\" \/>\n<meta name=\"twitter:card\" content=\"summary_large_image\" \/>\n<meta name=\"twitter:label1\" content=\"Dur\u00e9e de lecture estim\u00e9e\" \/>\n\t<meta name=\"twitter:data1\" content=\"1 minute\" \/>\n<script type=\"application\/ld+json\" class=\"yoast-schema-graph\">{\"@context\":\"https:\/\/schema.org\",\"@graph\":[{\"@type\":\"WebPage\",\"@id\":\"https:\/\/adcelectronique.com\/index.php\/product\/pince-a-bec-proskit-8pk104d\/\",\"url\":\"https:\/\/adcelectronique.com\/index.php\/product\/pince-a-bec-proskit-8pk104d\/\",\"name\":\"PINCE A BEC PRO'SKIT 8PK104D - ADC Electronique\",\"isPartOf\":{\"@id\":\"https:\/\/adcelectronique.com\/#website\"},\"primaryImageOfPage\":{\"@id\":\"https:\/\/adcelectronique.com\/index.php\/product\/pince-a-bec-proskit-8pk104d\/#primaryimage\"},\"image\":{\"@id\":\"https:\/\/adcelectronique.com\/index.php\/product\/pince-a-bec-proskit-8pk104d\/#primaryimage\"},\"thumbnailUrl\":\"https:\/\/adcelectronique.com\/wp-content\/uploads\/2026\/01\/4710810389498-removebg-preview.png\",\"datePublished\":\"2026-01-27T09:49:35+00:00\",\"dateModified\":\"2026-01-27T09:49:36+00:00\",\"description\":\"DESCRIPTIONPince \u00e0 bec plat Pros'Kit 8PK-104D 145 mm;Coupe nette et pr\u00e9cise. L\u00e9g\u00e8re et facile \u00e0 utiliser. Sp\u00e9cialement con\u00e7ue pour les applications \u00e9lectroniques et de pr\u00e9cision. Coupe uniquement le fil de cuivre.SPECIFICATIONS:Type of Product Flat Nose PlierLength 145 mmModel No 8PK-104D\",\"breadcrumb\":{\"@id\":\"https:\/\/adcelectronique.com\/index.php\/product\/pince-a-bec-proskit-8pk104d\/#breadcrumb\"},\"inLanguage\":\"fr-FR\",\"potentialAction\":[{\"@type\":\"ReadAction\",\"target\":[\"https:\/\/adcelectronique.com\/index.php\/product\/pince-a-bec-proskit-8pk104d\/\"]}]},{\"@type\":\"ImageObject\",\"inLanguage\":\"fr-FR\",\"@id\":\"https:\/\/adcelectronique.com\/index.php\/product\/pince-a-bec-proskit-8pk104d\/#primaryimage\",\"url\":\"https:\/\/adcelectronique.com\/wp-content\/uploads\/2026\/01\/4710810389498-removebg-preview.png\",\"contentUrl\":\"https:\/\/adcelectronique.com\/wp-content\/uploads\/2026\/01\/4710810389498-removebg-preview.png\",\"width\":500,\"height\":500},{\"@type\":\"BreadcrumbList\",\"@id\":\"https:\/\/adcelectronique.com\/index.php\/product\/pince-a-bec-proskit-8pk104d\/#breadcrumb\",\"itemListElement\":[{\"@type\":\"ListItem\",\"position\":1,\"name\":\"Home\",\"item\":\"https:\/\/adcelectronique.com\/\"},{\"@type\":\"ListItem\",\"position\":2,\"name\":\"Shop\",\"item\":\"https:\/\/adcelectronique.com\/index.php\/shop\/\"},{\"@type\":\"ListItem\",\"position\":3,\"name\":\"PINCE A BEC PRO&rsquo;SKIT 8PK104D\"}]},{\"@type\":\"WebSite\",\"@id\":\"https:\/\/adcelectronique.com\/#website\",\"url\":\"https:\/\/adcelectronique.com\/\",\"name\":\"ADC Electronique\",\"description\":\"\",\"potentialAction\":[{\"@type\":\"SearchAction\",\"target\":{\"@type\":\"EntryPoint\",\"urlTemplate\":\"https:\/\/adcelectronique.com\/?s={search_term_string}\"},\"query-input\":{\"@type\":\"PropertyValueSpecification\",\"valueRequired\":true,\"valueName\":\"search_term_string\"}}],\"inLanguage\":\"fr-FR\"}]}<\/script>\n<!-- \/ Yoast SEO Premium plugin. -->","yoast_head_json":{"title":"PINCE A BEC PRO'SKIT 8PK104D - ADC Electronique","description":"DESCRIPTIONPince \u00e0 bec plat Pros'Kit 8PK-104D 145 mm;Coupe nette et pr\u00e9cise. L\u00e9g\u00e8re et facile \u00e0 utiliser. Sp\u00e9cialement con\u00e7ue pour les applications \u00e9lectroniques et de pr\u00e9cision. Coupe uniquement le fil de cuivre.SPECIFICATIONS:Type of Product Flat Nose PlierLength 145 mmModel No 8PK-104D","robots":{"index":"index","follow":"follow","max-snippet":"max-snippet:-1","max-image-preview":"max-image-preview:large","max-video-preview":"max-video-preview:-1"},"canonical":"https:\/\/adcelectronique.com\/index.php\/product\/pince-a-bec-proskit-8pk104d\/","og_locale":"fr_FR","og_type":"article","og_title":"PINCE A BEC PRO'SKIT 8PK104D","og_description":"DESCRIPTIONPince \u00e0 bec plat Pros'Kit 8PK-104D 145 mm;Coupe nette et pr\u00e9cise. L\u00e9g\u00e8re et facile \u00e0 utiliser. Sp\u00e9cialement con\u00e7ue pour les applications \u00e9lectroniques et de pr\u00e9cision. Coupe uniquement le fil de cuivre.SPECIFICATIONS:Type of Product Flat Nose PlierLength 145 mmModel No 8PK-104D","og_url":"https:\/\/adcelectronique.com\/index.php\/product\/pince-a-bec-proskit-8pk104d\/","og_site_name":"ADC Electronique","article_modified_time":"2026-01-27T09:49:36+00:00","og_image":[{"width":500,"height":500,"url":"https:\/\/adcelectronique.com\/wp-content\/uploads\/2026\/01\/4710810389498-removebg-preview.png","type":"image\/png"}],"twitter_card":"summary_large_image","twitter_misc":{"Dur\u00e9e de lecture estim\u00e9e":"1 minute"},"schema":{"@context":"https:\/\/schema.org","@graph":[{"@type":"WebPage","@id":"https:\/\/adcelectronique.com\/index.php\/product\/pince-a-bec-proskit-8pk104d\/","url":"https:\/\/adcelectronique.com\/index.php\/product\/pince-a-bec-proskit-8pk104d\/","name":"PINCE A BEC PRO'SKIT 8PK104D - ADC Electronique","isPartOf":{"@id":"https:\/\/adcelectronique.com\/#website"},"primaryImageOfPage":{"@id":"https:\/\/adcelectronique.com\/index.php\/product\/pince-a-bec-proskit-8pk104d\/#primaryimage"},"image":{"@id":"https:\/\/adcelectronique.com\/index.php\/product\/pince-a-bec-proskit-8pk104d\/#primaryimage"},"thumbnailUrl":"https:\/\/adcelectronique.com\/wp-content\/uploads\/2026\/01\/4710810389498-removebg-preview.png","datePublished":"2026-01-27T09:49:35+00:00","dateModified":"2026-01-27T09:49:36+00:00","description":"DESCRIPTIONPince \u00e0 bec plat Pros'Kit 8PK-104D 145 mm;Coupe nette et pr\u00e9cise. L\u00e9g\u00e8re et facile \u00e0 utiliser. Sp\u00e9cialement con\u00e7ue pour les applications \u00e9lectroniques et de pr\u00e9cision. Coupe uniquement le fil de cuivre.SPECIFICATIONS:Type of Product Flat Nose PlierLength 145 mmModel No 8PK-104D","breadcrumb":{"@id":"https:\/\/adcelectronique.com\/index.php\/product\/pince-a-bec-proskit-8pk104d\/#breadcrumb"},"inLanguage":"fr-FR","potentialAction":[{"@type":"ReadAction","target":["https:\/\/adcelectronique.com\/index.php\/product\/pince-a-bec-proskit-8pk104d\/"]}]},{"@type":"ImageObject","inLanguage":"fr-FR","@id":"https:\/\/adcelectronique.com\/index.php\/product\/pince-a-bec-proskit-8pk104d\/#primaryimage","url":"https:\/\/adcelectronique.com\/wp-content\/uploads\/2026\/01\/4710810389498-removebg-preview.png","contentUrl":"https:\/\/adcelectronique.com\/wp-content\/uploads\/2026\/01\/4710810389498-removebg-preview.png","width":500,"height":500},{"@type":"BreadcrumbList","@id":"https:\/\/adcelectronique.com\/index.php\/product\/pince-a-bec-proskit-8pk104d\/#breadcrumb","itemListElement":[{"@type":"ListItem","position":1,"name":"Home","item":"https:\/\/adcelectronique.com\/"},{"@type":"ListItem","position":2,"name":"Shop","item":"https:\/\/adcelectronique.com\/index.php\/shop\/"},{"@type":"ListItem","position":3,"name":"PINCE A BEC PRO&rsquo;SKIT 8PK104D"}]},{"@type":"WebSite","@id":"https:\/\/adcelectronique.com\/#website","url":"https:\/\/adcelectronique.com\/","name":"ADC Electronique","description":"","potentialAction":[{"@type":"SearchAction","target":{"@type":"EntryPoint","urlTemplate":"https:\/\/adcelectronique.com\/?s={search_term_string}"},"query-input":{"@type":"PropertyValueSpecification","valueRequired":true,"valueName":"search_term_string"}}],"inLanguage":"fr-FR"}]}},"_links":{"self":[{"href":"https:\/\/adcelectronique.com\/index.php\/wp-json\/wp\/v2\/product\/10460","targetHints":{"allow":["GET"]}}],"collection":[{"href":"https:\/\/adcelectronique.com\/index.php\/wp-json\/wp\/v2\/product"}],"about":[{"href":"https:\/\/adcelectronique.com\/index.php\/wp-json\/wp\/v2\/types\/product"}],"replies":[{"embeddable":true,"href":"https:\/\/adcelectronique.com\/index.php\/wp-json\/wp\/v2\/comments?post=10460"}],"version-history":[{"count":0,"href":"https:\/\/adcelectronique.com\/index.php\/wp-json\/wp\/v2\/product\/10460\/revisions"}],"wp:featuredmedia":[{"embeddable":true,"href":"https:\/\/adcelectronique.com\/index.php\/wp-json\/wp\/v2\/media\/10461"}],"wp:attachment":[{"href":"https:\/\/adcelectronique.com\/index.php\/wp-json\/wp\/v2\/media?parent=10460"}],"wp:term":[{"taxonomy":"product_brand","embeddable":true,"href":"https:\/\/adcelectronique.com\/index.php\/wp-json\/wp\/v2\/product_brand?post=10460"},{"taxonomy":"product_cat","embeddable":true,"href":"https:\/\/adcelectronique.com\/index.php\/wp-json\/wp\/v2\/product_cat?post=10460"},{"taxonomy":"product_tag","embeddable":true,"href":"https:\/\/adcelectronique.com\/index.php\/wp-json\/wp\/v2\/product_tag?post=10460"}],"curies":[{"name":"wp","href":"https:\/\/api.w.org\/{rel}","templated":true}]}}