{"id":10467,"date":"2026-01-27T10:00:00","date_gmt":"2026-01-27T10:00:00","guid":{"rendered":"https:\/\/adcelectronique.com\/?post_type=product&#038;p=10467"},"modified":"2026-02-08T14:40:03","modified_gmt":"2026-02-08T14:40:03","slug":"cles-pliant-proskit-8pk-021n","status":"publish","type":"product","link":"https:\/\/adcelectronique.com\/index.php\/product\/cles-pliant-proskit-8pk-021n\/","title":{"rendered":"Cl\u00e9s Pliant PRO&rsquo;SKIT 8PK-021N"},"content":{"rendered":"<h3>\u00a0 \u00a0 \u00a0 \u00a0 \u00a0 \u00a0 \u00a0 \u00a0 \u00a0 \u00a0 \u00a0 \u00a0 \u00a0 \u00a0 \u00a0 \u00a0 \u00a0 \u00a0 \u00a0 \u00a0 \u00a0 \u00a0Cl\u00e9s Pliant PRO&rsquo;SKIT 8PK-021N<\/h3>\n<h4 class=\"default\">Description du produit<\/h4>\n<div id=\"productDescription\" class=\"a-section a-spacing-small\">\n<p>Cette cl\u00e9 hexagonale \u00e0 pliable Lot comprend 7 pi\u00e8ces cl\u00e9s hexagonales avec diff\u00e9rentes tailles. C&rsquo;est un parfait outil pratique pour le montage\/d\u00e9montage de meubles de maison, v\u00e9lo, et de l&rsquo;\u00e9lectronique.Caract\u00e9ristiques\u202f: Poids l\u00e9ger avec support en aluminium anodis\u00e9, la rouille et r\u00e9sistant \u00e0 la corrosion.Support en m\u00e9tal durable fournit confort et adh\u00e9rence lors de l&rsquo;utilisation.Design pliable, facile, pratique et portable pour une utilisation et stockage.Fabriqu\u00e9 en alliage de chrome vanadium en acier trait\u00e9 thermiquement et tremp\u00e9.Outil pratique pour le montage\/d\u00e9montage de meubles de maison, v\u00e9lo, et de l&rsquo;\u00e9lectronique.<\/p>\n<\/div>\n<h4><span class=\"a-list-item\">Sp\u00e9cifications\u202f:<\/span><\/h4>\n<ul class=\"a-unordered-list a-vertical a-spacing-mini\">\n<li class=\"a-spacing-mini\"><span class=\"a-list-item\"> Couleur\u202f: vert + silvermaterial\u202f<\/span><\/li>\n<li class=\"a-spacing-mini\"><span class=\"a-list-item\"> sae6150 chrome vanadium steelcase\u202f<\/span><\/li>\n<li class=\"a-spacing-mini\"><span class=\"a-list-item\">laqu\u00e9 finishfinish\u202f<\/span><\/li>\n<li class=\"a-spacing-mini\"><span class=\"a-list-item\">sabl\u00e9 + chrome-platedwrench taille\u202f<\/span><\/li>\n<li class=\"a-spacing-mini\"><span class=\"a-list-item\">1,2\/2\/2,5\/3\/4\/5\/6 mm taille (m\u00e9trique) pliant taille\u202f<\/span><\/li>\n<li class=\"a-spacing-mini\"><span class=\"a-list-item\">9.2 * 2.5 * 2 cm\/chair * 0,98 * 0,8 en poids<\/span><\/li>\n<li class=\"a-spacing-mini\"><span class=\"a-list-item\"> 122 g\/4.31ozpackage taille\u202f<\/span><\/li>\n<li class=\"a-spacing-mini\"><span class=\"a-list-item\">15.8 * 7 * 3 cm\/6.22 * 2,75 * 1.18 inpackage <\/span><\/li>\n<li class=\"a-spacing-mini\"><span class=\"a-list-item\">Poids\u202f <\/span><span class=\"a-list-item\">135 g\/135,8 gram<\/span><\/li>\n<\/ul>\n","protected":false},"excerpt":{"rendered":"<h4 class=\"default\">Description du produit<\/h4>\n<div id=\"productDescription\" class=\"a-section a-spacing-small\">\n<p>Cette cl\u00e9 hexagonale \u00e0 pliable Lot comprend 7 pi\u00e8ces cl\u00e9s hexagonales avec diff\u00e9rentes tailles. C&rsquo;est un parfait outil pratique pour le montage\/d\u00e9montage de meubles de maison, v\u00e9lo, et de l&rsquo;\u00e9lectronique.Caract\u00e9ristiques\u202f: Poids l\u00e9ger avec support en aluminium anodis\u00e9, la rouille et r\u00e9sistant \u00e0 la corrosion.Support en m\u00e9tal durable fournit confort et adh\u00e9rence lors de l&rsquo;utilisation.Design pliable, facile, pratique et portable pour une utilisation et stockage.Fabriqu\u00e9 en alliage de chrome vanadium en acier trait\u00e9 thermiquement et tremp\u00e9.Outil pratique pour le montage\/d\u00e9montage de meubles de maison, v\u00e9lo, et de l&rsquo;\u00e9lectronique.<\/p>\n<\/div>\n","protected":false},"featured_media":10468,"comment_status":"open","ping_status":"closed","template":"","meta":[],"product_brand":[121],"product_cat":[63,135],"product_tag":[],"class_list":{"0":"post-10467","1":"product","2":"type-product","3":"status-publish","4":"has-post-thumbnail","6":"product_brand-pros-kit","7":"product_cat-accessories","8":"product_cat-pince-coupante","10":"first","11":"instock","12":"shipping-taxable","13":"purchasable","14":"product-type-simple"},"yoast_head":"<!-- This site is optimized with the Yoast SEO Premium plugin v26.2 (Yoast SEO v26.2) - https:\/\/yoast.com\/wordpress\/plugins\/seo\/ -->\n<title>Cl\u00e9s Pliant PRO&#039;SKIT 8PK-021N - ADC Electronique<\/title>\n<meta name=\"description\" content=\"Proskit 8pk-021 N 7 pcs pliant cl\u00e9s hexagonales 1,2\/2\/2,5\/3\/4\/5\/6 mm Outil de r\u00e9paration\" \/>\n<meta name=\"robots\" content=\"index, follow, max-snippet:-1, max-image-preview:large, max-video-preview:-1\" \/>\n<link rel=\"canonical\" href=\"https:\/\/adcelectronique.com\/index.php\/product\/cles-pliant-proskit-8pk-021n\/\" \/>\n<meta property=\"og:locale\" content=\"fr_FR\" \/>\n<meta property=\"og:type\" content=\"article\" \/>\n<meta property=\"og:title\" content=\"Cl\u00e9s Pliant PRO&#039;SKIT 8PK-021N\" \/>\n<meta property=\"og:description\" content=\"Proskit 8pk-021 N 7 pcs pliant cl\u00e9s hexagonales 1,2\/2\/2,5\/3\/4\/5\/6 mm Outil de r\u00e9paration\" \/>\n<meta property=\"og:url\" content=\"https:\/\/adcelectronique.com\/index.php\/product\/cles-pliant-proskit-8pk-021n\/\" \/>\n<meta property=\"og:site_name\" content=\"ADC Electronique\" \/>\n<meta property=\"article:modified_time\" content=\"2026-02-08T14:40:03+00:00\" \/>\n<meta property=\"og:image\" content=\"https:\/\/adcelectronique.com\/wp-content\/uploads\/2026\/01\/51u2ETZQojL._AC_SL1000_.jpg\" \/>\n\t<meta property=\"og:image:width\" content=\"938\" \/>\n\t<meta property=\"og:image:height\" content=\"581\" \/>\n\t<meta property=\"og:image:type\" content=\"image\/jpeg\" \/>\n<meta name=\"twitter:card\" content=\"summary_large_image\" \/>\n<meta name=\"twitter:label1\" content=\"Dur\u00e9e de lecture estim\u00e9e\" \/>\n\t<meta name=\"twitter:data1\" content=\"1 minute\" \/>\n<script type=\"application\/ld+json\" class=\"yoast-schema-graph\">{\"@context\":\"https:\/\/schema.org\",\"@graph\":[{\"@type\":\"WebPage\",\"@id\":\"https:\/\/adcelectronique.com\/index.php\/product\/cles-pliant-proskit-8pk-021n\/\",\"url\":\"https:\/\/adcelectronique.com\/index.php\/product\/cles-pliant-proskit-8pk-021n\/\",\"name\":\"Cl\u00e9s Pliant PRO'SKIT 8PK-021N - ADC Electronique\",\"isPartOf\":{\"@id\":\"https:\/\/adcelectronique.com\/#website\"},\"primaryImageOfPage\":{\"@id\":\"https:\/\/adcelectronique.com\/index.php\/product\/cles-pliant-proskit-8pk-021n\/#primaryimage\"},\"image\":{\"@id\":\"https:\/\/adcelectronique.com\/index.php\/product\/cles-pliant-proskit-8pk-021n\/#primaryimage\"},\"thumbnailUrl\":\"https:\/\/adcelectronique.com\/wp-content\/uploads\/2026\/01\/51u2ETZQojL._AC_SL1000_.jpg\",\"datePublished\":\"2026-01-27T10:00:00+00:00\",\"dateModified\":\"2026-02-08T14:40:03+00:00\",\"description\":\"Proskit 8pk-021 N 7 pcs pliant cl\u00e9s hexagonales 1,2\/2\/2,5\/3\/4\/5\/6 mm Outil de r\u00e9paration\",\"breadcrumb\":{\"@id\":\"https:\/\/adcelectronique.com\/index.php\/product\/cles-pliant-proskit-8pk-021n\/#breadcrumb\"},\"inLanguage\":\"fr-FR\",\"potentialAction\":[{\"@type\":\"ReadAction\",\"target\":[\"https:\/\/adcelectronique.com\/index.php\/product\/cles-pliant-proskit-8pk-021n\/\"]}]},{\"@type\":\"ImageObject\",\"inLanguage\":\"fr-FR\",\"@id\":\"https:\/\/adcelectronique.com\/index.php\/product\/cles-pliant-proskit-8pk-021n\/#primaryimage\",\"url\":\"https:\/\/adcelectronique.com\/wp-content\/uploads\/2026\/01\/51u2ETZQojL._AC_SL1000_.jpg\",\"contentUrl\":\"https:\/\/adcelectronique.com\/wp-content\/uploads\/2026\/01\/51u2ETZQojL._AC_SL1000_.jpg\",\"width\":938,\"height\":581},{\"@type\":\"BreadcrumbList\",\"@id\":\"https:\/\/adcelectronique.com\/index.php\/product\/cles-pliant-proskit-8pk-021n\/#breadcrumb\",\"itemListElement\":[{\"@type\":\"ListItem\",\"position\":1,\"name\":\"Home\",\"item\":\"https:\/\/adcelectronique.com\/\"},{\"@type\":\"ListItem\",\"position\":2,\"name\":\"Shop\",\"item\":\"https:\/\/adcelectronique.com\/index.php\/shop\/\"},{\"@type\":\"ListItem\",\"position\":3,\"name\":\"Cl\u00e9s Pliant PRO&rsquo;SKIT 8PK-021N\"}]},{\"@type\":\"WebSite\",\"@id\":\"https:\/\/adcelectronique.com\/#website\",\"url\":\"https:\/\/adcelectronique.com\/\",\"name\":\"ADC Electronique\",\"description\":\"\",\"potentialAction\":[{\"@type\":\"SearchAction\",\"target\":{\"@type\":\"EntryPoint\",\"urlTemplate\":\"https:\/\/adcelectronique.com\/?s={search_term_string}\"},\"query-input\":{\"@type\":\"PropertyValueSpecification\",\"valueRequired\":true,\"valueName\":\"search_term_string\"}}],\"inLanguage\":\"fr-FR\"}]}<\/script>\n<!-- \/ Yoast SEO Premium plugin. -->","yoast_head_json":{"title":"Cl\u00e9s Pliant PRO'SKIT 8PK-021N - ADC Electronique","description":"Proskit 8pk-021 N 7 pcs pliant cl\u00e9s hexagonales 1,2\/2\/2,5\/3\/4\/5\/6 mm Outil de r\u00e9paration","robots":{"index":"index","follow":"follow","max-snippet":"max-snippet:-1","max-image-preview":"max-image-preview:large","max-video-preview":"max-video-preview:-1"},"canonical":"https:\/\/adcelectronique.com\/index.php\/product\/cles-pliant-proskit-8pk-021n\/","og_locale":"fr_FR","og_type":"article","og_title":"Cl\u00e9s Pliant PRO'SKIT 8PK-021N","og_description":"Proskit 8pk-021 N 7 pcs pliant cl\u00e9s hexagonales 1,2\/2\/2,5\/3\/4\/5\/6 mm Outil de r\u00e9paration","og_url":"https:\/\/adcelectronique.com\/index.php\/product\/cles-pliant-proskit-8pk-021n\/","og_site_name":"ADC Electronique","article_modified_time":"2026-02-08T14:40:03+00:00","og_image":[{"width":938,"height":581,"url":"https:\/\/adcelectronique.com\/wp-content\/uploads\/2026\/01\/51u2ETZQojL._AC_SL1000_.jpg","type":"image\/jpeg"}],"twitter_card":"summary_large_image","twitter_misc":{"Dur\u00e9e de lecture estim\u00e9e":"1 minute"},"schema":{"@context":"https:\/\/schema.org","@graph":[{"@type":"WebPage","@id":"https:\/\/adcelectronique.com\/index.php\/product\/cles-pliant-proskit-8pk-021n\/","url":"https:\/\/adcelectronique.com\/index.php\/product\/cles-pliant-proskit-8pk-021n\/","name":"Cl\u00e9s Pliant PRO'SKIT 8PK-021N - ADC Electronique","isPartOf":{"@id":"https:\/\/adcelectronique.com\/#website"},"primaryImageOfPage":{"@id":"https:\/\/adcelectronique.com\/index.php\/product\/cles-pliant-proskit-8pk-021n\/#primaryimage"},"image":{"@id":"https:\/\/adcelectronique.com\/index.php\/product\/cles-pliant-proskit-8pk-021n\/#primaryimage"},"thumbnailUrl":"https:\/\/adcelectronique.com\/wp-content\/uploads\/2026\/01\/51u2ETZQojL._AC_SL1000_.jpg","datePublished":"2026-01-27T10:00:00+00:00","dateModified":"2026-02-08T14:40:03+00:00","description":"Proskit 8pk-021 N 7 pcs pliant cl\u00e9s hexagonales 1,2\/2\/2,5\/3\/4\/5\/6 mm Outil de r\u00e9paration","breadcrumb":{"@id":"https:\/\/adcelectronique.com\/index.php\/product\/cles-pliant-proskit-8pk-021n\/#breadcrumb"},"inLanguage":"fr-FR","potentialAction":[{"@type":"ReadAction","target":["https:\/\/adcelectronique.com\/index.php\/product\/cles-pliant-proskit-8pk-021n\/"]}]},{"@type":"ImageObject","inLanguage":"fr-FR","@id":"https:\/\/adcelectronique.com\/index.php\/product\/cles-pliant-proskit-8pk-021n\/#primaryimage","url":"https:\/\/adcelectronique.com\/wp-content\/uploads\/2026\/01\/51u2ETZQojL._AC_SL1000_.jpg","contentUrl":"https:\/\/adcelectronique.com\/wp-content\/uploads\/2026\/01\/51u2ETZQojL._AC_SL1000_.jpg","width":938,"height":581},{"@type":"BreadcrumbList","@id":"https:\/\/adcelectronique.com\/index.php\/product\/cles-pliant-proskit-8pk-021n\/#breadcrumb","itemListElement":[{"@type":"ListItem","position":1,"name":"Home","item":"https:\/\/adcelectronique.com\/"},{"@type":"ListItem","position":2,"name":"Shop","item":"https:\/\/adcelectronique.com\/index.php\/shop\/"},{"@type":"ListItem","position":3,"name":"Cl\u00e9s Pliant PRO&rsquo;SKIT 8PK-021N"}]},{"@type":"WebSite","@id":"https:\/\/adcelectronique.com\/#website","url":"https:\/\/adcelectronique.com\/","name":"ADC Electronique","description":"","potentialAction":[{"@type":"SearchAction","target":{"@type":"EntryPoint","urlTemplate":"https:\/\/adcelectronique.com\/?s={search_term_string}"},"query-input":{"@type":"PropertyValueSpecification","valueRequired":true,"valueName":"search_term_string"}}],"inLanguage":"fr-FR"}]}},"_links":{"self":[{"href":"https:\/\/adcelectronique.com\/index.php\/wp-json\/wp\/v2\/product\/10467","targetHints":{"allow":["GET"]}}],"collection":[{"href":"https:\/\/adcelectronique.com\/index.php\/wp-json\/wp\/v2\/product"}],"about":[{"href":"https:\/\/adcelectronique.com\/index.php\/wp-json\/wp\/v2\/types\/product"}],"replies":[{"embeddable":true,"href":"https:\/\/adcelectronique.com\/index.php\/wp-json\/wp\/v2\/comments?post=10467"}],"version-history":[{"count":0,"href":"https:\/\/adcelectronique.com\/index.php\/wp-json\/wp\/v2\/product\/10467\/revisions"}],"wp:featuredmedia":[{"embeddable":true,"href":"https:\/\/adcelectronique.com\/index.php\/wp-json\/wp\/v2\/media\/10468"}],"wp:attachment":[{"href":"https:\/\/adcelectronique.com\/index.php\/wp-json\/wp\/v2\/media?parent=10467"}],"wp:term":[{"taxonomy":"product_brand","embeddable":true,"href":"https:\/\/adcelectronique.com\/index.php\/wp-json\/wp\/v2\/product_brand?post=10467"},{"taxonomy":"product_cat","embeddable":true,"href":"https:\/\/adcelectronique.com\/index.php\/wp-json\/wp\/v2\/product_cat?post=10467"},{"taxonomy":"product_tag","embeddable":true,"href":"https:\/\/adcelectronique.com\/index.php\/wp-json\/wp\/v2\/product_tag?post=10467"}],"curies":[{"name":"wp","href":"https:\/\/api.w.org\/{rel}","templated":true}]}}