{"id":10476,"date":"2026-01-27T10:05:13","date_gmt":"2026-01-27T10:05:13","guid":{"rendered":"https:\/\/adcelectronique.com\/?post_type=product&#038;p=10476"},"modified":"2026-01-27T10:07:22","modified_gmt":"2026-01-27T10:07:22","slug":"ciseaux-de-precision-proskit-sr-333","status":"publish","type":"product","link":"https:\/\/adcelectronique.com\/index.php\/product\/ciseaux-de-precision-proskit-sr-333\/","title":{"rendered":"Ciseaux De Pr\u00e9cision PRO&rsquo;SKIT SR-333"},"content":{"rendered":"<p>&nbsp;<\/p>\n<h2>\u00a0 \u00a0 \u00a0 \u00a0 \u00a0 \u00a0 \u00a0 \u00a0 \u00a0 \u00a0 \u00a0 \u00a0 \u00a0 \u00a0 \u00a0 \u00a0 \u00a0 \u00a0 \u00a0Ciseaux De Pr\u00e9cision PRO&rsquo;SKIT SR-333<\/h2>\n<h2 class=\"default\">Description du produit<\/h2>\n<div id=\"productDescription\" class=\"a-section a-spacing-small\">\n<p>Proskit SR-333 Micro ciseaux de pr\u00e9cision multi-usages<\/p>\n<p>Con\u00e7u pour des coupes de pr\u00e9cision, couture, travaux manuels, \u00e9lectronique,<\/p>\n<p>Longueur totale : 120 mm.<br \/>\nMeules en acier inoxydable tremp\u00e9.<br \/>\nPointes aiguis\u00e9es pour des coupes plus pr\u00e9cises.<br \/>\nRessort de retour<br \/>\nBouchon de protection pour pointes<\/p>\n<\/div>\n","protected":false},"excerpt":{"rendered":"<h2 class=\"default\">Description du produit<\/h2>\n<div id=\"productDescription\" class=\"a-section a-spacing-small\">\n<p>Proskit SR-333 Micro ciseaux de pr\u00e9cision multi-usages<\/p>\n<p>Con\u00e7u pour des coupes de pr\u00e9cision, couture, travaux manuels, \u00e9lectronique,<\/p>\n<p>Longueur totale : 120 mm.<br \/>\nMeules en acier inoxydable tremp\u00e9.<br \/>\nPointes aiguis\u00e9es pour des coupes plus pr\u00e9cises.<br \/>\nRessort de retour<br \/>\nBouchon de protection pour pointes<\/p>\n<\/div>\n","protected":false},"featured_media":10480,"comment_status":"open","ping_status":"closed","template":"","meta":[],"product_brand":[121],"product_cat":[63,135],"product_tag":[],"class_list":{"0":"post-10476","1":"product","2":"type-product","3":"status-publish","4":"has-post-thumbnail","6":"product_brand-pros-kit","7":"product_cat-accessories","8":"product_cat-pince-coupante","10":"first","11":"instock","12":"shipping-taxable","13":"purchasable","14":"product-type-simple"},"yoast_head":"<!-- This site is optimized with the Yoast SEO Premium plugin v26.2 (Yoast SEO v26.2) - https:\/\/yoast.com\/wordpress\/plugins\/seo\/ -->\n<title>Ciseaux De Pr\u00e9cision PRO&#039;SKIT SR-333 - ADC Electronique<\/title>\n<meta name=\"description\" content=\"Description du produitProskit SR-333 Micro ciseaux de pr\u00e9cision multi-usagesCon\u00e7u pour des coupes de pr\u00e9cision, couture, travaux manuels, \u00e9lectronique,Longueur totale : 120 mm.Meules en acier inoxydable tremp\u00e9.Pointes aiguis\u00e9es pour des coupes plus pr\u00e9cises.Ressort de retourBouchon de protection pour pointes\" \/>\n<meta name=\"robots\" content=\"index, follow, max-snippet:-1, max-image-preview:large, max-video-preview:-1\" \/>\n<link rel=\"canonical\" href=\"https:\/\/adcelectronique.com\/index.php\/product\/ciseaux-de-precision-proskit-sr-333\/\" \/>\n<meta property=\"og:locale\" content=\"fr_FR\" \/>\n<meta property=\"og:type\" content=\"article\" \/>\n<meta property=\"og:title\" content=\"Ciseaux De Pr\u00e9cision PRO&#039;SKIT SR-333\" \/>\n<meta property=\"og:description\" content=\"Description du produitProskit SR-333 Micro ciseaux de pr\u00e9cision multi-usagesCon\u00e7u pour des coupes de pr\u00e9cision, couture, travaux manuels, \u00e9lectronique,Longueur totale : 120 mm.Meules en acier inoxydable tremp\u00e9.Pointes aiguis\u00e9es pour des coupes plus pr\u00e9cises.Ressort de retourBouchon de protection pour pointes\" \/>\n<meta property=\"og:url\" content=\"https:\/\/adcelectronique.com\/index.php\/product\/ciseaux-de-precision-proskit-sr-333\/\" \/>\n<meta property=\"og:site_name\" content=\"ADC Electronique\" \/>\n<meta property=\"article:modified_time\" content=\"2026-01-27T10:07:22+00:00\" \/>\n<meta property=\"og:image\" content=\"https:\/\/adcelectronique.com\/wp-content\/uploads\/2026\/01\/51VDf4e2LWL.jpg\" \/>\n\t<meta property=\"og:image:width\" content=\"1000\" \/>\n\t<meta property=\"og:image:height\" content=\"1000\" \/>\n\t<meta property=\"og:image:type\" content=\"image\/jpeg\" \/>\n<meta name=\"twitter:card\" content=\"summary_large_image\" \/>\n<meta name=\"twitter:label1\" content=\"Dur\u00e9e de lecture estim\u00e9e\" \/>\n\t<meta name=\"twitter:data1\" content=\"1 minute\" \/>\n<script type=\"application\/ld+json\" class=\"yoast-schema-graph\">{\"@context\":\"https:\/\/schema.org\",\"@graph\":[{\"@type\":\"WebPage\",\"@id\":\"https:\/\/adcelectronique.com\/index.php\/product\/ciseaux-de-precision-proskit-sr-333\/\",\"url\":\"https:\/\/adcelectronique.com\/index.php\/product\/ciseaux-de-precision-proskit-sr-333\/\",\"name\":\"Ciseaux De Pr\u00e9cision PRO'SKIT SR-333 - ADC Electronique\",\"isPartOf\":{\"@id\":\"https:\/\/adcelectronique.com\/#website\"},\"primaryImageOfPage\":{\"@id\":\"https:\/\/adcelectronique.com\/index.php\/product\/ciseaux-de-precision-proskit-sr-333\/#primaryimage\"},\"image\":{\"@id\":\"https:\/\/adcelectronique.com\/index.php\/product\/ciseaux-de-precision-proskit-sr-333\/#primaryimage\"},\"thumbnailUrl\":\"https:\/\/adcelectronique.com\/wp-content\/uploads\/2026\/01\/51VDf4e2LWL.jpg\",\"datePublished\":\"2026-01-27T10:05:13+00:00\",\"dateModified\":\"2026-01-27T10:07:22+00:00\",\"description\":\"Description du produitProskit SR-333 Micro ciseaux de pr\u00e9cision multi-usagesCon\u00e7u pour des coupes de pr\u00e9cision, couture, travaux manuels, \u00e9lectronique,Longueur totale : 120 mm.Meules en acier inoxydable tremp\u00e9.Pointes aiguis\u00e9es pour des coupes plus pr\u00e9cises.Ressort de retourBouchon de protection pour pointes\",\"breadcrumb\":{\"@id\":\"https:\/\/adcelectronique.com\/index.php\/product\/ciseaux-de-precision-proskit-sr-333\/#breadcrumb\"},\"inLanguage\":\"fr-FR\",\"potentialAction\":[{\"@type\":\"ReadAction\",\"target\":[\"https:\/\/adcelectronique.com\/index.php\/product\/ciseaux-de-precision-proskit-sr-333\/\"]}]},{\"@type\":\"ImageObject\",\"inLanguage\":\"fr-FR\",\"@id\":\"https:\/\/adcelectronique.com\/index.php\/product\/ciseaux-de-precision-proskit-sr-333\/#primaryimage\",\"url\":\"https:\/\/adcelectronique.com\/wp-content\/uploads\/2026\/01\/51VDf4e2LWL.jpg\",\"contentUrl\":\"https:\/\/adcelectronique.com\/wp-content\/uploads\/2026\/01\/51VDf4e2LWL.jpg\",\"width\":1000,\"height\":1000},{\"@type\":\"BreadcrumbList\",\"@id\":\"https:\/\/adcelectronique.com\/index.php\/product\/ciseaux-de-precision-proskit-sr-333\/#breadcrumb\",\"itemListElement\":[{\"@type\":\"ListItem\",\"position\":1,\"name\":\"Home\",\"item\":\"https:\/\/adcelectronique.com\/\"},{\"@type\":\"ListItem\",\"position\":2,\"name\":\"Shop\",\"item\":\"https:\/\/adcelectronique.com\/index.php\/shop\/\"},{\"@type\":\"ListItem\",\"position\":3,\"name\":\"Ciseaux De Pr\u00e9cision PRO&rsquo;SKIT SR-333\"}]},{\"@type\":\"WebSite\",\"@id\":\"https:\/\/adcelectronique.com\/#website\",\"url\":\"https:\/\/adcelectronique.com\/\",\"name\":\"ADC Electronique\",\"description\":\"\",\"potentialAction\":[{\"@type\":\"SearchAction\",\"target\":{\"@type\":\"EntryPoint\",\"urlTemplate\":\"https:\/\/adcelectronique.com\/?s={search_term_string}\"},\"query-input\":{\"@type\":\"PropertyValueSpecification\",\"valueRequired\":true,\"valueName\":\"search_term_string\"}}],\"inLanguage\":\"fr-FR\"}]}<\/script>\n<!-- \/ Yoast SEO Premium plugin. -->","yoast_head_json":{"title":"Ciseaux De Pr\u00e9cision PRO'SKIT SR-333 - ADC Electronique","description":"Description du produitProskit SR-333 Micro ciseaux de pr\u00e9cision multi-usagesCon\u00e7u pour des coupes de pr\u00e9cision, couture, travaux manuels, \u00e9lectronique,Longueur totale : 120 mm.Meules en acier inoxydable tremp\u00e9.Pointes aiguis\u00e9es pour des coupes plus pr\u00e9cises.Ressort de retourBouchon de protection pour pointes","robots":{"index":"index","follow":"follow","max-snippet":"max-snippet:-1","max-image-preview":"max-image-preview:large","max-video-preview":"max-video-preview:-1"},"canonical":"https:\/\/adcelectronique.com\/index.php\/product\/ciseaux-de-precision-proskit-sr-333\/","og_locale":"fr_FR","og_type":"article","og_title":"Ciseaux De Pr\u00e9cision PRO'SKIT SR-333","og_description":"Description du produitProskit SR-333 Micro ciseaux de pr\u00e9cision multi-usagesCon\u00e7u pour des coupes de pr\u00e9cision, couture, travaux manuels, \u00e9lectronique,Longueur totale : 120 mm.Meules en acier inoxydable tremp\u00e9.Pointes aiguis\u00e9es pour des coupes plus pr\u00e9cises.Ressort de retourBouchon de protection pour pointes","og_url":"https:\/\/adcelectronique.com\/index.php\/product\/ciseaux-de-precision-proskit-sr-333\/","og_site_name":"ADC Electronique","article_modified_time":"2026-01-27T10:07:22+00:00","og_image":[{"width":1000,"height":1000,"url":"https:\/\/adcelectronique.com\/wp-content\/uploads\/2026\/01\/51VDf4e2LWL.jpg","type":"image\/jpeg"}],"twitter_card":"summary_large_image","twitter_misc":{"Dur\u00e9e de lecture estim\u00e9e":"1 minute"},"schema":{"@context":"https:\/\/schema.org","@graph":[{"@type":"WebPage","@id":"https:\/\/adcelectronique.com\/index.php\/product\/ciseaux-de-precision-proskit-sr-333\/","url":"https:\/\/adcelectronique.com\/index.php\/product\/ciseaux-de-precision-proskit-sr-333\/","name":"Ciseaux De Pr\u00e9cision PRO'SKIT SR-333 - ADC Electronique","isPartOf":{"@id":"https:\/\/adcelectronique.com\/#website"},"primaryImageOfPage":{"@id":"https:\/\/adcelectronique.com\/index.php\/product\/ciseaux-de-precision-proskit-sr-333\/#primaryimage"},"image":{"@id":"https:\/\/adcelectronique.com\/index.php\/product\/ciseaux-de-precision-proskit-sr-333\/#primaryimage"},"thumbnailUrl":"https:\/\/adcelectronique.com\/wp-content\/uploads\/2026\/01\/51VDf4e2LWL.jpg","datePublished":"2026-01-27T10:05:13+00:00","dateModified":"2026-01-27T10:07:22+00:00","description":"Description du produitProskit SR-333 Micro ciseaux de pr\u00e9cision multi-usagesCon\u00e7u pour des coupes de pr\u00e9cision, couture, travaux manuels, \u00e9lectronique,Longueur totale : 120 mm.Meules en acier inoxydable tremp\u00e9.Pointes aiguis\u00e9es pour des coupes plus pr\u00e9cises.Ressort de retourBouchon de protection pour pointes","breadcrumb":{"@id":"https:\/\/adcelectronique.com\/index.php\/product\/ciseaux-de-precision-proskit-sr-333\/#breadcrumb"},"inLanguage":"fr-FR","potentialAction":[{"@type":"ReadAction","target":["https:\/\/adcelectronique.com\/index.php\/product\/ciseaux-de-precision-proskit-sr-333\/"]}]},{"@type":"ImageObject","inLanguage":"fr-FR","@id":"https:\/\/adcelectronique.com\/index.php\/product\/ciseaux-de-precision-proskit-sr-333\/#primaryimage","url":"https:\/\/adcelectronique.com\/wp-content\/uploads\/2026\/01\/51VDf4e2LWL.jpg","contentUrl":"https:\/\/adcelectronique.com\/wp-content\/uploads\/2026\/01\/51VDf4e2LWL.jpg","width":1000,"height":1000},{"@type":"BreadcrumbList","@id":"https:\/\/adcelectronique.com\/index.php\/product\/ciseaux-de-precision-proskit-sr-333\/#breadcrumb","itemListElement":[{"@type":"ListItem","position":1,"name":"Home","item":"https:\/\/adcelectronique.com\/"},{"@type":"ListItem","position":2,"name":"Shop","item":"https:\/\/adcelectronique.com\/index.php\/shop\/"},{"@type":"ListItem","position":3,"name":"Ciseaux De Pr\u00e9cision PRO&rsquo;SKIT SR-333"}]},{"@type":"WebSite","@id":"https:\/\/adcelectronique.com\/#website","url":"https:\/\/adcelectronique.com\/","name":"ADC Electronique","description":"","potentialAction":[{"@type":"SearchAction","target":{"@type":"EntryPoint","urlTemplate":"https:\/\/adcelectronique.com\/?s={search_term_string}"},"query-input":{"@type":"PropertyValueSpecification","valueRequired":true,"valueName":"search_term_string"}}],"inLanguage":"fr-FR"}]}},"_links":{"self":[{"href":"https:\/\/adcelectronique.com\/index.php\/wp-json\/wp\/v2\/product\/10476","targetHints":{"allow":["GET"]}}],"collection":[{"href":"https:\/\/adcelectronique.com\/index.php\/wp-json\/wp\/v2\/product"}],"about":[{"href":"https:\/\/adcelectronique.com\/index.php\/wp-json\/wp\/v2\/types\/product"}],"replies":[{"embeddable":true,"href":"https:\/\/adcelectronique.com\/index.php\/wp-json\/wp\/v2\/comments?post=10476"}],"version-history":[{"count":0,"href":"https:\/\/adcelectronique.com\/index.php\/wp-json\/wp\/v2\/product\/10476\/revisions"}],"wp:featuredmedia":[{"embeddable":true,"href":"https:\/\/adcelectronique.com\/index.php\/wp-json\/wp\/v2\/media\/10480"}],"wp:attachment":[{"href":"https:\/\/adcelectronique.com\/index.php\/wp-json\/wp\/v2\/media?parent=10476"}],"wp:term":[{"taxonomy":"product_brand","embeddable":true,"href":"https:\/\/adcelectronique.com\/index.php\/wp-json\/wp\/v2\/product_brand?post=10476"},{"taxonomy":"product_cat","embeddable":true,"href":"https:\/\/adcelectronique.com\/index.php\/wp-json\/wp\/v2\/product_cat?post=10476"},{"taxonomy":"product_tag","embeddable":true,"href":"https:\/\/adcelectronique.com\/index.php\/wp-json\/wp\/v2\/product_tag?post=10476"}],"curies":[{"name":"wp","href":"https:\/\/api.w.org\/{rel}","templated":true}]}}