{"id":10488,"date":"2026-01-27T10:47:29","date_gmt":"2026-01-27T10:47:29","guid":{"rendered":"https:\/\/adcelectronique.com\/?post_type=product&#038;p=10488"},"modified":"2026-01-28T10:55:41","modified_gmt":"2026-01-28T10:55:41","slug":"pince-brucel-ts-15-esd","status":"publish","type":"product","link":"https:\/\/adcelectronique.com\/index.php\/product\/pince-brucel-ts-15-esd\/","title":{"rendered":"Pince Brucelle Antimagnetique Anti-statique Haute Pr\u00e9cision TS-15 ESD Noir"},"content":{"rendered":"<h2>\u00a0 \u00a0 \u00a0 \u00a0 \u00a0 \u00a0 \u00a0 \u00a0 \u00a0 \u00a0 \u00a0 \u00a0 \u00a0 \u00a0 \u00a0 \u00a0 \u00a0 \u00a0 \u00a0 \u00a0 \u00a0 PINCE BRUCEL TS-15 ESD<\/h2>\n<h5 class=\"default\">Description du produit<\/h5>\n<p>Vetus TS-15 ESD Pince \u00e0 \u00e9piler de pr\u00e9cision antistatique incurv\u00e9e pour la fabrication de bijoux Outil de r\u00e9paration de t\u00e9l\u00e9phone portable.<\/p>\n<ul class=\"a-unordered-list a-vertical a-spacing-mini\">\n<li class=\"a-spacing-mini\"><span class=\"a-list-item\">Mat\u00e9riau : acier inoxydable ; couleur : noir<\/span><\/li>\n<li class=\"a-spacing-mini\"><span class=\"a-list-item\">Pince antistatique, sans danger ESD.<\/span><\/li>\n<li class=\"a-spacing-mini\"><span class=\"a-list-item\">R\u00e9sistant \u00e0 l&rsquo;acide et \u00e0 la corrosion.<\/span><\/li>\n<li class=\"a-spacing-mini\"><span class=\"a-list-item\">Pointes fines incurv\u00e9es, ramassage facile de petites pi\u00e8ces.<\/span><\/li>\n<li class=\"a-spacing-mini\"><span class=\"a-list-item\">Appliqu\u00e9 dans l&rsquo;\u00e9lectronique, la fabrication de bijoux, la r\u00e9paration de t\u00e9l\u00e9phones<\/span><\/li>\n<\/ul>\n<h5 class=\"a-size-medium a-spacing-small\">Descriptif technique<\/h5>\n<table id=\"productDetails_techSpec_section_1\" class=\"a-keyvalue prodDetTable\">\n<tbody>\n<tr>\n<th class=\"a-color-secondary a-size-base prodDetSectionEntry\">Fabricant<\/th>\n<td class=\"a-size-base prodDetAttrValue\">\u200ePlentoy<\/td>\n<\/tr>\n<tr>\n<th class=\"a-color-secondary a-size-base prodDetSectionEntry\">Poids de l&rsquo;article<\/th>\n<td class=\"a-size-base prodDetAttrValue\">\u200e18 grammes<\/td>\n<\/tr>\n<tr>\n<th class=\"a-color-secondary a-size-base prodDetSectionEntry\">Couleur<\/th>\n<td class=\"a-size-base prodDetAttrValue\">\u200eNoir<\/td>\n<\/tr>\n<tr>\n<th class=\"a-color-secondary a-size-base prodDetSectionEntry\">Style<\/th>\n<td class=\"a-size-base prodDetAttrValue\">\u200eAntistatique<\/td>\n<\/tr>\n<tr>\n<th class=\"a-color-secondary a-size-base prodDetSectionEntry\">Mati\u00e8re<\/th>\n<td class=\"a-size-base prodDetAttrValue\">\u200eAcier inoxydable<\/td>\n<\/tr>\n<tr>\n<th class=\"a-color-secondary a-size-base prodDetSectionEntry\">Piles incluses ?<\/th>\n<td class=\"a-size-base prodDetAttrValue\">\u200eNon<\/td>\n<\/tr>\n<tr>\n<th class=\"a-color-secondary a-size-base prodDetSectionEntry\">Batterie(s) \/ Pile(s) requise(s)<\/th>\n<td class=\"a-size-base prodDetAttrValue\">\u200eNon<\/td>\n<\/tr>\n<tr>\n<th class=\"a-color-secondary a-size-base prodDetSectionEntry\">Poids<\/th>\n<td class=\"a-size-base prodDetAttrValue\">\u200e18 Grammes<\/td>\n<\/tr>\n<\/tbody>\n<\/table>\n","protected":false},"excerpt":{"rendered":"<h5 class=\"default\">Description du produit<\/h5>\n<p>Vetus TS-15 ESD Pince \u00e0 \u00e9piler de pr\u00e9cision antistatique incurv\u00e9e pour la fabrication de bijoux Outil de r\u00e9paration de t\u00e9l\u00e9phone portable.<\/p>\n<ul class=\"a-unordered-list a-vertical a-spacing-mini\">\n<li class=\"a-spacing-mini\"><span class=\"a-list-item\">Mat\u00e9riau : acier inoxydable ; couleur : noir<\/span><\/li>\n<li class=\"a-spacing-mini\"><span class=\"a-list-item\">Pince antistatique, sans danger ESD.<\/span><\/li>\n<li class=\"a-spacing-mini\"><span class=\"a-list-item\">R\u00e9sistant \u00e0 l&rsquo;acide et \u00e0 la corrosion.<\/span><\/li>\n<li class=\"a-spacing-mini\"><span class=\"a-list-item\">Pointes fines incurv\u00e9es, ramassage facile de petites pi\u00e8ces.<\/span><\/li>\n<li class=\"a-spacing-mini\"><span class=\"a-list-item\">Appliqu\u00e9 dans l&rsquo;\u00e9lectronique, la fabrication de bijoux, la r\u00e9paration de t\u00e9l\u00e9phones<\/span><\/li>\n<\/ul>\n","protected":false},"featured_media":10491,"comment_status":"open","ping_status":"closed","template":"","meta":[],"product_brand":[138],"product_cat":[63,139,135],"product_tag":[],"class_list":{"0":"post-10488","1":"product","2":"type-product","3":"status-publish","4":"has-post-thumbnail","6":"product_brand-vetus","7":"product_cat-accessories","8":"product_cat-pince-brucel","9":"product_cat-pince-coupante","11":"first","12":"instock","13":"shipping-taxable","14":"purchasable","15":"product-type-simple"},"yoast_head":"<!-- This site is optimized with the Yoast SEO Premium plugin v26.2 (Yoast SEO v26.2) - https:\/\/yoast.com\/wordpress\/plugins\/seo\/ -->\n<title>Pince Brucelle Antimagnetique Anti-statique Haute Pr\u00e9cision TS-15 ESD Noir - ADC Electronique<\/title>\n<meta name=\"robots\" content=\"index, follow, max-snippet:-1, max-image-preview:large, max-video-preview:-1\" \/>\n<link rel=\"canonical\" href=\"https:\/\/adcelectronique.com\/index.php\/product\/pince-brucel-ts-15-esd\/\" \/>\n<meta property=\"og:locale\" content=\"fr_FR\" \/>\n<meta property=\"og:type\" content=\"article\" \/>\n<meta property=\"og:title\" content=\"Pince Brucelle Antimagnetique Anti-statique Haute Pr\u00e9cision TS-15 ESD Noir\" \/>\n<meta property=\"og:description\" content=\"Description du produit Vetus TS-15 ESD Pince \u00e0 \u00e9piler de pr\u00e9cision antistatique incurv\u00e9e pour la fabrication de bijoux Outil de r\u00e9paration de t\u00e9l\u00e9phone portable.   Mat\u00e9riau : acier inoxydable ; couleur : noir  Pince antistatique, sans danger ESD.  R\u00e9sistant \u00e0 l&#039;acide et \u00e0 la corrosion.  Pointes fines incurv\u00e9es, ramassage facile de petites pi\u00e8ces.  Appliqu\u00e9 dans l&#039;\u00e9lectronique, la fabrication de bijoux, la r\u00e9paration de t\u00e9l\u00e9phones\" \/>\n<meta property=\"og:url\" content=\"https:\/\/adcelectronique.com\/index.php\/product\/pince-brucel-ts-15-esd\/\" \/>\n<meta property=\"og:site_name\" content=\"ADC Electronique\" \/>\n<meta property=\"article:modified_time\" content=\"2026-01-28T10:55:41+00:00\" \/>\n<meta property=\"og:image\" content=\"https:\/\/adcelectronique.com\/wp-content\/uploads\/2026\/01\/ESD15.png\" \/>\n\t<meta property=\"og:image:width\" content=\"800\" \/>\n\t<meta property=\"og:image:height\" content=\"600\" \/>\n\t<meta property=\"og:image:type\" content=\"image\/png\" \/>\n<meta name=\"twitter:card\" content=\"summary_large_image\" \/>\n<meta name=\"twitter:label1\" content=\"Dur\u00e9e de lecture estim\u00e9e\" \/>\n\t<meta name=\"twitter:data1\" content=\"1 minute\" \/>\n<script type=\"application\/ld+json\" class=\"yoast-schema-graph\">{\"@context\":\"https:\/\/schema.org\",\"@graph\":[{\"@type\":\"WebPage\",\"@id\":\"https:\/\/adcelectronique.com\/index.php\/product\/pince-brucel-ts-15-esd\/\",\"url\":\"https:\/\/adcelectronique.com\/index.php\/product\/pince-brucel-ts-15-esd\/\",\"name\":\"Pince Brucelle Antimagnetique Anti-statique Haute Pr\u00e9cision TS-15 ESD Noir - ADC Electronique\",\"isPartOf\":{\"@id\":\"https:\/\/adcelectronique.com\/#website\"},\"primaryImageOfPage\":{\"@id\":\"https:\/\/adcelectronique.com\/index.php\/product\/pince-brucel-ts-15-esd\/#primaryimage\"},\"image\":{\"@id\":\"https:\/\/adcelectronique.com\/index.php\/product\/pince-brucel-ts-15-esd\/#primaryimage\"},\"thumbnailUrl\":\"https:\/\/adcelectronique.com\/wp-content\/uploads\/2026\/01\/ESD15.png\",\"datePublished\":\"2026-01-27T10:47:29+00:00\",\"dateModified\":\"2026-01-28T10:55:41+00:00\",\"breadcrumb\":{\"@id\":\"https:\/\/adcelectronique.com\/index.php\/product\/pince-brucel-ts-15-esd\/#breadcrumb\"},\"inLanguage\":\"fr-FR\",\"potentialAction\":[{\"@type\":\"ReadAction\",\"target\":[\"https:\/\/adcelectronique.com\/index.php\/product\/pince-brucel-ts-15-esd\/\"]}]},{\"@type\":\"ImageObject\",\"inLanguage\":\"fr-FR\",\"@id\":\"https:\/\/adcelectronique.com\/index.php\/product\/pince-brucel-ts-15-esd\/#primaryimage\",\"url\":\"https:\/\/adcelectronique.com\/wp-content\/uploads\/2026\/01\/ESD15.png\",\"contentUrl\":\"https:\/\/adcelectronique.com\/wp-content\/uploads\/2026\/01\/ESD15.png\",\"width\":800,\"height\":600},{\"@type\":\"BreadcrumbList\",\"@id\":\"https:\/\/adcelectronique.com\/index.php\/product\/pince-brucel-ts-15-esd\/#breadcrumb\",\"itemListElement\":[{\"@type\":\"ListItem\",\"position\":1,\"name\":\"Home\",\"item\":\"https:\/\/adcelectronique.com\/\"},{\"@type\":\"ListItem\",\"position\":2,\"name\":\"Shop\",\"item\":\"https:\/\/adcelectronique.com\/index.php\/shop\/\"},{\"@type\":\"ListItem\",\"position\":3,\"name\":\"Pince Brucelle Antimagnetique Anti-statique Haute Pr\u00e9cision TS-15 ESD Noir\"}]},{\"@type\":\"WebSite\",\"@id\":\"https:\/\/adcelectronique.com\/#website\",\"url\":\"https:\/\/adcelectronique.com\/\",\"name\":\"ADC Electronique\",\"description\":\"\",\"potentialAction\":[{\"@type\":\"SearchAction\",\"target\":{\"@type\":\"EntryPoint\",\"urlTemplate\":\"https:\/\/adcelectronique.com\/?s={search_term_string}\"},\"query-input\":{\"@type\":\"PropertyValueSpecification\",\"valueRequired\":true,\"valueName\":\"search_term_string\"}}],\"inLanguage\":\"fr-FR\"}]}<\/script>\n<!-- \/ Yoast SEO Premium plugin. -->","yoast_head_json":{"title":"Pince Brucelle Antimagnetique Anti-statique Haute Pr\u00e9cision TS-15 ESD Noir - ADC Electronique","robots":{"index":"index","follow":"follow","max-snippet":"max-snippet:-1","max-image-preview":"max-image-preview:large","max-video-preview":"max-video-preview:-1"},"canonical":"https:\/\/adcelectronique.com\/index.php\/product\/pince-brucel-ts-15-esd\/","og_locale":"fr_FR","og_type":"article","og_title":"Pince Brucelle Antimagnetique Anti-statique Haute Pr\u00e9cision TS-15 ESD Noir","og_description":"Description du produit Vetus TS-15 ESD Pince \u00e0 \u00e9piler de pr\u00e9cision antistatique incurv\u00e9e pour la fabrication de bijoux Outil de r\u00e9paration de t\u00e9l\u00e9phone portable.   Mat\u00e9riau : acier inoxydable ; couleur : noir  Pince antistatique, sans danger ESD.  R\u00e9sistant \u00e0 l'acide et \u00e0 la corrosion.  Pointes fines incurv\u00e9es, ramassage facile de petites pi\u00e8ces.  Appliqu\u00e9 dans l'\u00e9lectronique, la fabrication de bijoux, la r\u00e9paration de t\u00e9l\u00e9phones","og_url":"https:\/\/adcelectronique.com\/index.php\/product\/pince-brucel-ts-15-esd\/","og_site_name":"ADC Electronique","article_modified_time":"2026-01-28T10:55:41+00:00","og_image":[{"width":800,"height":600,"url":"https:\/\/adcelectronique.com\/wp-content\/uploads\/2026\/01\/ESD15.png","type":"image\/png"}],"twitter_card":"summary_large_image","twitter_misc":{"Dur\u00e9e de lecture estim\u00e9e":"1 minute"},"schema":{"@context":"https:\/\/schema.org","@graph":[{"@type":"WebPage","@id":"https:\/\/adcelectronique.com\/index.php\/product\/pince-brucel-ts-15-esd\/","url":"https:\/\/adcelectronique.com\/index.php\/product\/pince-brucel-ts-15-esd\/","name":"Pince Brucelle Antimagnetique Anti-statique Haute Pr\u00e9cision TS-15 ESD Noir - ADC Electronique","isPartOf":{"@id":"https:\/\/adcelectronique.com\/#website"},"primaryImageOfPage":{"@id":"https:\/\/adcelectronique.com\/index.php\/product\/pince-brucel-ts-15-esd\/#primaryimage"},"image":{"@id":"https:\/\/adcelectronique.com\/index.php\/product\/pince-brucel-ts-15-esd\/#primaryimage"},"thumbnailUrl":"https:\/\/adcelectronique.com\/wp-content\/uploads\/2026\/01\/ESD15.png","datePublished":"2026-01-27T10:47:29+00:00","dateModified":"2026-01-28T10:55:41+00:00","breadcrumb":{"@id":"https:\/\/adcelectronique.com\/index.php\/product\/pince-brucel-ts-15-esd\/#breadcrumb"},"inLanguage":"fr-FR","potentialAction":[{"@type":"ReadAction","target":["https:\/\/adcelectronique.com\/index.php\/product\/pince-brucel-ts-15-esd\/"]}]},{"@type":"ImageObject","inLanguage":"fr-FR","@id":"https:\/\/adcelectronique.com\/index.php\/product\/pince-brucel-ts-15-esd\/#primaryimage","url":"https:\/\/adcelectronique.com\/wp-content\/uploads\/2026\/01\/ESD15.png","contentUrl":"https:\/\/adcelectronique.com\/wp-content\/uploads\/2026\/01\/ESD15.png","width":800,"height":600},{"@type":"BreadcrumbList","@id":"https:\/\/adcelectronique.com\/index.php\/product\/pince-brucel-ts-15-esd\/#breadcrumb","itemListElement":[{"@type":"ListItem","position":1,"name":"Home","item":"https:\/\/adcelectronique.com\/"},{"@type":"ListItem","position":2,"name":"Shop","item":"https:\/\/adcelectronique.com\/index.php\/shop\/"},{"@type":"ListItem","position":3,"name":"Pince Brucelle Antimagnetique Anti-statique Haute Pr\u00e9cision TS-15 ESD Noir"}]},{"@type":"WebSite","@id":"https:\/\/adcelectronique.com\/#website","url":"https:\/\/adcelectronique.com\/","name":"ADC Electronique","description":"","potentialAction":[{"@type":"SearchAction","target":{"@type":"EntryPoint","urlTemplate":"https:\/\/adcelectronique.com\/?s={search_term_string}"},"query-input":{"@type":"PropertyValueSpecification","valueRequired":true,"valueName":"search_term_string"}}],"inLanguage":"fr-FR"}]}},"_links":{"self":[{"href":"https:\/\/adcelectronique.com\/index.php\/wp-json\/wp\/v2\/product\/10488","targetHints":{"allow":["GET"]}}],"collection":[{"href":"https:\/\/adcelectronique.com\/index.php\/wp-json\/wp\/v2\/product"}],"about":[{"href":"https:\/\/adcelectronique.com\/index.php\/wp-json\/wp\/v2\/types\/product"}],"replies":[{"embeddable":true,"href":"https:\/\/adcelectronique.com\/index.php\/wp-json\/wp\/v2\/comments?post=10488"}],"version-history":[{"count":0,"href":"https:\/\/adcelectronique.com\/index.php\/wp-json\/wp\/v2\/product\/10488\/revisions"}],"wp:featuredmedia":[{"embeddable":true,"href":"https:\/\/adcelectronique.com\/index.php\/wp-json\/wp\/v2\/media\/10491"}],"wp:attachment":[{"href":"https:\/\/adcelectronique.com\/index.php\/wp-json\/wp\/v2\/media?parent=10488"}],"wp:term":[{"taxonomy":"product_brand","embeddable":true,"href":"https:\/\/adcelectronique.com\/index.php\/wp-json\/wp\/v2\/product_brand?post=10488"},{"taxonomy":"product_cat","embeddable":true,"href":"https:\/\/adcelectronique.com\/index.php\/wp-json\/wp\/v2\/product_cat?post=10488"},{"taxonomy":"product_tag","embeddable":true,"href":"https:\/\/adcelectronique.com\/index.php\/wp-json\/wp\/v2\/product_tag?post=10488"}],"curies":[{"name":"wp","href":"https:\/\/api.w.org\/{rel}","templated":true}]}}