{"id":10494,"date":"2026-01-27T10:55:49","date_gmt":"2026-01-27T10:55:49","guid":{"rendered":"https:\/\/adcelectronique.com\/?post_type=product&#038;p=10494"},"modified":"2026-01-28T10:54:29","modified_gmt":"2026-01-28T10:54:29","slug":"pince-brucel-ts-11-esd","status":"publish","type":"product","link":"https:\/\/adcelectronique.com\/index.php\/product\/pince-brucel-ts-11-esd\/","title":{"rendered":"Pince Brucelle Antimagnetique Anti-statique Haute Pr\u00e9cision TS-11 ESD Noir"},"content":{"rendered":"<h2>\u00a0 \u00a0 \u00a0Pince Brucelle Antimagnetique Anti-statique Haute Pr\u00e9cision TS-11 ESD Noir<\/h2>\n<h5 class=\"default\">Description du produit<\/h5>\n<p>Vetus TS-11 Pince \u00e0 \u00e9piler droite de pr\u00e9cision en acier inoxydable pour extension de cils, \u00e9lectronique, bijoux, loisirs cr\u00e9atifs, r\u00e9paration de t\u00e9l\u00e9phone<\/p>\n<ul class=\"a-unordered-list a-vertical a-spacing-mini\">\n<li class=\"a-spacing-mini\"><span class=\"a-list-item\">Mod\u00e8le : TS-11. Taille : 138 mm<\/span><\/li>\n<li class=\"a-spacing-mini\"><span class=\"a-list-item\">\u2764 Fabriqu\u00e9 en acier inoxydable, durable \u00e0 utiliser.<\/span><\/li>\n<li class=\"a-spacing-mini\"><span class=\"a-list-item\">\u2764 Haute duret\u00e9 et haute pr\u00e9cision.<\/span><span class=\"a-list-item\">Pour extension de cils, \u00e9lectronique, bijoux, loisirs, artisanat, etc<\/span>\n<div class=\"a-row\">\n<div class=\"a-column a-span6\">\n<h5 class=\"a-size-medium a-spacing-small\">Descriptif technique<\/h5>\n<\/div>\n<\/div>\n<div class=\"a-expander-content a-expander-extend-content\" data-expanded=\"true\">\n<div class=\"a-row a-expander-container a-expander-inline-container\">\n<div class=\"a-expander-content a-expander-section-content a-section-expander-inner\" data-expanded=\"true\">\n<table id=\"productDetails_techSpec_section_1\" class=\"a-keyvalue prodDetTable\">\n<tbody>\n<tr>\n<th class=\"a-color-secondary a-size-base prodDetSectionEntry\">Fabricant<\/th>\n<td class=\"a-size-base prodDetAttrValue\">\u200ePlentoy<\/td>\n<\/tr>\n<tr>\n<th class=\"a-color-secondary a-size-base prodDetSectionEntry\">Poids de l&rsquo;article<\/th>\n<td class=\"a-size-base prodDetAttrValue\">\u200e17 grammes<\/td>\n<\/tr>\n<tr>\n<th class=\"a-color-secondary a-size-base prodDetSectionEntry\">Couleur<\/th>\n<td class=\"a-size-base prodDetAttrValue\">\u200eArgent<\/td>\n<\/tr>\n<tr>\n<th class=\"a-color-secondary a-size-base prodDetSectionEntry\">Mati\u00e8re<\/th>\n<td class=\"a-size-base prodDetAttrValue\">\u200eAcier inoxydable<\/td>\n<\/tr>\n<tr>\n<th class=\"a-color-secondary a-size-base prodDetSectionEntry\">Piles incluses ?<\/th>\n<td class=\"a-size-base prodDetAttrValue\">\u200eNon<\/td>\n<\/tr>\n<tr>\n<th class=\"a-color-secondary a-size-base prodDetSectionEntry\">Batterie(s) \/ Pile(s) requise(s)<\/th>\n<td class=\"a-size-base prodDetAttrValue\">\u200eNon<\/td>\n<\/tr>\n<tr>\n<th class=\"a-color-secondary a-size-base prodDetSectionEntry\">Poids<\/th>\n<td class=\"a-size-base prodDetAttrValue\">\u200e17 Grammes<\/td>\n<\/tr>\n<\/tbody>\n<\/table>\n<\/div>\n<\/div>\n<\/div>\n<\/li>\n<\/ul>\n","protected":false},"excerpt":{"rendered":"<h5 class=\"default\">Description du produit<\/h5>\n<p>Vetus TS-11 Pince \u00e0 \u00e9piler droite de pr\u00e9cision en acier inoxydable pour extension de cils, \u00e9lectronique, bijoux, loisirs cr\u00e9atifs, r\u00e9paration de t\u00e9l\u00e9phone<\/p>\n<ul class=\"a-unordered-list a-vertical a-spacing-mini\">\n<li class=\"a-spacing-mini\"><span class=\"a-list-item\">Mod\u00e8le : TS-11. Taille : 138 mm<\/span><\/li>\n<li class=\"a-spacing-mini\"><span class=\"a-list-item\">\u2764 Fabriqu\u00e9 en acier inoxydable, durable \u00e0 utiliser.<\/span><\/li>\n<li class=\"a-spacing-mini\"><span class=\"a-list-item\">\u2764 Haute duret\u00e9 et haute pr\u00e9cision.<\/span><span class=\"a-list-item\">Pour extension de cils, \u00e9lectronique, bijoux, loisirs, artisanat, etc<\/span><\/li>\n<\/ul>\n","protected":false},"featured_media":10495,"comment_status":"open","ping_status":"closed","template":"","meta":[],"product_brand":[138],"product_cat":[63,139],"product_tag":[],"class_list":{"0":"post-10494","1":"product","2":"type-product","3":"status-publish","4":"has-post-thumbnail","6":"product_brand-vetus","7":"product_cat-accessories","8":"product_cat-pince-brucel","10":"first","11":"instock","12":"shipping-taxable","13":"purchasable","14":"product-type-simple"},"yoast_head":"<!-- This site is optimized with the Yoast SEO Premium plugin v26.2 (Yoast SEO v26.2) - https:\/\/yoast.com\/wordpress\/plugins\/seo\/ -->\n<title>Pince Brucelle Antimagnetique Anti-statique Haute Pr\u00e9cision TS-11 ESD Noir - ADC Electronique<\/title>\n<meta name=\"description\" content=\"Description du produitVetus TS-11 Pince \u00e0 \u00e9piler droite de pr\u00e9cision en acier inoxydable pour extension de cils, \u00e9lectronique, bijoux, loisirs cr\u00e9atifs, r\u00e9paration de t\u00e9l\u00e9phoneMod\u00e8le : TS-11. Taille : 138 mm\u2764 Fabriqu\u00e9 en acier inoxydable, durable \u00e0 utiliser.\u2764 Haute duret\u00e9 et haute pr\u00e9cision.Pour extension de cils, \u00e9lectronique, bijoux, loisirs, artisanat, etc\" \/>\n<meta name=\"robots\" content=\"index, follow, max-snippet:-1, max-image-preview:large, max-video-preview:-1\" \/>\n<link rel=\"canonical\" href=\"https:\/\/adcelectronique.com\/index.php\/product\/pince-brucel-ts-11-esd\/\" \/>\n<meta property=\"og:locale\" content=\"fr_FR\" \/>\n<meta property=\"og:type\" content=\"article\" \/>\n<meta property=\"og:title\" content=\"Pince Brucelle Antimagnetique Anti-statique Haute Pr\u00e9cision TS-11 ESD Noir\" \/>\n<meta property=\"og:description\" content=\"Description du produitVetus TS-11 Pince \u00e0 \u00e9piler droite de pr\u00e9cision en acier inoxydable pour extension de cils, \u00e9lectronique, bijoux, loisirs cr\u00e9atifs, r\u00e9paration de t\u00e9l\u00e9phoneMod\u00e8le : TS-11. Taille : 138 mm\u2764 Fabriqu\u00e9 en acier inoxydable, durable \u00e0 utiliser.\u2764 Haute duret\u00e9 et haute pr\u00e9cision.Pour extension de cils, \u00e9lectronique, bijoux, loisirs, artisanat, etc\" \/>\n<meta property=\"og:url\" content=\"https:\/\/adcelectronique.com\/index.php\/product\/pince-brucel-ts-11-esd\/\" \/>\n<meta property=\"og:site_name\" content=\"ADC Electronique\" \/>\n<meta property=\"article:modified_time\" content=\"2026-01-28T10:54:29+00:00\" \/>\n<meta property=\"og:image\" content=\"https:\/\/adcelectronique.com\/wp-content\/uploads\/2026\/01\/31O5kJ2ZyuL._AC_.jpg\" \/>\n\t<meta property=\"og:image:width\" content=\"428\" \/>\n\t<meta property=\"og:image:height\" content=\"396\" \/>\n\t<meta property=\"og:image:type\" content=\"image\/jpeg\" \/>\n<meta name=\"twitter:card\" content=\"summary_large_image\" \/>\n<meta name=\"twitter:label1\" content=\"Dur\u00e9e de lecture estim\u00e9e\" \/>\n\t<meta name=\"twitter:data1\" content=\"1 minute\" \/>\n<script type=\"application\/ld+json\" class=\"yoast-schema-graph\">{\"@context\":\"https:\/\/schema.org\",\"@graph\":[{\"@type\":\"WebPage\",\"@id\":\"https:\/\/adcelectronique.com\/index.php\/product\/pince-brucel-ts-11-esd\/\",\"url\":\"https:\/\/adcelectronique.com\/index.php\/product\/pince-brucel-ts-11-esd\/\",\"name\":\"Pince Brucelle Antimagnetique Anti-statique Haute Pr\u00e9cision TS-11 ESD Noir - ADC Electronique\",\"isPartOf\":{\"@id\":\"https:\/\/adcelectronique.com\/#website\"},\"primaryImageOfPage\":{\"@id\":\"https:\/\/adcelectronique.com\/index.php\/product\/pince-brucel-ts-11-esd\/#primaryimage\"},\"image\":{\"@id\":\"https:\/\/adcelectronique.com\/index.php\/product\/pince-brucel-ts-11-esd\/#primaryimage\"},\"thumbnailUrl\":\"https:\/\/adcelectronique.com\/wp-content\/uploads\/2026\/01\/31O5kJ2ZyuL._AC_.jpg\",\"datePublished\":\"2026-01-27T10:55:49+00:00\",\"dateModified\":\"2026-01-28T10:54:29+00:00\",\"description\":\"Description du produitVetus TS-11 Pince \u00e0 \u00e9piler droite de pr\u00e9cision en acier inoxydable pour extension de cils, \u00e9lectronique, bijoux, loisirs cr\u00e9atifs, r\u00e9paration de t\u00e9l\u00e9phoneMod\u00e8le : TS-11. Taille : 138 mm\u2764 Fabriqu\u00e9 en acier inoxydable, durable \u00e0 utiliser.\u2764 Haute duret\u00e9 et haute pr\u00e9cision.Pour extension de cils, \u00e9lectronique, bijoux, loisirs, artisanat, etc\",\"breadcrumb\":{\"@id\":\"https:\/\/adcelectronique.com\/index.php\/product\/pince-brucel-ts-11-esd\/#breadcrumb\"},\"inLanguage\":\"fr-FR\",\"potentialAction\":[{\"@type\":\"ReadAction\",\"target\":[\"https:\/\/adcelectronique.com\/index.php\/product\/pince-brucel-ts-11-esd\/\"]}]},{\"@type\":\"ImageObject\",\"inLanguage\":\"fr-FR\",\"@id\":\"https:\/\/adcelectronique.com\/index.php\/product\/pince-brucel-ts-11-esd\/#primaryimage\",\"url\":\"https:\/\/adcelectronique.com\/wp-content\/uploads\/2026\/01\/31O5kJ2ZyuL._AC_.jpg\",\"contentUrl\":\"https:\/\/adcelectronique.com\/wp-content\/uploads\/2026\/01\/31O5kJ2ZyuL._AC_.jpg\",\"width\":428,\"height\":396},{\"@type\":\"BreadcrumbList\",\"@id\":\"https:\/\/adcelectronique.com\/index.php\/product\/pince-brucel-ts-11-esd\/#breadcrumb\",\"itemListElement\":[{\"@type\":\"ListItem\",\"position\":1,\"name\":\"Home\",\"item\":\"https:\/\/adcelectronique.com\/\"},{\"@type\":\"ListItem\",\"position\":2,\"name\":\"Shop\",\"item\":\"https:\/\/adcelectronique.com\/index.php\/shop\/\"},{\"@type\":\"ListItem\",\"position\":3,\"name\":\"Pince Brucelle Antimagnetique Anti-statique Haute Pr\u00e9cision TS-11 ESD Noir\"}]},{\"@type\":\"WebSite\",\"@id\":\"https:\/\/adcelectronique.com\/#website\",\"url\":\"https:\/\/adcelectronique.com\/\",\"name\":\"ADC Electronique\",\"description\":\"\",\"potentialAction\":[{\"@type\":\"SearchAction\",\"target\":{\"@type\":\"EntryPoint\",\"urlTemplate\":\"https:\/\/adcelectronique.com\/?s={search_term_string}\"},\"query-input\":{\"@type\":\"PropertyValueSpecification\",\"valueRequired\":true,\"valueName\":\"search_term_string\"}}],\"inLanguage\":\"fr-FR\"}]}<\/script>\n<!-- \/ Yoast SEO Premium plugin. -->","yoast_head_json":{"title":"Pince Brucelle Antimagnetique Anti-statique Haute Pr\u00e9cision TS-11 ESD Noir - ADC Electronique","description":"Description du produitVetus TS-11 Pince \u00e0 \u00e9piler droite de pr\u00e9cision en acier inoxydable pour extension de cils, \u00e9lectronique, bijoux, loisirs cr\u00e9atifs, r\u00e9paration de t\u00e9l\u00e9phoneMod\u00e8le : TS-11. Taille : 138 mm\u2764 Fabriqu\u00e9 en acier inoxydable, durable \u00e0 utiliser.\u2764 Haute duret\u00e9 et haute pr\u00e9cision.Pour extension de cils, \u00e9lectronique, bijoux, loisirs, artisanat, etc","robots":{"index":"index","follow":"follow","max-snippet":"max-snippet:-1","max-image-preview":"max-image-preview:large","max-video-preview":"max-video-preview:-1"},"canonical":"https:\/\/adcelectronique.com\/index.php\/product\/pince-brucel-ts-11-esd\/","og_locale":"fr_FR","og_type":"article","og_title":"Pince Brucelle Antimagnetique Anti-statique Haute Pr\u00e9cision TS-11 ESD Noir","og_description":"Description du produitVetus TS-11 Pince \u00e0 \u00e9piler droite de pr\u00e9cision en acier inoxydable pour extension de cils, \u00e9lectronique, bijoux, loisirs cr\u00e9atifs, r\u00e9paration de t\u00e9l\u00e9phoneMod\u00e8le : TS-11. Taille : 138 mm\u2764 Fabriqu\u00e9 en acier inoxydable, durable \u00e0 utiliser.\u2764 Haute duret\u00e9 et haute pr\u00e9cision.Pour extension de cils, \u00e9lectronique, bijoux, loisirs, artisanat, etc","og_url":"https:\/\/adcelectronique.com\/index.php\/product\/pince-brucel-ts-11-esd\/","og_site_name":"ADC Electronique","article_modified_time":"2026-01-28T10:54:29+00:00","og_image":[{"width":428,"height":396,"url":"https:\/\/adcelectronique.com\/wp-content\/uploads\/2026\/01\/31O5kJ2ZyuL._AC_.jpg","type":"image\/jpeg"}],"twitter_card":"summary_large_image","twitter_misc":{"Dur\u00e9e de lecture estim\u00e9e":"1 minute"},"schema":{"@context":"https:\/\/schema.org","@graph":[{"@type":"WebPage","@id":"https:\/\/adcelectronique.com\/index.php\/product\/pince-brucel-ts-11-esd\/","url":"https:\/\/adcelectronique.com\/index.php\/product\/pince-brucel-ts-11-esd\/","name":"Pince Brucelle Antimagnetique Anti-statique Haute Pr\u00e9cision TS-11 ESD Noir - ADC Electronique","isPartOf":{"@id":"https:\/\/adcelectronique.com\/#website"},"primaryImageOfPage":{"@id":"https:\/\/adcelectronique.com\/index.php\/product\/pince-brucel-ts-11-esd\/#primaryimage"},"image":{"@id":"https:\/\/adcelectronique.com\/index.php\/product\/pince-brucel-ts-11-esd\/#primaryimage"},"thumbnailUrl":"https:\/\/adcelectronique.com\/wp-content\/uploads\/2026\/01\/31O5kJ2ZyuL._AC_.jpg","datePublished":"2026-01-27T10:55:49+00:00","dateModified":"2026-01-28T10:54:29+00:00","description":"Description du produitVetus TS-11 Pince \u00e0 \u00e9piler droite de pr\u00e9cision en acier inoxydable pour extension de cils, \u00e9lectronique, bijoux, loisirs cr\u00e9atifs, r\u00e9paration de t\u00e9l\u00e9phoneMod\u00e8le : TS-11. Taille : 138 mm\u2764 Fabriqu\u00e9 en acier inoxydable, durable \u00e0 utiliser.\u2764 Haute duret\u00e9 et haute pr\u00e9cision.Pour extension de cils, \u00e9lectronique, bijoux, loisirs, artisanat, etc","breadcrumb":{"@id":"https:\/\/adcelectronique.com\/index.php\/product\/pince-brucel-ts-11-esd\/#breadcrumb"},"inLanguage":"fr-FR","potentialAction":[{"@type":"ReadAction","target":["https:\/\/adcelectronique.com\/index.php\/product\/pince-brucel-ts-11-esd\/"]}]},{"@type":"ImageObject","inLanguage":"fr-FR","@id":"https:\/\/adcelectronique.com\/index.php\/product\/pince-brucel-ts-11-esd\/#primaryimage","url":"https:\/\/adcelectronique.com\/wp-content\/uploads\/2026\/01\/31O5kJ2ZyuL._AC_.jpg","contentUrl":"https:\/\/adcelectronique.com\/wp-content\/uploads\/2026\/01\/31O5kJ2ZyuL._AC_.jpg","width":428,"height":396},{"@type":"BreadcrumbList","@id":"https:\/\/adcelectronique.com\/index.php\/product\/pince-brucel-ts-11-esd\/#breadcrumb","itemListElement":[{"@type":"ListItem","position":1,"name":"Home","item":"https:\/\/adcelectronique.com\/"},{"@type":"ListItem","position":2,"name":"Shop","item":"https:\/\/adcelectronique.com\/index.php\/shop\/"},{"@type":"ListItem","position":3,"name":"Pince Brucelle Antimagnetique Anti-statique Haute Pr\u00e9cision TS-11 ESD Noir"}]},{"@type":"WebSite","@id":"https:\/\/adcelectronique.com\/#website","url":"https:\/\/adcelectronique.com\/","name":"ADC Electronique","description":"","potentialAction":[{"@type":"SearchAction","target":{"@type":"EntryPoint","urlTemplate":"https:\/\/adcelectronique.com\/?s={search_term_string}"},"query-input":{"@type":"PropertyValueSpecification","valueRequired":true,"valueName":"search_term_string"}}],"inLanguage":"fr-FR"}]}},"_links":{"self":[{"href":"https:\/\/adcelectronique.com\/index.php\/wp-json\/wp\/v2\/product\/10494","targetHints":{"allow":["GET"]}}],"collection":[{"href":"https:\/\/adcelectronique.com\/index.php\/wp-json\/wp\/v2\/product"}],"about":[{"href":"https:\/\/adcelectronique.com\/index.php\/wp-json\/wp\/v2\/types\/product"}],"replies":[{"embeddable":true,"href":"https:\/\/adcelectronique.com\/index.php\/wp-json\/wp\/v2\/comments?post=10494"}],"version-history":[{"count":0,"href":"https:\/\/adcelectronique.com\/index.php\/wp-json\/wp\/v2\/product\/10494\/revisions"}],"wp:featuredmedia":[{"embeddable":true,"href":"https:\/\/adcelectronique.com\/index.php\/wp-json\/wp\/v2\/media\/10495"}],"wp:attachment":[{"href":"https:\/\/adcelectronique.com\/index.php\/wp-json\/wp\/v2\/media?parent=10494"}],"wp:term":[{"taxonomy":"product_brand","embeddable":true,"href":"https:\/\/adcelectronique.com\/index.php\/wp-json\/wp\/v2\/product_brand?post=10494"},{"taxonomy":"product_cat","embeddable":true,"href":"https:\/\/adcelectronique.com\/index.php\/wp-json\/wp\/v2\/product_cat?post=10494"},{"taxonomy":"product_tag","embeddable":true,"href":"https:\/\/adcelectronique.com\/index.php\/wp-json\/wp\/v2\/product_tag?post=10494"}],"curies":[{"name":"wp","href":"https:\/\/api.w.org\/{rel}","templated":true}]}}