{"id":10501,"date":"2026-01-28T10:52:06","date_gmt":"2026-01-28T10:52:06","guid":{"rendered":"https:\/\/adcelectronique.com\/?post_type=product&#038;p=10501"},"modified":"2026-01-28T10:52:10","modified_gmt":"2026-01-28T10:52:10","slug":"pince-brucelle-antimagnetique-anti-statique-haute-precision-tst10-15-noir","status":"publish","type":"product","link":"https:\/\/adcelectronique.com\/index.php\/product\/pince-brucelle-antimagnetique-anti-statique-haute-precision-tst10-15-noir\/","title":{"rendered":"Pince Brucelle Antimagnetique Anti-statique Haute Pr\u00e9cision TST10-15 &#8211; Noir"},"content":{"rendered":"<p>&nbsp;<\/p>\n<h3>\u00a0 \u00a0 \u00a0 \u00a0 \u00a0Pince Brucelle Antimagnetique Anti-statique Haute Pr\u00e9cision TST10-15 &#8211; Noir<\/h3>\n<h5><span class=\"a-text-bold\">Mod\u00e8le de sp\u00e9cifications:<\/span><\/h5>\n<p>TST-10(normal):Pour souder la puce de circuit int\u00e9gr\u00e9, et installer ou remplacer les pi\u00e8ces et les composants(12cm).<br \/>\nTST-11(grand):C&rsquo;est plus long que le Normal,adapt\u00e9 pour faire fonctionner les composants \u00e9lectroniques de pr\u00e9cision(14cm).<br \/>\nTST-12(Haute \u00e9lasticit\u00e9):plus efficace que le Normal,quand vous agrafe le Circuit board avec force,la pince \u00e0 \u00e9piler ne se pliera pas et ces composants \u00e9lectroniques aussi ne tombera pas(13.5cm).<br \/>\nTST-13(roude):Utilis\u00e9 pour extraire feuille de circuit de wafer,peut \u00e9viter les composants \u00e0 dommage(12cm).<br \/>\nTST-14(ultrafine):Super mince,adapte pour travailler dans les puces de circuit int\u00e9gr\u00e9 de haute densit\u00e9(12cm).<br \/>\nTST-15(ol\u00e9cr\u00e2ne):(13.3cm).<\/p>\n<div class=\"a-row\">\n<div class=\"a-column a-span6\">\n<h1 class=\"a-size-medium a-spacing-small\">Descriptif technique<\/h1>\n<\/div>\n<\/div>\n<div class=\"a-expander-content a-expander-extend-content\" data-expanded=\"true\">\n<div class=\"a-row a-expander-container a-expander-inline-container\">\n<div class=\"a-expander-content a-expander-section-content a-section-expander-inner\" data-expanded=\"true\">\n<table id=\"productDetails_techSpec_section_1\" class=\"a-keyvalue prodDetTable\">\n<tbody>\n<tr>\n<th class=\"a-color-secondary a-size-base prodDetSectionEntry\">Fabricant<\/th>\n<td class=\"a-size-base prodDetAttrValue\">\u200eNeuftech<\/td>\n<\/tr>\n<tr>\n<th class=\"a-color-secondary a-size-base prodDetSectionEntry\">Dimensions du colis<\/th>\n<td class=\"a-size-base prodDetAttrValue\">\u200e16,2 x 12,6 x 2,9 cm; 100 grammes<\/td>\n<\/tr>\n<tr>\n<th class=\"a-color-secondary a-size-base prodDetSectionEntry\">R\u00e9f\u00e9rence<\/th>\n<td class=\"a-size-base prodDetAttrValue\">\u200eEU-6Set Anti-static tweezers<\/td>\n<\/tr>\n<tr>\n<th class=\"a-color-secondary a-size-base prodDetSectionEntry\">Couleur<\/th>\n<td class=\"a-size-base prodDetAttrValue\">\u200eNoir<\/td>\n<\/tr>\n<tr>\n<th class=\"a-color-secondary a-size-base prodDetSectionEntry\">Style<\/th>\n<td class=\"a-size-base prodDetAttrValue\">\u200eDurable<\/td>\n<\/tr>\n<tr>\n<th class=\"a-color-secondary a-size-base prodDetSectionEntry\">Mati\u00e8re<\/th>\n<td class=\"a-size-base prodDetAttrValue\">\u200ePlastique<\/td>\n<\/tr>\n<\/tbody>\n<\/table>\n<\/div>\n<\/div>\n<\/div>\n","protected":false},"excerpt":{"rendered":"<h5><span class=\"a-text-bold\">Mod\u00e8le de sp\u00e9cifications:<\/span><\/h5>\n<p>TST-10(normal):Pour souder la puce de circuit int\u00e9gr\u00e9, et installer ou remplacer les pi\u00e8ces et les composants(12cm).<br \/>\nTST-11(grand):C&rsquo;est plus long que le Normal,adapt\u00e9 pour faire fonctionner les composants \u00e9lectroniques de pr\u00e9cision(14cm).<br \/>\nTST-12(Haute \u00e9lasticit\u00e9):plus efficace que le Normal,quand vous agrafe le Circuit board avec force,la pince \u00e0 \u00e9piler ne se pliera pas et ces composants \u00e9lectroniques aussi ne tombera pas(13.5cm).<br \/>\nTST-13(roude):Utilis\u00e9 pour extraire feuille de circuit de wafer,peut \u00e9viter les composants \u00e0 dommage(12cm).<br \/>\nTST-14(ultrafine):Super mince,adapte pour travailler dans les puces de circuit int\u00e9gr\u00e9 de haute densit\u00e9(12cm).<br \/>\nTST-15(ol\u00e9cr\u00e2ne):(13.3cm).<\/p>\n","protected":false},"featured_media":10502,"comment_status":"open","ping_status":"closed","template":"","meta":[],"product_brand":[122],"product_cat":[63,139],"product_tag":[],"class_list":{"0":"post-10501","1":"product","2":"type-product","3":"status-publish","4":"has-post-thumbnail","6":"product_brand-rdeer","7":"product_cat-accessories","8":"product_cat-pince-brucel","10":"first","11":"instock","12":"shipping-taxable","13":"purchasable","14":"product-type-simple"},"yoast_head":"<!-- This site is optimized with the Yoast SEO Premium plugin v26.2 (Yoast SEO v26.2) - https:\/\/yoast.com\/wordpress\/plugins\/seo\/ -->\n<title>Pince Brucelle Antimagnetique Anti-statique Haute Pr\u00e9cision TST10-15 - Noir - ADC Electronique<\/title>\n<meta name=\"description\" content=\"Mod\u00e8le de sp\u00e9cifications:TST-10(normal):Pour souder la puce de circuit int\u00e9gr\u00e9, et installer ou remplacer les pi\u00e8ces et les composants(12cm).TST-11(grand):C&#039;est plus long que le Normal,adapt\u00e9 pour faire fonctionner les composants \u00e9lectroniques de pr\u00e9cision(14cm).TST-12(Haute \u00e9lasticit\u00e9):plus efficace que le Normal,quand vous agrafe le Circuit board avec force,la pince \u00e0 \u00e9piler ne se pliera pas et ces composants \u00e9lectroniques aussi ne tombera pas(13.5cm).TST-13(roude):Utilis\u00e9 pour extraire feuille de circuit de wafer,peut \u00e9viter les composants \u00e0 dommage(12cm).TST-14(ultrafine):Super mince,adapte pour travailler dans les puces de circuit int\u00e9gr\u00e9 de haute densit\u00e9(12cm).TST-15(ol\u00e9cr\u00e2ne):(13.3cm).\" \/>\n<meta name=\"robots\" content=\"index, follow, max-snippet:-1, max-image-preview:large, max-video-preview:-1\" \/>\n<link rel=\"canonical\" href=\"https:\/\/adcelectronique.com\/index.php\/product\/pince-brucelle-antimagnetique-anti-statique-haute-precision-tst10-15-noir\/\" \/>\n<meta property=\"og:locale\" content=\"fr_FR\" \/>\n<meta property=\"og:type\" content=\"article\" \/>\n<meta property=\"og:title\" content=\"Pince Brucelle Antimagnetique Anti-statique Haute Pr\u00e9cision TST10-15 - Noir\" \/>\n<meta property=\"og:description\" content=\"Mod\u00e8le de sp\u00e9cifications:TST-10(normal):Pour souder la puce de circuit int\u00e9gr\u00e9, et installer ou remplacer les pi\u00e8ces et les composants(12cm).TST-11(grand):C&#039;est plus long que le Normal,adapt\u00e9 pour faire fonctionner les composants \u00e9lectroniques de pr\u00e9cision(14cm).TST-12(Haute \u00e9lasticit\u00e9):plus efficace que le Normal,quand vous agrafe le Circuit board avec force,la pince \u00e0 \u00e9piler ne se pliera pas et ces composants \u00e9lectroniques aussi ne tombera pas(13.5cm).TST-13(roude):Utilis\u00e9 pour extraire feuille de circuit de wafer,peut \u00e9viter les composants \u00e0 dommage(12cm).TST-14(ultrafine):Super mince,adapte pour travailler dans les puces de circuit int\u00e9gr\u00e9 de haute densit\u00e9(12cm).TST-15(ol\u00e9cr\u00e2ne):(13.3cm).\" \/>\n<meta property=\"og:url\" content=\"https:\/\/adcelectronique.com\/index.php\/product\/pince-brucelle-antimagnetique-anti-statique-haute-precision-tst10-15-noir\/\" \/>\n<meta property=\"og:site_name\" content=\"ADC Electronique\" \/>\n<meta property=\"article:modified_time\" content=\"2026-01-28T10:52:10+00:00\" \/>\n<meta property=\"og:image\" content=\"https:\/\/adcelectronique.com\/wp-content\/uploads\/2026\/01\/images-8.jpg\" \/>\n\t<meta property=\"og:image:width\" content=\"225\" \/>\n\t<meta property=\"og:image:height\" content=\"225\" \/>\n\t<meta property=\"og:image:type\" content=\"image\/jpeg\" \/>\n<meta name=\"twitter:card\" content=\"summary_large_image\" \/>\n<meta name=\"twitter:label1\" content=\"Dur\u00e9e de lecture estim\u00e9e\" \/>\n\t<meta name=\"twitter:data1\" content=\"1 minute\" \/>\n<script type=\"application\/ld+json\" class=\"yoast-schema-graph\">{\"@context\":\"https:\/\/schema.org\",\"@graph\":[{\"@type\":\"WebPage\",\"@id\":\"https:\/\/adcelectronique.com\/index.php\/product\/pince-brucelle-antimagnetique-anti-statique-haute-precision-tst10-15-noir\/\",\"url\":\"https:\/\/adcelectronique.com\/index.php\/product\/pince-brucelle-antimagnetique-anti-statique-haute-precision-tst10-15-noir\/\",\"name\":\"Pince Brucelle Antimagnetique Anti-statique Haute Pr\u00e9cision TST10-15 - Noir - ADC Electronique\",\"isPartOf\":{\"@id\":\"https:\/\/adcelectronique.com\/#website\"},\"primaryImageOfPage\":{\"@id\":\"https:\/\/adcelectronique.com\/index.php\/product\/pince-brucelle-antimagnetique-anti-statique-haute-precision-tst10-15-noir\/#primaryimage\"},\"image\":{\"@id\":\"https:\/\/adcelectronique.com\/index.php\/product\/pince-brucelle-antimagnetique-anti-statique-haute-precision-tst10-15-noir\/#primaryimage\"},\"thumbnailUrl\":\"https:\/\/adcelectronique.com\/wp-content\/uploads\/2026\/01\/images-8.jpg\",\"datePublished\":\"2026-01-28T10:52:06+00:00\",\"dateModified\":\"2026-01-28T10:52:10+00:00\",\"description\":\"Mod\u00e8le de sp\u00e9cifications:TST-10(normal):Pour souder la puce de circuit int\u00e9gr\u00e9, et installer ou remplacer les pi\u00e8ces et les composants(12cm).TST-11(grand):C'est plus long que le Normal,adapt\u00e9 pour faire fonctionner les composants \u00e9lectroniques de pr\u00e9cision(14cm).TST-12(Haute \u00e9lasticit\u00e9):plus efficace que le Normal,quand vous agrafe le Circuit board avec force,la pince \u00e0 \u00e9piler ne se pliera pas et ces composants \u00e9lectroniques aussi ne tombera pas(13.5cm).TST-13(roude):Utilis\u00e9 pour extraire feuille de circuit de wafer,peut \u00e9viter les composants \u00e0 dommage(12cm).TST-14(ultrafine):Super mince,adapte pour travailler dans les puces de circuit int\u00e9gr\u00e9 de haute densit\u00e9(12cm).TST-15(ol\u00e9cr\u00e2ne):(13.3cm).\",\"breadcrumb\":{\"@id\":\"https:\/\/adcelectronique.com\/index.php\/product\/pince-brucelle-antimagnetique-anti-statique-haute-precision-tst10-15-noir\/#breadcrumb\"},\"inLanguage\":\"fr-FR\",\"potentialAction\":[{\"@type\":\"ReadAction\",\"target\":[\"https:\/\/adcelectronique.com\/index.php\/product\/pince-brucelle-antimagnetique-anti-statique-haute-precision-tst10-15-noir\/\"]}]},{\"@type\":\"ImageObject\",\"inLanguage\":\"fr-FR\",\"@id\":\"https:\/\/adcelectronique.com\/index.php\/product\/pince-brucelle-antimagnetique-anti-statique-haute-precision-tst10-15-noir\/#primaryimage\",\"url\":\"https:\/\/adcelectronique.com\/wp-content\/uploads\/2026\/01\/images-8.jpg\",\"contentUrl\":\"https:\/\/adcelectronique.com\/wp-content\/uploads\/2026\/01\/images-8.jpg\",\"width\":225,\"height\":225},{\"@type\":\"BreadcrumbList\",\"@id\":\"https:\/\/adcelectronique.com\/index.php\/product\/pince-brucelle-antimagnetique-anti-statique-haute-precision-tst10-15-noir\/#breadcrumb\",\"itemListElement\":[{\"@type\":\"ListItem\",\"position\":1,\"name\":\"Home\",\"item\":\"https:\/\/adcelectronique.com\/\"},{\"@type\":\"ListItem\",\"position\":2,\"name\":\"Shop\",\"item\":\"https:\/\/adcelectronique.com\/index.php\/shop\/\"},{\"@type\":\"ListItem\",\"position\":3,\"name\":\"Pince Brucelle Antimagnetique Anti-statique Haute Pr\u00e9cision TST10-15 &#8211; Noir\"}]},{\"@type\":\"WebSite\",\"@id\":\"https:\/\/adcelectronique.com\/#website\",\"url\":\"https:\/\/adcelectronique.com\/\",\"name\":\"ADC Electronique\",\"description\":\"\",\"potentialAction\":[{\"@type\":\"SearchAction\",\"target\":{\"@type\":\"EntryPoint\",\"urlTemplate\":\"https:\/\/adcelectronique.com\/?s={search_term_string}\"},\"query-input\":{\"@type\":\"PropertyValueSpecification\",\"valueRequired\":true,\"valueName\":\"search_term_string\"}}],\"inLanguage\":\"fr-FR\"}]}<\/script>\n<!-- \/ Yoast SEO Premium plugin. -->","yoast_head_json":{"title":"Pince Brucelle Antimagnetique Anti-statique Haute Pr\u00e9cision TST10-15 - Noir - ADC Electronique","description":"Mod\u00e8le de sp\u00e9cifications:TST-10(normal):Pour souder la puce de circuit int\u00e9gr\u00e9, et installer ou remplacer les pi\u00e8ces et les composants(12cm).TST-11(grand):C'est plus long que le Normal,adapt\u00e9 pour faire fonctionner les composants \u00e9lectroniques de pr\u00e9cision(14cm).TST-12(Haute \u00e9lasticit\u00e9):plus efficace que le Normal,quand vous agrafe le Circuit board avec force,la pince \u00e0 \u00e9piler ne se pliera pas et ces composants \u00e9lectroniques aussi ne tombera pas(13.5cm).TST-13(roude):Utilis\u00e9 pour extraire feuille de circuit de wafer,peut \u00e9viter les composants \u00e0 dommage(12cm).TST-14(ultrafine):Super mince,adapte pour travailler dans les puces de circuit int\u00e9gr\u00e9 de haute densit\u00e9(12cm).TST-15(ol\u00e9cr\u00e2ne):(13.3cm).","robots":{"index":"index","follow":"follow","max-snippet":"max-snippet:-1","max-image-preview":"max-image-preview:large","max-video-preview":"max-video-preview:-1"},"canonical":"https:\/\/adcelectronique.com\/index.php\/product\/pince-brucelle-antimagnetique-anti-statique-haute-precision-tst10-15-noir\/","og_locale":"fr_FR","og_type":"article","og_title":"Pince Brucelle Antimagnetique Anti-statique Haute Pr\u00e9cision TST10-15 - Noir","og_description":"Mod\u00e8le de sp\u00e9cifications:TST-10(normal):Pour souder la puce de circuit int\u00e9gr\u00e9, et installer ou remplacer les pi\u00e8ces et les composants(12cm).TST-11(grand):C'est plus long que le Normal,adapt\u00e9 pour faire fonctionner les composants \u00e9lectroniques de pr\u00e9cision(14cm).TST-12(Haute \u00e9lasticit\u00e9):plus efficace que le Normal,quand vous agrafe le Circuit board avec force,la pince \u00e0 \u00e9piler ne se pliera pas et ces composants \u00e9lectroniques aussi ne tombera pas(13.5cm).TST-13(roude):Utilis\u00e9 pour extraire feuille de circuit de wafer,peut \u00e9viter les composants \u00e0 dommage(12cm).TST-14(ultrafine):Super mince,adapte pour travailler dans les puces de circuit int\u00e9gr\u00e9 de haute densit\u00e9(12cm).TST-15(ol\u00e9cr\u00e2ne):(13.3cm).","og_url":"https:\/\/adcelectronique.com\/index.php\/product\/pince-brucelle-antimagnetique-anti-statique-haute-precision-tst10-15-noir\/","og_site_name":"ADC Electronique","article_modified_time":"2026-01-28T10:52:10+00:00","og_image":[{"width":225,"height":225,"url":"https:\/\/adcelectronique.com\/wp-content\/uploads\/2026\/01\/images-8.jpg","type":"image\/jpeg"}],"twitter_card":"summary_large_image","twitter_misc":{"Dur\u00e9e de lecture estim\u00e9e":"1 minute"},"schema":{"@context":"https:\/\/schema.org","@graph":[{"@type":"WebPage","@id":"https:\/\/adcelectronique.com\/index.php\/product\/pince-brucelle-antimagnetique-anti-statique-haute-precision-tst10-15-noir\/","url":"https:\/\/adcelectronique.com\/index.php\/product\/pince-brucelle-antimagnetique-anti-statique-haute-precision-tst10-15-noir\/","name":"Pince Brucelle Antimagnetique Anti-statique Haute Pr\u00e9cision TST10-15 - Noir - ADC Electronique","isPartOf":{"@id":"https:\/\/adcelectronique.com\/#website"},"primaryImageOfPage":{"@id":"https:\/\/adcelectronique.com\/index.php\/product\/pince-brucelle-antimagnetique-anti-statique-haute-precision-tst10-15-noir\/#primaryimage"},"image":{"@id":"https:\/\/adcelectronique.com\/index.php\/product\/pince-brucelle-antimagnetique-anti-statique-haute-precision-tst10-15-noir\/#primaryimage"},"thumbnailUrl":"https:\/\/adcelectronique.com\/wp-content\/uploads\/2026\/01\/images-8.jpg","datePublished":"2026-01-28T10:52:06+00:00","dateModified":"2026-01-28T10:52:10+00:00","description":"Mod\u00e8le de sp\u00e9cifications:TST-10(normal):Pour souder la puce de circuit int\u00e9gr\u00e9, et installer ou remplacer les pi\u00e8ces et les composants(12cm).TST-11(grand):C'est plus long que le Normal,adapt\u00e9 pour faire fonctionner les composants \u00e9lectroniques de pr\u00e9cision(14cm).TST-12(Haute \u00e9lasticit\u00e9):plus efficace que le Normal,quand vous agrafe le Circuit board avec force,la pince \u00e0 \u00e9piler ne se pliera pas et ces composants \u00e9lectroniques aussi ne tombera pas(13.5cm).TST-13(roude):Utilis\u00e9 pour extraire feuille de circuit de wafer,peut \u00e9viter les composants \u00e0 dommage(12cm).TST-14(ultrafine):Super mince,adapte pour travailler dans les puces de circuit int\u00e9gr\u00e9 de haute densit\u00e9(12cm).TST-15(ol\u00e9cr\u00e2ne):(13.3cm).","breadcrumb":{"@id":"https:\/\/adcelectronique.com\/index.php\/product\/pince-brucelle-antimagnetique-anti-statique-haute-precision-tst10-15-noir\/#breadcrumb"},"inLanguage":"fr-FR","potentialAction":[{"@type":"ReadAction","target":["https:\/\/adcelectronique.com\/index.php\/product\/pince-brucelle-antimagnetique-anti-statique-haute-precision-tst10-15-noir\/"]}]},{"@type":"ImageObject","inLanguage":"fr-FR","@id":"https:\/\/adcelectronique.com\/index.php\/product\/pince-brucelle-antimagnetique-anti-statique-haute-precision-tst10-15-noir\/#primaryimage","url":"https:\/\/adcelectronique.com\/wp-content\/uploads\/2026\/01\/images-8.jpg","contentUrl":"https:\/\/adcelectronique.com\/wp-content\/uploads\/2026\/01\/images-8.jpg","width":225,"height":225},{"@type":"BreadcrumbList","@id":"https:\/\/adcelectronique.com\/index.php\/product\/pince-brucelle-antimagnetique-anti-statique-haute-precision-tst10-15-noir\/#breadcrumb","itemListElement":[{"@type":"ListItem","position":1,"name":"Home","item":"https:\/\/adcelectronique.com\/"},{"@type":"ListItem","position":2,"name":"Shop","item":"https:\/\/adcelectronique.com\/index.php\/shop\/"},{"@type":"ListItem","position":3,"name":"Pince Brucelle Antimagnetique Anti-statique Haute Pr\u00e9cision TST10-15 &#8211; Noir"}]},{"@type":"WebSite","@id":"https:\/\/adcelectronique.com\/#website","url":"https:\/\/adcelectronique.com\/","name":"ADC Electronique","description":"","potentialAction":[{"@type":"SearchAction","target":{"@type":"EntryPoint","urlTemplate":"https:\/\/adcelectronique.com\/?s={search_term_string}"},"query-input":{"@type":"PropertyValueSpecification","valueRequired":true,"valueName":"search_term_string"}}],"inLanguage":"fr-FR"}]}},"_links":{"self":[{"href":"https:\/\/adcelectronique.com\/index.php\/wp-json\/wp\/v2\/product\/10501","targetHints":{"allow":["GET"]}}],"collection":[{"href":"https:\/\/adcelectronique.com\/index.php\/wp-json\/wp\/v2\/product"}],"about":[{"href":"https:\/\/adcelectronique.com\/index.php\/wp-json\/wp\/v2\/types\/product"}],"replies":[{"embeddable":true,"href":"https:\/\/adcelectronique.com\/index.php\/wp-json\/wp\/v2\/comments?post=10501"}],"version-history":[{"count":0,"href":"https:\/\/adcelectronique.com\/index.php\/wp-json\/wp\/v2\/product\/10501\/revisions"}],"wp:featuredmedia":[{"embeddable":true,"href":"https:\/\/adcelectronique.com\/index.php\/wp-json\/wp\/v2\/media\/10502"}],"wp:attachment":[{"href":"https:\/\/adcelectronique.com\/index.php\/wp-json\/wp\/v2\/media?parent=10501"}],"wp:term":[{"taxonomy":"product_brand","embeddable":true,"href":"https:\/\/adcelectronique.com\/index.php\/wp-json\/wp\/v2\/product_brand?post=10501"},{"taxonomy":"product_cat","embeddable":true,"href":"https:\/\/adcelectronique.com\/index.php\/wp-json\/wp\/v2\/product_cat?post=10501"},{"taxonomy":"product_tag","embeddable":true,"href":"https:\/\/adcelectronique.com\/index.php\/wp-json\/wp\/v2\/product_tag?post=10501"}],"curies":[{"name":"wp","href":"https:\/\/api.w.org\/{rel}","templated":true}]}}