{"id":10520,"date":"2026-02-02T09:34:41","date_gmt":"2026-02-02T09:34:41","guid":{"rendered":"https:\/\/adcelectronique.com\/?post_type=product&#038;p=10520"},"modified":"2026-02-02T09:34:42","modified_gmt":"2026-02-02T09:34:42","slug":"kit-tournevis-pros-kit-sd-9810a","status":"publish","type":"product","link":"https:\/\/adcelectronique.com\/index.php\/product\/kit-tournevis-pros-kit-sd-9810a\/","title":{"rendered":"KIT TOURNEVIS PRO&rsquo;S KIT SD 9810A"},"content":{"rendered":"<h4>\u00a0 \u00a0 \u00a0 \u00a0 \u00a0 \u00a0 \u00a0 \u00a0 \u00a0 \u00a0 \u00a0 \u00a0 \u00a0 \u00a0 \u00a0 \u00a0 \u00a0 \u00a0 \u00a0 \u00a0 \u00a0 \u00a0 \u00a0 \u00a0 \u00a0 \u00a0 \u00a0 \u00a0 \u00a0 \u00a0 \u00a0 KIT TOURNEVIS PRO&rsquo;S KIT SD 9810A<\/h4>\n<h2 class=\"default\">Description du produit<\/h2>\n<p>G\u00e9n\u00e9rique Proskit Sd-9810 a-BC 10 en 1 Auto S\u00e9lection de Tournevis \u00e0 cliquet Outil \u00e0 Main<\/p>\n<p><strong>Caract\u00e9ristiques du produit<\/strong><\/p>\n<ul class=\"a-unordered-list a-vertical a-spacing-mini\">\n<li class=\"a-spacing-mini\"><span class=\"a-list-item\">Nom de marque\u202f: proskit <\/span><\/li>\n<li class=\"a-spacing-mini\"><span class=\"a-list-item\">type:\u202f<\/span>outils \u00e0 main, kit d&rsquo;outils de tournevis<\/li>\n<li class=\"a-spacing-mini\">application\u202f: ordinateur taille\u202f: 17 * 3 * 3 cm package<\/li>\n<li class=\"a-spacing-mini\"><span class=\"a-list-item\"> coque fournitures de bricolage\u202f: \u00e9lectrique<\/span><\/li>\n<li class=\"a-spacing-mini\"><span class=\"a-list-item\"> num\u00e9ro de mod\u00e8le\u202f: sd-9810 a <\/span><\/li>\n<li class=\"a-spacing-mini\"><span class=\"a-list-item\">nombre de pi\u00e8ces\u202f: 10 pcs article\u202f <\/span>precison<\/li>\n<li class=\"a-spacing-mini\"><span class=\"a-list-item\">fonction de style\u202f: trousse d&rsquo;outils de r\u00e9paration\/\u00e9lectronique\u202f:<\/span><\/li>\n<li class=\"a-spacing-mini\"><span class=\"a-list-item\"> r\u00e9paration de type bit\u202f: multitool<\/span><\/li>\n<\/ul>\n","protected":false},"excerpt":{"rendered":"<h2 class=\"default\">Description du produit<\/h2>\n<p>G\u00e9n\u00e9rique Proskit Sd-9810 a-BC 10 en 1 Auto S\u00e9lection de Tournevis \u00e0 cliquet Outil \u00e0 Main<\/p>\n<p><strong>Caract\u00e9ristiques du produit<\/strong><\/p>\n<ul class=\"a-unordered-list a-vertical a-spacing-mini\">\n<li class=\"a-spacing-mini\"><span class=\"a-list-item\">Nom de marque\u202f: proskit <\/span><\/li>\n<li class=\"a-spacing-mini\"><span class=\"a-list-item\">type:\u202f<\/span>outils \u00e0 main, kit d&rsquo;outils de tournevis<\/li>\n<li class=\"a-spacing-mini\">application\u202f: ordinateur taille\u202f: 17 * 3 * 3 cm package<\/li>\n<li class=\"a-spacing-mini\"><span class=\"a-list-item\"> coque fournitures de bricolage\u202f: \u00e9lectrique<\/span><\/li>\n<li class=\"a-spacing-mini\"><span class=\"a-list-item\"> num\u00e9ro de mod\u00e8le\u202f: sd-9810 a <\/span><\/li>\n<li class=\"a-spacing-mini\"><span class=\"a-list-item\">nombre de pi\u00e8ces\u202f: 10 pcs article\u202f <\/span>precison<\/li>\n<li class=\"a-spacing-mini\"><span class=\"a-list-item\">fonction de style\u202f: trousse d&rsquo;outils de r\u00e9paration\/\u00e9lectronique\u202f:<\/span><\/li>\n<li class=\"a-spacing-mini\"><span class=\"a-list-item\"> r\u00e9paration de type bit\u202f: multitool<\/span><\/li>\n<\/ul>\n","protected":false},"featured_media":10521,"comment_status":"open","ping_status":"closed","template":"","meta":[],"product_brand":[121],"product_cat":[63,140],"product_tag":[],"class_list":{"0":"post-10520","1":"product","2":"type-product","3":"status-publish","4":"has-post-thumbnail","6":"product_brand-pros-kit","7":"product_cat-accessories","8":"product_cat-kit-tournevis","10":"first","11":"instock","12":"shipping-taxable","13":"purchasable","14":"product-type-simple"},"yoast_head":"<!-- This site is optimized with the Yoast SEO Premium plugin v26.2 (Yoast SEO v26.2) - https:\/\/yoast.com\/wordpress\/plugins\/seo\/ -->\n<title>KIT TOURNEVIS PRO&#039;S KIT SD 9810A - ADC Electronique<\/title>\n<meta name=\"robots\" content=\"index, follow, max-snippet:-1, max-image-preview:large, max-video-preview:-1\" \/>\n<link rel=\"canonical\" href=\"https:\/\/adcelectronique.com\/index.php\/product\/kit-tournevis-pros-kit-sd-9810a\/\" \/>\n<meta property=\"og:locale\" content=\"fr_FR\" \/>\n<meta property=\"og:type\" content=\"article\" \/>\n<meta property=\"og:title\" content=\"KIT TOURNEVIS PRO&#039;S KIT SD 9810A\" \/>\n<meta property=\"og:description\" content=\"Description du produit G\u00e9n\u00e9rique Proskit Sd-9810 a-BC 10 en 1 Auto S\u00e9lection de Tournevis \u00e0 cliquet Outil \u00e0 Main  Caract\u00e9ristiques du produit   Nom de marque\u202f: proskit   type:\u202foutils \u00e0 main, kit d&#039;outils de tournevis  application\u202f: ordinateur taille\u202f: 17 * 3 * 3 cm package   coque fournitures de bricolage\u202f: \u00e9lectrique   num\u00e9ro de mod\u00e8le\u202f: sd-9810 a   nombre de pi\u00e8ces\u202f: 10 pcs article\u202f precison  fonction de style\u202f: trousse d&#039;outils de r\u00e9paration\/\u00e9lectronique\u202f:   r\u00e9paration de type bit\u202f: multitool\" \/>\n<meta property=\"og:url\" content=\"https:\/\/adcelectronique.com\/index.php\/product\/kit-tournevis-pros-kit-sd-9810a\/\" \/>\n<meta property=\"og:site_name\" content=\"ADC Electronique\" \/>\n<meta property=\"article:modified_time\" content=\"2026-02-02T09:34:42+00:00\" \/>\n<meta property=\"og:image\" content=\"https:\/\/adcelectronique.com\/wp-content\/uploads\/2026\/02\/41DuxhIP8xL._AC_.jpg\" \/>\n\t<meta property=\"og:image:width\" content=\"500\" \/>\n\t<meta property=\"og:image:height\" content=\"500\" \/>\n\t<meta property=\"og:image:type\" content=\"image\/jpeg\" \/>\n<meta name=\"twitter:card\" content=\"summary_large_image\" \/>\n<meta name=\"twitter:label1\" content=\"Dur\u00e9e de lecture estim\u00e9e\" \/>\n\t<meta name=\"twitter:data1\" content=\"1 minute\" \/>\n<script type=\"application\/ld+json\" class=\"yoast-schema-graph\">{\"@context\":\"https:\/\/schema.org\",\"@graph\":[{\"@type\":\"WebPage\",\"@id\":\"https:\/\/adcelectronique.com\/index.php\/product\/kit-tournevis-pros-kit-sd-9810a\/\",\"url\":\"https:\/\/adcelectronique.com\/index.php\/product\/kit-tournevis-pros-kit-sd-9810a\/\",\"name\":\"KIT TOURNEVIS PRO'S KIT SD 9810A - ADC Electronique\",\"isPartOf\":{\"@id\":\"https:\/\/adcelectronique.com\/#website\"},\"primaryImageOfPage\":{\"@id\":\"https:\/\/adcelectronique.com\/index.php\/product\/kit-tournevis-pros-kit-sd-9810a\/#primaryimage\"},\"image\":{\"@id\":\"https:\/\/adcelectronique.com\/index.php\/product\/kit-tournevis-pros-kit-sd-9810a\/#primaryimage\"},\"thumbnailUrl\":\"https:\/\/adcelectronique.com\/wp-content\/uploads\/2026\/02\/41DuxhIP8xL._AC_.jpg\",\"datePublished\":\"2026-02-02T09:34:41+00:00\",\"dateModified\":\"2026-02-02T09:34:42+00:00\",\"breadcrumb\":{\"@id\":\"https:\/\/adcelectronique.com\/index.php\/product\/kit-tournevis-pros-kit-sd-9810a\/#breadcrumb\"},\"inLanguage\":\"fr-FR\",\"potentialAction\":[{\"@type\":\"ReadAction\",\"target\":[\"https:\/\/adcelectronique.com\/index.php\/product\/kit-tournevis-pros-kit-sd-9810a\/\"]}]},{\"@type\":\"ImageObject\",\"inLanguage\":\"fr-FR\",\"@id\":\"https:\/\/adcelectronique.com\/index.php\/product\/kit-tournevis-pros-kit-sd-9810a\/#primaryimage\",\"url\":\"https:\/\/adcelectronique.com\/wp-content\/uploads\/2026\/02\/41DuxhIP8xL._AC_.jpg\",\"contentUrl\":\"https:\/\/adcelectronique.com\/wp-content\/uploads\/2026\/02\/41DuxhIP8xL._AC_.jpg\",\"width\":500,\"height\":500},{\"@type\":\"BreadcrumbList\",\"@id\":\"https:\/\/adcelectronique.com\/index.php\/product\/kit-tournevis-pros-kit-sd-9810a\/#breadcrumb\",\"itemListElement\":[{\"@type\":\"ListItem\",\"position\":1,\"name\":\"Home\",\"item\":\"https:\/\/adcelectronique.com\/\"},{\"@type\":\"ListItem\",\"position\":2,\"name\":\"Shop\",\"item\":\"https:\/\/adcelectronique.com\/index.php\/shop\/\"},{\"@type\":\"ListItem\",\"position\":3,\"name\":\"KIT TOURNEVIS PRO&rsquo;S KIT SD 9810A\"}]},{\"@type\":\"WebSite\",\"@id\":\"https:\/\/adcelectronique.com\/#website\",\"url\":\"https:\/\/adcelectronique.com\/\",\"name\":\"ADC Electronique\",\"description\":\"\",\"potentialAction\":[{\"@type\":\"SearchAction\",\"target\":{\"@type\":\"EntryPoint\",\"urlTemplate\":\"https:\/\/adcelectronique.com\/?s={search_term_string}\"},\"query-input\":{\"@type\":\"PropertyValueSpecification\",\"valueRequired\":true,\"valueName\":\"search_term_string\"}}],\"inLanguage\":\"fr-FR\"}]}<\/script>\n<!-- \/ Yoast SEO Premium plugin. -->","yoast_head_json":{"title":"KIT TOURNEVIS PRO'S KIT SD 9810A - ADC Electronique","robots":{"index":"index","follow":"follow","max-snippet":"max-snippet:-1","max-image-preview":"max-image-preview:large","max-video-preview":"max-video-preview:-1"},"canonical":"https:\/\/adcelectronique.com\/index.php\/product\/kit-tournevis-pros-kit-sd-9810a\/","og_locale":"fr_FR","og_type":"article","og_title":"KIT TOURNEVIS PRO'S KIT SD 9810A","og_description":"Description du produit G\u00e9n\u00e9rique Proskit Sd-9810 a-BC 10 en 1 Auto S\u00e9lection de Tournevis \u00e0 cliquet Outil \u00e0 Main  Caract\u00e9ristiques du produit   Nom de marque\u202f: proskit   type:\u202foutils \u00e0 main, kit d'outils de tournevis  application\u202f: ordinateur taille\u202f: 17 * 3 * 3 cm package   coque fournitures de bricolage\u202f: \u00e9lectrique   num\u00e9ro de mod\u00e8le\u202f: sd-9810 a   nombre de pi\u00e8ces\u202f: 10 pcs article\u202f precison  fonction de style\u202f: trousse d'outils de r\u00e9paration\/\u00e9lectronique\u202f:   r\u00e9paration de type bit\u202f: multitool","og_url":"https:\/\/adcelectronique.com\/index.php\/product\/kit-tournevis-pros-kit-sd-9810a\/","og_site_name":"ADC Electronique","article_modified_time":"2026-02-02T09:34:42+00:00","og_image":[{"width":500,"height":500,"url":"https:\/\/adcelectronique.com\/wp-content\/uploads\/2026\/02\/41DuxhIP8xL._AC_.jpg","type":"image\/jpeg"}],"twitter_card":"summary_large_image","twitter_misc":{"Dur\u00e9e de lecture estim\u00e9e":"1 minute"},"schema":{"@context":"https:\/\/schema.org","@graph":[{"@type":"WebPage","@id":"https:\/\/adcelectronique.com\/index.php\/product\/kit-tournevis-pros-kit-sd-9810a\/","url":"https:\/\/adcelectronique.com\/index.php\/product\/kit-tournevis-pros-kit-sd-9810a\/","name":"KIT TOURNEVIS PRO'S KIT SD 9810A - ADC Electronique","isPartOf":{"@id":"https:\/\/adcelectronique.com\/#website"},"primaryImageOfPage":{"@id":"https:\/\/adcelectronique.com\/index.php\/product\/kit-tournevis-pros-kit-sd-9810a\/#primaryimage"},"image":{"@id":"https:\/\/adcelectronique.com\/index.php\/product\/kit-tournevis-pros-kit-sd-9810a\/#primaryimage"},"thumbnailUrl":"https:\/\/adcelectronique.com\/wp-content\/uploads\/2026\/02\/41DuxhIP8xL._AC_.jpg","datePublished":"2026-02-02T09:34:41+00:00","dateModified":"2026-02-02T09:34:42+00:00","breadcrumb":{"@id":"https:\/\/adcelectronique.com\/index.php\/product\/kit-tournevis-pros-kit-sd-9810a\/#breadcrumb"},"inLanguage":"fr-FR","potentialAction":[{"@type":"ReadAction","target":["https:\/\/adcelectronique.com\/index.php\/product\/kit-tournevis-pros-kit-sd-9810a\/"]}]},{"@type":"ImageObject","inLanguage":"fr-FR","@id":"https:\/\/adcelectronique.com\/index.php\/product\/kit-tournevis-pros-kit-sd-9810a\/#primaryimage","url":"https:\/\/adcelectronique.com\/wp-content\/uploads\/2026\/02\/41DuxhIP8xL._AC_.jpg","contentUrl":"https:\/\/adcelectronique.com\/wp-content\/uploads\/2026\/02\/41DuxhIP8xL._AC_.jpg","width":500,"height":500},{"@type":"BreadcrumbList","@id":"https:\/\/adcelectronique.com\/index.php\/product\/kit-tournevis-pros-kit-sd-9810a\/#breadcrumb","itemListElement":[{"@type":"ListItem","position":1,"name":"Home","item":"https:\/\/adcelectronique.com\/"},{"@type":"ListItem","position":2,"name":"Shop","item":"https:\/\/adcelectronique.com\/index.php\/shop\/"},{"@type":"ListItem","position":3,"name":"KIT TOURNEVIS PRO&rsquo;S KIT SD 9810A"}]},{"@type":"WebSite","@id":"https:\/\/adcelectronique.com\/#website","url":"https:\/\/adcelectronique.com\/","name":"ADC Electronique","description":"","potentialAction":[{"@type":"SearchAction","target":{"@type":"EntryPoint","urlTemplate":"https:\/\/adcelectronique.com\/?s={search_term_string}"},"query-input":{"@type":"PropertyValueSpecification","valueRequired":true,"valueName":"search_term_string"}}],"inLanguage":"fr-FR"}]}},"_links":{"self":[{"href":"https:\/\/adcelectronique.com\/index.php\/wp-json\/wp\/v2\/product\/10520","targetHints":{"allow":["GET"]}}],"collection":[{"href":"https:\/\/adcelectronique.com\/index.php\/wp-json\/wp\/v2\/product"}],"about":[{"href":"https:\/\/adcelectronique.com\/index.php\/wp-json\/wp\/v2\/types\/product"}],"replies":[{"embeddable":true,"href":"https:\/\/adcelectronique.com\/index.php\/wp-json\/wp\/v2\/comments?post=10520"}],"version-history":[{"count":0,"href":"https:\/\/adcelectronique.com\/index.php\/wp-json\/wp\/v2\/product\/10520\/revisions"}],"wp:featuredmedia":[{"embeddable":true,"href":"https:\/\/adcelectronique.com\/index.php\/wp-json\/wp\/v2\/media\/10521"}],"wp:attachment":[{"href":"https:\/\/adcelectronique.com\/index.php\/wp-json\/wp\/v2\/media?parent=10520"}],"wp:term":[{"taxonomy":"product_brand","embeddable":true,"href":"https:\/\/adcelectronique.com\/index.php\/wp-json\/wp\/v2\/product_brand?post=10520"},{"taxonomy":"product_cat","embeddable":true,"href":"https:\/\/adcelectronique.com\/index.php\/wp-json\/wp\/v2\/product_cat?post=10520"},{"taxonomy":"product_tag","embeddable":true,"href":"https:\/\/adcelectronique.com\/index.php\/wp-json\/wp\/v2\/product_tag?post=10520"}],"curies":[{"name":"wp","href":"https:\/\/api.w.org\/{rel}","templated":true}]}}