{"id":10527,"date":"2026-02-02T09:45:44","date_gmt":"2026-02-02T09:45:44","guid":{"rendered":"https:\/\/adcelectronique.com\/?post_type=product&#038;p=10527"},"modified":"2026-02-10T09:12:32","modified_gmt":"2026-02-10T09:12:32","slug":"ensemble-de-tournevis-a-cliquet-proskit-sd-2309","status":"publish","type":"product","link":"https:\/\/adcelectronique.com\/index.php\/product\/ensemble-de-tournevis-a-cliquet-proskit-sd-2309\/","title":{"rendered":"Ensemble De Tournevis \u00e0 Cliquet PRO&rsquo;SKIT SD-2309"},"content":{"rendered":"<h3>\u00a0 \u00a0 \u00a0 \u00a0 \u00a0 \u00a0 \u00a0 \u00a0 \u00a0 \u00a0 \u00a0 \u00a0 \u00a0 \u00a0Ensemble De Tournevis \u00e0 Cliquet PRO&rsquo;SKIT SD-2309<\/h3>\n<h4>Description du produit<\/h4>\n<p>Ce kit de 40 accessoires, dot\u00e9 d&rsquo;une poign\u00e9e \u00e0 cliquet \u00e0 3 positions, permet de r\u00e9aliser facilement la plupart des travaux de vissage et de d\u00e9vissage.<\/p>\n<p>Il comprend un tournevis \u00e0 cliquet r\u00e9versible \u00e0 3 positions pour un travail efficace<\/p>\n<p>SD 2309: Proskit Cl\u00e9 \u00e0 rochets \u2013 Lot de 40 embouts<\/p>\n<div class=\"a-row\">\n<div class=\"a-column a-span6\">\n<h4 class=\"a-size-medium a-spacing-small\">Descriptif technique<\/h4>\n<\/div>\n<\/div>\n<div class=\"a-expander-content a-expander-extend-content\" data-expanded=\"true\">\n<div class=\"a-row a-expander-container a-expander-inline-container\">\n<div class=\"a-expander-content a-expander-section-content a-section-expander-inner\" data-expanded=\"true\">\n<table id=\"productDetails_techSpec_section_1\" class=\"a-keyvalue prodDetTable\">\n<tbody>\n<tr>\n<th class=\"a-color-secondary a-size-base prodDetSectionEntry\">Fabricant<\/th>\n<td class=\"a-size-base prodDetAttrValue\">\u200eProskit<\/td>\n<\/tr>\n<tr>\n<th class=\"a-color-secondary a-size-base prodDetSectionEntry\">Dimensions du produit (L x l x h)<\/th>\n<td class=\"a-size-base prodDetAttrValue\">\u200e7,2 x 25 x 4,5 cm; 700 grammes<\/td>\n<\/tr>\n<tr>\n<th class=\"a-color-secondary a-size-base prodDetSectionEntry\">R\u00e9f\u00e9rence<\/th>\n<td class=\"a-size-base prodDetAttrValue\">\u200eSD-2309<\/td>\n<\/tr>\n<tr>\n<th class=\"a-color-secondary a-size-base prodDetSectionEntry\">Mati\u00e8re<\/th>\n<td class=\"a-size-base prodDetAttrValue\">\u200ePlastique<\/td>\n<\/tr>\n<tr>\n<th class=\"a-color-secondary a-size-base prodDetSectionEntry\">Quantit\u00e9 d&rsquo;articles<\/th>\n<td class=\"a-size-base prodDetAttrValue\">\u200e1<\/td>\n<\/tr>\n<tr>\n<th class=\"a-color-secondary a-size-base prodDetSectionEntry\">Nombre de pi\u00e8ces<\/th>\n<td class=\"a-size-base prodDetAttrValue\">\u200e1<\/td>\n<\/tr>\n<tr>\n<th class=\"a-color-secondary a-size-base prodDetSectionEntry\">Type de t\u00eate<\/th>\n<td class=\"a-size-base prodDetAttrValue\">\u200ePlat<\/td>\n<\/tr>\n<\/tbody>\n<\/table>\n<\/div>\n<\/div>\n<\/div>\n","protected":false},"excerpt":{"rendered":"<h4>Description du produit<\/h4>\n<p>Ce kit de 40 accessoires, dot\u00e9 d&rsquo;une poign\u00e9e \u00e0 cliquet \u00e0 3 positions, permet de r\u00e9aliser facilement la plupart des travaux de vissage et de d\u00e9vissage.<\/p>\n<p>Il comprend un tournevis \u00e0 cliquet r\u00e9versible \u00e0 3 positions pour un travail efficace<\/p>\n<p>SD 2309: Proskit Cl\u00e9 \u00e0 rochets \u2013 Lot de 40 embouts<\/p>\n","protected":false},"featured_media":10533,"comment_status":"open","ping_status":"closed","template":"","meta":[],"product_brand":[121],"product_cat":[63,140],"product_tag":[],"class_list":{"0":"post-10527","1":"product","2":"type-product","3":"status-publish","4":"has-post-thumbnail","6":"product_brand-pros-kit","7":"product_cat-accessories","8":"product_cat-kit-tournevis","10":"first","11":"instock","12":"shipping-taxable","13":"purchasable","14":"product-type-simple"},"yoast_head":"<!-- This site is optimized with the Yoast SEO Premium plugin v26.2 (Yoast SEO v26.2) - https:\/\/yoast.com\/wordpress\/plugins\/seo\/ -->\n<title>Ensemble De Tournevis \u00e0 Cliquet PRO&#039;SKIT SD-2309 - ADC Electronique<\/title>\n<meta name=\"description\" content=\"Description du produitCe kit de 40 accessoires, dot\u00e9 d&#039;une poign\u00e9e \u00e0 cliquet \u00e0 3 positions, permet de r\u00e9aliser facilement la plupart des travaux de vissage et de d\u00e9vissage.Il comprend un tournevis \u00e0 cliquet r\u00e9versible \u00e0 3 positions pour un travail efficaceSD 2309: Proskit Cl\u00e9 \u00e0 rochets \u2013 Lot de 40 embouts\" \/>\n<meta name=\"robots\" content=\"index, follow, max-snippet:-1, max-image-preview:large, max-video-preview:-1\" \/>\n<link rel=\"canonical\" href=\"https:\/\/adcelectronique.com\/index.php\/product\/ensemble-de-tournevis-a-cliquet-proskit-sd-2309\/\" \/>\n<meta property=\"og:locale\" content=\"fr_FR\" \/>\n<meta property=\"og:type\" content=\"article\" \/>\n<meta property=\"og:title\" content=\"Ensemble De Tournevis \u00e0 Cliquet PRO&#039;SKIT SD-2309\" \/>\n<meta property=\"og:description\" content=\"Description du produitCe kit de 40 accessoires, dot\u00e9 d&#039;une poign\u00e9e \u00e0 cliquet \u00e0 3 positions, permet de r\u00e9aliser facilement la plupart des travaux de vissage et de d\u00e9vissage.Il comprend un tournevis \u00e0 cliquet r\u00e9versible \u00e0 3 positions pour un travail efficaceSD 2309: Proskit Cl\u00e9 \u00e0 rochets \u2013 Lot de 40 embouts\" \/>\n<meta property=\"og:url\" content=\"https:\/\/adcelectronique.com\/index.php\/product\/ensemble-de-tournevis-a-cliquet-proskit-sd-2309\/\" \/>\n<meta property=\"og:site_name\" content=\"ADC Electronique\" \/>\n<meta property=\"article:modified_time\" content=\"2026-02-10T09:12:32+00:00\" \/>\n<meta property=\"og:image\" content=\"https:\/\/adcelectronique.com\/wp-content\/uploads\/2026\/02\/Sans-titre.png\" \/>\n\t<meta property=\"og:image:width\" content=\"1000\" \/>\n\t<meta property=\"og:image:height\" content=\"1000\" \/>\n\t<meta property=\"og:image:type\" content=\"image\/png\" \/>\n<meta name=\"twitter:card\" content=\"summary_large_image\" \/>\n<meta name=\"twitter:label1\" content=\"Dur\u00e9e de lecture estim\u00e9e\" \/>\n\t<meta name=\"twitter:data1\" content=\"1 minute\" \/>\n<script type=\"application\/ld+json\" class=\"yoast-schema-graph\">{\"@context\":\"https:\/\/schema.org\",\"@graph\":[{\"@type\":\"WebPage\",\"@id\":\"https:\/\/adcelectronique.com\/index.php\/product\/ensemble-de-tournevis-a-cliquet-proskit-sd-2309\/\",\"url\":\"https:\/\/adcelectronique.com\/index.php\/product\/ensemble-de-tournevis-a-cliquet-proskit-sd-2309\/\",\"name\":\"Ensemble De Tournevis \u00e0 Cliquet PRO'SKIT SD-2309 - ADC Electronique\",\"isPartOf\":{\"@id\":\"https:\/\/adcelectronique.com\/#website\"},\"primaryImageOfPage\":{\"@id\":\"https:\/\/adcelectronique.com\/index.php\/product\/ensemble-de-tournevis-a-cliquet-proskit-sd-2309\/#primaryimage\"},\"image\":{\"@id\":\"https:\/\/adcelectronique.com\/index.php\/product\/ensemble-de-tournevis-a-cliquet-proskit-sd-2309\/#primaryimage\"},\"thumbnailUrl\":\"https:\/\/adcelectronique.com\/wp-content\/uploads\/2026\/02\/Sans-titre.png\",\"datePublished\":\"2026-02-02T09:45:44+00:00\",\"dateModified\":\"2026-02-10T09:12:32+00:00\",\"description\":\"Description du produitCe kit de 40 accessoires, dot\u00e9 d'une poign\u00e9e \u00e0 cliquet \u00e0 3 positions, permet de r\u00e9aliser facilement la plupart des travaux de vissage et de d\u00e9vissage.Il comprend un tournevis \u00e0 cliquet r\u00e9versible \u00e0 3 positions pour un travail efficaceSD 2309: Proskit Cl\u00e9 \u00e0 rochets \u2013 Lot de 40 embouts\",\"breadcrumb\":{\"@id\":\"https:\/\/adcelectronique.com\/index.php\/product\/ensemble-de-tournevis-a-cliquet-proskit-sd-2309\/#breadcrumb\"},\"inLanguage\":\"fr-FR\",\"potentialAction\":[{\"@type\":\"ReadAction\",\"target\":[\"https:\/\/adcelectronique.com\/index.php\/product\/ensemble-de-tournevis-a-cliquet-proskit-sd-2309\/\"]}]},{\"@type\":\"ImageObject\",\"inLanguage\":\"fr-FR\",\"@id\":\"https:\/\/adcelectronique.com\/index.php\/product\/ensemble-de-tournevis-a-cliquet-proskit-sd-2309\/#primaryimage\",\"url\":\"https:\/\/adcelectronique.com\/wp-content\/uploads\/2026\/02\/Sans-titre.png\",\"contentUrl\":\"https:\/\/adcelectronique.com\/wp-content\/uploads\/2026\/02\/Sans-titre.png\",\"width\":1000,\"height\":1000},{\"@type\":\"BreadcrumbList\",\"@id\":\"https:\/\/adcelectronique.com\/index.php\/product\/ensemble-de-tournevis-a-cliquet-proskit-sd-2309\/#breadcrumb\",\"itemListElement\":[{\"@type\":\"ListItem\",\"position\":1,\"name\":\"Home\",\"item\":\"https:\/\/adcelectronique.com\/\"},{\"@type\":\"ListItem\",\"position\":2,\"name\":\"Shop\",\"item\":\"https:\/\/adcelectronique.com\/index.php\/shop\/\"},{\"@type\":\"ListItem\",\"position\":3,\"name\":\"Ensemble De Tournevis \u00e0 Cliquet PRO&rsquo;SKIT SD-2309\"}]},{\"@type\":\"WebSite\",\"@id\":\"https:\/\/adcelectronique.com\/#website\",\"url\":\"https:\/\/adcelectronique.com\/\",\"name\":\"ADC Electronique\",\"description\":\"\",\"potentialAction\":[{\"@type\":\"SearchAction\",\"target\":{\"@type\":\"EntryPoint\",\"urlTemplate\":\"https:\/\/adcelectronique.com\/?s={search_term_string}\"},\"query-input\":{\"@type\":\"PropertyValueSpecification\",\"valueRequired\":true,\"valueName\":\"search_term_string\"}}],\"inLanguage\":\"fr-FR\"}]}<\/script>\n<!-- \/ Yoast SEO Premium plugin. -->","yoast_head_json":{"title":"Ensemble De Tournevis \u00e0 Cliquet PRO'SKIT SD-2309 - ADC Electronique","description":"Description du produitCe kit de 40 accessoires, dot\u00e9 d'une poign\u00e9e \u00e0 cliquet \u00e0 3 positions, permet de r\u00e9aliser facilement la plupart des travaux de vissage et de d\u00e9vissage.Il comprend un tournevis \u00e0 cliquet r\u00e9versible \u00e0 3 positions pour un travail efficaceSD 2309: Proskit Cl\u00e9 \u00e0 rochets \u2013 Lot de 40 embouts","robots":{"index":"index","follow":"follow","max-snippet":"max-snippet:-1","max-image-preview":"max-image-preview:large","max-video-preview":"max-video-preview:-1"},"canonical":"https:\/\/adcelectronique.com\/index.php\/product\/ensemble-de-tournevis-a-cliquet-proskit-sd-2309\/","og_locale":"fr_FR","og_type":"article","og_title":"Ensemble De Tournevis \u00e0 Cliquet PRO'SKIT SD-2309","og_description":"Description du produitCe kit de 40 accessoires, dot\u00e9 d'une poign\u00e9e \u00e0 cliquet \u00e0 3 positions, permet de r\u00e9aliser facilement la plupart des travaux de vissage et de d\u00e9vissage.Il comprend un tournevis \u00e0 cliquet r\u00e9versible \u00e0 3 positions pour un travail efficaceSD 2309: Proskit Cl\u00e9 \u00e0 rochets \u2013 Lot de 40 embouts","og_url":"https:\/\/adcelectronique.com\/index.php\/product\/ensemble-de-tournevis-a-cliquet-proskit-sd-2309\/","og_site_name":"ADC Electronique","article_modified_time":"2026-02-10T09:12:32+00:00","og_image":[{"width":1000,"height":1000,"url":"https:\/\/adcelectronique.com\/wp-content\/uploads\/2026\/02\/Sans-titre.png","type":"image\/png"}],"twitter_card":"summary_large_image","twitter_misc":{"Dur\u00e9e de lecture estim\u00e9e":"1 minute"},"schema":{"@context":"https:\/\/schema.org","@graph":[{"@type":"WebPage","@id":"https:\/\/adcelectronique.com\/index.php\/product\/ensemble-de-tournevis-a-cliquet-proskit-sd-2309\/","url":"https:\/\/adcelectronique.com\/index.php\/product\/ensemble-de-tournevis-a-cliquet-proskit-sd-2309\/","name":"Ensemble De Tournevis \u00e0 Cliquet PRO'SKIT SD-2309 - ADC Electronique","isPartOf":{"@id":"https:\/\/adcelectronique.com\/#website"},"primaryImageOfPage":{"@id":"https:\/\/adcelectronique.com\/index.php\/product\/ensemble-de-tournevis-a-cliquet-proskit-sd-2309\/#primaryimage"},"image":{"@id":"https:\/\/adcelectronique.com\/index.php\/product\/ensemble-de-tournevis-a-cliquet-proskit-sd-2309\/#primaryimage"},"thumbnailUrl":"https:\/\/adcelectronique.com\/wp-content\/uploads\/2026\/02\/Sans-titre.png","datePublished":"2026-02-02T09:45:44+00:00","dateModified":"2026-02-10T09:12:32+00:00","description":"Description du produitCe kit de 40 accessoires, dot\u00e9 d'une poign\u00e9e \u00e0 cliquet \u00e0 3 positions, permet de r\u00e9aliser facilement la plupart des travaux de vissage et de d\u00e9vissage.Il comprend un tournevis \u00e0 cliquet r\u00e9versible \u00e0 3 positions pour un travail efficaceSD 2309: Proskit Cl\u00e9 \u00e0 rochets \u2013 Lot de 40 embouts","breadcrumb":{"@id":"https:\/\/adcelectronique.com\/index.php\/product\/ensemble-de-tournevis-a-cliquet-proskit-sd-2309\/#breadcrumb"},"inLanguage":"fr-FR","potentialAction":[{"@type":"ReadAction","target":["https:\/\/adcelectronique.com\/index.php\/product\/ensemble-de-tournevis-a-cliquet-proskit-sd-2309\/"]}]},{"@type":"ImageObject","inLanguage":"fr-FR","@id":"https:\/\/adcelectronique.com\/index.php\/product\/ensemble-de-tournevis-a-cliquet-proskit-sd-2309\/#primaryimage","url":"https:\/\/adcelectronique.com\/wp-content\/uploads\/2026\/02\/Sans-titre.png","contentUrl":"https:\/\/adcelectronique.com\/wp-content\/uploads\/2026\/02\/Sans-titre.png","width":1000,"height":1000},{"@type":"BreadcrumbList","@id":"https:\/\/adcelectronique.com\/index.php\/product\/ensemble-de-tournevis-a-cliquet-proskit-sd-2309\/#breadcrumb","itemListElement":[{"@type":"ListItem","position":1,"name":"Home","item":"https:\/\/adcelectronique.com\/"},{"@type":"ListItem","position":2,"name":"Shop","item":"https:\/\/adcelectronique.com\/index.php\/shop\/"},{"@type":"ListItem","position":3,"name":"Ensemble De Tournevis \u00e0 Cliquet PRO&rsquo;SKIT SD-2309"}]},{"@type":"WebSite","@id":"https:\/\/adcelectronique.com\/#website","url":"https:\/\/adcelectronique.com\/","name":"ADC Electronique","description":"","potentialAction":[{"@type":"SearchAction","target":{"@type":"EntryPoint","urlTemplate":"https:\/\/adcelectronique.com\/?s={search_term_string}"},"query-input":{"@type":"PropertyValueSpecification","valueRequired":true,"valueName":"search_term_string"}}],"inLanguage":"fr-FR"}]}},"_links":{"self":[{"href":"https:\/\/adcelectronique.com\/index.php\/wp-json\/wp\/v2\/product\/10527","targetHints":{"allow":["GET"]}}],"collection":[{"href":"https:\/\/adcelectronique.com\/index.php\/wp-json\/wp\/v2\/product"}],"about":[{"href":"https:\/\/adcelectronique.com\/index.php\/wp-json\/wp\/v2\/types\/product"}],"replies":[{"embeddable":true,"href":"https:\/\/adcelectronique.com\/index.php\/wp-json\/wp\/v2\/comments?post=10527"}],"version-history":[{"count":0,"href":"https:\/\/adcelectronique.com\/index.php\/wp-json\/wp\/v2\/product\/10527\/revisions"}],"wp:featuredmedia":[{"embeddable":true,"href":"https:\/\/adcelectronique.com\/index.php\/wp-json\/wp\/v2\/media\/10533"}],"wp:attachment":[{"href":"https:\/\/adcelectronique.com\/index.php\/wp-json\/wp\/v2\/media?parent=10527"}],"wp:term":[{"taxonomy":"product_brand","embeddable":true,"href":"https:\/\/adcelectronique.com\/index.php\/wp-json\/wp\/v2\/product_brand?post=10527"},{"taxonomy":"product_cat","embeddable":true,"href":"https:\/\/adcelectronique.com\/index.php\/wp-json\/wp\/v2\/product_cat?post=10527"},{"taxonomy":"product_tag","embeddable":true,"href":"https:\/\/adcelectronique.com\/index.php\/wp-json\/wp\/v2\/product_tag?post=10527"}],"curies":[{"name":"wp","href":"https:\/\/api.w.org\/{rel}","templated":true}]}}