{"id":10548,"date":"2026-02-02T10:14:07","date_gmt":"2026-02-02T10:14:07","guid":{"rendered":"https:\/\/adcelectronique.com\/?post_type=product&#038;p=10548"},"modified":"2026-02-08T14:37:07","modified_gmt":"2026-02-08T14:37:07","slug":"pince-a-sertir-proskit-6pk-230pa-rg59-62-6-174-kx6-kx8","status":"publish","type":"product","link":"https:\/\/adcelectronique.com\/index.php\/product\/pince-a-sertir-proskit-6pk-230pa-rg59-62-6-174-kx6-kx8\/","title":{"rendered":"PINCE A SERTIR Proskit 6PK-230PA -RG59, 62, 6, 174, KX6\/KX8"},"content":{"rendered":"<h4>\u00a0 \u00a0 \u00a0 \u00a0 \u00a0 \u00a0 \u00a0 \u00a0 \u00a0 \u00a0 \u00a0 \u00a0 \u00a0 \u00a0 \u00a0 \u00a0 \u00a0 PINCE A SERTIR Proskit 6PK-230PA -RG59, 62, 6, 174, KX6\/KX8<\/h4>\n<p>Outil pince \u00e0 sertir 6PK230PA &#8211; Type de c\u00e2ble compatible: RG59, 62, 6, 174, KX6\/KX8;fabriqu\u00e9 en acier au carbone de haute qualit\u00e9 avec finition \u00e0 l&rsquo;oxyde noir pour une r\u00e9sistance \u00e0 la corrosion et une durabilit\u00e9 accrues.<\/p>\n<p>La matrice est en acier alli\u00e9 AISI 4140, moul\u00e9e par d\u00e9calaminage, avec des dimensions pr\u00e9cises.<\/p>\n<p>Le m\u00e9canisme \u00e0 cliquet \u00e9conome en \u00e9nergie r\u00e9duit l&rsquo;effort n\u00e9cessaire sur la poign\u00e9e et garantit un sertissage de qualit\u00e9.<\/p>\n<p>Le dispositif de s\u00e9curit\u00e9 de d\u00e9verrouillage du sertissage \u00e9vite les rejets dus \u00e0 un mauvais positionnement.<\/p>\n<p>Poign\u00e9es ergonomiques antid\u00e9rapantes pour un confort d&rsquo;utilisation optimal.<\/p>\n<p>Jeux de matrices interchangeables pour une large gamme d&rsquo;applications.<\/p>\n<p>&nbsp;<\/p>\n","protected":false},"excerpt":{"rendered":"<p>Outil pince \u00e0 sertir 6PK230PA &#8211; Type de c\u00e2ble compatible: RG59, 62, 6, 174, KX6\/KX8;fabriqu\u00e9 en acier au carbone de haute qualit\u00e9 avec finition \u00e0 l&rsquo;oxyde noir pour une r\u00e9sistance \u00e0 la corrosion et une durabilit\u00e9 accrues.<\/p>\n","protected":false},"featured_media":10549,"comment_status":"open","ping_status":"closed","template":"","meta":[],"product_brand":[121],"product_cat":[63,135],"product_tag":[],"class_list":{"0":"post-10548","1":"product","2":"type-product","3":"status-publish","4":"has-post-thumbnail","6":"product_brand-pros-kit","7":"product_cat-accessories","8":"product_cat-pince-coupante","10":"first","11":"instock","12":"shipping-taxable","13":"purchasable","14":"product-type-simple"},"yoast_head":"<!-- This site is optimized with the Yoast SEO Premium plugin v26.2 (Yoast SEO v26.2) - https:\/\/yoast.com\/wordpress\/plugins\/seo\/ -->\n<title>PINCE A SERTIR Proskit 6PK-230PA -RG59, 62, 6, 174, KX6\/KX8 - ADC Electronique<\/title>\n<meta name=\"description\" content=\"Outil pince \u00e0 sertir 6PK230PA - Type de c\u00e2ble compatible: RG59, 62, 6, 174, KX6\/KX8;fabriqu\u00e9 en acier au carbone de haute qualit\u00e9 avec finition \u00e0 l&#039;oxyde noir pour une r\u00e9sistance \u00e0 la corrosion et une durabilit\u00e9 accrues.\" \/>\n<meta name=\"robots\" content=\"index, follow, max-snippet:-1, max-image-preview:large, max-video-preview:-1\" \/>\n<link rel=\"canonical\" href=\"https:\/\/adcelectronique.com\/index.php\/product\/pince-a-sertir-proskit-6pk-230pa-rg59-62-6-174-kx6-kx8\/\" \/>\n<meta property=\"og:locale\" content=\"fr_FR\" \/>\n<meta property=\"og:type\" content=\"article\" \/>\n<meta property=\"og:title\" content=\"PINCE A SERTIR Proskit 6PK-230PA -RG59, 62, 6, 174, KX6\/KX8\" \/>\n<meta property=\"og:description\" content=\"Outil pince \u00e0 sertir 6PK230PA - Type de c\u00e2ble compatible: RG59, 62, 6, 174, KX6\/KX8;fabriqu\u00e9 en acier au carbone de haute qualit\u00e9 avec finition \u00e0 l&#039;oxyde noir pour une r\u00e9sistance \u00e0 la corrosion et une durabilit\u00e9 accrues.\" \/>\n<meta property=\"og:url\" content=\"https:\/\/adcelectronique.com\/index.php\/product\/pince-a-sertir-proskit-6pk-230pa-rg59-62-6-174-kx6-kx8\/\" \/>\n<meta property=\"og:site_name\" content=\"ADC Electronique\" \/>\n<meta property=\"article:modified_time\" content=\"2026-02-08T14:37:07+00:00\" \/>\n<meta property=\"og:image\" content=\"https:\/\/adcelectronique.com\/wp-content\/uploads\/2026\/02\/201306131430495745.jpg\" \/>\n\t<meta property=\"og:image:width\" content=\"700\" \/>\n\t<meta property=\"og:image:height\" content=\"700\" \/>\n\t<meta property=\"og:image:type\" content=\"image\/jpeg\" \/>\n<meta name=\"twitter:card\" content=\"summary_large_image\" \/>\n<meta name=\"twitter:label1\" content=\"Dur\u00e9e de lecture estim\u00e9e\" \/>\n\t<meta name=\"twitter:data1\" content=\"1 minute\" \/>\n<script type=\"application\/ld+json\" class=\"yoast-schema-graph\">{\"@context\":\"https:\/\/schema.org\",\"@graph\":[{\"@type\":\"WebPage\",\"@id\":\"https:\/\/adcelectronique.com\/index.php\/product\/pince-a-sertir-proskit-6pk-230pa-rg59-62-6-174-kx6-kx8\/\",\"url\":\"https:\/\/adcelectronique.com\/index.php\/product\/pince-a-sertir-proskit-6pk-230pa-rg59-62-6-174-kx6-kx8\/\",\"name\":\"PINCE A SERTIR Proskit 6PK-230PA -RG59, 62, 6, 174, KX6\/KX8 - ADC Electronique\",\"isPartOf\":{\"@id\":\"https:\/\/adcelectronique.com\/#website\"},\"primaryImageOfPage\":{\"@id\":\"https:\/\/adcelectronique.com\/index.php\/product\/pince-a-sertir-proskit-6pk-230pa-rg59-62-6-174-kx6-kx8\/#primaryimage\"},\"image\":{\"@id\":\"https:\/\/adcelectronique.com\/index.php\/product\/pince-a-sertir-proskit-6pk-230pa-rg59-62-6-174-kx6-kx8\/#primaryimage\"},\"thumbnailUrl\":\"https:\/\/adcelectronique.com\/wp-content\/uploads\/2026\/02\/201306131430495745.jpg\",\"datePublished\":\"2026-02-02T10:14:07+00:00\",\"dateModified\":\"2026-02-08T14:37:07+00:00\",\"description\":\"Outil pince \u00e0 sertir 6PK230PA - Type de c\u00e2ble compatible: RG59, 62, 6, 174, KX6\/KX8;fabriqu\u00e9 en acier au carbone de haute qualit\u00e9 avec finition \u00e0 l'oxyde noir pour une r\u00e9sistance \u00e0 la corrosion et une durabilit\u00e9 accrues.\",\"breadcrumb\":{\"@id\":\"https:\/\/adcelectronique.com\/index.php\/product\/pince-a-sertir-proskit-6pk-230pa-rg59-62-6-174-kx6-kx8\/#breadcrumb\"},\"inLanguage\":\"fr-FR\",\"potentialAction\":[{\"@type\":\"ReadAction\",\"target\":[\"https:\/\/adcelectronique.com\/index.php\/product\/pince-a-sertir-proskit-6pk-230pa-rg59-62-6-174-kx6-kx8\/\"]}]},{\"@type\":\"ImageObject\",\"inLanguage\":\"fr-FR\",\"@id\":\"https:\/\/adcelectronique.com\/index.php\/product\/pince-a-sertir-proskit-6pk-230pa-rg59-62-6-174-kx6-kx8\/#primaryimage\",\"url\":\"https:\/\/adcelectronique.com\/wp-content\/uploads\/2026\/02\/201306131430495745.jpg\",\"contentUrl\":\"https:\/\/adcelectronique.com\/wp-content\/uploads\/2026\/02\/201306131430495745.jpg\",\"width\":700,\"height\":700},{\"@type\":\"BreadcrumbList\",\"@id\":\"https:\/\/adcelectronique.com\/index.php\/product\/pince-a-sertir-proskit-6pk-230pa-rg59-62-6-174-kx6-kx8\/#breadcrumb\",\"itemListElement\":[{\"@type\":\"ListItem\",\"position\":1,\"name\":\"Home\",\"item\":\"https:\/\/adcelectronique.com\/\"},{\"@type\":\"ListItem\",\"position\":2,\"name\":\"Shop\",\"item\":\"https:\/\/adcelectronique.com\/index.php\/shop\/\"},{\"@type\":\"ListItem\",\"position\":3,\"name\":\"PINCE A SERTIR Proskit 6PK-230PA -RG59, 62, 6, 174, KX6\/KX8\"}]},{\"@type\":\"WebSite\",\"@id\":\"https:\/\/adcelectronique.com\/#website\",\"url\":\"https:\/\/adcelectronique.com\/\",\"name\":\"ADC Electronique\",\"description\":\"\",\"potentialAction\":[{\"@type\":\"SearchAction\",\"target\":{\"@type\":\"EntryPoint\",\"urlTemplate\":\"https:\/\/adcelectronique.com\/?s={search_term_string}\"},\"query-input\":{\"@type\":\"PropertyValueSpecification\",\"valueRequired\":true,\"valueName\":\"search_term_string\"}}],\"inLanguage\":\"fr-FR\"}]}<\/script>\n<!-- \/ Yoast SEO Premium plugin. -->","yoast_head_json":{"title":"PINCE A SERTIR Proskit 6PK-230PA -RG59, 62, 6, 174, KX6\/KX8 - ADC Electronique","description":"Outil pince \u00e0 sertir 6PK230PA - Type de c\u00e2ble compatible: RG59, 62, 6, 174, KX6\/KX8;fabriqu\u00e9 en acier au carbone de haute qualit\u00e9 avec finition \u00e0 l'oxyde noir pour une r\u00e9sistance \u00e0 la corrosion et une durabilit\u00e9 accrues.","robots":{"index":"index","follow":"follow","max-snippet":"max-snippet:-1","max-image-preview":"max-image-preview:large","max-video-preview":"max-video-preview:-1"},"canonical":"https:\/\/adcelectronique.com\/index.php\/product\/pince-a-sertir-proskit-6pk-230pa-rg59-62-6-174-kx6-kx8\/","og_locale":"fr_FR","og_type":"article","og_title":"PINCE A SERTIR Proskit 6PK-230PA -RG59, 62, 6, 174, KX6\/KX8","og_description":"Outil pince \u00e0 sertir 6PK230PA - Type de c\u00e2ble compatible: RG59, 62, 6, 174, KX6\/KX8;fabriqu\u00e9 en acier au carbone de haute qualit\u00e9 avec finition \u00e0 l'oxyde noir pour une r\u00e9sistance \u00e0 la corrosion et une durabilit\u00e9 accrues.","og_url":"https:\/\/adcelectronique.com\/index.php\/product\/pince-a-sertir-proskit-6pk-230pa-rg59-62-6-174-kx6-kx8\/","og_site_name":"ADC Electronique","article_modified_time":"2026-02-08T14:37:07+00:00","og_image":[{"width":700,"height":700,"url":"https:\/\/adcelectronique.com\/wp-content\/uploads\/2026\/02\/201306131430495745.jpg","type":"image\/jpeg"}],"twitter_card":"summary_large_image","twitter_misc":{"Dur\u00e9e de lecture estim\u00e9e":"1 minute"},"schema":{"@context":"https:\/\/schema.org","@graph":[{"@type":"WebPage","@id":"https:\/\/adcelectronique.com\/index.php\/product\/pince-a-sertir-proskit-6pk-230pa-rg59-62-6-174-kx6-kx8\/","url":"https:\/\/adcelectronique.com\/index.php\/product\/pince-a-sertir-proskit-6pk-230pa-rg59-62-6-174-kx6-kx8\/","name":"PINCE A SERTIR Proskit 6PK-230PA -RG59, 62, 6, 174, KX6\/KX8 - ADC Electronique","isPartOf":{"@id":"https:\/\/adcelectronique.com\/#website"},"primaryImageOfPage":{"@id":"https:\/\/adcelectronique.com\/index.php\/product\/pince-a-sertir-proskit-6pk-230pa-rg59-62-6-174-kx6-kx8\/#primaryimage"},"image":{"@id":"https:\/\/adcelectronique.com\/index.php\/product\/pince-a-sertir-proskit-6pk-230pa-rg59-62-6-174-kx6-kx8\/#primaryimage"},"thumbnailUrl":"https:\/\/adcelectronique.com\/wp-content\/uploads\/2026\/02\/201306131430495745.jpg","datePublished":"2026-02-02T10:14:07+00:00","dateModified":"2026-02-08T14:37:07+00:00","description":"Outil pince \u00e0 sertir 6PK230PA - Type de c\u00e2ble compatible: RG59, 62, 6, 174, KX6\/KX8;fabriqu\u00e9 en acier au carbone de haute qualit\u00e9 avec finition \u00e0 l'oxyde noir pour une r\u00e9sistance \u00e0 la corrosion et une durabilit\u00e9 accrues.","breadcrumb":{"@id":"https:\/\/adcelectronique.com\/index.php\/product\/pince-a-sertir-proskit-6pk-230pa-rg59-62-6-174-kx6-kx8\/#breadcrumb"},"inLanguage":"fr-FR","potentialAction":[{"@type":"ReadAction","target":["https:\/\/adcelectronique.com\/index.php\/product\/pince-a-sertir-proskit-6pk-230pa-rg59-62-6-174-kx6-kx8\/"]}]},{"@type":"ImageObject","inLanguage":"fr-FR","@id":"https:\/\/adcelectronique.com\/index.php\/product\/pince-a-sertir-proskit-6pk-230pa-rg59-62-6-174-kx6-kx8\/#primaryimage","url":"https:\/\/adcelectronique.com\/wp-content\/uploads\/2026\/02\/201306131430495745.jpg","contentUrl":"https:\/\/adcelectronique.com\/wp-content\/uploads\/2026\/02\/201306131430495745.jpg","width":700,"height":700},{"@type":"BreadcrumbList","@id":"https:\/\/adcelectronique.com\/index.php\/product\/pince-a-sertir-proskit-6pk-230pa-rg59-62-6-174-kx6-kx8\/#breadcrumb","itemListElement":[{"@type":"ListItem","position":1,"name":"Home","item":"https:\/\/adcelectronique.com\/"},{"@type":"ListItem","position":2,"name":"Shop","item":"https:\/\/adcelectronique.com\/index.php\/shop\/"},{"@type":"ListItem","position":3,"name":"PINCE A SERTIR Proskit 6PK-230PA -RG59, 62, 6, 174, KX6\/KX8"}]},{"@type":"WebSite","@id":"https:\/\/adcelectronique.com\/#website","url":"https:\/\/adcelectronique.com\/","name":"ADC Electronique","description":"","potentialAction":[{"@type":"SearchAction","target":{"@type":"EntryPoint","urlTemplate":"https:\/\/adcelectronique.com\/?s={search_term_string}"},"query-input":{"@type":"PropertyValueSpecification","valueRequired":true,"valueName":"search_term_string"}}],"inLanguage":"fr-FR"}]}},"_links":{"self":[{"href":"https:\/\/adcelectronique.com\/index.php\/wp-json\/wp\/v2\/product\/10548","targetHints":{"allow":["GET"]}}],"collection":[{"href":"https:\/\/adcelectronique.com\/index.php\/wp-json\/wp\/v2\/product"}],"about":[{"href":"https:\/\/adcelectronique.com\/index.php\/wp-json\/wp\/v2\/types\/product"}],"replies":[{"embeddable":true,"href":"https:\/\/adcelectronique.com\/index.php\/wp-json\/wp\/v2\/comments?post=10548"}],"version-history":[{"count":0,"href":"https:\/\/adcelectronique.com\/index.php\/wp-json\/wp\/v2\/product\/10548\/revisions"}],"wp:featuredmedia":[{"embeddable":true,"href":"https:\/\/adcelectronique.com\/index.php\/wp-json\/wp\/v2\/media\/10549"}],"wp:attachment":[{"href":"https:\/\/adcelectronique.com\/index.php\/wp-json\/wp\/v2\/media?parent=10548"}],"wp:term":[{"taxonomy":"product_brand","embeddable":true,"href":"https:\/\/adcelectronique.com\/index.php\/wp-json\/wp\/v2\/product_brand?post=10548"},{"taxonomy":"product_cat","embeddable":true,"href":"https:\/\/adcelectronique.com\/index.php\/wp-json\/wp\/v2\/product_cat?post=10548"},{"taxonomy":"product_tag","embeddable":true,"href":"https:\/\/adcelectronique.com\/index.php\/wp-json\/wp\/v2\/product_tag?post=10548"}],"curies":[{"name":"wp","href":"https:\/\/api.w.org\/{rel}","templated":true}]}}