{"id":10573,"date":"2026-02-02T11:00:37","date_gmt":"2026-02-02T11:00:37","guid":{"rendered":"https:\/\/adcelectronique.com\/?post_type=product&#038;p=10573"},"modified":"2026-02-02T11:00:38","modified_gmt":"2026-02-02T11:00:38","slug":"kit-tournvis-proskit-sd9802","status":"publish","type":"product","link":"https:\/\/adcelectronique.com\/index.php\/product\/kit-tournvis-proskit-sd9802\/","title":{"rendered":"KIT TOURNVIS PRO&rsquo;SKIT SD9802"},"content":{"rendered":"<h3>\u00a0 \u00a0 \u00a0 \u00a0 \u00a0 \u00a0 \u00a0 \u00a0 \u00a0 \u00a0 \u00a0 \u00a0 \u00a0 \u00a0 \u00a0 \u00a0 \u00a0 \u00a0 \u00a0 \u00a0 \u00a0 \u00a0 \u00a0 \u00a0KIT TOURNVIS PRO&rsquo;SKIT SD9802<\/h3>\n<h5>Description du produit<\/h5>\n<p>Le Proskit SD-9802 est un coffret de 32 pi\u00e8ces comprenant un tournevis et de nombreux embouts, rang\u00e9s dans une mallette en plastique pratique avec support r\u00e9glable (46-115 mm). Ce kit est id\u00e9al pour les travaux de vissage (notamment les petites vis) et constitue un outil pratique pour de nombreux travaux domestiques. Le kit contient\u00a0: 4 embouts Phillips\u00a0: PH00, PH0, PH1, PH2\u00a0; 8 embouts Torx\u00a0: T4, T5, T6, T7, T8, T10, T15, T20\u00a0; 6 embouts plats\u00a0: 1, 5, 2, 2, 5, 3, 3, 5 et 4 mm\u00a0; 7 embouts Allen\u00a0: 0, 9, 1, 3, 5, 5, 2, 0, 2, 5, 3, 0 et 4 mm\u00a0; 2 embouts Torx\u00a0: 1 mm, 2 mm\u00a0; 1 embout triangulaire\u00a0: 3 mm\u00a0; 1 embout chanfrein\u00e9\u00a0: 2, 6 mm. 1 embout triangulaire : 3 mm ; 1 porte-embout ; 1 porte-embout ; 1 tournevis.<\/p>\n<h5>D\u00e9tails techniques:<\/h5>\n<p>Fabricant\u00a0: Proskit<\/p>\n<p>Dimensions du produit\u00a0: 15 x 22 x 4 cm\u00a0; 250 g<\/p>\n<p>R\u00e9f\u00e9rence\u00a0: SD-9802<\/p>\n<p>Couleur\u00a0: Vert<\/p>\n<p>Mat\u00e9riau\u00a0: Plastique<\/p>\n<p>Quantit\u00e9 par emballage\u00a0: 1<\/p>\n<p>Nombre de pi\u00e8ces\u00a0: 1<\/p>\n<p>Type de t\u00eate\u00a0: Plaque<\/p>\n<p>Syst\u00e8me de mesure\u00a0: M\u00e9trique<\/p>\n<p>Utilisation\u00a0: Int\u00e9rieur\u00a0; amateur<\/p>\n<p>Contenu\u00a0: 1 x coffret d&rsquo;outils<\/p>\n<p>&nbsp;<\/p>\n","protected":false},"excerpt":{"rendered":"<h5>Description du produit<\/h5>\n<p>Le Proskit SD-9802 est un coffret de 32 pi\u00e8ces comprenant un tournevis et de nombreux embouts, rang\u00e9s dans une mallette en plastique pratique avec support r\u00e9glable (46-115 mm). Ce kit est id\u00e9al pour les travaux de vissage (notamment les petites vis) et constitue un outil pratique pour de nombreux travaux domestiques. Le kit contient\u00a0: 4 embouts Phillips\u00a0: PH00, PH0, PH1, PH2\u00a0; 8 embouts Torx\u00a0: T4, T5, T6, T7, T8, T10, T15, T20\u00a0; 6 embouts plats\u00a0: 1, 5, 2, 2, 5, 3, 3, 5 et 4 mm\u00a0; 7 embouts Allen\u00a0: 0, 9, 1, 3, 5, 5, 2, 0, 2, 5, 3, 0 et 4 mm\u00a0; 2 embouts Torx\u00a0: 1 mm, 2 mm\u00a0; 1 embout triangulaire\u00a0: 3 mm\u00a0; 1 embout chanfrein\u00e9\u00a0: 2, 6 mm. 1 embout triangulaire : 3 mm ; 1 porte-embout ; 1 porte-embout ; 1 tournevis.<\/p>\n","protected":false},"featured_media":10576,"comment_status":"open","ping_status":"closed","template":"","meta":[],"product_brand":[121],"product_cat":[140],"product_tag":[],"class_list":{"0":"post-10573","1":"product","2":"type-product","3":"status-publish","4":"has-post-thumbnail","6":"product_brand-pros-kit","7":"product_cat-kit-tournevis","9":"first","10":"onbackorder","11":"shipping-taxable","12":"purchasable","13":"product-type-simple"},"yoast_head":"<!-- This site is optimized with the Yoast SEO Premium plugin v26.2 (Yoast SEO v26.2) - https:\/\/yoast.com\/wordpress\/plugins\/seo\/ -->\n<title>KIT TOURNVIS PRO&#039;SKIT SD9802 - ADC Electronique<\/title>\n<meta name=\"description\" content=\"Description du produitLe Proskit SD-9802 est un coffret de 32 pi\u00e8ces comprenant un tournevis et de nombreux embouts, rang\u00e9s dans une mallette en plastique pratique avec support r\u00e9glable (46-115 mm). Ce kit est id\u00e9al pour les travaux de vissage (notamment les petites vis) et constitue un outil pratique pour de nombreux travaux domestiques. Le kit contient\u00a0: 4 embouts Phillips\u00a0: PH00, PH0, PH1, PH2\u00a0; 8 embouts Torx\u00a0: T4, T5, T6, T7, T8, T10, T15, T20\u00a0; 6 embouts plats\u00a0: 1, 5, 2, 2, 5, 3, 3, 5 et 4 mm\u00a0; 7 embouts Allen\u00a0: 0, 9, 1, 3, 5, 5, 2, 0, 2, 5, 3, 0 et 4 mm\u00a0; 2 embouts Torx\u00a0: 1 mm, 2 mm\u00a0; 1 embout triangulaire\u00a0: 3 mm\u00a0; 1 embout chanfrein\u00e9\u00a0: 2, 6 mm. 1 embout triangulaire : 3 mm ; 1 porte-embout ; 1 porte-embout ; 1 tournevis.\" \/>\n<meta name=\"robots\" content=\"index, follow, max-snippet:-1, max-image-preview:large, max-video-preview:-1\" \/>\n<link rel=\"canonical\" href=\"https:\/\/adcelectronique.com\/index.php\/product\/kit-tournvis-proskit-sd9802\/\" \/>\n<meta property=\"og:locale\" content=\"fr_FR\" \/>\n<meta property=\"og:type\" content=\"article\" \/>\n<meta property=\"og:title\" content=\"KIT TOURNVIS PRO&#039;SKIT SD9802\" \/>\n<meta property=\"og:description\" content=\"Description du produitLe Proskit SD-9802 est un coffret de 32 pi\u00e8ces comprenant un tournevis et de nombreux embouts, rang\u00e9s dans une mallette en plastique pratique avec support r\u00e9glable (46-115 mm). Ce kit est id\u00e9al pour les travaux de vissage (notamment les petites vis) et constitue un outil pratique pour de nombreux travaux domestiques. Le kit contient\u00a0: 4 embouts Phillips\u00a0: PH00, PH0, PH1, PH2\u00a0; 8 embouts Torx\u00a0: T4, T5, T6, T7, T8, T10, T15, T20\u00a0; 6 embouts plats\u00a0: 1, 5, 2, 2, 5, 3, 3, 5 et 4 mm\u00a0; 7 embouts Allen\u00a0: 0, 9, 1, 3, 5, 5, 2, 0, 2, 5, 3, 0 et 4 mm\u00a0; 2 embouts Torx\u00a0: 1 mm, 2 mm\u00a0; 1 embout triangulaire\u00a0: 3 mm\u00a0; 1 embout chanfrein\u00e9\u00a0: 2, 6 mm. 1 embout triangulaire : 3 mm ; 1 porte-embout ; 1 porte-embout ; 1 tournevis.\" \/>\n<meta property=\"og:url\" content=\"https:\/\/adcelectronique.com\/index.php\/product\/kit-tournvis-proskit-sd9802\/\" \/>\n<meta property=\"og:site_name\" content=\"ADC Electronique\" \/>\n<meta property=\"article:modified_time\" content=\"2026-02-02T11:00:38+00:00\" \/>\n<meta property=\"og:image\" content=\"https:\/\/adcelectronique.com\/wp-content\/uploads\/2026\/02\/Proskit-Screwdriver-Precision-Set-of-30pcs-SD-9802-Limassol-Cyprus.jpg\" \/>\n\t<meta property=\"og:image:width\" content=\"653\" \/>\n\t<meta property=\"og:image:height\" content=\"985\" \/>\n\t<meta property=\"og:image:type\" content=\"image\/jpeg\" \/>\n<meta name=\"twitter:card\" content=\"summary_large_image\" \/>\n<meta name=\"twitter:label1\" content=\"Dur\u00e9e de lecture estim\u00e9e\" \/>\n\t<meta name=\"twitter:data1\" content=\"2 minutes\" \/>\n<script type=\"application\/ld+json\" class=\"yoast-schema-graph\">{\"@context\":\"https:\/\/schema.org\",\"@graph\":[{\"@type\":\"WebPage\",\"@id\":\"https:\/\/adcelectronique.com\/index.php\/product\/kit-tournvis-proskit-sd9802\/\",\"url\":\"https:\/\/adcelectronique.com\/index.php\/product\/kit-tournvis-proskit-sd9802\/\",\"name\":\"KIT TOURNVIS PRO'SKIT SD9802 - ADC Electronique\",\"isPartOf\":{\"@id\":\"https:\/\/adcelectronique.com\/#website\"},\"primaryImageOfPage\":{\"@id\":\"https:\/\/adcelectronique.com\/index.php\/product\/kit-tournvis-proskit-sd9802\/#primaryimage\"},\"image\":{\"@id\":\"https:\/\/adcelectronique.com\/index.php\/product\/kit-tournvis-proskit-sd9802\/#primaryimage\"},\"thumbnailUrl\":\"https:\/\/adcelectronique.com\/wp-content\/uploads\/2026\/02\/Proskit-Screwdriver-Precision-Set-of-30pcs-SD-9802-Limassol-Cyprus.jpg\",\"datePublished\":\"2026-02-02T11:00:37+00:00\",\"dateModified\":\"2026-02-02T11:00:38+00:00\",\"description\":\"Description du produitLe Proskit SD-9802 est un coffret de 32 pi\u00e8ces comprenant un tournevis et de nombreux embouts, rang\u00e9s dans une mallette en plastique pratique avec support r\u00e9glable (46-115 mm). Ce kit est id\u00e9al pour les travaux de vissage (notamment les petites vis) et constitue un outil pratique pour de nombreux travaux domestiques. Le kit contient\u00a0: 4 embouts Phillips\u00a0: PH00, PH0, PH1, PH2\u00a0; 8 embouts Torx\u00a0: T4, T5, T6, T7, T8, T10, T15, T20\u00a0; 6 embouts plats\u00a0: 1, 5, 2, 2, 5, 3, 3, 5 et 4 mm\u00a0; 7 embouts Allen\u00a0: 0, 9, 1, 3, 5, 5, 2, 0, 2, 5, 3, 0 et 4 mm\u00a0; 2 embouts Torx\u00a0: 1 mm, 2 mm\u00a0; 1 embout triangulaire\u00a0: 3 mm\u00a0; 1 embout chanfrein\u00e9\u00a0: 2, 6 mm. 1 embout triangulaire : 3 mm ; 1 porte-embout ; 1 porte-embout ; 1 tournevis.\",\"breadcrumb\":{\"@id\":\"https:\/\/adcelectronique.com\/index.php\/product\/kit-tournvis-proskit-sd9802\/#breadcrumb\"},\"inLanguage\":\"fr-FR\",\"potentialAction\":[{\"@type\":\"ReadAction\",\"target\":[\"https:\/\/adcelectronique.com\/index.php\/product\/kit-tournvis-proskit-sd9802\/\"]}]},{\"@type\":\"ImageObject\",\"inLanguage\":\"fr-FR\",\"@id\":\"https:\/\/adcelectronique.com\/index.php\/product\/kit-tournvis-proskit-sd9802\/#primaryimage\",\"url\":\"https:\/\/adcelectronique.com\/wp-content\/uploads\/2026\/02\/Proskit-Screwdriver-Precision-Set-of-30pcs-SD-9802-Limassol-Cyprus.jpg\",\"contentUrl\":\"https:\/\/adcelectronique.com\/wp-content\/uploads\/2026\/02\/Proskit-Screwdriver-Precision-Set-of-30pcs-SD-9802-Limassol-Cyprus.jpg\",\"width\":653,\"height\":985},{\"@type\":\"BreadcrumbList\",\"@id\":\"https:\/\/adcelectronique.com\/index.php\/product\/kit-tournvis-proskit-sd9802\/#breadcrumb\",\"itemListElement\":[{\"@type\":\"ListItem\",\"position\":1,\"name\":\"Home\",\"item\":\"https:\/\/adcelectronique.com\/\"},{\"@type\":\"ListItem\",\"position\":2,\"name\":\"Shop\",\"item\":\"https:\/\/adcelectronique.com\/index.php\/shop\/\"},{\"@type\":\"ListItem\",\"position\":3,\"name\":\"KIT TOURNVIS PRO&rsquo;SKIT SD9802\"}]},{\"@type\":\"WebSite\",\"@id\":\"https:\/\/adcelectronique.com\/#website\",\"url\":\"https:\/\/adcelectronique.com\/\",\"name\":\"ADC Electronique\",\"description\":\"\",\"potentialAction\":[{\"@type\":\"SearchAction\",\"target\":{\"@type\":\"EntryPoint\",\"urlTemplate\":\"https:\/\/adcelectronique.com\/?s={search_term_string}\"},\"query-input\":{\"@type\":\"PropertyValueSpecification\",\"valueRequired\":true,\"valueName\":\"search_term_string\"}}],\"inLanguage\":\"fr-FR\"}]}<\/script>\n<!-- \/ Yoast SEO Premium plugin. -->","yoast_head_json":{"title":"KIT TOURNVIS PRO'SKIT SD9802 - ADC Electronique","description":"Description du produitLe Proskit SD-9802 est un coffret de 32 pi\u00e8ces comprenant un tournevis et de nombreux embouts, rang\u00e9s dans une mallette en plastique pratique avec support r\u00e9glable (46-115 mm). Ce kit est id\u00e9al pour les travaux de vissage (notamment les petites vis) et constitue un outil pratique pour de nombreux travaux domestiques. Le kit contient\u00a0: 4 embouts Phillips\u00a0: PH00, PH0, PH1, PH2\u00a0; 8 embouts Torx\u00a0: T4, T5, T6, T7, T8, T10, T15, T20\u00a0; 6 embouts plats\u00a0: 1, 5, 2, 2, 5, 3, 3, 5 et 4 mm\u00a0; 7 embouts Allen\u00a0: 0, 9, 1, 3, 5, 5, 2, 0, 2, 5, 3, 0 et 4 mm\u00a0; 2 embouts Torx\u00a0: 1 mm, 2 mm\u00a0; 1 embout triangulaire\u00a0: 3 mm\u00a0; 1 embout chanfrein\u00e9\u00a0: 2, 6 mm. 1 embout triangulaire : 3 mm ; 1 porte-embout ; 1 porte-embout ; 1 tournevis.","robots":{"index":"index","follow":"follow","max-snippet":"max-snippet:-1","max-image-preview":"max-image-preview:large","max-video-preview":"max-video-preview:-1"},"canonical":"https:\/\/adcelectronique.com\/index.php\/product\/kit-tournvis-proskit-sd9802\/","og_locale":"fr_FR","og_type":"article","og_title":"KIT TOURNVIS PRO'SKIT SD9802","og_description":"Description du produitLe Proskit SD-9802 est un coffret de 32 pi\u00e8ces comprenant un tournevis et de nombreux embouts, rang\u00e9s dans une mallette en plastique pratique avec support r\u00e9glable (46-115 mm). Ce kit est id\u00e9al pour les travaux de vissage (notamment les petites vis) et constitue un outil pratique pour de nombreux travaux domestiques. Le kit contient\u00a0: 4 embouts Phillips\u00a0: PH00, PH0, PH1, PH2\u00a0; 8 embouts Torx\u00a0: T4, T5, T6, T7, T8, T10, T15, T20\u00a0; 6 embouts plats\u00a0: 1, 5, 2, 2, 5, 3, 3, 5 et 4 mm\u00a0; 7 embouts Allen\u00a0: 0, 9, 1, 3, 5, 5, 2, 0, 2, 5, 3, 0 et 4 mm\u00a0; 2 embouts Torx\u00a0: 1 mm, 2 mm\u00a0; 1 embout triangulaire\u00a0: 3 mm\u00a0; 1 embout chanfrein\u00e9\u00a0: 2, 6 mm. 1 embout triangulaire : 3 mm ; 1 porte-embout ; 1 porte-embout ; 1 tournevis.","og_url":"https:\/\/adcelectronique.com\/index.php\/product\/kit-tournvis-proskit-sd9802\/","og_site_name":"ADC Electronique","article_modified_time":"2026-02-02T11:00:38+00:00","og_image":[{"width":653,"height":985,"url":"https:\/\/adcelectronique.com\/wp-content\/uploads\/2026\/02\/Proskit-Screwdriver-Precision-Set-of-30pcs-SD-9802-Limassol-Cyprus.jpg","type":"image\/jpeg"}],"twitter_card":"summary_large_image","twitter_misc":{"Dur\u00e9e de lecture estim\u00e9e":"2 minutes"},"schema":{"@context":"https:\/\/schema.org","@graph":[{"@type":"WebPage","@id":"https:\/\/adcelectronique.com\/index.php\/product\/kit-tournvis-proskit-sd9802\/","url":"https:\/\/adcelectronique.com\/index.php\/product\/kit-tournvis-proskit-sd9802\/","name":"KIT TOURNVIS PRO'SKIT SD9802 - ADC Electronique","isPartOf":{"@id":"https:\/\/adcelectronique.com\/#website"},"primaryImageOfPage":{"@id":"https:\/\/adcelectronique.com\/index.php\/product\/kit-tournvis-proskit-sd9802\/#primaryimage"},"image":{"@id":"https:\/\/adcelectronique.com\/index.php\/product\/kit-tournvis-proskit-sd9802\/#primaryimage"},"thumbnailUrl":"https:\/\/adcelectronique.com\/wp-content\/uploads\/2026\/02\/Proskit-Screwdriver-Precision-Set-of-30pcs-SD-9802-Limassol-Cyprus.jpg","datePublished":"2026-02-02T11:00:37+00:00","dateModified":"2026-02-02T11:00:38+00:00","description":"Description du produitLe Proskit SD-9802 est un coffret de 32 pi\u00e8ces comprenant un tournevis et de nombreux embouts, rang\u00e9s dans une mallette en plastique pratique avec support r\u00e9glable (46-115 mm). Ce kit est id\u00e9al pour les travaux de vissage (notamment les petites vis) et constitue un outil pratique pour de nombreux travaux domestiques. Le kit contient\u00a0: 4 embouts Phillips\u00a0: PH00, PH0, PH1, PH2\u00a0; 8 embouts Torx\u00a0: T4, T5, T6, T7, T8, T10, T15, T20\u00a0; 6 embouts plats\u00a0: 1, 5, 2, 2, 5, 3, 3, 5 et 4 mm\u00a0; 7 embouts Allen\u00a0: 0, 9, 1, 3, 5, 5, 2, 0, 2, 5, 3, 0 et 4 mm\u00a0; 2 embouts Torx\u00a0: 1 mm, 2 mm\u00a0; 1 embout triangulaire\u00a0: 3 mm\u00a0; 1 embout chanfrein\u00e9\u00a0: 2, 6 mm. 1 embout triangulaire : 3 mm ; 1 porte-embout ; 1 porte-embout ; 1 tournevis.","breadcrumb":{"@id":"https:\/\/adcelectronique.com\/index.php\/product\/kit-tournvis-proskit-sd9802\/#breadcrumb"},"inLanguage":"fr-FR","potentialAction":[{"@type":"ReadAction","target":["https:\/\/adcelectronique.com\/index.php\/product\/kit-tournvis-proskit-sd9802\/"]}]},{"@type":"ImageObject","inLanguage":"fr-FR","@id":"https:\/\/adcelectronique.com\/index.php\/product\/kit-tournvis-proskit-sd9802\/#primaryimage","url":"https:\/\/adcelectronique.com\/wp-content\/uploads\/2026\/02\/Proskit-Screwdriver-Precision-Set-of-30pcs-SD-9802-Limassol-Cyprus.jpg","contentUrl":"https:\/\/adcelectronique.com\/wp-content\/uploads\/2026\/02\/Proskit-Screwdriver-Precision-Set-of-30pcs-SD-9802-Limassol-Cyprus.jpg","width":653,"height":985},{"@type":"BreadcrumbList","@id":"https:\/\/adcelectronique.com\/index.php\/product\/kit-tournvis-proskit-sd9802\/#breadcrumb","itemListElement":[{"@type":"ListItem","position":1,"name":"Home","item":"https:\/\/adcelectronique.com\/"},{"@type":"ListItem","position":2,"name":"Shop","item":"https:\/\/adcelectronique.com\/index.php\/shop\/"},{"@type":"ListItem","position":3,"name":"KIT TOURNVIS PRO&rsquo;SKIT SD9802"}]},{"@type":"WebSite","@id":"https:\/\/adcelectronique.com\/#website","url":"https:\/\/adcelectronique.com\/","name":"ADC Electronique","description":"","potentialAction":[{"@type":"SearchAction","target":{"@type":"EntryPoint","urlTemplate":"https:\/\/adcelectronique.com\/?s={search_term_string}"},"query-input":{"@type":"PropertyValueSpecification","valueRequired":true,"valueName":"search_term_string"}}],"inLanguage":"fr-FR"}]}},"_links":{"self":[{"href":"https:\/\/adcelectronique.com\/index.php\/wp-json\/wp\/v2\/product\/10573","targetHints":{"allow":["GET"]}}],"collection":[{"href":"https:\/\/adcelectronique.com\/index.php\/wp-json\/wp\/v2\/product"}],"about":[{"href":"https:\/\/adcelectronique.com\/index.php\/wp-json\/wp\/v2\/types\/product"}],"replies":[{"embeddable":true,"href":"https:\/\/adcelectronique.com\/index.php\/wp-json\/wp\/v2\/comments?post=10573"}],"version-history":[{"count":0,"href":"https:\/\/adcelectronique.com\/index.php\/wp-json\/wp\/v2\/product\/10573\/revisions"}],"wp:featuredmedia":[{"embeddable":true,"href":"https:\/\/adcelectronique.com\/index.php\/wp-json\/wp\/v2\/media\/10576"}],"wp:attachment":[{"href":"https:\/\/adcelectronique.com\/index.php\/wp-json\/wp\/v2\/media?parent=10573"}],"wp:term":[{"taxonomy":"product_brand","embeddable":true,"href":"https:\/\/adcelectronique.com\/index.php\/wp-json\/wp\/v2\/product_brand?post=10573"},{"taxonomy":"product_cat","embeddable":true,"href":"https:\/\/adcelectronique.com\/index.php\/wp-json\/wp\/v2\/product_cat?post=10573"},{"taxonomy":"product_tag","embeddable":true,"href":"https:\/\/adcelectronique.com\/index.php\/wp-json\/wp\/v2\/product_tag?post=10573"}],"curies":[{"name":"wp","href":"https:\/\/api.w.org\/{rel}","templated":true}]}}