{"id":10578,"date":"2026-02-02T13:07:18","date_gmt":"2026-02-02T13:07:18","guid":{"rendered":"https:\/\/adcelectronique.com\/?post_type=product&#038;p=10578"},"modified":"2026-02-02T13:07:19","modified_gmt":"2026-02-02T13:07:19","slug":"pince-coupante-rdeer-rt-502","status":"publish","type":"product","link":"https:\/\/adcelectronique.com\/index.php\/product\/pince-coupante-rdeer-rt-502\/","title":{"rendered":"PINCE COUPANTE R&rsquo;DEER RT 502"},"content":{"rendered":"<h4>\u00a0 \u00a0 \u00a0 \u00a0 \u00a0 \u00a0 \u00a0 \u00a0 \u00a0 \u00a0 \u00a0 \u00a0 \u00a0 \u00a0 \u00a0 \u00a0 \u00a0 \u00a0 \u00a0 \u00a0 \u00a0 \u00a0 \u00a0 \u00a0 \u00a0 \u00a0 \u00a0PINCE COUPANTE R&rsquo;DEER RT 502<\/h4>\n<pre id=\"tw-target-text\" class=\"tw-data-text tw-text-large tw-ta\" dir=\"ltr\" role=\"text\" data-placeholder=\"Traduction\" data-ved=\"2ahUKEwivxqb1wbqSAxUGK_sDHeZ9JVMQ3ewLegQIDBAW\" aria-label=\"Texte traduit\u00a0: Pince coupante diagonale R\u2019DEER RT-502 125 mm\">Pince coupante diagonale R\u2019DEER RT-502 125 mm<\/pre>\n<h5>Sp\u00e9cifications :<\/h5>\n<ol>\n<li>Marque : R\u2019DEER<\/li>\n<li>Mod\u00e8le : RT-502<\/li>\n<li>Mat\u00e9riau : Acier au carbone<\/li>\n<li>Mat\u00e9riau du manche : PP<\/li>\n<li>Taille : 12,7 cm (5\u2033)<\/li>\n<li>Longueur totale : 125 mm (4,92\u2033)<\/li>\n<li>Emballage individuel : Blister<\/li>\n<li>Couleur : Jaune<\/li>\n<li>Dimensions : 11,5 x 8,3 x 0,9 cm (L x l x H)<\/li>\n<\/ol>\n<p><strong>\u00a0<\/strong><\/p>\n","protected":false},"excerpt":{"rendered":"<pre id=\"tw-target-text\" class=\"tw-data-text tw-text-large tw-ta\" dir=\"ltr\" role=\"text\" data-placeholder=\"Traduction\" data-ved=\"2ahUKEwivxqb1wbqSAxUGK_sDHeZ9JVMQ3ewLegQIDBAW\" aria-label=\"Texte traduit\u00a0: Pince coupante diagonale R\u2019DEER RT-502 125 mm\">Pince coupante diagonale R\u2019DEER RT-502 125 mm<\/pre>\n<h5>Sp\u00e9cifications :<\/h5>\n<ol>\n<li>Marque : R\u2019DEER<\/li>\n<li>Mod\u00e8le : RT-502<\/li>\n<li>Mat\u00e9riau : Acier au carbone<\/li>\n<li>Mat\u00e9riau du manche : PP<\/li>\n<li>Taille : 12,7 cm (5\u2033)<\/li>\n<li>Longueur totale : 125 mm (4,92\u2033)<\/li>\n<li>Emballage individuel : Blister<\/li>\n<li>Couleur : Jaune<\/li>\n<li>Dimensions : 11,5 x 8,3 x 0,9 cm (L x l x H)<\/li>\n<\/ol>\n","protected":false},"featured_media":10580,"comment_status":"open","ping_status":"closed","template":"","meta":[],"product_brand":[122],"product_cat":[63,135],"product_tag":[],"class_list":{"0":"post-10578","1":"product","2":"type-product","3":"status-publish","4":"has-post-thumbnail","6":"product_brand-rdeer","7":"product_cat-accessories","8":"product_cat-pince-coupante","10":"first","11":"instock","12":"shipping-taxable","13":"purchasable","14":"product-type-simple"},"yoast_head":"<!-- This site is optimized with the Yoast SEO Premium plugin v26.2 (Yoast SEO v26.2) - https:\/\/yoast.com\/wordpress\/plugins\/seo\/ -->\n<title>PINCE COUPANTE R&#039;DEER RT 502 - ADC Electronique<\/title>\n<meta name=\"description\" content=\"Pince coupante diagonale R\u2019DEER RT-502 125 mmSp\u00e9cifications :Marque : R\u2019DEERMod\u00e8le : RT-502Mat\u00e9riau : Acier au carboneMat\u00e9riau du manche : PPTaille : 12,7 cm (5\u2033)Longueur totale : 125 mm (4,92\u2033)Emballage individuel : BlisterCouleur : JauneDimensions : 11,5 x 8,3 x 0,9 cm (L x l x H)\" \/>\n<meta name=\"robots\" content=\"index, follow, max-snippet:-1, max-image-preview:large, max-video-preview:-1\" \/>\n<link rel=\"canonical\" href=\"https:\/\/adcelectronique.com\/index.php\/product\/pince-coupante-rdeer-rt-502\/\" \/>\n<meta property=\"og:locale\" content=\"fr_FR\" \/>\n<meta property=\"og:type\" content=\"article\" \/>\n<meta property=\"og:title\" content=\"PINCE COUPANTE R&#039;DEER RT 502\" \/>\n<meta property=\"og:description\" content=\"Pince coupante diagonale R\u2019DEER RT-502 125 mmSp\u00e9cifications :Marque : R\u2019DEERMod\u00e8le : RT-502Mat\u00e9riau : Acier au carboneMat\u00e9riau du manche : PPTaille : 12,7 cm (5\u2033)Longueur totale : 125 mm (4,92\u2033)Emballage individuel : BlisterCouleur : JauneDimensions : 11,5 x 8,3 x 0,9 cm (L x l x H)\" \/>\n<meta property=\"og:url\" content=\"https:\/\/adcelectronique.com\/index.php\/product\/pince-coupante-rdeer-rt-502\/\" \/>\n<meta property=\"og:site_name\" content=\"ADC Electronique\" \/>\n<meta property=\"article:modified_time\" content=\"2026-02-02T13:07:19+00:00\" \/>\n<meta property=\"og:image\" content=\"https:\/\/adcelectronique.com\/wp-content\/uploads\/2026\/02\/502.png\" \/>\n\t<meta property=\"og:image:width\" content=\"800\" \/>\n\t<meta property=\"og:image:height\" content=\"800\" \/>\n\t<meta property=\"og:image:type\" content=\"image\/png\" \/>\n<meta name=\"twitter:card\" content=\"summary_large_image\" \/>\n<meta name=\"twitter:label1\" content=\"Dur\u00e9e de lecture estim\u00e9e\" \/>\n\t<meta name=\"twitter:data1\" content=\"1 minute\" \/>\n<script type=\"application\/ld+json\" class=\"yoast-schema-graph\">{\"@context\":\"https:\/\/schema.org\",\"@graph\":[{\"@type\":\"WebPage\",\"@id\":\"https:\/\/adcelectronique.com\/index.php\/product\/pince-coupante-rdeer-rt-502\/\",\"url\":\"https:\/\/adcelectronique.com\/index.php\/product\/pince-coupante-rdeer-rt-502\/\",\"name\":\"PINCE COUPANTE R'DEER RT 502 - ADC Electronique\",\"isPartOf\":{\"@id\":\"https:\/\/adcelectronique.com\/#website\"},\"primaryImageOfPage\":{\"@id\":\"https:\/\/adcelectronique.com\/index.php\/product\/pince-coupante-rdeer-rt-502\/#primaryimage\"},\"image\":{\"@id\":\"https:\/\/adcelectronique.com\/index.php\/product\/pince-coupante-rdeer-rt-502\/#primaryimage\"},\"thumbnailUrl\":\"https:\/\/adcelectronique.com\/wp-content\/uploads\/2026\/02\/502.png\",\"datePublished\":\"2026-02-02T13:07:18+00:00\",\"dateModified\":\"2026-02-02T13:07:19+00:00\",\"description\":\"Pince coupante diagonale R\u2019DEER RT-502 125 mmSp\u00e9cifications :Marque : R\u2019DEERMod\u00e8le : RT-502Mat\u00e9riau : Acier au carboneMat\u00e9riau du manche : PPTaille : 12,7 cm (5\u2033)Longueur totale : 125 mm (4,92\u2033)Emballage individuel : BlisterCouleur : JauneDimensions : 11,5 x 8,3 x 0,9 cm (L x l x H)\",\"breadcrumb\":{\"@id\":\"https:\/\/adcelectronique.com\/index.php\/product\/pince-coupante-rdeer-rt-502\/#breadcrumb\"},\"inLanguage\":\"fr-FR\",\"potentialAction\":[{\"@type\":\"ReadAction\",\"target\":[\"https:\/\/adcelectronique.com\/index.php\/product\/pince-coupante-rdeer-rt-502\/\"]}]},{\"@type\":\"ImageObject\",\"inLanguage\":\"fr-FR\",\"@id\":\"https:\/\/adcelectronique.com\/index.php\/product\/pince-coupante-rdeer-rt-502\/#primaryimage\",\"url\":\"https:\/\/adcelectronique.com\/wp-content\/uploads\/2026\/02\/502.png\",\"contentUrl\":\"https:\/\/adcelectronique.com\/wp-content\/uploads\/2026\/02\/502.png\",\"width\":800,\"height\":800},{\"@type\":\"BreadcrumbList\",\"@id\":\"https:\/\/adcelectronique.com\/index.php\/product\/pince-coupante-rdeer-rt-502\/#breadcrumb\",\"itemListElement\":[{\"@type\":\"ListItem\",\"position\":1,\"name\":\"Home\",\"item\":\"https:\/\/adcelectronique.com\/\"},{\"@type\":\"ListItem\",\"position\":2,\"name\":\"Shop\",\"item\":\"https:\/\/adcelectronique.com\/index.php\/shop\/\"},{\"@type\":\"ListItem\",\"position\":3,\"name\":\"PINCE COUPANTE R&rsquo;DEER RT 502\"}]},{\"@type\":\"WebSite\",\"@id\":\"https:\/\/adcelectronique.com\/#website\",\"url\":\"https:\/\/adcelectronique.com\/\",\"name\":\"ADC Electronique\",\"description\":\"\",\"potentialAction\":[{\"@type\":\"SearchAction\",\"target\":{\"@type\":\"EntryPoint\",\"urlTemplate\":\"https:\/\/adcelectronique.com\/?s={search_term_string}\"},\"query-input\":{\"@type\":\"PropertyValueSpecification\",\"valueRequired\":true,\"valueName\":\"search_term_string\"}}],\"inLanguage\":\"fr-FR\"}]}<\/script>\n<!-- \/ Yoast SEO Premium plugin. -->","yoast_head_json":{"title":"PINCE COUPANTE R'DEER RT 502 - ADC Electronique","description":"Pince coupante diagonale R\u2019DEER RT-502 125 mmSp\u00e9cifications :Marque : R\u2019DEERMod\u00e8le : RT-502Mat\u00e9riau : Acier au carboneMat\u00e9riau du manche : PPTaille : 12,7 cm (5\u2033)Longueur totale : 125 mm (4,92\u2033)Emballage individuel : BlisterCouleur : JauneDimensions : 11,5 x 8,3 x 0,9 cm (L x l x H)","robots":{"index":"index","follow":"follow","max-snippet":"max-snippet:-1","max-image-preview":"max-image-preview:large","max-video-preview":"max-video-preview:-1"},"canonical":"https:\/\/adcelectronique.com\/index.php\/product\/pince-coupante-rdeer-rt-502\/","og_locale":"fr_FR","og_type":"article","og_title":"PINCE COUPANTE R'DEER RT 502","og_description":"Pince coupante diagonale R\u2019DEER RT-502 125 mmSp\u00e9cifications :Marque : R\u2019DEERMod\u00e8le : RT-502Mat\u00e9riau : Acier au carboneMat\u00e9riau du manche : PPTaille : 12,7 cm (5\u2033)Longueur totale : 125 mm (4,92\u2033)Emballage individuel : BlisterCouleur : JauneDimensions : 11,5 x 8,3 x 0,9 cm (L x l x H)","og_url":"https:\/\/adcelectronique.com\/index.php\/product\/pince-coupante-rdeer-rt-502\/","og_site_name":"ADC Electronique","article_modified_time":"2026-02-02T13:07:19+00:00","og_image":[{"width":800,"height":800,"url":"https:\/\/adcelectronique.com\/wp-content\/uploads\/2026\/02\/502.png","type":"image\/png"}],"twitter_card":"summary_large_image","twitter_misc":{"Dur\u00e9e de lecture estim\u00e9e":"1 minute"},"schema":{"@context":"https:\/\/schema.org","@graph":[{"@type":"WebPage","@id":"https:\/\/adcelectronique.com\/index.php\/product\/pince-coupante-rdeer-rt-502\/","url":"https:\/\/adcelectronique.com\/index.php\/product\/pince-coupante-rdeer-rt-502\/","name":"PINCE COUPANTE R'DEER RT 502 - ADC Electronique","isPartOf":{"@id":"https:\/\/adcelectronique.com\/#website"},"primaryImageOfPage":{"@id":"https:\/\/adcelectronique.com\/index.php\/product\/pince-coupante-rdeer-rt-502\/#primaryimage"},"image":{"@id":"https:\/\/adcelectronique.com\/index.php\/product\/pince-coupante-rdeer-rt-502\/#primaryimage"},"thumbnailUrl":"https:\/\/adcelectronique.com\/wp-content\/uploads\/2026\/02\/502.png","datePublished":"2026-02-02T13:07:18+00:00","dateModified":"2026-02-02T13:07:19+00:00","description":"Pince coupante diagonale R\u2019DEER RT-502 125 mmSp\u00e9cifications :Marque : R\u2019DEERMod\u00e8le : RT-502Mat\u00e9riau : Acier au carboneMat\u00e9riau du manche : PPTaille : 12,7 cm (5\u2033)Longueur totale : 125 mm (4,92\u2033)Emballage individuel : BlisterCouleur : JauneDimensions : 11,5 x 8,3 x 0,9 cm (L x l x H)","breadcrumb":{"@id":"https:\/\/adcelectronique.com\/index.php\/product\/pince-coupante-rdeer-rt-502\/#breadcrumb"},"inLanguage":"fr-FR","potentialAction":[{"@type":"ReadAction","target":["https:\/\/adcelectronique.com\/index.php\/product\/pince-coupante-rdeer-rt-502\/"]}]},{"@type":"ImageObject","inLanguage":"fr-FR","@id":"https:\/\/adcelectronique.com\/index.php\/product\/pince-coupante-rdeer-rt-502\/#primaryimage","url":"https:\/\/adcelectronique.com\/wp-content\/uploads\/2026\/02\/502.png","contentUrl":"https:\/\/adcelectronique.com\/wp-content\/uploads\/2026\/02\/502.png","width":800,"height":800},{"@type":"BreadcrumbList","@id":"https:\/\/adcelectronique.com\/index.php\/product\/pince-coupante-rdeer-rt-502\/#breadcrumb","itemListElement":[{"@type":"ListItem","position":1,"name":"Home","item":"https:\/\/adcelectronique.com\/"},{"@type":"ListItem","position":2,"name":"Shop","item":"https:\/\/adcelectronique.com\/index.php\/shop\/"},{"@type":"ListItem","position":3,"name":"PINCE COUPANTE R&rsquo;DEER RT 502"}]},{"@type":"WebSite","@id":"https:\/\/adcelectronique.com\/#website","url":"https:\/\/adcelectronique.com\/","name":"ADC Electronique","description":"","potentialAction":[{"@type":"SearchAction","target":{"@type":"EntryPoint","urlTemplate":"https:\/\/adcelectronique.com\/?s={search_term_string}"},"query-input":{"@type":"PropertyValueSpecification","valueRequired":true,"valueName":"search_term_string"}}],"inLanguage":"fr-FR"}]}},"_links":{"self":[{"href":"https:\/\/adcelectronique.com\/index.php\/wp-json\/wp\/v2\/product\/10578","targetHints":{"allow":["GET"]}}],"collection":[{"href":"https:\/\/adcelectronique.com\/index.php\/wp-json\/wp\/v2\/product"}],"about":[{"href":"https:\/\/adcelectronique.com\/index.php\/wp-json\/wp\/v2\/types\/product"}],"replies":[{"embeddable":true,"href":"https:\/\/adcelectronique.com\/index.php\/wp-json\/wp\/v2\/comments?post=10578"}],"version-history":[{"count":0,"href":"https:\/\/adcelectronique.com\/index.php\/wp-json\/wp\/v2\/product\/10578\/revisions"}],"wp:featuredmedia":[{"embeddable":true,"href":"https:\/\/adcelectronique.com\/index.php\/wp-json\/wp\/v2\/media\/10580"}],"wp:attachment":[{"href":"https:\/\/adcelectronique.com\/index.php\/wp-json\/wp\/v2\/media?parent=10578"}],"wp:term":[{"taxonomy":"product_brand","embeddable":true,"href":"https:\/\/adcelectronique.com\/index.php\/wp-json\/wp\/v2\/product_brand?post=10578"},{"taxonomy":"product_cat","embeddable":true,"href":"https:\/\/adcelectronique.com\/index.php\/wp-json\/wp\/v2\/product_cat?post=10578"},{"taxonomy":"product_tag","embeddable":true,"href":"https:\/\/adcelectronique.com\/index.php\/wp-json\/wp\/v2\/product_tag?post=10578"}],"curies":[{"name":"wp","href":"https:\/\/api.w.org\/{rel}","templated":true}]}}