{"id":10585,"date":"2026-02-02T13:21:12","date_gmt":"2026-02-02T13:21:12","guid":{"rendered":"https:\/\/adcelectronique.com\/?post_type=product&#038;p=10585"},"modified":"2026-02-08T14:34:49","modified_gmt":"2026-02-08T14:34:49","slug":"pince-denudeur-rdeer-rt-6065","status":"publish","type":"product","link":"https:\/\/adcelectronique.com\/index.php\/product\/pince-denudeur-rdeer-rt-6065\/","title":{"rendered":"PINCE DENUDEUR R&rsquo;DEER RT-6065"},"content":{"rendered":"<h3>\u00a0 \u00a0 \u00a0 \u00a0 \u00a0 \u00a0 \u00a0 \u00a0 \u00a0 \u00a0 \u00a0 \u00a0 \u00a0 \u00a0 \u00a0 \u00a0 \u00a0 \u00a0 \u00a0 \u00a0 \u00a0PINCE DENUDEUR R&rsquo;DEER RT-6065<\/h3>\n<h5>Description du produit<\/h5>\n<p>Pince \u00e0 d\u00e9nuder Rdeer Outil \u00e0 main et le fil de la faucheuse.<\/p>\n<p>Pince \u00e0 D\u00e9nuder Aramox, Outil \u00e9lectrique de D\u00e9nudage de Fil de Coupe de C\u00e2ble 2 en 1 pour \u00e9lectricien RT-6065.<\/p>\n<div class=\"a-row\">\n<div class=\"a-column a-span6\">\n<h5><strong>Sp\u00e9cifications:<\/strong><\/h5>\n<p>Mat\u00e9riau: acier au mangan\u00e8se 65 #<br \/>\nLongueur: env. 170 mm \/ 6,69 pouces<br \/>\nCouleur: jaune<br \/>\nTailles de fil unique AWG: 8\/10\/12\/14<br \/>\nTrou de vis: M3<\/p>\n<h4 class=\"a-size-medium a-spacing-small\">Descriptif technique<\/h4>\n<\/div>\n<\/div>\n<div class=\"a-expander-content a-expander-extend-content\" data-expanded=\"true\">\n<div class=\"a-row a-expander-container a-expander-inline-container\">\n<div class=\"a-expander-content a-expander-section-content a-section-expander-inner\" data-expanded=\"true\">\n<table id=\"productDetails_techSpec_section_1\" class=\"a-keyvalue prodDetTable\">\n<tbody>\n<tr>\n<th class=\"a-color-secondary a-size-base prodDetSectionEntry\">Fabricant<\/th>\n<td class=\"a-size-base prodDetAttrValue\">\u200eAramox<\/td>\n<\/tr>\n<tr>\n<th class=\"a-color-secondary a-size-base prodDetSectionEntry\">Dimensions du produit (L x l x h)<\/th>\n<td class=\"a-size-base prodDetAttrValue\">\u200e10 x 8 x 4 cm; 199 grammes<\/td>\n<\/tr>\n<tr>\n<th class=\"a-color-secondary a-size-base prodDetSectionEntry\">R\u00e9f\u00e9rence<\/th>\n<td class=\"a-size-base prodDetAttrValue\">\u200eAramoxudtfwqgx942372<\/td>\n<\/tr>\n<tr>\n<th class=\"a-color-secondary a-size-base prodDetSectionEntry\">Mati\u00e8re<\/th>\n<td class=\"a-size-base prodDetAttrValue\">\u200eAcier,Mangan\u00e8se<\/td>\n<\/tr>\n<\/tbody>\n<\/table>\n<\/div>\n<\/div>\n<\/div>\n","protected":false},"excerpt":{"rendered":"<h5>Description du produit<\/h5>\n<p>Pince \u00e0 d\u00e9nuder Rdeer Outil \u00e0 main et le fil de la faucheuse.<\/p>\n<p>Pince \u00e0 D\u00e9nuder Aramox, Outil \u00e9lectrique de D\u00e9nudage de Fil de Coupe de C\u00e2ble 2 en 1 pour \u00e9lectricien RT-6065.<\/p>\n<div class=\"a-row\">\n<div class=\"a-column a-span6\">\n<h5><strong>Sp\u00e9cifications:<\/strong><\/h5>\n<p>Mat\u00e9riau: acier au mangan\u00e8se 65 #<br \/>\nLongueur: env. 170 mm \/ 6,69 pouces<br \/>\nCouleur: jaune<br \/>\nTailles de fil unique AWG: 8\/10\/12\/14<br \/>\nTrou de vis: M3<\/p>\n<\/div>\n<\/div>\n","protected":false},"featured_media":10592,"comment_status":"open","ping_status":"closed","template":"","meta":[],"product_brand":[122],"product_cat":[135],"product_tag":[],"class_list":{"0":"post-10585","1":"product","2":"type-product","3":"status-publish","4":"has-post-thumbnail","6":"product_brand-rdeer","7":"product_cat-pince-coupante","9":"first","10":"instock","11":"shipping-taxable","12":"purchasable","13":"product-type-simple"},"yoast_head":"<!-- This site is optimized with the Yoast SEO Premium plugin v26.2 (Yoast SEO v26.2) - https:\/\/yoast.com\/wordpress\/plugins\/seo\/ -->\n<title>PINCE DENUDEUR R&#039;DEER RT-6065 - ADC Electronique<\/title>\n<meta name=\"description\" content=\"Pince \u00e0 d\u00e9nuder Rdeer Outil \u00e0 main et le fil de la faucheuse\" \/>\n<meta name=\"robots\" content=\"index, follow, max-snippet:-1, max-image-preview:large, max-video-preview:-1\" \/>\n<link rel=\"canonical\" href=\"https:\/\/adcelectronique.com\/index.php\/product\/pince-denudeur-rdeer-rt-6065\/\" \/>\n<meta property=\"og:locale\" content=\"fr_FR\" \/>\n<meta property=\"og:type\" content=\"article\" \/>\n<meta property=\"og:title\" content=\"PINCE DENUDEUR R&#039;DEER RT-6065\" \/>\n<meta property=\"og:description\" content=\"Pince \u00e0 d\u00e9nuder Rdeer Outil \u00e0 main et le fil de la faucheuse\" \/>\n<meta property=\"og:url\" content=\"https:\/\/adcelectronique.com\/index.php\/product\/pince-denudeur-rdeer-rt-6065\/\" \/>\n<meta property=\"og:site_name\" content=\"ADC Electronique\" \/>\n<meta property=\"article:modified_time\" content=\"2026-02-08T14:34:49+00:00\" \/>\n<meta property=\"og:image\" content=\"https:\/\/adcelectronique.com\/wp-content\/uploads\/2026\/02\/Sans-titre1255.png\" \/>\n\t<meta property=\"og:image:width\" content=\"800\" \/>\n\t<meta property=\"og:image:height\" content=\"600\" \/>\n\t<meta property=\"og:image:type\" content=\"image\/png\" \/>\n<meta name=\"twitter:card\" content=\"summary_large_image\" \/>\n<meta name=\"twitter:label1\" content=\"Dur\u00e9e de lecture estim\u00e9e\" \/>\n\t<meta name=\"twitter:data1\" content=\"1 minute\" \/>\n<script type=\"application\/ld+json\" class=\"yoast-schema-graph\">{\"@context\":\"https:\/\/schema.org\",\"@graph\":[{\"@type\":\"WebPage\",\"@id\":\"https:\/\/adcelectronique.com\/index.php\/product\/pince-denudeur-rdeer-rt-6065\/\",\"url\":\"https:\/\/adcelectronique.com\/index.php\/product\/pince-denudeur-rdeer-rt-6065\/\",\"name\":\"PINCE DENUDEUR R'DEER RT-6065 - ADC Electronique\",\"isPartOf\":{\"@id\":\"https:\/\/adcelectronique.com\/#website\"},\"primaryImageOfPage\":{\"@id\":\"https:\/\/adcelectronique.com\/index.php\/product\/pince-denudeur-rdeer-rt-6065\/#primaryimage\"},\"image\":{\"@id\":\"https:\/\/adcelectronique.com\/index.php\/product\/pince-denudeur-rdeer-rt-6065\/#primaryimage\"},\"thumbnailUrl\":\"https:\/\/adcelectronique.com\/wp-content\/uploads\/2026\/02\/Sans-titre1255.png\",\"datePublished\":\"2026-02-02T13:21:12+00:00\",\"dateModified\":\"2026-02-08T14:34:49+00:00\",\"description\":\"Pince \u00e0 d\u00e9nuder Rdeer Outil \u00e0 main et le fil de la faucheuse\",\"breadcrumb\":{\"@id\":\"https:\/\/adcelectronique.com\/index.php\/product\/pince-denudeur-rdeer-rt-6065\/#breadcrumb\"},\"inLanguage\":\"fr-FR\",\"potentialAction\":[{\"@type\":\"ReadAction\",\"target\":[\"https:\/\/adcelectronique.com\/index.php\/product\/pince-denudeur-rdeer-rt-6065\/\"]}]},{\"@type\":\"ImageObject\",\"inLanguage\":\"fr-FR\",\"@id\":\"https:\/\/adcelectronique.com\/index.php\/product\/pince-denudeur-rdeer-rt-6065\/#primaryimage\",\"url\":\"https:\/\/adcelectronique.com\/wp-content\/uploads\/2026\/02\/Sans-titre1255.png\",\"contentUrl\":\"https:\/\/adcelectronique.com\/wp-content\/uploads\/2026\/02\/Sans-titre1255.png\",\"width\":800,\"height\":600},{\"@type\":\"BreadcrumbList\",\"@id\":\"https:\/\/adcelectronique.com\/index.php\/product\/pince-denudeur-rdeer-rt-6065\/#breadcrumb\",\"itemListElement\":[{\"@type\":\"ListItem\",\"position\":1,\"name\":\"Home\",\"item\":\"https:\/\/adcelectronique.com\/\"},{\"@type\":\"ListItem\",\"position\":2,\"name\":\"Shop\",\"item\":\"https:\/\/adcelectronique.com\/index.php\/shop\/\"},{\"@type\":\"ListItem\",\"position\":3,\"name\":\"PINCE DENUDEUR R&rsquo;DEER RT-6065\"}]},{\"@type\":\"WebSite\",\"@id\":\"https:\/\/adcelectronique.com\/#website\",\"url\":\"https:\/\/adcelectronique.com\/\",\"name\":\"ADC Electronique\",\"description\":\"\",\"potentialAction\":[{\"@type\":\"SearchAction\",\"target\":{\"@type\":\"EntryPoint\",\"urlTemplate\":\"https:\/\/adcelectronique.com\/?s={search_term_string}\"},\"query-input\":{\"@type\":\"PropertyValueSpecification\",\"valueRequired\":true,\"valueName\":\"search_term_string\"}}],\"inLanguage\":\"fr-FR\"}]}<\/script>\n<!-- \/ Yoast SEO Premium plugin. -->","yoast_head_json":{"title":"PINCE DENUDEUR R'DEER RT-6065 - ADC Electronique","description":"Pince \u00e0 d\u00e9nuder Rdeer Outil \u00e0 main et le fil de la faucheuse","robots":{"index":"index","follow":"follow","max-snippet":"max-snippet:-1","max-image-preview":"max-image-preview:large","max-video-preview":"max-video-preview:-1"},"canonical":"https:\/\/adcelectronique.com\/index.php\/product\/pince-denudeur-rdeer-rt-6065\/","og_locale":"fr_FR","og_type":"article","og_title":"PINCE DENUDEUR R'DEER RT-6065","og_description":"Pince \u00e0 d\u00e9nuder Rdeer Outil \u00e0 main et le fil de la faucheuse","og_url":"https:\/\/adcelectronique.com\/index.php\/product\/pince-denudeur-rdeer-rt-6065\/","og_site_name":"ADC Electronique","article_modified_time":"2026-02-08T14:34:49+00:00","og_image":[{"width":800,"height":600,"url":"https:\/\/adcelectronique.com\/wp-content\/uploads\/2026\/02\/Sans-titre1255.png","type":"image\/png"}],"twitter_card":"summary_large_image","twitter_misc":{"Dur\u00e9e de lecture estim\u00e9e":"1 minute"},"schema":{"@context":"https:\/\/schema.org","@graph":[{"@type":"WebPage","@id":"https:\/\/adcelectronique.com\/index.php\/product\/pince-denudeur-rdeer-rt-6065\/","url":"https:\/\/adcelectronique.com\/index.php\/product\/pince-denudeur-rdeer-rt-6065\/","name":"PINCE DENUDEUR R'DEER RT-6065 - ADC Electronique","isPartOf":{"@id":"https:\/\/adcelectronique.com\/#website"},"primaryImageOfPage":{"@id":"https:\/\/adcelectronique.com\/index.php\/product\/pince-denudeur-rdeer-rt-6065\/#primaryimage"},"image":{"@id":"https:\/\/adcelectronique.com\/index.php\/product\/pince-denudeur-rdeer-rt-6065\/#primaryimage"},"thumbnailUrl":"https:\/\/adcelectronique.com\/wp-content\/uploads\/2026\/02\/Sans-titre1255.png","datePublished":"2026-02-02T13:21:12+00:00","dateModified":"2026-02-08T14:34:49+00:00","description":"Pince \u00e0 d\u00e9nuder Rdeer Outil \u00e0 main et le fil de la faucheuse","breadcrumb":{"@id":"https:\/\/adcelectronique.com\/index.php\/product\/pince-denudeur-rdeer-rt-6065\/#breadcrumb"},"inLanguage":"fr-FR","potentialAction":[{"@type":"ReadAction","target":["https:\/\/adcelectronique.com\/index.php\/product\/pince-denudeur-rdeer-rt-6065\/"]}]},{"@type":"ImageObject","inLanguage":"fr-FR","@id":"https:\/\/adcelectronique.com\/index.php\/product\/pince-denudeur-rdeer-rt-6065\/#primaryimage","url":"https:\/\/adcelectronique.com\/wp-content\/uploads\/2026\/02\/Sans-titre1255.png","contentUrl":"https:\/\/adcelectronique.com\/wp-content\/uploads\/2026\/02\/Sans-titre1255.png","width":800,"height":600},{"@type":"BreadcrumbList","@id":"https:\/\/adcelectronique.com\/index.php\/product\/pince-denudeur-rdeer-rt-6065\/#breadcrumb","itemListElement":[{"@type":"ListItem","position":1,"name":"Home","item":"https:\/\/adcelectronique.com\/"},{"@type":"ListItem","position":2,"name":"Shop","item":"https:\/\/adcelectronique.com\/index.php\/shop\/"},{"@type":"ListItem","position":3,"name":"PINCE DENUDEUR R&rsquo;DEER RT-6065"}]},{"@type":"WebSite","@id":"https:\/\/adcelectronique.com\/#website","url":"https:\/\/adcelectronique.com\/","name":"ADC Electronique","description":"","potentialAction":[{"@type":"SearchAction","target":{"@type":"EntryPoint","urlTemplate":"https:\/\/adcelectronique.com\/?s={search_term_string}"},"query-input":{"@type":"PropertyValueSpecification","valueRequired":true,"valueName":"search_term_string"}}],"inLanguage":"fr-FR"}]}},"_links":{"self":[{"href":"https:\/\/adcelectronique.com\/index.php\/wp-json\/wp\/v2\/product\/10585","targetHints":{"allow":["GET"]}}],"collection":[{"href":"https:\/\/adcelectronique.com\/index.php\/wp-json\/wp\/v2\/product"}],"about":[{"href":"https:\/\/adcelectronique.com\/index.php\/wp-json\/wp\/v2\/types\/product"}],"replies":[{"embeddable":true,"href":"https:\/\/adcelectronique.com\/index.php\/wp-json\/wp\/v2\/comments?post=10585"}],"version-history":[{"count":0,"href":"https:\/\/adcelectronique.com\/index.php\/wp-json\/wp\/v2\/product\/10585\/revisions"}],"wp:featuredmedia":[{"embeddable":true,"href":"https:\/\/adcelectronique.com\/index.php\/wp-json\/wp\/v2\/media\/10592"}],"wp:attachment":[{"href":"https:\/\/adcelectronique.com\/index.php\/wp-json\/wp\/v2\/media?parent=10585"}],"wp:term":[{"taxonomy":"product_brand","embeddable":true,"href":"https:\/\/adcelectronique.com\/index.php\/wp-json\/wp\/v2\/product_brand?post=10585"},{"taxonomy":"product_cat","embeddable":true,"href":"https:\/\/adcelectronique.com\/index.php\/wp-json\/wp\/v2\/product_cat?post=10585"},{"taxonomy":"product_tag","embeddable":true,"href":"https:\/\/adcelectronique.com\/index.php\/wp-json\/wp\/v2\/product_tag?post=10585"}],"curies":[{"name":"wp","href":"https:\/\/api.w.org\/{rel}","templated":true}]}}