{"id":10594,"date":"2026-02-02T13:27:28","date_gmt":"2026-02-02T13:27:28","guid":{"rendered":"https:\/\/adcelectronique.com\/?post_type=product&#038;p=10594"},"modified":"2026-02-08T14:33:41","modified_gmt":"2026-02-08T14:33:41","slug":"pince-a-bec-rdeer-rt508","status":"publish","type":"product","link":"https:\/\/adcelectronique.com\/index.php\/product\/pince-a-bec-rdeer-rt508\/","title":{"rendered":"Pince \u00e0 Bec R&rsquo;DEER RT508"},"content":{"rendered":"<h2>\u00a0 \u00a0 \u00a0 \u00a0 \u00a0 \u00a0 \u00a0 \u00a0 \u00a0 \u00a0 \u00a0 \u00a0 \u00a0 \u00a0 \u00a0 \u00a0 \u00a0 \u00a0 \u00a0 \u00a0 \u00a0 \u00a0 Pince \u00e0 Bec R&rsquo;DEER RT508<\/h2>\n<p>Pince \u00e0 bec courb\u00e9 125mm R&rsquo;DEER RT508Haut du formulaire<\/p>\n<p>Bas du formulaire<\/p>\n<h5><span style=\"color: #000000\"><a style=\"color: #000000\" href=\"https:\/\/dymadis.com\/pince-%C3%A0-bec-courb%C3%A9-125mm-r-deer-rt508?srsltid=AfmBOoossFK6MvcwnVFJV-Rr2pofzXQjcBBQcqd9YIPO6V5QQ3Bw8fOC#description-content\">Sp\u00e9cifications<\/a><\/span><\/h5>\n<ul>\n<li>Poign\u00e9es antid\u00e9rapantes<\/li>\n<li>Mat\u00e9riau : acier au carbone<\/li>\n<li>Taille\u00a0: 9,2\u00a0x\u00a0125\u00a0x\u00a051\u00a0mm<\/li>\n<li>Poids : 72g<\/li>\n<\/ul>\n","protected":false},"excerpt":{"rendered":"<p>Pince \u00e0 bec courb\u00e9 125mm R&rsquo;DEER RT508Haut du formulaire<\/p>\n<p>Bas du formulaire<\/p>\n<h5><span style=\"color: #000000\"><a style=\"color: #000000\" href=\"https:\/\/dymadis.com\/pince-%C3%A0-bec-courb%C3%A9-125mm-r-deer-rt508?srsltid=AfmBOoossFK6MvcwnVFJV-Rr2pofzXQjcBBQcqd9YIPO6V5QQ3Bw8fOC#description-content\">Sp\u00e9cifications<\/a><\/span><\/h5>\n<ul>\n<li>Poign\u00e9es antid\u00e9rapantes<\/li>\n<li>Mat\u00e9riau : acier au carbone<\/li>\n<li>Taille\u00a0: 9,2\u00a0x\u00a0125\u00a0x\u00a051\u00a0mm<\/li>\n<li>Poids : 72g<\/li>\n<\/ul>\n","protected":false},"featured_media":10595,"comment_status":"open","ping_status":"closed","template":"","meta":[],"product_brand":[122],"product_cat":[135],"product_tag":[],"class_list":{"0":"post-10594","1":"product","2":"type-product","3":"status-publish","4":"has-post-thumbnail","6":"product_brand-rdeer","7":"product_cat-pince-coupante","9":"first","10":"instock","11":"shipping-taxable","12":"purchasable","13":"product-type-simple"},"yoast_head":"<!-- This site is optimized with the Yoast SEO Premium plugin v26.2 (Yoast SEO v26.2) - https:\/\/yoast.com\/wordpress\/plugins\/seo\/ -->\n<title>Pince \u00e0 Bec R&#039;DEER RT508 - ADC Electronique<\/title>\n<meta name=\"description\" content=\"Pince \u00e0 bec courb\u00e9 125mm R&#039;DEER RT508Haut du formulaireBas du formulaireSp\u00e9cificationsPoign\u00e9es antid\u00e9rapantesMat\u00e9riau : acier au carboneTaille\u00a0: 9,2\u00a0x\u00a0125\u00a0x\u00a051\u00a0mmPoids : 72g\" \/>\n<meta name=\"robots\" content=\"index, follow, max-snippet:-1, max-image-preview:large, max-video-preview:-1\" \/>\n<link rel=\"canonical\" href=\"https:\/\/adcelectronique.com\/index.php\/product\/pince-a-bec-rdeer-rt508\/\" \/>\n<meta property=\"og:locale\" content=\"fr_FR\" \/>\n<meta property=\"og:type\" content=\"article\" \/>\n<meta property=\"og:title\" content=\"Pince \u00e0 Bec R&#039;DEER RT508\" \/>\n<meta property=\"og:description\" content=\"Pince \u00e0 bec courb\u00e9 125mm R&#039;DEER RT508Haut du formulaireBas du formulaireSp\u00e9cificationsPoign\u00e9es antid\u00e9rapantesMat\u00e9riau : acier au carboneTaille\u00a0: 9,2\u00a0x\u00a0125\u00a0x\u00a051\u00a0mmPoids : 72g\" \/>\n<meta property=\"og:url\" content=\"https:\/\/adcelectronique.com\/index.php\/product\/pince-a-bec-rdeer-rt508\/\" \/>\n<meta property=\"og:site_name\" content=\"ADC Electronique\" \/>\n<meta property=\"article:modified_time\" content=\"2026-02-08T14:33:41+00:00\" \/>\n<meta property=\"og:image\" content=\"https:\/\/adcelectronique.com\/wp-content\/uploads\/2026\/02\/RT508.png\" \/>\n\t<meta property=\"og:image:width\" content=\"1000\" \/>\n\t<meta property=\"og:image:height\" content=\"1000\" \/>\n\t<meta property=\"og:image:type\" content=\"image\/png\" \/>\n<meta name=\"twitter:card\" content=\"summary_large_image\" \/>\n<meta name=\"twitter:label1\" content=\"Dur\u00e9e de lecture estim\u00e9e\" \/>\n\t<meta name=\"twitter:data1\" content=\"1 minute\" \/>\n<script type=\"application\/ld+json\" class=\"yoast-schema-graph\">{\"@context\":\"https:\/\/schema.org\",\"@graph\":[{\"@type\":\"WebPage\",\"@id\":\"https:\/\/adcelectronique.com\/index.php\/product\/pince-a-bec-rdeer-rt508\/\",\"url\":\"https:\/\/adcelectronique.com\/index.php\/product\/pince-a-bec-rdeer-rt508\/\",\"name\":\"Pince \u00e0 Bec R'DEER RT508 - ADC Electronique\",\"isPartOf\":{\"@id\":\"https:\/\/adcelectronique.com\/#website\"},\"primaryImageOfPage\":{\"@id\":\"https:\/\/adcelectronique.com\/index.php\/product\/pince-a-bec-rdeer-rt508\/#primaryimage\"},\"image\":{\"@id\":\"https:\/\/adcelectronique.com\/index.php\/product\/pince-a-bec-rdeer-rt508\/#primaryimage\"},\"thumbnailUrl\":\"https:\/\/adcelectronique.com\/wp-content\/uploads\/2026\/02\/RT508.png\",\"datePublished\":\"2026-02-02T13:27:28+00:00\",\"dateModified\":\"2026-02-08T14:33:41+00:00\",\"description\":\"Pince \u00e0 bec courb\u00e9 125mm R'DEER RT508Haut du formulaireBas du formulaireSp\u00e9cificationsPoign\u00e9es antid\u00e9rapantesMat\u00e9riau : acier au carboneTaille\u00a0: 9,2\u00a0x\u00a0125\u00a0x\u00a051\u00a0mmPoids : 72g\",\"breadcrumb\":{\"@id\":\"https:\/\/adcelectronique.com\/index.php\/product\/pince-a-bec-rdeer-rt508\/#breadcrumb\"},\"inLanguage\":\"fr-FR\",\"potentialAction\":[{\"@type\":\"ReadAction\",\"target\":[\"https:\/\/adcelectronique.com\/index.php\/product\/pince-a-bec-rdeer-rt508\/\"]}]},{\"@type\":\"ImageObject\",\"inLanguage\":\"fr-FR\",\"@id\":\"https:\/\/adcelectronique.com\/index.php\/product\/pince-a-bec-rdeer-rt508\/#primaryimage\",\"url\":\"https:\/\/adcelectronique.com\/wp-content\/uploads\/2026\/02\/RT508.png\",\"contentUrl\":\"https:\/\/adcelectronique.com\/wp-content\/uploads\/2026\/02\/RT508.png\",\"width\":1000,\"height\":1000},{\"@type\":\"BreadcrumbList\",\"@id\":\"https:\/\/adcelectronique.com\/index.php\/product\/pince-a-bec-rdeer-rt508\/#breadcrumb\",\"itemListElement\":[{\"@type\":\"ListItem\",\"position\":1,\"name\":\"Home\",\"item\":\"https:\/\/adcelectronique.com\/\"},{\"@type\":\"ListItem\",\"position\":2,\"name\":\"Shop\",\"item\":\"https:\/\/adcelectronique.com\/index.php\/shop\/\"},{\"@type\":\"ListItem\",\"position\":3,\"name\":\"Pince \u00e0 Bec R&rsquo;DEER RT508\"}]},{\"@type\":\"WebSite\",\"@id\":\"https:\/\/adcelectronique.com\/#website\",\"url\":\"https:\/\/adcelectronique.com\/\",\"name\":\"ADC Electronique\",\"description\":\"\",\"potentialAction\":[{\"@type\":\"SearchAction\",\"target\":{\"@type\":\"EntryPoint\",\"urlTemplate\":\"https:\/\/adcelectronique.com\/?s={search_term_string}\"},\"query-input\":{\"@type\":\"PropertyValueSpecification\",\"valueRequired\":true,\"valueName\":\"search_term_string\"}}],\"inLanguage\":\"fr-FR\"}]}<\/script>\n<!-- \/ Yoast SEO Premium plugin. -->","yoast_head_json":{"title":"Pince \u00e0 Bec R'DEER RT508 - ADC Electronique","description":"Pince \u00e0 bec courb\u00e9 125mm R'DEER RT508Haut du formulaireBas du formulaireSp\u00e9cificationsPoign\u00e9es antid\u00e9rapantesMat\u00e9riau : acier au carboneTaille\u00a0: 9,2\u00a0x\u00a0125\u00a0x\u00a051\u00a0mmPoids : 72g","robots":{"index":"index","follow":"follow","max-snippet":"max-snippet:-1","max-image-preview":"max-image-preview:large","max-video-preview":"max-video-preview:-1"},"canonical":"https:\/\/adcelectronique.com\/index.php\/product\/pince-a-bec-rdeer-rt508\/","og_locale":"fr_FR","og_type":"article","og_title":"Pince \u00e0 Bec R'DEER RT508","og_description":"Pince \u00e0 bec courb\u00e9 125mm R'DEER RT508Haut du formulaireBas du formulaireSp\u00e9cificationsPoign\u00e9es antid\u00e9rapantesMat\u00e9riau : acier au carboneTaille\u00a0: 9,2\u00a0x\u00a0125\u00a0x\u00a051\u00a0mmPoids : 72g","og_url":"https:\/\/adcelectronique.com\/index.php\/product\/pince-a-bec-rdeer-rt508\/","og_site_name":"ADC Electronique","article_modified_time":"2026-02-08T14:33:41+00:00","og_image":[{"width":1000,"height":1000,"url":"https:\/\/adcelectronique.com\/wp-content\/uploads\/2026\/02\/RT508.png","type":"image\/png"}],"twitter_card":"summary_large_image","twitter_misc":{"Dur\u00e9e de lecture estim\u00e9e":"1 minute"},"schema":{"@context":"https:\/\/schema.org","@graph":[{"@type":"WebPage","@id":"https:\/\/adcelectronique.com\/index.php\/product\/pince-a-bec-rdeer-rt508\/","url":"https:\/\/adcelectronique.com\/index.php\/product\/pince-a-bec-rdeer-rt508\/","name":"Pince \u00e0 Bec R'DEER RT508 - ADC Electronique","isPartOf":{"@id":"https:\/\/adcelectronique.com\/#website"},"primaryImageOfPage":{"@id":"https:\/\/adcelectronique.com\/index.php\/product\/pince-a-bec-rdeer-rt508\/#primaryimage"},"image":{"@id":"https:\/\/adcelectronique.com\/index.php\/product\/pince-a-bec-rdeer-rt508\/#primaryimage"},"thumbnailUrl":"https:\/\/adcelectronique.com\/wp-content\/uploads\/2026\/02\/RT508.png","datePublished":"2026-02-02T13:27:28+00:00","dateModified":"2026-02-08T14:33:41+00:00","description":"Pince \u00e0 bec courb\u00e9 125mm R'DEER RT508Haut du formulaireBas du formulaireSp\u00e9cificationsPoign\u00e9es antid\u00e9rapantesMat\u00e9riau : acier au carboneTaille\u00a0: 9,2\u00a0x\u00a0125\u00a0x\u00a051\u00a0mmPoids : 72g","breadcrumb":{"@id":"https:\/\/adcelectronique.com\/index.php\/product\/pince-a-bec-rdeer-rt508\/#breadcrumb"},"inLanguage":"fr-FR","potentialAction":[{"@type":"ReadAction","target":["https:\/\/adcelectronique.com\/index.php\/product\/pince-a-bec-rdeer-rt508\/"]}]},{"@type":"ImageObject","inLanguage":"fr-FR","@id":"https:\/\/adcelectronique.com\/index.php\/product\/pince-a-bec-rdeer-rt508\/#primaryimage","url":"https:\/\/adcelectronique.com\/wp-content\/uploads\/2026\/02\/RT508.png","contentUrl":"https:\/\/adcelectronique.com\/wp-content\/uploads\/2026\/02\/RT508.png","width":1000,"height":1000},{"@type":"BreadcrumbList","@id":"https:\/\/adcelectronique.com\/index.php\/product\/pince-a-bec-rdeer-rt508\/#breadcrumb","itemListElement":[{"@type":"ListItem","position":1,"name":"Home","item":"https:\/\/adcelectronique.com\/"},{"@type":"ListItem","position":2,"name":"Shop","item":"https:\/\/adcelectronique.com\/index.php\/shop\/"},{"@type":"ListItem","position":3,"name":"Pince \u00e0 Bec R&rsquo;DEER RT508"}]},{"@type":"WebSite","@id":"https:\/\/adcelectronique.com\/#website","url":"https:\/\/adcelectronique.com\/","name":"ADC Electronique","description":"","potentialAction":[{"@type":"SearchAction","target":{"@type":"EntryPoint","urlTemplate":"https:\/\/adcelectronique.com\/?s={search_term_string}"},"query-input":{"@type":"PropertyValueSpecification","valueRequired":true,"valueName":"search_term_string"}}],"inLanguage":"fr-FR"}]}},"_links":{"self":[{"href":"https:\/\/adcelectronique.com\/index.php\/wp-json\/wp\/v2\/product\/10594","targetHints":{"allow":["GET"]}}],"collection":[{"href":"https:\/\/adcelectronique.com\/index.php\/wp-json\/wp\/v2\/product"}],"about":[{"href":"https:\/\/adcelectronique.com\/index.php\/wp-json\/wp\/v2\/types\/product"}],"replies":[{"embeddable":true,"href":"https:\/\/adcelectronique.com\/index.php\/wp-json\/wp\/v2\/comments?post=10594"}],"version-history":[{"count":0,"href":"https:\/\/adcelectronique.com\/index.php\/wp-json\/wp\/v2\/product\/10594\/revisions"}],"wp:featuredmedia":[{"embeddable":true,"href":"https:\/\/adcelectronique.com\/index.php\/wp-json\/wp\/v2\/media\/10595"}],"wp:attachment":[{"href":"https:\/\/adcelectronique.com\/index.php\/wp-json\/wp\/v2\/media?parent=10594"}],"wp:term":[{"taxonomy":"product_brand","embeddable":true,"href":"https:\/\/adcelectronique.com\/index.php\/wp-json\/wp\/v2\/product_brand?post=10594"},{"taxonomy":"product_cat","embeddable":true,"href":"https:\/\/adcelectronique.com\/index.php\/wp-json\/wp\/v2\/product_cat?post=10594"},{"taxonomy":"product_tag","embeddable":true,"href":"https:\/\/adcelectronique.com\/index.php\/wp-json\/wp\/v2\/product_tag?post=10594"}],"curies":[{"name":"wp","href":"https:\/\/api.w.org\/{rel}","templated":true}]}}