{"id":10598,"date":"2026-02-02T13:53:09","date_gmt":"2026-02-02T13:53:09","guid":{"rendered":"https:\/\/adcelectronique.com\/?post_type=product&#038;p=10598"},"modified":"2026-02-02T13:53:10","modified_gmt":"2026-02-02T13:53:10","slug":"plaque-dessai-mb-102","status":"publish","type":"product","link":"https:\/\/adcelectronique.com\/index.php\/product\/plaque-dessai-mb-102\/","title":{"rendered":"PLAQUE D&rsquo;ESSAI  MB-102"},"content":{"rendered":"<h2>\u00a0 \u00a0 \u00a0 \u00a0 \u00a0 \u00a0 \u00a0 \u00a0 \u00a0 \u00a0 \u00a0 \u00a0 \u00a0 \u00a0 \u00a0 \u00a0 \u00a0 PLAQUE D&rsquo;ESSAI MB-102<\/h2>\n<h5><span style=\"color: #000000\"><a class=\"wd-nav-link\" style=\"color: #000000\" role=\"tab\" href=\"https:\/\/adcelectronique.com\/index.php\/product\/etain-de-soudure-s1\/#tab-description\"><span class=\"nav-link-text wd-tabs-title\">DESCRIPTION<\/span><\/a><\/span><\/h5>\n<p align=\"start\">Mini planche \u00e0 pain de test d&rsquo;exp\u00e9rimentation de prototype sans soudure<\/p>\n<p align=\"start\">830 points d&rsquo;arrimage165\u00d755\u00d710mm<\/p>\n<h5>Sp\u00e9cifications<\/h5>\n<p>-200 points sur les lignes d\u2019alimentation<\/p>\n<p>-630 points sur les lignes de raccordement<\/p>\n<p>-Plaque sans soudure (MB-102)<\/p>\n<p>-Adapt\u00e9e aux fils de liaison de diam\u00e8tre AWG 20 \u00e0 29 (0,286 \u00e0 0,812 mm)<\/p>\n<p>-Mat\u00e9riau : ABS transparent<\/p>\n<p>-Dimensions : 16,5 x 5,3 x 0,85 cm<\/p>\n","protected":false},"excerpt":{"rendered":"<h5><span style=\"color: #000000\"><a class=\"wd-nav-link\" style=\"color: #000000\" role=\"tab\" href=\"https:\/\/adcelectronique.com\/index.php\/product\/etain-de-soudure-s1\/#tab-description\"><span class=\"nav-link-text wd-tabs-title\">DESCRIPTION<\/span><\/a><\/span><\/h5>\n<p align=\"start\">Mini planche \u00e0 pain de test d&rsquo;exp\u00e9rimentation de prototype sans soudure<\/p>\n<p align=\"start\">830 points d&rsquo;arrimage165\u00d755\u00d710mm<\/p>\n<h5>Sp\u00e9cifications<\/h5>\n<p>-200 points sur les lignes d\u2019alimentation<\/p>\n<p>-630 points sur les lignes de raccordement<\/p>\n<p>-Plaque sans soudure (MB-102)<\/p>\n<p>-Adapt\u00e9e aux fils de liaison de diam\u00e8tre AWG 20 \u00e0 29 (0,286 \u00e0 0,812 mm)<\/p>\n<p>-Mat\u00e9riau : ABS transparent<\/p>\n<p>-Dimensions : 16,5 x 5,3 x 0,85 cm<\/p>\n","protected":false},"featured_media":10604,"comment_status":"open","ping_status":"closed","template":"","meta":[],"product_brand":[133],"product_cat":[63,142],"product_tag":[],"class_list":{"0":"post-10598","1":"product","2":"type-product","3":"status-publish","4":"has-post-thumbnail","6":"product_brand-yaogong","7":"product_cat-accessories","8":"product_cat-plaque-dessai","10":"first","11":"instock","12":"shipping-taxable","13":"purchasable","14":"product-type-simple"},"yoast_head":"<!-- This site is optimized with the Yoast SEO Premium plugin v26.2 (Yoast SEO v26.2) - https:\/\/yoast.com\/wordpress\/plugins\/seo\/ -->\n<title>PLAQUE D&#039;ESSAI MB-102 - ADC Electronique<\/title>\n<meta name=\"description\" content=\"DESCRIPTIONMini planche \u00e0 pain de test d&#039;exp\u00e9rimentation de prototype sans soudure830 points d&#039;arrimage165\u00d755\u00d710mmSp\u00e9cifications-200 points sur les lignes d\u2019alimentation-630 points sur les lignes de raccordement-Plaque sans soudure (MB-102)-Adapt\u00e9e aux fils de liaison de diam\u00e8tre AWG 20 \u00e0 29 (0,286 \u00e0 0,812 mm)-Mat\u00e9riau : ABS transparent-Dimensions : 16,5 x 5,3 x 0,85 cm\" \/>\n<meta name=\"robots\" content=\"index, follow, max-snippet:-1, max-image-preview:large, max-video-preview:-1\" \/>\n<link rel=\"canonical\" href=\"https:\/\/adcelectronique.com\/index.php\/product\/plaque-dessai-mb-102\/\" \/>\n<meta property=\"og:locale\" content=\"fr_FR\" \/>\n<meta property=\"og:type\" content=\"article\" \/>\n<meta property=\"og:title\" content=\"PLAQUE D&#039;ESSAI MB-102\" \/>\n<meta property=\"og:description\" content=\"DESCRIPTIONMini planche \u00e0 pain de test d&#039;exp\u00e9rimentation de prototype sans soudure830 points d&#039;arrimage165\u00d755\u00d710mmSp\u00e9cifications-200 points sur les lignes d\u2019alimentation-630 points sur les lignes de raccordement-Plaque sans soudure (MB-102)-Adapt\u00e9e aux fils de liaison de diam\u00e8tre AWG 20 \u00e0 29 (0,286 \u00e0 0,812 mm)-Mat\u00e9riau : ABS transparent-Dimensions : 16,5 x 5,3 x 0,85 cm\" \/>\n<meta property=\"og:url\" content=\"https:\/\/adcelectronique.com\/index.php\/product\/plaque-dessai-mb-102\/\" \/>\n<meta property=\"og:site_name\" content=\"ADC Electronique\" \/>\n<meta property=\"article:modified_time\" content=\"2026-02-02T13:53:10+00:00\" \/>\n<meta property=\"og:image\" content=\"https:\/\/adcelectronique.com\/wp-content\/uploads\/2026\/02\/MB102.png\" \/>\n\t<meta property=\"og:image:width\" content=\"800\" \/>\n\t<meta property=\"og:image:height\" content=\"600\" \/>\n\t<meta property=\"og:image:type\" content=\"image\/png\" \/>\n<meta name=\"twitter:card\" content=\"summary_large_image\" \/>\n<meta name=\"twitter:label1\" content=\"Dur\u00e9e de lecture estim\u00e9e\" \/>\n\t<meta name=\"twitter:data1\" content=\"1 minute\" \/>\n<script type=\"application\/ld+json\" class=\"yoast-schema-graph\">{\"@context\":\"https:\/\/schema.org\",\"@graph\":[{\"@type\":\"WebPage\",\"@id\":\"https:\/\/adcelectronique.com\/index.php\/product\/plaque-dessai-mb-102\/\",\"url\":\"https:\/\/adcelectronique.com\/index.php\/product\/plaque-dessai-mb-102\/\",\"name\":\"PLAQUE D'ESSAI MB-102 - ADC Electronique\",\"isPartOf\":{\"@id\":\"https:\/\/adcelectronique.com\/#website\"},\"primaryImageOfPage\":{\"@id\":\"https:\/\/adcelectronique.com\/index.php\/product\/plaque-dessai-mb-102\/#primaryimage\"},\"image\":{\"@id\":\"https:\/\/adcelectronique.com\/index.php\/product\/plaque-dessai-mb-102\/#primaryimage\"},\"thumbnailUrl\":\"https:\/\/adcelectronique.com\/wp-content\/uploads\/2026\/02\/MB102.png\",\"datePublished\":\"2026-02-02T13:53:09+00:00\",\"dateModified\":\"2026-02-02T13:53:10+00:00\",\"description\":\"DESCRIPTIONMini planche \u00e0 pain de test d'exp\u00e9rimentation de prototype sans soudure830 points d'arrimage165\u00d755\u00d710mmSp\u00e9cifications-200 points sur les lignes d\u2019alimentation-630 points sur les lignes de raccordement-Plaque sans soudure (MB-102)-Adapt\u00e9e aux fils de liaison de diam\u00e8tre AWG 20 \u00e0 29 (0,286 \u00e0 0,812 mm)-Mat\u00e9riau : ABS transparent-Dimensions : 16,5 x 5,3 x 0,85 cm\",\"breadcrumb\":{\"@id\":\"https:\/\/adcelectronique.com\/index.php\/product\/plaque-dessai-mb-102\/#breadcrumb\"},\"inLanguage\":\"fr-FR\",\"potentialAction\":[{\"@type\":\"ReadAction\",\"target\":[\"https:\/\/adcelectronique.com\/index.php\/product\/plaque-dessai-mb-102\/\"]}]},{\"@type\":\"ImageObject\",\"inLanguage\":\"fr-FR\",\"@id\":\"https:\/\/adcelectronique.com\/index.php\/product\/plaque-dessai-mb-102\/#primaryimage\",\"url\":\"https:\/\/adcelectronique.com\/wp-content\/uploads\/2026\/02\/MB102.png\",\"contentUrl\":\"https:\/\/adcelectronique.com\/wp-content\/uploads\/2026\/02\/MB102.png\",\"width\":800,\"height\":600},{\"@type\":\"BreadcrumbList\",\"@id\":\"https:\/\/adcelectronique.com\/index.php\/product\/plaque-dessai-mb-102\/#breadcrumb\",\"itemListElement\":[{\"@type\":\"ListItem\",\"position\":1,\"name\":\"Home\",\"item\":\"https:\/\/adcelectronique.com\/\"},{\"@type\":\"ListItem\",\"position\":2,\"name\":\"Shop\",\"item\":\"https:\/\/adcelectronique.com\/index.php\/shop\/\"},{\"@type\":\"ListItem\",\"position\":3,\"name\":\"PLAQUE D&rsquo;ESSAI MB-102\"}]},{\"@type\":\"WebSite\",\"@id\":\"https:\/\/adcelectronique.com\/#website\",\"url\":\"https:\/\/adcelectronique.com\/\",\"name\":\"ADC Electronique\",\"description\":\"\",\"potentialAction\":[{\"@type\":\"SearchAction\",\"target\":{\"@type\":\"EntryPoint\",\"urlTemplate\":\"https:\/\/adcelectronique.com\/?s={search_term_string}\"},\"query-input\":{\"@type\":\"PropertyValueSpecification\",\"valueRequired\":true,\"valueName\":\"search_term_string\"}}],\"inLanguage\":\"fr-FR\"}]}<\/script>\n<!-- \/ Yoast SEO Premium plugin. -->","yoast_head_json":{"title":"PLAQUE D'ESSAI MB-102 - ADC Electronique","description":"DESCRIPTIONMini planche \u00e0 pain de test d'exp\u00e9rimentation de prototype sans soudure830 points d'arrimage165\u00d755\u00d710mmSp\u00e9cifications-200 points sur les lignes d\u2019alimentation-630 points sur les lignes de raccordement-Plaque sans soudure (MB-102)-Adapt\u00e9e aux fils de liaison de diam\u00e8tre AWG 20 \u00e0 29 (0,286 \u00e0 0,812 mm)-Mat\u00e9riau : ABS transparent-Dimensions : 16,5 x 5,3 x 0,85 cm","robots":{"index":"index","follow":"follow","max-snippet":"max-snippet:-1","max-image-preview":"max-image-preview:large","max-video-preview":"max-video-preview:-1"},"canonical":"https:\/\/adcelectronique.com\/index.php\/product\/plaque-dessai-mb-102\/","og_locale":"fr_FR","og_type":"article","og_title":"PLAQUE D'ESSAI MB-102","og_description":"DESCRIPTIONMini planche \u00e0 pain de test d'exp\u00e9rimentation de prototype sans soudure830 points d'arrimage165\u00d755\u00d710mmSp\u00e9cifications-200 points sur les lignes d\u2019alimentation-630 points sur les lignes de raccordement-Plaque sans soudure (MB-102)-Adapt\u00e9e aux fils de liaison de diam\u00e8tre AWG 20 \u00e0 29 (0,286 \u00e0 0,812 mm)-Mat\u00e9riau : ABS transparent-Dimensions : 16,5 x 5,3 x 0,85 cm","og_url":"https:\/\/adcelectronique.com\/index.php\/product\/plaque-dessai-mb-102\/","og_site_name":"ADC Electronique","article_modified_time":"2026-02-02T13:53:10+00:00","og_image":[{"width":800,"height":600,"url":"https:\/\/adcelectronique.com\/wp-content\/uploads\/2026\/02\/MB102.png","type":"image\/png"}],"twitter_card":"summary_large_image","twitter_misc":{"Dur\u00e9e de lecture estim\u00e9e":"1 minute"},"schema":{"@context":"https:\/\/schema.org","@graph":[{"@type":"WebPage","@id":"https:\/\/adcelectronique.com\/index.php\/product\/plaque-dessai-mb-102\/","url":"https:\/\/adcelectronique.com\/index.php\/product\/plaque-dessai-mb-102\/","name":"PLAQUE D'ESSAI MB-102 - ADC Electronique","isPartOf":{"@id":"https:\/\/adcelectronique.com\/#website"},"primaryImageOfPage":{"@id":"https:\/\/adcelectronique.com\/index.php\/product\/plaque-dessai-mb-102\/#primaryimage"},"image":{"@id":"https:\/\/adcelectronique.com\/index.php\/product\/plaque-dessai-mb-102\/#primaryimage"},"thumbnailUrl":"https:\/\/adcelectronique.com\/wp-content\/uploads\/2026\/02\/MB102.png","datePublished":"2026-02-02T13:53:09+00:00","dateModified":"2026-02-02T13:53:10+00:00","description":"DESCRIPTIONMini planche \u00e0 pain de test d'exp\u00e9rimentation de prototype sans soudure830 points d'arrimage165\u00d755\u00d710mmSp\u00e9cifications-200 points sur les lignes d\u2019alimentation-630 points sur les lignes de raccordement-Plaque sans soudure (MB-102)-Adapt\u00e9e aux fils de liaison de diam\u00e8tre AWG 20 \u00e0 29 (0,286 \u00e0 0,812 mm)-Mat\u00e9riau : ABS transparent-Dimensions : 16,5 x 5,3 x 0,85 cm","breadcrumb":{"@id":"https:\/\/adcelectronique.com\/index.php\/product\/plaque-dessai-mb-102\/#breadcrumb"},"inLanguage":"fr-FR","potentialAction":[{"@type":"ReadAction","target":["https:\/\/adcelectronique.com\/index.php\/product\/plaque-dessai-mb-102\/"]}]},{"@type":"ImageObject","inLanguage":"fr-FR","@id":"https:\/\/adcelectronique.com\/index.php\/product\/plaque-dessai-mb-102\/#primaryimage","url":"https:\/\/adcelectronique.com\/wp-content\/uploads\/2026\/02\/MB102.png","contentUrl":"https:\/\/adcelectronique.com\/wp-content\/uploads\/2026\/02\/MB102.png","width":800,"height":600},{"@type":"BreadcrumbList","@id":"https:\/\/adcelectronique.com\/index.php\/product\/plaque-dessai-mb-102\/#breadcrumb","itemListElement":[{"@type":"ListItem","position":1,"name":"Home","item":"https:\/\/adcelectronique.com\/"},{"@type":"ListItem","position":2,"name":"Shop","item":"https:\/\/adcelectronique.com\/index.php\/shop\/"},{"@type":"ListItem","position":3,"name":"PLAQUE D&rsquo;ESSAI MB-102"}]},{"@type":"WebSite","@id":"https:\/\/adcelectronique.com\/#website","url":"https:\/\/adcelectronique.com\/","name":"ADC Electronique","description":"","potentialAction":[{"@type":"SearchAction","target":{"@type":"EntryPoint","urlTemplate":"https:\/\/adcelectronique.com\/?s={search_term_string}"},"query-input":{"@type":"PropertyValueSpecification","valueRequired":true,"valueName":"search_term_string"}}],"inLanguage":"fr-FR"}]}},"_links":{"self":[{"href":"https:\/\/adcelectronique.com\/index.php\/wp-json\/wp\/v2\/product\/10598","targetHints":{"allow":["GET"]}}],"collection":[{"href":"https:\/\/adcelectronique.com\/index.php\/wp-json\/wp\/v2\/product"}],"about":[{"href":"https:\/\/adcelectronique.com\/index.php\/wp-json\/wp\/v2\/types\/product"}],"replies":[{"embeddable":true,"href":"https:\/\/adcelectronique.com\/index.php\/wp-json\/wp\/v2\/comments?post=10598"}],"version-history":[{"count":0,"href":"https:\/\/adcelectronique.com\/index.php\/wp-json\/wp\/v2\/product\/10598\/revisions"}],"wp:featuredmedia":[{"embeddable":true,"href":"https:\/\/adcelectronique.com\/index.php\/wp-json\/wp\/v2\/media\/10604"}],"wp:attachment":[{"href":"https:\/\/adcelectronique.com\/index.php\/wp-json\/wp\/v2\/media?parent=10598"}],"wp:term":[{"taxonomy":"product_brand","embeddable":true,"href":"https:\/\/adcelectronique.com\/index.php\/wp-json\/wp\/v2\/product_brand?post=10598"},{"taxonomy":"product_cat","embeddable":true,"href":"https:\/\/adcelectronique.com\/index.php\/wp-json\/wp\/v2\/product_cat?post=10598"},{"taxonomy":"product_tag","embeddable":true,"href":"https:\/\/adcelectronique.com\/index.php\/wp-json\/wp\/v2\/product_tag?post=10598"}],"curies":[{"name":"wp","href":"https:\/\/api.w.org\/{rel}","templated":true}]}}