{"id":10659,"date":"2026-02-04T14:05:31","date_gmt":"2026-02-04T14:05:31","guid":{"rendered":"https:\/\/adcelectronique.com\/?post_type=product&#038;p=10659"},"modified":"2026-02-04T14:05:32","modified_gmt":"2026-02-04T14:05:32","slug":"microscope-dm12-10-1-hdmi","status":"publish","type":"product","link":"https:\/\/adcelectronique.com\/index.php\/product\/microscope-dm12-10-1-hdmi\/","title":{"rendered":"MICROSCOPE DM12 10.1 HDMI"},"content":{"rendered":"<h3>\u00a0 \u00a0 \u00a0 \u00a0 \u00a0 \u00a0 \u00a0 \u00a0 \u00a0 \u00a0 \u00a0 \u00a0 \u00a0 \u00a0 \u00a0 \u00a0 \u00a0 \u00a0 MICROSCOPE DM12 10.1 HDMI<\/h3>\n<p>*DM12 10.1\u00a0\u00bb HDMI Digital Microscope, 2000X Coin Microscope with IPS Screen, 20MP Soldering Microscope for Electronics with 10.4\u00a0\u00bb Longer Stand,Compatible with PC\/TV,32GB.<\/p>\n<p>*Microscope num\u00e9rique HDMI Mustool DM12 10.1\u00a0\u00bb 2000X Microscope \u00e0 pi\u00e8ces avec \u00e9cran IPS 20MP Microscope de soudage avec 8 LED<\/p>\n<h5 id=\"tw-target-text\" class=\"tw-data-text tw-text-large tw-ta\" dir=\"ltr\" role=\"text\" data-placeholder=\"Traduction\" data-ved=\"2ahUKEwip09_g_b-SAxUlVqQEHcmlBgUQ3ewLegQIDBAW\" aria-label=\"Texte traduit\u00a0: Informations sur le produit\"><span class=\"Y2IQFc\" lang=\"fr\">Informations sur le produit<\/span><\/h5>\n<p>-Type de source lumineuse : LED<\/p>\n<p>-Mod\u00e8le : DM12<\/p>\n<p>-Mat\u00e9riau : M\u00e9tal<\/p>\n<p>-Couleur : Noir<\/p>\n<p>-Angle de vision r\u00e9el : 178\u00b0<\/p>\n<p>-Grossissement maximal : 2000x<\/p>\n<p>-Tension : 240 V<\/p>\n<p>-Marque : DIGITAL MICROSCOPE<\/p>\n<p>&nbsp;<\/p>\n","protected":false},"excerpt":{"rendered":"<p>*DM12 10.1\u00a0\u00bb HDMI Digital Microscope, 2000X Coin Microscope with IPS Screen, 20MP Soldering Microscope for Electronics with 10.4\u00a0\u00bb Longer Stand,Compatible with PC\/TV,32GB.<\/p>\n<p>*Microscope num\u00e9rique HDMI Mustool DM12 10.1\u00a0\u00bb 2000X Microscope \u00e0 pi\u00e8ces avec \u00e9cran IPS 20MP Microscope de soudage avec 8 LED<\/p>\n","protected":false},"featured_media":10662,"comment_status":"open","ping_status":"closed","template":"","meta":[],"product_brand":[133],"product_cat":[130],"product_tag":[],"class_list":{"0":"post-10659","1":"product","2":"type-product","3":"status-publish","4":"has-post-thumbnail","6":"product_brand-yaogong","7":"product_cat-microscope","9":"first","10":"instock","11":"shipping-taxable","12":"purchasable","13":"product-type-simple"},"yoast_head":"<!-- This site is optimized with the Yoast SEO Premium plugin v26.2 (Yoast SEO v26.2) - https:\/\/yoast.com\/wordpress\/plugins\/seo\/ -->\n<title>MICROSCOPE DM12 10.1 HDMI - ADC Electronique<\/title>\n<meta name=\"description\" content=\"*DM12 10.1&#039;&#039; HDMI Digital Microscope, 2000X Coin Microscope with IPS Screen, 20MP Soldering Microscope for Electronics with 10.4&#039;&#039; Longer Stand,Compatible with PC\/TV,32GB.*Microscope num\u00e9rique HDMI Mustool DM12 10.1&#039;&#039; 2000X Microscope \u00e0 pi\u00e8ces avec \u00e9cran IPS 20MP Microscope de soudage avec 8 LED\" \/>\n<meta name=\"robots\" content=\"index, follow, max-snippet:-1, max-image-preview:large, max-video-preview:-1\" \/>\n<link rel=\"canonical\" href=\"https:\/\/adcelectronique.com\/index.php\/product\/microscope-dm12-10-1-hdmi\/\" \/>\n<meta property=\"og:locale\" content=\"fr_FR\" \/>\n<meta property=\"og:type\" content=\"article\" \/>\n<meta property=\"og:title\" content=\"MICROSCOPE DM12 10.1 HDMI\" \/>\n<meta property=\"og:description\" content=\"*DM12 10.1&#039;&#039; HDMI Digital Microscope, 2000X Coin Microscope with IPS Screen, 20MP Soldering Microscope for Electronics with 10.4&#039;&#039; Longer Stand,Compatible with PC\/TV,32GB.*Microscope num\u00e9rique HDMI Mustool DM12 10.1&#039;&#039; 2000X Microscope \u00e0 pi\u00e8ces avec \u00e9cran IPS 20MP Microscope de soudage avec 8 LED\" \/>\n<meta property=\"og:url\" content=\"https:\/\/adcelectronique.com\/index.php\/product\/microscope-dm12-10-1-hdmi\/\" \/>\n<meta property=\"og:site_name\" content=\"ADC Electronique\" \/>\n<meta property=\"article:modified_time\" content=\"2026-02-04T14:05:32+00:00\" \/>\n<meta property=\"og:image\" content=\"https:\/\/adcelectronique.com\/wp-content\/uploads\/2026\/02\/71PM7Rqr9yL._AC_SL400_.jpg\" \/>\n\t<meta property=\"og:image:width\" content=\"335\" \/>\n\t<meta property=\"og:image:height\" content=\"400\" \/>\n\t<meta property=\"og:image:type\" content=\"image\/jpeg\" \/>\n<meta name=\"twitter:card\" content=\"summary_large_image\" \/>\n<meta name=\"twitter:label1\" content=\"Dur\u00e9e de lecture estim\u00e9e\" \/>\n\t<meta name=\"twitter:data1\" content=\"1 minute\" \/>\n<script type=\"application\/ld+json\" class=\"yoast-schema-graph\">{\"@context\":\"https:\/\/schema.org\",\"@graph\":[{\"@type\":\"WebPage\",\"@id\":\"https:\/\/adcelectronique.com\/index.php\/product\/microscope-dm12-10-1-hdmi\/\",\"url\":\"https:\/\/adcelectronique.com\/index.php\/product\/microscope-dm12-10-1-hdmi\/\",\"name\":\"MICROSCOPE DM12 10.1 HDMI - ADC Electronique\",\"isPartOf\":{\"@id\":\"https:\/\/adcelectronique.com\/#website\"},\"primaryImageOfPage\":{\"@id\":\"https:\/\/adcelectronique.com\/index.php\/product\/microscope-dm12-10-1-hdmi\/#primaryimage\"},\"image\":{\"@id\":\"https:\/\/adcelectronique.com\/index.php\/product\/microscope-dm12-10-1-hdmi\/#primaryimage\"},\"thumbnailUrl\":\"https:\/\/adcelectronique.com\/wp-content\/uploads\/2026\/02\/71PM7Rqr9yL._AC_SL400_.jpg\",\"datePublished\":\"2026-02-04T14:05:31+00:00\",\"dateModified\":\"2026-02-04T14:05:32+00:00\",\"description\":\"*DM12 10.1'' HDMI Digital Microscope, 2000X Coin Microscope with IPS Screen, 20MP Soldering Microscope for Electronics with 10.4'' Longer Stand,Compatible with PC\/TV,32GB.*Microscope num\u00e9rique HDMI Mustool DM12 10.1'' 2000X Microscope \u00e0 pi\u00e8ces avec \u00e9cran IPS 20MP Microscope de soudage avec 8 LED\",\"breadcrumb\":{\"@id\":\"https:\/\/adcelectronique.com\/index.php\/product\/microscope-dm12-10-1-hdmi\/#breadcrumb\"},\"inLanguage\":\"fr-FR\",\"potentialAction\":[{\"@type\":\"ReadAction\",\"target\":[\"https:\/\/adcelectronique.com\/index.php\/product\/microscope-dm12-10-1-hdmi\/\"]}]},{\"@type\":\"ImageObject\",\"inLanguage\":\"fr-FR\",\"@id\":\"https:\/\/adcelectronique.com\/index.php\/product\/microscope-dm12-10-1-hdmi\/#primaryimage\",\"url\":\"https:\/\/adcelectronique.com\/wp-content\/uploads\/2026\/02\/71PM7Rqr9yL._AC_SL400_.jpg\",\"contentUrl\":\"https:\/\/adcelectronique.com\/wp-content\/uploads\/2026\/02\/71PM7Rqr9yL._AC_SL400_.jpg\",\"width\":335,\"height\":400},{\"@type\":\"BreadcrumbList\",\"@id\":\"https:\/\/adcelectronique.com\/index.php\/product\/microscope-dm12-10-1-hdmi\/#breadcrumb\",\"itemListElement\":[{\"@type\":\"ListItem\",\"position\":1,\"name\":\"Home\",\"item\":\"https:\/\/adcelectronique.com\/\"},{\"@type\":\"ListItem\",\"position\":2,\"name\":\"Shop\",\"item\":\"https:\/\/adcelectronique.com\/index.php\/shop\/\"},{\"@type\":\"ListItem\",\"position\":3,\"name\":\"MICROSCOPE DM12 10.1 HDMI\"}]},{\"@type\":\"WebSite\",\"@id\":\"https:\/\/adcelectronique.com\/#website\",\"url\":\"https:\/\/adcelectronique.com\/\",\"name\":\"ADC Electronique\",\"description\":\"\",\"potentialAction\":[{\"@type\":\"SearchAction\",\"target\":{\"@type\":\"EntryPoint\",\"urlTemplate\":\"https:\/\/adcelectronique.com\/?s={search_term_string}\"},\"query-input\":{\"@type\":\"PropertyValueSpecification\",\"valueRequired\":true,\"valueName\":\"search_term_string\"}}],\"inLanguage\":\"fr-FR\"}]}<\/script>\n<!-- \/ Yoast SEO Premium plugin. -->","yoast_head_json":{"title":"MICROSCOPE DM12 10.1 HDMI - ADC Electronique","description":"*DM12 10.1'' HDMI Digital Microscope, 2000X Coin Microscope with IPS Screen, 20MP Soldering Microscope for Electronics with 10.4'' Longer Stand,Compatible with PC\/TV,32GB.*Microscope num\u00e9rique HDMI Mustool DM12 10.1'' 2000X Microscope \u00e0 pi\u00e8ces avec \u00e9cran IPS 20MP Microscope de soudage avec 8 LED","robots":{"index":"index","follow":"follow","max-snippet":"max-snippet:-1","max-image-preview":"max-image-preview:large","max-video-preview":"max-video-preview:-1"},"canonical":"https:\/\/adcelectronique.com\/index.php\/product\/microscope-dm12-10-1-hdmi\/","og_locale":"fr_FR","og_type":"article","og_title":"MICROSCOPE DM12 10.1 HDMI","og_description":"*DM12 10.1'' HDMI Digital Microscope, 2000X Coin Microscope with IPS Screen, 20MP Soldering Microscope for Electronics with 10.4'' Longer Stand,Compatible with PC\/TV,32GB.*Microscope num\u00e9rique HDMI Mustool DM12 10.1'' 2000X Microscope \u00e0 pi\u00e8ces avec \u00e9cran IPS 20MP Microscope de soudage avec 8 LED","og_url":"https:\/\/adcelectronique.com\/index.php\/product\/microscope-dm12-10-1-hdmi\/","og_site_name":"ADC Electronique","article_modified_time":"2026-02-04T14:05:32+00:00","og_image":[{"width":335,"height":400,"url":"https:\/\/adcelectronique.com\/wp-content\/uploads\/2026\/02\/71PM7Rqr9yL._AC_SL400_.jpg","type":"image\/jpeg"}],"twitter_card":"summary_large_image","twitter_misc":{"Dur\u00e9e de lecture estim\u00e9e":"1 minute"},"schema":{"@context":"https:\/\/schema.org","@graph":[{"@type":"WebPage","@id":"https:\/\/adcelectronique.com\/index.php\/product\/microscope-dm12-10-1-hdmi\/","url":"https:\/\/adcelectronique.com\/index.php\/product\/microscope-dm12-10-1-hdmi\/","name":"MICROSCOPE DM12 10.1 HDMI - ADC Electronique","isPartOf":{"@id":"https:\/\/adcelectronique.com\/#website"},"primaryImageOfPage":{"@id":"https:\/\/adcelectronique.com\/index.php\/product\/microscope-dm12-10-1-hdmi\/#primaryimage"},"image":{"@id":"https:\/\/adcelectronique.com\/index.php\/product\/microscope-dm12-10-1-hdmi\/#primaryimage"},"thumbnailUrl":"https:\/\/adcelectronique.com\/wp-content\/uploads\/2026\/02\/71PM7Rqr9yL._AC_SL400_.jpg","datePublished":"2026-02-04T14:05:31+00:00","dateModified":"2026-02-04T14:05:32+00:00","description":"*DM12 10.1'' HDMI Digital Microscope, 2000X Coin Microscope with IPS Screen, 20MP Soldering Microscope for Electronics with 10.4'' Longer Stand,Compatible with PC\/TV,32GB.*Microscope num\u00e9rique HDMI Mustool DM12 10.1'' 2000X Microscope \u00e0 pi\u00e8ces avec \u00e9cran IPS 20MP Microscope de soudage avec 8 LED","breadcrumb":{"@id":"https:\/\/adcelectronique.com\/index.php\/product\/microscope-dm12-10-1-hdmi\/#breadcrumb"},"inLanguage":"fr-FR","potentialAction":[{"@type":"ReadAction","target":["https:\/\/adcelectronique.com\/index.php\/product\/microscope-dm12-10-1-hdmi\/"]}]},{"@type":"ImageObject","inLanguage":"fr-FR","@id":"https:\/\/adcelectronique.com\/index.php\/product\/microscope-dm12-10-1-hdmi\/#primaryimage","url":"https:\/\/adcelectronique.com\/wp-content\/uploads\/2026\/02\/71PM7Rqr9yL._AC_SL400_.jpg","contentUrl":"https:\/\/adcelectronique.com\/wp-content\/uploads\/2026\/02\/71PM7Rqr9yL._AC_SL400_.jpg","width":335,"height":400},{"@type":"BreadcrumbList","@id":"https:\/\/adcelectronique.com\/index.php\/product\/microscope-dm12-10-1-hdmi\/#breadcrumb","itemListElement":[{"@type":"ListItem","position":1,"name":"Home","item":"https:\/\/adcelectronique.com\/"},{"@type":"ListItem","position":2,"name":"Shop","item":"https:\/\/adcelectronique.com\/index.php\/shop\/"},{"@type":"ListItem","position":3,"name":"MICROSCOPE DM12 10.1 HDMI"}]},{"@type":"WebSite","@id":"https:\/\/adcelectronique.com\/#website","url":"https:\/\/adcelectronique.com\/","name":"ADC Electronique","description":"","potentialAction":[{"@type":"SearchAction","target":{"@type":"EntryPoint","urlTemplate":"https:\/\/adcelectronique.com\/?s={search_term_string}"},"query-input":{"@type":"PropertyValueSpecification","valueRequired":true,"valueName":"search_term_string"}}],"inLanguage":"fr-FR"}]}},"_links":{"self":[{"href":"https:\/\/adcelectronique.com\/index.php\/wp-json\/wp\/v2\/product\/10659","targetHints":{"allow":["GET"]}}],"collection":[{"href":"https:\/\/adcelectronique.com\/index.php\/wp-json\/wp\/v2\/product"}],"about":[{"href":"https:\/\/adcelectronique.com\/index.php\/wp-json\/wp\/v2\/types\/product"}],"replies":[{"embeddable":true,"href":"https:\/\/adcelectronique.com\/index.php\/wp-json\/wp\/v2\/comments?post=10659"}],"version-history":[{"count":0,"href":"https:\/\/adcelectronique.com\/index.php\/wp-json\/wp\/v2\/product\/10659\/revisions"}],"wp:featuredmedia":[{"embeddable":true,"href":"https:\/\/adcelectronique.com\/index.php\/wp-json\/wp\/v2\/media\/10662"}],"wp:attachment":[{"href":"https:\/\/adcelectronique.com\/index.php\/wp-json\/wp\/v2\/media?parent=10659"}],"wp:term":[{"taxonomy":"product_brand","embeddable":true,"href":"https:\/\/adcelectronique.com\/index.php\/wp-json\/wp\/v2\/product_brand?post=10659"},{"taxonomy":"product_cat","embeddable":true,"href":"https:\/\/adcelectronique.com\/index.php\/wp-json\/wp\/v2\/product_cat?post=10659"},{"taxonomy":"product_tag","embeddable":true,"href":"https:\/\/adcelectronique.com\/index.php\/wp-json\/wp\/v2\/product_tag?post=10659"}],"curies":[{"name":"wp","href":"https:\/\/api.w.org\/{rel}","templated":true}]}}