{"id":10685,"date":"2026-02-04T14:45:16","date_gmt":"2026-02-04T14:45:16","guid":{"rendered":"https:\/\/adcelectronique.com\/?post_type=product&#038;p=10685"},"modified":"2026-02-04T14:45:18","modified_gmt":"2026-02-04T14:45:18","slug":"valise-a-outils-vide-de-maintenance-avec-trolley-etanche","status":"publish","type":"product","link":"https:\/\/adcelectronique.com\/index.php\/product\/valise-a-outils-vide-de-maintenance-avec-trolley-etanche\/","title":{"rendered":"VALISE \u00c0 OUTILS VIDE DE MAINTENANCE AVEC TROLLEY &#8211; \u00c9TANCHE"},"content":{"rendered":"<h5>\u00a0 \u00a0 \u00a0 \u00a0 \u00a0 \u00a0 \u00a0 VALISE \u00c0 OUTILS VIDE DE MAINTENANCE AVEC TROLLEY &#8211; \u00c9TANCHE<\/h5>\n<p>Caisse \u00e0 outils en polypropyl\u00e8ne noir r\u00e9sistant aux chocs.<br \/>\nTrolley int\u00e9gr\u00e9 permettant les d\u00e9placements.<br \/>\nCoins renforc\u00e9s pour am\u00e9liorer la rigidit\u00e9.<br \/>\nVendue avec des mousses (inf\u00e9rieure et sup\u00e9rieure) pour caler les produits.<br \/>\nDimensions ext : 61 x 41 x 26 cm.<br \/>\nDimensions Int : 57 x 35 x 22 cm.<\/p>\n","protected":false},"excerpt":{"rendered":"<p>Caisse \u00e0 outils en polypropyl\u00e8ne noir r\u00e9sistant aux chocs.<br \/>\nTrolley int\u00e9gr\u00e9 permettant les d\u00e9placements.<br \/>\nCoins renforc\u00e9s pour am\u00e9liorer la rigidit\u00e9.<br \/>\nVendue avec des mousses (inf\u00e9rieure et sup\u00e9rieure) pour caler les produits.<br \/>\nDimensions ext : 61 x 41 x 26 cm.<br \/>\nDimensions Int : 57 x 35 x 22 cm.<\/p>\n","protected":false},"featured_media":10688,"comment_status":"open","ping_status":"closed","template":"","meta":[],"product_brand":[133],"product_cat":[143],"product_tag":[],"class_list":{"0":"post-10685","1":"product","2":"type-product","3":"status-publish","4":"has-post-thumbnail","6":"product_brand-yaogong","7":"product_cat-valise-trousse","9":"first","10":"instock","11":"shipping-taxable","12":"purchasable","13":"product-type-simple"},"yoast_head":"<!-- This site is optimized with the Yoast SEO Premium plugin v26.2 (Yoast SEO v26.2) - https:\/\/yoast.com\/wordpress\/plugins\/seo\/ -->\n<title>VALISE \u00c0 OUTILS VIDE DE MAINTENANCE AVEC TROLLEY - \u00c9TANCHE - ADC Electronique<\/title>\n<meta name=\"robots\" content=\"index, follow, max-snippet:-1, max-image-preview:large, max-video-preview:-1\" \/>\n<link rel=\"canonical\" href=\"https:\/\/adcelectronique.com\/index.php\/product\/valise-a-outils-vide-de-maintenance-avec-trolley-etanche\/\" \/>\n<meta property=\"og:locale\" content=\"fr_FR\" \/>\n<meta property=\"og:type\" content=\"article\" \/>\n<meta property=\"og:title\" content=\"VALISE \u00c0 OUTILS VIDE DE MAINTENANCE AVEC TROLLEY - \u00c9TANCHE\" \/>\n<meta property=\"og:description\" content=\"Caisse \u00e0 outils en polypropyl\u00e8ne noir r\u00e9sistant aux chocs. Trolley int\u00e9gr\u00e9 permettant les d\u00e9placements. Coins renforc\u00e9s pour am\u00e9liorer la rigidit\u00e9. Vendue avec des mousses (inf\u00e9rieure et sup\u00e9rieure) pour caler les produits. Dimensions ext : 61 x 41 x 26 cm. Dimensions Int : 57 x 35 x 22 cm.\" \/>\n<meta property=\"og:url\" content=\"https:\/\/adcelectronique.com\/index.php\/product\/valise-a-outils-vide-de-maintenance-avec-trolley-etanche\/\" \/>\n<meta property=\"og:site_name\" content=\"ADC Electronique\" \/>\n<meta property=\"article:modified_time\" content=\"2026-02-04T14:45:18+00:00\" \/>\n<meta property=\"og:image\" content=\"https:\/\/adcelectronique.com\/wp-content\/uploads\/2026\/02\/V-1Z_02.jpg\" \/>\n\t<meta property=\"og:image:width\" content=\"500\" \/>\n\t<meta property=\"og:image:height\" content=\"500\" \/>\n\t<meta property=\"og:image:type\" content=\"image\/jpeg\" \/>\n<meta name=\"twitter:card\" content=\"summary_large_image\" \/>\n<meta name=\"twitter:label1\" content=\"Dur\u00e9e de lecture estim\u00e9e\" \/>\n\t<meta name=\"twitter:data1\" content=\"1 minute\" \/>\n<script type=\"application\/ld+json\" class=\"yoast-schema-graph\">{\"@context\":\"https:\/\/schema.org\",\"@graph\":[{\"@type\":\"WebPage\",\"@id\":\"https:\/\/adcelectronique.com\/index.php\/product\/valise-a-outils-vide-de-maintenance-avec-trolley-etanche\/\",\"url\":\"https:\/\/adcelectronique.com\/index.php\/product\/valise-a-outils-vide-de-maintenance-avec-trolley-etanche\/\",\"name\":\"VALISE \u00c0 OUTILS VIDE DE MAINTENANCE AVEC TROLLEY - \u00c9TANCHE - ADC Electronique\",\"isPartOf\":{\"@id\":\"https:\/\/adcelectronique.com\/#website\"},\"primaryImageOfPage\":{\"@id\":\"https:\/\/adcelectronique.com\/index.php\/product\/valise-a-outils-vide-de-maintenance-avec-trolley-etanche\/#primaryimage\"},\"image\":{\"@id\":\"https:\/\/adcelectronique.com\/index.php\/product\/valise-a-outils-vide-de-maintenance-avec-trolley-etanche\/#primaryimage\"},\"thumbnailUrl\":\"https:\/\/adcelectronique.com\/wp-content\/uploads\/2026\/02\/V-1Z_02.jpg\",\"datePublished\":\"2026-02-04T14:45:16+00:00\",\"dateModified\":\"2026-02-04T14:45:18+00:00\",\"breadcrumb\":{\"@id\":\"https:\/\/adcelectronique.com\/index.php\/product\/valise-a-outils-vide-de-maintenance-avec-trolley-etanche\/#breadcrumb\"},\"inLanguage\":\"fr-FR\",\"potentialAction\":[{\"@type\":\"ReadAction\",\"target\":[\"https:\/\/adcelectronique.com\/index.php\/product\/valise-a-outils-vide-de-maintenance-avec-trolley-etanche\/\"]}]},{\"@type\":\"ImageObject\",\"inLanguage\":\"fr-FR\",\"@id\":\"https:\/\/adcelectronique.com\/index.php\/product\/valise-a-outils-vide-de-maintenance-avec-trolley-etanche\/#primaryimage\",\"url\":\"https:\/\/adcelectronique.com\/wp-content\/uploads\/2026\/02\/V-1Z_02.jpg\",\"contentUrl\":\"https:\/\/adcelectronique.com\/wp-content\/uploads\/2026\/02\/V-1Z_02.jpg\",\"width\":500,\"height\":500},{\"@type\":\"BreadcrumbList\",\"@id\":\"https:\/\/adcelectronique.com\/index.php\/product\/valise-a-outils-vide-de-maintenance-avec-trolley-etanche\/#breadcrumb\",\"itemListElement\":[{\"@type\":\"ListItem\",\"position\":1,\"name\":\"Home\",\"item\":\"https:\/\/adcelectronique.com\/\"},{\"@type\":\"ListItem\",\"position\":2,\"name\":\"Shop\",\"item\":\"https:\/\/adcelectronique.com\/index.php\/shop\/\"},{\"@type\":\"ListItem\",\"position\":3,\"name\":\"VALISE \u00c0 OUTILS VIDE DE MAINTENANCE AVEC TROLLEY &#8211; \u00c9TANCHE\"}]},{\"@type\":\"WebSite\",\"@id\":\"https:\/\/adcelectronique.com\/#website\",\"url\":\"https:\/\/adcelectronique.com\/\",\"name\":\"ADC Electronique\",\"description\":\"\",\"potentialAction\":[{\"@type\":\"SearchAction\",\"target\":{\"@type\":\"EntryPoint\",\"urlTemplate\":\"https:\/\/adcelectronique.com\/?s={search_term_string}\"},\"query-input\":{\"@type\":\"PropertyValueSpecification\",\"valueRequired\":true,\"valueName\":\"search_term_string\"}}],\"inLanguage\":\"fr-FR\"}]}<\/script>\n<!-- \/ Yoast SEO Premium plugin. -->","yoast_head_json":{"title":"VALISE \u00c0 OUTILS VIDE DE MAINTENANCE AVEC TROLLEY - \u00c9TANCHE - ADC Electronique","robots":{"index":"index","follow":"follow","max-snippet":"max-snippet:-1","max-image-preview":"max-image-preview:large","max-video-preview":"max-video-preview:-1"},"canonical":"https:\/\/adcelectronique.com\/index.php\/product\/valise-a-outils-vide-de-maintenance-avec-trolley-etanche\/","og_locale":"fr_FR","og_type":"article","og_title":"VALISE \u00c0 OUTILS VIDE DE MAINTENANCE AVEC TROLLEY - \u00c9TANCHE","og_description":"Caisse \u00e0 outils en polypropyl\u00e8ne noir r\u00e9sistant aux chocs. Trolley int\u00e9gr\u00e9 permettant les d\u00e9placements. Coins renforc\u00e9s pour am\u00e9liorer la rigidit\u00e9. Vendue avec des mousses (inf\u00e9rieure et sup\u00e9rieure) pour caler les produits. Dimensions ext : 61 x 41 x 26 cm. Dimensions Int : 57 x 35 x 22 cm.","og_url":"https:\/\/adcelectronique.com\/index.php\/product\/valise-a-outils-vide-de-maintenance-avec-trolley-etanche\/","og_site_name":"ADC Electronique","article_modified_time":"2026-02-04T14:45:18+00:00","og_image":[{"width":500,"height":500,"url":"https:\/\/adcelectronique.com\/wp-content\/uploads\/2026\/02\/V-1Z_02.jpg","type":"image\/jpeg"}],"twitter_card":"summary_large_image","twitter_misc":{"Dur\u00e9e de lecture estim\u00e9e":"1 minute"},"schema":{"@context":"https:\/\/schema.org","@graph":[{"@type":"WebPage","@id":"https:\/\/adcelectronique.com\/index.php\/product\/valise-a-outils-vide-de-maintenance-avec-trolley-etanche\/","url":"https:\/\/adcelectronique.com\/index.php\/product\/valise-a-outils-vide-de-maintenance-avec-trolley-etanche\/","name":"VALISE \u00c0 OUTILS VIDE DE MAINTENANCE AVEC TROLLEY - \u00c9TANCHE - ADC Electronique","isPartOf":{"@id":"https:\/\/adcelectronique.com\/#website"},"primaryImageOfPage":{"@id":"https:\/\/adcelectronique.com\/index.php\/product\/valise-a-outils-vide-de-maintenance-avec-trolley-etanche\/#primaryimage"},"image":{"@id":"https:\/\/adcelectronique.com\/index.php\/product\/valise-a-outils-vide-de-maintenance-avec-trolley-etanche\/#primaryimage"},"thumbnailUrl":"https:\/\/adcelectronique.com\/wp-content\/uploads\/2026\/02\/V-1Z_02.jpg","datePublished":"2026-02-04T14:45:16+00:00","dateModified":"2026-02-04T14:45:18+00:00","breadcrumb":{"@id":"https:\/\/adcelectronique.com\/index.php\/product\/valise-a-outils-vide-de-maintenance-avec-trolley-etanche\/#breadcrumb"},"inLanguage":"fr-FR","potentialAction":[{"@type":"ReadAction","target":["https:\/\/adcelectronique.com\/index.php\/product\/valise-a-outils-vide-de-maintenance-avec-trolley-etanche\/"]}]},{"@type":"ImageObject","inLanguage":"fr-FR","@id":"https:\/\/adcelectronique.com\/index.php\/product\/valise-a-outils-vide-de-maintenance-avec-trolley-etanche\/#primaryimage","url":"https:\/\/adcelectronique.com\/wp-content\/uploads\/2026\/02\/V-1Z_02.jpg","contentUrl":"https:\/\/adcelectronique.com\/wp-content\/uploads\/2026\/02\/V-1Z_02.jpg","width":500,"height":500},{"@type":"BreadcrumbList","@id":"https:\/\/adcelectronique.com\/index.php\/product\/valise-a-outils-vide-de-maintenance-avec-trolley-etanche\/#breadcrumb","itemListElement":[{"@type":"ListItem","position":1,"name":"Home","item":"https:\/\/adcelectronique.com\/"},{"@type":"ListItem","position":2,"name":"Shop","item":"https:\/\/adcelectronique.com\/index.php\/shop\/"},{"@type":"ListItem","position":3,"name":"VALISE \u00c0 OUTILS VIDE DE MAINTENANCE AVEC TROLLEY &#8211; \u00c9TANCHE"}]},{"@type":"WebSite","@id":"https:\/\/adcelectronique.com\/#website","url":"https:\/\/adcelectronique.com\/","name":"ADC Electronique","description":"","potentialAction":[{"@type":"SearchAction","target":{"@type":"EntryPoint","urlTemplate":"https:\/\/adcelectronique.com\/?s={search_term_string}"},"query-input":{"@type":"PropertyValueSpecification","valueRequired":true,"valueName":"search_term_string"}}],"inLanguage":"fr-FR"}]}},"_links":{"self":[{"href":"https:\/\/adcelectronique.com\/index.php\/wp-json\/wp\/v2\/product\/10685","targetHints":{"allow":["GET"]}}],"collection":[{"href":"https:\/\/adcelectronique.com\/index.php\/wp-json\/wp\/v2\/product"}],"about":[{"href":"https:\/\/adcelectronique.com\/index.php\/wp-json\/wp\/v2\/types\/product"}],"replies":[{"embeddable":true,"href":"https:\/\/adcelectronique.com\/index.php\/wp-json\/wp\/v2\/comments?post=10685"}],"version-history":[{"count":0,"href":"https:\/\/adcelectronique.com\/index.php\/wp-json\/wp\/v2\/product\/10685\/revisions"}],"wp:featuredmedia":[{"embeddable":true,"href":"https:\/\/adcelectronique.com\/index.php\/wp-json\/wp\/v2\/media\/10688"}],"wp:attachment":[{"href":"https:\/\/adcelectronique.com\/index.php\/wp-json\/wp\/v2\/media?parent=10685"}],"wp:term":[{"taxonomy":"product_brand","embeddable":true,"href":"https:\/\/adcelectronique.com\/index.php\/wp-json\/wp\/v2\/product_brand?post=10685"},{"taxonomy":"product_cat","embeddable":true,"href":"https:\/\/adcelectronique.com\/index.php\/wp-json\/wp\/v2\/product_cat?post=10685"},{"taxonomy":"product_tag","embeddable":true,"href":"https:\/\/adcelectronique.com\/index.php\/wp-json\/wp\/v2\/product_tag?post=10685"}],"curies":[{"name":"wp","href":"https:\/\/api.w.org\/{rel}","templated":true}]}}