{"id":10704,"date":"2026-02-04T15:24:01","date_gmt":"2026-02-04T15:24:01","guid":{"rendered":"https:\/\/adcelectronique.com\/?post_type=product&#038;p=10704"},"modified":"2026-02-04T15:24:02","modified_gmt":"2026-02-04T15:24:02","slug":"esp32-wemos-d1-2","status":"publish","type":"product","link":"https:\/\/adcelectronique.com\/index.php\/product\/esp32-wemos-d1-2\/","title":{"rendered":"ESP32 WEMOS D1"},"content":{"rendered":"<h4>\u00a0 \u00a0 \u00a0 \u00a0 \u00a0 \u00a0 \u00a0 \u00a0 \u00a0 \u00a0 \u00a0 \u00a0 \u00a0 \u00a0 \u00a0 \u00a0 \u00a0 \u00a0 \u00a0 \u00a0 \u00a0 \u00a0 \u00a0 \u00a0 \u00a0 \u00a0 \u00a0 \u00a0 \u00a0 \u00a0 \u00a0 \u00a0 \u00a0 \u00a0 \u00a0 \u00a0 \u00a0ESP32 WEMOS D1<\/h4>\n<p><strong data-start=\"3\" data-end=\"25\">ESP32 WeMos D1 R32<\/strong>\u00a0est une carte de d\u00e9veloppement qui combine la puissance de l\u2019<strong data-start=\"129\" data-end=\"138\">ESP32<\/strong> avec le <strong data-start=\"147\" data-end=\"175\">format d\u2019une Arduino Uno<\/strong>.<\/p>\n<p>*C\u2019est une carte bas\u00e9e sur la puce <strong data-start=\"268\" data-end=\"277\">ESP32<\/strong>, un microcontr\u00f4leur tr\u00e8s moderne avec <strong data-start=\"316\" data-end=\"347\">Wi-Fi et Bluetooth int\u00e9gr\u00e9s<\/strong>.<br data-start=\"348\" data-end=\"351\" \/>Elle est con\u00e7ue pour ressembler \u00e0 une <strong data-start=\"389\" data-end=\"404\">Arduino Uno<\/strong> au niveau de la taille et des broches, donc on peut utiliser beaucoup de shields Arduino.<\/p>\n<h3 data-start=\"501\" data-end=\"536\">\u2699\ufe0f Caract\u00e9ristiques principales<\/h3>\n<ul data-start=\"537\" data-end=\"869\">\n<li data-start=\"537\" data-end=\"585\">\n<p data-start=\"539\" data-end=\"585\">\ud83d\udce1 <strong data-start=\"542\" data-end=\"559\">Wi-Fi int\u00e9gr\u00e9<\/strong> (connexion Internet, IoT)<\/p>\n<\/li>\n<li data-start=\"586\" data-end=\"627\">\n<p data-start=\"588\" data-end=\"627\">\ud83d\udd35 <strong data-start=\"591\" data-end=\"627\">Bluetooth \/ Bluetooth Low Energy<\/strong><\/p>\n<\/li>\n<li data-start=\"628\" data-end=\"674\">\n<p data-start=\"630\" data-end=\"674\">\u26a1 Processeur <strong data-start=\"643\" data-end=\"674\">double c\u0153ur jusqu\u2019\u00e0 240 MHz<\/strong><\/p>\n<\/li>\n<li data-start=\"675\" data-end=\"714\">\n<p data-start=\"677\" data-end=\"714\">\ud83d\udcbe M\u00e9moire plus grande qu\u2019Arduino Uno<\/p>\n<\/li>\n<li data-start=\"715\" data-end=\"776\">\n<p data-start=\"717\" data-end=\"776\">\ud83d\udd0c Fonctionne en <strong data-start=\"734\" data-end=\"743\">3.3 V<\/strong> (\u26a0\ufe0f important pour les capteurs)<\/p>\n<\/li>\n<li data-start=\"777\" data-end=\"820\">\n<p data-start=\"779\" data-end=\"820\">Nombreuses <strong data-start=\"790\" data-end=\"820\">entr\u00e9es\/sorties num\u00e9riques<\/strong><\/p>\n<\/li>\n<li data-start=\"821\" data-end=\"869\">\n<p data-start=\"823\" data-end=\"869\"><strong data-start=\"823\" data-end=\"846\">Entr\u00e9es analogiques<\/strong> pour lire des capteurs<\/p>\n<\/li>\n<\/ul>\n","protected":false},"excerpt":{"rendered":"<p><strong data-start=\"3\" data-end=\"25\">ESP32 WeMos D1 R32<\/strong>\u00a0est une carte de d\u00e9veloppement qui combine la puissance de l\u2019<strong data-start=\"129\" data-end=\"138\">ESP32<\/strong> avec le <strong data-start=\"147\" data-end=\"175\">format d\u2019une Arduino Uno<\/strong>.<\/p>\n<p>*C\u2019est une carte bas\u00e9e sur la puce <strong data-start=\"268\" data-end=\"277\">ESP32<\/strong>, un microcontr\u00f4leur tr\u00e8s moderne avec <strong data-start=\"316\" data-end=\"347\">Wi-Fi et Bluetooth int\u00e9gr\u00e9s<\/strong>.<br data-start=\"348\" data-end=\"351\" \/>Elle est con\u00e7ue pour ressembler \u00e0 une <strong data-start=\"389\" data-end=\"404\">Arduino Uno<\/strong> au niveau de la taille et des broches, donc on peut utiliser beaucoup de shields Arduino.<\/p>\n","protected":false},"featured_media":10705,"comment_status":"open","ping_status":"closed","template":"","meta":[],"product_brand":[144],"product_cat":[31],"product_tag":[],"class_list":{"0":"post-10704","1":"product","2":"type-product","3":"status-publish","4":"has-post-thumbnail","6":"product_brand-arduino","7":"product_cat-cartes-microcontroleurs","9":"first","10":"instock","11":"shipping-taxable","12":"purchasable","13":"product-type-simple"},"yoast_head":"<!-- This site is optimized with the Yoast SEO Premium plugin v26.2 (Yoast SEO v26.2) - https:\/\/yoast.com\/wordpress\/plugins\/seo\/ -->\n<title>ESP32 WEMOS D1 - ADC Electronique<\/title>\n<meta name=\"robots\" content=\"index, follow, max-snippet:-1, max-image-preview:large, max-video-preview:-1\" \/>\n<link rel=\"canonical\" href=\"https:\/\/adcelectronique.com\/index.php\/product\/esp32-wemos-d1-2\/\" \/>\n<meta property=\"og:locale\" content=\"fr_FR\" \/>\n<meta property=\"og:type\" content=\"article\" \/>\n<meta property=\"og:title\" content=\"ESP32 WEMOS D1\" \/>\n<meta property=\"og:description\" content=\"ESP32 WeMos D1 R32\u00a0est une carte de d\u00e9veloppement qui combine la puissance de l\u2019ESP32 avec le format d\u2019une Arduino Uno.  *C\u2019est une carte bas\u00e9e sur la puce ESP32, un microcontr\u00f4leur tr\u00e8s moderne avec Wi-Fi et Bluetooth int\u00e9gr\u00e9s.Elle est con\u00e7ue pour ressembler \u00e0 une Arduino Uno au niveau de la taille et des broches, donc on peut utiliser beaucoup de shields Arduino.\" \/>\n<meta property=\"og:url\" content=\"https:\/\/adcelectronique.com\/index.php\/product\/esp32-wemos-d1-2\/\" \/>\n<meta property=\"og:site_name\" content=\"ADC Electronique\" \/>\n<meta property=\"article:modified_time\" content=\"2026-02-04T15:24:02+00:00\" \/>\n<meta property=\"og:image\" content=\"https:\/\/adcelectronique.com\/wp-content\/uploads\/2026\/02\/esp32-nodemcu-d1-r32-wlan-entwicklungsboard-mit-ch340g-und-wifi-bluetooth-iot-mit-mikro-usb-kompatibel-mit-arduino-447705.jpg\" \/>\n\t<meta property=\"og:image:width\" content=\"522\" \/>\n\t<meta property=\"og:image:height\" content=\"522\" \/>\n\t<meta property=\"og:image:type\" content=\"image\/jpeg\" \/>\n<meta name=\"twitter:card\" content=\"summary_large_image\" \/>\n<meta name=\"twitter:label1\" content=\"Dur\u00e9e de lecture estim\u00e9e\" \/>\n\t<meta name=\"twitter:data1\" content=\"1 minute\" \/>\n<script type=\"application\/ld+json\" class=\"yoast-schema-graph\">{\"@context\":\"https:\/\/schema.org\",\"@graph\":[{\"@type\":\"WebPage\",\"@id\":\"https:\/\/adcelectronique.com\/index.php\/product\/esp32-wemos-d1-2\/\",\"url\":\"https:\/\/adcelectronique.com\/index.php\/product\/esp32-wemos-d1-2\/\",\"name\":\"ESP32 WEMOS D1 - ADC Electronique\",\"isPartOf\":{\"@id\":\"https:\/\/adcelectronique.com\/#website\"},\"primaryImageOfPage\":{\"@id\":\"https:\/\/adcelectronique.com\/index.php\/product\/esp32-wemos-d1-2\/#primaryimage\"},\"image\":{\"@id\":\"https:\/\/adcelectronique.com\/index.php\/product\/esp32-wemos-d1-2\/#primaryimage\"},\"thumbnailUrl\":\"https:\/\/adcelectronique.com\/wp-content\/uploads\/2026\/02\/esp32-nodemcu-d1-r32-wlan-entwicklungsboard-mit-ch340g-und-wifi-bluetooth-iot-mit-mikro-usb-kompatibel-mit-arduino-447705.jpg\",\"datePublished\":\"2026-02-04T15:24:01+00:00\",\"dateModified\":\"2026-02-04T15:24:02+00:00\",\"breadcrumb\":{\"@id\":\"https:\/\/adcelectronique.com\/index.php\/product\/esp32-wemos-d1-2\/#breadcrumb\"},\"inLanguage\":\"fr-FR\",\"potentialAction\":[{\"@type\":\"ReadAction\",\"target\":[\"https:\/\/adcelectronique.com\/index.php\/product\/esp32-wemos-d1-2\/\"]}]},{\"@type\":\"ImageObject\",\"inLanguage\":\"fr-FR\",\"@id\":\"https:\/\/adcelectronique.com\/index.php\/product\/esp32-wemos-d1-2\/#primaryimage\",\"url\":\"https:\/\/adcelectronique.com\/wp-content\/uploads\/2026\/02\/esp32-nodemcu-d1-r32-wlan-entwicklungsboard-mit-ch340g-und-wifi-bluetooth-iot-mit-mikro-usb-kompatibel-mit-arduino-447705.jpg\",\"contentUrl\":\"https:\/\/adcelectronique.com\/wp-content\/uploads\/2026\/02\/esp32-nodemcu-d1-r32-wlan-entwicklungsboard-mit-ch340g-und-wifi-bluetooth-iot-mit-mikro-usb-kompatibel-mit-arduino-447705.jpg\",\"width\":522,\"height\":522},{\"@type\":\"BreadcrumbList\",\"@id\":\"https:\/\/adcelectronique.com\/index.php\/product\/esp32-wemos-d1-2\/#breadcrumb\",\"itemListElement\":[{\"@type\":\"ListItem\",\"position\":1,\"name\":\"Home\",\"item\":\"https:\/\/adcelectronique.com\/\"},{\"@type\":\"ListItem\",\"position\":2,\"name\":\"Shop\",\"item\":\"https:\/\/adcelectronique.com\/index.php\/shop\/\"},{\"@type\":\"ListItem\",\"position\":3,\"name\":\"ESP32 WEMOS D1\"}]},{\"@type\":\"WebSite\",\"@id\":\"https:\/\/adcelectronique.com\/#website\",\"url\":\"https:\/\/adcelectronique.com\/\",\"name\":\"ADC Electronique\",\"description\":\"\",\"potentialAction\":[{\"@type\":\"SearchAction\",\"target\":{\"@type\":\"EntryPoint\",\"urlTemplate\":\"https:\/\/adcelectronique.com\/?s={search_term_string}\"},\"query-input\":{\"@type\":\"PropertyValueSpecification\",\"valueRequired\":true,\"valueName\":\"search_term_string\"}}],\"inLanguage\":\"fr-FR\"}]}<\/script>\n<!-- \/ Yoast SEO Premium plugin. -->","yoast_head_json":{"title":"ESP32 WEMOS D1 - ADC Electronique","robots":{"index":"index","follow":"follow","max-snippet":"max-snippet:-1","max-image-preview":"max-image-preview:large","max-video-preview":"max-video-preview:-1"},"canonical":"https:\/\/adcelectronique.com\/index.php\/product\/esp32-wemos-d1-2\/","og_locale":"fr_FR","og_type":"article","og_title":"ESP32 WEMOS D1","og_description":"ESP32 WeMos D1 R32\u00a0est une carte de d\u00e9veloppement qui combine la puissance de l\u2019ESP32 avec le format d\u2019une Arduino Uno.  *C\u2019est une carte bas\u00e9e sur la puce ESP32, un microcontr\u00f4leur tr\u00e8s moderne avec Wi-Fi et Bluetooth int\u00e9gr\u00e9s.Elle est con\u00e7ue pour ressembler \u00e0 une Arduino Uno au niveau de la taille et des broches, donc on peut utiliser beaucoup de shields Arduino.","og_url":"https:\/\/adcelectronique.com\/index.php\/product\/esp32-wemos-d1-2\/","og_site_name":"ADC Electronique","article_modified_time":"2026-02-04T15:24:02+00:00","og_image":[{"width":522,"height":522,"url":"https:\/\/adcelectronique.com\/wp-content\/uploads\/2026\/02\/esp32-nodemcu-d1-r32-wlan-entwicklungsboard-mit-ch340g-und-wifi-bluetooth-iot-mit-mikro-usb-kompatibel-mit-arduino-447705.jpg","type":"image\/jpeg"}],"twitter_card":"summary_large_image","twitter_misc":{"Dur\u00e9e de lecture estim\u00e9e":"1 minute"},"schema":{"@context":"https:\/\/schema.org","@graph":[{"@type":"WebPage","@id":"https:\/\/adcelectronique.com\/index.php\/product\/esp32-wemos-d1-2\/","url":"https:\/\/adcelectronique.com\/index.php\/product\/esp32-wemos-d1-2\/","name":"ESP32 WEMOS D1 - ADC Electronique","isPartOf":{"@id":"https:\/\/adcelectronique.com\/#website"},"primaryImageOfPage":{"@id":"https:\/\/adcelectronique.com\/index.php\/product\/esp32-wemos-d1-2\/#primaryimage"},"image":{"@id":"https:\/\/adcelectronique.com\/index.php\/product\/esp32-wemos-d1-2\/#primaryimage"},"thumbnailUrl":"https:\/\/adcelectronique.com\/wp-content\/uploads\/2026\/02\/esp32-nodemcu-d1-r32-wlan-entwicklungsboard-mit-ch340g-und-wifi-bluetooth-iot-mit-mikro-usb-kompatibel-mit-arduino-447705.jpg","datePublished":"2026-02-04T15:24:01+00:00","dateModified":"2026-02-04T15:24:02+00:00","breadcrumb":{"@id":"https:\/\/adcelectronique.com\/index.php\/product\/esp32-wemos-d1-2\/#breadcrumb"},"inLanguage":"fr-FR","potentialAction":[{"@type":"ReadAction","target":["https:\/\/adcelectronique.com\/index.php\/product\/esp32-wemos-d1-2\/"]}]},{"@type":"ImageObject","inLanguage":"fr-FR","@id":"https:\/\/adcelectronique.com\/index.php\/product\/esp32-wemos-d1-2\/#primaryimage","url":"https:\/\/adcelectronique.com\/wp-content\/uploads\/2026\/02\/esp32-nodemcu-d1-r32-wlan-entwicklungsboard-mit-ch340g-und-wifi-bluetooth-iot-mit-mikro-usb-kompatibel-mit-arduino-447705.jpg","contentUrl":"https:\/\/adcelectronique.com\/wp-content\/uploads\/2026\/02\/esp32-nodemcu-d1-r32-wlan-entwicklungsboard-mit-ch340g-und-wifi-bluetooth-iot-mit-mikro-usb-kompatibel-mit-arduino-447705.jpg","width":522,"height":522},{"@type":"BreadcrumbList","@id":"https:\/\/adcelectronique.com\/index.php\/product\/esp32-wemos-d1-2\/#breadcrumb","itemListElement":[{"@type":"ListItem","position":1,"name":"Home","item":"https:\/\/adcelectronique.com\/"},{"@type":"ListItem","position":2,"name":"Shop","item":"https:\/\/adcelectronique.com\/index.php\/shop\/"},{"@type":"ListItem","position":3,"name":"ESP32 WEMOS D1"}]},{"@type":"WebSite","@id":"https:\/\/adcelectronique.com\/#website","url":"https:\/\/adcelectronique.com\/","name":"ADC Electronique","description":"","potentialAction":[{"@type":"SearchAction","target":{"@type":"EntryPoint","urlTemplate":"https:\/\/adcelectronique.com\/?s={search_term_string}"},"query-input":{"@type":"PropertyValueSpecification","valueRequired":true,"valueName":"search_term_string"}}],"inLanguage":"fr-FR"}]}},"_links":{"self":[{"href":"https:\/\/adcelectronique.com\/index.php\/wp-json\/wp\/v2\/product\/10704","targetHints":{"allow":["GET"]}}],"collection":[{"href":"https:\/\/adcelectronique.com\/index.php\/wp-json\/wp\/v2\/product"}],"about":[{"href":"https:\/\/adcelectronique.com\/index.php\/wp-json\/wp\/v2\/types\/product"}],"replies":[{"embeddable":true,"href":"https:\/\/adcelectronique.com\/index.php\/wp-json\/wp\/v2\/comments?post=10704"}],"version-history":[{"count":0,"href":"https:\/\/adcelectronique.com\/index.php\/wp-json\/wp\/v2\/product\/10704\/revisions"}],"wp:featuredmedia":[{"embeddable":true,"href":"https:\/\/adcelectronique.com\/index.php\/wp-json\/wp\/v2\/media\/10705"}],"wp:attachment":[{"href":"https:\/\/adcelectronique.com\/index.php\/wp-json\/wp\/v2\/media?parent=10704"}],"wp:term":[{"taxonomy":"product_brand","embeddable":true,"href":"https:\/\/adcelectronique.com\/index.php\/wp-json\/wp\/v2\/product_brand?post=10704"},{"taxonomy":"product_cat","embeddable":true,"href":"https:\/\/adcelectronique.com\/index.php\/wp-json\/wp\/v2\/product_cat?post=10704"},{"taxonomy":"product_tag","embeddable":true,"href":"https:\/\/adcelectronique.com\/index.php\/wp-json\/wp\/v2\/product_tag?post=10704"}],"curies":[{"name":"wp","href":"https:\/\/api.w.org\/{rel}","templated":true}]}}