{"id":10773,"date":"2026-02-10T09:30:38","date_gmt":"2026-02-10T09:30:38","guid":{"rendered":"https:\/\/adcelectronique.com\/?post_type=product&#038;p=10773"},"modified":"2026-02-10T09:30:39","modified_gmt":"2026-02-10T09:30:39","slug":"arduino-mega-rev3-dip-2","status":"publish","type":"product","link":"https:\/\/adcelectronique.com\/index.php\/product\/arduino-mega-rev3-dip-2\/","title":{"rendered":"ARDUINO MEGA REV3-DIP"},"content":{"rendered":"<h3>\u00a0 \u00a0 \u00a0 \u00a0 \u00a0 \u00a0 \u00a0 \u00a0 \u00a0 \u00a0 \u00a0 \u00a0 \u00a0 \u00a0 \u00a0 \u00a0 \u00a0ARDUINO MEGA REV3-DIP<\/h3>\n<p>C\u2019est une <strong data-start=\"134\" data-end=\"151\">carte Arduino<\/strong> con\u00e7ue pour des projets \u00e9lectroniques <strong data-start=\"190\" data-end=\"213\">grands et complexes<\/strong>.<br data-start=\"214\" data-end=\"217\" \/>Elle est bas\u00e9e sur le microcontr\u00f4leur <strong data-start=\"255\" data-end=\"269\">ATmega2560 e<\/strong>lle permet de programmer et contr\u00f4ler :<\/p>\n<p data-start=\"315\" data-end=\"329\">-des capteurs<\/p>\n<p data-start=\"332\" data-end=\"345\">-des moteurs<\/p>\n<p data-start=\"348\" data-end=\"360\">-des \u00e9crans<\/p>\n<p data-start=\"363\" data-end=\"375\">-des robots<\/p>\n<p data-start=\"378\" data-end=\"402\">-des syst\u00e8mes automatis\u00e9s<\/p>\n<h3 data-start=\"409\" data-end=\"444\">*Caract\u00e9ristiques principales<\/h3>\n<div class=\"TyagGW_tableContainer\">\n<div class=\"group TyagGW_tableWrapper flex flex-col-reverse w-fit\">\n<table class=\"w-fit min-w-(--thread-content-width)\" data-start=\"446\" data-end=\"743\">\n<thead data-start=\"446\" data-end=\"471\">\n<tr data-start=\"446\" data-end=\"471\">\n<th class=\"\" data-start=\"446\" data-end=\"456\" data-col-size=\"sm\">\u00c9l\u00e9ment<\/th>\n<th class=\"\" data-start=\"456\" data-end=\"471\" data-col-size=\"sm\">Description<\/th>\n<\/tr>\n<\/thead>\n<tbody data-start=\"498\" data-end=\"743\">\n<tr data-start=\"498\" data-end=\"530\">\n<td data-start=\"498\" data-end=\"516\" data-col-size=\"sm\">Microcontr\u00f4leur<\/td>\n<td data-start=\"516\" data-end=\"530\" data-col-size=\"sm\">ATmega2560<\/td>\n<\/tr>\n<tr data-start=\"531\" data-end=\"565\">\n<td data-start=\"531\" data-end=\"559\" data-col-size=\"sm\">Tension de fonctionnement<\/td>\n<td data-start=\"559\" data-end=\"565\" data-col-size=\"sm\">5V<\/td>\n<\/tr>\n<tr data-start=\"566\" data-end=\"588\">\n<td data-start=\"566\" data-end=\"578\" data-col-size=\"sm\">Fr\u00e9quence<\/td>\n<td data-start=\"578\" data-end=\"588\" data-col-size=\"sm\">16 MHz<\/td>\n<\/tr>\n<tr data-start=\"589\" data-end=\"634\">\n<td data-start=\"589\" data-end=\"610\" data-col-size=\"sm\">Broches num\u00e9riques<\/td>\n<td data-start=\"610\" data-end=\"634\" data-col-size=\"sm\"><strong data-start=\"612\" data-end=\"618\">54<\/strong> (dont 15 PWM)<\/td>\n<\/tr>\n<tr data-start=\"635\" data-end=\"667\">\n<td data-start=\"635\" data-end=\"657\" data-col-size=\"sm\">Entr\u00e9es analogiques<\/td>\n<td data-start=\"657\" data-end=\"667\" data-col-size=\"sm\"><strong data-start=\"659\" data-end=\"665\">16<\/strong><\/td>\n<\/tr>\n<tr data-start=\"668\" data-end=\"700\">\n<td data-start=\"668\" data-end=\"691\" data-col-size=\"sm\">Ports s\u00e9rie (Serial)<\/td>\n<td data-start=\"691\" data-end=\"700\" data-col-size=\"sm\"><strong data-start=\"693\" data-end=\"698\">4<\/strong><\/td>\n<\/tr>\n<tr data-start=\"701\" data-end=\"727\">\n<td data-start=\"701\" data-end=\"717\" data-col-size=\"sm\">M\u00e9moire Flash<\/td>\n<td data-start=\"717\" data-end=\"727\" data-col-size=\"sm\">256 KB<\/td>\n<\/tr>\n<tr data-start=\"728\" data-end=\"743\">\n<td data-start=\"728\" data-end=\"735\" data-col-size=\"sm\">SRAM<\/td>\n<td data-start=\"735\" data-end=\"743\" data-col-size=\"sm\">8 KB<\/td>\n<\/tr>\n<\/tbody>\n<\/table>\n<\/div>\n<\/div>\n","protected":false},"excerpt":{"rendered":"<p>C\u2019est une <strong data-start=\"134\" data-end=\"151\">carte Arduino<\/strong> con\u00e7ue pour des projets \u00e9lectroniques <strong data-start=\"190\" data-end=\"213\">grands et complexes<\/strong>.<br data-start=\"214\" data-end=\"217\" \/>Elle est bas\u00e9e sur le microcontr\u00f4leur <strong data-start=\"255\" data-end=\"269\">ATmega2560 e<\/strong>lle permet de programmer et contr\u00f4ler :<\/p>\n<p data-start=\"315\" data-end=\"329\">-des capteurs<\/p>\n<p data-start=\"332\" data-end=\"345\">-des moteurs<\/p>\n<p data-start=\"348\" data-end=\"360\">-des \u00e9crans<\/p>\n<p data-start=\"363\" data-end=\"375\">-des robots<\/p>\n<p data-start=\"378\" data-end=\"402\">-des syst\u00e8mes automatis\u00e9s<\/p>\n","protected":false},"featured_media":10774,"comment_status":"open","ping_status":"closed","template":"","meta":[],"product_brand":[144],"product_cat":[31],"product_tag":[],"class_list":{"0":"post-10773","1":"product","2":"type-product","3":"status-publish","4":"has-post-thumbnail","6":"product_brand-arduino","7":"product_cat-cartes-microcontroleurs","9":"first","10":"instock","11":"shipping-taxable","12":"purchasable","13":"product-type-simple"},"yoast_head":"<!-- This site is optimized with the Yoast SEO Premium plugin v26.2 (Yoast SEO v26.2) - https:\/\/yoast.com\/wordpress\/plugins\/seo\/ -->\n<title>ARDUINO MEGA REV3-DIP - ADC Electronique<\/title>\n<meta name=\"description\" content=\"C\u2019est une carte Arduino con\u00e7ue pour des projets \u00e9lectroniques grands et complexes.Elle est bas\u00e9e sur le microcontr\u00f4leur ATmega2560 elle permet de programmer et contr\u00f4ler :-des capteurs-des moteurs-des \u00e9crans-des robots-des syst\u00e8mes automatis\u00e9s\" \/>\n<meta name=\"robots\" content=\"index, follow, max-snippet:-1, max-image-preview:large, max-video-preview:-1\" \/>\n<link rel=\"canonical\" href=\"https:\/\/adcelectronique.com\/index.php\/product\/arduino-mega-rev3-dip-2\/\" \/>\n<meta property=\"og:locale\" content=\"fr_FR\" \/>\n<meta property=\"og:type\" content=\"article\" \/>\n<meta property=\"og:title\" content=\"ARDUINO MEGA REV3-DIP\" \/>\n<meta property=\"og:description\" content=\"C\u2019est une carte Arduino con\u00e7ue pour des projets \u00e9lectroniques grands et complexes.Elle est bas\u00e9e sur le microcontr\u00f4leur ATmega2560 elle permet de programmer et contr\u00f4ler :-des capteurs-des moteurs-des \u00e9crans-des robots-des syst\u00e8mes automatis\u00e9s\" \/>\n<meta property=\"og:url\" content=\"https:\/\/adcelectronique.com\/index.php\/product\/arduino-mega-rev3-dip-2\/\" \/>\n<meta property=\"og:site_name\" content=\"ADC Electronique\" \/>\n<meta property=\"article:modified_time\" content=\"2026-02-10T09:30:39+00:00\" \/>\n<meta property=\"og:image\" content=\"https:\/\/adcelectronique.com\/wp-content\/uploads\/2026\/02\/ChatGPT-Image-10-fevr.-2026-10_24_42.png\" \/>\n\t<meta property=\"og:image:width\" content=\"1024\" \/>\n\t<meta property=\"og:image:height\" content=\"1024\" \/>\n\t<meta property=\"og:image:type\" content=\"image\/png\" \/>\n<meta name=\"twitter:card\" content=\"summary_large_image\" \/>\n<meta name=\"twitter:label1\" content=\"Dur\u00e9e de lecture estim\u00e9e\" \/>\n\t<meta name=\"twitter:data1\" content=\"1 minute\" \/>\n<script type=\"application\/ld+json\" class=\"yoast-schema-graph\">{\"@context\":\"https:\/\/schema.org\",\"@graph\":[{\"@type\":\"WebPage\",\"@id\":\"https:\/\/adcelectronique.com\/index.php\/product\/arduino-mega-rev3-dip-2\/\",\"url\":\"https:\/\/adcelectronique.com\/index.php\/product\/arduino-mega-rev3-dip-2\/\",\"name\":\"ARDUINO MEGA REV3-DIP - ADC Electronique\",\"isPartOf\":{\"@id\":\"https:\/\/adcelectronique.com\/#website\"},\"primaryImageOfPage\":{\"@id\":\"https:\/\/adcelectronique.com\/index.php\/product\/arduino-mega-rev3-dip-2\/#primaryimage\"},\"image\":{\"@id\":\"https:\/\/adcelectronique.com\/index.php\/product\/arduino-mega-rev3-dip-2\/#primaryimage\"},\"thumbnailUrl\":\"https:\/\/adcelectronique.com\/wp-content\/uploads\/2026\/02\/ChatGPT-Image-10-fevr.-2026-10_24_42.png\",\"datePublished\":\"2026-02-10T09:30:38+00:00\",\"dateModified\":\"2026-02-10T09:30:39+00:00\",\"description\":\"C\u2019est une carte Arduino con\u00e7ue pour des projets \u00e9lectroniques grands et complexes.Elle est bas\u00e9e sur le microcontr\u00f4leur ATmega2560 elle permet de programmer et contr\u00f4ler :-des capteurs-des moteurs-des \u00e9crans-des robots-des syst\u00e8mes automatis\u00e9s\",\"breadcrumb\":{\"@id\":\"https:\/\/adcelectronique.com\/index.php\/product\/arduino-mega-rev3-dip-2\/#breadcrumb\"},\"inLanguage\":\"fr-FR\",\"potentialAction\":[{\"@type\":\"ReadAction\",\"target\":[\"https:\/\/adcelectronique.com\/index.php\/product\/arduino-mega-rev3-dip-2\/\"]}]},{\"@type\":\"ImageObject\",\"inLanguage\":\"fr-FR\",\"@id\":\"https:\/\/adcelectronique.com\/index.php\/product\/arduino-mega-rev3-dip-2\/#primaryimage\",\"url\":\"https:\/\/adcelectronique.com\/wp-content\/uploads\/2026\/02\/ChatGPT-Image-10-fevr.-2026-10_24_42.png\",\"contentUrl\":\"https:\/\/adcelectronique.com\/wp-content\/uploads\/2026\/02\/ChatGPT-Image-10-fevr.-2026-10_24_42.png\",\"width\":1024,\"height\":1024},{\"@type\":\"BreadcrumbList\",\"@id\":\"https:\/\/adcelectronique.com\/index.php\/product\/arduino-mega-rev3-dip-2\/#breadcrumb\",\"itemListElement\":[{\"@type\":\"ListItem\",\"position\":1,\"name\":\"Home\",\"item\":\"https:\/\/adcelectronique.com\/\"},{\"@type\":\"ListItem\",\"position\":2,\"name\":\"Shop\",\"item\":\"https:\/\/adcelectronique.com\/index.php\/shop\/\"},{\"@type\":\"ListItem\",\"position\":3,\"name\":\"ARDUINO MEGA REV3-DIP\"}]},{\"@type\":\"WebSite\",\"@id\":\"https:\/\/adcelectronique.com\/#website\",\"url\":\"https:\/\/adcelectronique.com\/\",\"name\":\"ADC Electronique\",\"description\":\"\",\"potentialAction\":[{\"@type\":\"SearchAction\",\"target\":{\"@type\":\"EntryPoint\",\"urlTemplate\":\"https:\/\/adcelectronique.com\/?s={search_term_string}\"},\"query-input\":{\"@type\":\"PropertyValueSpecification\",\"valueRequired\":true,\"valueName\":\"search_term_string\"}}],\"inLanguage\":\"fr-FR\"}]}<\/script>\n<!-- \/ Yoast SEO Premium plugin. -->","yoast_head_json":{"title":"ARDUINO MEGA REV3-DIP - ADC Electronique","description":"C\u2019est une carte Arduino con\u00e7ue pour des projets \u00e9lectroniques grands et complexes.Elle est bas\u00e9e sur le microcontr\u00f4leur ATmega2560 elle permet de programmer et contr\u00f4ler :-des capteurs-des moteurs-des \u00e9crans-des robots-des syst\u00e8mes automatis\u00e9s","robots":{"index":"index","follow":"follow","max-snippet":"max-snippet:-1","max-image-preview":"max-image-preview:large","max-video-preview":"max-video-preview:-1"},"canonical":"https:\/\/adcelectronique.com\/index.php\/product\/arduino-mega-rev3-dip-2\/","og_locale":"fr_FR","og_type":"article","og_title":"ARDUINO MEGA REV3-DIP","og_description":"C\u2019est une carte Arduino con\u00e7ue pour des projets \u00e9lectroniques grands et complexes.Elle est bas\u00e9e sur le microcontr\u00f4leur ATmega2560 elle permet de programmer et contr\u00f4ler :-des capteurs-des moteurs-des \u00e9crans-des robots-des syst\u00e8mes automatis\u00e9s","og_url":"https:\/\/adcelectronique.com\/index.php\/product\/arduino-mega-rev3-dip-2\/","og_site_name":"ADC Electronique","article_modified_time":"2026-02-10T09:30:39+00:00","og_image":[{"width":1024,"height":1024,"url":"https:\/\/adcelectronique.com\/wp-content\/uploads\/2026\/02\/ChatGPT-Image-10-fevr.-2026-10_24_42.png","type":"image\/png"}],"twitter_card":"summary_large_image","twitter_misc":{"Dur\u00e9e de lecture estim\u00e9e":"1 minute"},"schema":{"@context":"https:\/\/schema.org","@graph":[{"@type":"WebPage","@id":"https:\/\/adcelectronique.com\/index.php\/product\/arduino-mega-rev3-dip-2\/","url":"https:\/\/adcelectronique.com\/index.php\/product\/arduino-mega-rev3-dip-2\/","name":"ARDUINO MEGA REV3-DIP - ADC Electronique","isPartOf":{"@id":"https:\/\/adcelectronique.com\/#website"},"primaryImageOfPage":{"@id":"https:\/\/adcelectronique.com\/index.php\/product\/arduino-mega-rev3-dip-2\/#primaryimage"},"image":{"@id":"https:\/\/adcelectronique.com\/index.php\/product\/arduino-mega-rev3-dip-2\/#primaryimage"},"thumbnailUrl":"https:\/\/adcelectronique.com\/wp-content\/uploads\/2026\/02\/ChatGPT-Image-10-fevr.-2026-10_24_42.png","datePublished":"2026-02-10T09:30:38+00:00","dateModified":"2026-02-10T09:30:39+00:00","description":"C\u2019est une carte Arduino con\u00e7ue pour des projets \u00e9lectroniques grands et complexes.Elle est bas\u00e9e sur le microcontr\u00f4leur ATmega2560 elle permet de programmer et contr\u00f4ler :-des capteurs-des moteurs-des \u00e9crans-des robots-des syst\u00e8mes automatis\u00e9s","breadcrumb":{"@id":"https:\/\/adcelectronique.com\/index.php\/product\/arduino-mega-rev3-dip-2\/#breadcrumb"},"inLanguage":"fr-FR","potentialAction":[{"@type":"ReadAction","target":["https:\/\/adcelectronique.com\/index.php\/product\/arduino-mega-rev3-dip-2\/"]}]},{"@type":"ImageObject","inLanguage":"fr-FR","@id":"https:\/\/adcelectronique.com\/index.php\/product\/arduino-mega-rev3-dip-2\/#primaryimage","url":"https:\/\/adcelectronique.com\/wp-content\/uploads\/2026\/02\/ChatGPT-Image-10-fevr.-2026-10_24_42.png","contentUrl":"https:\/\/adcelectronique.com\/wp-content\/uploads\/2026\/02\/ChatGPT-Image-10-fevr.-2026-10_24_42.png","width":1024,"height":1024},{"@type":"BreadcrumbList","@id":"https:\/\/adcelectronique.com\/index.php\/product\/arduino-mega-rev3-dip-2\/#breadcrumb","itemListElement":[{"@type":"ListItem","position":1,"name":"Home","item":"https:\/\/adcelectronique.com\/"},{"@type":"ListItem","position":2,"name":"Shop","item":"https:\/\/adcelectronique.com\/index.php\/shop\/"},{"@type":"ListItem","position":3,"name":"ARDUINO MEGA REV3-DIP"}]},{"@type":"WebSite","@id":"https:\/\/adcelectronique.com\/#website","url":"https:\/\/adcelectronique.com\/","name":"ADC Electronique","description":"","potentialAction":[{"@type":"SearchAction","target":{"@type":"EntryPoint","urlTemplate":"https:\/\/adcelectronique.com\/?s={search_term_string}"},"query-input":{"@type":"PropertyValueSpecification","valueRequired":true,"valueName":"search_term_string"}}],"inLanguage":"fr-FR"}]}},"_links":{"self":[{"href":"https:\/\/adcelectronique.com\/index.php\/wp-json\/wp\/v2\/product\/10773","targetHints":{"allow":["GET"]}}],"collection":[{"href":"https:\/\/adcelectronique.com\/index.php\/wp-json\/wp\/v2\/product"}],"about":[{"href":"https:\/\/adcelectronique.com\/index.php\/wp-json\/wp\/v2\/types\/product"}],"replies":[{"embeddable":true,"href":"https:\/\/adcelectronique.com\/index.php\/wp-json\/wp\/v2\/comments?post=10773"}],"version-history":[{"count":0,"href":"https:\/\/adcelectronique.com\/index.php\/wp-json\/wp\/v2\/product\/10773\/revisions"}],"wp:featuredmedia":[{"embeddable":true,"href":"https:\/\/adcelectronique.com\/index.php\/wp-json\/wp\/v2\/media\/10774"}],"wp:attachment":[{"href":"https:\/\/adcelectronique.com\/index.php\/wp-json\/wp\/v2\/media?parent=10773"}],"wp:term":[{"taxonomy":"product_brand","embeddable":true,"href":"https:\/\/adcelectronique.com\/index.php\/wp-json\/wp\/v2\/product_brand?post=10773"},{"taxonomy":"product_cat","embeddable":true,"href":"https:\/\/adcelectronique.com\/index.php\/wp-json\/wp\/v2\/product_cat?post=10773"},{"taxonomy":"product_tag","embeddable":true,"href":"https:\/\/adcelectronique.com\/index.php\/wp-json\/wp\/v2\/product_tag?post=10773"}],"curies":[{"name":"wp","href":"https:\/\/api.w.org\/{rel}","templated":true}]}}