{"id":10777,"date":"2026-02-10T09:37:32","date_gmt":"2026-02-10T09:37:32","guid":{"rendered":"https:\/\/adcelectronique.com\/?post_type=product&#038;p=10777"},"modified":"2026-02-10T09:37:33","modified_gmt":"2026-02-10T09:37:33","slug":"mega2560-pro-embed-ch340g-atmega2560-16au","status":"publish","type":"product","link":"https:\/\/adcelectronique.com\/index.php\/product\/mega2560-pro-embed-ch340g-atmega2560-16au\/","title":{"rendered":"Mega2560 Pro Embed CH340G \/ ATmega2560\u201116AU"},"content":{"rendered":"<h3>\u00a0 \u00a0 \u00a0 \u00a0 \u00a0 \u00a0 \u00a0 \u00a0 \u00a0 \u00a0 \u00a0Mega2560 Pro Embed CH340G \/ ATmega2560\u201116AU<\/h3>\n<p>C\u2019est une <strong data-start=\"264\" data-end=\"306\">carte de d\u00e9veloppement microcontr\u00f4leur<\/strong> bas\u00e9e sur le <strong data-start=\"320\" data-end=\"339\">ATmega2560\u201116AU<\/strong> (le m\u00eame c\u0153ur que l\u2019Arduino Mega 2560), avec un <strong data-start=\"388\" data-end=\"422\">convertisseur USB\u2011s\u00e9rie CH340G<\/strong> pour l\u2019interface USB. Elle est <strong data-start=\"454\" data-end=\"474\">50\u202f% plus petite<\/strong> que l\u2019Arduino Mega 2560 classique, ce qui la rend id\u00e9ale pour <strong data-start=\"537\" data-end=\"570\">projets embarqu\u00e9s ou int\u00e9gr\u00e9s<\/strong>.<\/p>\n<h3 data-start=\"615\" data-end=\"650\">Caract\u00e9ristiques principales<\/h3>\n<div class=\"TyagGW_tableContainer\">\n<div class=\"group TyagGW_tableWrapper flex flex-col-reverse w-fit\">\n<table class=\"w-fit min-w-(--thread-content-width)\" data-start=\"652\" data-end=\"1443\">\n<thead data-start=\"652\" data-end=\"679\">\n<tr data-start=\"652\" data-end=\"679\">\n<th class=\"\" data-start=\"652\" data-end=\"665\" data-col-size=\"sm\">\ud83d\udccc \u00c9l\u00e9ment<\/th>\n<th class=\"\" data-start=\"665\" data-end=\"679\" data-col-size=\"md\">\ud83e\uddfe D\u00e9tails<\/th>\n<\/tr>\n<\/thead>\n<tbody data-start=\"707\" data-end=\"1443\">\n<tr data-start=\"707\" data-end=\"788\">\n<td data-start=\"707\" data-end=\"729\" data-col-size=\"sm\"><strong data-start=\"709\" data-end=\"728\">Microcontr\u00f4leur<\/strong><\/td>\n<td data-start=\"729\" data-end=\"788\" data-col-size=\"md\">ATmega2560\u201116AU (16\u202fMHz) \u2014 m\u00eame que Mega 2560 classique<\/td>\n<\/tr>\n<tr data-start=\"789\" data-end=\"892\">\n<td data-start=\"789\" data-end=\"809\" data-col-size=\"sm\"><strong data-start=\"791\" data-end=\"808\">Compatibilit\u00e9<\/strong><\/td>\n<td data-start=\"809\" data-end=\"892\" data-col-size=\"md\">Compatible avec l\u2019<strong data-start=\"829\" data-end=\"850\">Arduino Mega 2560<\/strong> (code + broches num\u00e9riques\/analogiques)<\/td>\n<\/tr>\n<tr data-start=\"893\" data-end=\"992\">\n<td data-start=\"893\" data-end=\"910\" data-col-size=\"sm\"><strong data-start=\"895\" data-end=\"909\">USB \u2192 UART<\/strong><\/td>\n<td data-start=\"910\" data-end=\"992\" data-col-size=\"md\">CH340G (n\u00e9cessite pilote sur ordinateur)<\/td>\n<\/tr>\n<tr data-start=\"993\" data-end=\"1032\">\n<td data-start=\"993\" data-end=\"1025\" data-col-size=\"sm\"><strong data-start=\"995\" data-end=\"1024\">Tension de fonctionnement<\/strong><\/td>\n<td data-start=\"1025\" data-end=\"1032\" data-col-size=\"md\">5\u202fV<\/td>\n<\/tr>\n<tr data-start=\"1033\" data-end=\"1078\">\n<td data-start=\"1033\" data-end=\"1058\" data-col-size=\"sm\"><strong data-start=\"1035\" data-end=\"1057\">Broches num\u00e9riques<\/strong><\/td>\n<td data-start=\"1058\" data-end=\"1078\" data-col-size=\"md\">54 (dont 15 PWM)<\/td>\n<\/tr>\n<tr data-start=\"1079\" data-end=\"1111\">\n<td data-start=\"1079\" data-end=\"1105\" data-col-size=\"sm\"><strong data-start=\"1081\" data-end=\"1104\">Broches analogiques<\/strong><\/td>\n<td data-start=\"1105\" data-end=\"1111\" data-col-size=\"md\">16<\/td>\n<\/tr>\n<tr data-start=\"1112\" data-end=\"1165\">\n<td data-start=\"1112\" data-end=\"1132\" data-col-size=\"sm\"><strong data-start=\"1114\" data-end=\"1131\">M\u00e9moire Flash<\/strong><\/td>\n<td data-start=\"1132\" data-end=\"1165\" data-col-size=\"md\">256\u202fKB (8\u202fKB pour bootloader)<\/td>\n<\/tr>\n<tr data-start=\"1166\" data-end=\"1185\">\n<td data-start=\"1166\" data-end=\"1177\" data-col-size=\"sm\"><strong data-start=\"1168\" data-end=\"1176\">SRAM<\/strong><\/td>\n<td data-start=\"1177\" data-end=\"1185\" data-col-size=\"md\">8\u202fKB<\/td>\n<\/tr>\n<tr data-start=\"1186\" data-end=\"1207\">\n<td data-start=\"1186\" data-end=\"1199\" data-col-size=\"sm\"><strong data-start=\"1188\" data-end=\"1198\">EEPROM<\/strong><\/td>\n<td data-start=\"1199\" data-end=\"1207\" data-col-size=\"md\">4\u202fKB<\/td>\n<\/tr>\n<tr data-start=\"1208\" data-end=\"1244\">\n<td data-start=\"1208\" data-end=\"1234\" data-col-size=\"sm\"><strong data-start=\"1210\" data-end=\"1233\">Fr\u00e9quence d\u2019horloge<\/strong><\/td>\n<td data-start=\"1234\" data-end=\"1244\" data-col-size=\"md\">16\u202fMHz<\/td>\n<\/tr>\n<tr data-start=\"1245\" data-end=\"1338\">\n<td data-start=\"1245\" data-end=\"1262\" data-col-size=\"sm\"><strong data-start=\"1247\" data-end=\"1261\">Courant 5V<\/strong><\/td>\n<td data-start=\"1262\" data-end=\"1338\" data-col-size=\"md\">Jusqu\u2019\u00e0 ~800\u202fmA selon alimentation<\/td>\n<\/tr>\n<tr data-start=\"1339\" data-end=\"1443\">\n<td data-start=\"1339\" data-end=\"1356\" data-col-size=\"sm\"><strong data-start=\"1341\" data-end=\"1355\">Dimensions<\/strong><\/td>\n<td data-start=\"1356\" data-end=\"1443\" data-col-size=\"md\">~38\u202f\u00d7\u202f55\u202fmm (plus compacte que Mega standard)<\/td>\n<\/tr>\n<\/tbody>\n<\/table>\n<\/div>\n<\/div>\n","protected":false},"excerpt":{"rendered":"<p>C\u2019est une <strong data-start=\"264\" data-end=\"306\">carte de d\u00e9veloppement microcontr\u00f4leur<\/strong> bas\u00e9e sur le <strong data-start=\"320\" data-end=\"339\">ATmega2560\u201116AU<\/strong> (le m\u00eame c\u0153ur que l\u2019Arduino Mega 2560), avec un <strong data-start=\"388\" data-end=\"422\">convertisseur USB\u2011s\u00e9rie CH340G<\/strong> pour l\u2019interface USB. Elle est <strong data-start=\"454\" data-end=\"474\">50\u202f% plus petite<\/strong> que l\u2019Arduino Mega 2560 classique, ce qui la rend id\u00e9ale pour <strong data-start=\"537\" data-end=\"570\">projets embarqu\u00e9s ou int\u00e9gr\u00e9s<\/strong>.<\/p>\n","protected":false},"featured_media":10778,"comment_status":"open","ping_status":"closed","template":"","meta":[],"product_brand":[144],"product_cat":[31],"product_tag":[],"class_list":{"0":"post-10777","1":"product","2":"type-product","3":"status-publish","4":"has-post-thumbnail","6":"product_brand-arduino","7":"product_cat-cartes-microcontroleurs","9":"first","10":"instock","11":"shipping-taxable","12":"purchasable","13":"product-type-simple"},"yoast_head":"<!-- This site is optimized with the Yoast SEO Premium plugin v26.2 (Yoast SEO v26.2) - https:\/\/yoast.com\/wordpress\/plugins\/seo\/ -->\n<title>Mega2560 Pro Embed CH340G \/ ATmega2560\u201116AU - ADC Electronique<\/title>\n<meta name=\"robots\" content=\"index, follow, max-snippet:-1, max-image-preview:large, max-video-preview:-1\" \/>\n<link rel=\"canonical\" href=\"https:\/\/adcelectronique.com\/index.php\/product\/mega2560-pro-embed-ch340g-atmega2560-16au\/\" \/>\n<meta property=\"og:locale\" content=\"fr_FR\" \/>\n<meta property=\"og:type\" content=\"article\" \/>\n<meta property=\"og:title\" content=\"Mega2560 Pro Embed CH340G \/ ATmega2560\u201116AU\" \/>\n<meta property=\"og:description\" content=\"C\u2019est une carte de d\u00e9veloppement microcontr\u00f4leur bas\u00e9e sur le ATmega2560\u201116AU (le m\u00eame c\u0153ur que l\u2019Arduino Mega 2560), avec un convertisseur USB\u2011s\u00e9rie CH340G pour l\u2019interface USB. Elle est 50\u202f% plus petite que l\u2019Arduino Mega 2560 classique, ce qui la rend id\u00e9ale pour projets embarqu\u00e9s ou int\u00e9gr\u00e9s.\" \/>\n<meta property=\"og:url\" content=\"https:\/\/adcelectronique.com\/index.php\/product\/mega2560-pro-embed-ch340g-atmega2560-16au\/\" \/>\n<meta property=\"og:site_name\" content=\"ADC Electronique\" \/>\n<meta property=\"article:modified_time\" content=\"2026-02-10T09:37:33+00:00\" \/>\n<meta property=\"og:image\" content=\"https:\/\/adcelectronique.com\/wp-content\/uploads\/2026\/02\/51VqVe0RsxL._AC_UF8941000_QL80_.jpg\" \/>\n\t<meta property=\"og:image:width\" content=\"894\" \/>\n\t<meta property=\"og:image:height\" content=\"718\" \/>\n\t<meta property=\"og:image:type\" content=\"image\/jpeg\" \/>\n<meta name=\"twitter:card\" content=\"summary_large_image\" \/>\n<meta name=\"twitter:label1\" content=\"Dur\u00e9e de lecture estim\u00e9e\" \/>\n\t<meta name=\"twitter:data1\" content=\"1 minute\" \/>\n<script type=\"application\/ld+json\" class=\"yoast-schema-graph\">{\"@context\":\"https:\/\/schema.org\",\"@graph\":[{\"@type\":\"WebPage\",\"@id\":\"https:\/\/adcelectronique.com\/index.php\/product\/mega2560-pro-embed-ch340g-atmega2560-16au\/\",\"url\":\"https:\/\/adcelectronique.com\/index.php\/product\/mega2560-pro-embed-ch340g-atmega2560-16au\/\",\"name\":\"Mega2560 Pro Embed CH340G \/ ATmega2560\u201116AU - ADC Electronique\",\"isPartOf\":{\"@id\":\"https:\/\/adcelectronique.com\/#website\"},\"primaryImageOfPage\":{\"@id\":\"https:\/\/adcelectronique.com\/index.php\/product\/mega2560-pro-embed-ch340g-atmega2560-16au\/#primaryimage\"},\"image\":{\"@id\":\"https:\/\/adcelectronique.com\/index.php\/product\/mega2560-pro-embed-ch340g-atmega2560-16au\/#primaryimage\"},\"thumbnailUrl\":\"https:\/\/adcelectronique.com\/wp-content\/uploads\/2026\/02\/51VqVe0RsxL._AC_UF8941000_QL80_.jpg\",\"datePublished\":\"2026-02-10T09:37:32+00:00\",\"dateModified\":\"2026-02-10T09:37:33+00:00\",\"breadcrumb\":{\"@id\":\"https:\/\/adcelectronique.com\/index.php\/product\/mega2560-pro-embed-ch340g-atmega2560-16au\/#breadcrumb\"},\"inLanguage\":\"fr-FR\",\"potentialAction\":[{\"@type\":\"ReadAction\",\"target\":[\"https:\/\/adcelectronique.com\/index.php\/product\/mega2560-pro-embed-ch340g-atmega2560-16au\/\"]}]},{\"@type\":\"ImageObject\",\"inLanguage\":\"fr-FR\",\"@id\":\"https:\/\/adcelectronique.com\/index.php\/product\/mega2560-pro-embed-ch340g-atmega2560-16au\/#primaryimage\",\"url\":\"https:\/\/adcelectronique.com\/wp-content\/uploads\/2026\/02\/51VqVe0RsxL._AC_UF8941000_QL80_.jpg\",\"contentUrl\":\"https:\/\/adcelectronique.com\/wp-content\/uploads\/2026\/02\/51VqVe0RsxL._AC_UF8941000_QL80_.jpg\",\"width\":894,\"height\":718},{\"@type\":\"BreadcrumbList\",\"@id\":\"https:\/\/adcelectronique.com\/index.php\/product\/mega2560-pro-embed-ch340g-atmega2560-16au\/#breadcrumb\",\"itemListElement\":[{\"@type\":\"ListItem\",\"position\":1,\"name\":\"Home\",\"item\":\"https:\/\/adcelectronique.com\/\"},{\"@type\":\"ListItem\",\"position\":2,\"name\":\"Shop\",\"item\":\"https:\/\/adcelectronique.com\/index.php\/shop\/\"},{\"@type\":\"ListItem\",\"position\":3,\"name\":\"Mega2560 Pro Embed CH340G \/ ATmega2560\u201116AU\"}]},{\"@type\":\"WebSite\",\"@id\":\"https:\/\/adcelectronique.com\/#website\",\"url\":\"https:\/\/adcelectronique.com\/\",\"name\":\"ADC Electronique\",\"description\":\"\",\"potentialAction\":[{\"@type\":\"SearchAction\",\"target\":{\"@type\":\"EntryPoint\",\"urlTemplate\":\"https:\/\/adcelectronique.com\/?s={search_term_string}\"},\"query-input\":{\"@type\":\"PropertyValueSpecification\",\"valueRequired\":true,\"valueName\":\"search_term_string\"}}],\"inLanguage\":\"fr-FR\"}]}<\/script>\n<!-- \/ Yoast SEO Premium plugin. -->","yoast_head_json":{"title":"Mega2560 Pro Embed CH340G \/ ATmega2560\u201116AU - ADC Electronique","robots":{"index":"index","follow":"follow","max-snippet":"max-snippet:-1","max-image-preview":"max-image-preview:large","max-video-preview":"max-video-preview:-1"},"canonical":"https:\/\/adcelectronique.com\/index.php\/product\/mega2560-pro-embed-ch340g-atmega2560-16au\/","og_locale":"fr_FR","og_type":"article","og_title":"Mega2560 Pro Embed CH340G \/ ATmega2560\u201116AU","og_description":"C\u2019est une carte de d\u00e9veloppement microcontr\u00f4leur bas\u00e9e sur le ATmega2560\u201116AU (le m\u00eame c\u0153ur que l\u2019Arduino Mega 2560), avec un convertisseur USB\u2011s\u00e9rie CH340G pour l\u2019interface USB. Elle est 50\u202f% plus petite que l\u2019Arduino Mega 2560 classique, ce qui la rend id\u00e9ale pour projets embarqu\u00e9s ou int\u00e9gr\u00e9s.","og_url":"https:\/\/adcelectronique.com\/index.php\/product\/mega2560-pro-embed-ch340g-atmega2560-16au\/","og_site_name":"ADC Electronique","article_modified_time":"2026-02-10T09:37:33+00:00","og_image":[{"width":894,"height":718,"url":"https:\/\/adcelectronique.com\/wp-content\/uploads\/2026\/02\/51VqVe0RsxL._AC_UF8941000_QL80_.jpg","type":"image\/jpeg"}],"twitter_card":"summary_large_image","twitter_misc":{"Dur\u00e9e de lecture estim\u00e9e":"1 minute"},"schema":{"@context":"https:\/\/schema.org","@graph":[{"@type":"WebPage","@id":"https:\/\/adcelectronique.com\/index.php\/product\/mega2560-pro-embed-ch340g-atmega2560-16au\/","url":"https:\/\/adcelectronique.com\/index.php\/product\/mega2560-pro-embed-ch340g-atmega2560-16au\/","name":"Mega2560 Pro Embed CH340G \/ ATmega2560\u201116AU - ADC Electronique","isPartOf":{"@id":"https:\/\/adcelectronique.com\/#website"},"primaryImageOfPage":{"@id":"https:\/\/adcelectronique.com\/index.php\/product\/mega2560-pro-embed-ch340g-atmega2560-16au\/#primaryimage"},"image":{"@id":"https:\/\/adcelectronique.com\/index.php\/product\/mega2560-pro-embed-ch340g-atmega2560-16au\/#primaryimage"},"thumbnailUrl":"https:\/\/adcelectronique.com\/wp-content\/uploads\/2026\/02\/51VqVe0RsxL._AC_UF8941000_QL80_.jpg","datePublished":"2026-02-10T09:37:32+00:00","dateModified":"2026-02-10T09:37:33+00:00","breadcrumb":{"@id":"https:\/\/adcelectronique.com\/index.php\/product\/mega2560-pro-embed-ch340g-atmega2560-16au\/#breadcrumb"},"inLanguage":"fr-FR","potentialAction":[{"@type":"ReadAction","target":["https:\/\/adcelectronique.com\/index.php\/product\/mega2560-pro-embed-ch340g-atmega2560-16au\/"]}]},{"@type":"ImageObject","inLanguage":"fr-FR","@id":"https:\/\/adcelectronique.com\/index.php\/product\/mega2560-pro-embed-ch340g-atmega2560-16au\/#primaryimage","url":"https:\/\/adcelectronique.com\/wp-content\/uploads\/2026\/02\/51VqVe0RsxL._AC_UF8941000_QL80_.jpg","contentUrl":"https:\/\/adcelectronique.com\/wp-content\/uploads\/2026\/02\/51VqVe0RsxL._AC_UF8941000_QL80_.jpg","width":894,"height":718},{"@type":"BreadcrumbList","@id":"https:\/\/adcelectronique.com\/index.php\/product\/mega2560-pro-embed-ch340g-atmega2560-16au\/#breadcrumb","itemListElement":[{"@type":"ListItem","position":1,"name":"Home","item":"https:\/\/adcelectronique.com\/"},{"@type":"ListItem","position":2,"name":"Shop","item":"https:\/\/adcelectronique.com\/index.php\/shop\/"},{"@type":"ListItem","position":3,"name":"Mega2560 Pro Embed CH340G \/ ATmega2560\u201116AU"}]},{"@type":"WebSite","@id":"https:\/\/adcelectronique.com\/#website","url":"https:\/\/adcelectronique.com\/","name":"ADC Electronique","description":"","potentialAction":[{"@type":"SearchAction","target":{"@type":"EntryPoint","urlTemplate":"https:\/\/adcelectronique.com\/?s={search_term_string}"},"query-input":{"@type":"PropertyValueSpecification","valueRequired":true,"valueName":"search_term_string"}}],"inLanguage":"fr-FR"}]}},"_links":{"self":[{"href":"https:\/\/adcelectronique.com\/index.php\/wp-json\/wp\/v2\/product\/10777","targetHints":{"allow":["GET"]}}],"collection":[{"href":"https:\/\/adcelectronique.com\/index.php\/wp-json\/wp\/v2\/product"}],"about":[{"href":"https:\/\/adcelectronique.com\/index.php\/wp-json\/wp\/v2\/types\/product"}],"replies":[{"embeddable":true,"href":"https:\/\/adcelectronique.com\/index.php\/wp-json\/wp\/v2\/comments?post=10777"}],"version-history":[{"count":0,"href":"https:\/\/adcelectronique.com\/index.php\/wp-json\/wp\/v2\/product\/10777\/revisions"}],"wp:featuredmedia":[{"embeddable":true,"href":"https:\/\/adcelectronique.com\/index.php\/wp-json\/wp\/v2\/media\/10778"}],"wp:attachment":[{"href":"https:\/\/adcelectronique.com\/index.php\/wp-json\/wp\/v2\/media?parent=10777"}],"wp:term":[{"taxonomy":"product_brand","embeddable":true,"href":"https:\/\/adcelectronique.com\/index.php\/wp-json\/wp\/v2\/product_brand?post=10777"},{"taxonomy":"product_cat","embeddable":true,"href":"https:\/\/adcelectronique.com\/index.php\/wp-json\/wp\/v2\/product_cat?post=10777"},{"taxonomy":"product_tag","embeddable":true,"href":"https:\/\/adcelectronique.com\/index.php\/wp-json\/wp\/v2\/product_tag?post=10777"}],"curies":[{"name":"wp","href":"https:\/\/api.w.org\/{rel}","templated":true}]}}