{"id":10781,"date":"2026-02-10T09:44:17","date_gmt":"2026-02-10T09:44:17","guid":{"rendered":"https:\/\/adcelectronique.com\/?post_type=product&#038;p=10781"},"modified":"2026-02-10T09:44:18","modified_gmt":"2026-02-10T09:44:18","slug":"10-cordons-de-test-avec-pince-crocodile-alligator-clips","status":"publish","type":"product","link":"https:\/\/adcelectronique.com\/index.php\/product\/10-cordons-de-test-avec-pince-crocodile-alligator-clips\/","title":{"rendered":"10 CORDONS DE TEST AVEC PINCE CROCODILE (ALLIGATOR CLIPS)"},"content":{"rendered":"<h4 data-start=\"133\" data-end=\"228\">\u00a0 \u00a0 \u00a0 \u00a0 \u00a0 \u00a0 \u00a010 CORDONS DE TEST AVEC PINCE CROCODILE (ALLIGATOR CLIPS)<\/h4>\n<p data-start=\"133\" data-end=\"228\">Un <strong data-start=\"136\" data-end=\"205\">jeu de 10 cordons de test avec pinces crocodile (alligator clips)<\/strong>, g\u00e9n\u00e9ralement avec\u00a0:<\/p>\n<ul data-start=\"229\" data-end=\"778\">\n<li data-start=\"229\" data-end=\"348\">\n<p data-start=\"231\" data-end=\"348\">\ud83d\udccf <strong data-start=\"234\" data-end=\"267\">Longueur d\u2019environ 45\u202f\u2013\u202f50\u202fcm<\/strong> (\u224818\u202f\u201d) avec pinces aux deux extr\u00e9mit\u00e9s.<\/p>\n<\/li>\n<li data-start=\"349\" data-end=\"502\">\n<p data-start=\"351\" data-end=\"502\">\ud83c\udfa8 <strong data-start=\"354\" data-end=\"380\">5 couleurs diff\u00e9rentes<\/strong> (souvent rouge, noir, vert, jaune et blanc), avec <strong data-start=\"431\" data-end=\"461\">2 c\u00e2bles de chaque couleur<\/strong>.<\/p>\n<\/li>\n<li data-start=\"503\" data-end=\"669\">\n<p data-start=\"505\" data-end=\"669\">\ud83d\udc0a <strong data-start=\"508\" data-end=\"536\">Pinces crocodile isol\u00e9es<\/strong> \u00e0 chaque extr\u00e9mit\u00e9 pour faire des connexions rapides sur circuits, composants ou multim\u00e8tre.<\/p>\n<\/li>\n<\/ul>\n","protected":false},"excerpt":{"rendered":"<p data-start=\"133\" data-end=\"228\">Un <strong data-start=\"136\" data-end=\"205\">jeu de 10 cordons de test avec pinces crocodile (alligator clips)<\/strong>, g\u00e9n\u00e9ralement avec\u00a0:<\/p>\n<ul data-start=\"229\" data-end=\"778\">\n<li data-start=\"229\" data-end=\"348\">\n<p data-start=\"231\" data-end=\"348\">\ud83d\udccf <strong data-start=\"234\" data-end=\"267\">Longueur d\u2019environ 45\u202f\u2013\u202f50\u202fcm<\/strong> (\u224818\u202f\u201d) avec pinces aux deux extr\u00e9mit\u00e9s.<\/p>\n<\/li>\n<li data-start=\"349\" data-end=\"502\">\n<p data-start=\"351\" data-end=\"502\">\ud83c\udfa8 <strong data-start=\"354\" data-end=\"380\">5 couleurs diff\u00e9rentes<\/strong> (souvent rouge, noir, vert, jaune et blanc), avec <strong data-start=\"431\" data-end=\"461\">2 c\u00e2bles de chaque couleur<\/strong>.<\/p>\n<\/li>\n<li data-start=\"503\" data-end=\"669\">\n<p data-start=\"505\" data-end=\"669\">\ud83d\udc0a <strong data-start=\"508\" data-end=\"536\">Pinces crocodile isol\u00e9es<\/strong> \u00e0 chaque extr\u00e9mit\u00e9 pour faire des connexions rapides sur circuits, composants ou multim\u00e8tre.<\/p>\n<\/li>\n<\/ul>\n","protected":false},"featured_media":10782,"comment_status":"open","ping_status":"closed","template":"","meta":[],"product_brand":[144],"product_cat":[31],"product_tag":[],"class_list":{"0":"post-10781","1":"product","2":"type-product","3":"status-publish","4":"has-post-thumbnail","6":"product_brand-arduino","7":"product_cat-cartes-microcontroleurs","9":"first","10":"instock","11":"shipping-taxable","12":"purchasable","13":"product-type-simple"},"yoast_head":"<!-- This site is optimized with the Yoast SEO Premium plugin v26.2 (Yoast SEO v26.2) - https:\/\/yoast.com\/wordpress\/plugins\/seo\/ -->\n<title>10 CORDONS DE TEST AVEC PINCE CROCODILE (ALLIGATOR CLIPS) - ADC Electronique<\/title>\n<meta name=\"robots\" content=\"index, follow, max-snippet:-1, max-image-preview:large, max-video-preview:-1\" \/>\n<link rel=\"canonical\" href=\"https:\/\/adcelectronique.com\/index.php\/product\/10-cordons-de-test-avec-pince-crocodile-alligator-clips\/\" \/>\n<meta property=\"og:locale\" content=\"fr_FR\" \/>\n<meta property=\"og:type\" content=\"article\" \/>\n<meta property=\"og:title\" content=\"10 CORDONS DE TEST AVEC PINCE CROCODILE (ALLIGATOR CLIPS)\" \/>\n<meta property=\"og:description\" content=\"Un jeu de 10 cordons de test avec pinces crocodile (alligator clips), g\u00e9n\u00e9ralement avec\u00a0:     \ud83d\udccf Longueur d\u2019environ 45\u202f\u2013\u202f50\u202fcm (\u224818\u202f\u201d) avec pinces aux deux extr\u00e9mit\u00e9s.    \ud83c\udfa8 5 couleurs diff\u00e9rentes (souvent rouge, noir, vert, jaune et blanc), avec 2 c\u00e2bles de chaque couleur.    \ud83d\udc0a Pinces crocodile isol\u00e9es \u00e0 chaque extr\u00e9mit\u00e9 pour faire des connexions rapides sur circuits, composants ou multim\u00e8tre.\" \/>\n<meta property=\"og:url\" content=\"https:\/\/adcelectronique.com\/index.php\/product\/10-cordons-de-test-avec-pince-crocodile-alligator-clips\/\" \/>\n<meta property=\"og:site_name\" content=\"ADC Electronique\" \/>\n<meta property=\"article:modified_time\" content=\"2026-02-10T09:44:18+00:00\" \/>\n<meta property=\"og:image\" content=\"https:\/\/adcelectronique.com\/wp-content\/uploads\/2026\/02\/cro.png\" \/>\n\t<meta property=\"og:image:width\" content=\"800\" \/>\n\t<meta property=\"og:image:height\" content=\"700\" \/>\n\t<meta property=\"og:image:type\" content=\"image\/png\" \/>\n<meta name=\"twitter:card\" content=\"summary_large_image\" \/>\n<meta name=\"twitter:label1\" content=\"Dur\u00e9e de lecture estim\u00e9e\" \/>\n\t<meta name=\"twitter:data1\" content=\"1 minute\" \/>\n<script type=\"application\/ld+json\" class=\"yoast-schema-graph\">{\"@context\":\"https:\/\/schema.org\",\"@graph\":[{\"@type\":\"WebPage\",\"@id\":\"https:\/\/adcelectronique.com\/index.php\/product\/10-cordons-de-test-avec-pince-crocodile-alligator-clips\/\",\"url\":\"https:\/\/adcelectronique.com\/index.php\/product\/10-cordons-de-test-avec-pince-crocodile-alligator-clips\/\",\"name\":\"10 CORDONS DE TEST AVEC PINCE CROCODILE (ALLIGATOR CLIPS) - ADC Electronique\",\"isPartOf\":{\"@id\":\"https:\/\/adcelectronique.com\/#website\"},\"primaryImageOfPage\":{\"@id\":\"https:\/\/adcelectronique.com\/index.php\/product\/10-cordons-de-test-avec-pince-crocodile-alligator-clips\/#primaryimage\"},\"image\":{\"@id\":\"https:\/\/adcelectronique.com\/index.php\/product\/10-cordons-de-test-avec-pince-crocodile-alligator-clips\/#primaryimage\"},\"thumbnailUrl\":\"https:\/\/adcelectronique.com\/wp-content\/uploads\/2026\/02\/cro.png\",\"datePublished\":\"2026-02-10T09:44:17+00:00\",\"dateModified\":\"2026-02-10T09:44:18+00:00\",\"breadcrumb\":{\"@id\":\"https:\/\/adcelectronique.com\/index.php\/product\/10-cordons-de-test-avec-pince-crocodile-alligator-clips\/#breadcrumb\"},\"inLanguage\":\"fr-FR\",\"potentialAction\":[{\"@type\":\"ReadAction\",\"target\":[\"https:\/\/adcelectronique.com\/index.php\/product\/10-cordons-de-test-avec-pince-crocodile-alligator-clips\/\"]}]},{\"@type\":\"ImageObject\",\"inLanguage\":\"fr-FR\",\"@id\":\"https:\/\/adcelectronique.com\/index.php\/product\/10-cordons-de-test-avec-pince-crocodile-alligator-clips\/#primaryimage\",\"url\":\"https:\/\/adcelectronique.com\/wp-content\/uploads\/2026\/02\/cro.png\",\"contentUrl\":\"https:\/\/adcelectronique.com\/wp-content\/uploads\/2026\/02\/cro.png\",\"width\":800,\"height\":700},{\"@type\":\"BreadcrumbList\",\"@id\":\"https:\/\/adcelectronique.com\/index.php\/product\/10-cordons-de-test-avec-pince-crocodile-alligator-clips\/#breadcrumb\",\"itemListElement\":[{\"@type\":\"ListItem\",\"position\":1,\"name\":\"Home\",\"item\":\"https:\/\/adcelectronique.com\/\"},{\"@type\":\"ListItem\",\"position\":2,\"name\":\"Shop\",\"item\":\"https:\/\/adcelectronique.com\/index.php\/shop\/\"},{\"@type\":\"ListItem\",\"position\":3,\"name\":\"10 CORDONS DE TEST AVEC PINCE CROCODILE (ALLIGATOR CLIPS)\"}]},{\"@type\":\"WebSite\",\"@id\":\"https:\/\/adcelectronique.com\/#website\",\"url\":\"https:\/\/adcelectronique.com\/\",\"name\":\"ADC Electronique\",\"description\":\"\",\"potentialAction\":[{\"@type\":\"SearchAction\",\"target\":{\"@type\":\"EntryPoint\",\"urlTemplate\":\"https:\/\/adcelectronique.com\/?s={search_term_string}\"},\"query-input\":{\"@type\":\"PropertyValueSpecification\",\"valueRequired\":true,\"valueName\":\"search_term_string\"}}],\"inLanguage\":\"fr-FR\"}]}<\/script>\n<!-- \/ Yoast SEO Premium plugin. -->","yoast_head_json":{"title":"10 CORDONS DE TEST AVEC PINCE CROCODILE (ALLIGATOR CLIPS) - ADC Electronique","robots":{"index":"index","follow":"follow","max-snippet":"max-snippet:-1","max-image-preview":"max-image-preview:large","max-video-preview":"max-video-preview:-1"},"canonical":"https:\/\/adcelectronique.com\/index.php\/product\/10-cordons-de-test-avec-pince-crocodile-alligator-clips\/","og_locale":"fr_FR","og_type":"article","og_title":"10 CORDONS DE TEST AVEC PINCE CROCODILE (ALLIGATOR CLIPS)","og_description":"Un jeu de 10 cordons de test avec pinces crocodile (alligator clips), g\u00e9n\u00e9ralement avec\u00a0:     \ud83d\udccf Longueur d\u2019environ 45\u202f\u2013\u202f50\u202fcm (\u224818\u202f\u201d) avec pinces aux deux extr\u00e9mit\u00e9s.    \ud83c\udfa8 5 couleurs diff\u00e9rentes (souvent rouge, noir, vert, jaune et blanc), avec 2 c\u00e2bles de chaque couleur.    \ud83d\udc0a Pinces crocodile isol\u00e9es \u00e0 chaque extr\u00e9mit\u00e9 pour faire des connexions rapides sur circuits, composants ou multim\u00e8tre.","og_url":"https:\/\/adcelectronique.com\/index.php\/product\/10-cordons-de-test-avec-pince-crocodile-alligator-clips\/","og_site_name":"ADC Electronique","article_modified_time":"2026-02-10T09:44:18+00:00","og_image":[{"width":800,"height":700,"url":"https:\/\/adcelectronique.com\/wp-content\/uploads\/2026\/02\/cro.png","type":"image\/png"}],"twitter_card":"summary_large_image","twitter_misc":{"Dur\u00e9e de lecture estim\u00e9e":"1 minute"},"schema":{"@context":"https:\/\/schema.org","@graph":[{"@type":"WebPage","@id":"https:\/\/adcelectronique.com\/index.php\/product\/10-cordons-de-test-avec-pince-crocodile-alligator-clips\/","url":"https:\/\/adcelectronique.com\/index.php\/product\/10-cordons-de-test-avec-pince-crocodile-alligator-clips\/","name":"10 CORDONS DE TEST AVEC PINCE CROCODILE (ALLIGATOR CLIPS) - ADC Electronique","isPartOf":{"@id":"https:\/\/adcelectronique.com\/#website"},"primaryImageOfPage":{"@id":"https:\/\/adcelectronique.com\/index.php\/product\/10-cordons-de-test-avec-pince-crocodile-alligator-clips\/#primaryimage"},"image":{"@id":"https:\/\/adcelectronique.com\/index.php\/product\/10-cordons-de-test-avec-pince-crocodile-alligator-clips\/#primaryimage"},"thumbnailUrl":"https:\/\/adcelectronique.com\/wp-content\/uploads\/2026\/02\/cro.png","datePublished":"2026-02-10T09:44:17+00:00","dateModified":"2026-02-10T09:44:18+00:00","breadcrumb":{"@id":"https:\/\/adcelectronique.com\/index.php\/product\/10-cordons-de-test-avec-pince-crocodile-alligator-clips\/#breadcrumb"},"inLanguage":"fr-FR","potentialAction":[{"@type":"ReadAction","target":["https:\/\/adcelectronique.com\/index.php\/product\/10-cordons-de-test-avec-pince-crocodile-alligator-clips\/"]}]},{"@type":"ImageObject","inLanguage":"fr-FR","@id":"https:\/\/adcelectronique.com\/index.php\/product\/10-cordons-de-test-avec-pince-crocodile-alligator-clips\/#primaryimage","url":"https:\/\/adcelectronique.com\/wp-content\/uploads\/2026\/02\/cro.png","contentUrl":"https:\/\/adcelectronique.com\/wp-content\/uploads\/2026\/02\/cro.png","width":800,"height":700},{"@type":"BreadcrumbList","@id":"https:\/\/adcelectronique.com\/index.php\/product\/10-cordons-de-test-avec-pince-crocodile-alligator-clips\/#breadcrumb","itemListElement":[{"@type":"ListItem","position":1,"name":"Home","item":"https:\/\/adcelectronique.com\/"},{"@type":"ListItem","position":2,"name":"Shop","item":"https:\/\/adcelectronique.com\/index.php\/shop\/"},{"@type":"ListItem","position":3,"name":"10 CORDONS DE TEST AVEC PINCE CROCODILE (ALLIGATOR CLIPS)"}]},{"@type":"WebSite","@id":"https:\/\/adcelectronique.com\/#website","url":"https:\/\/adcelectronique.com\/","name":"ADC Electronique","description":"","potentialAction":[{"@type":"SearchAction","target":{"@type":"EntryPoint","urlTemplate":"https:\/\/adcelectronique.com\/?s={search_term_string}"},"query-input":{"@type":"PropertyValueSpecification","valueRequired":true,"valueName":"search_term_string"}}],"inLanguage":"fr-FR"}]}},"_links":{"self":[{"href":"https:\/\/adcelectronique.com\/index.php\/wp-json\/wp\/v2\/product\/10781","targetHints":{"allow":["GET"]}}],"collection":[{"href":"https:\/\/adcelectronique.com\/index.php\/wp-json\/wp\/v2\/product"}],"about":[{"href":"https:\/\/adcelectronique.com\/index.php\/wp-json\/wp\/v2\/types\/product"}],"replies":[{"embeddable":true,"href":"https:\/\/adcelectronique.com\/index.php\/wp-json\/wp\/v2\/comments?post=10781"}],"version-history":[{"count":0,"href":"https:\/\/adcelectronique.com\/index.php\/wp-json\/wp\/v2\/product\/10781\/revisions"}],"wp:featuredmedia":[{"embeddable":true,"href":"https:\/\/adcelectronique.com\/index.php\/wp-json\/wp\/v2\/media\/10782"}],"wp:attachment":[{"href":"https:\/\/adcelectronique.com\/index.php\/wp-json\/wp\/v2\/media?parent=10781"}],"wp:term":[{"taxonomy":"product_brand","embeddable":true,"href":"https:\/\/adcelectronique.com\/index.php\/wp-json\/wp\/v2\/product_brand?post=10781"},{"taxonomy":"product_cat","embeddable":true,"href":"https:\/\/adcelectronique.com\/index.php\/wp-json\/wp\/v2\/product_cat?post=10781"},{"taxonomy":"product_tag","embeddable":true,"href":"https:\/\/adcelectronique.com\/index.php\/wp-json\/wp\/v2\/product_tag?post=10781"}],"curies":[{"name":"wp","href":"https:\/\/api.w.org\/{rel}","templated":true}]}}