{"id":10787,"date":"2026-02-10T09:51:06","date_gmt":"2026-02-10T09:51:06","guid":{"rendered":"https:\/\/adcelectronique.com\/?post_type=product&#038;p=10787"},"modified":"2026-02-10T09:51:07","modified_gmt":"2026-02-10T09:51:07","slug":"carte-proto-shield","status":"publish","type":"product","link":"https:\/\/adcelectronique.com\/index.php\/product\/carte-proto-shield\/","title":{"rendered":"CARTE PROTO SHIELD"},"content":{"rendered":"<h3>\u00a0 \u00a0 \u00a0 \u00a0 \u00a0 \u00a0 \u00a0 \u00a0 \u00a0 \u00a0 \u00a0 \u00a0 \u00a0 \u00a0 \u00a0 \u00a0 \u00a0 \u00a0 \u00a0 \u00a0 \u00a0 \u00a0 \u00a0 \u00a0 \u00a0 \u00a0CARTE PROTO SHIELD<\/h3>\n<h5>\u00a0 \u00a0 \u00a0 . D\u00e9finition<\/h5>\n<p data-start=\"77\" data-end=\"201\">une <strong data-start=\"111\" data-end=\"132\">carte d\u2019extension<\/strong> qui se fixe directement sur une carte Arduino (comme Uno ou Mega) sa fonction principale est de <strong data-start=\"234\" data-end=\"284\">faciliter le montage de circuits \u00e9lectroniques<\/strong> pour les tests et les prototypes elle poss\u00e8de g\u00e9n\u00e9ralement <strong data-start=\"349\" data-end=\"389\">des zones pour souder des composants<\/strong> (r\u00e9sistances, condensateurs, circuits int\u00e9gr\u00e9s\u2026) ou parfois <strong data-start=\"450\" data-end=\"484\">une petite breadboard int\u00e9gr\u00e9e<\/strong>.<\/p>\n<ul>\n<li data-start=\"75\" data-end=\"201\">\n<h5 data-start=\"77\" data-end=\"201\"><strong style=\"color: #1b1919;font-size: 22px\" data-start=\"498\" data-end=\"521\">Caract\u00e9ristiques<\/strong><\/h5>\n<ol data-start=\"522\" data-end=\"869\">\n<li data-start=\"522\" data-end=\"617\">\n<p data-start=\"525\" data-end=\"617\"><strong data-start=\"525\" data-end=\"546\">Facile \u00e0 utiliser<\/strong> : elle se connecte directement sur l\u2019Arduino sans c\u00e2blage compliqu\u00e9.<\/p>\n<\/li>\n<li data-start=\"618\" data-end=\"709\">\n<p data-start=\"621\" data-end=\"709\"><strong data-start=\"621\" data-end=\"654\">Flexible pour les exp\u00e9riences<\/strong> : permet de cr\u00e9er des circuits simples ou complexes.<\/p>\n<\/li>\n<li data-start=\"710\" data-end=\"801\">\n<p data-start=\"713\" data-end=\"801\"><strong data-start=\"713\" data-end=\"730\">Gain de temps<\/strong> : pas besoin de breadboard s\u00e9par\u00e9e ni de nombreux fils de connexion.<\/p>\n<\/li>\n<li data-start=\"802\" data-end=\"869\">\n<p data-start=\"805\" data-end=\"869\"><strong data-start=\"805\" data-end=\"822\">Compatibilit\u00e9<\/strong> : fonctionne avec Arduino Uno, Mega et Nano.<\/p>\n<\/li>\n<\/ol>\n<\/li>\n<\/ul>\n","protected":false},"excerpt":{"rendered":"<h5>\u00a0 . D\u00e9finition<\/h5>\n<p data-start=\"77\" data-end=\"201\">une <strong data-start=\"111\" data-end=\"132\">carte d\u2019extension<\/strong> qui se fixe directement sur une carte Arduino (comme Uno ou Mega) sa fonction principale est de <strong data-start=\"234\" data-end=\"284\">faciliter le montage de circuits \u00e9lectroniques<\/strong> pour les tests et les prototypes elle poss\u00e8de g\u00e9n\u00e9ralement <strong data-start=\"349\" data-end=\"389\">des zones pour souder des composants<\/strong> (r\u00e9sistances, condensateurs, circuits int\u00e9gr\u00e9s\u2026) ou parfois <strong data-start=\"450\" data-end=\"484\">une petite breadboard int\u00e9gr\u00e9e<\/strong>.<\/p>\n","protected":false},"featured_media":10788,"comment_status":"open","ping_status":"closed","template":"","meta":[],"product_brand":[144],"product_cat":[31],"product_tag":[],"class_list":{"0":"post-10787","1":"product","2":"type-product","3":"status-publish","4":"has-post-thumbnail","6":"product_brand-arduino","7":"product_cat-cartes-microcontroleurs","9":"first","10":"instock","11":"shipping-taxable","12":"purchasable","13":"product-type-simple"},"yoast_head":"<!-- This site is optimized with the Yoast SEO Premium plugin v26.2 (Yoast SEO v26.2) - https:\/\/yoast.com\/wordpress\/plugins\/seo\/ -->\n<title>CARTE PROTO SHIELD - ADC Electronique<\/title>\n<meta name=\"robots\" content=\"index, follow, max-snippet:-1, max-image-preview:large, max-video-preview:-1\" \/>\n<link rel=\"canonical\" href=\"https:\/\/adcelectronique.com\/index.php\/product\/carte-proto-shield\/\" \/>\n<meta property=\"og:locale\" content=\"fr_FR\" \/>\n<meta property=\"og:type\" content=\"article\" \/>\n<meta property=\"og:title\" content=\"CARTE PROTO SHIELD\" \/>\n<meta property=\"og:description\" content=\"\u00a0 . D\u00e9finition une carte d\u2019extension qui se fixe directement sur une carte Arduino (comme Uno ou Mega) sa fonction principale est de faciliter le montage de circuits \u00e9lectroniques pour les tests et les prototypes elle poss\u00e8de g\u00e9n\u00e9ralement des zones pour souder des composants (r\u00e9sistances, condensateurs, circuits int\u00e9gr\u00e9s\u2026) ou parfois une petite breadboard int\u00e9gr\u00e9e.\" \/>\n<meta property=\"og:url\" content=\"https:\/\/adcelectronique.com\/index.php\/product\/carte-proto-shield\/\" \/>\n<meta property=\"og:site_name\" content=\"ADC Electronique\" \/>\n<meta property=\"article:modified_time\" content=\"2026-02-10T09:51:07+00:00\" \/>\n<meta property=\"og:image\" content=\"https:\/\/adcelectronique.com\/wp-content\/uploads\/2026\/02\/Prototype-UNO-shield-Twins-Chip-1-1000x1000-1.jpg\" \/>\n\t<meta property=\"og:image:width\" content=\"1000\" \/>\n\t<meta property=\"og:image:height\" content=\"1000\" \/>\n\t<meta property=\"og:image:type\" content=\"image\/jpeg\" \/>\n<meta name=\"twitter:card\" content=\"summary_large_image\" \/>\n<meta name=\"twitter:label1\" content=\"Dur\u00e9e de lecture estim\u00e9e\" \/>\n\t<meta name=\"twitter:data1\" content=\"1 minute\" \/>\n<script type=\"application\/ld+json\" class=\"yoast-schema-graph\">{\"@context\":\"https:\/\/schema.org\",\"@graph\":[{\"@type\":\"WebPage\",\"@id\":\"https:\/\/adcelectronique.com\/index.php\/product\/carte-proto-shield\/\",\"url\":\"https:\/\/adcelectronique.com\/index.php\/product\/carte-proto-shield\/\",\"name\":\"CARTE PROTO SHIELD - ADC Electronique\",\"isPartOf\":{\"@id\":\"https:\/\/adcelectronique.com\/#website\"},\"primaryImageOfPage\":{\"@id\":\"https:\/\/adcelectronique.com\/index.php\/product\/carte-proto-shield\/#primaryimage\"},\"image\":{\"@id\":\"https:\/\/adcelectronique.com\/index.php\/product\/carte-proto-shield\/#primaryimage\"},\"thumbnailUrl\":\"https:\/\/adcelectronique.com\/wp-content\/uploads\/2026\/02\/Prototype-UNO-shield-Twins-Chip-1-1000x1000-1.jpg\",\"datePublished\":\"2026-02-10T09:51:06+00:00\",\"dateModified\":\"2026-02-10T09:51:07+00:00\",\"breadcrumb\":{\"@id\":\"https:\/\/adcelectronique.com\/index.php\/product\/carte-proto-shield\/#breadcrumb\"},\"inLanguage\":\"fr-FR\",\"potentialAction\":[{\"@type\":\"ReadAction\",\"target\":[\"https:\/\/adcelectronique.com\/index.php\/product\/carte-proto-shield\/\"]}]},{\"@type\":\"ImageObject\",\"inLanguage\":\"fr-FR\",\"@id\":\"https:\/\/adcelectronique.com\/index.php\/product\/carte-proto-shield\/#primaryimage\",\"url\":\"https:\/\/adcelectronique.com\/wp-content\/uploads\/2026\/02\/Prototype-UNO-shield-Twins-Chip-1-1000x1000-1.jpg\",\"contentUrl\":\"https:\/\/adcelectronique.com\/wp-content\/uploads\/2026\/02\/Prototype-UNO-shield-Twins-Chip-1-1000x1000-1.jpg\",\"width\":1000,\"height\":1000},{\"@type\":\"BreadcrumbList\",\"@id\":\"https:\/\/adcelectronique.com\/index.php\/product\/carte-proto-shield\/#breadcrumb\",\"itemListElement\":[{\"@type\":\"ListItem\",\"position\":1,\"name\":\"Home\",\"item\":\"https:\/\/adcelectronique.com\/\"},{\"@type\":\"ListItem\",\"position\":2,\"name\":\"Shop\",\"item\":\"https:\/\/adcelectronique.com\/index.php\/shop\/\"},{\"@type\":\"ListItem\",\"position\":3,\"name\":\"CARTE PROTO SHIELD\"}]},{\"@type\":\"WebSite\",\"@id\":\"https:\/\/adcelectronique.com\/#website\",\"url\":\"https:\/\/adcelectronique.com\/\",\"name\":\"ADC Electronique\",\"description\":\"\",\"potentialAction\":[{\"@type\":\"SearchAction\",\"target\":{\"@type\":\"EntryPoint\",\"urlTemplate\":\"https:\/\/adcelectronique.com\/?s={search_term_string}\"},\"query-input\":{\"@type\":\"PropertyValueSpecification\",\"valueRequired\":true,\"valueName\":\"search_term_string\"}}],\"inLanguage\":\"fr-FR\"}]}<\/script>\n<!-- \/ Yoast SEO Premium plugin. -->","yoast_head_json":{"title":"CARTE PROTO SHIELD - ADC Electronique","robots":{"index":"index","follow":"follow","max-snippet":"max-snippet:-1","max-image-preview":"max-image-preview:large","max-video-preview":"max-video-preview:-1"},"canonical":"https:\/\/adcelectronique.com\/index.php\/product\/carte-proto-shield\/","og_locale":"fr_FR","og_type":"article","og_title":"CARTE PROTO SHIELD","og_description":"\u00a0 . D\u00e9finition une carte d\u2019extension qui se fixe directement sur une carte Arduino (comme Uno ou Mega) sa fonction principale est de faciliter le montage de circuits \u00e9lectroniques pour les tests et les prototypes elle poss\u00e8de g\u00e9n\u00e9ralement des zones pour souder des composants (r\u00e9sistances, condensateurs, circuits int\u00e9gr\u00e9s\u2026) ou parfois une petite breadboard int\u00e9gr\u00e9e.","og_url":"https:\/\/adcelectronique.com\/index.php\/product\/carte-proto-shield\/","og_site_name":"ADC Electronique","article_modified_time":"2026-02-10T09:51:07+00:00","og_image":[{"width":1000,"height":1000,"url":"https:\/\/adcelectronique.com\/wp-content\/uploads\/2026\/02\/Prototype-UNO-shield-Twins-Chip-1-1000x1000-1.jpg","type":"image\/jpeg"}],"twitter_card":"summary_large_image","twitter_misc":{"Dur\u00e9e de lecture estim\u00e9e":"1 minute"},"schema":{"@context":"https:\/\/schema.org","@graph":[{"@type":"WebPage","@id":"https:\/\/adcelectronique.com\/index.php\/product\/carte-proto-shield\/","url":"https:\/\/adcelectronique.com\/index.php\/product\/carte-proto-shield\/","name":"CARTE PROTO SHIELD - ADC Electronique","isPartOf":{"@id":"https:\/\/adcelectronique.com\/#website"},"primaryImageOfPage":{"@id":"https:\/\/adcelectronique.com\/index.php\/product\/carte-proto-shield\/#primaryimage"},"image":{"@id":"https:\/\/adcelectronique.com\/index.php\/product\/carte-proto-shield\/#primaryimage"},"thumbnailUrl":"https:\/\/adcelectronique.com\/wp-content\/uploads\/2026\/02\/Prototype-UNO-shield-Twins-Chip-1-1000x1000-1.jpg","datePublished":"2026-02-10T09:51:06+00:00","dateModified":"2026-02-10T09:51:07+00:00","breadcrumb":{"@id":"https:\/\/adcelectronique.com\/index.php\/product\/carte-proto-shield\/#breadcrumb"},"inLanguage":"fr-FR","potentialAction":[{"@type":"ReadAction","target":["https:\/\/adcelectronique.com\/index.php\/product\/carte-proto-shield\/"]}]},{"@type":"ImageObject","inLanguage":"fr-FR","@id":"https:\/\/adcelectronique.com\/index.php\/product\/carte-proto-shield\/#primaryimage","url":"https:\/\/adcelectronique.com\/wp-content\/uploads\/2026\/02\/Prototype-UNO-shield-Twins-Chip-1-1000x1000-1.jpg","contentUrl":"https:\/\/adcelectronique.com\/wp-content\/uploads\/2026\/02\/Prototype-UNO-shield-Twins-Chip-1-1000x1000-1.jpg","width":1000,"height":1000},{"@type":"BreadcrumbList","@id":"https:\/\/adcelectronique.com\/index.php\/product\/carte-proto-shield\/#breadcrumb","itemListElement":[{"@type":"ListItem","position":1,"name":"Home","item":"https:\/\/adcelectronique.com\/"},{"@type":"ListItem","position":2,"name":"Shop","item":"https:\/\/adcelectronique.com\/index.php\/shop\/"},{"@type":"ListItem","position":3,"name":"CARTE PROTO SHIELD"}]},{"@type":"WebSite","@id":"https:\/\/adcelectronique.com\/#website","url":"https:\/\/adcelectronique.com\/","name":"ADC Electronique","description":"","potentialAction":[{"@type":"SearchAction","target":{"@type":"EntryPoint","urlTemplate":"https:\/\/adcelectronique.com\/?s={search_term_string}"},"query-input":{"@type":"PropertyValueSpecification","valueRequired":true,"valueName":"search_term_string"}}],"inLanguage":"fr-FR"}]}},"_links":{"self":[{"href":"https:\/\/adcelectronique.com\/index.php\/wp-json\/wp\/v2\/product\/10787","targetHints":{"allow":["GET"]}}],"collection":[{"href":"https:\/\/adcelectronique.com\/index.php\/wp-json\/wp\/v2\/product"}],"about":[{"href":"https:\/\/adcelectronique.com\/index.php\/wp-json\/wp\/v2\/types\/product"}],"replies":[{"embeddable":true,"href":"https:\/\/adcelectronique.com\/index.php\/wp-json\/wp\/v2\/comments?post=10787"}],"version-history":[{"count":0,"href":"https:\/\/adcelectronique.com\/index.php\/wp-json\/wp\/v2\/product\/10787\/revisions"}],"wp:featuredmedia":[{"embeddable":true,"href":"https:\/\/adcelectronique.com\/index.php\/wp-json\/wp\/v2\/media\/10788"}],"wp:attachment":[{"href":"https:\/\/adcelectronique.com\/index.php\/wp-json\/wp\/v2\/media?parent=10787"}],"wp:term":[{"taxonomy":"product_brand","embeddable":true,"href":"https:\/\/adcelectronique.com\/index.php\/wp-json\/wp\/v2\/product_brand?post=10787"},{"taxonomy":"product_cat","embeddable":true,"href":"https:\/\/adcelectronique.com\/index.php\/wp-json\/wp\/v2\/product_cat?post=10787"},{"taxonomy":"product_tag","embeddable":true,"href":"https:\/\/adcelectronique.com\/index.php\/wp-json\/wp\/v2\/product_tag?post=10787"}],"curies":[{"name":"wp","href":"https:\/\/api.w.org\/{rel}","templated":true}]}}