{"id":10802,"date":"2026-02-10T10:08:31","date_gmt":"2026-02-10T10:08:31","guid":{"rendered":"https:\/\/adcelectronique.com\/?post_type=product&#038;p=10802"},"modified":"2026-02-10T10:08:31","modified_gmt":"2026-02-10T10:08:31","slug":"kit-rc522-rfid","status":"publish","type":"product","link":"https:\/\/adcelectronique.com\/index.php\/product\/kit-rc522-rfid\/","title":{"rendered":"KIT RC522 RFID"},"content":{"rendered":"<h2>\u00a0 \u00a0 \u00a0 \u00a0 \u00a0 \u00a0 \u00a0 \u00a0 \u00a0 \u00a0 \u00a0 \u00a0 \u00a0 \u00a0 \u00a0 \u00a0 \u00a0 \u00a0 \u00a0 \u00a0 \u00a0 \u00a0 \u00a0 \u00a0 \u00a0 \u00a0 \u00a0KIT RC522 RFID<\/h2>\n<p data-start=\"147\" data-end=\"266\">\u00a0 un <strong data-start=\"167\" data-end=\"199\">module lecteur\/\u00e9crivain RFID<\/strong> qui fonctionne avec des <strong data-start=\"224\" data-end=\"263\">cartes ou porte-cl\u00e9s RFID 13,56\u202fMHz\u00a0 a<\/strong>vec ce module, tu peux lire l\u2019ID des cartes, cr\u00e9er un syst\u00e8me d\u2019acc\u00e8s, g\u00e9rer un inventaire ou tout projet n\u00e9cessitant une identification sans contact fr\u00e9quemment utilis\u00e9 avec <strong data-start=\"450\" data-end=\"484\">Arduino, ESP32 ou Raspberry Pi<\/strong>.<\/p>\n<h3 data-start=\"744\" data-end=\"782\"><strong data-start=\"748\" data-end=\"782\"> Caract\u00e9ristiques techniques<\/strong><\/h3>\n<div class=\"TyagGW_tableContainer\">\n<div class=\"group TyagGW_tableWrapper flex flex-col-reverse w-fit\">\n<table class=\"w-fit min-w-(--thread-content-width)\" data-start=\"783\" data-end=\"1065\">\n<thead data-start=\"783\" data-end=\"805\">\n<tr data-start=\"783\" data-end=\"805\">\n<th class=\"\" data-start=\"783\" data-end=\"795\" data-col-size=\"sm\">Param\u00e8tre<\/th>\n<th class=\"\" data-start=\"795\" data-end=\"805\" data-col-size=\"sm\">Valeur<\/th>\n<\/tr>\n<\/thead>\n<tbody data-start=\"829\" data-end=\"1065\">\n<tr data-start=\"829\" data-end=\"854\">\n<td data-start=\"829\" data-end=\"841\" data-col-size=\"sm\">Fr\u00e9quence<\/td>\n<td data-col-size=\"sm\" data-start=\"841\" data-end=\"854\">13,56\u202fMHz<\/td>\n<\/tr>\n<tr data-start=\"855\" data-end=\"906\">\n<td data-start=\"855\" data-end=\"867\" data-col-size=\"sm\">Interface<\/td>\n<td data-col-size=\"sm\" data-start=\"867\" data-end=\"906\">SPI (standard), parfois I2C ou UART<\/td>\n<\/tr>\n<tr data-start=\"907\" data-end=\"959\">\n<td data-start=\"907\" data-end=\"917\" data-col-size=\"sm\">Tension<\/td>\n<td data-col-size=\"sm\" data-start=\"917\" data-end=\"959\">3,3\u202fV (certaines cartes acceptent 5\u202fV)<\/td>\n<\/tr>\n<tr data-start=\"960\" data-end=\"1019\">\n<td data-start=\"960\" data-end=\"980\" data-col-size=\"sm\">Port\u00e9e de lecture<\/td>\n<td data-col-size=\"sm\" data-start=\"980\" data-end=\"1019\">~2\u20135\u202fcm selon la carte et l\u2019antenne<\/td>\n<\/tr>\n<tr data-start=\"1020\" data-end=\"1065\">\n<td data-start=\"1020\" data-end=\"1035\" data-col-size=\"sm\">Consommation<\/td>\n<td data-col-size=\"sm\" data-start=\"1035\" data-end=\"1065\">13\u201326\u202fmA en fonctionnement<\/td>\n<\/tr>\n<\/tbody>\n<\/table>\n<\/div>\n<\/div>\n","protected":false},"excerpt":{"rendered":"<p>un <strong data-start=\"167\" data-end=\"199\">module lecteur\/\u00e9crivain RFID<\/strong> qui fonctionne avec des <strong data-start=\"224\" data-end=\"263\">cartes ou porte-cl\u00e9s RFID 13,56\u202fMHz\u00a0 a<\/strong>vec ce module, tu peux lire l\u2019ID des cartes, cr\u00e9er un syst\u00e8me d\u2019acc\u00e8s, g\u00e9rer un inventaire ou tout projet n\u00e9cessitant une identification sans contact fr\u00e9quemment utilis\u00e9 avec <strong data-start=\"450\" data-end=\"484\">Arduino, ESP32 ou Raspberry Pi<\/strong>.<\/p>\n","protected":false},"featured_media":10803,"comment_status":"open","ping_status":"closed","template":"","meta":[],"product_brand":[144],"product_cat":[31],"product_tag":[],"class_list":{"0":"post-10802","1":"product","2":"type-product","3":"status-publish","4":"has-post-thumbnail","6":"product_brand-arduino","7":"product_cat-cartes-microcontroleurs","9":"first","10":"instock","11":"shipping-taxable","12":"purchasable","13":"product-type-simple"},"yoast_head":"<!-- This site is optimized with the Yoast SEO Premium plugin v26.2 (Yoast SEO v26.2) - https:\/\/yoast.com\/wordpress\/plugins\/seo\/ -->\n<title>KIT RC522 RFID - ADC Electronique<\/title>\n<meta name=\"description\" content=\"un module lecteur\/\u00e9crivain RFID qui fonctionne avec des cartes ou porte-cl\u00e9s RFID 13,56\u202fMHz\u00a0 avec ce module, tu peux lire l\u2019ID des cartes, cr\u00e9er un syst\u00e8me d\u2019acc\u00e8s, g\u00e9rer un inventaire ou tout projet n\u00e9cessitant une identification sans contact fr\u00e9quemment utilis\u00e9 avec Arduino, ESP32 ou Raspberry Pi.\u00a0 \u00a0\" \/>\n<meta name=\"robots\" content=\"index, follow, max-snippet:-1, max-image-preview:large, max-video-preview:-1\" \/>\n<link rel=\"canonical\" href=\"https:\/\/adcelectronique.com\/index.php\/product\/kit-rc522-rfid\/\" \/>\n<meta property=\"og:locale\" content=\"fr_FR\" \/>\n<meta property=\"og:type\" content=\"article\" \/>\n<meta property=\"og:title\" content=\"KIT RC522 RFID\" \/>\n<meta property=\"og:description\" content=\"un module lecteur\/\u00e9crivain RFID qui fonctionne avec des cartes ou porte-cl\u00e9s RFID 13,56\u202fMHz\u00a0 avec ce module, tu peux lire l\u2019ID des cartes, cr\u00e9er un syst\u00e8me d\u2019acc\u00e8s, g\u00e9rer un inventaire ou tout projet n\u00e9cessitant une identification sans contact fr\u00e9quemment utilis\u00e9 avec Arduino, ESP32 ou Raspberry Pi.\u00a0 \u00a0\" \/>\n<meta property=\"og:url\" content=\"https:\/\/adcelectronique.com\/index.php\/product\/kit-rc522-rfid\/\" \/>\n<meta property=\"og:site_name\" content=\"ADC Electronique\" \/>\n<meta property=\"og:image\" content=\"https:\/\/adcelectronique.com\/wp-content\/uploads\/2026\/02\/s-l400-1.jpg\" \/>\n\t<meta property=\"og:image:width\" content=\"400\" \/>\n\t<meta property=\"og:image:height\" content=\"400\" \/>\n\t<meta property=\"og:image:type\" content=\"image\/jpeg\" \/>\n<meta name=\"twitter:card\" content=\"summary_large_image\" \/>\n<meta name=\"twitter:label1\" content=\"Dur\u00e9e de lecture estim\u00e9e\" \/>\n\t<meta name=\"twitter:data1\" content=\"1 minute\" \/>\n<script type=\"application\/ld+json\" class=\"yoast-schema-graph\">{\"@context\":\"https:\/\/schema.org\",\"@graph\":[{\"@type\":\"WebPage\",\"@id\":\"https:\/\/adcelectronique.com\/index.php\/product\/kit-rc522-rfid\/\",\"url\":\"https:\/\/adcelectronique.com\/index.php\/product\/kit-rc522-rfid\/\",\"name\":\"KIT RC522 RFID - ADC Electronique\",\"isPartOf\":{\"@id\":\"https:\/\/adcelectronique.com\/#website\"},\"primaryImageOfPage\":{\"@id\":\"https:\/\/adcelectronique.com\/index.php\/product\/kit-rc522-rfid\/#primaryimage\"},\"image\":{\"@id\":\"https:\/\/adcelectronique.com\/index.php\/product\/kit-rc522-rfid\/#primaryimage\"},\"thumbnailUrl\":\"https:\/\/adcelectronique.com\/wp-content\/uploads\/2026\/02\/s-l400-1.jpg\",\"datePublished\":\"2026-02-10T10:08:31+00:00\",\"description\":\"un module lecteur\/\u00e9crivain RFID qui fonctionne avec des cartes ou porte-cl\u00e9s RFID 13,56\u202fMHz\u00a0 avec ce module, tu peux lire l\u2019ID des cartes, cr\u00e9er un syst\u00e8me d\u2019acc\u00e8s, g\u00e9rer un inventaire ou tout projet n\u00e9cessitant une identification sans contact fr\u00e9quemment utilis\u00e9 avec Arduino, ESP32 ou Raspberry Pi.\u00a0 \u00a0\",\"breadcrumb\":{\"@id\":\"https:\/\/adcelectronique.com\/index.php\/product\/kit-rc522-rfid\/#breadcrumb\"},\"inLanguage\":\"fr-FR\",\"potentialAction\":[{\"@type\":\"ReadAction\",\"target\":[\"https:\/\/adcelectronique.com\/index.php\/product\/kit-rc522-rfid\/\"]}]},{\"@type\":\"ImageObject\",\"inLanguage\":\"fr-FR\",\"@id\":\"https:\/\/adcelectronique.com\/index.php\/product\/kit-rc522-rfid\/#primaryimage\",\"url\":\"https:\/\/adcelectronique.com\/wp-content\/uploads\/2026\/02\/s-l400-1.jpg\",\"contentUrl\":\"https:\/\/adcelectronique.com\/wp-content\/uploads\/2026\/02\/s-l400-1.jpg\",\"width\":400,\"height\":400},{\"@type\":\"BreadcrumbList\",\"@id\":\"https:\/\/adcelectronique.com\/index.php\/product\/kit-rc522-rfid\/#breadcrumb\",\"itemListElement\":[{\"@type\":\"ListItem\",\"position\":1,\"name\":\"Home\",\"item\":\"https:\/\/adcelectronique.com\/\"},{\"@type\":\"ListItem\",\"position\":2,\"name\":\"Shop\",\"item\":\"https:\/\/adcelectronique.com\/index.php\/shop\/\"},{\"@type\":\"ListItem\",\"position\":3,\"name\":\"KIT RC522 RFID\"}]},{\"@type\":\"WebSite\",\"@id\":\"https:\/\/adcelectronique.com\/#website\",\"url\":\"https:\/\/adcelectronique.com\/\",\"name\":\"ADC Electronique\",\"description\":\"\",\"potentialAction\":[{\"@type\":\"SearchAction\",\"target\":{\"@type\":\"EntryPoint\",\"urlTemplate\":\"https:\/\/adcelectronique.com\/?s={search_term_string}\"},\"query-input\":{\"@type\":\"PropertyValueSpecification\",\"valueRequired\":true,\"valueName\":\"search_term_string\"}}],\"inLanguage\":\"fr-FR\"}]}<\/script>\n<!-- \/ Yoast SEO Premium plugin. -->","yoast_head_json":{"title":"KIT RC522 RFID - ADC Electronique","description":"un module lecteur\/\u00e9crivain RFID qui fonctionne avec des cartes ou porte-cl\u00e9s RFID 13,56\u202fMHz\u00a0 avec ce module, tu peux lire l\u2019ID des cartes, cr\u00e9er un syst\u00e8me d\u2019acc\u00e8s, g\u00e9rer un inventaire ou tout projet n\u00e9cessitant une identification sans contact fr\u00e9quemment utilis\u00e9 avec Arduino, ESP32 ou Raspberry Pi.\u00a0 \u00a0","robots":{"index":"index","follow":"follow","max-snippet":"max-snippet:-1","max-image-preview":"max-image-preview:large","max-video-preview":"max-video-preview:-1"},"canonical":"https:\/\/adcelectronique.com\/index.php\/product\/kit-rc522-rfid\/","og_locale":"fr_FR","og_type":"article","og_title":"KIT RC522 RFID","og_description":"un module lecteur\/\u00e9crivain RFID qui fonctionne avec des cartes ou porte-cl\u00e9s RFID 13,56\u202fMHz\u00a0 avec ce module, tu peux lire l\u2019ID des cartes, cr\u00e9er un syst\u00e8me d\u2019acc\u00e8s, g\u00e9rer un inventaire ou tout projet n\u00e9cessitant une identification sans contact fr\u00e9quemment utilis\u00e9 avec Arduino, ESP32 ou Raspberry Pi.\u00a0 \u00a0","og_url":"https:\/\/adcelectronique.com\/index.php\/product\/kit-rc522-rfid\/","og_site_name":"ADC Electronique","og_image":[{"width":400,"height":400,"url":"https:\/\/adcelectronique.com\/wp-content\/uploads\/2026\/02\/s-l400-1.jpg","type":"image\/jpeg"}],"twitter_card":"summary_large_image","twitter_misc":{"Dur\u00e9e de lecture estim\u00e9e":"1 minute"},"schema":{"@context":"https:\/\/schema.org","@graph":[{"@type":"WebPage","@id":"https:\/\/adcelectronique.com\/index.php\/product\/kit-rc522-rfid\/","url":"https:\/\/adcelectronique.com\/index.php\/product\/kit-rc522-rfid\/","name":"KIT RC522 RFID - ADC Electronique","isPartOf":{"@id":"https:\/\/adcelectronique.com\/#website"},"primaryImageOfPage":{"@id":"https:\/\/adcelectronique.com\/index.php\/product\/kit-rc522-rfid\/#primaryimage"},"image":{"@id":"https:\/\/adcelectronique.com\/index.php\/product\/kit-rc522-rfid\/#primaryimage"},"thumbnailUrl":"https:\/\/adcelectronique.com\/wp-content\/uploads\/2026\/02\/s-l400-1.jpg","datePublished":"2026-02-10T10:08:31+00:00","description":"un module lecteur\/\u00e9crivain RFID qui fonctionne avec des cartes ou porte-cl\u00e9s RFID 13,56\u202fMHz\u00a0 avec ce module, tu peux lire l\u2019ID des cartes, cr\u00e9er un syst\u00e8me d\u2019acc\u00e8s, g\u00e9rer un inventaire ou tout projet n\u00e9cessitant une identification sans contact fr\u00e9quemment utilis\u00e9 avec Arduino, ESP32 ou Raspberry Pi.\u00a0 \u00a0","breadcrumb":{"@id":"https:\/\/adcelectronique.com\/index.php\/product\/kit-rc522-rfid\/#breadcrumb"},"inLanguage":"fr-FR","potentialAction":[{"@type":"ReadAction","target":["https:\/\/adcelectronique.com\/index.php\/product\/kit-rc522-rfid\/"]}]},{"@type":"ImageObject","inLanguage":"fr-FR","@id":"https:\/\/adcelectronique.com\/index.php\/product\/kit-rc522-rfid\/#primaryimage","url":"https:\/\/adcelectronique.com\/wp-content\/uploads\/2026\/02\/s-l400-1.jpg","contentUrl":"https:\/\/adcelectronique.com\/wp-content\/uploads\/2026\/02\/s-l400-1.jpg","width":400,"height":400},{"@type":"BreadcrumbList","@id":"https:\/\/adcelectronique.com\/index.php\/product\/kit-rc522-rfid\/#breadcrumb","itemListElement":[{"@type":"ListItem","position":1,"name":"Home","item":"https:\/\/adcelectronique.com\/"},{"@type":"ListItem","position":2,"name":"Shop","item":"https:\/\/adcelectronique.com\/index.php\/shop\/"},{"@type":"ListItem","position":3,"name":"KIT RC522 RFID"}]},{"@type":"WebSite","@id":"https:\/\/adcelectronique.com\/#website","url":"https:\/\/adcelectronique.com\/","name":"ADC Electronique","description":"","potentialAction":[{"@type":"SearchAction","target":{"@type":"EntryPoint","urlTemplate":"https:\/\/adcelectronique.com\/?s={search_term_string}"},"query-input":{"@type":"PropertyValueSpecification","valueRequired":true,"valueName":"search_term_string"}}],"inLanguage":"fr-FR"}]}},"_links":{"self":[{"href":"https:\/\/adcelectronique.com\/index.php\/wp-json\/wp\/v2\/product\/10802","targetHints":{"allow":["GET"]}}],"collection":[{"href":"https:\/\/adcelectronique.com\/index.php\/wp-json\/wp\/v2\/product"}],"about":[{"href":"https:\/\/adcelectronique.com\/index.php\/wp-json\/wp\/v2\/types\/product"}],"replies":[{"embeddable":true,"href":"https:\/\/adcelectronique.com\/index.php\/wp-json\/wp\/v2\/comments?post=10802"}],"version-history":[{"count":0,"href":"https:\/\/adcelectronique.com\/index.php\/wp-json\/wp\/v2\/product\/10802\/revisions"}],"wp:featuredmedia":[{"embeddable":true,"href":"https:\/\/adcelectronique.com\/index.php\/wp-json\/wp\/v2\/media\/10803"}],"wp:attachment":[{"href":"https:\/\/adcelectronique.com\/index.php\/wp-json\/wp\/v2\/media?parent=10802"}],"wp:term":[{"taxonomy":"product_brand","embeddable":true,"href":"https:\/\/adcelectronique.com\/index.php\/wp-json\/wp\/v2\/product_brand?post=10802"},{"taxonomy":"product_cat","embeddable":true,"href":"https:\/\/adcelectronique.com\/index.php\/wp-json\/wp\/v2\/product_cat?post=10802"},{"taxonomy":"product_tag","embeddable":true,"href":"https:\/\/adcelectronique.com\/index.php\/wp-json\/wp\/v2\/product_tag?post=10802"}],"curies":[{"name":"wp","href":"https:\/\/api.w.org\/{rel}","templated":true}]}}