{"id":10811,"date":"2026-02-10T10:20:25","date_gmt":"2026-02-10T10:20:25","guid":{"rendered":"https:\/\/adcelectronique.com\/?post_type=product&#038;p=10811"},"modified":"2026-02-10T10:20:26","modified_gmt":"2026-02-10T10:20:26","slug":"module-amplificateur-audio-bluetooth-ct14","status":"publish","type":"product","link":"https:\/\/adcelectronique.com\/index.php\/product\/module-amplificateur-audio-bluetooth-ct14\/","title":{"rendered":"Module Amplificateur Audio Bluetooth CT14"},"content":{"rendered":"<h3>\u00a0 \u00a0 \u00a0 \u00a0 \u00a0 \u00a0 \u00a0 \u00a0 \u00a0 \u00a0 \u00a0 \u00a0 \u00a0 \u00a0Module Amplificateur Audio Bluetooth CT14<\/h3>\n<p>C&rsquo;est un <strong data-start=\"288\" data-end=\"345\">amplificateur audio sans fil Bluetooth (version ~4.2)<\/strong> avec amplification st\u00e9r\u00e9o, souvent appel\u00e9 <strong data-start=\"388\" data-end=\"434\">CT14 5W+5W Bluetooth Power Amplifier Board<\/strong>.<\/p>\n<p data-start=\"517\" data-end=\"556\">\ud83d\udccc <strong data-start=\"520\" data-end=\"552\">Caract\u00e9ristiques principales<\/strong> :<\/p>\n<ul data-start=\"557\" data-end=\"1191\">\n<li data-start=\"557\" data-end=\"667\">\n<p data-start=\"559\" data-end=\"667\">\ud83d\udcf6 <strong data-start=\"562\" data-end=\"590\">Bluetooth int\u00e9gr\u00e9 (\u22484.2)<\/strong> pour recevoir la musique sans c\u00e2ble.<\/p>\n<\/li>\n<li data-start=\"668\" data-end=\"774\">\n<p data-start=\"670\" data-end=\"774\">\ud83d\udd0a <strong data-start=\"673\" data-end=\"698\">Sortie st\u00e9r\u00e9o 5W + 5W<\/strong> (deux canaux) pour 2 haut\u2011parleurs.<\/p>\n<\/li>\n<li data-start=\"775\" data-end=\"905\">\n<p data-start=\"777\" data-end=\"905\">\ud83d\udd0c <strong data-start=\"780\" data-end=\"805\">Alimentation : 5\u202fV DC<\/strong> via micro\u2011USB ou batterie 3,7\u202fV\u202f\u2013\u202f5\u202fV (5\u202fV\/2\u202fA recommand\u00e9).<\/p>\n<\/li>\n<li data-start=\"906\" data-end=\"1041\">\n<p data-start=\"908\" data-end=\"1041\">\ud83c\udfb5 <strong data-start=\"911\" data-end=\"971\">Compatibilit\u00e9 avec une large gamme d\u2019appareils Bluetooth<\/strong> (smartphone, tablette, etc.).<\/p>\n<\/li>\n<li data-start=\"1042\" data-end=\"1191\">\n<p data-start=\"1044\" data-end=\"1191\">\ud83d\udccf Format tr\u00e8s <strong data-start=\"1059\" data-end=\"1084\">compact (\u224840\u202f\u00d7\u202f20\u202fmm)<\/strong>, id\u00e9al pour int\u00e9grer dans des enceintes DIY ou petits projets audio.<\/p>\n<\/li>\n<\/ul>\n","protected":false},"excerpt":{"rendered":"<p>C&rsquo;est un <strong data-start=\"288\" data-end=\"345\">amplificateur audio sans fil Bluetooth (version ~4.2)<\/strong> avec amplification st\u00e9r\u00e9o, souvent appel\u00e9 <strong data-start=\"388\" data-end=\"434\">CT14 5W+5W Bluetooth Power Amplifier Board<\/strong>.<\/p>\n","protected":false},"featured_media":10814,"comment_status":"open","ping_status":"closed","template":"","meta":[],"product_brand":[144],"product_cat":[31],"product_tag":[],"class_list":{"0":"post-10811","1":"product","2":"type-product","3":"status-publish","4":"has-post-thumbnail","6":"product_brand-arduino","7":"product_cat-cartes-microcontroleurs","9":"first","10":"instock","11":"shipping-taxable","12":"purchasable","13":"product-type-simple"},"yoast_head":"<!-- This site is optimized with the Yoast SEO Premium plugin v26.2 (Yoast SEO v26.2) - https:\/\/yoast.com\/wordpress\/plugins\/seo\/ -->\n<title>Module Amplificateur Audio Bluetooth CT14 - ADC Electronique<\/title>\n<meta name=\"description\" content=\"C&#039;est un amplificateur audio sans fil Bluetooth (version ~4.2) avec amplification st\u00e9r\u00e9o, souvent appel\u00e9 CT14 5W+5W Bluetooth Power Amplifier Board.\" \/>\n<meta name=\"robots\" content=\"index, follow, max-snippet:-1, max-image-preview:large, max-video-preview:-1\" \/>\n<link rel=\"canonical\" href=\"https:\/\/adcelectronique.com\/index.php\/product\/module-amplificateur-audio-bluetooth-ct14\/\" \/>\n<meta property=\"og:locale\" content=\"fr_FR\" \/>\n<meta property=\"og:type\" content=\"article\" \/>\n<meta property=\"og:title\" content=\"Module Amplificateur Audio Bluetooth CT14\" \/>\n<meta property=\"og:description\" content=\"C&#039;est un amplificateur audio sans fil Bluetooth (version ~4.2) avec amplification st\u00e9r\u00e9o, souvent appel\u00e9 CT14 5W+5W Bluetooth Power Amplifier Board.\" \/>\n<meta property=\"og:url\" content=\"https:\/\/adcelectronique.com\/index.php\/product\/module-amplificateur-audio-bluetooth-ct14\/\" \/>\n<meta property=\"og:site_name\" content=\"ADC Electronique\" \/>\n<meta property=\"article:modified_time\" content=\"2026-02-10T10:20:26+00:00\" \/>\n<meta property=\"og:image\" content=\"https:\/\/adcelectronique.com\/wp-content\/uploads\/2026\/02\/ampli.png\" \/>\n\t<meta property=\"og:image:width\" content=\"1000\" \/>\n\t<meta property=\"og:image:height\" content=\"1000\" \/>\n\t<meta property=\"og:image:type\" content=\"image\/png\" \/>\n<meta name=\"twitter:card\" content=\"summary_large_image\" \/>\n<meta name=\"twitter:label1\" content=\"Dur\u00e9e de lecture estim\u00e9e\" \/>\n\t<meta name=\"twitter:data1\" content=\"1 minute\" \/>\n<script type=\"application\/ld+json\" class=\"yoast-schema-graph\">{\"@context\":\"https:\/\/schema.org\",\"@graph\":[{\"@type\":\"WebPage\",\"@id\":\"https:\/\/adcelectronique.com\/index.php\/product\/module-amplificateur-audio-bluetooth-ct14\/\",\"url\":\"https:\/\/adcelectronique.com\/index.php\/product\/module-amplificateur-audio-bluetooth-ct14\/\",\"name\":\"Module Amplificateur Audio Bluetooth CT14 - ADC Electronique\",\"isPartOf\":{\"@id\":\"https:\/\/adcelectronique.com\/#website\"},\"primaryImageOfPage\":{\"@id\":\"https:\/\/adcelectronique.com\/index.php\/product\/module-amplificateur-audio-bluetooth-ct14\/#primaryimage\"},\"image\":{\"@id\":\"https:\/\/adcelectronique.com\/index.php\/product\/module-amplificateur-audio-bluetooth-ct14\/#primaryimage\"},\"thumbnailUrl\":\"https:\/\/adcelectronique.com\/wp-content\/uploads\/2026\/02\/ampli.png\",\"datePublished\":\"2026-02-10T10:20:25+00:00\",\"dateModified\":\"2026-02-10T10:20:26+00:00\",\"description\":\"C'est un amplificateur audio sans fil Bluetooth (version ~4.2) avec amplification st\u00e9r\u00e9o, souvent appel\u00e9 CT14 5W+5W Bluetooth Power Amplifier Board.\",\"breadcrumb\":{\"@id\":\"https:\/\/adcelectronique.com\/index.php\/product\/module-amplificateur-audio-bluetooth-ct14\/#breadcrumb\"},\"inLanguage\":\"fr-FR\",\"potentialAction\":[{\"@type\":\"ReadAction\",\"target\":[\"https:\/\/adcelectronique.com\/index.php\/product\/module-amplificateur-audio-bluetooth-ct14\/\"]}]},{\"@type\":\"ImageObject\",\"inLanguage\":\"fr-FR\",\"@id\":\"https:\/\/adcelectronique.com\/index.php\/product\/module-amplificateur-audio-bluetooth-ct14\/#primaryimage\",\"url\":\"https:\/\/adcelectronique.com\/wp-content\/uploads\/2026\/02\/ampli.png\",\"contentUrl\":\"https:\/\/adcelectronique.com\/wp-content\/uploads\/2026\/02\/ampli.png\",\"width\":1000,\"height\":1000},{\"@type\":\"BreadcrumbList\",\"@id\":\"https:\/\/adcelectronique.com\/index.php\/product\/module-amplificateur-audio-bluetooth-ct14\/#breadcrumb\",\"itemListElement\":[{\"@type\":\"ListItem\",\"position\":1,\"name\":\"Home\",\"item\":\"https:\/\/adcelectronique.com\/\"},{\"@type\":\"ListItem\",\"position\":2,\"name\":\"Shop\",\"item\":\"https:\/\/adcelectronique.com\/index.php\/shop\/\"},{\"@type\":\"ListItem\",\"position\":3,\"name\":\"Module Amplificateur Audio Bluetooth CT14\"}]},{\"@type\":\"WebSite\",\"@id\":\"https:\/\/adcelectronique.com\/#website\",\"url\":\"https:\/\/adcelectronique.com\/\",\"name\":\"ADC Electronique\",\"description\":\"\",\"potentialAction\":[{\"@type\":\"SearchAction\",\"target\":{\"@type\":\"EntryPoint\",\"urlTemplate\":\"https:\/\/adcelectronique.com\/?s={search_term_string}\"},\"query-input\":{\"@type\":\"PropertyValueSpecification\",\"valueRequired\":true,\"valueName\":\"search_term_string\"}}],\"inLanguage\":\"fr-FR\"}]}<\/script>\n<!-- \/ Yoast SEO Premium plugin. -->","yoast_head_json":{"title":"Module Amplificateur Audio Bluetooth CT14 - ADC Electronique","description":"C'est un amplificateur audio sans fil Bluetooth (version ~4.2) avec amplification st\u00e9r\u00e9o, souvent appel\u00e9 CT14 5W+5W Bluetooth Power Amplifier Board.","robots":{"index":"index","follow":"follow","max-snippet":"max-snippet:-1","max-image-preview":"max-image-preview:large","max-video-preview":"max-video-preview:-1"},"canonical":"https:\/\/adcelectronique.com\/index.php\/product\/module-amplificateur-audio-bluetooth-ct14\/","og_locale":"fr_FR","og_type":"article","og_title":"Module Amplificateur Audio Bluetooth CT14","og_description":"C'est un amplificateur audio sans fil Bluetooth (version ~4.2) avec amplification st\u00e9r\u00e9o, souvent appel\u00e9 CT14 5W+5W Bluetooth Power Amplifier Board.","og_url":"https:\/\/adcelectronique.com\/index.php\/product\/module-amplificateur-audio-bluetooth-ct14\/","og_site_name":"ADC Electronique","article_modified_time":"2026-02-10T10:20:26+00:00","og_image":[{"width":1000,"height":1000,"url":"https:\/\/adcelectronique.com\/wp-content\/uploads\/2026\/02\/ampli.png","type":"image\/png"}],"twitter_card":"summary_large_image","twitter_misc":{"Dur\u00e9e de lecture estim\u00e9e":"1 minute"},"schema":{"@context":"https:\/\/schema.org","@graph":[{"@type":"WebPage","@id":"https:\/\/adcelectronique.com\/index.php\/product\/module-amplificateur-audio-bluetooth-ct14\/","url":"https:\/\/adcelectronique.com\/index.php\/product\/module-amplificateur-audio-bluetooth-ct14\/","name":"Module Amplificateur Audio Bluetooth CT14 - ADC Electronique","isPartOf":{"@id":"https:\/\/adcelectronique.com\/#website"},"primaryImageOfPage":{"@id":"https:\/\/adcelectronique.com\/index.php\/product\/module-amplificateur-audio-bluetooth-ct14\/#primaryimage"},"image":{"@id":"https:\/\/adcelectronique.com\/index.php\/product\/module-amplificateur-audio-bluetooth-ct14\/#primaryimage"},"thumbnailUrl":"https:\/\/adcelectronique.com\/wp-content\/uploads\/2026\/02\/ampli.png","datePublished":"2026-02-10T10:20:25+00:00","dateModified":"2026-02-10T10:20:26+00:00","description":"C'est un amplificateur audio sans fil Bluetooth (version ~4.2) avec amplification st\u00e9r\u00e9o, souvent appel\u00e9 CT14 5W+5W Bluetooth Power Amplifier Board.","breadcrumb":{"@id":"https:\/\/adcelectronique.com\/index.php\/product\/module-amplificateur-audio-bluetooth-ct14\/#breadcrumb"},"inLanguage":"fr-FR","potentialAction":[{"@type":"ReadAction","target":["https:\/\/adcelectronique.com\/index.php\/product\/module-amplificateur-audio-bluetooth-ct14\/"]}]},{"@type":"ImageObject","inLanguage":"fr-FR","@id":"https:\/\/adcelectronique.com\/index.php\/product\/module-amplificateur-audio-bluetooth-ct14\/#primaryimage","url":"https:\/\/adcelectronique.com\/wp-content\/uploads\/2026\/02\/ampli.png","contentUrl":"https:\/\/adcelectronique.com\/wp-content\/uploads\/2026\/02\/ampli.png","width":1000,"height":1000},{"@type":"BreadcrumbList","@id":"https:\/\/adcelectronique.com\/index.php\/product\/module-amplificateur-audio-bluetooth-ct14\/#breadcrumb","itemListElement":[{"@type":"ListItem","position":1,"name":"Home","item":"https:\/\/adcelectronique.com\/"},{"@type":"ListItem","position":2,"name":"Shop","item":"https:\/\/adcelectronique.com\/index.php\/shop\/"},{"@type":"ListItem","position":3,"name":"Module Amplificateur Audio Bluetooth CT14"}]},{"@type":"WebSite","@id":"https:\/\/adcelectronique.com\/#website","url":"https:\/\/adcelectronique.com\/","name":"ADC Electronique","description":"","potentialAction":[{"@type":"SearchAction","target":{"@type":"EntryPoint","urlTemplate":"https:\/\/adcelectronique.com\/?s={search_term_string}"},"query-input":{"@type":"PropertyValueSpecification","valueRequired":true,"valueName":"search_term_string"}}],"inLanguage":"fr-FR"}]}},"_links":{"self":[{"href":"https:\/\/adcelectronique.com\/index.php\/wp-json\/wp\/v2\/product\/10811","targetHints":{"allow":["GET"]}}],"collection":[{"href":"https:\/\/adcelectronique.com\/index.php\/wp-json\/wp\/v2\/product"}],"about":[{"href":"https:\/\/adcelectronique.com\/index.php\/wp-json\/wp\/v2\/types\/product"}],"replies":[{"embeddable":true,"href":"https:\/\/adcelectronique.com\/index.php\/wp-json\/wp\/v2\/comments?post=10811"}],"version-history":[{"count":0,"href":"https:\/\/adcelectronique.com\/index.php\/wp-json\/wp\/v2\/product\/10811\/revisions"}],"wp:featuredmedia":[{"embeddable":true,"href":"https:\/\/adcelectronique.com\/index.php\/wp-json\/wp\/v2\/media\/10814"}],"wp:attachment":[{"href":"https:\/\/adcelectronique.com\/index.php\/wp-json\/wp\/v2\/media?parent=10811"}],"wp:term":[{"taxonomy":"product_brand","embeddable":true,"href":"https:\/\/adcelectronique.com\/index.php\/wp-json\/wp\/v2\/product_brand?post=10811"},{"taxonomy":"product_cat","embeddable":true,"href":"https:\/\/adcelectronique.com\/index.php\/wp-json\/wp\/v2\/product_cat?post=10811"},{"taxonomy":"product_tag","embeddable":true,"href":"https:\/\/adcelectronique.com\/index.php\/wp-json\/wp\/v2\/product_tag?post=10811"}],"curies":[{"name":"wp","href":"https:\/\/api.w.org\/{rel}","templated":true}]}}