{"id":10836,"date":"2026-03-04T08:41:15","date_gmt":"2026-03-04T08:41:15","guid":{"rendered":"https:\/\/adcelectronique.com\/?post_type=product&#038;p=10836"},"modified":"2026-03-04T08:41:17","modified_gmt":"2026-03-04T08:41:17","slug":"module-gyroscope-mpu6050","status":"publish","type":"product","link":"https:\/\/adcelectronique.com\/index.php\/product\/module-gyroscope-mpu6050\/","title":{"rendered":"MODULE GYROSCOPE MPU6050"},"content":{"rendered":"<h4>\u00a0 \u00a0 \u00a0 \u00a0 \u00a0 \u00a0 \u00a0 \u00a0 \u00a0 \u00a0 \u00a0 \u00a0 \u00a0 \u00a0 \u00a0 \u00a0 \u00a0 \u00a0 \u00a0 \u00a0 \u00a0 \u00a0 \u00a0 \u00a0 \u00a0 \u00a0 \u00a0 \u00a0 \u00a0 \u00a0 \u00a0 MODULE GYROSCOPE MPU6050<\/h4>\n<p><span style=\"color: #000000\"><strong><u>DESCRIPTION<\/u><\/strong><\/span><\/p>\n<p>est un capteur \u00e9lectronique utilis\u00e9 pour mesurer <strong data-start=\"93\" data-end=\"124\">le mouvement et la rotation<\/strong>. Il est tr\u00e8s utilis\u00e9 avec les cartes Arduino.<\/p>\n<p data-start=\"212\" data-end=\"243\">C\u2019est un capteur qui contient :<\/p>\n<ul data-start=\"245\" data-end=\"398\">\n<li data-start=\"245\" data-end=\"314\">\n<p data-start=\"247\" data-end=\"314\">\u2705 <strong data-start=\"249\" data-end=\"265\">Un gyroscope<\/strong> \u2192 mesure la vitesse de rotation (axes X, Y, Z)<\/p>\n<\/li>\n<li data-start=\"315\" data-end=\"398\">\n<p data-start=\"317\" data-end=\"398\">\u2705 <strong data-start=\"319\" data-end=\"339\">Un acc\u00e9l\u00e9rom\u00e8tre<\/strong> \u2192 mesure l\u2019acc\u00e9l\u00e9ration, l\u2019inclinaison et les vibrations<\/p>\n<\/li>\n<\/ul>\n<h3 data-start=\"517\" data-end=\"552\">Caract\u00e9ristiques principales<\/h3>\n<ul data-start=\"554\" data-end=\"683\">\n<li data-start=\"554\" data-end=\"596\">\n<p data-start=\"556\" data-end=\"596\">Tension d\u2019alimentation : <strong data-start=\"581\" data-end=\"594\">3.3V \u00e0 5V<\/strong><\/p>\n<\/li>\n<li data-start=\"597\" data-end=\"624\">\n<p data-start=\"599\" data-end=\"624\">Communication : <strong data-start=\"615\" data-end=\"622\">I2C<\/strong><\/p>\n<\/li>\n<li data-start=\"625\" data-end=\"644\">\n<p data-start=\"627\" data-end=\"644\">Haute pr\u00e9cision<\/p>\n<\/li>\n<li data-start=\"645\" data-end=\"683\">\n<p data-start=\"647\" data-end=\"683\">Petite taille et facile \u00e0 utiliser<\/p>\n<\/li>\n<\/ul>\n","protected":false},"excerpt":{"rendered":"<p><span style=\"color: #000000\"><strong><u>DESCRIPTION<\/u><\/strong><\/span><\/p>\n<p>est un capteur \u00e9lectronique utilis\u00e9 pour mesurer <strong data-start=\"93\" data-end=\"124\">le mouvement et la rotation<\/strong>. Il est tr\u00e8s utilis\u00e9 avec les cartes Arduino.<\/p>\n<p data-start=\"212\" data-end=\"243\">C\u2019est un capteur qui contient :<\/p>\n<ul data-start=\"245\" data-end=\"398\">\n<li data-start=\"245\" data-end=\"314\">\n<p data-start=\"247\" data-end=\"314\">\u2705 <strong data-start=\"249\" data-end=\"265\">Un gyroscope<\/strong> \u2192 mesure la vitesse de rotation (axes X, Y, Z)<\/p>\n<\/li>\n<li data-start=\"315\" data-end=\"398\">\n<p data-start=\"317\" data-end=\"398\">\u2705 <strong data-start=\"319\" data-end=\"339\">Un acc\u00e9l\u00e9rom\u00e8tre<\/strong> \u2192 mesure l\u2019acc\u00e9l\u00e9ration, l\u2019inclinaison et les vibrations<\/p>\n<\/li>\n<\/ul>\n<h3 data-start=\"517\" data-end=\"552\"><\/h3>\n","protected":false},"featured_media":10837,"comment_status":"open","ping_status":"closed","template":"","meta":[],"product_brand":[144],"product_cat":[31],"product_tag":[],"class_list":{"0":"post-10836","1":"product","2":"type-product","3":"status-publish","4":"has-post-thumbnail","6":"product_brand-arduino","7":"product_cat-cartes-microcontroleurs","9":"first","10":"instock","11":"shipping-taxable","12":"purchasable","13":"product-type-simple"},"yoast_head":"<!-- This site is optimized with the Yoast SEO Premium plugin v26.2 (Yoast SEO v26.2) - https:\/\/yoast.com\/wordpress\/plugins\/seo\/ -->\n<title>MODULE GYROSCOPE MPU6050 - ADC Electronique<\/title>\n<meta name=\"robots\" content=\"index, follow, max-snippet:-1, max-image-preview:large, max-video-preview:-1\" \/>\n<link rel=\"canonical\" href=\"https:\/\/adcelectronique.com\/index.php\/product\/module-gyroscope-mpu6050\/\" \/>\n<meta property=\"og:locale\" content=\"fr_FR\" \/>\n<meta property=\"og:type\" content=\"article\" \/>\n<meta property=\"og:title\" content=\"MODULE GYROSCOPE MPU6050\" \/>\n<meta property=\"og:description\" content=\"DESCRIPTION  est un capteur \u00e9lectronique utilis\u00e9 pour mesurer le mouvement et la rotation. Il est tr\u00e8s utilis\u00e9 avec les cartes Arduino. C\u2019est un capteur qui contient :     \u2705 Un gyroscope \u2192 mesure la vitesse de rotation (axes X, Y, Z)    \u2705 Un acc\u00e9l\u00e9rom\u00e8tre \u2192 mesure l\u2019acc\u00e9l\u00e9ration, l\u2019inclinaison et les vibrations\" \/>\n<meta property=\"og:url\" content=\"https:\/\/adcelectronique.com\/index.php\/product\/module-gyroscope-mpu6050\/\" \/>\n<meta property=\"og:site_name\" content=\"ADC Electronique\" \/>\n<meta property=\"article:modified_time\" content=\"2026-03-04T08:41:17+00:00\" \/>\n<meta property=\"og:image\" content=\"https:\/\/adcelectronique.com\/wp-content\/uploads\/2026\/03\/MPU6050-Module.jpg\" \/>\n\t<meta property=\"og:image:width\" content=\"701\" \/>\n\t<meta property=\"og:image:height\" content=\"600\" \/>\n\t<meta property=\"og:image:type\" content=\"image\/jpeg\" \/>\n<meta name=\"twitter:card\" content=\"summary_large_image\" \/>\n<meta name=\"twitter:label1\" content=\"Dur\u00e9e de lecture estim\u00e9e\" \/>\n\t<meta name=\"twitter:data1\" content=\"1 minute\" \/>\n<script type=\"application\/ld+json\" class=\"yoast-schema-graph\">{\"@context\":\"https:\/\/schema.org\",\"@graph\":[{\"@type\":\"WebPage\",\"@id\":\"https:\/\/adcelectronique.com\/index.php\/product\/module-gyroscope-mpu6050\/\",\"url\":\"https:\/\/adcelectronique.com\/index.php\/product\/module-gyroscope-mpu6050\/\",\"name\":\"MODULE GYROSCOPE MPU6050 - ADC Electronique\",\"isPartOf\":{\"@id\":\"https:\/\/adcelectronique.com\/#website\"},\"primaryImageOfPage\":{\"@id\":\"https:\/\/adcelectronique.com\/index.php\/product\/module-gyroscope-mpu6050\/#primaryimage\"},\"image\":{\"@id\":\"https:\/\/adcelectronique.com\/index.php\/product\/module-gyroscope-mpu6050\/#primaryimage\"},\"thumbnailUrl\":\"https:\/\/adcelectronique.com\/wp-content\/uploads\/2026\/03\/MPU6050-Module.jpg\",\"datePublished\":\"2026-03-04T08:41:15+00:00\",\"dateModified\":\"2026-03-04T08:41:17+00:00\",\"breadcrumb\":{\"@id\":\"https:\/\/adcelectronique.com\/index.php\/product\/module-gyroscope-mpu6050\/#breadcrumb\"},\"inLanguage\":\"fr-FR\",\"potentialAction\":[{\"@type\":\"ReadAction\",\"target\":[\"https:\/\/adcelectronique.com\/index.php\/product\/module-gyroscope-mpu6050\/\"]}]},{\"@type\":\"ImageObject\",\"inLanguage\":\"fr-FR\",\"@id\":\"https:\/\/adcelectronique.com\/index.php\/product\/module-gyroscope-mpu6050\/#primaryimage\",\"url\":\"https:\/\/adcelectronique.com\/wp-content\/uploads\/2026\/03\/MPU6050-Module.jpg\",\"contentUrl\":\"https:\/\/adcelectronique.com\/wp-content\/uploads\/2026\/03\/MPU6050-Module.jpg\",\"width\":701,\"height\":600},{\"@type\":\"BreadcrumbList\",\"@id\":\"https:\/\/adcelectronique.com\/index.php\/product\/module-gyroscope-mpu6050\/#breadcrumb\",\"itemListElement\":[{\"@type\":\"ListItem\",\"position\":1,\"name\":\"Home\",\"item\":\"https:\/\/adcelectronique.com\/\"},{\"@type\":\"ListItem\",\"position\":2,\"name\":\"Shop\",\"item\":\"https:\/\/adcelectronique.com\/index.php\/shop\/\"},{\"@type\":\"ListItem\",\"position\":3,\"name\":\"MODULE GYROSCOPE MPU6050\"}]},{\"@type\":\"WebSite\",\"@id\":\"https:\/\/adcelectronique.com\/#website\",\"url\":\"https:\/\/adcelectronique.com\/\",\"name\":\"ADC Electronique\",\"description\":\"\",\"potentialAction\":[{\"@type\":\"SearchAction\",\"target\":{\"@type\":\"EntryPoint\",\"urlTemplate\":\"https:\/\/adcelectronique.com\/?s={search_term_string}\"},\"query-input\":{\"@type\":\"PropertyValueSpecification\",\"valueRequired\":true,\"valueName\":\"search_term_string\"}}],\"inLanguage\":\"fr-FR\"}]}<\/script>\n<!-- \/ Yoast SEO Premium plugin. -->","yoast_head_json":{"title":"MODULE GYROSCOPE MPU6050 - ADC Electronique","robots":{"index":"index","follow":"follow","max-snippet":"max-snippet:-1","max-image-preview":"max-image-preview:large","max-video-preview":"max-video-preview:-1"},"canonical":"https:\/\/adcelectronique.com\/index.php\/product\/module-gyroscope-mpu6050\/","og_locale":"fr_FR","og_type":"article","og_title":"MODULE GYROSCOPE MPU6050","og_description":"DESCRIPTION  est un capteur \u00e9lectronique utilis\u00e9 pour mesurer le mouvement et la rotation. Il est tr\u00e8s utilis\u00e9 avec les cartes Arduino. C\u2019est un capteur qui contient :     \u2705 Un gyroscope \u2192 mesure la vitesse de rotation (axes X, Y, Z)    \u2705 Un acc\u00e9l\u00e9rom\u00e8tre \u2192 mesure l\u2019acc\u00e9l\u00e9ration, l\u2019inclinaison et les vibrations","og_url":"https:\/\/adcelectronique.com\/index.php\/product\/module-gyroscope-mpu6050\/","og_site_name":"ADC Electronique","article_modified_time":"2026-03-04T08:41:17+00:00","og_image":[{"width":701,"height":600,"url":"https:\/\/adcelectronique.com\/wp-content\/uploads\/2026\/03\/MPU6050-Module.jpg","type":"image\/jpeg"}],"twitter_card":"summary_large_image","twitter_misc":{"Dur\u00e9e de lecture estim\u00e9e":"1 minute"},"schema":{"@context":"https:\/\/schema.org","@graph":[{"@type":"WebPage","@id":"https:\/\/adcelectronique.com\/index.php\/product\/module-gyroscope-mpu6050\/","url":"https:\/\/adcelectronique.com\/index.php\/product\/module-gyroscope-mpu6050\/","name":"MODULE GYROSCOPE MPU6050 - ADC Electronique","isPartOf":{"@id":"https:\/\/adcelectronique.com\/#website"},"primaryImageOfPage":{"@id":"https:\/\/adcelectronique.com\/index.php\/product\/module-gyroscope-mpu6050\/#primaryimage"},"image":{"@id":"https:\/\/adcelectronique.com\/index.php\/product\/module-gyroscope-mpu6050\/#primaryimage"},"thumbnailUrl":"https:\/\/adcelectronique.com\/wp-content\/uploads\/2026\/03\/MPU6050-Module.jpg","datePublished":"2026-03-04T08:41:15+00:00","dateModified":"2026-03-04T08:41:17+00:00","breadcrumb":{"@id":"https:\/\/adcelectronique.com\/index.php\/product\/module-gyroscope-mpu6050\/#breadcrumb"},"inLanguage":"fr-FR","potentialAction":[{"@type":"ReadAction","target":["https:\/\/adcelectronique.com\/index.php\/product\/module-gyroscope-mpu6050\/"]}]},{"@type":"ImageObject","inLanguage":"fr-FR","@id":"https:\/\/adcelectronique.com\/index.php\/product\/module-gyroscope-mpu6050\/#primaryimage","url":"https:\/\/adcelectronique.com\/wp-content\/uploads\/2026\/03\/MPU6050-Module.jpg","contentUrl":"https:\/\/adcelectronique.com\/wp-content\/uploads\/2026\/03\/MPU6050-Module.jpg","width":701,"height":600},{"@type":"BreadcrumbList","@id":"https:\/\/adcelectronique.com\/index.php\/product\/module-gyroscope-mpu6050\/#breadcrumb","itemListElement":[{"@type":"ListItem","position":1,"name":"Home","item":"https:\/\/adcelectronique.com\/"},{"@type":"ListItem","position":2,"name":"Shop","item":"https:\/\/adcelectronique.com\/index.php\/shop\/"},{"@type":"ListItem","position":3,"name":"MODULE GYROSCOPE MPU6050"}]},{"@type":"WebSite","@id":"https:\/\/adcelectronique.com\/#website","url":"https:\/\/adcelectronique.com\/","name":"ADC Electronique","description":"","potentialAction":[{"@type":"SearchAction","target":{"@type":"EntryPoint","urlTemplate":"https:\/\/adcelectronique.com\/?s={search_term_string}"},"query-input":{"@type":"PropertyValueSpecification","valueRequired":true,"valueName":"search_term_string"}}],"inLanguage":"fr-FR"}]}},"_links":{"self":[{"href":"https:\/\/adcelectronique.com\/index.php\/wp-json\/wp\/v2\/product\/10836","targetHints":{"allow":["GET"]}}],"collection":[{"href":"https:\/\/adcelectronique.com\/index.php\/wp-json\/wp\/v2\/product"}],"about":[{"href":"https:\/\/adcelectronique.com\/index.php\/wp-json\/wp\/v2\/types\/product"}],"replies":[{"embeddable":true,"href":"https:\/\/adcelectronique.com\/index.php\/wp-json\/wp\/v2\/comments?post=10836"}],"version-history":[{"count":0,"href":"https:\/\/adcelectronique.com\/index.php\/wp-json\/wp\/v2\/product\/10836\/revisions"}],"wp:featuredmedia":[{"embeddable":true,"href":"https:\/\/adcelectronique.com\/index.php\/wp-json\/wp\/v2\/media\/10837"}],"wp:attachment":[{"href":"https:\/\/adcelectronique.com\/index.php\/wp-json\/wp\/v2\/media?parent=10836"}],"wp:term":[{"taxonomy":"product_brand","embeddable":true,"href":"https:\/\/adcelectronique.com\/index.php\/wp-json\/wp\/v2\/product_brand?post=10836"},{"taxonomy":"product_cat","embeddable":true,"href":"https:\/\/adcelectronique.com\/index.php\/wp-json\/wp\/v2\/product_cat?post=10836"},{"taxonomy":"product_tag","embeddable":true,"href":"https:\/\/adcelectronique.com\/index.php\/wp-json\/wp\/v2\/product_tag?post=10836"}],"curies":[{"name":"wp","href":"https:\/\/api.w.org\/{rel}","templated":true}]}}